{"id":3596,"date":"2022-10-26T22:09:48","date_gmt":"2022-10-26T22:09:48","guid":{"rendered":"https:\/\/comparemyjet.com\/?page_id=3596"},"modified":"2025-09-04T10:03:18","modified_gmt":"2025-09-04T10:03:18","slug":"velocity-jets","status":"publish","type":"page","link":"https:\/\/comparemyjet.com\/nl\/velocity-jets\/","title":{"rendered":"Velocity Jets Vluchtprijzen"},"content":{"rendered":"<p>Priv\u00e9jet-lidmaatschap, vliegtuigverkoop en -beheer en internationale vliegtuigcharter met de nadruk op enkele reizen zijn slechts enkele van de diensten die Velocity Jets aanbiedt. Dit internationale charterbedrijf garandeert eersteklas hulp van deskundige professionals in de luchtvaartsector die aan alle specifieke eisen zullen voldoen.<\/p>\r\n\r\n\r\n\r\n<p>Laten we meer in detail treden over wat het bedrijf aanbiedt.&nbsp;<\/p>\r\n\r\n\r\n\r\n<div id=\"ez-toc-container\" class=\"ez-toc-v2_0_76 counter-hierarchy ez-toc-counter ez-toc-grey ez-toc-container-direction\">\n<p class=\"ez-toc-title\" style=\"cursor:inherit\">Onderwerpen<\/p>\n<label for=\"ez-toc-cssicon-toggle-item-69f5a977ac183\" class=\"ez-toc-cssicon-toggle-label\"><span class=\"\"><span class=\"eztoc-hide\" style=\"display:none;\">Schakel<\/span><span class=\"ez-toc-icon-toggle-span\"><svg style=\"fill: #999;color:#999\" xmlns=\"http:\/\/www.w3.org\/2000\/svg\" class=\"list-377408\" width=\"20px\" height=\"20px\" viewbox=\"0 0 24 24\" fill=\"none\"><path d=\"M6 6H4v2h2V6zm14 0H8v2h12V6zM4 11h2v2H4v-2zm16 0H8v2h12v-2zM4 16h2v2H4v-2zm16 0H8v2h12v-2z\" fill=\"currentColor\"><\/path><\/svg><svg style=\"fill: #999;color:#999\" class=\"arrow-unsorted-368013\" xmlns=\"http:\/\/www.w3.org\/2000\/svg\" width=\"10px\" height=\"10px\" viewbox=\"0 0 24 24\" version=\"1.2\" baseprofile=\"tiny\"><path d=\"M18.2 9.3l-6.2-6.3-6.2 6.3c-.2.2-.3.4-.3.7s.1.5.3.7c.2.2.4.3.7.3h11c.3 0 .5-.1.7-.3.2-.2.3-.5.3-.7s-.1-.5-.3-.7zM5.8 14.7l6.2 6.3 6.2-6.3c.2-.2.3-.5.3-.7s-.1-.5-.3-.7c-.2-.2-.4-.3-.7-.3h-11c-.3 0-.5.1-.7.3-.2.2-.3.5-.3.7s.1.5.3.7z\"\/><\/svg><\/span><\/span><\/label><input type=\"checkbox\"  id=\"ez-toc-cssicon-toggle-item-69f5a977ac183\" checked aria-label=\"Schakel\" \/><nav><ul class='ez-toc-list ez-toc-list-level-1' ><li class='ez-toc-page-1 ez-toc-heading-level-2'><a class=\"ez-toc-link ez-toc-heading-1\" href=\"https:\/\/comparemyjet.com\/nl\/velocity-jets\/#About_the_Company\" >Over de Vennootschap<\/a><\/li><li class='ez-toc-page-1 ez-toc-heading-level-2'><a class=\"ez-toc-link ez-toc-heading-2\" href=\"https:\/\/comparemyjet.com\/nl\/velocity-jets\/#Company_Card_Program\" >Bedrijfskaart Programma<\/a><\/li><li class='ez-toc-page-1 ez-toc-heading-level-2'><a class=\"ez-toc-link ez-toc-heading-3\" href=\"https:\/\/comparemyjet.com\/nl\/velocity-jets\/#Pricing\" >Prijsstelling<\/a><\/li><li class='ez-toc-page-1 ez-toc-heading-level-2'><a class=\"ez-toc-link ez-toc-heading-4\" href=\"https:\/\/comparemyjet.com\/nl\/velocity-jets\/#On-Demand_Charter\" >On-demand charter<\/a><\/li><li class='ez-toc-page-1 ez-toc-heading-level-2'><a class=\"ez-toc-link ez-toc-heading-5\" href=\"https:\/\/comparemyjet.com\/nl\/velocity-jets\/#Empty_Leg_Flights\" >Vluchten met lege benen<\/a><\/li><li class='ez-toc-page-1 ez-toc-heading-level-2'><a class=\"ez-toc-link ez-toc-heading-6\" href=\"https:\/\/comparemyjet.com\/nl\/velocity-jets\/#The_Fleet\" >De Vloot&nbsp;<\/a><ul class='ez-toc-list-level-3' ><li class='ez-toc-heading-level-3'><a class=\"ez-toc-link ez-toc-heading-7\" href=\"https:\/\/comparemyjet.com\/nl\/velocity-jets\/#1_Light_Private_Jets\" >1. Lichte priv\u00e9 Jets<\/a><ul class='ez-toc-list-level-4' ><li class='ez-toc-heading-level-4'><a class=\"ez-toc-link ez-toc-heading-8\" href=\"https:\/\/comparemyjet.com\/nl\/velocity-jets\/#Our_Recommendation_Learjet_31\" >Onze aanbeveling: Learjet 31<\/a><\/li><\/ul><\/li><li class='ez-toc-page-1 ez-toc-heading-level-3'><a class=\"ez-toc-link ez-toc-heading-9\" href=\"https:\/\/comparemyjet.com\/nl\/velocity-jets\/#2_Midsize_Private_Jets\" >2. Middelgrote Priv\u00e9 Jets&nbsp;<\/a><ul class='ez-toc-list-level-4' ><li class='ez-toc-heading-level-4'><a class=\"ez-toc-link ez-toc-heading-10\" href=\"https:\/\/comparemyjet.com\/nl\/velocity-jets\/#Our_Recommendation_Cessna_680_Citation_Sovereign\" >Onze aanbeveling: Cessna 680 Citation Sovereign<\/a><\/li><\/ul><\/li><li class='ez-toc-page-1 ez-toc-heading-level-3'><a class=\"ez-toc-link ez-toc-heading-11\" href=\"https:\/\/comparemyjet.com\/nl\/velocity-jets\/#_3_Super-Midsize\" >&nbsp;3. Super-Midsize<\/a><ul class='ez-toc-list-level-4' ><li class='ez-toc-heading-level-4'><a class=\"ez-toc-link ez-toc-heading-12\" href=\"https:\/\/comparemyjet.com\/nl\/velocity-jets\/#Our_Recommendation_Gulfstream_G200\" >Onze aanbeveling: Gulfstream G200<\/a><\/li><\/ul><\/li><li class='ez-toc-page-1 ez-toc-heading-level-3'><a class=\"ez-toc-link ez-toc-heading-13\" href=\"https:\/\/comparemyjet.com\/nl\/velocity-jets\/#4_Large_Private_Jets\" >4. Grote priv\u00e9vliegtuigen<\/a><ul class='ez-toc-list-level-4' ><li class='ez-toc-heading-level-4'><a class=\"ez-toc-link ez-toc-heading-14\" href=\"https:\/\/comparemyjet.com\/nl\/velocity-jets\/#Our_Recommendation_Global_Express_5000\" >Onze aanbeveling: Global Express 5000<\/a><\/li><\/ul><\/li><\/ul><\/li><li class='ez-toc-page-1 ez-toc-heading-level-2'><a class=\"ez-toc-link ez-toc-heading-15\" href=\"https:\/\/comparemyjet.com\/nl\/velocity-jets\/#Conclusion\" >Conclusie<\/a><\/li><\/ul><\/nav><\/div>\n<h2 class=\"wp-block-heading\"><span class=\"ez-toc-section\" id=\"About_the_Company\"><\/span>Over de Vennootschap<span class=\"ez-toc-section-end\"><\/span><\/h2>\r\n\r\n\r\n\r\n<p>Patrick Harris en Jessica Osterneck hebben Velocity Jets in 2006 opgericht.  Experts in de luchtvaartsector staan achter de belofte van Velocity Jets van een kwaliteitsservice die is afgestemd op de specifieke eisen van elke klant.&nbsp;<\/p>\r\n\r\n\r\n\r\n<p>Hier is een volledige lijst van de diensten die Velocity Jets haar klanten aanbiedt:<\/p>\r\n\r\n\r\n\r\n<ul class=\"wp-block-list\"><li>Priv\u00e9 vliegtuig charter<\/li><li>Zakelijke vliegtuigcharter<\/li><li>Wereldwijde diensten<\/li><li><a href=\"https:\/\/comparemyjet.com\/nl\/how-to-book-empty-leg-flights\/\" data-internallinksmanager029f6b8e52c=\"24\" title=\"Hoe boek je lege beenvluchten\">Vluchten met lege benen<\/a><\/li><li>Lidmaatschappen voor priv\u00e9jets<\/li><\/ul>\r\n\r\n\r\n\r\n<h2 class=\"wp-block-heading\"><span class=\"ez-toc-section\" id=\"Company_Card_Program\"><\/span>Bedrijfskaart Programma<span class=\"ez-toc-section-end\"><\/span><\/h2>\r\n\r\n\r\n\r\n<p>Het VelocityJets Card programma wordt van onderaf ontwikkeld op basis van de wensen van iedere klant. In vergelijking met andere, grotere priv\u00e9-luchtvaartbedrijven, waar de investeringen van klanten eerder in de duizenden dan in de honderden dollars lopen, is dit een belangrijk voordeel.&nbsp;<\/p>\r\n\r\n\r\n\r\n<p>Hoewel het klopt dat Velocity Jets nu slechts 25 uur vereist voor het Jet Card lidmaatschap, hebben kaarthouders geen extra kosten voor zaken als herpositionering van brandstof, managementkosten, one-way prijzen, vliegtuig upgrades, enz. Zij kunnen onmiddellijk vliegen in een van de lichte, middelgrote, super-middenklasse of grote-cabinevliegtuigen na aankoop van een jet card van 25 of 50 uur.&nbsp;<\/p>\r\n\r\n\r\n\r\n<p>Een van de grootste voordelen van een kaarthouder is het gemak van het boeken van een priv\u00e9jetvlucht met slechts \u00e9\u00e9n telefoontje. Leden profiteren ook van alle voordelen van fractioneel eigendom zonder zich zorgen te hoeven maken over financi\u00eble verplichtingen, langetermijnverplichtingen of een strakke planning. Bovendien hoeven leden alleen te betalen voor de werkelijke tijd dat de jet in de lucht is, in plaats van voor de tijd die nodig is om zich voor en na een vlucht te positioneren.<\/p>\r\n\r\n\r\n\r\n<p>Andere voordelen zijn gegarandeerde beschikbaarheid, catering aan boord, geen overnachtings- of annuleringskosten en nog veel meer.<\/p>\r\n\r\n\r\n\r\n<h2 class=\"wp-block-heading\"><span class=\"ez-toc-section\" id=\"Pricing\"><\/span>Prijsstelling<span class=\"ez-toc-section-end\"><\/span><\/h2>\r\n\r\n\r\n\r\n<figure class=\"wp-block-image size-full is-style-default\"><img loading=\"lazy\" decoding=\"async\" width=\"1000\" height=\"721\" src=\"https:\/\/comparemyjet.com\/wp-content\/uploads\/2022\/07\/paper.planes.on_.blue_.background.jpg\" alt=\"Snelheid Jets\" class=\"wp-image-3169\" srcset=\"https:\/\/comparemyjet.com\/wp-content\/uploads\/2022\/07\/paper.planes.on_.blue_.background-18x12.jpg 18w, https:\/\/comparemyjet.com\/wp-content\/uploads\/2022\/07\/paper.planes.on_.blue_.background-300x216.jpg 300w, https:\/\/comparemyjet.com\/wp-content\/uploads\/2022\/07\/paper.planes.on_.blue_.background-768x554.jpg 768w, https:\/\/comparemyjet.com\/wp-content\/uploads\/2022\/07\/paper.planes.on_.blue_.background.jpg 1000w\" sizes=\"auto, (max-width: 1000px) 100vw, 1000px\" \/><\/figure>\r\n\r\n\r\n\r\n<p>De meeste klanten die een Jet Card van Velocity Jets willen kopen, doen dat via hun op maat gemaakte Jet Card-programma, waarbij de meest gebruikte $250.000 kost. Zij bieden jet cards aan tegen lagere minima dan hun rivalen omdat de structuur van het bedrijf intiemer en boetiekachtiger is. Kaarten kunnen worden uitgegeven voor zo weinig als $100.000 en klanten kunnen nog steeds genieten van hetzelfde niveau van dienstverlening met minder financi\u00eble investeringen, aldus Jessica Osterneck, medeoprichter en CEO van Velocity Jets.<\/p>\r\n\r\n\r\n\r\n<p>Welke jet card leden ook besluiten te kopen, de prijs is all-inclusive en wordt bepaald door de grootte\/categorie van de jet en de vlieguren. Door de duurdere jetcard te kopen, krijgen leden gegarandeerd beschikbaarheid op een grotere jet en\/of meer vlieguren. Een andere jet card optie is een lichte jet en minder uren. Leden kunnen ook een jetcard krijgen voor een zware jet met minder uren en een lichte jet met meer uren.&nbsp;<\/p>\r\n\r\n\r\n\r\n<h2 class=\"wp-block-heading\"><span class=\"ez-toc-section\" id=\"On-Demand_Charter\"><\/span>On-demand charter<span class=\"ez-toc-section-end\"><\/span><\/h2>\r\n\r\n\r\n\r\n<p>Velocity Jets vereenvoudigt internationale reizen door hun klanten te helpen met alle nodige regelingen zodat ze een aangename en stressvrije vlucht hebben. Klanten kunnen overal ter wereld naartoe vliegen en krijgen een eersteklas behandeling op maat. Sommige diensten omvatten vervoer van en naar de luchthaven, catering aan boord, toegang tot meer dan 100 vliegtuigen in alle categorie\u00ebn en nog veel meer.<\/p>\r\n\r\n\r\n\r\n<h2 class=\"wp-block-heading\"><span class=\"ez-toc-section\" id=\"Empty_Leg_Flights\"><\/span>Vluchten met lege benen<span class=\"ez-toc-section-end\"><\/span><\/h2>\r\n\r\n\r\n\r\n<p><a href=\"https:\/\/velocityjets.com\/velocity-jets-empty-leg-flights\" target=\"_blank\" rel=\"noopener\">Leegbeen<\/a> reizen verlagen de kosten van rechtstreekse vliegreizen. Telkens wanneer een nieuwe chartervlucht wordt gepland, moet het vliegtuig terugvliegen naar zijn thuisbasis vanwaar het werd gecharterd. Dit staat bekend als een empty-leg vlucht.&nbsp;<\/p>\r\n\r\n\r\n\r\n<p>Luchtvaartmaatschappijen verkopen deze vluchten tegen gereduceerde prijzen om de kosten van lege stoelen te compenseren. Ze doen dit omdat ze weten dat het moeilijk zal zijn om het vliegtuig te vullen na een priv\u00e9reis vanwege de vaste bestemming, route, hoeveelheid stoelen en herpositioneringstijd. Als u eersteklas wilt vliegen met een priv\u00e9jet zonder de bank te breken, is dit een fantastisch alternatief.<\/p>\r\n\r\n\r\n\r\n<p>Er is meestal een korting van 50-70% op de normale priv\u00e9 charterprijs, maar de precieze hoeveelheid en prijzen vari\u00ebren afhankelijk van de route en de vliegtuigexploitant.&nbsp;<\/p>\r\n\r\n\r\n\r\n<p>Hoewel het gebruik van chartervliegtuigen met lege stoelen veel voordelen heeft, zijn er ook bepaalde factoren waarmee rekening moet worden gehouden. Alle lege stoelen op een <a href=\"https:\/\/comparemyjet.com\/nl\/hoe-huurt-u-een-private-jet-of-chartert-u-een-private-jet\/\" data-internallinksmanager029f6b8e52c=\"15\" title=\"Hoe huurt of chartert u een priv\u00e9jet?\">priv\u00e9 jet charter<\/a> reis zijn afhankelijk van de geplande vertrek- en aankomsttijden van de vlucht. Vluchttijden en -schema's zijn onderhevig aan veranderingen, aangezien er op het laatste moment een vertraging of een schemawijziging kan optreden. Bovendien beperken de bestemming van een chartervlucht en het soort vliegtuig dat voor de reis wordt gebruikt het aantal routes dat voor een leeg traject kan worden gebruikt.<\/p>\r\n\r\n\r\n\r\n<h2 class=\"wp-block-heading\"><span class=\"ez-toc-section\" id=\"The_Fleet\"><\/span>De Vloot&nbsp;<span class=\"ez-toc-section-end\"><\/span><\/h2>\r\n\r\n\r\n\r\n<figure class=\"wp-block-image size-full is-style-default\"><img loading=\"lazy\" decoding=\"async\" width=\"1000\" height=\"667\" src=\"https:\/\/comparemyjet.com\/wp-content\/uploads\/2022\/09\/aircraft.take-off.on_.a.runway.jpg\" alt=\"\" class=\"wp-image-3229\" srcset=\"https:\/\/comparemyjet.com\/wp-content\/uploads\/2022\/09\/aircraft.take-off.on_.a.runway-18x12.jpg 18w, https:\/\/comparemyjet.com\/wp-content\/uploads\/2022\/09\/aircraft.take-off.on_.a.runway-300x200.jpg 300w, https:\/\/comparemyjet.com\/wp-content\/uploads\/2022\/09\/aircraft.take-off.on_.a.runway-768x512.jpg 768w, https:\/\/comparemyjet.com\/wp-content\/uploads\/2022\/09\/aircraft.take-off.on_.a.runway.jpg 1000w\" sizes=\"auto, (max-width: 1000px) 100vw, 1000px\" \/><\/figure>\r\n\r\n\r\n\r\n<p>Bij Velocity Jets en vele andere priv\u00e9jetbedrijven mogen klanten zelf hun jet uitkiezen. De priv\u00e9jets die zij ter beschikking hebben omvatten vele jetmaten en modellen, die de hoogst mogelijke beoordelingen hebben verdiend van <a href=\"https:\/\/www.argus.aero\/\" target=\"_blank\" rel=\"noopener\">Argus<\/a> en <a href=\"https:\/\/www.wyvernltd.com\/\" target=\"_blank\" rel=\"noopener\">Wyvern<\/a> en houden zich aan strikte <a href=\"https:\/\/www.faa.gov\/\" target=\"_blank\" rel=\"noopener\">FAA<\/a> regelgeving. Laten we eens kijken wat ze zijn.<\/p>\r\n\r\n\r\n\r\n<h3 class=\"wp-block-heading\"><span class=\"ez-toc-section\" id=\"1_Light_Private_Jets\"><\/span>1. Lichte priv\u00e9 Jets<span class=\"ez-toc-section-end\"><\/span><\/h3>\r\n\r\n\r\n\r\n<p>Light jets zijn aan de kleinere kant van het spectrum van priv\u00e9vliegtuigen, maar behoren tot de meest voorkomende vliegtuigtypes die klanten kiezen om te charteren. Deze vliegtuigen zijn zeer geschikt voor lokale reizen en korte afstanden.<\/p>\r\n\r\n\r\n\r\n<p>De meeste van deze vliegtuigen bieden plaats aan vijf tot acht personen. Door hun geringe afmetingen zijn tafels en toiletten meestal niet aanwezig, maar er zijn modellen die beide opties bieden. Er is ook niet veel plaats voor een steward om te staan of te bewegen.&nbsp;<\/p>\r\n\r\n\r\n\r\n<p>Ze staan echter bekend om hun rustige vluchten en hun betaalbaarheid.<\/p>\r\n\r\n\r\n\r\n<h4 class=\"wp-block-heading\"><span class=\"ez-toc-section\" id=\"Our_Recommendation_Learjet_31\"><\/span>Onze aanbeveling: Learjet 31<span class=\"ez-toc-section-end\"><\/span><\/h4>\r\n\r\n\r\n\r\n<p>De <a href=\"https:\/\/comparemyjet.com\/nl\/learjet\/\" data-internallinksmanager029f6b8e52c=\"149\" title=\"Ultieme Gids voor Learjet Priv\u00e9 Jets &amp; Vliegtuigen\">Learjet<\/a> 31A heeft een uitstekende wendbaarheid en prestaties in de lucht. Piloten waarderen het vanwege de snelle acceleratie en snelle reactiekarakteristieken die het bezit. Dit vliegtuig staat bekend om zijn vermogen om soepel te vliegen en goed te presteren, zelfs als het buiten het goedgekeurde vliegbereik opereert.<\/p>\r\n\r\n\r\n\r\n<p>Kortom, de Learjet 31A doet geen concessies op het gebied van snelheid, brandstofeffici\u00ebntie en algemene prestaties, wat een fantastische combinatie is.<\/p>\r\n\r\n\r\n\r\n<p>Specificaties:<\/p>\r\n\r\n\r\n\r\n<ul class=\"wp-block-list\"><li>Passagiers: 6;<\/li><li>Breedte cabine: 4 ft 9 in;<\/li><li>Lengte cabine: 12 voet 9 in;<\/li><li>Hoogte cabine: 4 ft 3 in;<\/li><li>Geen eigen toilet;<\/li><li>Bagage capaciteit: 30 cu ft;<\/li><li>Kruissnelheid: 508 mph;<\/li><li>Vliegbereik: 1460 nm.<\/li><\/ul>\r\n\r\n\r\n\r\n<p>Velocity Jets biedt <em>Citation CJ2\/CJ3\/CJ4, Citation V\/Ultra\/Bravo\/Encore, Hawker 400XP, BeechJet 400 en Learjet 31\/40XR. <\/em>als onderdeel van hun <a href=\"https:\/\/velocityjets.com\/aircraft\/light-jets\/available-light-jets\" target=\"_blank\" rel=\"noopener\">lichte priv\u00e9jet catalogus<\/a>.<\/p>\r\n\r\n\r\n\r\n<h3 class=\"wp-block-heading\"><span class=\"ez-toc-section\" id=\"2_Midsize_Private_Jets\"><\/span>2. Middelgrote Priv\u00e9 Jets&nbsp;<span class=\"ez-toc-section-end\"><\/span><\/h3>\r\n\r\n\r\n\r\n<p>Voor passagiers die op zoek zijn naar een ruimere cabine en meer voorzieningen, is het kiezen van een midsize vliegtuig een meer geschikte optie. Sommige van de ruimste midsize vliegtuigen bieden een bank als extra zitmogelijkheid, inclusief bureaus en stoelen. Bovendien hebben de meeste midsize jets een afgesloten badkamer en voldoende ruimte voor de passagiers om te staan.<\/p>\r\n\r\n\r\n\r\n<h4 class=\"wp-block-heading\"><span class=\"ez-toc-section\" id=\"Our_Recommendation_Cessna_680_Citation_Sovereign\"><\/span>Onze aanbeveling: Cessna 680 Citation Sovereign<span class=\"ez-toc-section-end\"><\/span><\/h4>\r\n\r\n\r\n\r\n<p>De Citation Sovereign door <a href=\"https:\/\/comparemyjet.com\/nl\/cessna\/\" data-internallinksmanager029f6b8e52c=\"145\" title=\"Ultieme gids voor Cessna Priv\u00e9 Jets &amp; Vliegtuigen\">Cessna<\/a> is gebouwd om uitzonderlijke prestaties te leveren en de passagiers in luxe te hullen. Dit vliegtuig is ideaal voor het reizen over langere afstanden en van en naar luchthavens met grote hoogtes of kleine landingsbanen. De lengte van de cabine van de Sovereign is meer dan 24 voet en is voorzien van een volledig gevuld verfrissingscentrum, internet en entertainment opties.<\/p>\r\n\r\n\r\n\r\n<p>Specificaties:<\/p>\r\n\r\n\r\n\r\n<ul class=\"wp-block-list\"><li>Passagiers: 9;<\/li><li>Lengte cabine: 24 voet 2 in;<\/li><li>Cabine breedte: 5 ft 6 in;<\/li><li>Hoogte cabine: 5 ft 7 in;<\/li><li>Priv\u00e9 toilet;<\/li><li>Bagage capaciteit: 100 cu ft;<\/li><li>Kruissnelheid: 495 mph;<\/li><li>Vliegbereik: 3200 nm.<\/li><\/ul>\r\n\r\n\r\n\r\n<p>Velocity Jets biedt <em>Hawker 800XP en 900XP, Learjet 45\/55\/60, Phenom 300, <a href=\"https:\/\/comparemyjet.com\/nl\/gulfstream\/\" data-internallinksmanager029f6b8e52c=\"175\" title=\"Ultieme gids voor priv\u00e9jets en vliegtuigen van Gulfstream\">Gulfstream<\/a> G-100\/G-150, Citation Excel \/XLS, Citation III\/VI\/VII <\/em>als onderdeel van hun <a href=\"https:\/\/velocityjets.com\/aircraft\/mid-jets\/available-mid-jets\" target=\"_blank\" rel=\"noopener\">catalogus middelgrote priv\u00e9jets<\/a>.<\/p>\r\n\r\n\r\n\r\n<h3 class=\"wp-block-heading\"><span class=\"ez-toc-section\" id=\"_3_Super-Midsize\"><\/span>&nbsp;3. Super-Midsize<span class=\"ez-toc-section-end\"><\/span><\/h3>\r\n\r\n\r\n\r\n<p>Een super mid beschikt over tweemotorige jets, vergelijkbaar met die in middelgrote vliegtuigen, maar heeft een grotere cabine en nog meer voorzieningen. Passagiers kunnen ontspannen op de pluche clubfauteuils, banken, volledige keuken en gesloten toilet. Tijdens de vlucht wordt meestal service verleend, er is een gesloten toilet en veel entertainmentmogelijkheden. Dit maakt super-midsize vliegtuigen reizen van kust tot kust.&nbsp;<\/p>\r\n\r\n\r\n\r\n<h4 class=\"wp-block-heading\"><span class=\"ez-toc-section\" id=\"Our_Recommendation_Gulfstream_G200\"><\/span>Onze aanbeveling: Gulfstream G200<span class=\"ez-toc-section-end\"><\/span><\/h4>\r\n\r\n\r\n\r\n<p>Voor de prijs van een vliegtuig met gemiddelde cabine heeft de Gulfstream G200 het bereik en de luxe van een vliegtuig met grote cabine. Het toestel kan een constante snelheid van 540 km\/u halen, waardoor het een uitstekende keuze is voor snelle, non-stop overlandreizen. Het grote interieur van de Gulfstream G200 is een van zijn opvallendste kenmerken. De stahoogte van 63 inch is meer dan het dubbele van alle andere vliegtuigen in zijn klasse, en het heeft negen ruime stoelen. Bovendien biedt het de grootste hoeveelheid bagage in zijn categorie.<\/p>\r\n\r\n\r\n\r\n<p>Specificaties:<\/p>\r\n\r\n\r\n\r\n<ul class=\"wp-block-list\"><li>Passagiers: 9;<\/li><li>Kajuitlengte: 62 voet;<\/li><li>Hoogte cabine: 21 voet;<\/li><li>Kajuitbreedte: 62 voet;<\/li><li>Priv\u00e9 toilet;<\/li><li>Bagage capaciteit: 150 cu ft;<\/li><li>Kruissnelheid: 540 mph;<\/li><li>Vliegbereik: 3835 nm.<\/li><\/ul>\r\n\r\n\r\n\r\n<p>Velocity Jets biedt <em>Challenger 300\/350, Citation X, Citation Sovereign, Falcon 50, Gulfstream G-200\/G-280, Hawker 1000, Hawker 4000 <\/em>als onderdeel van hun <a href=\"https:\/\/velocityjets.com\/aircraft\/super-mid-jets\/available-super-mid-jets\" target=\"_blank\" rel=\"noopener\">super-midsize priv\u00e9jet catalogus<\/a>.<\/p>\r\n\r\n\r\n\r\n<h3 class=\"wp-block-heading\"><span class=\"ez-toc-section\" id=\"4_Large_Private_Jets\"><\/span>4. Grote priv\u00e9vliegtuigen<span class=\"ez-toc-section-end\"><\/span><\/h3>\r\n\r\n\r\n\r\n<p>Er is een solide reden waarom zware vliegtuigen vaak bekend staan als luxe priv\u00e9vliegtuigen. Dit zijn vliegtuigen met een brede romp en ruime cabines die de passagiers veel ruimte bieden om te staan. In een van deze geavanceerde jets zullen passagiers op geen enkel moment gevoelens van opsluiting of claustrofobie ervaren.&nbsp;<\/p>\r\n\r\n\r\n\r\n<p>De meeste zware jets hebben slaapbedden, gastronomische keukens, priv\u00e9-toiletten en geavanceerde entertainmentsystemen. Bovendien kunnen passagiers die een gestroomlijnde plek willen om zaken te doen terwijl ze in de lucht zijn, profiteren van de stoelopstellingen en kantoorindelingen die op veel zware vliegtuigen beschikbaar zijn.<\/p>\r\n\r\n\r\n\r\n<h4 class=\"wp-block-heading\"><span class=\"ez-toc-section\" id=\"Our_Recommendation_Global_Express_5000\"><\/span>Onze aanbeveling: Global Express 5000<span class=\"ez-toc-section-end\"><\/span><\/h4>\r\n\r\n\r\n\r\n<p><a href=\"https:\/\/comparemyjet.com\/nl\/bombardier\/\" data-internallinksmanager029f6b8e52c=\"159\" title=\"Ultieme gids voor Bombardier Priv\u00e9 Jets &amp; Vliegtuigen\">Bombardier<\/a>De Global 5000 is een van de beste priv\u00e9jets in de zware categorie. Dit vliegtuig biedt meer ruimte, geavanceerde technologie en een grotere capaciteit. Deze voordelen komen voort uit het ontwerp van het vliegtuig dat prioriteit geeft aan passagiersgemak en snelheid.&nbsp;<\/p>\r\n\r\n\r\n\r\n<p>Specificaties:<\/p>\r\n\r\n\r\n\r\n<ul class=\"wp-block-list\"><li>Passagiers: 12;<\/li><li>Maximale kruissnelheid: 521 mph;<\/li><li>Vliegbereik: 7349 nm;<\/li><li>Volledige lengte: 48 voet 4in;<\/li><li>Volledige breedte: 8 voet 2 in;<\/li><li>Volle hoogte: 6 voet 3 in;<\/li><li>Priv\u00e9 toilet;<\/li><li>Bagageruimte: 67 m\u00b3.<\/li><\/ul>\r\n\r\n\r\n\r\n<p>Velocity Jets biedt <em>Falcon 7X<\/em>, <em>Falcon 900EX Falcon 2000LX, Challenger 605, Challenger 604, Global Express, Gulfstream 650, Gulfstream 550, Gulfstream V, Gulfstream 450, Gulfstream IVSP en Gulfstream IV. <\/em>als onderdeel van hun <a href=\"https:\/\/velocityjets.com\/aircraft\/heavy-jets\/available-heavy-jets\" target=\"_blank\" rel=\"noopener\">grote priv\u00e9jet catalogus<\/a>.<\/p>\r\n\r\n\r\n\r\n<h2 class=\"wp-block-heading\"><span class=\"ez-toc-section\" id=\"Conclusion\"><\/span>Conclusie<span class=\"ez-toc-section-end\"><\/span><\/h2>\r\n\r\n\r\n\r\n<figure class=\"wp-block-image size-full is-style-default\"><img loading=\"lazy\" decoding=\"async\" width=\"1000\" height=\"667\" src=\"https:\/\/comparemyjet.com\/wp-content\/uploads\/2022\/06\/woman.in_.blue_.dress_.enjoying.view_.from_.private.jet_.jpg\" alt=\"\" class=\"wp-image-2997\" srcset=\"https:\/\/comparemyjet.com\/wp-content\/uploads\/2022\/06\/woman.in_.blue_.dress_.enjoying.view_.from_.private.jet_-18x12.jpg 18w, https:\/\/comparemyjet.com\/wp-content\/uploads\/2022\/06\/woman.in_.blue_.dress_.enjoying.view_.from_.private.jet_-300x200.jpg 300w, https:\/\/comparemyjet.com\/wp-content\/uploads\/2022\/06\/woman.in_.blue_.dress_.enjoying.view_.from_.private.jet_-768x512.jpg 768w, https:\/\/comparemyjet.com\/wp-content\/uploads\/2022\/06\/woman.in_.blue_.dress_.enjoying.view_.from_.private.jet_.jpg 1000w\" sizes=\"auto, (max-width: 1000px) 100vw, 1000px\" \/><\/figure>\r\n\r\n\r\n\r\n<p>Aangezien Velocity Jets geen vliegtuigen bezit of exploiteert, zijn ze vrij om de vliegtuigen voor te stellen die het beste passen bij een individuele klant. Alle door Velocity Jets gebruikte exploitanten zijn FAA Part 135 exploitanten, volgens Argus\/US en Wyvern, de twee meest prominente externe organisaties voor veiligheidsaudits in het land. Velocity Jets is de leider in de sector vanwege zijn inzet om zijn klanten te voorzien van veilige en gekwalificeerde vliegtuigen en vliegtuigbemanningen tegen concurrerende prijzen.<\/p>","protected":false},"excerpt":{"rendered":"<p>Priv\u00e9jet-lidmaatschap, verkoop en beheer van vliegtuigen en internationale vliegtuigcharter met de nadruk op enkele reizen zijn slechts enkele van de diensten die Velocity Jets aanbiedt. Dit internationale charterbedrijf garandeert eersteklas hulp van deskundige professionals in de luchtvaartsector die aan alle specifieke eisen zullen voldoen. Laten we meer in detail treden over ...<\/p>","protected":false},"author":2,"featured_media":3597,"parent":0,"menu_order":0,"comment_status":"closed","ping_status":"closed","template":"","meta":{"_acf_changed":false,"_genesis_hide_title":false,"_genesis_hide_breadcrumbs":false,"_genesis_hide_singular_image":false,"_genesis_hide_footer_widgets":false,"_genesis_custom_body_class":"","_genesis_custom_post_class":"","_genesis_layout":"","footnotes":""},"class_list":{"1":"page","2":"type-page","6":"entry"},"acf":[],"_links":{"self":[{"href":"https:\/\/comparemyjet.com\/nl\/wp-json\/wp\/v2\/pages\/3596","targetHints":{"allow":["GET"]}}],"collection":[{"href":"https:\/\/comparemyjet.com\/nl\/wp-json\/wp\/v2\/pages"}],"about":[{"href":"https:\/\/comparemyjet.com\/nl\/wp-json\/wp\/v2\/types\/page"}],"author":[{"embeddable":true,"href":"https:\/\/comparemyjet.com\/nl\/wp-json\/wp\/v2\/users\/2"}],"replies":[{"embeddable":true,"href":"https:\/\/comparemyjet.com\/nl\/wp-json\/wp\/v2\/comments?post=3596"}],"version-history":[{"count":2,"href":"https:\/\/comparemyjet.com\/nl\/wp-json\/wp\/v2\/pages\/3596\/revisions"}],"predecessor-version":[{"id":3678,"href":"https:\/\/comparemyjet.com\/nl\/wp-json\/wp\/v2\/pages\/3596\/revisions\/3678"}],"wp:featuredmedia":[{"embeddable":true,"href":"https:\/\/comparemyjet.com\/nl\/wp-json\/wp\/v2\/media\/3597"}],"wp:attachment":[{"href":"https:\/\/comparemyjet.com\/nl\/wp-json\/wp\/v2\/media?parent=3596"}],"curies":[{"name":"wp","href":"https:\/\/api.w.org\/{rel}","templated":true}]}}