{"id":3599,"date":"2022-10-22T21:32:51","date_gmt":"2022-10-22T21:32:51","guid":{"rendered":"https:\/\/comparemyjet.com\/?page_id=3599"},"modified":"2025-09-04T09:58:16","modified_gmt":"2025-09-04T09:58:16","slug":"costco-private-jet","status":"publish","type":"page","link":"https:\/\/comparemyjet.com\/nl\/costco-private-jet\/","title":{"rendered":"Costco Priv\u00e9 Vliegtuig Prijzen"},"content":{"rendered":"<p>De Amerikaanse multinational <a href=\"https:\/\/www.costco.com\/\" target=\"_blank\" rel=\"noopener\">Costco Wholesale Corporation<\/a> een exclusieve winkelclub voor zijn leden. Maar Costco is meer dan goedkope papieren handdoeken, lijnzaadolie en mozzarella.&nbsp;<\/p>\r\n\r\n\r\n\r\n<p>In 2020 begon de groothandel met het aanbieden van jaarlijkse lidmaatschapsdeals voor priv\u00e9jetprogramma's als onderdeel van hun partnerschap met <a href=\"https:\/\/comparemyjet.com\/nl\/wielen-omhoog\/\" data-internallinksmanager029f6b8e52c=\"73\" title=\"Wheels Up Lidmaatschap Prijzen\">Wielen omhoog<\/a>.&nbsp;<\/p>\r\n\r\n\r\n\r\n<p>In dit artikel onderzoeken we hoe dit partnerschap werkt en hoe je een priv\u00e9jetvlucht van Costco kunt kopen. We moeten alleen vermelden dat er geen nieuwe info over is, dus de samenwerking lijkt nu voorbij of on hold. Dat gezegd hebbende, je weet nooit wanneer een populair product terugkeert in de schappen, dus laten we het in meer detail verkennen.<\/p>\r\n\r\n\r\n\r\n<div id=\"ez-toc-container\" class=\"ez-toc-v2_0_76 counter-hierarchy ez-toc-counter ez-toc-grey ez-toc-container-direction\">\n<p class=\"ez-toc-title\" style=\"cursor:inherit\">Onderwerpen<\/p>\n<label for=\"ez-toc-cssicon-toggle-item-69dbcde0b26d0\" class=\"ez-toc-cssicon-toggle-label\"><span class=\"\"><span class=\"eztoc-hide\" style=\"display:none;\">Schakel<\/span><span class=\"ez-toc-icon-toggle-span\"><svg style=\"fill: #999;color:#999\" xmlns=\"http:\/\/www.w3.org\/2000\/svg\" class=\"list-377408\" width=\"20px\" height=\"20px\" viewbox=\"0 0 24 24\" fill=\"none\"><path d=\"M6 6H4v2h2V6zm14 0H8v2h12V6zM4 11h2v2H4v-2zm16 0H8v2h12v-2zM4 16h2v2H4v-2zm16 0H8v2h12v-2z\" fill=\"currentColor\"><\/path><\/svg><svg style=\"fill: #999;color:#999\" class=\"arrow-unsorted-368013\" xmlns=\"http:\/\/www.w3.org\/2000\/svg\" width=\"10px\" height=\"10px\" viewbox=\"0 0 24 24\" version=\"1.2\" baseprofile=\"tiny\"><path d=\"M18.2 9.3l-6.2-6.3-6.2 6.3c-.2.2-.3.4-.3.7s.1.5.3.7c.2.2.4.3.7.3h11c.3 0 .5-.1.7-.3.2-.2.3-.5.3-.7s-.1-.5-.3-.7zM5.8 14.7l6.2 6.3 6.2-6.3c.2-.2.3-.5.3-.7s-.1-.5-.3-.7c-.2-.2-.4-.3-.7-.3h-11c-.3 0-.5.1-.7.3-.2.2-.3.5-.3.7s.1.5.3.7z\"\/><\/svg><\/span><\/span><\/label><input type=\"checkbox\"  id=\"ez-toc-cssicon-toggle-item-69dbcde0b26d0\" checked aria-label=\"Schakel\" \/><nav><ul class='ez-toc-list ez-toc-list-level-1' ><li class='ez-toc-page-1 ez-toc-heading-level-2'><a class=\"ez-toc-link ez-toc-heading-1\" href=\"https:\/\/comparemyjet.com\/nl\/costco-private-jet\/#About_the_Company\" >Over de Vennootschap<\/a><\/li><li class='ez-toc-page-1 ez-toc-heading-level-2'><a class=\"ez-toc-link ez-toc-heading-2\" href=\"https:\/\/comparemyjet.com\/nl\/costco-private-jet\/#Membership_Programs\" >Lidmaatschapsprogramma's<\/a><\/li><li class='ez-toc-page-1 ez-toc-heading-level-2'><a class=\"ez-toc-link ez-toc-heading-3\" href=\"https:\/\/comparemyjet.com\/nl\/costco-private-jet\/#Pricing\" >Prijsstelling<\/a><\/li><li class='ez-toc-page-1 ez-toc-heading-level-2'><a class=\"ez-toc-link ez-toc-heading-4\" href=\"https:\/\/comparemyjet.com\/nl\/costco-private-jet\/#The_Fleet\" >De Vloot&nbsp;<\/a><\/li><li class='ez-toc-page-1 ez-toc-heading-level-2'><a class=\"ez-toc-link ez-toc-heading-5\" href=\"https:\/\/comparemyjet.com\/nl\/costco-private-jet\/#Company_Safety_Policy_and_Standards\" >Bedrijfsveiligheidsbeleid en -normen<\/a><\/li><li class='ez-toc-page-1 ez-toc-heading-level-2'><a class=\"ez-toc-link ez-toc-heading-6\" href=\"https:\/\/comparemyjet.com\/nl\/costco-private-jet\/#Conclusion\" >Conclusie<\/a><\/li><\/ul><\/nav><\/div>\n<h2 class=\"wp-block-heading\"><span class=\"ez-toc-section\" id=\"About_the_Company\"><\/span>Over de Vennootschap<span class=\"ez-toc-section-end\"><\/span><\/h2>\r\n\r\n\r\n\r\n<figure class=\"wp-block-image size-full is-style-default\"><img loading=\"lazy\" decoding=\"async\" width=\"1000\" height=\"667\" src=\"https:\/\/comparemyjet.com\/wp-content\/uploads\/2022\/10\/costco.wholesale.jpg\" alt=\"\" class=\"wp-image-3600\" srcset=\"https:\/\/comparemyjet.com\/wp-content\/uploads\/2022\/10\/costco.wholesale-18x12.jpg 18w, https:\/\/comparemyjet.com\/wp-content\/uploads\/2022\/10\/costco.wholesale-300x200.jpg 300w, https:\/\/comparemyjet.com\/wp-content\/uploads\/2022\/10\/costco.wholesale-768x512.jpg 768w, https:\/\/comparemyjet.com\/wp-content\/uploads\/2022\/10\/costco.wholesale.jpg 1000w\" sizes=\"auto, (max-width: 1000px) 100vw, 1000px\" \/><\/figure>\r\n\r\n\r\n\r\n<p>Als u nog nooit in een Costco bent geweest, zal ik het u uitleggen: het is een winkelgigant waar klanten tegen betaling een jaarlijks lidmaatschap kunnen krijgen om toegang te krijgen tot enorme kortingen op allerlei goederen.&nbsp;<\/p>\r\n\r\n\r\n\r\n<p>Costco staat bekend om zijn enorme magazijnen waar je bijna alles kunt vinden wat je nodig hebt. De oorspronkelijke winkel, die in 1976 van start ging onder de naam Price Club, was een omgebouwde vliegtuighangar in <a href=\"https:\/\/comparemyjet.com\/nl\/prive-tours\/san-diego-private-tours\/\" data-internallinksmanager029f6b8e52c=\"435\" title=\"11 Beste priv\u00e9tours in San Diego vanaf $64,50\">San Diego<\/a>. Vandaag de dag heeft deze multinational een miljardenmarktwaarde en is aanwezig in acht landen. Maar hoe biedt het bedrijf priv\u00e9charters aan?<\/p>\r\n\r\n\r\n\r\n<p>Dat is waar <a href=\"https:\/\/comparemyjet.com\/nl\/wielen-omhoog\/\">Wielen omhoog<\/a>, een bekende priv\u00e9 jet service provider, komt binnen. Wheels Up is een aanbieder van chartervluchten op basis van lidmaatschap, opgericht in 2013. In 2014 had de organisatie meer dan duizend betalende klanten en een vloot van <a href=\"https:\/\/comparemyjet.com\/nl\/cessna\/\" data-internallinksmanager029f6b8e52c=\"145\" title=\"Ultieme gids voor Cessna Priv\u00e9 Jets &amp; Vliegtuigen\">Cessna<\/a> Citation jets en King Air 105i turboprops. Nu bieden ze lichte tot zware priv\u00e9jets aan in een vloot van ongeveer 1.500 vliegtuigen.<\/p>\r\n\r\n\r\n\r\n<p>Wheels Up werkte in 2020 samen met Costco om Costco-leden toegang te geven tot priv\u00e9-jet lidmaatschappen.<\/p>\r\n\r\n\r\n\r\n<h2 class=\"wp-block-heading\"><span class=\"ez-toc-section\" id=\"Membership_Programs\"><\/span>Lidmaatschapsprogramma's<span class=\"ez-toc-section-end\"><\/span><\/h2>\r\n\r\n\r\n\r\n<p>Veel mensen begonnen commerci\u00eble vluchten te vermijden als gevolg van de Covid-19 uitbraak, waardoor priv\u00e9-jet lidmaatschappen, een luxe vaak voorbehouden aan de rijken, populairder werden onder vliegers.&nbsp;<\/p>\r\n\r\n\r\n\r\n<p>Costco Private Jet zijn een voorbeeld van deze trend. Laten we eens kijken of het een goed idee is om de groothandelsgigant te gebruiken om een priv\u00e9jet te reserveren.&nbsp;<\/p>\r\n\r\n\r\n\r\n<p>De voordelen van het Costco priv\u00e9jet-lidmaatschap omvatten een vast uurtarief, gegarandeerde beschikbaarheid en kortingen.<\/p>\r\n\r\n\r\n\r\n<p>Het is het echter niet waard als u het slechts voor \u00e9\u00e9n of twee priv\u00e9jetreizen per jaar wilt gebruiken. Alleen frequente vliegers zullen rendement halen uit dit lidmaatschap.&nbsp;<\/p>\r\n\r\n\r\n\r\n<p>Het jet-lidmaatschapsprogramma omvat een gratis jaarabonnement op de priv\u00e9-vliegdienst Wheels Up. Naast de gegarandeerde beschikbaarheid van vliegtuigen in het hele land gedurende maximaal 365 dagen, krijgen de leden ook een jaarabonnement op Inspirato, een bedrijf dat gespecialiseerd is in het aanbieden van luxe vakantieaccommodaties.&nbsp;<\/p>\r\n\r\n\r\n\r\n<p>Om een vlucht te boeken, moeten de leden ten minste 24 uur van tevoren aanmelden.<\/p>\r\n\r\n\r\n\r\n<h2 class=\"wp-block-heading\"><span class=\"ez-toc-section\" id=\"Pricing\"><\/span>Prijsstelling<span class=\"ez-toc-section-end\"><\/span><\/h2>\r\n\r\n\r\n\r\n<p>De jaarlijkse contributie voor het programma kost ongeveer $17.500. Het lidmaatschapspakket omvat toegang tot priv\u00e9 evenementen, $3.500 Costco shopping credit, $4.000 airfare credit, en meer extraatjes.<\/p>\r\n\r\n\r\n\r\n<p>De vergoeding dekt niet de kosten van de daadwerkelijke vluchten en geeft alleen toegang tot Wheels Up voor het boeken van vluchten. Leden kunnen via Wheels Up een chartervlucht regelen op een van de 300 vliegtuigen van het bedrijf of de 1.250 partnervliegtuigen, en betalen voor de vlucht nadat deze is gepland.<\/p>\r\n\r\n\r\n\r\n<h2 class=\"wp-block-heading\"><span class=\"ez-toc-section\" id=\"The_Fleet\"><\/span>De Vloot&nbsp;<span class=\"ez-toc-section-end\"><\/span><\/h2>\r\n\r\n\r\n\r\n<figure class=\"wp-block-image size-full is-style-default\"><img loading=\"lazy\" decoding=\"async\" width=\"1000\" height=\"750\" src=\"https:\/\/comparemyjet.com\/wp-content\/uploads\/2022\/10\/costco.wheelsup.jpg\" alt=\"Costco Priv\u00e9 Vliegtuig\" class=\"wp-image-3601\" srcset=\"https:\/\/comparemyjet.com\/wp-content\/uploads\/2022\/10\/costco.wheelsup-16x12.jpg 16w, https:\/\/comparemyjet.com\/wp-content\/uploads\/2022\/10\/costco.wheelsup-300x225.jpg 300w, https:\/\/comparemyjet.com\/wp-content\/uploads\/2022\/10\/costco.wheelsup-400x300.jpg 400w, https:\/\/comparemyjet.com\/wp-content\/uploads\/2022\/10\/costco.wheelsup-768x576.jpg 768w, https:\/\/comparemyjet.com\/wp-content\/uploads\/2022\/10\/costco.wheelsup-800x600.jpg 800w, https:\/\/comparemyjet.com\/wp-content\/uploads\/2022\/10\/costco.wheelsup.jpg 1000w\" sizes=\"auto, (max-width: 1000px) 100vw, 1000px\" \/><\/figure>\r\n\r\n\r\n\r\n<p>Wheels Up heeft een eigen vliegtuigvloot en chartert ook priv\u00e9jets van gerenommeerde bedrijven. Grofweg beheert Wheels Up, in eigendom of geleased, ongeveer 1.500 jets.<\/p>\r\n\r\n\r\n\r\n<p>De onderneming voert een beleid van gegarandeerde beschikbaarheid, met bepaalde beperkte vrijstellingen afhankelijk van het specifieke programma.<\/p>\r\n\r\n\r\n\r\n<p>Turboprops, lichte, midden, super-midden en grote vliegtuigen maken allemaal deel uit van Wheels Up's eigen of beheerde vloot. U kunt meer details lezen in onze <a href=\"https:\/\/comparemyjet.com\/nl\/wielen-omhoog\/\">Wheels Up review<\/a>.<\/p>\r\n\r\n\r\n\r\n<h2 class=\"wp-block-heading\"><span class=\"ez-toc-section\" id=\"Company_Safety_Policy_and_Standards\"><\/span>Bedrijfsveiligheidsbeleid en -normen<span class=\"ez-toc-section-end\"><\/span><\/h2>\r\n\r\n\r\n\r\n<p>Wheels Up is een van de weinige priv\u00e9jetbedrijven in de sector die evaluaties en audits ter plaatse uitvoert voor elke partner en elk vliegtuig als onderdeel van het doorlichtings- en kwaliteitsgarantieproces. Wheels Up certificeert slechts 90 van de 2.000 Amerikaanse exploitanten om luchtvervoer te verzorgen voor haar leden en klanten.&nbsp;<\/p>\r\n\r\n\r\n\r\n<p>Vanwege hun hoge standaarden nemen ze alleen de meest gekwalificeerde werknemers aan, wat zowel kwaliteit als veiligheid garandeert. De piloten van Wheels Up behoren tot de beste in de sector, en ze worden intensief getraind om die status te behouden.<\/p>\r\n\r\n\r\n\r\n<p>Alle partner vliegtuigen van Wheels Up worden gevlogen door top bedrijven in de luchtvaart, waaronder <a href=\"https:\/\/comparemyjet.com\/nl\/delta-private-jets\/\" data-internallinksmanager029f6b8e52c=\"184\" title=\"Delta Private Jets Lidmaatschap Prijzen\">Delta Priv\u00e9 Vliegtuigen<\/a>Gama Aviation, Mountain Aviation, TMC Jets, en hun filialen.<\/p>\r\n\r\n\r\n\r\n<p>Bovendien claimt Wheels Up \"veiligheid zonder beperkingen\" voor zijn passagiers door tweemaal per dag de temperatuur van de bemanningsleden te controleren, regelmatig te reinigen en te desinfecteren tussen de vluchten door, en het interieur van de vliegtuigen te ventileren.<\/p>\r\n\r\n\r\n\r\n<h2 class=\"wp-block-heading\"><span class=\"ez-toc-section\" id=\"Conclusion\"><\/span>Conclusie<span class=\"ez-toc-section-end\"><\/span><\/h2>\r\n\r\n\r\n\r\n<figure class=\"wp-block-image size-full is-style-default\"><img loading=\"lazy\" decoding=\"async\" width=\"1000\" height=\"668\" src=\"https:\/\/comparemyjet.com\/wp-content\/uploads\/2022\/10\/membership.jpg\" alt=\"\" class=\"wp-image-3602\" srcset=\"https:\/\/comparemyjet.com\/wp-content\/uploads\/2022\/10\/membership-18x12.jpg 18w, https:\/\/comparemyjet.com\/wp-content\/uploads\/2022\/10\/membership-300x200.jpg 300w, https:\/\/comparemyjet.com\/wp-content\/uploads\/2022\/10\/membership-768x513.jpg 768w, https:\/\/comparemyjet.com\/wp-content\/uploads\/2022\/10\/membership.jpg 1000w\" sizes=\"auto, (max-width: 1000px) 100vw, 1000px\" \/><\/figure>\r\n\r\n\r\n\r\n<p>U kunt lid worden van het Costco priv\u00e9jetprogramma om te profiteren van Wheels Up's verzekerde vluchtboekingsservice. Met uw lidmaatschap kunt u vluchten boeken tegen een vaste prijs per uur. Het lijkt erop dat de samenwerking is be\u00ebindigd. Geen van beide webpagina's geeft nuttige informatie.<\/p>\r\n\r\n\r\n\r\n<p>Heeft het zin om een priv\u00e9jet lidmaatschap bij Costco te nemen als het weer beschikbaar komt?<\/p>\r\n\r\n\r\n\r\n<p>Het antwoord op deze vraag ligt bij de koper. Wij adviseren priv\u00e9jetvliegers hun opties te bekijken en maatschappijen te vergelijken alvorens een definitieve beslissing te nemen.<\/p>","protected":false},"excerpt":{"rendered":"<p>De Amerikaanse multinational Costco Wholesale Corporation runt een exclusieve winkelclub voor zijn leden. Maar Costco is meer dan goedkope papieren handdoeken, lijnzaadolie en mozzarella.  In 2020 begon de groothandel met het aanbieden van jaarlijkse lidmaatschapsdeals voor priv\u00e9jetprogramma's als onderdeel van hun partnerschap met Wheels Up.  In dit artikel onderzoeken we hoe dit ...<\/p>","protected":false},"author":2,"featured_media":0,"parent":0,"menu_order":0,"comment_status":"closed","ping_status":"closed","template":"","meta":{"_acf_changed":false,"_genesis_hide_title":false,"_genesis_hide_breadcrumbs":false,"_genesis_hide_singular_image":false,"_genesis_hide_footer_widgets":false,"_genesis_custom_body_class":"","_genesis_custom_post_class":"","_genesis_layout":"","footnotes":""},"class_list":{"1":"page","2":"type-page","5":"entry"},"acf":[],"_links":{"self":[{"href":"https:\/\/comparemyjet.com\/nl\/wp-json\/wp\/v2\/pages\/3599","targetHints":{"allow":["GET"]}}],"collection":[{"href":"https:\/\/comparemyjet.com\/nl\/wp-json\/wp\/v2\/pages"}],"about":[{"href":"https:\/\/comparemyjet.com\/nl\/wp-json\/wp\/v2\/types\/page"}],"author":[{"embeddable":true,"href":"https:\/\/comparemyjet.com\/nl\/wp-json\/wp\/v2\/users\/2"}],"replies":[{"embeddable":true,"href":"https:\/\/comparemyjet.com\/nl\/wp-json\/wp\/v2\/comments?post=3599"}],"version-history":[{"count":3,"href":"https:\/\/comparemyjet.com\/nl\/wp-json\/wp\/v2\/pages\/3599\/revisions"}],"predecessor-version":[{"id":3619,"href":"https:\/\/comparemyjet.com\/nl\/wp-json\/wp\/v2\/pages\/3599\/revisions\/3619"}],"wp:attachment":[{"href":"https:\/\/comparemyjet.com\/nl\/wp-json\/wp\/v2\/media?parent=3599"}],"curies":[{"name":"wp","href":"https:\/\/api.w.org\/{rel}","templated":true}]}}