{"id":3061,"date":"2022-07-11T23:51:35","date_gmt":"2022-07-11T23:51:35","guid":{"rendered":"https:\/\/comparemyjet.com\/?page_id=3061"},"modified":"2025-09-04T09:58:14","modified_gmt":"2025-09-04T09:58:14","slug":"amalfi-jets","status":"publish","type":"page","link":"https:\/\/comparemyjet.com\/pl\/amalfi-jets\/","title":{"rendered":"Ceny lot\u00f3w Amalfi Jets"},"content":{"rendered":"<p>Nic nie mo\u017ce si\u0119 r\u00f3wna\u0107 z podr\u00f3\u017c\u0105 przez \u015bwiat podczas lotu prywatnym odrzutowcem. Aby uczyni\u0107 do\u015bwiadczenie latania prywatnym odrzutowcem jeszcze bardziej przyjemnym, Amalfi Jets wysy\u0142a jednego ze swoich przedstawicieli na lotnisko, aby przywita\u0107 ka\u017cdego klienta przed odlotem i zapewni\u0107, \u017ce ka\u017cdy szczeg\u00f3\u0142 jest zadbany, aby lot by\u0142 jak najbardziej przyjemny.&nbsp;<\/p>\r\n\r\n\r\n\r\n<p>Firma \u015bwiadczy us\u0142ugi takie jak czarter na \u017c\u0105danie oraz programy cz\u0142onkowskie typu jet card. Obiecuj\u0105 r\u00f3wnie\u017c zapewnienie dost\u0119pno\u015bci z zaledwie 18-godzinnym wyprzedzeniem, a tak\u017ce mo\u017cliwo\u015b\u0107 skorzystania z darmowych upgrade'\u00f3w samolot\u00f3w i wielu innych korzy\u015bci. Poznajmy bli\u017cej zalety latania z Amalfi jets.<\/p>\r\n\r\n\r\n\r\n<div id=\"ez-toc-container\" class=\"ez-toc-v2_0_76 counter-hierarchy ez-toc-counter ez-toc-grey ez-toc-container-direction\">\n<p class=\"ez-toc-title\" style=\"cursor:inherit\">Tematy<\/p>\n<label for=\"ez-toc-cssicon-toggle-item-69f038b4b5d30\" class=\"ez-toc-cssicon-toggle-label\"><span class=\"\"><span class=\"eztoc-hide\" style=\"display:none;\">Toggle<\/span><span class=\"ez-toc-icon-toggle-span\"><svg style=\"fill: #999;color:#999\" xmlns=\"http:\/\/www.w3.org\/2000\/svg\" class=\"list-377408\" width=\"20px\" height=\"20px\" viewbox=\"0 0 24 24\" fill=\"none\"><path d=\"M6 6H4v2h2V6zm14 0H8v2h12V6zM4 11h2v2H4v-2zm16 0H8v2h12v-2zM4 16h2v2H4v-2zm16 0H8v2h12v-2z\" fill=\"currentColor\"><\/path><\/svg><svg style=\"fill: #999;color:#999\" class=\"arrow-unsorted-368013\" xmlns=\"http:\/\/www.w3.org\/2000\/svg\" width=\"10px\" height=\"10px\" viewbox=\"0 0 24 24\" version=\"1.2\" baseprofile=\"tiny\"><path d=\"M18.2 9.3l-6.2-6.3-6.2 6.3c-.2.2-.3.4-.3.7s.1.5.3.7c.2.2.4.3.7.3h11c.3 0 .5-.1.7-.3.2-.2.3-.5.3-.7s-.1-.5-.3-.7zM5.8 14.7l6.2 6.3 6.2-6.3c.2-.2.3-.5.3-.7s-.1-.5-.3-.7c-.2-.2-.4-.3-.7-.3h-11c-.3 0-.5.1-.7.3-.2.2-.3.5-.3.7s.1.5.3.7z\"\/><\/svg><\/span><\/span><\/label><input type=\"checkbox\"  id=\"ez-toc-cssicon-toggle-item-69f038b4b5d30\" checked aria-label=\"Prze\u0142\u0105cznik\" \/><nav><ul class='ez-toc-list ez-toc-list-level-1' ><li class='ez-toc-page-1 ez-toc-heading-level-2'><a class=\"ez-toc-link ez-toc-heading-1\" href=\"https:\/\/comparemyjet.com\/pl\/amalfi-jets\/#Company_History\" >Historia firmy<\/a><ul class='ez-toc-list-level-3' ><li class='ez-toc-heading-level-3'><a class=\"ez-toc-link ez-toc-heading-2\" href=\"https:\/\/comparemyjet.com\/pl\/amalfi-jets\/#Why_Choose_Amalfi_Jets\" >Dlaczego warto wybra\u0107 Amalfi Jets?<\/a><\/li><\/ul><\/li><li class='ez-toc-page-1 ez-toc-heading-level-2'><a class=\"ez-toc-link ez-toc-heading-3\" href=\"https:\/\/comparemyjet.com\/pl\/amalfi-jets\/#Ways_to_Fly\" >Sposoby na latanie<\/a><\/li><li class='ez-toc-page-1 ez-toc-heading-level-2'><a class=\"ez-toc-link ez-toc-heading-4\" href=\"https:\/\/comparemyjet.com\/pl\/amalfi-jets\/#The_Company_Card_Program\" >Program Karty Firmowej<\/a><\/li><li class='ez-toc-page-1 ez-toc-heading-level-2'><a class=\"ez-toc-link ez-toc-heading-5\" href=\"https:\/\/comparemyjet.com\/pl\/amalfi-jets\/#Pricing\" >Ustalanie cen<\/a><\/li><li class='ez-toc-page-1 ez-toc-heading-level-2'><a class=\"ez-toc-link ez-toc-heading-6\" href=\"https:\/\/comparemyjet.com\/pl\/amalfi-jets\/#The_Fleet\" >Flota&nbsp;<\/a><ul class='ez-toc-list-level-3' ><li class='ez-toc-heading-level-3'><a class=\"ez-toc-link ez-toc-heading-7\" href=\"https:\/\/comparemyjet.com\/pl\/amalfi-jets\/#1_Light_Private_Jets\" >1. Lekkie odrzutowce prywatne<\/a><\/li><li class='ez-toc-page-1 ez-toc-heading-level-3'><a class=\"ez-toc-link ez-toc-heading-8\" href=\"https:\/\/comparemyjet.com\/pl\/amalfi-jets\/#2_Midsize_and_Super-Midsize_Private_Jets\" >2. Prywatne odrzutowce \u015bredniej wielko\u015bci i super \u015bredniej wielko\u015bci&nbsp;<\/a><\/li><li class='ez-toc-page-1 ez-toc-heading-level-3'><a class=\"ez-toc-link ez-toc-heading-9\" href=\"https:\/\/comparemyjet.com\/pl\/amalfi-jets\/#3_Large_Private_Jets\" >3. Du\u017ce prywatne odrzutowce<\/a><\/li><li class='ez-toc-page-1 ez-toc-heading-level-3'><a class=\"ez-toc-link ez-toc-heading-10\" href=\"https:\/\/comparemyjet.com\/pl\/amalfi-jets\/#4_Ultra-Long-Range_Private_Jets\" >4. Prywatne odrzutowce dalekiego zasi\u0119gu<\/a><\/li><\/ul><\/li><li class='ez-toc-page-1 ez-toc-heading-level-2'><a class=\"ez-toc-link ez-toc-heading-11\" href=\"https:\/\/comparemyjet.com\/pl\/amalfi-jets\/#Company_Safety_Policy_and_Standards\" >Polityka i normy bezpiecze\u0144stwa firmy<\/a><\/li><li class='ez-toc-page-1 ez-toc-heading-level-2'><a class=\"ez-toc-link ez-toc-heading-12\" href=\"https:\/\/comparemyjet.com\/pl\/amalfi-jets\/#Partnerships\" >Partnerstwa<\/a><\/li><li class='ez-toc-page-1 ez-toc-heading-level-2'><a class=\"ez-toc-link ez-toc-heading-13\" href=\"https:\/\/comparemyjet.com\/pl\/amalfi-jets\/#Conclusion\" >Wniosek<\/a><\/li><\/ul><\/nav><\/div>\n<h2 class=\"wp-block-heading\"><span class=\"ez-toc-section\" id=\"Company_History\"><\/span>Historia firmy<span class=\"ez-toc-section-end\"><\/span><\/h2>\r\n\r\n\r\n\r\n<p>Amalfi Jets to. <a href=\"https:\/\/comparemyjet.com\/pl\/jak-wynajac-lub-wyczarterowac-prywatny-odrzutowiec\/\" data-internallinksmanager029f6b8e52c=\"15\" title=\"Jak wynaj\u0105\u0107 lub wyczarterowa\u0107 prywatny odrzutowiec?\">czarter prywatnego odrzutowca<\/a> agencja, kt\u00f3ra zosta\u0142a za\u0142o\u017cona przez Kolina Jonesa w 2020 roku. Z siedzib\u0105 w. <a href=\"https:\/\/comparemyjet.com\/pl\/prywatne-wycieczki\/los-angeles-private-tours\/\" data-internallinksmanager029f6b8e52c=\"421\" title=\"11 najlepszych prywatnych wycieczek po Los Angeles od $55.00\">Los Angeles<\/a>Amalfi oferuje podr\u00f3\u017cnym zar\u00f3wno leasing na \u017c\u0105danie, jak i opcj\u0119 cz\u0142onkostwa dla os\u00f3b cz\u0119sto lataj\u0105cych. Osoby prywatne, korporacje i rodziny skorzysta\u0142y z wyspecjalizowanych us\u0142ug lotniczych firmy, takich jak spersonalizowany catering i uzupe\u0142niaj\u0105cy serwis czarnego samochodu.&nbsp;<\/p>\r\n\r\n\r\n\r\n<p>Amalfi Jets, LLC jest jednym z najszybciej rozwijaj\u0105cych si\u0119 przedsi\u0119biorstw w sektorze lotniczym pod kierownictwem Kolina. Od szybko\u015bci dzia\u0142ania pilot\u00f3w i personelu po zapewnienie bezpiecze\u0144stwa klient\u00f3w, Amalfi Jets podejmuje wszelkie \u015brodki ostro\u017cno\u015bci, aby upewni\u0107 si\u0119, \u017ce Twoja podr\u00f3\u017c przebiega bezproblemowo, wi\u0119c nie b\u0119dziesz mia\u0142 si\u0119 czym martwi\u0107, opr\u00f3cz tego, \u017ce b\u0119dziesz si\u0119 \u015bwietnie bawi\u0142 na pok\u0142adzie prywatnego samolotu.<\/p>\r\n\r\n\r\n\r\n<p>Amalfi Jets posiada rozbudowan\u0105 sie\u0107 oko\u0142o 2000 samolot\u00f3w zlokalizowanych na ca\u0142ym \u015bwiecie. Wszystkie loty s\u0105 prowadzone przez <a href=\"https:\/\/www.faa.gov\/\" target=\"_blank\" rel=\"noopener\">FAA<\/a>-certyfikowanych operator\u00f3w statk\u00f3w powietrznych z cz\u0119\u015bci 135 lub ich odpowiednik\u00f3w w innych krajach.&nbsp;<\/p>\r\n\r\n\r\n\r\n<h3 class=\"wp-block-heading\"><span class=\"ez-toc-section\" id=\"Why_Choose_Amalfi_Jets\"><\/span>Dlaczego warto wybra\u0107 Amalfi Jets?<span class=\"ez-toc-section-end\"><\/span><\/h3>\r\n\r\n\r\n\r\n<p>Amalfi Jets stara si\u0119 zapewni\u0107 najwy\u017csz\u0105 jako\u015b\u0107 obs\u0142ugi klienta. Jedn\u0105 z rzeczy, kt\u00f3ra wyr\u00f3\u017cnia ich spo\u015br\u00f3d innych prywatnych firm czarterowych jest ich globalny zesp\u00f3\u0142 przedstawicieli Amalfi, kt\u00f3rzy wylatuj\u0105, aby powita\u0107 pasa\u017cer\u00f3w w ka\u017cdym miejscu odlotu.&nbsp;<\/p>\r\n\r\n\r\n\r\n<p>Firma zapewnia r\u00f3wnie\u017c bezp\u0142atny odbi\u00f3r z domu lub z miejsca rozpocz\u0119cia podr\u00f3\u017cy, oferuj\u0105c us\u0142ug\u0119 czarnego samochodu w SUV-ach dla wszystkich podr\u00f3\u017cnych. Otrzymasz us\u0142ugi taks\u00f3wkarskie z miejsca wyjazdu na lotnisko przylotu podczas ka\u017cdej podr\u00f3\u017cy, kt\u00f3r\u0105 zaplanujesz i zrealizujesz z Amalfi Jets. B\u0119d\u0105 oni Twoim towarzyszem podczas ca\u0142ej podr\u00f3\u017cy.<\/p>\r\n\r\n\r\n\r\n<p>Je\u015bli chodzi o catering na pok\u0142adzie, Amalfi Jets ch\u0119tnie wsp\u00f3\u0142pracuje z najbardziej znanymi szefami kuchni na \u015bwiecie. Przed ka\u017cd\u0105 podr\u00f3\u017c\u0105 personel obs\u0142ugi klienta uk\u0142ada menu, kt\u00f3re mo\u017cna wybra\u0107 w zale\u017cno\u015bci od preferencji i diety.<\/p>\r\n\r\n\r\n\r\n<p>Ponadto, ich konsultanci lotniczy pomog\u0105 Ci wybra\u0107 odpowiedni i najbardziej przyst\u0119pny cenowo samolot dla konkretnej podr\u00f3\u017cy spo\u015br\u00f3d ponad 2 000 maszyn. Ka\u017cda podr\u00f3\u017c jest nadzorowana przez specjalist\u00f3w lotniczych, aby zapewni\u0107 wysok\u0105 jako\u015b\u0107 us\u0142ug i zadowolenie klienta.<\/p>\r\n\r\n\r\n\r\n<h2 class=\"wp-block-heading\"><span class=\"ez-toc-section\" id=\"Ways_to_Fly\"><\/span>Sposoby na latanie<span class=\"ez-toc-section-end\"><\/span><\/h2>\r\n\r\n\r\n\r\n<p>Z Amalfi Jets mo\u017cna polecie\u0107 na dwa sposoby:<\/p>\r\n\r\n\r\n\r\n<ol class=\"wp-block-list\"><li>Zam\u00f3wienie na dost\u0119pne alternatywne rozwi\u0105zania dla statk\u00f3w powietrznych na zasadzie \"trip-by-trip\" poprzez <a href=\"https:\/\/amalfijets.com\/on-demand-charter\/\" target=\"_blank\" rel=\"noopener\">na \u017c\u0105danie<\/a> aspekt czarterowy.&nbsp;<\/li><li>Zosta\u0144 <a href=\"https:\/\/amalfijets.com\/the-amalfi-one-jet-card-program\/\" target=\"_blank\" rel=\"noopener\">Karta One Jet<\/a> Je\u015bli jeste\u015b osob\u0105 cz\u0119sto lataj\u0105c\u0105, kt\u00f3ra chce posiada\u0107 samolot bez ponoszenia op\u0142at z nim zwi\u0105zanych.<\/li><\/ol>\r\n\r\n\r\n\r\n<p>Poznajmy program cz\u0142onkowski bardziej szczeg\u00f3\u0142owo.<\/p>\r\n\r\n\r\n\r\n<h2 class=\"wp-block-heading\"><span class=\"ez-toc-section\" id=\"The_Company_Card_Program\"><\/span>Program Karty Firmowej<span class=\"ez-toc-section-end\"><\/span><\/h2>\r\n\r\n\r\n\r\n<p>Celem programu Amalfi One Jet Card jest zaoferowanie sieci us\u0142ug, w ramach kt\u00f3rej mo\u017cna korzysta\u0107 z tego, co najlepsze w bran\u017cy - podr\u00f3\u017cy po ca\u0142ym \u015bwiecie.<\/p>\r\n\r\n\r\n\r\n<p>Karta Amalfi One Jet jest jedyn\u0105 kart\u0105 odrzutow\u0105 w bran\u017cy, kt\u00f3ra mo\u017ce by\u0107 u\u017cywana w ponad 30 r\u00f3\u017cnych krajach. Jako posiadacz karty mo\u017cesz lata\u0107 i p\u0142aci\u0107 za godzin\u0119, je\u015bli tylko podr\u00f3\u017cujesz w obr\u0119bie lub pomi\u0119dzy krajami nale\u017c\u0105cymi do g\u0142\u00f3wnego obszaru us\u0142ug firmy. Niezale\u017cnie od tego, dok\u0105d zaprowadzi Ci\u0119 Twoja podr\u00f3\u017c, mo\u017cesz mie\u0107 pewno\u015b\u0107, \u017ce flota samolot\u00f3w b\u0119dzie czeka\u0107, aby przetransportowa\u0107 Ci\u0119 do celu.<\/p>\r\n\r\n\r\n\r\n<p>Kolejn\u0105 korzy\u015bci\u0105 wynikaj\u0105c\u0105 z posiadania karty jest mo\u017cliwo\u015b\u0107 wyczarterowania odrzutowca z 18-godzinnym wyprzedzeniem na terenie USA lub 72-godzinnym w przypadku pozosta\u0142ych lokalizacji w obr\u0119bie g\u0142\u00f3wnego obszaru us\u0142ug Amalfis.<\/p>\r\n\r\n\r\n\r\n<p>Wreszcie, jako posiadacz karty, otrzymasz bezp\u0142atny serwis czarnego samochodu, spersonalizowany catering podczas ka\u017cdego lotu oraz preferowane przez Ciebie alkohole i napoje. Przedstawiciel Amalfi Jets powita Ci\u0119 na ka\u017cdym lotnisku, aby upewni\u0107 si\u0119, \u017ce otrzymasz najwy\u017cszy poziom us\u0142ug.<\/p>\r\n\r\n\r\n\r\n<h2 class=\"wp-block-heading\"><span class=\"ez-toc-section\" id=\"Pricing\"><\/span>Ustalanie cen<span class=\"ez-toc-section-end\"><\/span><\/h2>\r\n\r\n\r\n\r\n<p>Minimalny depozyt pocz\u0105tkowy w wysoko\u015bci $50,000 USD jest wymagany dla Programu One, przy czym ca\u0142a kwota $50,000 jest natychmiast przekazywana na Twoje konto lotnicze dla cel\u00f3w podr\u00f3\u017cy, bez op\u0142at cz\u0142onkowskich, op\u0142at rocznych, sk\u0142adek lub koszt\u00f3w inicjacji.<\/p>\r\n\r\n\r\n\r\n<p>Jako uczestnik programu One Jet Card p\u0142acisz nast\u0119puj\u0105ce stawki godzinowe:<\/p>\r\n\r\n\r\n\r\n<ul class=\"wp-block-list\"><li>$5,800 dla lekkich dysz;&nbsp;<\/li><li>$7,800 dla \u015bredniej wielko\u015bci odrzutowc\u00f3w;&nbsp;<\/li><li>$9,800 dla super \u015brednich odrzutowc\u00f3w;&nbsp;<\/li><li>$10,800 dla du\u017cych odrzutowc\u00f3w kabinowych;&nbsp;<\/li><li>$13,500 dla odrzutowc\u00f3w ultradalekiego zasi\u0119gu.<\/li><\/ul>\r\n\r\n\r\n\r\n<h2 class=\"wp-block-heading\"><span class=\"ez-toc-section\" id=\"The_Fleet\"><\/span>Flota&nbsp;<span class=\"ez-toc-section-end\"><\/span><\/h2>\r\n\r\n\r\n\r\n<figure class=\"wp-block-image size-full is-style-default\"><img loading=\"lazy\" decoding=\"async\" width=\"1000\" height=\"667\" src=\"https:\/\/comparemyjet.com\/wp-content\/uploads\/2022\/07\/amalfi.jets_.white_.private.jet_.on_.the_.runway.jpg\" alt=\"amalfi.jets.bia\u0142y.prywatny.samolot.na.pasie.startowym\" class=\"wp-image-3067\" srcset=\"https:\/\/comparemyjet.com\/wp-content\/uploads\/2022\/07\/amalfi.jets_.white_.private.jet_.on_.the_.runway-18x12.jpg 18w, https:\/\/comparemyjet.com\/wp-content\/uploads\/2022\/07\/amalfi.jets_.white_.private.jet_.on_.the_.runway-300x200.jpg 300w, https:\/\/comparemyjet.com\/wp-content\/uploads\/2022\/07\/amalfi.jets_.white_.private.jet_.on_.the_.runway-768x512.jpg 768w, https:\/\/comparemyjet.com\/wp-content\/uploads\/2022\/07\/amalfi.jets_.white_.private.jet_.on_.the_.runway.jpg 1000w\" sizes=\"auto, (max-width: 1000px) 100vw, 1000px\" \/><\/figure>\r\n\r\n\r\n\r\n<p>Przyjrzyj si\u0119 poni\u017cszym kategoriom odrzutowc\u00f3w i skorzystaj z naszych wyja\u015bnie\u0144, aby wybra\u0107 idealny samolot na nadchodz\u0105c\u0105 podr\u00f3\u017c.<\/p>\r\n\r\n\r\n\r\n<h3 class=\"wp-block-heading\"><span class=\"ez-toc-section\" id=\"1_Light_Private_Jets\"><\/span>1. Lekkie odrzutowce prywatne<span class=\"ez-toc-section-end\"><\/span><\/h3>\r\n\r\n\r\n\r\n<p>Je\u015bli Twoja podr\u00f3\u017c trwa do trzech godzin, z niewielkim przyj\u0119ciem 4-6 pasa\u017cer\u00f3w, wygodnym wyborem s\u0105 odrzutowce z kategorii samolot\u00f3w lekkich.&nbsp;<\/p>\r\n\r\n\r\n\r\n<p>Lekkie odrzutowce s\u0105 cz\u0119stym wyborem ze wzgl\u0119du na ich niskie koszty operacyjne i wysok\u0105 wydajno\u015b\u0107. Niekt\u00f3re lekkie odrzutowce mog\u0105 by\u0107 stosunkowo ma\u0142e, podczas gdy inne wi\u0119ksze ni\u017c mo\u017cna by si\u0119 spodziewa\u0107, wi\u0119c wszystko zale\u017cy od modelu samolotu. Mo\u017ce nie by\u0107 sto\u0142\u00f3w lub toalet, i zazwyczaj nie ma miejsca do stania, dlatego stewardessy zazwyczaj nie towarzysz\u0105 pasa\u017cerom w tych odrzutowcach. Zapewniaj\u0105 one jednak spokojniejsze loty ni\u017c turbo\u015bmig\u0142owce przy niskich kosztach i s\u0105 idealne dla mniejszych pas\u00f3w startowych.&nbsp;<\/p>\r\n\r\n\r\n\r\n<h3 class=\"wp-block-heading\"><span class=\"ez-toc-section\" id=\"2_Midsize_and_Super-Midsize_Private_Jets\"><\/span>2. Prywatne odrzutowce \u015bredniej wielko\u015bci i super \u015bredniej wielko\u015bci&nbsp;<span class=\"ez-toc-section-end\"><\/span><\/h3>\r\n\r\n\r\n\r\n<p>Kategoria \u015brednia, kt\u00f3ra mo\u017ce pomie\u015bci\u0107 do 9 pasa\u017cer\u00f3w, jest popularna w przypadku podr\u00f3\u017cy do 4 godzin i dla pasa\u017cer\u00f3w, kt\u00f3rzy chc\u0105 mie\u0107 dodatkow\u0105 pojemno\u015b\u0107 baga\u017cow\u0105, przestronn\u0105 kabin\u0119 i wyrafinowane zakwaterowanie. W przeciwie\u0144stwie do lekkich samolot\u00f3w odrzutowych, samoloty kategorii midsize posiadaj\u0105 wi\u0119ksze przedzia\u0142y gastronomiczne, co pozwala na wniesienie na pok\u0142ad dodatkowych posi\u0142k\u00f3w i przek\u0105sek, a tak\u017ce napoj\u00f3w. Kolejn\u0105 ulubion\u0105 kategori\u0105 w\u015br\u00f3d klient\u00f3w jest kategoria samolot\u00f3w super-midsize. Te prywatne odrzutowce posiadaj\u0105 stoj\u0105ce kabiny, miejsca siedz\u0105ce dla nawet 9 pasa\u017cer\u00f3w i mo\u017cliwo\u015b\u0107 podr\u00f3\u017cowania przez kontynenty.<\/p>\r\n\r\n\r\n\r\n<h3 class=\"wp-block-heading\"><span class=\"ez-toc-section\" id=\"3_Large_Private_Jets\"><\/span>3. Du\u017ce prywatne odrzutowce<span class=\"ez-toc-section-end\"><\/span><\/h3>\r\n\r\n\r\n\r\n<p>Klasa du\u017cych prywatnych odrzutowc\u00f3w najlepiej nadaje si\u0119 na loty mi\u0119dzykontynentalne lub du\u017ce przyj\u0119cia, dzi\u0119ki przestronnym kabinom - bez wzgl\u0119du na zasi\u0119g podr\u00f3\u017cy. Ta klasa prywatnych odrzutowc\u00f3w zapewnia r\u00f3wnie\u017c doskona\u0142e osi\u0105gi na pasie startowym, szybko\u015b\u0107 wznoszenia i pr\u0119dko\u015b\u0107, wi\u0119ksz\u0105 pojemno\u015b\u0107 pasa\u017cersk\u0105 i baga\u017cow\u0105 oraz wi\u0119kszy zasi\u0119g.&nbsp;<\/p>\r\n\r\n\r\n\r\n<p>Ci\u0119\u017ckie samoloty mog\u0105 przewozi\u0107 oko\u0142o pi\u0119tnastu pasa\u017cer\u00f3w, z miejscem do spania dla sze\u015bciu. \u0141\u00f3\u017cka do spania, miejsca do przechowywania \u017cywno\u015bci, \u0142azienki i nowoczesne systemy rozrywki s\u0105 dost\u0119pne w prawie ka\u017cdym ci\u0119\u017ckim odrzutowcu, a podczas lotu jest przynajmniej jeden stewardessa.&nbsp;<\/p>\r\n\r\n\r\n\r\n<p>Przy pr\u0119dko\u015bci oko\u0142o 500 mil na godzin\u0119, ci\u0119\u017ckie odrzutowce maj\u0105 zasi\u0119g oko\u0142o 6 000 mil. S\u0105 mniejsze od samolot\u00f3w komercyjnych i oferuj\u0105 szerszy zakres mo\u017cliwo\u015bci l\u0105dowania.&nbsp;<\/p>\r\n\r\n\r\n\r\n<h3 class=\"wp-block-heading\"><span class=\"ez-toc-section\" id=\"4_Ultra-Long-Range_Private_Jets\"><\/span>4. Prywatne odrzutowce dalekiego zasi\u0119gu<span class=\"ez-toc-section-end\"><\/span><\/h3>\r\n\r\n\r\n\r\n<p>Je\u015bli musisz znale\u017a\u0107 si\u0119 na drugim ko\u0144cu \u015bwiata w bardzo kr\u00f3tkim czasie, odrzutowce ultrad\u0142ugiego zasi\u0119gu s\u0105 dla Ciebie. Do tej kategorii nale\u017c\u0105 odrzutowce zdolne do przelotu od 8 500 do 12 900 kilometr\u00f3w bez zatrzymywania si\u0119 na paliwo. Te prywatne samoloty s\u0105 przestronne i przyjemne, z trzema wyznaczonymi strefami do pracy, siedzenia i odpoczynku. Wysoko\u015b\u0107 kabiny wynosi od 1,85 do 1,95 metra.&nbsp;<\/p>\r\n\r\n\r\n\r\n<h2 class=\"wp-block-heading\"><span class=\"ez-toc-section\" id=\"Company_Safety_Policy_and_Standards\"><\/span>Polityka i normy bezpiecze\u0144stwa firmy<span class=\"ez-toc-section-end\"><\/span><\/h2>\r\n\r\n\r\n\r\n<p>Wszystkie loty s\u0105 prowadzone przez przewo\u017anik\u00f3w lotniczych FAA Part 135, kt\u00f3rzy posiadaj\u0105 certyfikaty bezpiecze\u0144stwa. Wszystkie samoloty s\u0105 wyposa\u017cone w najnowocze\u015bniejszy sprz\u0119t i pilot\u00f3w z du\u017cym do\u015bwiadczeniem. Ka\u017cdy lot Jet Card jest kontrolowany przez dw\u00f3ch pilot\u00f3w, a do pracy wykorzystywane s\u0105 wy\u0142\u0105cznie samoloty i za\u0142ogi, kt\u00f3re przesz\u0142y kompleksowy audyt bezpiecze\u0144stwa przeprowadzony przez trzeci\u0105 stron\u0119 - ARG\/US, Wyvern lub IS-BAO.<\/p>\r\n\r\n\r\n\r\n<h2 class=\"wp-block-heading\"><span class=\"ez-toc-section\" id=\"Partnerships\"><\/span>Partnerstwa<span class=\"ez-toc-section-end\"><\/span><\/h2>\r\n\r\n\r\n\r\n<figure class=\"wp-block-image size-full is-style-default\"><img loading=\"lazy\" decoding=\"async\" width=\"1000\" height=\"667\" src=\"https:\/\/comparemyjet.com\/wp-content\/uploads\/2022\/07\/white.plane_.flying.over_.buildings.jpg\" alt=\"\" class=\"wp-image-3064\" srcset=\"https:\/\/comparemyjet.com\/wp-content\/uploads\/2022\/07\/white.plane_.flying.over_.buildings-18x12.jpg 18w, https:\/\/comparemyjet.com\/wp-content\/uploads\/2022\/07\/white.plane_.flying.over_.buildings-300x200.jpg 300w, https:\/\/comparemyjet.com\/wp-content\/uploads\/2022\/07\/white.plane_.flying.over_.buildings-768x512.jpg 768w, https:\/\/comparemyjet.com\/wp-content\/uploads\/2022\/07\/white.plane_.flying.over_.buildings.jpg 1000w\" sizes=\"auto, (max-width: 1000px) 100vw, 1000px\" \/><\/figure>\r\n\r\n\r\n\r\n<p>Opr\u00f3cz \u015bwiadczenia swoim klientom us\u0142ug czarterowych i cz\u0142onkostwa w Jet Card, Amalfi Jet posiada r\u00f3wnie\u017c globaln\u0105 sie\u0107 partner\u00f3w rozmieszczonych na pi\u0119ciu kontynentach. Posiadacze kart firmy otrzymuj\u0105 dost\u0119p do wyj\u0105tkowych miejsc i korzy\u015bci, dzi\u0119ki swoim partnerom, takich jak przywileje w jednych z najlepszych miejsc na \u015bwiecie. <a href=\"https:\/\/comparemyjet.com\/pl\/hotels\/\" data-internallinksmanager029f6b8e52c=\"470\" title=\"100 najlepszych hoteli w pobli\u017cu lotnisk z ca\u0142ego \u015bwiata\">hotele<\/a>, kluby gastronomiczne i inne miejsca kultury i rozrywki.&nbsp;<\/p>\r\n\r\n\r\n\r\n<p>Karta Amalfi One Jet Card jest akceptowana w 32 krajach, dzi\u0119ki czemu mo\u017cesz podr\u00f3\u017cowa\u0107 w wi\u0119kszo\u015bci zak\u0105tk\u00f3w \u015bwiata.&nbsp;<\/p>\r\n\r\n\r\n\r\n<p>Amalfi Jets ma zaszczyt wsp\u00f3\u0142pracowa\u0107 z najbardziej presti\u017cowymi firmami na \u015bwiecie, takimi jak The Ritz - Carlton Residences, The Langham - i by\u0107 przez nie wspieranym. <a href=\"https:\/\/comparemyjet.com\/pl\/prywatne-wycieczki\/sydney-private-tours\/\" data-internallinksmanager029f6b8e52c=\"208\" title=\"11 najlepszych prywatnych wycieczek po Sydney od $31.99\">Sydney<\/a>, Palace Hotel - <a href=\"https:\/\/comparemyjet.com\/pl\/private-jet-charters-to-tokyo\/\" data-internallinksmanager029f6b8e52c=\"121\" title=\"Czartery prywatnych odrzutowc\u00f3w do Tokio\">Tokio<\/a>, Castello di Amorosa - <a href=\"https:\/\/comparemyjet.com\/pl\/prywatne-wycieczki\/napa-private-tours\/\" data-internallinksmanager029f6b8e52c=\"424\" title=\"11 najlepszych prywatnych wycieczek do Napa od $99.00\">Napa<\/a> Valley, Stein Eriksen Lodge i wiele innych.<\/p>\r\n\r\n\r\n\r\n<h2 class=\"wp-block-heading\"><span class=\"ez-toc-section\" id=\"Conclusion\"><\/span>Wniosek<span class=\"ez-toc-section-end\"><\/span><\/h2>\r\n\r\n\r\n\r\n<p>Niezwykle wa\u017cne jest, aby polega\u0107 na niezawodnej firmie czarterowej dla bezpiecze\u0144stwa Twojego i Twojej rodziny. Je\u015bli zastanawiasz si\u0119, gdzie si\u0119 zwr\u00f3ci\u0107, gdy op\u0142aty za czarter samolotu i paliwo lotnicze rosn\u0105 z sekundy na sekund\u0119, zwr\u00f3\u0107 si\u0119 do Amalfi Jets. Ich dba\u0142o\u015b\u0107 o szczeg\u00f3\u0142y i obs\u0142uga klienta gwarantuj\u0105 bezpieczn\u0105 i satysfakcjonuj\u0105c\u0105 podr\u00f3\u017c. Program One Jet Card zapewnia niskie stawki godzinowe, dost\u0119p do preferowanego odrzutowca w ci\u0105gu zaledwie 18 godzin, bez dodatkowych op\u0142at lub niedost\u0119pnych termin\u00f3w.&nbsp;<\/p>","protected":false},"excerpt":{"rendered":"<p>Nic nie mo\u017ce si\u0119 r\u00f3wna\u0107 z podr\u00f3\u017c\u0105 przez \u015bwiat podczas lotu prywatnym odrzutowcem. Aby uczyni\u0107 do\u015bwiadczenie latania prywatnym odrzutowcem bardziej przyjemnym, Amalfi Jets wysy\u0142a jednego ze swoich przedstawicieli na lotnisko, aby powita\u0107 ka\u017cdego klienta przed odlotem i zapewni\u0107, \u017ce ka\u017cdy szczeg\u00f3\u0142 jest zadbany dla najbardziej przyjemnego lotu.  Firma \u015bwiadczy us\u0142ugi takie jak ...<\/p>","protected":false},"author":2,"featured_media":3063,"parent":0,"menu_order":0,"comment_status":"closed","ping_status":"closed","template":"","meta":{"_acf_changed":false,"_genesis_hide_title":false,"_genesis_hide_breadcrumbs":false,"_genesis_hide_singular_image":false,"_genesis_hide_footer_widgets":false,"_genesis_custom_body_class":"","_genesis_custom_post_class":"","_genesis_layout":"","footnotes":""},"class_list":{"1":"page","2":"type-page","6":"entry"},"acf":[],"_links":{"self":[{"href":"https:\/\/comparemyjet.com\/pl\/wp-json\/wp\/v2\/pages\/3061","targetHints":{"allow":["GET"]}}],"collection":[{"href":"https:\/\/comparemyjet.com\/pl\/wp-json\/wp\/v2\/pages"}],"about":[{"href":"https:\/\/comparemyjet.com\/pl\/wp-json\/wp\/v2\/types\/page"}],"author":[{"embeddable":true,"href":"https:\/\/comparemyjet.com\/pl\/wp-json\/wp\/v2\/users\/2"}],"replies":[{"embeddable":true,"href":"https:\/\/comparemyjet.com\/pl\/wp-json\/wp\/v2\/comments?post=3061"}],"version-history":[{"count":3,"href":"https:\/\/comparemyjet.com\/pl\/wp-json\/wp\/v2\/pages\/3061\/revisions"}],"predecessor-version":[{"id":3437,"href":"https:\/\/comparemyjet.com\/pl\/wp-json\/wp\/v2\/pages\/3061\/revisions\/3437"}],"wp:featuredmedia":[{"embeddable":true,"href":"https:\/\/comparemyjet.com\/pl\/wp-json\/wp\/v2\/media\/3063"}],"wp:attachment":[{"href":"https:\/\/comparemyjet.com\/pl\/wp-json\/wp\/v2\/media?parent=3061"}],"curies":[{"name":"wp","href":"https:\/\/api.w.org\/{rel}","templated":true}]}}