{"id":3070,"date":"2022-07-11T23:51:45","date_gmt":"2022-07-11T23:51:45","guid":{"rendered":"https:\/\/comparemyjet.com\/?page_id=3070"},"modified":"2025-09-04T09:58:16","modified_gmt":"2025-09-04T09:58:16","slug":"concord-private-jet","status":"publish","type":"page","link":"https:\/\/comparemyjet.com\/pl\/concord-private-jet\/","title":{"rendered":"Ceny lot\u00f3w prywatnym odrzutowcem w Concord"},"content":{"rendered":"<p>Firma Concord Private Jet zosta\u0142a za\u0142o\u017cona w oparciu o zasad\u0119 dostarczania najlepszych samolot\u00f3w po mo\u017cliwie najni\u017cszych cenach. Firma dzia\u0142a jako broker czarterowy, wynajmuj\u0105c prywatne czartery dla swoich klient\u00f3w.<\/p>\r\n\r\n\r\n\r\n<p>W\u0142a\u015bciciel, Neal Impellizzeri, nadzoruje ka\u017cd\u0105 kart\u0119 Fleet Access i upewnia si\u0119, \u017ce wszystko, od planowania po catering lub transfer, jest dla Ciebie idealne. Impellizzeri docenia warto\u015b\u0107 bycia na czasie, a on i jego zesp\u00f3\u0142 s\u0105 dost\u0119pni 24 godziny na dob\u0119, 7 dni w tygodniu, aby zapewni\u0107, \u017ce ka\u017cdy harmonogram jest \u015bci\u015ble przestrzegany. Zobaczmy, co jeszcze Concord Private ma do zaoferowania w bardziej szczeg\u00f3\u0142owy spos\u00f3b.<\/p>\r\n\r\n\r\n\r\n<div id=\"ez-toc-container\" class=\"ez-toc-v2_0_76 counter-hierarchy ez-toc-counter ez-toc-grey ez-toc-container-direction\">\n<p class=\"ez-toc-title\" style=\"cursor:inherit\">Tematy<\/p>\n<label for=\"ez-toc-cssicon-toggle-item-69f1971b67858\" class=\"ez-toc-cssicon-toggle-label\"><span class=\"\"><span class=\"eztoc-hide\" style=\"display:none;\">Toggle<\/span><span class=\"ez-toc-icon-toggle-span\"><svg style=\"fill: #999;color:#999\" xmlns=\"http:\/\/www.w3.org\/2000\/svg\" class=\"list-377408\" width=\"20px\" height=\"20px\" viewbox=\"0 0 24 24\" fill=\"none\"><path d=\"M6 6H4v2h2V6zm14 0H8v2h12V6zM4 11h2v2H4v-2zm16 0H8v2h12v-2zM4 16h2v2H4v-2zm16 0H8v2h12v-2z\" fill=\"currentColor\"><\/path><\/svg><svg style=\"fill: #999;color:#999\" class=\"arrow-unsorted-368013\" xmlns=\"http:\/\/www.w3.org\/2000\/svg\" width=\"10px\" height=\"10px\" viewbox=\"0 0 24 24\" version=\"1.2\" baseprofile=\"tiny\"><path d=\"M18.2 9.3l-6.2-6.3-6.2 6.3c-.2.2-.3.4-.3.7s.1.5.3.7c.2.2.4.3.7.3h11c.3 0 .5-.1.7-.3.2-.2.3-.5.3-.7s-.1-.5-.3-.7zM5.8 14.7l6.2 6.3 6.2-6.3c.2-.2.3-.5.3-.7s-.1-.5-.3-.7c-.2-.2-.4-.3-.7-.3h-11c-.3 0-.5.1-.7.3-.2.2-.3.5-.3.7s.1.5.3.7z\"\/><\/svg><\/span><\/span><\/label><input type=\"checkbox\"  id=\"ez-toc-cssicon-toggle-item-69f1971b67858\" checked aria-label=\"Prze\u0142\u0105cznik\" \/><nav><ul class='ez-toc-list ez-toc-list-level-1' ><li class='ez-toc-page-1 ez-toc-heading-level-2'><a class=\"ez-toc-link ez-toc-heading-1\" href=\"https:\/\/comparemyjet.com\/pl\/concord-private-jet\/#Company_History\" >Historia firmy<\/a><\/li><li class='ez-toc-page-1 ez-toc-heading-level-2'><a class=\"ez-toc-link ez-toc-heading-2\" href=\"https:\/\/comparemyjet.com\/pl\/concord-private-jet\/#Company_Jet_Card_Program\" >Program firmowej karty Jet<\/a><\/li><li class='ez-toc-page-1 ez-toc-heading-level-2'><a class=\"ez-toc-link ez-toc-heading-3\" href=\"https:\/\/comparemyjet.com\/pl\/concord-private-jet\/#The_Fleet\" >Flota&nbsp;<\/a><ul class='ez-toc-list-level-3' ><li class='ez-toc-heading-level-3'><a class=\"ez-toc-link ez-toc-heading-4\" href=\"https:\/\/comparemyjet.com\/pl\/concord-private-jet\/#1_Light_Private_Jets\" >1. Lekkie odrzutowce prywatne<\/a><ul class='ez-toc-list-level-4' ><li class='ez-toc-heading-level-4'><a class=\"ez-toc-link ez-toc-heading-5\" href=\"https:\/\/comparemyjet.com\/pl\/concord-private-jet\/#Our_Recommendation_Premier_I\" >Nasza rekomendacja: Premier I<\/a><\/li><\/ul><\/li><li class='ez-toc-page-1 ez-toc-heading-level-3'><a class=\"ez-toc-link ez-toc-heading-6\" href=\"https:\/\/comparemyjet.com\/pl\/concord-private-jet\/#2_Midsize_Private_Jets\" >2. Prywatne odrzutowce \u015bredniej wielko\u015bci<\/a><ul class='ez-toc-list-level-4' ><li class='ez-toc-heading-level-4'><a class=\"ez-toc-link ez-toc-heading-7\" href=\"https:\/\/comparemyjet.com\/pl\/concord-private-jet\/#Our_Recommendation_Astra_SPX\" >Nasza rekomendacja: Astra SPX<\/a><\/li><\/ul><\/li><li class='ez-toc-page-1 ez-toc-heading-level-3'><a class=\"ez-toc-link ez-toc-heading-8\" href=\"https:\/\/comparemyjet.com\/pl\/concord-private-jet\/#3_Super-Midsize_Private_Jets\" >3. Prywatne odrzutowce super-\u015bredniej wielko\u015bci&nbsp;<\/a><ul class='ez-toc-list-level-4' ><li class='ez-toc-heading-level-4'><a class=\"ez-toc-link ez-toc-heading-9\" href=\"https:\/\/comparemyjet.com\/pl\/concord-private-jet\/#Our_Recommendation_The_Citation_Sovereign\" >Nasze zalecenie: Citation Sovereign<\/a><\/li><\/ul><\/li><li class='ez-toc-page-1 ez-toc-heading-level-3'><a class=\"ez-toc-link ez-toc-heading-10\" href=\"https:\/\/comparemyjet.com\/pl\/concord-private-jet\/#4_Large_Private_Jets\" >4. Du\u017ce prywatne odrzutowce<\/a><ul class='ez-toc-list-level-4' ><li class='ez-toc-heading-level-4'><a class=\"ez-toc-link ez-toc-heading-11\" href=\"https:\/\/comparemyjet.com\/pl\/concord-private-jet\/#Our_Recommendation_The_Falcon_900EX\" >Nasza rekomendacja: Falcon 900EX<\/a><\/li><\/ul><\/li><\/ul><\/li><li class='ez-toc-page-1 ez-toc-heading-level-2'><a class=\"ez-toc-link ez-toc-heading-12\" href=\"https:\/\/comparemyjet.com\/pl\/concord-private-jet\/#Company_Safety_Policy_and_Standards\" >Polityka i normy bezpiecze\u0144stwa firmy<\/a><\/li><li class='ez-toc-page-1 ez-toc-heading-level-2'><a class=\"ez-toc-link ez-toc-heading-13\" href=\"https:\/\/comparemyjet.com\/pl\/concord-private-jet\/#Conclusion\" >Wniosek<\/a><\/li><\/ul><\/nav><\/div>\n<h2 class=\"wp-block-heading\"><span class=\"ez-toc-section\" id=\"Company_History\"><\/span>Historia firmy<span class=\"ez-toc-section-end\"><\/span><\/h2>\r\n\r\n\r\n\r\n<p>Firma Concord Private Jet zosta\u0142a za\u0142o\u017cona w 2008 roku jako przedsi\u0119biorstwo rodzinne przez Neala Impellizzeri, jego \u017con\u0119 Michelle Impellizzeri i ich syna AJ w Nowym Jorku, <a href=\"https:\/\/comparemyjet.com\/pl\/prywatne-wycieczki\/new-york-city-private-tours\/\" data-internallinksmanager029f6b8e52c=\"427\" title=\"11 najlepszych prywatnych wycieczek po Nowym Jorku od $48.00\">Nowy Jork<\/a>.&nbsp;<\/p>\r\n\r\n\r\n\r\n<p>Concord jest ma\u0142\u0105, rodzinn\u0105 firm\u0105, kt\u00f3rej brakuje solidnej organizacji korporacyjnej, kt\u00f3ra pochodzi z wi\u0119kszych firm. A powodem, dla kt\u00f3rego mog\u0105 zapewni\u0107 przyst\u0119pne i niskie ceny jest w\u0142a\u015bnie to, \u017ce nie wydaj\u0105 dziesi\u0105tek tysi\u0119cy dolar\u00f3w na marketing i sprzeda\u017c.<\/p>\r\n\r\n\r\n\r\n<p>Concord Private Jet prowadzi czartery dla os\u00f3b trzecich. Nie ma op\u0142at wst\u0119pnych i cz\u0142onkowskich, a program podstawowy obejmuje 25 godzin na lekkim odrzutowcu lub turbo\u015bmig\u0142owcu. Stawka godzinowa jest sta\u0142a i gwarantowana, a posiadacze kart mog\u0105 korzysta\u0107 z wielu samolot\u00f3w jednocze\u015bnie.&nbsp;<\/p>\r\n\r\n\r\n\r\n<p>Impellizzeri stworzy\u0142 jedyny w swoim rodzaju program, kt\u00f3ry pozwala na przelot z punktu A do punktu B za %0 do 40% mniej ni\u017c to, co pobieraj\u0105 inne prywatne firmy czarterowe. Wynajmuj\u0105 oni tylko samoloty z certyfikatem Platinum Argus, aby spe\u0142ni\u0107 najwy\u017csze kryteria. Aby przedstawi\u0107 to w perspektywie, z oko\u0142o 3.500 operator\u00f3w komercyjnych w ca\u0142ym kraju, jest tylko 31 przewo\u017anik\u00f3w z certyfikatem Platinum Argus.<\/p>\r\n\r\n\r\n\r\n<h2 class=\"wp-block-heading\"><span class=\"ez-toc-section\" id=\"Company_Jet_Card_Program\"><\/span>Program firmowej karty Jet<span class=\"ez-toc-section-end\"><\/span><\/h2>\r\n\r\n\r\n\r\n<figure class=\"wp-block-image size-full is-style-default\"><img loading=\"lazy\" decoding=\"async\" width=\"1000\" height=\"667\" src=\"https:\/\/comparemyjet.com\/wp-content\/uploads\/2022\/07\/private.jet_.pilots.in_.cockpit.jpg\" alt=\"Concord,Private,Jet,piloci,w,kokpicie,gotowi,do,lotu\" class=\"wp-image-3072\" srcset=\"https:\/\/comparemyjet.com\/wp-content\/uploads\/2022\/07\/private.jet_.pilots.in_.cockpit-18x12.jpg 18w, https:\/\/comparemyjet.com\/wp-content\/uploads\/2022\/07\/private.jet_.pilots.in_.cockpit-300x200.jpg 300w, https:\/\/comparemyjet.com\/wp-content\/uploads\/2022\/07\/private.jet_.pilots.in_.cockpit-768x512.jpg 768w, https:\/\/comparemyjet.com\/wp-content\/uploads\/2022\/07\/private.jet_.pilots.in_.cockpit.jpg 1000w\" sizes=\"auto, (max-width: 1000px) 100vw, 1000px\" \/><\/figure>\r\n\r\n\r\n\r\n<p>Prywatna 25-godzinna karta Concord pozwala wybra\u0107 model odrzutowca i kategori\u0119, kt\u00f3ra najlepiej odpowiada konkretnym wymaganiom podr\u00f3\u017cy. Concord oferuje najwy\u017cszy poziom bezpiecze\u0144stwa przy najbardziej przyst\u0119pnym wynagrodzeniu za godzin\u0119, kt\u00f3re jest gwarantowane przez 24 miesi\u0105ce. Ka\u017cda karta mo\u017ce by\u0107 podzielona na maksymalnie cztery p\u0142atno\u015bci w ci\u0105gu czterech miesi\u0119cy.<\/p>\r\n\r\n\r\n\r\n<p>Je\u015bli zdecydujesz si\u0119 zosta\u0107 posiadaczem karty w programie cz\u0142onkowskim Concord Private Jet, b\u0119dziesz m\u00f3g\u0142 cieszy\u0107 si\u0119 takimi korzy\u015bciami, jak brak op\u0142at za nocleg, brak op\u0142at za l\u0105dowanie, zmian\u0119 pozycji, dop\u0142aty paliwowe i brak op\u0142at za zarz\u0105dzanie. Mo\u017cna bezp\u0142atnie podnie\u015b\u0107 (lub obni\u017cy\u0107) klas\u0119 odrzutowca i uzyska\u0107 gwarancj\u0119 dost\u0119pno\u015bci przez 365 dni w roku.<\/p>\r\n\r\n\r\n\r\n<p>Cz\u0142onkowie otrzymuj\u0105 r\u00f3wnie\u017c dost\u0119p do osobistego konsjer\u017ca podr\u00f3\u017cy, kt\u00f3ry jest wykwalifikowany, aby odpowiedzie\u0107 na zapytania i zaoferowa\u0107 informacje przez ca\u0142\u0105 dob\u0119.<\/p>\r\n\r\n\r\n\r\n<p>Program 25 Hour Jet Card jest wyceniany godzinowo, z uwzgl\u0119dnieniem wszystkich podatk\u00f3w. Przyk\u0142adowo, za lot odrzutowcem \u015bredniej wielko\u015bci zap\u0142acisz $5,750 za godzin\u0119, podczas gdy lot odrzutowcem z kategorii lekkiej to koszt $4,750 za godzin\u0119.<\/p>\r\n\r\n\r\n\r\n<p>Firma nie pobiera op\u0142aty paliwowej od posiadaczy kart Jet Card i oferuje swoim klientom wyb\u00f3r menu podczas ka\u017cdej podr\u00f3\u017cy. Jako klient jeste\u015b obci\u0105\u017cany tylko za godziny, kt\u00f3re rzeczywi\u015bcie przep\u0142yn\u0105\u0142.<\/p>\r\n\r\n\r\n\r\n<h2 class=\"wp-block-heading\"><span class=\"ez-toc-section\" id=\"The_Fleet\"><\/span>Flota&nbsp;<span class=\"ez-toc-section-end\"><\/span><\/h2>\r\n\r\n\r\n\r\n<p>Concord ma prywatny odrzutowiec dla ka\u017cdego, niezale\u017cnie od tego, czy szukasz ma\u0142ego czy du\u017cego odrzutowca. Jako broker czarterowy maj\u0105 dost\u0119p do wielu przewo\u017anik\u00f3w, co jest dobr\u0105 wiadomo\u015bci\u0105 dla Ciebie - masz gwarancj\u0119, \u017ce otrzymasz po\u017c\u0105dany model odrzutowca z bardzo kr\u00f3tkim czasem oczekiwania.<\/p>\r\n\r\n\r\n\r\n<p>Przyjrzyjmy si\u0119 kategoriom i modelom odrzutowc\u00f3w, kt\u00f3re Concord Private Jet ma do zaoferowania.<\/p>\r\n\r\n\r\n\r\n<h3 class=\"wp-block-heading\"><span class=\"ez-toc-section\" id=\"1_Light_Private_Jets\"><\/span>1. Lekkie odrzutowce prywatne<span class=\"ez-toc-section-end\"><\/span><\/h3>\r\n\r\n\r\n\r\n<p>Lekkie odrzutowce s\u0105 popularnym wyborem dzi\u0119ki niskim cenom i wysokiej wydajno\u015bci. Zapewniaj\u0105 dost\u0119p do trudno dost\u0119pnych miejsc, w kt\u00f3rych ze wzgl\u0119du na kr\u00f3tsze pasy startowe mog\u0105 l\u0105dowa\u0107 tylko ma\u0142e odrzutowce. Zasi\u0119g lekkiego samolotu wynosi mniej ni\u017c cztery godziny, co czyni je idealnymi do kr\u00f3tkich, krajowych podr\u00f3\u017cy. Samoloty te s\u0105 do\u015b\u0107 szybkie i b\u0142yskawicznie zabieraj\u0105 Ci\u0119 do celu.<\/p>\r\n\r\n\r\n\r\n<h4 class=\"wp-block-heading\"><span class=\"ez-toc-section\" id=\"Our_Recommendation_Premier_I\"><\/span>Nasza rekomendacja: Premier I<span class=\"ez-toc-section-end\"><\/span><\/h4>\r\n\r\n\r\n\r\n<p>Beechcraft Premier I nale\u017cy do kategorii lekkich samolot\u00f3w odrzutowych, produkowanych przez. <a href=\"https:\/\/comparemyjet.com\/pl\/hawker-beechcraft\/\" data-internallinksmanager029f6b8e52c=\"153\" title=\"Ostateczny przewodnik po prywatnych odrzutowcach i samolotach Hawker Beechcraft\">Hawker Beechcraft<\/a>. Samolot powsta\u0142 w 1996 roku, by rywalizowa\u0107 z m.in. <a href=\"https:\/\/comparemyjet.com\/pl\/cessna\/\" data-internallinksmanager029f6b8e52c=\"145\" title=\"Ostateczny przewodnik po prywatnych odrzutowcach i samolotach Cessna\">Cessna<\/a> Rodzina cytat\u00f3w.<\/p>\r\n\r\n\r\n\r\n<p>Specyfikacja:<\/p>\r\n\r\n\r\n\r\n<ul class=\"wp-block-list\"><li>Pojemno\u015b\u0107 kabiny wynosi 285 st\u00f3p sze\u015bciennych;<\/li><li>Wewn\u0119trzna przestrze\u0144 baga\u017cowa o pojemno\u015bci 23 st\u00f3p sze\u015bciennych;<\/li><li>Zewn\u0119trzna przestrze\u0144 baga\u017cowa o pojemno\u015bci 55 st\u00f3p sze\u015bciennych;<\/li><li>Maksymalna pr\u0119dko\u015b\u0107 przelotowa 461 w\u0119z\u0142\u00f3w;<\/li><li>Normalna pr\u0119dko\u015b\u0107 przelotowa 426 w\u0119z\u0142\u00f3w;<\/li><li>Mo\u017ce by\u0107 obs\u0142ugiwany przez jednego lub dw\u00f3ch pilot\u00f3w;<\/li><li>Mo\u017ce pomie\u015bci\u0107 sze\u015bciu pasa\u017cer\u00f3w;<\/li><li>Normalny zasi\u0119g lotu wynosi 850 nm;<\/li><li>Maksymalny zasi\u0119g lotu 1430 nm.<\/li><\/ul>\r\n\r\n\r\n\r\n<p>Concord Private Jet oferuje r\u00f3\u017cne modele lekkich odrzutowc\u00f3w, m.in. <em>Citation Jet \/CJ1\/CJ2\/CJ3, Nextant 400XT, Citation II\/V\/Bravo\/Encore\/Ultra, Beechjet 400\/400A, <a href=\"https:\/\/comparemyjet.com\/pl\/learjet\/\" data-internallinksmanager029f6b8e52c=\"149\" title=\"Ostateczny przewodnik po prywatnych odrzutowcach i samolotach Learjet\">Learjet<\/a> 40, Hawker 400XP, <\/em>i nasze zalecane <em>Premier<\/em>.<\/p>\r\n\r\n\r\n\r\n<h3 class=\"wp-block-heading\"><span class=\"ez-toc-section\" id=\"2_Midsize_Private_Jets\"><\/span>2. Prywatne odrzutowce \u015bredniej wielko\u015bci<span class=\"ez-toc-section-end\"><\/span><\/h3>\r\n\r\n\r\n\r\n<p>Zasi\u0119g \u015bredniej wielko\u015bci odrzutowca jest r\u00f3\u017cny, ale nie przekracza sze\u015bciu godzin. Samoloty te s\u0105 bardziej przestronne ni\u017c lekkie i zapewniaj\u0105 wi\u0119kszy komfort. Mog\u0105 zabra\u0107 Ci\u0119 na kr\u00f3tkie i d\u0142u\u017csze wycieczki, co czyni je do\u015b\u0107 uniwersalnymi i zawsze jest dobrym wyborem, gdy masz w\u0105tpliwo\u015bci, jakiej klasy odrzutowiec wyczarterowa\u0107. Zazwyczaj wyposa\u017cone s\u0105 w zamkni\u0119t\u0105 \u0142azienk\u0119, aneks kuchenny i wi\u0119cej miejsca na baga\u017c.<\/p>\r\n\r\n\r\n\r\n<h4 class=\"wp-block-heading\"><span class=\"ez-toc-section\" id=\"Our_Recommendation_Astra_SPX\"><\/span>Nasza rekomendacja: Astra SPX<span class=\"ez-toc-section-end\"><\/span><\/h4>\r\n\r\n\r\n\r\n<p>Israel Aircraft Industries opracowa\u0142 Astr\u0119 SPX w latach 90. Na pocz\u0105tku lat 2000, <a href=\"https:\/\/comparemyjet.com\/pl\/gulfstream\/\" data-internallinksmanager029f6b8e52c=\"175\" title=\"Przewodnik po prywatnych odrzutowcach i samolotach Gulfstream\">Gulfstream<\/a> kupi\u0142 projekt i nazwa\u0142 go G-100.&nbsp;<\/p>\r\n\r\n\r\n\r\n<p>Astra SPX zapewnia zakwaterowanie dla siedmiu podr\u00f3\u017cnych. W kabinie znajduje si\u0119 trzyosobowa divana, kt\u00f3ra pozwala si\u0119 rozci\u0105gn\u0105\u0107 i odpocz\u0105\u0107, oraz pasowe siedzenie w toalecie.&nbsp;<\/p>\r\n\r\n\r\n\r\n<p>Specyfikacje i udogodnienia:<\/p>\r\n\r\n\r\n\r\n<ul class=\"wp-block-list\"><li>Mo\u017ce pomie\u015bci\u0107 siedmiu pasa\u017cer\u00f3w;<\/li><li>Maksymalny zasi\u0119g lotu wynosi 2790 nm;<\/li><li>Pr\u0119dko\u015b\u0107 maksymalna 470 w\u0119z\u0142\u00f3w;<\/li><li>Pe\u0142nowymiarowa, obudowana toaleta;&nbsp;<\/li><li>Du\u017cy przedni kambuz;<\/li><li>GoGo 5G High-Speed Internet;&nbsp;<\/li><li>Lampy LCD i telefon satelitarny;&nbsp;<\/li><li>System rozrywki pok\u0142adowej;<\/li><li>Wysoko\u015b\u0107 kabiny wynosi 5' 6\";<\/li><li>D\u0142ugo\u015b\u0107 kabiny wynosi 17' 1\";<\/li><li>Wewn\u0119trzna przestrze\u0144 baga\u017cowa wynosi 9 st\u00f3p sze\u015bciennych;<\/li><li>Zewn\u0119trzna przestrze\u0144 baga\u017cowa wynosi 42 stopy sze\u015bcienne;<\/li><li>Mo\u017ce by\u0107 obs\u0142ugiwany przez dw\u00f3ch pilot\u00f3w.<\/li><\/ul>\r\n\r\n\r\n\r\n<p>Concord Private Jet oferuje wiele modeli odrzutowc\u00f3w w tej klasie \u015bredniej wielko\u015bci samolot\u00f3w prywatnych, takich jak <em>Falcon 20\/200, Citation III\/VI\/VII, G150, Citation Excel\/XLS, Hawker 800\/800XP\/900, Learjet 45\/55\/60, <\/em>i nasze zalecane <em>Astra SPX<\/em>.<\/p>\r\n\r\n\r\n\r\n<h3 class=\"wp-block-heading\"><span class=\"ez-toc-section\" id=\"3_Super-Midsize_Private_Jets\"><\/span>3. Prywatne odrzutowce super-\u015bredniej wielko\u015bci&nbsp;<span class=\"ez-toc-section-end\"><\/span><\/h3>\r\n\r\n\r\n\r\n<p>Dzi\u0119ki szerokim kabinom, w kt\u00f3rych mo\u017cna wygodnie stan\u0105\u0107 i mo\u017cliwo\u015bci latania mi\u0119dzy kontynentami, odkryjesz, dlaczego latanie prywatnym odrzutowcem jest najlepszym sposobem podr\u00f3\u017cowania. Super-\u015brednie odrzutowce maj\u0105 wi\u0119ksz\u0105 wytrzyma\u0142o\u015b\u0107 ni\u017c \u015brednie i mog\u0105 lata\u0107 ponad 7 godzin bez przerwy na tankowanie.&nbsp;<\/p>\r\n\r\n\r\n\r\n<h4 class=\"wp-block-heading\"><span class=\"ez-toc-section\" id=\"Our_Recommendation_The_Citation_Sovereign\"><\/span>Nasze zalecenie: Citation Sovereign<span class=\"ez-toc-section-end\"><\/span><\/h4>\r\n\r\n\r\n\r\n<p>Cessna Citation Sovereign \u0142\u0105czy wyj\u0105tkowe osi\u0105gi z luksusem. Mo\u017ce pochwali\u0107 si\u0119 du\u017c\u0105 wytrzyma\u0142o\u015bci\u0105 na kr\u00f3tkim dystansie i szerokim zasi\u0119giem lotu, co czyni j\u0105 wszechstronn\u0105 opcj\u0105.&nbsp;<\/p>\r\n\r\n\r\n\r\n<p>Przestronna kabina samolotu Citation Sovereign zawiera pe\u0142ny obszar z napojami oraz podw\u00f3jn\u0105 konfiguracj\u0119 siedze\u0144. Podr\u00f3\u017cuj ze stylem w jednym z najbardziej luksusowych \u015brednich prywatnych odrzutowc\u00f3w w bran\u017cy.<\/p>\r\n\r\n\r\n\r\n<p>Specyfikacja:<\/p>\r\n\r\n\r\n\r\n<ul class=\"wp-block-list\"><li>Mo\u017ce pomie\u015bci\u0107 dziewi\u0119ciu pasa\u017cer\u00f3w;<\/li><li>Mo\u017ce lecie\u0107 7:15 godzin non-stop;<\/li><li>Maksymalny zasi\u0119g lotu wynosi 3010 nm;<\/li><li>Wysoko\u015b\u0107 kabiny wynosi 5' 8\";<\/li><li>Szeroko\u015b\u0107 kabiny wynosi 5' 6\";<\/li><li>D\u0142ugo\u015b\u0107 kabiny wynosi 25' 3\";<\/li><li>Wewn\u0119trzna przestrze\u0144 baga\u017cowa 35 st\u00f3p sze\u015bciennych;<\/li><li>Maksymalna pr\u0119dko\u015b\u0107 przelotowa 459 kts.<\/li><\/ul>\r\n\r\n\r\n\r\n<p>Concord Private Jet oferuje r\u00f3\u017cne super-\u015brednie samoloty prywatne, takie jak np. <em>Citation X, Gulfstream G200\/G280, Falcon 50 \/ 50EX, Challenger 300, <\/em>i nasze zalecane <em>Cytowanie Suwerena.<\/em><\/p>\r\n\r\n\r\n\r\n<h3 class=\"wp-block-heading\"><span class=\"ez-toc-section\" id=\"4_Large_Private_Jets\"><\/span>4. Du\u017ce prywatne odrzutowce<span class=\"ez-toc-section-end\"><\/span><\/h3>\r\n\r\n\r\n\r\n<p>Je\u015bli Twoja nast\u0119pna podr\u00f3\u017c wi\u0105\u017ce si\u0119 z podr\u00f3\u017c\u0105 przez kraj lub mi\u0119dzykontynentaln\u0105, wyb\u00f3r odrzutowca z tej klasy samolot\u00f3w jest w\u0142a\u015bciwym wyborem. Otrzymasz <a href=\"https:\/\/comparemyjet.com\/pl\/fastest-private-jets\/\" data-internallinksmanager029f6b8e52c=\"183\" title=\"11 Najszybszych prywatnych odrzutowc\u00f3w na \u015bwiecie [Ze zdj\u0119ciami]\">szybki odrzutowiec<\/a> kt\u00f3ry w wi\u0119kszo\u015bci przypadk\u00f3w nie musi zatrzymywa\u0107 si\u0119 po paliwo. Z ci\u0119\u017ckim odrzutowcem, otrzymujesz ostateczne do\u015bwiadczenie podr\u00f3\u017cy prywatnym odrzutowcem i inny poziom luksusu.<\/p>\r\n\r\n\r\n\r\n<h4 class=\"wp-block-heading\"><span class=\"ez-toc-section\" id=\"Our_Recommendation_The_Falcon_900EX\"><\/span>Nasza rekomendacja: Falcon 900EX<span class=\"ez-toc-section-end\"><\/span><\/h4>\r\n\r\n\r\n\r\n<p>Z zasi\u0119giem 5000 mil, niezwykle przyjemn\u0105 kabin\u0105 i rewolucyjn\u0105 konstrukcj\u0105 z trzema silnikami, Falcon 900EX jest idealny do lot\u00f3w transoceanicznych i oferuje ogromn\u0105 elastyczno\u015b\u0107.&nbsp;<\/p>\r\n\r\n\r\n\r\n<p>Specyfikacje i udogodnienia:<\/p>\r\n\r\n\r\n\r\n<ul class=\"wp-block-list\"><li>Obs\u0142ugiwany przez dw\u00f3ch pilot\u00f3w;<\/li><li>Mo\u017ce pomie\u015bci\u0107 dwunastu pasa\u017cer\u00f3w;<\/li><li>Maksymalna pr\u0119dko\u015b\u0107 przelotowa 870 kmph (470 kt);<\/li><li>Maksymalny zasi\u0119g lotu wynosi 5 180 mil;<\/li><li>Wysoko\u015b\u0107 kabiny to 6ft 2in;<\/li><li>D\u0142ugo\u015b\u0107 wewn\u0119trzna kabiny wynosi 33 ft 2 in;<\/li><li>Pojemno\u015b\u0107 przestrzeni baga\u017cowej wynosi 127cubic ft;<\/li><li>Kuchenka;<\/li><li>Telefon satelitarny, faks, system rozrywki;<\/li><li>Dwie toalety i jedno pomieszczenie do makija\u017cu.<\/li><\/ul>\r\n\r\n\r\n\r\n<p>Concord Private Jet oferuje r\u00f3\u017cne ci\u0119\u017ckie prywatne samoloty, takie jak np.<em> Falcon 2000 Series, Challenger 600\/601\/604, Global Express, Gulfstream series, <\/em>i nasze zalecane <em>Falcon 900EX.<\/em><\/p>\r\n\r\n\r\n\r\n<h2 class=\"wp-block-heading\"><span class=\"ez-toc-section\" id=\"Company_Safety_Policy_and_Standards\"><\/span>Polityka i normy bezpiecze\u0144stwa firmy<span class=\"ez-toc-section-end\"><\/span><\/h2>\r\n\r\n\r\n\r\n<figure class=\"wp-block-image size-full is-style-default\"><img loading=\"lazy\" decoding=\"async\" width=\"1000\" height=\"707\" src=\"https:\/\/comparemyjet.com\/wp-content\/uploads\/2022\/07\/safejourney.jpg\" alt=\"\" class=\"wp-image-3073\" srcset=\"https:\/\/comparemyjet.com\/wp-content\/uploads\/2022\/07\/safejourney-18x12.jpg 18w, https:\/\/comparemyjet.com\/wp-content\/uploads\/2022\/07\/safejourney-300x212.jpg 300w, https:\/\/comparemyjet.com\/wp-content\/uploads\/2022\/07\/safejourney-768x543.jpg 768w, https:\/\/comparemyjet.com\/wp-content\/uploads\/2022\/07\/safejourney.jpg 1000w\" sizes=\"auto, (max-width: 1000px) 100vw, 1000px\" \/><\/figure>\r\n\r\n\r\n\r\n<p>Concord Private Jet stawia bezpiecze\u0144stwo swoich klient\u00f3w na pierwszym miejscu i korzysta wy\u0142\u0105cznie z Platinum <a href=\"https:\/\/www.argus.aero\/\" target=\"_blank\" rel=\"noopener\">Argus<\/a> Operatorzy z certyfikatem bezpiecze\u0144stwa. Klasa Platinum wymaga przej\u015bcia rygorystycznej oceny na miejscu, przeprowadzonej przez wykwalifikowanych inspektor\u00f3w, wi\u0119c latanie z certyfikowanymi operatorami jest o wiele bardziej bezpieczne ni\u017c latanie komercyjnym samolotem.<\/p>\r\n\r\n\r\n\r\n<p>Je\u015bli samolot nie spe\u0142nia kryteri\u00f3w bezpiecze\u0144stwa, firma niezw\u0142ocznie przydziela Ci nowy samolot do podr\u00f3\u017cy.<\/p>\r\n\r\n\r\n\r\n<h2 class=\"wp-block-heading\"><span class=\"ez-toc-section\" id=\"Conclusion\"><\/span>Wniosek<span class=\"ez-toc-section-end\"><\/span><\/h2>\r\n\r\n\r\n\r\n<p>Indywidualna obs\u0142uga odr\u00f3\u017cnia Concord Private Jet od korporacyjnych konkurent\u00f3w. Firma pracuje nad tym, aby wszystkie pytania, w\u0105tpliwo\u015bci i potrzeby klient\u00f3w zosta\u0142y uwzgl\u0119dnione. W\u0142a\u015bciciel osobi\u015bcie monitoruje ka\u017cd\u0105 podr\u00f3\u017c, upewniaj\u0105c si\u0119, \u017ce przebiega ona zgodnie z harmonogramem, \u017ce catering jest na miejscu, a transport naziemny jest dost\u0119pny w miejscu przeznaczenia. Podczas gdy inne firmy pobieraj\u0105 op\u0142aty za tego typu us\u0142ugi, Concord szczyci si\u0119 swoj\u0105 kart\u0105 Jet Card all-inclusive.&nbsp;<\/p>\r\n\r\n\r\n\r\n<p>Mo\u017cesz zosta\u0107 klientem i spr\u00f3bowa\u0107 ich us\u0142ug z niewielkim lub \u017cadnym zobowi\u0105zaniem.&nbsp;<\/p>","protected":false},"excerpt":{"rendered":"<p>Firma Concord Private Jet zosta\u0142a za\u0142o\u017cona w oparciu o zasad\u0119 dostarczania najlepszych samolot\u00f3w po mo\u017cliwie najni\u017cszych cenach. Firma dzia\u0142a jako broker czarterowy, wynajmuj\u0105c prywatne czartery dla swoich klient\u00f3w. W\u0142a\u015bciciel, Neal Impellizzeri, nadzoruje ka\u017cd\u0105 kart\u0119 dost\u0119pu do floty i upewnia si\u0119, \u017ce wszystko, od planowania po catering czy transfer, jest idealne ...<\/p>","protected":false},"author":2,"featured_media":3071,"parent":0,"menu_order":0,"comment_status":"closed","ping_status":"closed","template":"","meta":{"_acf_changed":false,"_genesis_hide_title":false,"_genesis_hide_breadcrumbs":false,"_genesis_hide_singular_image":false,"_genesis_hide_footer_widgets":false,"_genesis_custom_body_class":"","_genesis_custom_post_class":"","_genesis_layout":"","footnotes":""},"class_list":{"1":"page","2":"type-page","6":"entry"},"acf":[],"_links":{"self":[{"href":"https:\/\/comparemyjet.com\/pl\/wp-json\/wp\/v2\/pages\/3070","targetHints":{"allow":["GET"]}}],"collection":[{"href":"https:\/\/comparemyjet.com\/pl\/wp-json\/wp\/v2\/pages"}],"about":[{"href":"https:\/\/comparemyjet.com\/pl\/wp-json\/wp\/v2\/types\/page"}],"author":[{"embeddable":true,"href":"https:\/\/comparemyjet.com\/pl\/wp-json\/wp\/v2\/users\/2"}],"replies":[{"embeddable":true,"href":"https:\/\/comparemyjet.com\/pl\/wp-json\/wp\/v2\/comments?post=3070"}],"version-history":[{"count":2,"href":"https:\/\/comparemyjet.com\/pl\/wp-json\/wp\/v2\/pages\/3070\/revisions"}],"predecessor-version":[{"id":3438,"href":"https:\/\/comparemyjet.com\/pl\/wp-json\/wp\/v2\/pages\/3070\/revisions\/3438"}],"wp:featuredmedia":[{"embeddable":true,"href":"https:\/\/comparemyjet.com\/pl\/wp-json\/wp\/v2\/media\/3071"}],"wp:attachment":[{"href":"https:\/\/comparemyjet.com\/pl\/wp-json\/wp\/v2\/media?parent=3070"}],"curies":[{"name":"wp","href":"https:\/\/api.w.org\/{rel}","templated":true}]}}