{"id":3144,"date":"2022-07-23T00:30:19","date_gmt":"2022-07-23T00:30:19","guid":{"rendered":"https:\/\/comparemyjet.com\/?page_id=3144"},"modified":"2025-09-04T09:58:20","modified_gmt":"2025-09-04T09:58:20","slug":"mucha-olbrzym","status":"publish","type":"page","link":"https:\/\/comparemyjet.com\/pl\/mucha-olbrzym\/","title":{"rendered":"Ceny lot\u00f3w Fly Aeolus"},"content":{"rendered":"<p>Fly Aeolus jest Belgiem <a href=\"https:\/\/comparemyjet.com\/pl\/ile-kosztuje-taksowka-lotnicza\/\" data-internallinksmanager029f6b8e52c=\"23\" title=\"Ile kosztuje taks\u00f3wka powietrzna?\">taks\u00f3wka powietrzna<\/a> (prywatny czarter), kt\u00f3ra dzia\u0142a w Europie od 2009 roku. Siedziba firmy znajduje si\u0119 w Antwerpii, a biura w <a href=\"https:\/\/comparemyjet.com\/pl\/prywatne-wycieczki\/berlin-private-tours\/\" data-internallinksmanager029f6b8e52c=\"254\" title=\"11 najlepszych prywatnych wycieczek po Berlinie od $68.86\">Berlin<\/a> i Rotterdam.&nbsp;<\/p>\r\n\r\n\r\n\r\n<p>Mo\u017cesz lata\u0107 z ponad 1500 lotnisk na ca\u0142ym kontynencie europejskim w jednym z ich samolot\u00f3w Cirrus SR-22, kt\u00f3ry jest uwa\u017cany za jeden z najbezpieczniejszych jednosilnikowych odrzutowc\u00f3w w bran\u017cy lotniczej. Zobaczmy, co jeszcze firma ma do zaoferowania.<\/p>\r\n\r\n\r\n\r\n<div id=\"ez-toc-container\" class=\"ez-toc-v2_0_76 counter-hierarchy ez-toc-counter ez-toc-grey ez-toc-container-direction\">\n<p class=\"ez-toc-title\" style=\"cursor:inherit\">Tematy<\/p>\n<label for=\"ez-toc-cssicon-toggle-item-69f227fa93df4\" class=\"ez-toc-cssicon-toggle-label\"><span class=\"\"><span class=\"eztoc-hide\" style=\"display:none;\">Toggle<\/span><span class=\"ez-toc-icon-toggle-span\"><svg style=\"fill: #999;color:#999\" xmlns=\"http:\/\/www.w3.org\/2000\/svg\" class=\"list-377408\" width=\"20px\" height=\"20px\" viewbox=\"0 0 24 24\" fill=\"none\"><path d=\"M6 6H4v2h2V6zm14 0H8v2h12V6zM4 11h2v2H4v-2zm16 0H8v2h12v-2zM4 16h2v2H4v-2zm16 0H8v2h12v-2z\" fill=\"currentColor\"><\/path><\/svg><svg style=\"fill: #999;color:#999\" class=\"arrow-unsorted-368013\" xmlns=\"http:\/\/www.w3.org\/2000\/svg\" width=\"10px\" height=\"10px\" viewbox=\"0 0 24 24\" version=\"1.2\" baseprofile=\"tiny\"><path d=\"M18.2 9.3l-6.2-6.3-6.2 6.3c-.2.2-.3.4-.3.7s.1.5.3.7c.2.2.4.3.7.3h11c.3 0 .5-.1.7-.3.2-.2.3-.5.3-.7s-.1-.5-.3-.7zM5.8 14.7l6.2 6.3 6.2-6.3c.2-.2.3-.5.3-.7s-.1-.5-.3-.7c-.2-.2-.4-.3-.7-.3h-11c-.3 0-.5.1-.7.3-.2.2-.3.5-.3.7s.1.5.3.7z\"\/><\/svg><\/span><\/span><\/label><input type=\"checkbox\"  id=\"ez-toc-cssicon-toggle-item-69f227fa93df4\" checked aria-label=\"Prze\u0142\u0105cznik\" \/><nav><ul class='ez-toc-list ez-toc-list-level-1' ><li class='ez-toc-page-1 ez-toc-heading-level-2'><a class=\"ez-toc-link ez-toc-heading-1\" href=\"https:\/\/comparemyjet.com\/pl\/mucha-olbrzym\/#Company_History\" >Historia firmy<\/a><\/li><li class='ez-toc-page-1 ez-toc-heading-level-2'><a class=\"ez-toc-link ez-toc-heading-2\" href=\"https:\/\/comparemyjet.com\/pl\/mucha-olbrzym\/#Pricing\" >Ustalanie cen<\/a><\/li><li class='ez-toc-page-1 ez-toc-heading-level-2'><a class=\"ez-toc-link ez-toc-heading-3\" href=\"https:\/\/comparemyjet.com\/pl\/mucha-olbrzym\/#Membership_Programs\" >Programy cz\u0142onkowskie<\/a><ul class='ez-toc-list-level-3' ><li class='ez-toc-heading-level-3'><a class=\"ez-toc-link ez-toc-heading-4\" href=\"https:\/\/comparemyjet.com\/pl\/mucha-olbrzym\/#Pay_As_You_Fly\" >P\u0142a\u0107 jak leci<\/a><\/li><li class='ez-toc-page-1 ez-toc-heading-level-3'><a class=\"ez-toc-link ez-toc-heading-5\" href=\"https:\/\/comparemyjet.com\/pl\/mucha-olbrzym\/#Personal_Membership\" >Cz\u0142onkostwo osobiste<\/a><\/li><li class='ez-toc-page-1 ez-toc-heading-level-3'><a class=\"ez-toc-link ez-toc-heading-6\" href=\"https:\/\/comparemyjet.com\/pl\/mucha-olbrzym\/#Business_Membership\" >Cz\u0142onkostwo w biznesie<\/a><\/li><\/ul><\/li><li class='ez-toc-page-1 ez-toc-heading-level-2'><a class=\"ez-toc-link ez-toc-heading-7\" href=\"https:\/\/comparemyjet.com\/pl\/mucha-olbrzym\/#The_Fleet\" >Flota&nbsp;<\/a><ul class='ez-toc-list-level-3' ><li class='ez-toc-heading-level-3'><a class=\"ez-toc-link ez-toc-heading-8\" href=\"https:\/\/comparemyjet.com\/pl\/mucha-olbrzym\/#1_Light_Private_Jets\" >1. Lekkie odrzutowce prywatne<\/a><ul class='ez-toc-list-level-4' ><li class='ez-toc-heading-level-4'><a class=\"ez-toc-link ez-toc-heading-9\" href=\"https:\/\/comparemyjet.com\/pl\/mucha-olbrzym\/#Our_Recommendation_The_Cirrus_SR22\" >Nasza rekomendacja: Cirrus SR22<\/a><\/li><\/ul><\/li><\/ul><\/li><li class='ez-toc-page-1 ez-toc-heading-level-2'><a class=\"ez-toc-link ez-toc-heading-10\" href=\"https:\/\/comparemyjet.com\/pl\/mucha-olbrzym\/#Cancellation_Insurance\" >Ubezpieczenie od koszt\u00f3w rezygnacji<\/a><\/li><li class='ez-toc-page-1 ez-toc-heading-level-2'><a class=\"ez-toc-link ez-toc-heading-11\" href=\"https:\/\/comparemyjet.com\/pl\/mucha-olbrzym\/#De-icing_Insurance\" >Ubezpieczenie od odladzania<\/a><\/li><li class='ez-toc-page-1 ez-toc-heading-level-2'><a class=\"ez-toc-link ez-toc-heading-12\" href=\"https:\/\/comparemyjet.com\/pl\/mucha-olbrzym\/#Fly_Aeolus_Taxi_Service\" >Fly Aeolus Taxi Service<\/a><\/li><li class='ez-toc-page-1 ez-toc-heading-level-2'><a class=\"ez-toc-link ez-toc-heading-13\" href=\"https:\/\/comparemyjet.com\/pl\/mucha-olbrzym\/#Pet_Policy\" >Polityka dotycz\u0105ca zwierz\u0105t domowych<\/a><\/li><li class='ez-toc-page-1 ez-toc-heading-level-2'><a class=\"ez-toc-link ez-toc-heading-14\" href=\"https:\/\/comparemyjet.com\/pl\/mucha-olbrzym\/#Company_Safety_Policy_and_Standards\" >Polityka i normy bezpiecze\u0144stwa firmy<\/a><\/li><li class='ez-toc-page-1 ez-toc-heading-level-2'><a class=\"ez-toc-link ez-toc-heading-15\" href=\"https:\/\/comparemyjet.com\/pl\/mucha-olbrzym\/#Company_Staff\" >Personel przedsi\u0119biorstwa<\/a><\/li><li class='ez-toc-page-1 ez-toc-heading-level-2'><a class=\"ez-toc-link ez-toc-heading-16\" href=\"https:\/\/comparemyjet.com\/pl\/mucha-olbrzym\/#Conclusion\" >Wniosek<\/a><\/li><\/ul><\/nav><\/div>\n<h2 class=\"wp-block-heading\"><span class=\"ez-toc-section\" id=\"Company_History\"><\/span>Historia firmy<span class=\"ez-toc-section-end\"><\/span><\/h2>\r\n\r\n\r\n\r\n<p>Firma Fly Aeolus zosta\u0142a za\u0142o\u017cona w 2009 roku przez wsp\u00f3\u0142za\u0142o\u017cycieli i entuzjast\u00f3w lotnictwa Stefaana Ghijsa i Vincenta Wigmansa. Ghijs posiada tytu\u0142 magistra in\u017cyniera aeronautyki, natomiast Wigmans mia\u0142 do\u015bwiadczenie w bran\u017cy naprawy prywatnych samolot\u00f3w.&nbsp;<\/p>\r\n\r\n\r\n\r\n<p>Pierwszy lot firmy odby\u0142 si\u0119 z Antwerpii w Belgii do Vichy we Francji w 2011 roku. Fly Aeolus wkr\u00f3tce rozszerzy\u0142 obszar dzia\u0142ania na ca\u0142y kontynent, zaczynaj\u0105c od destynacji w Niemczech i Holandii.&nbsp;<\/p>\r\n\r\n\r\n\r\n<p>W 2015 roku Fly Aeolus nawi\u0105za\u0142 wsp\u00f3\u0142prac\u0119 z belgijsk\u0105 firm\u0105 taks\u00f3wek powietrznych SkyCab, natomiast w 2019 roku za\u0142o\u017cyli Fly Aeolus Aircraft Sales and Acquisitions, nowy oddzia\u0142 Fly Aeolus.<\/p>\r\n\r\n\r\n\r\n<p>Podstaw\u0105 us\u0142ug firmy jest umowa o w\u0142asno\u015bci cz\u0105stkowej. Prywatni w\u0142a\u015bciciele udost\u0119pniaj\u0105 swoje samoloty do wynaj\u0119cia i otrzymuj\u0105 prowizj\u0119 za ka\u017cd\u0105 godzin\u0119 lotu.&nbsp;<\/p>\r\n\r\n\r\n\r\n<h2 class=\"wp-block-heading\"><span class=\"ez-toc-section\" id=\"Pricing\"><\/span>Ustalanie cen<span class=\"ez-toc-section-end\"><\/span><\/h2>\r\n\r\n\r\n\r\n<p>Fly Aeolus pobiera zrycza\u0142towan\u0105 stawk\u0119 za wszystkie loty. Cena ustalana jest na podstawie planu podr\u00f3\u017cy - okoliczno\u015bci podr\u00f3\u017cy, godzin lotu oraz tego, czy jest to podr\u00f3\u017c w jedn\u0105 stron\u0119 czy w obie strony. Je\u015bli chcesz wyda\u0107 mniej, najlepiej zarezerwowa\u0107 lot w obie strony tego samego dnia, a zawsze mo\u017cesz podzieli\u0107 si\u0119 lotem i podzieli\u0107 koszty, zabieraj\u0105c ze sob\u0105 towarzyszy podr\u00f3\u017cy.<\/p>\r\n\r\n\r\n\r\n<p>Fly Aeolus jest prowadzony na zasadzie wsp\u00f3\u0142w\u0142asno\u015bci. Firma pobiera op\u0142at\u0119 wst\u0119pn\u0105 w wysoko\u015bci \u20ac 995,00 (bez VAT) od nowych klient\u00f3w, co czyni ich udzia\u0142owcami samolotu z floty Fly Aeolus. Je\u015bli po rejestracji zdecydujesz si\u0119 nie korzysta\u0107 z ich us\u0142ug, Fly Aeolus zwr\u00f3ci Ci op\u0142at\u0119 pomniejszon\u0105 o 150,00 \u20ac op\u0142aty administracyjnej. Mo\u017cesz odby\u0107 lot pr\u00f3bny przed rejestracj\u0105, aby do\u015bwiadczy\u0107 odrzutowca i sprawdzi\u0107 czy jest tym czego szukasz.<\/p>\r\n\r\n\r\n\r\n<h2 class=\"wp-block-heading\"><span class=\"ez-toc-section\" id=\"Membership_Programs\"><\/span>Programy cz\u0142onkowskie<span class=\"ez-toc-section-end\"><\/span><\/h2>\r\n\r\n\r\n\r\n<p>Programy cz\u0142onkowskie Fly Aeolus maj\u0105 na celu zaoszcz\u0119dzenie pieni\u0119dzy i czasu pasa\u017cer\u00f3w na loty kontynentalne, poniewa\u017c wszystkie odrzutowce i piloci znajduj\u0105 si\u0119 ju\u017c w Europie, poniewa\u017c pozwalaj\u0105 cz\u0142onkom zaoszcz\u0119dzi\u0107 5-10% na lotach w por\u00f3wnaniu do koszt\u00f3w detalicznych dla os\u00f3b nieb\u0119d\u0105cych cz\u0142onkami. Poznajmy je pokr\u00f3tce.<\/p>\r\n\r\n\r\n\r\n<h3 class=\"wp-block-heading\"><span class=\"ez-toc-section\" id=\"Pay_As_You_Fly\"><\/span>P\u0142a\u0107 jak leci<span class=\"ez-toc-section-end\"><\/span><\/h3>\r\n\r\n\r\n\r\n<p>Nie musisz by\u0107 cz\u0142onkiem, aby lata\u0107 z Cirrusem SR-22; istnieje opcja p\u0142acenia w trakcie lotu. Fly Aeolus posiada kalkulator online, kt\u00f3ry pomo\u017ce Ci zaplanowa\u0107 i zarezerwowa\u0107 nast\u0119pn\u0105 podr\u00f3\u017c, do kt\u00f3rego mo\u017cesz uzyska\u0107 dost\u0119p w nast\u0119puj\u0105cy spos\u00f3b <a href=\"https:\/\/flyaeolus.com\/plan-book\/\" target=\"_blank\" rel=\"noopener\">link<\/a> w celu uzyskania bardziej szczeg\u00f3\u0142owych informacji.<\/p>\r\n\r\n\r\n\r\n<h3 class=\"wp-block-heading\"><span class=\"ez-toc-section\" id=\"Personal_Membership\"><\/span>Cz\u0142onkostwo osobiste<span class=\"ez-toc-section-end\"><\/span><\/h3>\r\n\r\n\r\n\r\n<p>Program Personal Membership jest przeznaczony dla os\u00f3b regularnie podr\u00f3\u017cuj\u0105cych. Dzi\u0119ki temu programowi otrzymasz 5% zni\u017cki na ka\u017cdy lot oraz ubezpieczenie od koszt\u00f3w rezygnacji, kt\u00f3re jest wliczone w cen\u0119.&nbsp;<\/p>\r\n\r\n\r\n\r\n<h3 class=\"wp-block-heading\"><span class=\"ez-toc-section\" id=\"Business_Membership\"><\/span>Cz\u0142onkostwo w biznesie<span class=\"ez-toc-section-end\"><\/span><\/h3>\r\n\r\n\r\n\r\n<p>Fly Aeolus oferuje program Business Membership dla os\u00f3b cz\u0119sto podr\u00f3\u017cuj\u0105cych. Aby zosta\u0107 cz\u0142onkiem, nale\u017cy ui\u015bci\u0107 miesi\u0119czn\u0105 op\u0142at\u0119 cz\u0142onkowsk\u0105 w wysoko\u015bci 100,00 euro. Otrzymasz 10% zni\u017cki na wszystkie swoje loty, plus ubezpieczenie od koszt\u00f3w rezygnacji i pomoc w rezerwacji taks\u00f3wek, wszystko wliczone w cen\u0119.<\/p>\r\n\r\n\r\n\r\n<h2 class=\"wp-block-heading\"><span class=\"ez-toc-section\" id=\"The_Fleet\"><\/span>Flota&nbsp;<span class=\"ez-toc-section-end\"><\/span><\/h2>\r\n\r\n\r\n\r\n<figure class=\"wp-block-image size-full is-style-default\"><img loading=\"lazy\" decoding=\"async\" width=\"1000\" height=\"667\" src=\"https:\/\/comparemyjet.com\/wp-content\/uploads\/2022\/07\/The-Cirrus-SR22.jpg\" alt=\"Fly Aeolus\" class=\"wp-image-3145\" srcset=\"https:\/\/comparemyjet.com\/wp-content\/uploads\/2022\/07\/The-Cirrus-SR22-18x12.jpg 18w, https:\/\/comparemyjet.com\/wp-content\/uploads\/2022\/07\/The-Cirrus-SR22-300x200.jpg 300w, https:\/\/comparemyjet.com\/wp-content\/uploads\/2022\/07\/The-Cirrus-SR22-768x512.jpg 768w, https:\/\/comparemyjet.com\/wp-content\/uploads\/2022\/07\/The-Cirrus-SR22.jpg 1000w\" sizes=\"auto, (max-width: 1000px) 100vw, 1000px\" \/><\/figure>\r\n\r\n\r\n\r\n<p>Fly Aeolus posiada flot\u0119 sk\u0142adaj\u0105c\u0105 si\u0119 wy\u0142\u0105cznie z samolot\u00f3w Cirrus SR-22. I nie jest to przypadek - samoloty te s\u0105 uznawane przez COPA (Cirrus Owners &amp; Pilots Association) i AOPA (Aircraft Owners &amp; Pilots Association) za jedne z najbezpieczniejszych jednosilnikowych odrzutowc\u00f3w w bran\u017cy lotniczej, dzi\u0119ki systemowi spadochronowemu Cirrus Airframe Parachute System. Fly Aeolus jest najwi\u0119kszym europejskim dostawc\u0105 Cirrus\u00f3w, posiadaj\u0105cym w s\u0142u\u017cbie 15 samolot\u00f3w SR-22, z kt\u00f3rych ka\u017cdy mo\u017ce zabra\u0107 na pok\u0142ad do trzech pasa\u017cer\u00f3w.&nbsp;<\/p>\r\n\r\n\r\n\r\n<h3 class=\"wp-block-heading\"><span class=\"ez-toc-section\" id=\"1_Light_Private_Jets\"><\/span>1. Lekkie odrzutowce prywatne<span class=\"ez-toc-section-end\"><\/span><\/h3>\r\n\r\n\r\n\r\n<p>Lekkie prywatne odrzutowce doskonale sprawdzaj\u0105 si\u0119 w podr\u00f3\u017cach na ma\u0142e lotniska i do trudno dost\u0119pnych miejsc, pozwalaj\u0105c na odwiedzenie niedost\u0119pnych g\u00f3r i pi\u0119knych pla\u017c.<\/p>\r\n\r\n\r\n\r\n<h4 class=\"wp-block-heading\"><span class=\"ez-toc-section\" id=\"Our_Recommendation_The_Cirrus_SR22\"><\/span>Nasza rekomendacja: Cirrus SR22<span class=\"ez-toc-section-end\"><\/span><\/h4>\r\n\r\n\r\n\r\n<p>Cirrus SR22 to kompozytowy odrzutowiec wyprodukowany przez firm\u0119 Cirrus Aircraft w 2001 roku. Jest to mocniejszy wariant Cirrusa CIRRUS SR-20, wyposa\u017cony w wi\u0119ksze skrzyd\u0142o i zwi\u0119kszon\u0105 pojemno\u015b\u0107 paliwa ze sta\u0142ym podwoziem.<\/p>\r\n\r\n\r\n\r\n<p>Jest to czteromiejscowy samolot (1 pilot i trzech pasa\u017cer\u00f3w), przeznaczony do l\u0105dowania na lokalnych lotniskach. Cirrus SR22 zapewnia dost\u0119p do ponad 1500 lotnisk w ca\u0142ej Europie, umo\u017cliwiaj\u0105c l\u0105dowanie na lokalnych lotniskach, kt\u00f3re rzadko odwiedzaj\u0105 loty komercyjne.&nbsp;<\/p>\r\n\r\n\r\n\r\n<p>Samoloty Cirrus maj\u0105 pojemno\u015b\u0107 baga\u017cow\u0105 10 kg na pasa\u017cera i jako jedyne posiadaj\u0105 w standardowym wyposa\u017ceniu system spadochronowy do operacji awaryjnych dla ca\u0142ego samolotu.<\/p>\r\n\r\n\r\n\r\n<p>Specyfikacja:<\/p>\r\n\r\n\r\n\r\n<ul class=\"wp-block-list\"><li>Pasa\u017cerowie: 3;<\/li><li>Szeroko\u015b\u0107 kabiny: 4 ft 1 in;<\/li><li>Pojemno\u015b\u0107 kabiny: 137 cu ft;<\/li><li>Wysoko\u015b\u0107 kabiny: 4 ft 2 in;<\/li><li>D\u0142ugo\u015b\u0107 kabiny: 8 st\u00f3p;<\/li><li>Baga\u017c wewn\u0119trzny: 32 cu ft;<\/li><li>Pr\u0119dko\u015b\u0107 maksymalna: 186 kts;<\/li><li>Maks. zakres: 1100 nm;<\/li><li>Za\u0142oga: 1;<\/li><li>Brak toalety;<\/li><li>Nie ma WiFi.<\/li><\/ul>\r\n\r\n\r\n\r\n<h2 class=\"wp-block-heading\"><span class=\"ez-toc-section\" id=\"Cancellation_Insurance\"><\/span>Ubezpieczenie od koszt\u00f3w rezygnacji<span class=\"ez-toc-section-end\"><\/span><\/h2>\r\n\r\n\r\n\r\n<p>Fly Aeolus oferuje ubezpieczenie od koszt\u00f3w rezygnacji, kt\u00f3re kosztuje 200 euro (bez podatku VAT), kt\u00f3re pozwala na anulowanie lub prze\u0142o\u017cenie lotu, je\u015bli plany zostan\u0105 zak\u0142\u00f3cone przez nieprzewidziane zdarzenie.&nbsp;<\/p>\r\n\r\n\r\n\r\n<p>Je\u015bli nie chcesz zap\u0142aci\u0107 za koszty ubezpieczenia od koszt\u00f3w rezygnacji i Tw\u00f3j lot zostanie odwo\u0142any lub prze\u0142o\u017cony po potwierdzeniu, b\u0119dziesz musia\u0142 ponie\u015b\u0107 dodatkowe op\u0142aty. Je\u015bli odwo\u0142asz sw\u00f3j lot mi\u0119dzy 7 dniami a 24 godzinami przed planowanym czasem odlotu, Fly Aeolus pobierze op\u0142at\u0119 w wysoko\u015bci 25% ca\u0142kowitych koszt\u00f3w lotu. W przypadku anulowania lotu w okresie od 24 do 5 godzin przed planowanym odlotem, firma pobierze op\u0142at\u0119 za anulowanie w wysoko\u015bci 50% ca\u0142kowitych koszt\u00f3w lotu. W przypadku rezygnacji z lotu w okresie kr\u00f3tszym ni\u017c 5 godzin przed planowanym czasem odlotu lub w przypadku niestawienia si\u0119 pasa\u017cera, pobierana jest op\u0142ata w wysoko\u015bci 100% ca\u0142kowitych koszt\u00f3w lotu.<\/p>\r\n\r\n\r\n\r\n<h2 class=\"wp-block-heading\"><span class=\"ez-toc-section\" id=\"De-icing_Insurance\"><\/span>Ubezpieczenie od odladzania<span class=\"ez-toc-section-end\"><\/span><\/h2>\r\n\r\n\r\n\r\n<figure class=\"wp-block-image size-full is-style-default\"><img loading=\"lazy\" decoding=\"async\" width=\"1000\" height=\"667\" src=\"https:\/\/comparemyjet.com\/wp-content\/uploads\/2022\/07\/De-icing-Insurance.jpg\" alt=\"\" class=\"wp-image-3146\" srcset=\"https:\/\/comparemyjet.com\/wp-content\/uploads\/2022\/07\/De-icing-Insurance-18x12.jpg 18w, https:\/\/comparemyjet.com\/wp-content\/uploads\/2022\/07\/De-icing-Insurance-300x200.jpg 300w, https:\/\/comparemyjet.com\/wp-content\/uploads\/2022\/07\/De-icing-Insurance-768x512.jpg 768w, https:\/\/comparemyjet.com\/wp-content\/uploads\/2022\/07\/De-icing-Insurance.jpg 1000w\" sizes=\"auto, (max-width: 1000px) 100vw, 1000px\" \/><\/figure>\r\n\r\n\r\n\r\n<p>Tego typu ubezpieczenie przyda si\u0119 zw\u0142aszcza w ch\u0142odniejszych miesi\u0105cach. Fly Aeolus radzi, aby skorzysta\u0107 z tej us\u0142ugi przed startem.&nbsp;<\/p>\r\n\r\n\r\n\r\n<p>W okresie zimowym taks\u00f3wka powietrzna mo\u017ce zosta\u0107 pokryta lodem lub \u015bniegiem, a l\u00f3d i \u015bnieg musz\u0105 zosta\u0107 oczyszczone przed startem. Zwi\u0105zane z tym koszty s\u0105 trudne do przewidzenia, wi\u0119c firma zapewnia kilka opcji ubezpieczenia od oblodzenia w oparciu o niebezpiecze\u0144stwo oblodzenia, aby umie\u015bci\u0107 sw\u00f3j umys\u0142 w spokoju.<\/p>\r\n\r\n\r\n\r\n<ul class=\"wp-block-list\"><li>Do pi\u0119ciu dni przed wylotem ubezpieczenie od oblodzenia b\u0119dzie kosztowa\u0142o Ci\u0119 150,00 \u20ac (bez VAT) za lot w jedn\u0105 stron\u0119.<\/li><li>Mi\u0119dzy 5 a 72 godzinami przed wyjazdem ubezpieczenie to b\u0119dzie kosztowa\u0107 Ci\u0119 250,00 euro (bez VAT) za podr\u00f3\u017c w jedn\u0105 stron\u0119.<\/li><li>Mi\u0119dzy 72 a 24 godzin\u0105 przed wylotem nale\u017cy zap\u0142aci\u0107 do 350,00 euro (bez VAT) za ubezpieczenie od oblodzenia w jedn\u0105 stron\u0119.<\/li><\/ul>\r\n\r\n\r\n\r\n<p>Je\u015bli nie wybierzesz jednej z powy\u017cszych opcji, po podr\u00f3\u017cy zostaniesz obci\u0105\u017cony wszystkimi niezb\u0119dnymi op\u0142atami za odladzanie.<\/p>\r\n\r\n\r\n\r\n<h2 class=\"wp-block-heading\"><span class=\"ez-toc-section\" id=\"Fly_Aeolus_Taxi_Service\"><\/span>Fly Aeolus Taxi Service<span class=\"ez-toc-section-end\"><\/span><\/h2>\r\n\r\n\r\n\r\n<p>Fly Aeolus mo\u017ce dokona\u0107 rezerwacji taks\u00f3wki u jednego z ich cz\u0119stych partner\u00f3w. Daj im zna\u0107 swoje miejsce docelowe, a oni upewni\u0105 si\u0119, \u017ce taks\u00f3wka b\u0119dzie na Ciebie czeka\u0107, gdy dotrzesz na lotnisko. Je\u015bli kto\u015b odbiera Ci\u0119 z lotniska, firma oferuje wys\u0142anie konkretnych danych lotu, aby Twoi przyjaciele lub rodzina mogli \u015bledzi\u0107 taks\u00f3wk\u0119 powietrzn\u0105 w czasie rzeczywistym.<\/p>\r\n\r\n\r\n\r\n<h2 class=\"wp-block-heading\"><span class=\"ez-toc-section\" id=\"Pet_Policy\"><\/span>Polityka dotycz\u0105ca zwierz\u0105t domowych<span class=\"ez-toc-section-end\"><\/span><\/h2>\r\n\r\n\r\n\r\n<p>Podczas lot\u00f3w komercyjnych mo\u017cesz wnie\u015b\u0107 do samolotu swoje zwierz\u0119, je\u015bli d\u0142ugo\u015b\u0107 noside\u0142ka jest mniejsza ni\u017c 47 cm, jego szeroko\u015b\u0107 mniejsza ni\u017c 30 cm, a wysoko\u015b\u0107 mniejsza ni\u017c 27 cm. Zwierz\u0119 musi r\u00f3wnie\u017c znajdowa\u0107 si\u0119 pod Twoim siedzeniem w wyznaczonym transporterze i nie mo\u017ce wa\u017cy\u0107 wi\u0119cej ni\u017c 10 kilogram\u00f3w. Ze wzgl\u0119d\u00f3w bezpiecze\u0144stwa nie mo\u017cesz otworzy\u0107 transportera ani go przenie\u015b\u0107. Wydaje si\u0119, \u017ce jest to najwi\u0119ksza wada, jak\u0105 maj\u0105 w por\u00f3wnaniu z innymi prywatnymi przewo\u017anikami czarterowymi, ale nadal jest to lepsze ni\u017c latanie ich w dziale cargo na lotach komercyjnych.<\/p>\r\n\r\n\r\n\r\n<p>Zabranie swojego pupila na prywatny lot to zupe\u0142nie inna historia. Fly Aeolus traktuje ka\u017cdego zwierzaka, kt\u00f3ry leci z nimi jak go\u015bcia, upewniaj\u0105c si\u0119, \u017ce Tw\u00f3j pupil cieszy si\u0119 spokojn\u0105 i przyjemn\u0105 podr\u00f3\u017c\u0105.<\/p>\r\n\r\n\r\n\r\n<p>Tw\u00f3j zwierzak nie b\u0119dzie uwi\u0119ziony w luku baga\u017cowym, mo\u017ce przytuli\u0107 si\u0119 obok Ciebie na kocu, a Ty mo\u017cesz mie\u0107 pewno\u015b\u0107, \u017ce Twojemu pupilowi jest wygodnie i bezpiecznie.&nbsp;<\/p>\r\n\r\n\r\n\r\n<p>Chocia\u017c mo\u017cesz podr\u00f3\u017cowa\u0107 ze swoim zwierzakiem, podr\u00f3\u017cowanie ze zwierzakiem zak\u0142ada pewne wcze\u015bniejsze planowanie.Mo\u017cesz pod\u0105\u017ca\u0107 za tym <a href=\"https:\/\/flyaeolus.com\/blog\/pet-travel-private-jet-air-taxi\/\" target=\"_blank\" rel=\"noopener\">link<\/a> aby uzyska\u0107 dodatkowe informacje dotycz\u0105ce transportu zwierz\u0105t z Aeolusem.<\/p>\r\n\r\n\r\n\r\n<h2 class=\"wp-block-heading\"><span class=\"ez-toc-section\" id=\"Company_Safety_Policy_and_Standards\"><\/span>Polityka i normy bezpiecze\u0144stwa firmy<span class=\"ez-toc-section-end\"><\/span><\/h2>\r\n\r\n\r\n\r\n<p>Wszystkie ich samoloty s\u0105 regularnie badane, a piloci przechodz\u0105 coroczne badania lekarskie. Poza tym wszystkie samoloty s\u0105 wyposa\u017cone w CAPS (Cirrus Airframe Parachute System), kt\u00f3ry jest ca\u0142op\u0142atowym balistycznym systemem odzyskiwania spadochronu zbudowanym wy\u0142\u0105cznie dla samolot\u00f3w Cirrus.<\/p>\r\n\r\n\r\n\r\n<h2 class=\"wp-block-heading\"><span class=\"ez-toc-section\" id=\"Company_Staff\"><\/span>Personel przedsi\u0119biorstwa<span class=\"ez-toc-section-end\"><\/span><\/h2>\r\n\r\n\r\n\r\n<p>W sk\u0142ad kadry Aeolus wchodz\u0105 eksperci z r\u00f3\u017cnych dziedzin lotnictwa biznesowego oraz wykwalifikowani piloci i instruktorzy Cirrus. Wszyscy piloci Fly Aeolus posiadaj\u0105 licencj\u0119 pilota zawodowego (CPL) lub licencj\u0119 pilota samolotowego (ATPL), maj\u0105 500 lub wi\u0119cej godzin lotu i przeszli program szkolenia Cirrus SR22.&nbsp;<\/p>\r\n\r\n\r\n\r\n<h2 class=\"wp-block-heading\"><span class=\"ez-toc-section\" id=\"Conclusion\"><\/span>Wniosek<span class=\"ez-toc-section-end\"><\/span><\/h2>\r\n\r\n\r\n\r\n<figure class=\"wp-block-image size-full is-style-default\"><img loading=\"lazy\" decoding=\"async\" width=\"1000\" height=\"667\" src=\"https:\/\/comparemyjet.com\/wp-content\/uploads\/2022\/07\/cute.dog_.dressed.as_.a.pilot_.standing.infront.of_.a.jet_.jpg\" alt=\"\" class=\"wp-image-3147\" srcset=\"https:\/\/comparemyjet.com\/wp-content\/uploads\/2022\/07\/cute.dog_.dressed.as_.a.pilot_.standing.infront.of_.a.jet_-18x12.jpg 18w, https:\/\/comparemyjet.com\/wp-content\/uploads\/2022\/07\/cute.dog_.dressed.as_.a.pilot_.standing.infront.of_.a.jet_-300x200.jpg 300w, https:\/\/comparemyjet.com\/wp-content\/uploads\/2022\/07\/cute.dog_.dressed.as_.a.pilot_.standing.infront.of_.a.jet_-768x512.jpg 768w, https:\/\/comparemyjet.com\/wp-content\/uploads\/2022\/07\/cute.dog_.dressed.as_.a.pilot_.standing.infront.of_.a.jet_.jpg 1000w\" sizes=\"auto, (max-width: 1000px) 100vw, 1000px\" \/><\/figure>\r\n\r\n\r\n\r\n<p>Fly Aeolus jest pierwsz\u0105 firm\u0105 w Europie, kt\u00f3ra wykorzystuje model w\u0142asno\u015bci frakcyjnej do \u015bwiadczenia us\u0142ug taks\u00f3wek powietrznych z wykorzystaniem samolot\u00f3w jednot\u0142okowych. Firma oferuje r\u00f3wnie\u017c trzy r\u00f3\u017cne programy jet card i zapewnia dost\u0119p do ponad 1000 ma\u0142ych lotnisk w ca\u0142ej Europie za pomoc\u0105 swojej floty Cirrus SR22. Je\u015bli chcesz zwiedzi\u0107 miasto lub podr\u00f3\u017cujesz z kilkoma osobami, Fly Aeolus jest Twoj\u0105 us\u0142ug\u0105 air taxi.&nbsp;<\/p>","protected":false},"excerpt":{"rendered":"<p>Fly Aeolus to belgijska us\u0142uga air taxi (prywatny czarter), kt\u00f3ra dzia\u0142a w Europie od 2009 roku. Siedziba firmy znajduje si\u0119 w Antwerpii, a biura w Berlinie i Rotterdamie.  Mo\u017cesz polecie\u0107 z ponad 1500 lotnisk na ca\u0142ym kontynencie europejskim jednym z ich samolot\u00f3w Cirrus SR-22, kt\u00f3ry jest uwa\u017cany za jeden z najbezpieczniejszych jednosilnikowych odrzutowc\u00f3w w ...<\/p>","protected":false},"author":2,"featured_media":3098,"parent":0,"menu_order":0,"comment_status":"closed","ping_status":"closed","template":"","meta":{"_acf_changed":false,"_genesis_hide_title":false,"_genesis_hide_breadcrumbs":false,"_genesis_hide_singular_image":false,"_genesis_hide_footer_widgets":false,"_genesis_custom_body_class":"","_genesis_custom_post_class":"","_genesis_layout":"","footnotes":""},"class_list":{"1":"page","2":"type-page","6":"entry"},"acf":[],"_links":{"self":[{"href":"https:\/\/comparemyjet.com\/pl\/wp-json\/wp\/v2\/pages\/3144","targetHints":{"allow":["GET"]}}],"collection":[{"href":"https:\/\/comparemyjet.com\/pl\/wp-json\/wp\/v2\/pages"}],"about":[{"href":"https:\/\/comparemyjet.com\/pl\/wp-json\/wp\/v2\/types\/page"}],"author":[{"embeddable":true,"href":"https:\/\/comparemyjet.com\/pl\/wp-json\/wp\/v2\/users\/2"}],"replies":[{"embeddable":true,"href":"https:\/\/comparemyjet.com\/pl\/wp-json\/wp\/v2\/comments?post=3144"}],"version-history":[{"count":2,"href":"https:\/\/comparemyjet.com\/pl\/wp-json\/wp\/v2\/pages\/3144\/revisions"}],"predecessor-version":[{"id":3444,"href":"https:\/\/comparemyjet.com\/pl\/wp-json\/wp\/v2\/pages\/3144\/revisions\/3444"}],"wp:featuredmedia":[{"embeddable":true,"href":"https:\/\/comparemyjet.com\/pl\/wp-json\/wp\/v2\/media\/3098"}],"wp:attachment":[{"href":"https:\/\/comparemyjet.com\/pl\/wp-json\/wp\/v2\/media?parent=3144"}],"curies":[{"name":"wp","href":"https:\/\/api.w.org\/{rel}","templated":true}]}}