{"id":3172,"date":"2022-08-10T21:51:12","date_gmt":"2022-08-10T21:51:12","guid":{"rendered":"https:\/\/comparemyjet.com\/?page_id=3172"},"modified":"2025-09-04T09:58:21","modified_gmt":"2025-09-04T09:58:21","slug":"hopscotch-air","status":"publish","type":"page","link":"https:\/\/comparemyjet.com\/pl\/hopscotch-air\/","title":{"rendered":"Ceny lot\u00f3w Hopscotch Air"},"content":{"rendered":"<p>Hopscotch Air jest najnowocze\u015bniejszym <a href=\"https:\/\/comparemyjet.com\/pl\/ile-kosztuje-taksowka-lotnicza\/\" data-internallinksmanager029f6b8e52c=\"23\" title=\"Ile kosztuje taks\u00f3wka powietrzna?\">taks\u00f3wka powietrzna<\/a> firma, kt\u00f3ra lata pasa\u017cerami po p\u00f3\u0142nocnym wschodzie, \u015brodkowym Atlantyku i Kanadzie w ma\u0142ych, ale zaawansowanych technologicznie samolotach Cirrus Aircraft. Firma uzyska\u0142a certyfikat w 2009 roku i obecnie odbywa oko\u0142o 1400 lot\u00f3w rocznie, za u\u0142amek koszt\u00f3w regularnych lot\u00f3w czarterowych, g\u0142\u00f3wnie dzi\u0119ki ta\u0144szej ekonomice samolotu.<\/p>\r\n\r\n\r\n\r\n<p>Hopscotch Air jest pionierem w us\u0142ugach ma\u0142op\u0142atowych taks\u00f3wek powietrznych na p\u00f3\u0142nocnym wschodzie i planuje zaoferowa\u0107 nowe us\u0142ugi regionalnych linii lotniczych do popularnych lokalizacji na p\u00f3\u0142nocnym wschodzie do ko\u0144ca 2022 roku.&nbsp;<\/p>\r\n\r\n\r\n\r\n<div id=\"ez-toc-container\" class=\"ez-toc-v2_0_76 counter-hierarchy ez-toc-counter ez-toc-grey ez-toc-container-direction\">\n<p class=\"ez-toc-title\" style=\"cursor:inherit\">Tematy<\/p>\n<label for=\"ez-toc-cssicon-toggle-item-69f168ed914c7\" class=\"ez-toc-cssicon-toggle-label\"><span class=\"\"><span class=\"eztoc-hide\" style=\"display:none;\">Toggle<\/span><span class=\"ez-toc-icon-toggle-span\"><svg style=\"fill: #999;color:#999\" xmlns=\"http:\/\/www.w3.org\/2000\/svg\" class=\"list-377408\" width=\"20px\" height=\"20px\" viewbox=\"0 0 24 24\" fill=\"none\"><path d=\"M6 6H4v2h2V6zm14 0H8v2h12V6zM4 11h2v2H4v-2zm16 0H8v2h12v-2zM4 16h2v2H4v-2zm16 0H8v2h12v-2z\" fill=\"currentColor\"><\/path><\/svg><svg style=\"fill: #999;color:#999\" class=\"arrow-unsorted-368013\" xmlns=\"http:\/\/www.w3.org\/2000\/svg\" width=\"10px\" height=\"10px\" viewbox=\"0 0 24 24\" version=\"1.2\" baseprofile=\"tiny\"><path d=\"M18.2 9.3l-6.2-6.3-6.2 6.3c-.2.2-.3.4-.3.7s.1.5.3.7c.2.2.4.3.7.3h11c.3 0 .5-.1.7-.3.2-.2.3-.5.3-.7s-.1-.5-.3-.7zM5.8 14.7l6.2 6.3 6.2-6.3c.2-.2.3-.5.3-.7s-.1-.5-.3-.7c-.2-.2-.4-.3-.7-.3h-11c-.3 0-.5.1-.7.3-.2.2-.3.5-.3.7s.1.5.3.7z\"\/><\/svg><\/span><\/span><\/label><input type=\"checkbox\"  id=\"ez-toc-cssicon-toggle-item-69f168ed914c7\" checked aria-label=\"Prze\u0142\u0105cznik\" \/><nav><ul class='ez-toc-list ez-toc-list-level-1' ><li class='ez-toc-page-1 ez-toc-heading-level-2'><a class=\"ez-toc-link ez-toc-heading-1\" href=\"https:\/\/comparemyjet.com\/pl\/hopscotch-air\/#About_the_Company\" >O firmie<\/a><\/li><li class='ez-toc-page-1 ez-toc-heading-level-2'><a class=\"ez-toc-link ez-toc-heading-2\" href=\"https:\/\/comparemyjet.com\/pl\/hopscotch-air\/#Membership_Programs\" >Programy cz\u0142onkowskie<\/a><ul class='ez-toc-list-level-3' ><li class='ez-toc-heading-level-3'><a class=\"ez-toc-link ez-toc-heading-3\" href=\"https:\/\/comparemyjet.com\/pl\/hopscotch-air\/#ClubScotch\" >ClubScotch<\/a><\/li><\/ul><\/li><li class='ez-toc-page-1 ez-toc-heading-level-2'><a class=\"ez-toc-link ez-toc-heading-4\" href=\"https:\/\/comparemyjet.com\/pl\/hopscotch-air\/#Destinations_and_Pricing\" >Miejsca docelowe i ceny<\/a><\/li><li class='ez-toc-page-1 ez-toc-heading-level-2'><a class=\"ez-toc-link ez-toc-heading-5\" href=\"https:\/\/comparemyjet.com\/pl\/hopscotch-air\/#The_Fleet\" >Flota&nbsp;<\/a><ul class='ez-toc-list-level-3' ><li class='ez-toc-heading-level-3'><a class=\"ez-toc-link ez-toc-heading-6\" href=\"https:\/\/comparemyjet.com\/pl\/hopscotch-air\/#1_Very_Light_Jets\" >1. Bardzo lekkie dysze<\/a><ul class='ez-toc-list-level-4' ><li class='ez-toc-heading-level-4'><a class=\"ez-toc-link ez-toc-heading-7\" href=\"https:\/\/comparemyjet.com\/pl\/hopscotch-air\/#Our_Recommendation_The_Cirrus_SR20\" >Nasza rekomendacja: Cirrus SR20&nbsp;<\/a><\/li><li class='ez-toc-page-1 ez-toc-heading-level-4'><a class=\"ez-toc-link ez-toc-heading-8\" href=\"https:\/\/comparemyjet.com\/pl\/hopscotch-air\/#Our_Recommendation_The_Cirrus_SR22\" >Nasza rekomendacja: Cirrus SR22<\/a><\/li><\/ul><\/li><\/ul><\/li><li class='ez-toc-page-1 ez-toc-heading-level-2'><a class=\"ez-toc-link ez-toc-heading-9\" href=\"https:\/\/comparemyjet.com\/pl\/hopscotch-air\/#Company_Safety_Policy_and_Standards\" >Polityka i normy bezpiecze\u0144stwa firmy&nbsp;<\/a><\/li><li class='ez-toc-page-1 ez-toc-heading-level-2'><a class=\"ez-toc-link ez-toc-heading-10\" href=\"https:\/\/comparemyjet.com\/pl\/hopscotch-air\/#Partnerships\" >Partnerstwa<\/a><\/li><li class='ez-toc-page-1 ez-toc-heading-level-2'><a class=\"ez-toc-link ez-toc-heading-11\" href=\"https:\/\/comparemyjet.com\/pl\/hopscotch-air\/#Conclusion\" >Wniosek<\/a><\/li><\/ul><\/nav><\/div>\n<h2 class=\"wp-block-heading\"><span class=\"ez-toc-section\" id=\"About_the_Company\"><\/span>O firmie<span class=\"ez-toc-section-end\"><\/span><\/h2>\r\n\r\n\r\n\r\n<p>Hopscotch Air to <a href=\"https:\/\/www.faa.gov\/\" target=\"_blank\" rel=\"noopener\">FAA<\/a>-certyfikowany przewo\u017anik lotniczy z siedzib\u0105 w <a href=\"https:\/\/comparemyjet.com\/pl\/prywatne-wycieczki\/new-york-city-private-tours\/\" data-internallinksmanager029f6b8e52c=\"427\" title=\"11 najlepszych prywatnych wycieczek po Nowym Jorku od $48.00\">Nowy Jork<\/a>, z hubami zlokalizowanymi na lotniskach Republic Farmingdale, Westchester County i Teterboro.&nbsp;<\/p>\r\n\r\n\r\n\r\n<p>Firma posiada w\u0142asn\u0105 flot\u0119 samolot\u00f3w i oferuje program cz\u0142onkowski, w kt\u00f3rym op\u0142aty wst\u0119pne i cz\u0142onkowskie zaczynaj\u0105 si\u0119 od $3 900. Podstawowym programem jest The Jet Card, us\u0142uga typu pay-as-you-go ze sta\u0142ymi, p\u0142askimi cenami wed\u0142ug trasy.&nbsp;<\/p>\r\n\r\n\r\n\r\n<p>Zbadajmy te programy cz\u0142onkowskie bardziej szczeg\u00f3\u0142owo.<\/p>\r\n\r\n\r\n\r\n<h2 class=\"wp-block-heading\"><span class=\"ez-toc-section\" id=\"Membership_Programs\"><\/span>Programy cz\u0142onkowskie<span class=\"ez-toc-section-end\"><\/span><\/h2>\r\n\r\n\r\n\r\n<figure class=\"wp-block-image size-full is-style-default\"><img loading=\"lazy\" decoding=\"async\" width=\"1000\" height=\"667\" src=\"https:\/\/comparemyjet.com\/wp-content\/uploads\/2022\/07\/cirrus.sr_.22.jpg\" alt=\"\" class=\"wp-image-3174\" srcset=\"https:\/\/comparemyjet.com\/wp-content\/uploads\/2022\/07\/cirrus.sr_.22-18x12.jpg 18w, https:\/\/comparemyjet.com\/wp-content\/uploads\/2022\/07\/cirrus.sr_.22-300x200.jpg 300w, https:\/\/comparemyjet.com\/wp-content\/uploads\/2022\/07\/cirrus.sr_.22-768x512.jpg 768w, https:\/\/comparemyjet.com\/wp-content\/uploads\/2022\/07\/cirrus.sr_.22.jpg 1000w\" sizes=\"auto, (max-width: 1000px) 100vw, 1000px\" \/><\/figure>\r\n\r\n\r\n\r\n<p>Firma rozpocz\u0119\u0142a sw\u00f3j program cz\u0142onkowski w 2019 roku. Cz\u0142onkowie p\u0142ac\u0105 $325 miesi\u0119cznie i korzystaj\u0105 z ekskluzywnych rabat\u00f3w i innych korzy\u015bci.&nbsp;<\/p>\r\n\r\n\r\n\r\n<p>Mo\u017cesz zosta\u0107 cz\u0142onkiem kontaktuj\u0105c si\u0119 z nimi na ich stronie <a href=\"https:\/\/flyhopscotch.com\/join-clubscotch\/\" target=\"_blank\" rel=\"noopener\">strona internetowa<\/a>.<\/p>\r\n\r\n\r\n\r\n<h3 class=\"wp-block-heading\"><span class=\"ez-toc-section\" id=\"ClubScotch\"><\/span>ClubScotch<span class=\"ez-toc-section-end\"><\/span><\/h3>\r\n\r\n\r\n\r\n<p>Na ca\u0142ym p\u00f3\u0142nocnym wschodzie, w \u015brodkowym Atlantyku i Kanadzie, Hopscotch poleci na setki lotnisk, od najmniejszych do najwi\u0119kszych. Ich samoloty mog\u0105 przewie\u017a\u0107 Ci\u0119 na mniejsze, mniej zat\u0142oczone lotniska, bli\u017cej Twojego ostatecznego celu podr\u00f3\u017cy. Wszystkie loty odbywaj\u0105 si\u0119 zgodnie z Twoim harmonogramem.<\/p>\r\n\r\n\r\n\r\n<p>Aby zosta\u0107 cz\u0142onkiem ClubScoth, nale\u017cy podj\u0105\u0107 roczne zobowi\u0105zanie. Mo\u017cesz wybra\u0107 p\u0142atno\u015b\u0107 $325 za miesi\u0105c lub $3,250 za rok.<\/p>\r\n\r\n\r\n\r\n<p>Priorytetowe planowanie jest dost\u0119pne dla cz\u0142onk\u00f3w, jak r\u00f3wnie\u017c szybki dost\u0119p do ich zespo\u0142u Customer Experience. Jako cz\u0142onek ClubScotch, jeste\u015b uprawniony do spotka\u0144 w ostatniej chwili i darmowego czasu oczekiwania do 15 godzin. Mo\u017cesz wykorzysta\u0107 te 15 godzin darmowego op\u00f3\u017anienia propagacji w ci\u0105gu ca\u0142ego roku. To ponad $1,000 rocznej zni\u017cki.<\/p>\r\n\r\n\r\n\r\n<p>Mo\u017ce chcesz sp\u0119dzi\u0107 noc w miejscu docelowym? Darmowy nocleg oferowany jest raz w roku (<a href=\"https:\/\/comparemyjet.com\/pl\/hotels\/\" data-internallinksmanager029f6b8e52c=\"470\" title=\"100 najlepszych hoteli w pobli\u017cu lotnisk z ca\u0142ego \u015bwiata\">hotel<\/a> i jedzenie nie s\u0105 wliczone w cen\u0119). Samolot b\u0119dzie czeka\u0142 na Ciebie nast\u0119pnego dnia, aby zako\u0144czy\u0107 podr\u00f3\u017c w obie strony.&nbsp;<\/p>\r\n\r\n\r\n\r\n<p>Polityka anulowania firmy pozwala na zmian\u0119 daty \/ trasy i jest do\u015b\u0107 elastyczna dla cz\u0142onk\u00f3w. Nie zostaniesz obci\u0105\u017cony op\u0142at\u0105 za wszelkie modyfikacje dokonane podczas podr\u00f3\u017cy. Osoby nie b\u0119d\u0105ce cz\u0142onkami firmy maj\u0105 48 godzin na anulowanie lot\u00f3w w celu uzyskania zwrotu pieni\u0119dzy, podczas gdy cz\u0142onkowie maj\u0105 24 godziny.<\/p>\r\n\r\n\r\n\r\n<p>Najwi\u0119ksze korzy\u015bci dla cz\u0142onk\u00f3w ClubScotch to fakt, \u017ce og\u00f3lnie p\u0142ac\u0105 oni cz\u0119sto oko\u0142o 25% mniej ni\u017c osoby nieb\u0119d\u0105ce cz\u0142onkami w cenie detalicznej oraz otrzymuj\u0105 dost\u0119p do strony ClubScotch, aby sprawdzi\u0107 histori\u0119 lot\u00f3w i stan konta online.<\/p>\r\n\r\n\r\n\r\n<h2 class=\"wp-block-heading\"><span class=\"ez-toc-section\" id=\"Destinations_and_Pricing\"><\/span>Miejsca docelowe i ceny<span class=\"ez-toc-section-end\"><\/span><\/h2>\r\n\r\n\r\n\r\n<p>SR22 odbieraj\u0105 pasa\u017cer\u00f3w zazwyczaj na lotniskach w Nowym Jorku, a dalsze kierunki to zach\u00f3d do <a href=\"https:\/\/comparemyjet.com\/pl\/private-jet-charters-to-chicago\/\" data-internallinksmanager029f6b8e52c=\"170\" title=\"Prywatne odrzutowce do Chicago\">Chicago (Inf. w\u0142.)<\/a> lub na po\u0142udnie do Po\u0142udniowej Karoliny.&nbsp;<\/p>\r\n\r\n\r\n\r\n<p>Poni\u017csza tabela zawiera ceny za jednodniow\u0105 podr\u00f3\u017c w jedn\u0105 stron\u0119 z White Plains, Farmingdale i Teterboro.&nbsp;<\/p>\r\n\r\n\r\n\r\n<figure class=\"wp-block-table\"><table><tbody><tr><td>Miejsca przeznaczenia<\/td><td>Ceny jednokierunkowe<\/td><\/tr><tr><td><a href=\"https:\/\/comparemyjet.com\/pl\/prywatne-wycieczki\/philadelphia-private-tours\/\" data-internallinksmanager029f6b8e52c=\"430\" title=\"11 najlepszych prywatnych wycieczek po Filadelfii od $245.00\">Philadelphia<\/a>&nbsp;<\/td><td>$1,956<\/td><\/tr><tr><td>Atlantic City&nbsp;<\/td><td>$2,019<\/td><\/tr><tr><td>Newport&nbsp;<\/td><td>$2,144<\/td><\/tr><tr><td><a href=\"https:\/\/comparemyjet.com\/pl\/private-jet-charters-to-boston\/\" data-internallinksmanager029f6b8e52c=\"177\" title=\"Czartery prywatnych odrzutowc\u00f3w do Bostonu\">Boston<\/a> - Bedford&nbsp;<\/td><td>$2,426<\/td><\/tr><tr><td>Martha's Vineyard&nbsp;<\/td><td>$2,489<\/td><\/tr><tr><td>Nantucket&nbsp;<\/td><td>$2,802<\/td><\/tr><tr><td>Provincetown&nbsp;<\/td><td>$2,834<\/td><\/tr><tr><td>Boston - Logan&nbsp;<\/td><td>$2,888<\/td><\/tr><tr><td>Burlington&nbsp;<\/td><td>$3,335<\/td><\/tr><\/tbody><\/table><\/figure>\r\n\r\n\r\n\r\n<p>Hopscotch obs\u0142uguje p\u00f3\u0142nocno-wschodnie Stany Zjednoczone, region \u015brodkowego Atlantyku oraz cz\u0119\u015b\u0107 Ontario i Quebecu. Popularne wiosenne i letnie wypady to:<\/p>\r\n\r\n\r\n\r\n<ul class=\"wp-block-list\"><li>Cape Cod,&nbsp;<\/li><li>Provincetown, Provincetown,&nbsp;<\/li><li>Martha's Vineyard,&nbsp;<\/li><li>East Hampton,&nbsp;<\/li><li>Burlington,&nbsp;<\/li><li><a href=\"https:\/\/comparemyjet.com\/pl\/prywatne-wycieczki\/portland-private-tours\/\" data-internallinksmanager029f6b8e52c=\"432\" title=\"11 najlepszych prywatnych wycieczek po Portland od $48.00\">Portland<\/a>,&nbsp;<\/li><li>Block Island,&nbsp;<\/li><li>Great Barrington,&nbsp;<\/li><li>i Stowe.&nbsp;<\/li><\/ul>\r\n\r\n\r\n\r\n<p>Jednak lataj\u0105 r\u00f3wnie\u017c do odleg\u0142ych miejsc w stanie Nowy Jork, Massachusetts, Pensylwanii i Nowym Jorku. <a href=\"https:\/\/comparemyjet.com\/pl\/private-jet-charters-to-jersey\/\" data-internallinksmanager029f6b8e52c=\"176\" title=\"Czartery prywatnych odrzutowc\u00f3w do Jersey\">Jersey<\/a>. Kierunki w Nowej Anglii nale\u017c\u0105 do najbardziej popularnych tras Hopscotch Air.<\/p>\r\n\r\n\r\n\r\n<p>Nie ma gwarancji dost\u0119pno\u015bci samolotu, a stawki s\u0105 ustalane na podstawie trasy.<\/p>\r\n\r\n\r\n\r\n<h2 class=\"wp-block-heading\"><span class=\"ez-toc-section\" id=\"The_Fleet\"><\/span>Flota&nbsp;<span class=\"ez-toc-section-end\"><\/span><\/h2>\r\n\r\n\r\n\r\n<figure class=\"wp-block-image size-full is-style-default\"><img loading=\"lazy\" decoding=\"async\" width=\"1000\" height=\"606\" src=\"https:\/\/comparemyjet.com\/wp-content\/uploads\/2022\/07\/cirrus.fleet_.jpg\" alt=\"\" class=\"wp-image-3173\" srcset=\"https:\/\/comparemyjet.com\/wp-content\/uploads\/2022\/07\/cirrus.fleet_-18x12.jpg 18w, https:\/\/comparemyjet.com\/wp-content\/uploads\/2022\/07\/cirrus.fleet_-300x182.jpg 300w, https:\/\/comparemyjet.com\/wp-content\/uploads\/2022\/07\/cirrus.fleet_-768x465.jpg 768w, https:\/\/comparemyjet.com\/wp-content\/uploads\/2022\/07\/cirrus.fleet_.jpg 1000w\" sizes=\"auto, (max-width: 1000px) 100vw, 1000px\" \/><\/figure>\r\n\r\n\r\n\r\n<p>Hopscotch Air to firma zajmuj\u0105ca si\u0119 taks\u00f3wkami powietrznymi, operuj\u0105ca flot\u0105 samolot\u00f3w Cirrus SR-20\/22. Samoloty te mog\u0105 przelecie\u0107 do 800 mil bez zatrzymywania si\u0119 na tankowanie.&nbsp;<\/p>\r\n\r\n\r\n\r\n<p>Chocia\u017c loty jednosilnikowym samolotem t\u0142okowym trwaj\u0105 d\u0142u\u017cej ni\u017c loty samolotem odrzutowym, mog\u0105 one l\u0105dowa\u0107 na mniejszych lotniskach z kr\u00f3tszymi pasami startowymi i s\u0105 idealne dla partii trzech os\u00f3b. Samoloty Cirrus maj\u0105 dost\u0119p do tysi\u0119cy lotnisk publicznych w regionie p\u00f3\u0142nocno-wschodnim.<\/p>\r\n\r\n\r\n\r\n<h3 class=\"wp-block-heading\"><span class=\"ez-toc-section\" id=\"1_Very_Light_Jets\"><\/span>1. Bardzo lekkie dysze<span class=\"ez-toc-section-end\"><\/span><\/h3>\r\n\r\n\r\n\r\n<p>Bardzo lekki odrzutowiec jest najmniejsz\u0105 i najbardziej ekonomiczn\u0105 form\u0105 prywatnego odrzutowca. S\u0105 idealne do kr\u00f3tszych podr\u00f3\u017cy na ma\u0142ych dystansach, z zasi\u0119giem oko\u0142o 2000 mil i pr\u0119dko\u015bci\u0105 godzinow\u0105 ponad 600 mph. Samoloty te s\u0105 idealne do podr\u00f3\u017cy regionalnych i zazwyczaj mieszcz\u0105 od 3 do 6 os\u00f3b.<\/p>\r\n\r\n\r\n\r\n<h4 class=\"wp-block-heading\"><span class=\"ez-toc-section\" id=\"Our_Recommendation_The_Cirrus_SR20\"><\/span>Nasza rekomendacja: Cirrus SR20&nbsp;<span class=\"ez-toc-section-end\"><\/span><\/h4>\r\n\r\n\r\n\r\n<p>Cirrus Aircraft z Duluth w Minnesocie produkuje Cirrus SR20, czteromiejscowy kompozytowy jednop\u0142at nap\u0119dzany silnikiem t\u0142okowym.<\/p>\r\n\r\n\r\n\r\n<p>SR20 by\u0142 pierwszym samolotem lotnictwa og\u00f3lnego wyposa\u017conym w spadochron umo\u017cliwiaj\u0105cy bezpieczne l\u0105dowanie w sytuacjach awaryjnych. Jest to r\u00f3wnie\u017c pierwszy lekki samolot zbudowany w ca\u0142o\u015bci z materia\u0142\u00f3w kompozytowych.<\/p>\r\n\r\n\r\n\r\n<p>Specyfikacja i osi\u0105gi samolotu Cirrus SR20:<\/p>\r\n\r\n\r\n\r\n<ul class=\"wp-block-list\"><li>Pasa\u017cerowie: 3;<\/li><li>Wysoko\u015b\u0107 zewn\u0119trzna: 8 ft 11 in;<\/li><li>D\u0142ugo\u015b\u0107 zewn\u0119trzna: 26 st\u00f3p;<\/li><li>Szeroko\u015b\u0107 kabiny: 4 ft 1 in;<\/li><li>Wysoko\u015b\u0107 kabiny: 4 ft 2 in;<\/li><li>D\u0142ugo\u015b\u0107 kabiny: 10 ft 10 in;<\/li><li>Pr\u0119dko\u015b\u0107 wznoszenia: 920 fpm;<\/li><li>Normalny rejs: 155 kts;<\/li><li>Pr\u0119dko\u015b\u0107 maksymalna: 155 kts;<\/li><li>Maks. zakres: 785 nm;<\/li><li>Pojemno\u015b\u0107 paliwa: 336 lbs lb;<\/li><li>Maks. \u0142adowno\u015b\u0107: 720 lb;<\/li><li>Za\u0142oga: 1.<\/li><\/ul>\r\n\r\n\r\n\r\n<h4 class=\"wp-block-heading\"><span class=\"ez-toc-section\" id=\"Our_Recommendation_The_Cirrus_SR22\"><\/span>Nasza rekomendacja: Cirrus SR22<span class=\"ez-toc-section-end\"><\/span><\/h4>\r\n\r\n\r\n\r\n<p>Cirrus SR22 zosta\u0142 drobiazgowo zaprojektowany, aby zapewni\u0107 Ci najlepsze do\u015bwiadczenie w lataniu. Oferuje zaawansowane innowacje techniczne, porywaj\u0105ce osi\u0105gi i niezr\u00f3wnany styl. Przestronne wn\u0119trze SR22, kt\u00f3re oferuje mn\u00f3stwo miejsca na nogi dla pasa\u017cer\u00f3w, jest jedn\u0105 z jego najmocniejszych cech.<\/p>\r\n\r\n\r\n\r\n<p>Specyfikacja i osi\u0105gi samolotu Cirrus SR22:<\/p>\r\n\r\n\r\n\r\n<ul class=\"wp-block-list\"><li>Pasa\u017cerowie: 4;<\/li><li>Wysoko\u015b\u0107 zewn\u0119trzna: 8 ft 11 in;<\/li><li>Rozpi\u0119to\u015b\u0107 skrzyde\u0142: 38 ft 4 in;<\/li><li>D\u0142ugo\u015b\u0107 zewn\u0119trzna: 26 st\u00f3p;<\/li><li>Pojemno\u015b\u0107 kabiny: 137 cu ft;<\/li><li>Szeroko\u015b\u0107 kabiny: 4 ft 1 in;<\/li><li>Wysoko\u015b\u0107 kabiny: 4 ft 2 in;<\/li><li>D\u0142ugo\u015b\u0107 kabiny: 8 st\u00f3p;<\/li><li>Baga\u017c wewn\u0119trzny: 32 cu ft;<\/li><li>Pojemno\u015b\u0107 paliwa: 486 lbs lb;<\/li><li>Maks. \u0142adowno\u015b\u0107: 950 lb;<\/li><li>Pr\u0119dko\u015b\u0107 maksymalna: 186 kts;<\/li><li>Zasi\u0119g lotu: 659 nm - 1100 nm;<\/li><li>Odleg\u0142o\u015b\u0107 l\u0105dowania: 4005 ft;<\/li><li>Pr\u0119dko\u015b\u0107 wznoszenia: 1400 fpm;<\/li><li>Za\u0142oga: 1.<\/li><\/ul>\r\n\r\n\r\n\r\n<h2 class=\"wp-block-heading\"><span class=\"ez-toc-section\" id=\"Company_Safety_Policy_and_Standards\"><\/span>Polityka i normy bezpiecze\u0144stwa firmy&nbsp;<span class=\"ez-toc-section-end\"><\/span><\/h2>\r\n\r\n\r\n\r\n<figure class=\"wp-block-image size-full is-style-default\"><img loading=\"lazy\" decoding=\"async\" width=\"1000\" height=\"662\" src=\"https:\/\/comparemyjet.com\/wp-content\/uploads\/2022\/07\/pilot.greeting.young_.couple-1.jpg\" alt=\"Hopscotch Air\" class=\"wp-image-3176\" srcset=\"https:\/\/comparemyjet.com\/wp-content\/uploads\/2022\/07\/pilot.greeting.young_.couple-1-18x12.jpg 18w, https:\/\/comparemyjet.com\/wp-content\/uploads\/2022\/07\/pilot.greeting.young_.couple-1-300x199.jpg 300w, https:\/\/comparemyjet.com\/wp-content\/uploads\/2022\/07\/pilot.greeting.young_.couple-1-768x508.jpg 768w, https:\/\/comparemyjet.com\/wp-content\/uploads\/2022\/07\/pilot.greeting.young_.couple-1.jpg 1000w\" sizes=\"auto, (max-width: 1000px) 100vw, 1000px\" \/><\/figure>\r\n\r\n\r\n\r\n<p>Zaawansowany pok\u0142ad bojowy i autopilot SR 22\/20 umo\u017cliwiaj\u0105 latanie z jednym pilotem, ale odrzutowce s\u0105 wyposa\u017cone w pe\u0142nop\u0142atny spadochron awaryjny, kt\u00f3ry wed\u0142ug firmy jest kluczowym punktem sprzeda\u017cy dla konsument\u00f3w.<\/p>\r\n\r\n\r\n\r\n<p>SR 20\/22 s\u0105 r\u00f3wnie\u017c <a href=\"https:\/\/www.faa.gov\/about\/office_org\/headquarters_offices\/ato\/service_units\/techops\/navservices\/gnss\/waas\" target=\"_blank\" rel=\"noopener\">WAAS (Wide Area Augmentation System)<\/a>) zdolne i certyfikowane do latania w trudnych warunkach oblodzenia. Ponadto, odrzutowce s\u0105 wyposa\u017cone w WAAS, naziemny system combo\/GPS, kt\u00f3ry pozwala samolotom na precyzyjne l\u0105dowanie na lotniskach, na kt\u00f3rych nie ma systemu nawigacji. <a href=\"https:\/\/skybrary.aero\/articles\/instrument-landing-system-ils\" target=\"_blank\" rel=\"noopener\">ILS<\/a> nie jest obecny ani sprawny.<\/p>\r\n\r\n\r\n\r\n<p>Nassau Flyers, pobliski autoryzowany warsztat Cirrusa, wykonuje wszystkie modyfikacje i inne przegl\u0105dy strukturalne i silnikowe na ziemi.<\/p>\r\n\r\n\r\n\r\n<h2 class=\"wp-block-heading\"><span class=\"ez-toc-section\" id=\"Partnerships\"><\/span>Partnerstwa<span class=\"ez-toc-section-end\"><\/span><\/h2>\r\n\r\n\r\n\r\n<p>Hopscotch i Linear Air po\u0142\u0105czy\u0142y si\u0142y, aby obs\u0142ugiwa\u0107 jedyn\u0105 regularn\u0105 us\u0142ug\u0119 bez mi\u0119dzyl\u0105dowania \u0142\u0105cz\u0105c\u0105 White Plains z metropoli\u0105 bosto\u0144sk\u0105.<\/p>\r\n\r\n\r\n\r\n<p>Podobnie jak Hopscotch, Linear Air obs\u0142uguje r\u00f3wnie\u017c Eclipse VLJ (bardzo lekkie odrzutowce). Razem, obie firmy zapewniaj\u0105 konsumentom r\u00f3\u017cnorodne mo\u017cliwo\u015bci wyboru pr\u0119dko\u015bci i zasi\u0119gu dla taks\u00f3wek powietrznych na \u017c\u0105danie.<\/p>\r\n\r\n\r\n\r\n<h2 class=\"wp-block-heading\"><span class=\"ez-toc-section\" id=\"Conclusion\"><\/span>Wniosek<span class=\"ez-toc-section-end\"><\/span><\/h2>\r\n\r\n\r\n\r\n<p>Pod mark\u0105 ClubScotch, Hopscotch Air oferuje program cz\u0142onkostwa w jednosilnikowych t\u0142okowych samolotach Cirrus SR22 i SR20 na ca\u0142ym p\u00f3\u0142nocnym wschodzie i \u015brodkowym Atlantyku ze sta\u0142\u0105 cen\u0105 za przelot. Ka\u017cdy samolot mo\u017ce pomie\u015bci\u0107 do czterech podr\u00f3\u017cnych.<\/p>\r\n\r\n\r\n\r\n<p>Ze wzgl\u0119du na rosn\u0105c\u0105 liczb\u0119 klient\u00f3w, firma planuje uruchomienie nowej floty o\u015bmiomiejscowych samolot\u00f3w turbo\u015bmig\u0142owych w celu zwi\u0119kszenia przepustowo\u015bci, natomiast z Transcend Air Corporation podpisa\u0142a ju\u017c umow\u0119 na zakup wielokrotnie nagradzanego samolotu pionowego startu i l\u0105dowania Vy 400. Samoloty te zostan\u0105 wykorzystane do rozszerzenia tras pozalotniczych.&nbsp;<\/p>\r\n\r\n\r\n\r\n<p>W przeciwie\u0144stwie do typowego czarteru, Hopscotch nie pobiera op\u0142at za godzin\u0119 ani za paliwo. W momencie rezerwacji podajemy jedn\u0105, sta\u0142\u0105 cen\u0119.&nbsp;<\/p>","protected":false},"excerpt":{"rendered":"<p>Hopscotch Air to najnowocze\u015bniejsza firma zajmuj\u0105ca si\u0119 taks\u00f3wkami powietrznymi, kt\u00f3ra przewozi pasa\u017cer\u00f3w po p\u00f3\u0142nocnym wschodzie, \u015brodkowym Atlantyku i Kanadzie ma\u0142ymi, ale zaawansowanymi technologicznie samolotami Cirrus Aircraft. Firma uzyska\u0142a certyfikat w 2009 roku i obecnie odbywa oko\u0142o 1400 lot\u00f3w rocznie, za u\u0142amek koszt\u00f3w regularnych lot\u00f3w czarterowych, g\u0142\u00f3wnie dzi\u0119ki ta\u0144szej ekonomice ...<\/p>","protected":false},"author":2,"featured_media":3175,"parent":0,"menu_order":0,"comment_status":"closed","ping_status":"closed","template":"","meta":{"_acf_changed":false,"_genesis_hide_title":false,"_genesis_hide_breadcrumbs":false,"_genesis_hide_singular_image":false,"_genesis_hide_footer_widgets":false,"_genesis_custom_body_class":"","_genesis_custom_post_class":"","_genesis_layout":"","footnotes":""},"class_list":{"1":"page","2":"type-page","6":"entry"},"acf":[],"_links":{"self":[{"href":"https:\/\/comparemyjet.com\/pl\/wp-json\/wp\/v2\/pages\/3172","targetHints":{"allow":["GET"]}}],"collection":[{"href":"https:\/\/comparemyjet.com\/pl\/wp-json\/wp\/v2\/pages"}],"about":[{"href":"https:\/\/comparemyjet.com\/pl\/wp-json\/wp\/v2\/types\/page"}],"author":[{"embeddable":true,"href":"https:\/\/comparemyjet.com\/pl\/wp-json\/wp\/v2\/users\/2"}],"replies":[{"embeddable":true,"href":"https:\/\/comparemyjet.com\/pl\/wp-json\/wp\/v2\/comments?post=3172"}],"version-history":[{"count":2,"href":"https:\/\/comparemyjet.com\/pl\/wp-json\/wp\/v2\/pages\/3172\/revisions"}],"predecessor-version":[{"id":3451,"href":"https:\/\/comparemyjet.com\/pl\/wp-json\/wp\/v2\/pages\/3172\/revisions\/3451"}],"wp:featuredmedia":[{"embeddable":true,"href":"https:\/\/comparemyjet.com\/pl\/wp-json\/wp\/v2\/media\/3175"}],"wp:attachment":[{"href":"https:\/\/comparemyjet.com\/pl\/wp-json\/wp\/v2\/media?parent=3172"}],"curies":[{"name":"wp","href":"https:\/\/api.w.org\/{rel}","templated":true}]}}