{"id":3182,"date":"2022-08-04T21:07:59","date_gmt":"2022-08-04T21:07:59","guid":{"rendered":"https:\/\/comparemyjet.com\/?page_id=3182"},"modified":"2025-09-04T09:58:20","modified_gmt":"2025-09-04T09:58:20","slug":"fxair","status":"publish","type":"page","link":"https:\/\/comparemyjet.com\/pl\/fxair\/","title":{"rendered":"Ceny lot\u00f3w FXAIR"},"content":{"rendered":"<p>FXAIR to stosunkowo nowa prywatna firma czarterowa, kt\u00f3ra rozpocz\u0119\u0142a dzia\u0142alno\u015b\u0107 w 2020 roku. Od tego czasu firma gwa\u0142townie wzros\u0142a, cz\u0119\u015bciowo ze wzgl\u0119du na rosn\u0105c\u0105 popularno\u015b\u0107 prywatnych podr\u00f3\u017cy lotniczych z pandemi\u0105 COVID-19.<\/p>\r\n\r\n\r\n\r\n<p>FXAIR jest cz\u0119\u015bci\u0105 rodziny firm Directional Aviation za\u0142o\u017conej przez Kena Ricci, do kt\u00f3rej nale\u017c\u0105 m.in. <a href=\"https:\/\/comparemyjet.com\/pl\/flexjet\/\" data-internallinksmanager029f6b8e52c=\"187\" title=\"Flexjet Fractional Jet Ownership\">Flexjet<\/a>, <a href=\"https:\/\/comparemyjet.com\/pl\/sentient-jet\/\" data-internallinksmanager029f6b8e52c=\"106\" title=\"Ceny lot\u00f3w Sentient Jet\">Sentient Jet<\/a>, <a href=\"https:\/\/comparemyjet.com\/pl\/privatefly\/\" data-internallinksmanager029f6b8e52c=\"115\" title=\"Ceny lot\u00f3w PrivateFly\">PrivateFly<\/a>, Tivoli i FXAIR, a tak\u017ce Nextant Aerospace (producent odrzutowc\u00f3w) i Sojourn Aviation (firma sprzedaj\u0105ca odrzutowce). Zapewnia program cz\u0142onkostwa w czarterach i leasing prywatnych odrzutowc\u00f3w na \u017c\u0105danie. Przyjrzyjmy si\u0119 tym us\u0142ugom bardziej szczeg\u00f3\u0142owo, ale najpierw s\u0142owo o samej firmie.<\/p>\r\n\r\n\r\n\r\n<div id=\"ez-toc-container\" class=\"ez-toc-v2_0_76 counter-hierarchy ez-toc-counter ez-toc-grey ez-toc-container-direction\">\n<p class=\"ez-toc-title\" style=\"cursor:inherit\">Tematy<\/p>\n<label for=\"ez-toc-cssicon-toggle-item-69de79c848dfa\" class=\"ez-toc-cssicon-toggle-label\"><span class=\"\"><span class=\"eztoc-hide\" style=\"display:none;\">Toggle<\/span><span class=\"ez-toc-icon-toggle-span\"><svg style=\"fill: #999;color:#999\" xmlns=\"http:\/\/www.w3.org\/2000\/svg\" class=\"list-377408\" width=\"20px\" height=\"20px\" viewbox=\"0 0 24 24\" fill=\"none\"><path d=\"M6 6H4v2h2V6zm14 0H8v2h12V6zM4 11h2v2H4v-2zm16 0H8v2h12v-2zM4 16h2v2H4v-2zm16 0H8v2h12v-2z\" fill=\"currentColor\"><\/path><\/svg><svg style=\"fill: #999;color:#999\" class=\"arrow-unsorted-368013\" xmlns=\"http:\/\/www.w3.org\/2000\/svg\" width=\"10px\" height=\"10px\" viewbox=\"0 0 24 24\" version=\"1.2\" baseprofile=\"tiny\"><path d=\"M18.2 9.3l-6.2-6.3-6.2 6.3c-.2.2-.3.4-.3.7s.1.5.3.7c.2.2.4.3.7.3h11c.3 0 .5-.1.7-.3.2-.2.3-.5.3-.7s-.1-.5-.3-.7zM5.8 14.7l6.2 6.3 6.2-6.3c.2-.2.3-.5.3-.7s-.1-.5-.3-.7c-.2-.2-.4-.3-.7-.3h-11c-.3 0-.5.1-.7.3-.2.2-.3.5-.3.7s.1.5.3.7z\"\/><\/svg><\/span><\/span><\/label><input type=\"checkbox\"  id=\"ez-toc-cssicon-toggle-item-69de79c848dfa\" checked aria-label=\"Prze\u0142\u0105cznik\" \/><nav><ul class='ez-toc-list ez-toc-list-level-1' ><li class='ez-toc-page-1 ez-toc-heading-level-2'><a class=\"ez-toc-link ez-toc-heading-1\" href=\"https:\/\/comparemyjet.com\/pl\/fxair\/#About_the_Company\" >O firmie<\/a><\/li><li class='ez-toc-page-1 ez-toc-heading-level-2'><a class=\"ez-toc-link ez-toc-heading-2\" href=\"https:\/\/comparemyjet.com\/pl\/fxair\/#Company_Membership_Program\" >Program cz\u0142onkostwa firmowego<\/a><\/li><li class='ez-toc-page-1 ez-toc-heading-level-2'><a class=\"ez-toc-link ez-toc-heading-3\" href=\"https:\/\/comparemyjet.com\/pl\/fxair\/#On-Demand_Charter_Flight\" >Lot czarterowy na \u017c\u0105danie<\/a><\/li><li class='ez-toc-page-1 ez-toc-heading-level-2'><a class=\"ez-toc-link ez-toc-heading-4\" href=\"https:\/\/comparemyjet.com\/pl\/fxair\/#The_Fleet\" >Flota&nbsp;<\/a><ul class='ez-toc-list-level-3' ><li class='ez-toc-heading-level-3'><a class=\"ez-toc-link ez-toc-heading-5\" href=\"https:\/\/comparemyjet.com\/pl\/fxair\/#1_Light_Private_Jets\" >1. Lekkie odrzutowce prywatne<\/a><ul class='ez-toc-list-level-4' ><li class='ez-toc-heading-level-4'><a class=\"ez-toc-link ez-toc-heading-6\" href=\"https:\/\/comparemyjet.com\/pl\/fxair\/#Our_Recommendation_The_Nextant_400XT\" >Nasza rekomendacja: Nextant 400XT<\/a><\/li><\/ul><\/li><li class='ez-toc-page-1 ez-toc-heading-level-3'><a class=\"ez-toc-link ez-toc-heading-7\" href=\"https:\/\/comparemyjet.com\/pl\/fxair\/#2_Midsize_Private_Jets\" >2. Prywatne odrzutowce \u015bredniej wielko\u015bci<\/a><ul class='ez-toc-list-level-4' ><li class='ez-toc-heading-level-4'><a class=\"ez-toc-link ez-toc-heading-8\" href=\"https:\/\/comparemyjet.com\/pl\/fxair\/#Our_Recommendation_The_Citation_Excel\" >Nasza rekomendacja: Citation Excel<\/a><\/li><\/ul><\/li><li class='ez-toc-page-1 ez-toc-heading-level-3'><a class=\"ez-toc-link ez-toc-heading-9\" href=\"https:\/\/comparemyjet.com\/pl\/fxair\/#3_Super-Midsize_Private_Jets\" >3. Prywatne odrzutowce super-\u015bredniej wielko\u015bci&nbsp;<\/a><ul class='ez-toc-list-level-4' ><li class='ez-toc-heading-level-4'><a class=\"ez-toc-link ez-toc-heading-10\" href=\"https:\/\/comparemyjet.com\/pl\/fxair\/#Our_Recommendation_The_Falcon_50\" >Nasza rekomendacja: Falcon 50&nbsp;<\/a><\/li><\/ul><\/li><li class='ez-toc-page-1 ez-toc-heading-level-3'><a class=\"ez-toc-link ez-toc-heading-11\" href=\"https:\/\/comparemyjet.com\/pl\/fxair\/#4_Large_Private_Jets\" >4. Du\u017ce prywatne odrzutowce<\/a><ul class='ez-toc-list-level-4' ><li class='ez-toc-heading-level-4'><a class=\"ez-toc-link ez-toc-heading-12\" href=\"https:\/\/comparemyjet.com\/pl\/fxair\/#Our_Recommendation_The_Gulfstream_GIV\" >Nasza rekomendacja: Gulfstream GIV<\/a><\/li><\/ul><\/li><li class='ez-toc-page-1 ez-toc-heading-level-3'><a class=\"ez-toc-link ez-toc-heading-13\" href=\"https:\/\/comparemyjet.com\/pl\/fxair\/#5_Ultra-Long-Range_Private_Jets\" >5. Prywatne odrzutowce ultradalekiego zasi\u0119gu<\/a><ul class='ez-toc-list-level-4' ><li class='ez-toc-heading-level-4'><a class=\"ez-toc-link ez-toc-heading-14\" href=\"https:\/\/comparemyjet.com\/pl\/fxair\/#Our_Recommendation_Gulfstream_GV\" >Nasza rekomendacja: Gulfstream GV<\/a><\/li><\/ul><\/li><\/ul><\/li><li class='ez-toc-page-1 ez-toc-heading-level-2'><a class=\"ez-toc-link ez-toc-heading-15\" href=\"https:\/\/comparemyjet.com\/pl\/fxair\/#Company_Safety_Policy_and_Standards\" >Polityka i normy bezpiecze\u0144stwa firmy<\/a><\/li><li class='ez-toc-page-1 ez-toc-heading-level-2'><a class=\"ez-toc-link ez-toc-heading-16\" href=\"https:\/\/comparemyjet.com\/pl\/fxair\/#Conclusion\" >Wniosek<\/a><\/li><\/ul><\/nav><\/div>\n<h2 class=\"wp-block-heading\"><span class=\"ez-toc-section\" id=\"About_the_Company\"><\/span>O firmie<span class=\"ez-toc-section-end\"><\/span><\/h2>\r\n\r\n\r\n\r\n<p>FXAIR to nowo za\u0142o\u017cona firma nale\u017c\u0105ca do Directional Aviation, kt\u00f3rej prezesem jest Andrew Collins, a dyrektorem Gregg Slow. <a href=\"https:\/\/comparemyjet.com\/pl\/prywatne-wycieczki\/new-york-city-private-tours\/\" data-internallinksmanager029f6b8e52c=\"427\" title=\"11 najlepszych prywatnych wycieczek po Nowym Jorku od $48.00\">Nowy Jork<\/a>.&nbsp;<\/p>\r\n\r\n\r\n\r\n<p>FXAIR nie posiada w\u0142asnej floty i korzysta z floty Flexjet oraz innych operator\u00f3w zewn\u0119trznych. Dzi\u0119ki Programowi Aviator FXAIR daje swoim klientom priorytetowy dost\u0119p do po\u017c\u0105danych samolot\u00f3w - r\u00f3wnie\u017c w dni, w kt\u00f3rych jest du\u017cy popyt. Samoloty w systemie FXAIR s\u0105 dostarczane przez firmy spe\u0142niaj\u0105ce najwy\u017csze wymogi bezpiecze\u0144stwa, kt\u00f3re cz\u0119sto wykraczaj\u0105 poza <a href=\"https:\/\/www.faa.gov\/\" target=\"_blank\" rel=\"noopener\">FAA<\/a> wytyczne.<\/p>\r\n\r\n\r\n\r\n<h2 class=\"wp-block-heading\"><span class=\"ez-toc-section\" id=\"Company_Membership_Program\"><\/span>Program cz\u0142onkostwa firmowego<span class=\"ez-toc-section-end\"><\/span><\/h2>\r\n\r\n\r\n\r\n<p>Podstawowy program cz\u0142onkowski FXAIR, Aviator Account, umo\u017cliwia Ci priorytetowy dost\u0119p do samolot\u00f3w Flexjet drugiej generacji. Poza tym mo\u017cesz skorzysta\u0107 ze specjalnych zach\u0119t i ofert opracowanych wy\u0142\u0105cznie dla sta\u0142ych bywalc\u00f3w, jak np. pierwsze\u0144stwo rezerwacji w dniach, w kt\u00f3rych odbywaj\u0105 si\u0119 intensywne podr\u00f3\u017ce.&nbsp;<\/p>\r\n\r\n\r\n\r\n<p>Do aktywacji tego programu cz\u0142onkowskiego wymagana jest inwestycja o warto\u015bci minimum $100 000. Jako cz\u0142onek programu otrzymasz darmowy catering i bezp\u0142atne lokalne Wi-Fi, a tak\u017ce bezp\u0142atne odladzanie i darmowe ulepszenia, gdy s\u0105 dost\u0119pne. Je\u015bli dokonasz rezerwacji z co najmniej tygodniowym wyprzedzeniem, mo\u017cesz przelecie\u0107 przez Stany Zjednoczone samolotem z super-\u015bredni\u0105 kabin\u0105 za sta\u0142\u0105 op\u0142at\u0105 w wysoko\u015bci $32,000. Stan konta nie ma daty wa\u017cno\u015bci i mo\u017cesz otrzyma\u0107 zwrot op\u0142at cz\u0142onkowskich.<\/p>\r\n\r\n\r\n\r\n<h2 class=\"wp-block-heading\"><span class=\"ez-toc-section\" id=\"On-Demand_Charter_Flight\"><\/span>Lot czarterowy na \u017c\u0105danie<span class=\"ez-toc-section-end\"><\/span><\/h2>\r\n\r\n\r\n\r\n<p>Ich us\u0142ugi czarterowe na \u017c\u0105danie obejmuj\u0105 szeroki zakres prywatnych odrzutowc\u00f3w, w tym lekkie, \u015brednie, super \u015brednie, ci\u0119\u017ckie i ultrad\u0142ugie. FXAIR daje Ci dost\u0119p do samolot\u00f3w Flexjet drugiej generacji (emerytowanych), kt\u00f3re mo\u017cna wynaj\u0105\u0107 tylko za po\u015brednictwem FXAIR, ale kt\u00f3re s\u0105 obs\u0142ugiwane i eksploatowane przez Flexjet.&nbsp;<\/p>\r\n\r\n\r\n\r\n<p>FXAIR oferuje r\u00f3wnie\u017c dost\u0119p do ponad 1.200 samolot\u00f3w od szanowanych i niezawodnych operator\u00f3w lotniczych.&nbsp;<\/p>\r\n\r\n\r\n\r\n<h2 class=\"wp-block-heading\"><span class=\"ez-toc-section\" id=\"The_Fleet\"><\/span>Flota&nbsp;<span class=\"ez-toc-section-end\"><\/span><\/h2>\r\n\r\n\r\n\r\n<figure class=\"wp-block-image size-full is-style-default\"><img loading=\"lazy\" decoding=\"async\" width=\"1000\" height=\"664\" src=\"https:\/\/comparemyjet.com\/wp-content\/uploads\/2022\/08\/airplane.in_.clouds.jpg\" alt=\"\" class=\"wp-image-3185\" srcset=\"https:\/\/comparemyjet.com\/wp-content\/uploads\/2022\/08\/airplane.in_.clouds-18x12.jpg 18w, https:\/\/comparemyjet.com\/wp-content\/uploads\/2022\/08\/airplane.in_.clouds-300x199.jpg 300w, https:\/\/comparemyjet.com\/wp-content\/uploads\/2022\/08\/airplane.in_.clouds-768x510.jpg 768w, https:\/\/comparemyjet.com\/wp-content\/uploads\/2022\/08\/airplane.in_.clouds.jpg 1000w\" sizes=\"auto, (max-width: 1000px) 100vw, 1000px\" \/><\/figure>\r\n\r\n\r\n\r\n<p>Ich flota sk\u0142ada si\u0119 z emerytowanych odrzutowc\u00f3w Flexjet i obejmuje Nextant 400XTi, odnowiony przez Nextant Aerospace, inn\u0105 firm\u0119 Directional, dwana\u015bcie <a href=\"https:\/\/comparemyjet.com\/pl\/bombardier\/\" data-internallinksmanager029f6b8e52c=\"159\" title=\"Przewodnik po prywatnych odrzutowcach i samolotach Bombardiera\">Bombardier<\/a> Challenger 300s, oraz pi\u0119\u0107 samolot\u00f3w Global Express.&nbsp;<\/p>\r\n\r\n\r\n\r\n<h3 class=\"wp-block-heading\"><span class=\"ez-toc-section\" id=\"1_Light_Private_Jets\"><\/span>1. Lekkie odrzutowce prywatne<span class=\"ez-toc-section-end\"><\/span><\/h3>\r\n\r\n\r\n\r\n<p>Ten typ samolotu jest idealny do kr\u00f3tkich podr\u00f3\u017cy krajowych z nie wi\u0119cej ni\u017c siedmioma pasa\u017cerami. Lekkie odrzutowce s\u0105 szybkie i skuteczne, gdy podr\u00f3\u017cujesz na lokalne lotniska. Ponadto, mog\u0105 one z \u0142atwo\u015bci\u0105 l\u0105dowa\u0107 w trudno dost\u0119pnych miejscach, takich jak szczyty g\u00f3rskie lub ma\u0142e pasy startowe.<\/p>\r\n\r\n\r\n\r\n<h4 class=\"wp-block-heading\"><span class=\"ez-toc-section\" id=\"Our_Recommendation_The_Nextant_400XT\"><\/span>Nasza rekomendacja: Nextant 400XT<span class=\"ez-toc-section-end\"><\/span><\/h4>\r\n\r\n\r\n\r\n<p>Nextant 400XT jest jednym z najszybszych odrzutowc\u00f3w, szybszym ni\u017c jakikolwiek inny odrzutowiec w swojej klasie. Ergonomiczny projekt kabiny maksymalizuje przestrze\u0144 i wydajno\u015b\u0107, aby zwi\u0119kszy\u0107 komfort pasa\u017cer\u00f3w, a sam odrzutowiec jest dobrze wyposa\u017cony i \u0142atwy w zarz\u0105dzaniu.<\/p>\r\n\r\n\r\n\r\n<p>Specyfikacja:<\/p>\r\n\r\n\r\n\r\n<ul class=\"wp-block-list\"><li>Pasa\u017cerowie: 6-7;<\/li><li>Wysoko\u015b\u0107 kabiny: 4 ft 9 in;<\/li><li>D\u0142ugo\u015b\u0107 kabiny: 15 ft 6 in;<\/li><li>Szeroko\u015b\u0107 kabiny: 4 ft 11 in;<\/li><li>Maksymalny zasi\u0119g: 2005 nm;<\/li><li>Pr\u0119dko\u015b\u0107 maksymalna: 471 kts;<\/li><li>Baga\u017c wewn\u0119trzny: 31 cu ft;<\/li><li>Baga\u017c zewn\u0119trzny: 25 cu ft.<\/li><\/ul>\r\n\r\n\r\n\r\n<p>FXAIR oferuje r\u00f3wnie\u017c <em>Citation CJ3, Citation V, Hawker 400XP, <a href=\"https:\/\/comparemyjet.com\/pl\/learjet\/\" data-internallinksmanager029f6b8e52c=\"149\" title=\"Ostateczny przewodnik po prywatnych odrzutowcach i samolotach Learjet\">Learjet<\/a> 45, i Phenom 300 <\/em>w kategorii lekkich d\u017cet\u00f3w.<\/p>\r\n\r\n\r\n\r\n<h3 class=\"wp-block-heading\"><span class=\"ez-toc-section\" id=\"2_Midsize_Private_Jets\"><\/span>2. Prywatne odrzutowce \u015bredniej wielko\u015bci<span class=\"ez-toc-section-end\"><\/span><\/h3>\r\n\r\n\r\n\r\n<p>Samoloty \u015bredniej wielko\u015bci s\u0105 idealne do d\u0142u\u017cszych podr\u00f3\u017cy osobistych lub biznesowych, poniewa\u017c oferuj\u0105 wi\u0119kszy zasi\u0119g i komfort. Dzi\u0119ki takim cechom jak du\u017ca przestrze\u0144 baga\u017cowa i zwi\u0119kszona wysoko\u015b\u0107 kabiny, odrzutowce te s\u0105 idealne do podr\u00f3\u017cy wymagaj\u0105cych wi\u0119kszej wytrzyma\u0142o\u015bci.&nbsp;<\/p>\r\n\r\n\r\n\r\n<h4 class=\"wp-block-heading\"><span class=\"ez-toc-section\" id=\"Our_Recommendation_The_Citation_Excel\"><\/span>Nasza rekomendacja: Citation Excel<span class=\"ez-toc-section-end\"><\/span><\/h4>\r\n\r\n\r\n\r\n<p>Citation Excel s\u0142u\u017cy jako standardowy model dla wszystkich innych samolot\u00f3w \u015bredniej wielko\u015bci. Posiada du\u017c\u0105 kabin\u0119 z du\u017c\u0105 ilo\u015bci\u0105 miejsca na baga\u017c. Ze wzgl\u0119du na sw\u00f3j komfort, wydajno\u015b\u0107 i trwa\u0142o\u015b\u0107 jest preferowanym odrzutowcem do podr\u00f3\u017cy na \u015brednich dystansach. Jest to \u015bwietny wyb\u00f3r dla os\u00f3b podr\u00f3\u017cuj\u0105cych w interesach, poniewa\u017c funkcjonuje jak podniebna przestrze\u0144 konferencyjna.<\/p>\r\n\r\n\r\n\r\n<p>Specyfikacja:<\/p>\r\n\r\n\r\n\r\n<ul class=\"wp-block-list\"><li>Pasa\u017cerowie: 8;<\/li><li>Pojemno\u015b\u0107 baga\u017cowa: 90 cu ft;<\/li><li>Szeroko\u015b\u0107 kabiny: 5 ft 5 in;<\/li><li>Wysoko\u015b\u0107 kabiny: 5 st\u00f3p 7 cali;<\/li><li>D\u0142ugo\u015b\u0107 kabiny: 18 ft 6 in;<\/li><li>Zasi\u0119g lotu: do 4,5 godziny;<\/li><li>Pr\u0119dko\u015b\u0107 przelotowa: 487 mph.<\/li><\/ul>\r\n\r\n\r\n\r\n<p>We flocie FXAIR mo\u017cna znale\u017a\u0107 r\u00f3wnie\u017c <em>Hawker 800\/850\/900XP, oraz Learjet 55\/60 <\/em>w ramach kategorii \u015brednich odrzutowc\u00f3w.<\/p>\r\n\r\n\r\n\r\n<h3 class=\"wp-block-heading\"><span class=\"ez-toc-section\" id=\"3_Super-Midsize_Private_Jets\"><\/span>3. Prywatne odrzutowce super-\u015bredniej wielko\u015bci&nbsp;<span class=\"ez-toc-section-end\"><\/span><\/h3>\r\n\r\n\r\n\r\n<p>Odrzutowce klasy super-midsize \u0142\u0105cz\u0105 w sobie wygod\u0119 i estetyk\u0119. Je\u015bli lecisz z wi\u0119ksz\u0105 grup\u0105 lub podr\u00f3\u017cujesz przez kraj, to jest to idealna klasa samolotu.<\/p>\r\n\r\n\r\n\r\n<h4 class=\"wp-block-heading\"><span class=\"ez-toc-section\" id=\"Our_Recommendation_The_Falcon_50\"><\/span>Nasza rekomendacja: Falcon 50&nbsp;<span class=\"ez-toc-section-end\"><\/span><\/h4>\r\n\r\n\r\n\r\n<p>Z przestronn\u0105 kabin\u0105, wyrafinowan\u0105 sk\u00f3rzan\u0105 tapicerk\u0105 i kompletn\u0105 mikro kuchni\u0105, Falcon 50 ma zasi\u0119g i elegancj\u0119 znacznie wi\u0119kszego odrzutowca i zapewnia satysfakcj\u0119 z podr\u00f3\u017cy i luksus. Falcon50EX to du\u017cy samolot nadaj\u0105cy si\u0119 do podr\u00f3\u017cy \u015bredniej klasy, kiedy trzeba zabra\u0107 wi\u0119cej baga\u017cu.<\/p>\r\n\r\n\r\n\r\n<p>Specyfikacja:<\/p>\r\n\r\n\r\n\r\n<ul class=\"wp-block-list\"><li>Pasa\u017cerowie: 9;<\/li><li>Pojemno\u015b\u0107 baga\u017cnika: 115 st\u00f3p sze\u015bciennych;<\/li><li>D\u0142ugo\u015b\u0107 kabiny: 23 ft 5 in;<\/li><li>Szeroko\u015b\u0107 kabiny: 6 ft 1 in;<\/li><li>Wysoko\u015b\u0107 kabiny: 5 st\u00f3p 9 cali;<\/li><li>Maksymalna pr\u0119dko\u015b\u0107 przelotowa: 478 mph;<\/li><li>Zasi\u0119g lotu: 5+ godzin.<\/li><\/ul>\r\n\r\n\r\n\r\n<p>We flocie super-\u015brednich odrzutowc\u00f3w FXAIR mo\u017cna znale\u017a\u0107 r\u00f3wnie\u017c <em>Challenger 300\/350, Citation Sovereign, Citation X, oraz <a href=\"https:\/\/comparemyjet.com\/pl\/gulfstream\/\" data-internallinksmanager029f6b8e52c=\"175\" title=\"Przewodnik po prywatnych odrzutowcach i samolotach Gulfstream\">Gulfstream<\/a> G200<\/em>.<\/p>\r\n\r\n\r\n\r\n<h3 class=\"wp-block-heading\"><span class=\"ez-toc-section\" id=\"4_Large_Private_Jets\"><\/span>4. Du\u017ce prywatne odrzutowce<span class=\"ez-toc-section-end\"><\/span><\/h3>\r\n\r\n\r\n\r\n<p>Du\u017ce odrzutowce zapewniaj\u0105 najlepsze wra\u017cenia podczas lot\u00f3w mi\u0119dzykontynentalnych. Mog\u0105 one przewozi\u0107 wi\u0119ksze imprezy, poniewa\u017c oferuj\u0105 wystarczaj\u0105co du\u017co miejsca i komfortu dla 15 os\u00f3b.<\/p>\r\n\r\n\r\n\r\n<h4 class=\"wp-block-heading\"><span class=\"ez-toc-section\" id=\"Our_Recommendation_The_Gulfstream_GIV\"><\/span>Nasza rekomendacja: Gulfstream GIV<span class=\"ez-toc-section-end\"><\/span><\/h4>\r\n\r\n\r\n\r\n<p>Wyrafinowanie, luksus i bezpiecze\u0144stwo odrzutowc\u00f3w Gulfstream s\u0105 dobrze znane, nic wi\u0119c dziwnego, \u017ce GIV zyska\u0142 reputacj\u0119 najlepszego krajowego i mi\u0119dzynarodowego odrzutowca biznesowego. Na pok\u0142adzie znajduj\u0105 si\u0119 indywidualnie rozk\u0142adane fotele, czteroosobowy st\u00f3\u0142 konferencyjny i wygodna sofa. W kabinie znajduj\u0105 si\u0119 wygodne \u0142\u00f3\u017cka dla maksymalnie sze\u015bciu os\u00f3b.&nbsp;<\/p>\r\n\r\n\r\n\r\n<p>Specyfikacja:<\/p>\r\n\r\n\r\n\r\n<ul class=\"wp-block-list\"><li>Pasa\u017cerowie: 14 miejsc siedz\u0105cych\/6 \u0142\u00f3\u017cek;<\/li><li>Zasi\u0119g lotu: 3 880 nm;<\/li><li>Przestrze\u0144 baga\u017cowa: 169 cm3;<\/li><li>Szeroko\u015b\u0107 kabiny: 7 st\u00f3p 3 cale;<\/li><li>D\u0142ugo\u015b\u0107 kabiny: 45 ft 1 in;<\/li><li>Wysoko\u015b\u0107 kabiny: 6 st\u00f3p 2 cale;<\/li><li>Pr\u0119dko\u015b\u0107 przelotowa: 548 mph.<\/li><\/ul>\r\n\r\n\r\n\r\n<p>We flocie du\u017cych samolot\u00f3w FXAIR mo\u017cna znale\u017a\u0107 r\u00f3wnie\u017c <em>Challenger 601\/604, Falcon 900EX, Falcon 2000EX i Gulfstream G450.<\/em>.<\/p>\r\n\r\n\r\n\r\n<h3 class=\"wp-block-heading\"><span class=\"ez-toc-section\" id=\"5_Ultra-Long-Range_Private_Jets\"><\/span>5. Prywatne odrzutowce ultradalekiego zasi\u0119gu<span class=\"ez-toc-section-end\"><\/span><\/h3>\r\n\r\n\r\n\r\n<p>Samolot ultrad\u0142ugodystansowy jest najlepsz\u0105 alternatyw\u0105, gdy chcesz pokonywa\u0107 d\u0142ugie dystanse w luksusowych warunkach. Nic nie pobije samolotu o bardzo du\u017cym zasi\u0119gu podczas lot\u00f3w na ca\u0142ym \u015bwiecie. Jest to spos\u00f3b na lot, je\u015bli planujesz zagraniczn\u0105 podr\u00f3\u017c, kt\u00f3ra wymaga zasi\u0119gu, mocy i komfortu, zw\u0142aszcza je\u015bli jest to z wi\u0119ksz\u0105 grup\u0105, poniewa\u017c mog\u0105 one z \u0142atwo\u015bci\u0105 pomie\u015bci\u0107 13 lub wi\u0119cej pasa\u017cer\u00f3w. Samoloty te posiadaj\u0105 takie udogodnienia jak pe\u0142na kuchnia, telewizory, \u0142\u00f3\u017cka typu kingsize, toalety oraz oddzielne miejsca do spania, spo\u017cywania posi\u0142k\u00f3w, pracy i rozrywki.<\/p>\r\n\r\n\r\n\r\n<h4 class=\"wp-block-heading\"><span class=\"ez-toc-section\" id=\"Our_Recommendation_Gulfstream_GV\"><\/span>Nasza rekomendacja: Gulfstream GV<span class=\"ez-toc-section-end\"><\/span><\/h4>\r\n\r\n\r\n\r\n<p>Gulfstream GV by\u0142 pierwszym ultra-d\u0142ugodystansowym odrzutowcem biznesowym firmy, wyprodukowanym przez Gulfstream Aerospace w 1995 roku i wypuszczonym na rynek w 1998 roku. Produkcja zako\u0144czy\u0142a si\u0119 w 2002 roku. Najbardziej zauwa\u017caln\u0105 cech\u0105 GV jest szeroki zasi\u0119g lotu i zwi\u0119kszone osi\u0105gi.&nbsp;<\/p>\r\n\r\n\r\n\r\n<p>Specyfikacja:<\/p>\r\n\r\n\r\n\r\n<ul class=\"wp-block-list\"><li>Pasa\u017cerowie: 12-16;<\/li><li>D\u0142ugo\u015b\u0107 kabiny: 50 ft 1 in;<\/li><li>Szeroko\u015b\u0107 kabiny: 7 st\u00f3p 3 cale;<\/li><li>Wysoko\u015b\u0107 kabiny: 6 st\u00f3p 1 cala;<\/li><li>Pojemno\u015b\u0107 kabiny: 1669 cu ft;<\/li><li>Pr\u0119dko\u015b\u0107 maksymalna: 585 mph;<\/li><li>Zasi\u0119g lotu: 7389 mil;<\/li><li>Pojemno\u015b\u0107 baga\u017cnika: 226 cm3;<\/li><li>Za\u0142oga: do 5 os\u00f3b.<\/li><\/ul>\r\n\r\n\r\n\r\n<p>We flocie odrzutowc\u00f3w ultradalekiego zasi\u0119gu FXAIR mo\u017cna znale\u017a\u0107 r\u00f3wnie\u017c<em> Global Express, Falcon 7X, Global 6000 oraz Gulfstream G550\/G650.<\/em>.<\/p>\r\n\r\n\r\n\r\n<h2 class=\"wp-block-heading\"><span class=\"ez-toc-section\" id=\"Company_Safety_Policy_and_Standards\"><\/span>Polityka i normy bezpiecze\u0144stwa firmy<span class=\"ez-toc-section-end\"><\/span><\/h2>\r\n\r\n\r\n\r\n<p>Wszyscy przewo\u017anicy, kt\u00f3rzy wykonuj\u0105 transport dla FXAIR - w tym ka\u017cdy pilot i odrzutowiec - s\u0105 dok\u0142adnie sprawdzani, aby zapewni\u0107 Pa\u0144stwu bezpiecze\u0144stwo i pe\u0142ne zadowolenie. Musz\u0105 oni spe\u0142nia\u0107 wymagania firmy, aby zosta\u0107 zatwierdzonymi przez FXAIR.<\/p>\r\n\r\n\r\n\r\n<p>Co to znaczy by\u0107 dopuszczonym przez FXAIR? Przed Twoim lotem wyspecjalizowany zesp\u00f3\u0142 bezpiecze\u0144stwa dok\u0142adnie sprawdza i autoryzuje operatora, za\u0142og\u0119 i samolot. <a href=\"https:\/\/www.faa.gov\/\" target=\"_blank\" rel=\"noopener\">FAA<\/a> oraz <a href=\"https:\/\/www.ntsb.gov\/Pages\/home.aspx\" target=\"_blank\" rel=\"noopener\">NTSB<\/a> Przed ka\u017cdym lotem sprawdzane s\u0105 raporty, dokumentacja i certyfikaty pilot\u00f3w, do\u015bwiadczenie w lataniu, certyfikaty medyczne, status licencji samolotu oraz ubezpieczenie samolotu.<\/p>\r\n\r\n\r\n\r\n<p>Ka\u017cdy lot jest sprawdzany co najmniej 24 godziny przed startem pod k\u0105tem prawdopodobnych problem\u00f3w z obs\u0142ug\u0105 lub bezpiecze\u0144stwem. Centrum dowodzenia jest odpowiedzialne za nadzorowanie ca\u0142ej dzia\u0142alno\u015bci. Je\u015bli jakie\u015b kryterium nie jest spe\u0142nione, lot jest anulowany i otrzymujesz innego operatora, kt\u00f3ry spe\u0142nia wszystkie kryteria.<\/p>\r\n\r\n\r\n\r\n<p>Ponadto, aby zagwarantowa\u0107 bezpiecze\u0144stwo pasa\u017cer\u00f3w, wszyscy operatorzy samolot\u00f3w w sieci FXAIR s\u0105 zobowi\u0105zani do przestrzegania rygorystycznych wytycznych COVID-19.<\/p>\r\n\r\n\r\n\r\n<h2 class=\"wp-block-heading\"><span class=\"ez-toc-section\" id=\"Conclusion\"><\/span>Wniosek<span class=\"ez-toc-section-end\"><\/span><\/h2>\r\n\r\n\r\n\r\n<figure class=\"wp-block-image size-full is-style-default\"><img loading=\"lazy\" decoding=\"async\" width=\"1000\" height=\"667\" src=\"https:\/\/comparemyjet.com\/wp-content\/uploads\/2022\/07\/happy.woman_.listening.to_.music_.on_.a.private.jet_.jpg\" alt=\"FXAIR\" class=\"wp-image-3183\" srcset=\"https:\/\/comparemyjet.com\/wp-content\/uploads\/2022\/07\/happy.woman_.listening.to_.music_.on_.a.private.jet_-18x12.jpg 18w, https:\/\/comparemyjet.com\/wp-content\/uploads\/2022\/07\/happy.woman_.listening.to_.music_.on_.a.private.jet_-300x200.jpg 300w, https:\/\/comparemyjet.com\/wp-content\/uploads\/2022\/07\/happy.woman_.listening.to_.music_.on_.a.private.jet_-768x512.jpg 768w, https:\/\/comparemyjet.com\/wp-content\/uploads\/2022\/07\/happy.woman_.listening.to_.music_.on_.a.private.jet_.jpg 1000w\" sizes=\"auto, (max-width: 1000px) 100vw, 1000px\" \/><\/figure>\r\n\r\n\r\n\r\n<p>Chocia\u017c firma FXAIR zosta\u0142a za\u0142o\u017cona niedawno, wywodzi si\u0119 z rodziny Directional Aviation o d\u0142ugiej tradycji, wi\u0119c ludzie, kt\u00f3rzy j\u0105 prowadz\u0105, maj\u0105 wi\u0119cej ni\u017c wystarczaj\u0105ce do\u015bwiadczenie w bran\u017cy lotniczej. Specjalizuj\u0105c si\u0119 w lotach czarterowych na \u017c\u0105danie, firma oferuje samoloty Flexjet drugiej generacji, kt\u00f3re s\u0105 zatwierdzone przez FXAIR. Mo\u017cesz wybiera\u0107 spo\u015br\u00f3d ich du\u017cej floty lekkich, \u015brednich i super \u015brednich, du\u017cych i bardzo d\u0142ugich odrzutowc\u00f3w, co czyni FXAIR godnym wyborem jako firma czarterowa na \u017c\u0105danie.<\/p>","protected":false},"excerpt":{"rendered":"<p>FXAIR to stosunkowo nowa prywatna firma czarterowa, kt\u00f3ra rozpocz\u0119\u0142a dzia\u0142alno\u015b\u0107 w 2020 roku. Firma wzros\u0142a wyk\u0142adniczo od tego czasu, cz\u0119\u015bciowo ze wzgl\u0119du na rosn\u0105c\u0105 popularno\u015b\u0107 prywatnych podr\u00f3\u017cy lotniczych z pandemi\u0105 COVID-19. FXAIR jest cz\u0119\u015bci\u0105 rodziny firm Directional Aviation za\u0142o\u017conej przez Kena Ricci, kt\u00f3ra obejmuje Flexjet, Sentient Jet, PrivateFly, ...<\/p>","protected":false},"author":2,"featured_media":3184,"parent":0,"menu_order":0,"comment_status":"closed","ping_status":"closed","template":"","meta":{"_acf_changed":false,"_genesis_hide_title":false,"_genesis_hide_breadcrumbs":false,"_genesis_hide_singular_image":false,"_genesis_hide_footer_widgets":false,"_genesis_custom_body_class":"","_genesis_custom_post_class":"","_genesis_layout":"","footnotes":""},"class_list":{"1":"page","2":"type-page","6":"entry"},"acf":[],"_links":{"self":[{"href":"https:\/\/comparemyjet.com\/pl\/wp-json\/wp\/v2\/pages\/3182","targetHints":{"allow":["GET"]}}],"collection":[{"href":"https:\/\/comparemyjet.com\/pl\/wp-json\/wp\/v2\/pages"}],"about":[{"href":"https:\/\/comparemyjet.com\/pl\/wp-json\/wp\/v2\/types\/page"}],"author":[{"embeddable":true,"href":"https:\/\/comparemyjet.com\/pl\/wp-json\/wp\/v2\/users\/2"}],"replies":[{"embeddable":true,"href":"https:\/\/comparemyjet.com\/pl\/wp-json\/wp\/v2\/comments?post=3182"}],"version-history":[{"count":2,"href":"https:\/\/comparemyjet.com\/pl\/wp-json\/wp\/v2\/pages\/3182\/revisions"}],"predecessor-version":[{"id":3448,"href":"https:\/\/comparemyjet.com\/pl\/wp-json\/wp\/v2\/pages\/3182\/revisions\/3448"}],"wp:featuredmedia":[{"embeddable":true,"href":"https:\/\/comparemyjet.com\/pl\/wp-json\/wp\/v2\/media\/3184"}],"wp:attachment":[{"href":"https:\/\/comparemyjet.com\/pl\/wp-json\/wp\/v2\/media?parent=3182"}],"curies":[{"name":"wp","href":"https:\/\/api.w.org\/{rel}","templated":true}]}}