{"id":3187,"date":"2022-08-04T21:07:44","date_gmt":"2022-08-04T21:07:44","guid":{"rendered":"https:\/\/comparemyjet.com\/?page_id=3187"},"modified":"2025-09-04T09:59:34","modified_gmt":"2025-09-04T09:59:34","slug":"northern-jet-management","status":"publish","type":"page","link":"https:\/\/comparemyjet.com\/pl\/northern-jet-management\/","title":{"rendered":"Northern Jet Management"},"content":{"rendered":"<p>Elitarny dostawca us\u0142ug odrzutowych, Northern Jet Management, oferuje pe\u0142n\u0105 <a href=\"https:\/\/comparemyjet.com\/pl\/jakie-sa-niektore-firmy-zarzadzajace-statkami-powietrznymi\/\" data-internallinksmanager029f6b8e52c=\"21\" title=\"Us\u0142ugi i firmy zarz\u0105dzaj\u0105ce statkami powietrznymi\">zarz\u0105dzanie statkami powietrznymi<\/a>, program wsp\u00f3\u0142w\u0142asno\u015bci, czartery na \u017c\u0105danie oraz zakup i sprzeda\u017c samolot\u00f3w zar\u00f3wno dla korporacji, jak i os\u00f3b prywatnych. Lataj\u0105 do ponad 3400 miejsc w USA, na Karaibach, w Meksyku i Kanadzie.<\/p>\r\n\r\n\r\n\r\n<p>Zbadajmy, co oferuj\u0105 bardziej szczeg\u00f3\u0142owo, ale najpierw kr\u00f3tki przegl\u0105d tego, jak firma powsta\u0142a.<\/p>\r\n\r\n\r\n\r\n<div id=\"ez-toc-container\" class=\"ez-toc-v2_0_76 counter-hierarchy ez-toc-counter ez-toc-grey ez-toc-container-direction\">\n<p class=\"ez-toc-title\" style=\"cursor:inherit\">Tematy<\/p>\n<label for=\"ez-toc-cssicon-toggle-item-69db9fb88137b\" class=\"ez-toc-cssicon-toggle-label\"><span class=\"\"><span class=\"eztoc-hide\" style=\"display:none;\">Toggle<\/span><span class=\"ez-toc-icon-toggle-span\"><svg style=\"fill: #999;color:#999\" xmlns=\"http:\/\/www.w3.org\/2000\/svg\" class=\"list-377408\" width=\"20px\" height=\"20px\" viewbox=\"0 0 24 24\" fill=\"none\"><path d=\"M6 6H4v2h2V6zm14 0H8v2h12V6zM4 11h2v2H4v-2zm16 0H8v2h12v-2zM4 16h2v2H4v-2zm16 0H8v2h12v-2z\" fill=\"currentColor\"><\/path><\/svg><svg style=\"fill: #999;color:#999\" class=\"arrow-unsorted-368013\" xmlns=\"http:\/\/www.w3.org\/2000\/svg\" width=\"10px\" height=\"10px\" viewbox=\"0 0 24 24\" version=\"1.2\" baseprofile=\"tiny\"><path d=\"M18.2 9.3l-6.2-6.3-6.2 6.3c-.2.2-.3.4-.3.7s.1.5.3.7c.2.2.4.3.7.3h11c.3 0 .5-.1.7-.3.2-.2.3-.5.3-.7s-.1-.5-.3-.7zM5.8 14.7l6.2 6.3 6.2-6.3c.2-.2.3-.5.3-.7s-.1-.5-.3-.7c-.2-.2-.4-.3-.7-.3h-11c-.3 0-.5.1-.7.3-.2.2-.3.5-.3.7s.1.5.3.7z\"\/><\/svg><\/span><\/span><\/label><input type=\"checkbox\"  id=\"ez-toc-cssicon-toggle-item-69db9fb88137b\" checked aria-label=\"Prze\u0142\u0105cznik\" \/><nav><ul class='ez-toc-list ez-toc-list-level-1' ><li class='ez-toc-page-1 ez-toc-heading-level-2'><a class=\"ez-toc-link ez-toc-heading-1\" href=\"https:\/\/comparemyjet.com\/pl\/northern-jet-management\/#About_the_Company\" >O firmie&nbsp;<\/a><\/li><li class='ez-toc-page-1 ez-toc-heading-level-2'><a class=\"ez-toc-link ez-toc-heading-2\" href=\"https:\/\/comparemyjet.com\/pl\/northern-jet-management\/#Ways_to_Fly\" >Sposoby na latanie<\/a><ul class='ez-toc-list-level-3' ><li class='ez-toc-heading-level-3'><a class=\"ez-toc-link ez-toc-heading-3\" href=\"https:\/\/comparemyjet.com\/pl\/northern-jet-management\/#Jet_Management\" >Zarz\u0105dzanie odrzutowcami<\/a><\/li><li class='ez-toc-page-1 ez-toc-heading-level-3'><a class=\"ez-toc-link ez-toc-heading-4\" href=\"https:\/\/comparemyjet.com\/pl\/northern-jet-management\/#Company_Card_Program\" >Program kart firmowych<\/a><\/li><li class='ez-toc-page-1 ez-toc-heading-level-3'><a class=\"ez-toc-link ez-toc-heading-5\" href=\"https:\/\/comparemyjet.com\/pl\/northern-jet-management\/#Fractional_Jet_Ownership_Program\" >Program Fractional Jet Ownership<\/a><\/li><li class='ez-toc-page-1 ez-toc-heading-level-3'><a class=\"ez-toc-link ez-toc-heading-6\" href=\"https:\/\/comparemyjet.com\/pl\/northern-jet-management\/#Empty_Leg_Flights\" >Loty z pustymi nogami<\/a><\/li><li class='ez-toc-page-1 ez-toc-heading-level-3'><a class=\"ez-toc-link ez-toc-heading-7\" href=\"https:\/\/comparemyjet.com\/pl\/northern-jet-management\/#Acquiring_or_Selling_an_Aircraft\" >Nabycie lub sprzeda\u017c statku powietrznego<\/a><\/li><\/ul><\/li><li class='ez-toc-page-1 ez-toc-heading-level-2'><a class=\"ez-toc-link ez-toc-heading-8\" href=\"https:\/\/comparemyjet.com\/pl\/northern-jet-management\/#Pricing\" >Ustalanie cen<\/a><\/li><li class='ez-toc-page-1 ez-toc-heading-level-2'><a class=\"ez-toc-link ez-toc-heading-9\" href=\"https:\/\/comparemyjet.com\/pl\/northern-jet-management\/#The_Fleet\" >Flota&nbsp;<\/a><ul class='ez-toc-list-level-3' ><li class='ez-toc-heading-level-3'><a class=\"ez-toc-link ez-toc-heading-10\" href=\"https:\/\/comparemyjet.com\/pl\/northern-jet-management\/#1_Midsize_Private_Jets\" >1. Prywatne odrzutowce \u015bredniej wielko\u015bci<\/a><ul class='ez-toc-list-level-4' ><li class='ez-toc-heading-level-4'><a class=\"ez-toc-link ez-toc-heading-11\" href=\"https:\/\/comparemyjet.com\/pl\/northern-jet-management\/#Our_Recommendation_Learjet_40\" >Nasza rekomendacja: Learjet 40<\/a><\/li><\/ul><\/li><li class='ez-toc-page-1 ez-toc-heading-level-3'><a class=\"ez-toc-link ez-toc-heading-12\" href=\"https:\/\/comparemyjet.com\/pl\/northern-jet-management\/#2_Super-Midsize_Private_Jets\" >2. Prywatne odrzutowce klasy Super-Midsize&nbsp;<\/a><ul class='ez-toc-list-level-4' ><li class='ez-toc-heading-level-4'><a class=\"ez-toc-link ez-toc-heading-13\" href=\"https:\/\/comparemyjet.com\/pl\/northern-jet-management\/#Our_Recommendation_Cessna_Citation_Sovereign\" >Nasza rekomendacja: Cessna Citation Sovereign<\/a><\/li><\/ul><\/li><\/ul><\/li><li class='ez-toc-page-1 ez-toc-heading-level-2'><a class=\"ez-toc-link ez-toc-heading-14\" href=\"https:\/\/comparemyjet.com\/pl\/northern-jet-management\/#Company_Safety_Policy_and_Standards\" >Polityka i normy bezpiecze\u0144stwa firmy<\/a><\/li><li class='ez-toc-page-1 ez-toc-heading-level-2'><a class=\"ez-toc-link ez-toc-heading-15\" href=\"https:\/\/comparemyjet.com\/pl\/northern-jet-management\/#The_Staff\" >Personel<\/a><\/li><li class='ez-toc-page-1 ez-toc-heading-level-2'><a class=\"ez-toc-link ez-toc-heading-16\" href=\"https:\/\/comparemyjet.com\/pl\/northern-jet-management\/#Conclusion\" >Wniosek<\/a><\/li><\/ul><\/nav><\/div>\n<h2 class=\"wp-block-heading\"><span class=\"ez-toc-section\" id=\"About_the_Company\"><\/span>O firmie&nbsp;<span class=\"ez-toc-section-end\"><\/span><\/h2>\r\n\r\n\r\n\r\n<p>Northern Jet Management jest prywatn\u0105 firm\u0105 za\u0142o\u017con\u0105 w 1995 roku, kt\u00f3rej dyrektorem generalnym jest Charles Cox.&nbsp;<\/p>\r\n\r\n\r\n\r\n<p>Ich g\u0142\u00f3wne biuro znajduje si\u0119 w Michigan, w Grand Rapids, a w pe\u0142ni operacyjna baza znajduje si\u0119 w <a href=\"https:\/\/comparemyjet.com\/pl\/prywatne-wycieczki\/naples-private-tours\/\" data-internallinksmanager029f6b8e52c=\"299\" title=\"11 najlepszych prywatnych wycieczek do Neapolu od $90.53\">Neapol<\/a>, Floryda.&nbsp;<\/p>\r\n\r\n\r\n\r\n<h2 class=\"wp-block-heading\"><span class=\"ez-toc-section\" id=\"Ways_to_Fly\"><\/span>Sposoby na latanie<span class=\"ez-toc-section-end\"><\/span><\/h2>\r\n\r\n\r\n\r\n<p>Aby zaspokoi\u0107 potrzeby lotnictwa, Northern Jet Management oferuje szereg specjalistycznych rozwi\u0105za\u0144 - od kompleksowego programu kart prywatnych samolot\u00f3w, znanego jako Private Advantage Card, po kompletne zarz\u0105dzanie samolotami, ich zakup, leasing i konsultacje.<\/p>\r\n\r\n\r\n\r\n<h3 class=\"wp-block-heading\"><span class=\"ez-toc-section\" id=\"Jet_Management\"><\/span>Zarz\u0105dzanie odrzutowcami<span class=\"ez-toc-section-end\"><\/span><\/h3>\r\n\r\n\r\n\r\n<p>Z Northern Jets <a href=\"https:\/\/northernjet.net\/programs\/aircraft-management\/\" target=\"_blank\" rel=\"noopener\">rozwi\u0105zania w zakresie zarz\u0105dzania<\/a>Otrzymasz transport naziemny, specjalne \u017cyczenia i personel planowania dost\u0119pny 365 dni w roku, zgodnie z Twoimi wymaganiami. Pracownicy ksi\u0119gowo\u015bci starannie monitoruj\u0105 wydatki i tworz\u0105 miesi\u0119czne raporty dotycz\u0105ce aktywno\u015bci, koszt\u00f3w, konserwacji i innych wydatk\u00f3w, tak aby\u015b zawsze wiedzia\u0142 o wszelkich dzia\u0142aniach zwi\u0105zanych z Twoim samolotem.<\/p>\r\n\r\n\r\n\r\n<p>Ka\u017cdy samolot we flocie Northern Jet ma na pok\u0142adzie wysoko wykwalifikowan\u0105 za\u0142og\u0119, a ka\u017cdy pilot posiada uprawnienia na typ samolotu, kt\u00f3rym lata. Ponadto wszyscy pracownicy przechodz\u0105 10-letni <a href=\"https:\/\/www.fbi.gov\/about\" target=\"_blank\" rel=\"noopener\">FBI<\/a> sprawdzanie danych osobowych w ramach procesu zatrudniania.<\/p>\r\n\r\n\r\n\r\n<h3 class=\"wp-block-heading\"><span class=\"ez-toc-section\" id=\"Company_Card_Program\"><\/span>Program kart firmowych<span class=\"ez-toc-section-end\"><\/span><\/h3>\r\n\r\n\r\n\r\n<p>Strona <a href=\"https:\/\/northernjet.net\/programs\/jet-card\/\" target=\"_blank\" rel=\"noopener\"><strong>Karta Private Advantage<\/strong><\/a> od Northern Jet Management to 25-godzinna karta skierowana do os\u00f3b podr\u00f3\u017cuj\u0105cych w celach rekreacyjnych na lotach w jedn\u0105 stron\u0119 pomi\u0119dzy \u015arodkowym Zachodem a Floryd\u0105. Zarz\u0105dzana przez firm\u0119 <a href=\"https:\/\/comparemyjet.com\/pl\/learjet\/\" data-internallinksmanager029f6b8e52c=\"149\" title=\"Ostateczny przewodnik po prywatnych odrzutowcach i samolotach Learjet\">Learjet<\/a> W programie pojawiaj\u0105 si\u0119 40XR, a posiadacze kart maj\u0105 r\u00f3wnie\u017c mo\u017cliwo\u015b\u0107 wyboru Learjet 70.&nbsp;<\/p>\r\n\r\n\r\n\r\n<p>Nie ma koszt\u00f3w repozycjonowania w promieniu 180 mil od&nbsp;<\/p>\r\n\r\n\r\n\r\n<ul class=\"wp-block-list\"><li>Grand Rapids;<\/li><li>Naples, Floryda;<\/li><li><a href=\"https:\/\/comparemyjet.com\/pl\/private-jet-charters-to-chicago\/\" data-internallinksmanager029f6b8e52c=\"170\" title=\"Prywatne odrzutowce do Chicago\">Chicago (Inf. w\u0142.)<\/a>, Illinois;<\/li><li>i Michigan.&nbsp;<\/li><\/ul>\r\n\r\n\r\n\r\n<p>Cena godzinowa all-inclusive i co najmniej 24-godzinny czas wypowiedzenia to niekt\u00f3re z innych zalet, kt\u00f3re wi\u0105\u017c\u0105 si\u0119 z t\u0105 kart\u0105, podczas gdy dla posiadaczy kart z Midwestu nie ma niedost\u0119pnych dat i koszt\u00f3w relokacji.<\/p>\r\n\r\n\r\n\r\n<h3 class=\"wp-block-heading\"><span class=\"ez-toc-section\" id=\"Fractional_Jet_Ownership_Program\"><\/span>Program Fractional Jet Ownership<span class=\"ez-toc-section-end\"><\/span><\/h3>\r\n\r\n\r\n\r\n<p>Strona <a href=\"https:\/\/northernjet.net\/programs\/fractional-jet-ownership\/\" target=\"_blank\" rel=\"noopener\"><strong>Firma Jet<\/strong><\/a> jest <a href=\"https:\/\/comparemyjet.com\/pl\/jak-dziala-wspolwlasnosc-czesciowa\/\" data-internallinksmanager029f6b8e52c=\"20\" title=\"Jak dzia\u0142a posiadanie odrzutowca w systemie frakcyjnym?\">w\u0142asno\u015b\u0107 frakcyjna odrzutowc\u00f3w<\/a> program stworzony specjalnie z my\u015bl\u0105 o potrzebach os\u00f3b podr\u00f3\u017cuj\u0105cych s\u0142u\u017cbowo. Osoby podr\u00f3\u017cuj\u0105ce w interesach i korporacje s\u0105 jedyn\u0105 grup\u0105 docelow\u0105 koncepcji wsp\u00f3\u0142w\u0142asno\u015bci Company Jet.<\/p>\r\n\r\n\r\n\r\n<p>Cz\u0142onkowie dostaj\u0105 przedsmak tego, czym jest posiadanie prywatnego samolotu, bez zmartwie\u0144 o zarz\u0105dzanie i operacje, plus pe\u0142ne wsparcie zespo\u0142u ekspert\u00f3w. Podpisanie umowy wi\u0105\u017ce si\u0119 z pi\u0119cioletnim zobowi\u0105zaniem i zapewnieniem dost\u0119pno\u015bci z minimum 12-godzinnym wyprzedzeniem. Us\u0142ugi Concierge s\u0105 dost\u0119pne przez ca\u0142\u0105 dob\u0119, a zesp\u00f3\u0142 specjalist\u00f3w z bran\u017cy u\u0142atwi i zaoferuje wsparcie w zakresie finans\u00f3w, ksi\u0119gowo\u015bci i przepis\u00f3w lotniczych.<\/p>\r\n\r\n\r\n\r\n<h3 class=\"wp-block-heading\"><span class=\"ez-toc-section\" id=\"Empty_Leg_Flights\"><\/span>Loty z pustymi nogami<span class=\"ez-toc-section-end\"><\/span><\/h3>\r\n\r\n\r\n\r\n<p>Firma odnosi si\u0119 do ich <a href=\"https:\/\/comparemyjet.com\/pl\/how-to-book-empty-leg-flights\/\" data-internallinksmanager029f6b8e52c=\"24\" title=\"Jak rezerwowa\u0107 loty z pustymi nogami\">loty na pustych odcinkach<\/a> jako \"<a href=\"https:\/\/northernjet.net\/flight-opportunities\/\" target=\"_blank\" rel=\"noopener\">mo\u017cliwo\u015bci lotu<\/a>\". Ca\u0142kiem pasuj\u0105ca nazwa, bior\u0105c pod uwag\u0119, \u017ce te loty s\u0105 prawdziwym po\u0142owem. Ka\u017cdy mo\u017ce zapisa\u0107 si\u0119 do otrzymywania i \u015bledzenia dost\u0119pnych lot\u00f3w pustych n\u00f3g na swoim koncie e-mail i wykorzysta\u0107 okazj\u0119 do lotu do jednego z miejsc docelowych za u\u0142amek koszt\u00f3w.&nbsp;<\/p>\r\n\r\n\r\n\r\n<h3 class=\"wp-block-heading\"><span class=\"ez-toc-section\" id=\"Acquiring_or_Selling_an_Aircraft\"><\/span>Nabycie lub sprzeda\u017c statku powietrznego<span class=\"ez-toc-section-end\"><\/span><\/h3>\r\n\r\n\r\n\r\n<p>Do\u0142\u0105czenie do Northern Jet oznacza pe\u0142ny dost\u0119p do zespo\u0142u profesjonalist\u00f3w, kt\u00f3rzy maj\u0105 wieloletnie do\u015bwiadczenie i kontakty, aby wybra\u0107 najlepsze samoloty dostosowane do potrzeb klient\u00f3w w zakresie <a href=\"https:\/\/northernjet.net\/programs\/aircraft-acquisition-sales-brokerage\/\" target=\"_blank\" rel=\"noopener\">kupno lub sprzeda\u017c nowego lub u\u017cywanego statku powietrznego<\/a>.<\/p>\r\n\r\n\r\n\r\n<h2 class=\"wp-block-heading\"><span class=\"ez-toc-section\" id=\"Pricing\"><\/span>Ustalanie cen<span class=\"ez-toc-section-end\"><\/span><\/h2>\r\n\r\n\r\n\r\n<figure class=\"wp-block-image size-full is-style-default\"><img loading=\"lazy\" decoding=\"async\" width=\"1000\" height=\"667\" src=\"https:\/\/comparemyjet.com\/wp-content\/uploads\/2022\/06\/woman.in_.blue_.dress_.enjoying.view_.from_.private.jet_.jpg\" alt=\"\" class=\"wp-image-2997\" srcset=\"https:\/\/comparemyjet.com\/wp-content\/uploads\/2022\/06\/woman.in_.blue_.dress_.enjoying.view_.from_.private.jet_-18x12.jpg 18w, https:\/\/comparemyjet.com\/wp-content\/uploads\/2022\/06\/woman.in_.blue_.dress_.enjoying.view_.from_.private.jet_-300x200.jpg 300w, https:\/\/comparemyjet.com\/wp-content\/uploads\/2022\/06\/woman.in_.blue_.dress_.enjoying.view_.from_.private.jet_-768x512.jpg 768w, https:\/\/comparemyjet.com\/wp-content\/uploads\/2022\/06\/woman.in_.blue_.dress_.enjoying.view_.from_.private.jet_.jpg 1000w\" sizes=\"auto, (max-width: 1000px) 100vw, 1000px\" \/><\/figure>\r\n\r\n\r\n\r\n<p>Firma Northern Jet Management s\u0142ynie z przyst\u0119pnych cen, przywi\u0105zania do najwy\u017cszych standard\u00f3w bezpiecze\u0144stwa i dba\u0142o\u015bci o potrzeby klient\u00f3w.<\/p>\r\n\r\n\r\n\r\n<p>Aby sta\u0107 si\u0119 posiadaczem karty Private Advantage od Northern Jet Management, nale\u017cy ui\u015bci\u0107 op\u0142at\u0119 inicjacyjn\u0105 w wysoko\u015bci nieco mniejszej ni\u017c $165 000.&nbsp;<\/p>\r\n\r\n\r\n\r\n<p>Lotnicy, kt\u00f3rzy \u015bledz\u0105 i czerpi\u0105 korzy\u015bci z lot\u00f3w na pustych nogach wymienionych na stronie internetowej firmy, oszcz\u0119dzaj\u0105 $1,000 od standardowych cen za godzin\u0119.<\/p>\r\n\r\n\r\n\r\n<h2 class=\"wp-block-heading\"><span class=\"ez-toc-section\" id=\"The_Fleet\"><\/span>Flota&nbsp;<span class=\"ez-toc-section-end\"><\/span><\/h2>\r\n\r\n\r\n\r\n<p>Ka\u017cdy z 20 samolot\u00f3w we flocie Northern Jet Management jest obs\u0142ugiwany przez profesjonalist\u00f3w lotniczych z do\u015bwiadczeniem. Wszystkie modele s\u0105 nowe i nowoczesne, a g\u0142\u00f3wn\u0105 i dominuj\u0105c\u0105 kategori\u0105 samolot\u00f3w s\u0105 odrzutowce \u015bredniej i super \u015bredniej wielko\u015bci.&nbsp;<\/p>\r\n\r\n\r\n\r\n<h3 class=\"wp-block-heading\"><span class=\"ez-toc-section\" id=\"1_Midsize_Private_Jets\"><\/span>1. Prywatne odrzutowce \u015bredniej wielko\u015bci<span class=\"ez-toc-section-end\"><\/span><\/h3>\r\n\r\n\r\n\r\n<p>Zar\u00f3wno w przypadku podr\u00f3\u017cy osobistych, jak i firmowych, czarter \u015bredniej wielko\u015bci samolotu zapewni Ci komfortowy lot na du\u017ce odleg\u0142o\u015bci. Samolot \u015bredniej wielko\u015bci jest popularny w\u015br\u00f3d pasa\u017cer\u00f3w biznesowych i rekreacyjnych ze wzgl\u0119du na przestronne kabiny, odpowiedni\u0105 ilo\u015b\u0107 miejsca na baga\u017c oraz wysokiej klasy udogodnienia.<\/p>\r\n\r\n\r\n\r\n<h4 class=\"wp-block-heading\"><span class=\"ez-toc-section\" id=\"Our_Recommendation_Learjet_40\"><\/span>Nasza rekomendacja: Learjet 40<span class=\"ez-toc-section-end\"><\/span><\/h4>\r\n\r\n\r\n\r\n<p>Learjet 40 to ma\u0142y samolot biznesowy produkowany przez <a href=\"https:\/\/comparemyjet.com\/pl\/bombardier\/\" data-internallinksmanager029f6b8e52c=\"159\" title=\"Przewodnik po prywatnych odrzutowcach i samolotach Bombardiera\">Bombardier<\/a> Learjet. Jest nap\u0119dzany dwoma silnikami, jego wn\u0119trze jest wi\u0119ksze od rywali, a jego design jest inspiracj\u0105 dla przysz\u0142ych modeli. Nadwozie jest jednak kr\u00f3tsze, a zbiornik paliwa mniejszy ni\u017c w Learjet 45.&nbsp;<\/p>\r\n\r\n\r\n\r\n<p>Specyfikacja:<\/p>\r\n\r\n\r\n\r\n<ul class=\"wp-block-list\"><li>Pasa\u017cerowie: 7;<\/li><li>Wysoko\u015b\u0107 zewn\u0119trzna: 14 ft 2 in;<\/li><li>D\u0142ugo\u015b\u0107 pe\u0142na: 55 ft 5 in;<\/li><li>Rozpi\u0119to\u015b\u0107 skrzyde\u0142: 47 ft 9 in;<\/li><li>Szeroko\u015b\u0107 kabiny: 5 ft 1 in;<\/li><li>Wysoko\u015b\u0107 kabiny: 4 ft 11 in;<\/li><li>D\u0142ugo\u015b\u0107 kabiny: 17 ft 8 in;<\/li><li>Maksymalny zasi\u0119g lotu: 1707 nm;<\/li><li>Maksymalna pr\u0119dko\u015b\u0107 przelotowa: 465 kts;<\/li><li>Przestrze\u0144 baga\u017cowa zewn\u0119trzna: 50 cu ft;<\/li><li>Wewn\u0119trzna przestrze\u0144 baga\u017cowa: 15 cu ft;<\/li><li>Za\u0142oga: 2.<\/li><\/ul>\r\n\r\n\r\n\r\n<p>Northern Jet Management oferuje wydajne i niedrogie samoloty w swoim katalogu \u015bredniej wielko\u015bci prywatnych odrzutowc\u00f3w, w tym <em>Seria Bombardier 45<\/em>, <em><a href=\"https:\/\/comparemyjet.com\/pl\/gulfstream\/\" data-internallinksmanager029f6b8e52c=\"175\" title=\"Przewodnik po prywatnych odrzutowcach i samolotach Gulfstream\">Gulfstream<\/a> G150<\/em>, <em>Learjet 70\/75<\/em>, <em>Learjet 45XR<\/em>, oraz polecany przez nas model, <em>Learjet 40<\/em>.<\/p>\r\n\r\n\r\n\r\n<h3 class=\"wp-block-heading\"><span class=\"ez-toc-section\" id=\"2_Super-Midsize_Private_Jets\"><\/span>2. Prywatne odrzutowce klasy Super-Midsize&nbsp;<span class=\"ez-toc-section-end\"><\/span><\/h3>\r\n\r\n\r\n\r\n<p>Odrzutowce z kategorii super-\u015bredniej mog\u0105 lata\u0107 do 6 godzin, czyli o 2 godziny d\u0142u\u017cej ni\u017c poprzednia kategoria, co czyni je idealnymi do lot\u00f3w mi\u0119dzykontynentalnych. Pasa\u017cerowie maj\u0105 dost\u0119p do przestronnych kabin i pierwszorz\u0119dnych udogodnie\u0144, w tym wi\u0119kszej przestrzeni baga\u017cowej.<\/p>\r\n\r\n\r\n\r\n<h4 class=\"wp-block-heading\"><span class=\"ez-toc-section\" id=\"Our_Recommendation_Cessna_Citation_Sovereign\"><\/span>Nasza rekomendacja: Cessna Citation Sovereign<span class=\"ez-toc-section-end\"><\/span><\/h4>\r\n\r\n\r\n\r\n<p>Sovereign, wyprodukowany przez ameryka\u0144skiego producenta -. <a href=\"https:\/\/comparemyjet.com\/pl\/cessna\/\" data-internallinksmanager029f6b8e52c=\"145\" title=\"Ostateczny przewodnik po prywatnych odrzutowcach i samolotach Cessna\">Cessna<\/a>, jest samolotem transkontynentalnym. Cechy konstrukcyjne Citation Sovereign obejmuj\u0105 d\u0142ugie cia\u0142o, przeprojektowane skrzyd\u0142a, szklane wyposa\u017cenie kokpitu z czterema panelami LCD oraz dwa silniki.&nbsp;<\/p>\r\n\r\n\r\n\r\n<p>Specyfikacja:&nbsp;<\/p>\r\n\r\n\r\n\r\n<ul class=\"wp-block-list\"><li>Pasa\u017cerowie: 9;<\/li><li>Wysoko\u015b\u0107 zewn\u0119trzna: 20 ft 4 in;<\/li><li>D\u0142ugo\u015b\u0107 pe\u0142na: 63 ft 6 in;<\/li><li>Rozpi\u0119to\u015b\u0107 skrzyde\u0142: 63 ft 4 in;<\/li><li>Szeroko\u015b\u0107 kabiny: 5 ft 6 in;<\/li><li>Wysoko\u015b\u0107 kabiny: 5 ft 8 in;<\/li><li>D\u0142ugo\u015b\u0107 kabiny: 25 ft 3 in;<\/li><li>Maksymalny zasi\u0119g lotu: 3010 nm;<\/li><li>Maksymalna pr\u0119dko\u015b\u0107 przelotowa: 459 kts;<\/li><li>Za\u0142oga: 2;<\/li><li>Wewn\u0119trzna przestrze\u0144 baga\u017cowa: 35 cu ft;<\/li><li>Przestrze\u0144 baga\u017cowa zewn\u0119trzna: 100 cu ft.<\/li><\/ul>\r\n\r\n\r\n\r\n<p>Northern Jet Management oferuje dwa bezpieczne i wydajne samoloty w swoim katalogu super-\u015brednich prywatnych odrzutowc\u00f3w. <em>Challenger 300<\/em> i nasz zalecany model <em>Cessna Citation Sovereign<\/em>.<\/p>\r\n\r\n\r\n\r\n<h2 class=\"wp-block-heading\"><span class=\"ez-toc-section\" id=\"Company_Safety_Policy_and_Standards\"><\/span>Polityka i normy bezpiecze\u0144stwa firmy<span class=\"ez-toc-section-end\"><\/span><\/h2>\r\n\r\n\r\n\r\n<p>Zesp\u00f3\u0142 Northern Jet Management regularnie przeprowadza wewn\u0119trzne audyty i oceny proces\u00f3w, praktyk, operacji i us\u0142ug w ponad 40 obszarach operacyjnych.<\/p>\r\n\r\n\r\n\r\n<p>Ponadto Northern Jet Management posiada. <a href=\"https:\/\/www.argus.aero\/\" target=\"_blank\" rel=\"noopener\">ARGUS<\/a> Platyna i <a href=\"https:\/\/www.acsf.aero\/\" target=\"_blank\" rel=\"noopener\">ACSF<\/a> akredytacji i korzysta wy\u0142\u0105cznie z us\u0142ug mechanik\u00f3w z <a href=\"https:\/\/www.faa.gov\/\" target=\"_blank\" rel=\"noopener\">FAA<\/a> licencje. Dodatkowo, Northern Jet Management posiada zatwierdzenie etapu 3 przez. <a href=\"https:\/\/ibac.org\/is-bao\" target=\"_blank\" rel=\"noopener\">Mi\u0119dzynarodowa norma dotycz\u0105ca eksploatacji samolot\u00f3w biznesowych<\/a> (IS-BAO).<\/p>\r\n\r\n\r\n\r\n<h2 class=\"wp-block-heading\"><span class=\"ez-toc-section\" id=\"The_Staff\"><\/span>Personel<span class=\"ez-toc-section-end\"><\/span><\/h2>\r\n\r\n\r\n\r\n<figure class=\"wp-block-image size-full is-style-default\"><img loading=\"lazy\" decoding=\"async\" width=\"1000\" height=\"667\" src=\"https:\/\/comparemyjet.com\/wp-content\/uploads\/2022\/07\/private.jet_.pilots.in_.cockpit.jpg\" alt=\"\" class=\"wp-image-3072\" srcset=\"https:\/\/comparemyjet.com\/wp-content\/uploads\/2022\/07\/private.jet_.pilots.in_.cockpit-18x12.jpg 18w, https:\/\/comparemyjet.com\/wp-content\/uploads\/2022\/07\/private.jet_.pilots.in_.cockpit-300x200.jpg 300w, https:\/\/comparemyjet.com\/wp-content\/uploads\/2022\/07\/private.jet_.pilots.in_.cockpit-768x512.jpg 768w, https:\/\/comparemyjet.com\/wp-content\/uploads\/2022\/07\/private.jet_.pilots.in_.cockpit.jpg 1000w\" sizes=\"auto, (max-width: 1000px) 100vw, 1000px\" \/><\/figure>\r\n\r\n\r\n\r\n<p>Northern Jet Management stale udoskonala i modyfikuje dzia\u0142ania firmy w celu zapewnienia najwy\u017cszych standard\u00f3w bezpiecze\u0144stwa.<\/p>\r\n\r\n\r\n\r\n<p>Ich personel jest stale szkolony w zakresie latania przez <a href=\"https:\/\/www.cae.com\/\" target=\"_blank\" rel=\"noopener\">CAE<\/a> lub . <a href=\"https:\/\/www.flightsafety.com\/\" target=\"_blank\" rel=\"noopener\">FlightSafety International<\/a>. Ka\u017cdy segment lotu rozpoczyna si\u0119 od analizy ryzyka bezpiecze\u0144stwa przeprowadzonej przez za\u0142og\u0119. Ponadto za\u0142oga przechodzi wewn\u0119trzne szkolenie poprzez <a href=\"https:\/\/www.nata.aero\/education-and-training\/safety-1st\" target=\"_blank\" rel=\"noopener\">Narodowy Program Szkoleniowy \"Bezpiecze\u0144stwo w transporcie lotniczym - pierwsze\u0144stwo<\/a>.<\/p>\r\n\r\n\r\n\r\n<p>Aby pom\u00f3c nowym i obecnym pilotom, certyfikowani starsi piloci dzia\u0142aj\u0105 jako wewn\u0119trzni specjali\u015bci, kt\u00f3rzy oferuj\u0105 swoj\u0105 wiedz\u0119 zespo\u0142owi zarz\u0105dzaj\u0105cemu w zakresie procedur operacyjnych.<\/p>\r\n\r\n\r\n\r\n<h2 class=\"wp-block-heading\"><span class=\"ez-toc-section\" id=\"Conclusion\"><\/span>Wniosek<span class=\"ez-toc-section-end\"><\/span><\/h2>\r\n\r\n\r\n\r\n<p>Pasa\u017cerowie, kt\u00f3rzy pragn\u0105 wolno\u015bci i wygody, jak\u0105 gwarantuje podr\u00f3\u017c prywatnym odrzutowcem, mog\u0105 skorzysta\u0107 z us\u0142ug Northern Jet Management. Dzi\u0119ki zaanga\u017cowaniu firmy w \u015bwiadczenie wysokiej jako\u015bci us\u0142ug, zaoszcz\u0119dz\u0105 oni mn\u00f3stwo czasu potrzebnego na rezerwacj\u0119 i planowanie. Northern Jet Management jest wiod\u0105c\u0105 firm\u0105 zajmuj\u0105c\u0105 si\u0119 prywatnymi samolotami na \u015arodkowym Zachodzie, dzi\u0119ki rozwi\u0105zaniom w zakresie w\u0142asno\u015bci frakcyjnej i zarz\u0105dzania samolotami.<\/p>","protected":false},"excerpt":{"rendered":"<p>Elitarna firma Northern Jet Management oferuje pe\u0142ne zarz\u0105dzanie samolotami, program wsp\u00f3\u0142w\u0142asno\u015bci, czartery na \u017c\u0105danie oraz zakup i sprzeda\u017c samolot\u00f3w zar\u00f3wno korporacjom, jak i osobom prywatnym. Lataj\u0105 do ponad 3 400 miejsc w USA, na Karaibach, w Meksyku i Kanadzie. Zbadajmy, co oferuj\u0105 bardziej szczeg\u00f3\u0142owo, ale najpierw kr\u00f3tki przegl\u0105d ...<\/p>","protected":false},"author":2,"featured_media":3188,"parent":0,"menu_order":0,"comment_status":"closed","ping_status":"closed","template":"","meta":{"_acf_changed":false,"_genesis_hide_title":false,"_genesis_hide_breadcrumbs":false,"_genesis_hide_singular_image":false,"_genesis_hide_footer_widgets":false,"_genesis_custom_body_class":"","_genesis_custom_post_class":"","_genesis_layout":"","footnotes":""},"class_list":{"1":"page","2":"type-page","6":"entry"},"acf":[],"_links":{"self":[{"href":"https:\/\/comparemyjet.com\/pl\/wp-json\/wp\/v2\/pages\/3187","targetHints":{"allow":["GET"]}}],"collection":[{"href":"https:\/\/comparemyjet.com\/pl\/wp-json\/wp\/v2\/pages"}],"about":[{"href":"https:\/\/comparemyjet.com\/pl\/wp-json\/wp\/v2\/types\/page"}],"author":[{"embeddable":true,"href":"https:\/\/comparemyjet.com\/pl\/wp-json\/wp\/v2\/users\/2"}],"replies":[{"embeddable":true,"href":"https:\/\/comparemyjet.com\/pl\/wp-json\/wp\/v2\/comments?post=3187"}],"version-history":[{"count":1,"href":"https:\/\/comparemyjet.com\/pl\/wp-json\/wp\/v2\/pages\/3187\/revisions"}],"predecessor-version":[{"id":3191,"href":"https:\/\/comparemyjet.com\/pl\/wp-json\/wp\/v2\/pages\/3187\/revisions\/3191"}],"wp:featuredmedia":[{"embeddable":true,"href":"https:\/\/comparemyjet.com\/pl\/wp-json\/wp\/v2\/media\/3188"}],"wp:attachment":[{"href":"https:\/\/comparemyjet.com\/pl\/wp-json\/wp\/v2\/media?parent=3187"}],"curies":[{"name":"wp","href":"https:\/\/api.w.org\/{rel}","templated":true}]}}