{"id":3223,"date":"2022-08-23T00:45:05","date_gmt":"2022-08-23T00:45:05","guid":{"rendered":"https:\/\/comparemyjet.com\/?page_id=3223"},"modified":"2025-09-04T09:58:21","modified_gmt":"2025-09-04T09:58:21","slug":"grandview-aviation","status":"publish","type":"page","link":"https:\/\/comparemyjet.com\/pl\/grandview-aviation\/","title":{"rendered":"Ceny lot\u00f3w GrandView Aviation"},"content":{"rendered":"<p>GrandView Aviation to firma z Baltimore. <a href=\"https:\/\/comparemyjet.com\/pl\/jak-wynajac-lub-wyczarterowac-prywatny-odrzutowiec\/\" data-internallinksmanager029f6b8e52c=\"15\" title=\"Jak wynaj\u0105\u0107 lub wyczarterowa\u0107 prywatny odrzutowiec?\">czarter prywatnego odrzutowca<\/a> firma, kt\u00f3ra dzia\u0142a w Stanach Zjednoczonych. Mo\u017cesz lata\u0107 po kraju ich odrzutowcami Phenom 300, a tak\u017ce wynaj\u0105\u0107 ich <a href=\"https:\/\/comparemyjet.com\/pl\/sikorsky\/\" data-internallinksmanager029f6b8e52c=\"160\" title=\"Przewodnik po prywatnych odrzutowcach i \u015bmig\u0142owcach Sikorsky\">Sikorsky<\/a> S-76D i \u015bmig\u0142owc\u00f3w Bell 407GXI w Baltimore i Waszyngtonie.<\/p>\r\n\r\n\r\n\r\n<p>Poniewa\u017c firma posiada certyfikat Wyvern Wingman, ich piloci stosuj\u0105 najnowsze i najlepsze praktyki bezpiecze\u0144stwa, podczas gdy za\u0142oga jest zaanga\u017cowana w zapewnienie niezr\u00f3wnanej obs\u0142ugi. Dzia\u0142 czarterowy jest gotowy na spersonalizowane trasy i loty 24 godziny na dob\u0119, siedem dni w tygodniu.<\/p>\r\n\r\n\r\n\r\n<p>Zobaczmy, na czym polegaj\u0105 ich zalety.<\/p>\r\n\r\n\r\n\r\n<div id=\"ez-toc-container\" class=\"ez-toc-v2_0_76 counter-hierarchy ez-toc-counter ez-toc-grey ez-toc-container-direction\">\n<p class=\"ez-toc-title\" style=\"cursor:inherit\">Tematy<\/p>\n<label for=\"ez-toc-cssicon-toggle-item-69f4d69e8e2eb\" class=\"ez-toc-cssicon-toggle-label\"><span class=\"\"><span class=\"eztoc-hide\" style=\"display:none;\">Toggle<\/span><span class=\"ez-toc-icon-toggle-span\"><svg style=\"fill: #999;color:#999\" xmlns=\"http:\/\/www.w3.org\/2000\/svg\" class=\"list-377408\" width=\"20px\" height=\"20px\" viewbox=\"0 0 24 24\" fill=\"none\"><path d=\"M6 6H4v2h2V6zm14 0H8v2h12V6zM4 11h2v2H4v-2zm16 0H8v2h12v-2zM4 16h2v2H4v-2zm16 0H8v2h12v-2z\" fill=\"currentColor\"><\/path><\/svg><svg style=\"fill: #999;color:#999\" class=\"arrow-unsorted-368013\" xmlns=\"http:\/\/www.w3.org\/2000\/svg\" width=\"10px\" height=\"10px\" viewbox=\"0 0 24 24\" version=\"1.2\" baseprofile=\"tiny\"><path d=\"M18.2 9.3l-6.2-6.3-6.2 6.3c-.2.2-.3.4-.3.7s.1.5.3.7c.2.2.4.3.7.3h11c.3 0 .5-.1.7-.3.2-.2.3-.5.3-.7s-.1-.5-.3-.7zM5.8 14.7l6.2 6.3 6.2-6.3c.2-.2.3-.5.3-.7s-.1-.5-.3-.7c-.2-.2-.4-.3-.7-.3h-11c-.3 0-.5.1-.7.3-.2.2-.3.5-.3.7s.1.5.3.7z\"\/><\/svg><\/span><\/span><\/label><input type=\"checkbox\"  id=\"ez-toc-cssicon-toggle-item-69f4d69e8e2eb\" checked aria-label=\"Prze\u0142\u0105cznik\" \/><nav><ul class='ez-toc-list ez-toc-list-level-1' ><li class='ez-toc-page-1 ez-toc-heading-level-2'><a class=\"ez-toc-link ez-toc-heading-1\" href=\"https:\/\/comparemyjet.com\/pl\/grandview-aviation\/#About_the_Company\" >O firmie<\/a><\/li><li class='ez-toc-page-1 ez-toc-heading-level-2'><a class=\"ez-toc-link ez-toc-heading-2\" href=\"https:\/\/comparemyjet.com\/pl\/grandview-aviation\/#Empty_Leg_Flight\" >Lot z pustymi nogami<\/a><\/li><li class='ez-toc-page-1 ez-toc-heading-level-2'><a class=\"ez-toc-link ez-toc-heading-3\" href=\"https:\/\/comparemyjet.com\/pl\/grandview-aviation\/#Company_Card_Programs\" >Programy kart firmowych<\/a><\/li><li class='ez-toc-page-1 ez-toc-heading-level-2'><a class=\"ez-toc-link ez-toc-heading-4\" href=\"https:\/\/comparemyjet.com\/pl\/grandview-aviation\/#Pricing\" >Ustalanie cen<\/a><\/li><li class='ez-toc-page-1 ez-toc-heading-level-2'><a class=\"ez-toc-link ez-toc-heading-5\" href=\"https:\/\/comparemyjet.com\/pl\/grandview-aviation\/#The_Fleet\" >Flota&nbsp;<\/a><ul class='ez-toc-list-level-3' ><li class='ez-toc-heading-level-3'><a class=\"ez-toc-link ez-toc-heading-6\" href=\"https:\/\/comparemyjet.com\/pl\/grandview-aviation\/#1_Light_Private_Jets\" >1. Lekkie odrzutowce prywatne<\/a><ul class='ez-toc-list-level-4' ><li class='ez-toc-heading-level-4'><a class=\"ez-toc-link ez-toc-heading-7\" href=\"https:\/\/comparemyjet.com\/pl\/grandview-aviation\/#Our_Recommendation_Embraer_Phenom_300\" >Nasza rekomendacja: Embraer Phenom 300<\/a><\/li><\/ul><\/li><li class='ez-toc-page-1 ez-toc-heading-level-3'><a class=\"ez-toc-link ez-toc-heading-8\" href=\"https:\/\/comparemyjet.com\/pl\/grandview-aviation\/#2_Helicopters\" >2. Helikoptery<\/a><ul class='ez-toc-list-level-4' ><li class='ez-toc-heading-level-4'><a class=\"ez-toc-link ez-toc-heading-9\" href=\"https:\/\/comparemyjet.com\/pl\/grandview-aviation\/#Our_Recommendation_Bell_407GXI\" >Nasza rekomendacja: Bell 407GXI<\/a><\/li><\/ul><\/li><\/ul><\/li><li class='ez-toc-page-1 ez-toc-heading-level-2'><a class=\"ez-toc-link ez-toc-heading-10\" href=\"https:\/\/comparemyjet.com\/pl\/grandview-aviation\/#Company_Safety_Policy_and_Standards\" >Polityka i normy bezpiecze\u0144stwa firmy<\/a><\/li><li class='ez-toc-page-1 ez-toc-heading-level-2'><a class=\"ez-toc-link ez-toc-heading-11\" href=\"https:\/\/comparemyjet.com\/pl\/grandview-aviation\/#The_Staff\" >Personel<\/a><\/li><li class='ez-toc-page-1 ez-toc-heading-level-2'><a class=\"ez-toc-link ez-toc-heading-12\" href=\"https:\/\/comparemyjet.com\/pl\/grandview-aviation\/#Conclusion\" >Wniosek<\/a><\/li><\/ul><\/nav><\/div>\n<h2 class=\"wp-block-heading\"><span class=\"ez-toc-section\" id=\"About_the_Company\"><\/span>O firmie<span class=\"ez-toc-section-end\"><\/span><\/h2>\r\n\r\n\r\n\r\n<p>GrandView Aviation to prywatna firma za\u0142o\u017cona w 2004 roku, kt\u00f3rej dyrektorem generalnym jest Jerry Edwards. Firma posiada swoj\u0105 flot\u0119 sk\u0142adaj\u0105c\u0105 si\u0119 z <a href=\"https:\/\/comparemyjet.com\/pl\/embraer\/\" data-internallinksmanager029f6b8e52c=\"151\" title=\"Przewodnik po prywatnych odrzutowcach i samolotach Embraer\">Embraer<\/a> Phenom 300s i zatrudnia oko\u0142o 130 pracownik\u00f3w.<\/p>\r\n\r\n\r\n\r\n<p>Program entry-level w GrandView Aviation to depozyt w wysoko\u015bci $150,000 bez zapewnienia dost\u0119pno\u015bci.<\/p>\r\n\r\n\r\n\r\n<p>Opr\u00f3cz czarter\u00f3w prywatnych samolot\u00f3w, firma jest pionierem w transporcie transplantacji narz\u0105d\u00f3w, przetransportowa\u0142a ponad 250 zespo\u0142\u00f3w chirurgicznych ratuj\u0105cych \u017cycie w 2021 roku i ponad 2200 od pocz\u0105tku istnienia.<\/p>\r\n\r\n\r\n\r\n<p>Najnowsz\u0105 wiadomo\u015bci\u0105, jak\u0105 mamy na temat GrandView Aviation jest to, \u017ce Global Medical Response (GMR) og\u0142osi\u0142 przej\u0119cie firmy w 2022 roku. Global Medical Response zapewnia wysokiej jako\u015bci opiek\u0119 medyczn\u0105, g\u0142\u00f3wnie w zakresie us\u0142ug ratowniczych i relokacji pacjent\u00f3w w Stanach Zjednoczonych i na ca\u0142ym \u015bwiecie, dlatego ten ruch ma wiele sensu.&nbsp;<\/p>\r\n\r\n\r\n\r\n<p>Dzi\u0119ki niedawnemu rozwojowi firma posiada centra w <a href=\"https:\/\/comparemyjet.com\/pl\/prywatne-wycieczki\/prywatne-wycieczki-po-atlancie\/\" data-internallinksmanager029f6b8e52c=\"403\" title=\"11 najlepszych prywatnych wycieczek po Atlancie od $89.99\">Atlanta<\/a>, <a href=\"https:\/\/comparemyjet.com\/pl\/prywatne-wycieczki\/austin-private-tours\/\" data-internallinksmanager029f6b8e52c=\"404\" title=\"11 najlepszych prywatnych wycieczek po Austin od $25.00\">Austin<\/a>, Baltimore, <a href=\"https:\/\/comparemyjet.com\/pl\/private-jet-charters-to-boston\/\" data-internallinksmanager029f6b8e52c=\"177\" title=\"Czartery prywatnych odrzutowc\u00f3w do Bostonu\">Boston<\/a>, <a href=\"https:\/\/comparemyjet.com\/pl\/private-jet-charters-to-chicago\/\" data-internallinksmanager029f6b8e52c=\"170\" title=\"Prywatne odrzutowce do Chicago\">Chicago (Inf. w\u0142.)<\/a>, <a href=\"https:\/\/comparemyjet.com\/pl\/prywatne-wycieczki\/denver-private-tours\/\" data-internallinksmanager029f6b8e52c=\"410\" title=\"11 najlepszych prywatnych wycieczek po Denver od $49.00\">Denver<\/a>, <a href=\"https:\/\/comparemyjet.com\/pl\/prywatne-wycieczki\/los-angeles-private-tours\/\" data-internallinksmanager029f6b8e52c=\"421\" title=\"11 najlepszych prywatnych wycieczek po Los Angeles od $55.00\">Los Angeles<\/a>i Scottsdale.<\/p>\r\n\r\n\r\n\r\n<h2 class=\"wp-block-heading\"><span class=\"ez-toc-section\" id=\"Empty_Leg_Flight\"><\/span>Lot z pustymi nogami<span class=\"ez-toc-section-end\"><\/span><\/h2>\r\n\r\n\r\n\r\n<p>Opr\u00f3cz regularnych czarter\u00f3w, GrandView Aviation mo\u017ce pom\u00f3c Ci <a href=\"https:\/\/comparemyjet.com\/pl\/how-to-book-empty-leg-flights\/\" data-internallinksmanager029f6b8e52c=\"24\" title=\"Jak rezerwowa\u0107 loty z pustymi nogami\">zarezerwowa\u0107 loty z pustymi nogami<\/a>. Pusta noga to lot, kt\u00f3ry jest ju\u017c zaplanowany, aby lecie\u0107 do okre\u015blonego miejsca docelowego bez pasa\u017cer\u00f3w. Loty z pust\u0105 nog\u0105 s\u0105 zazwyczaj dost\u0119pne, gdy samolot musi zosta\u0107 przeniesiony lub zwr\u00f3cony na inn\u0105 tras\u0119.&nbsp;<\/p>\r\n\r\n\r\n\r\n<p>Je\u015bli uda Ci si\u0119 zorganizowa\u0107 niekt\u00f3re wyjazdy w ostatniej chwili, a <a href=\"https:\/\/flygv.com\/empty-legs\/\" target=\"_blank\" rel=\"noopener\">lot z pust\u0105 nog\u0105<\/a> to zawsze idealna opcja, poniewa\u017c s\u0105 one znacznie ta\u0144sze ni\u017c standardowa taryfa.&nbsp;<\/p>\r\n\r\n\r\n\r\n<h2 class=\"wp-block-heading\"><span class=\"ez-toc-section\" id=\"Company_Card_Programs\"><\/span>Programy kart firmowych<span class=\"ez-toc-section-end\"><\/span><\/h2>\r\n\r\n\r\n\r\n<p>GrandView Aviation oferuje dwa rodzaje pakiet\u00f3w cz\u0142onkowskich dla os\u00f3b cz\u0119sto lataj\u0105cych: <strong><em>Wysoko\u015b\u0107 n.p.m. Mile<\/em><\/strong> oraz <strong><em>Altitude Plus Miles<\/em><\/strong>.&nbsp;<\/p>\r\n\r\n\r\n\r\n<p>Aby zosta\u0107 cz\u0142onkiem programu kart odrzutowych GrandView Aviations <strong>Altitude Plus<\/strong>, wymagane jest wp\u0142acenie depozytu w wysoko\u015bci $150 000. Natychmiast otrzymujesz blokad\u0119 stawki na 24 miesi\u0105ce podczas dokonywania depozytu, a tak\u017ce mo\u017cesz skorzysta\u0107 ze sta\u0142ych p\u0142askich cen na ponad 65 miejsc, w tym zni\u017cki 10% na ka\u017cdy lot. Gdy b\u0119dziesz podr\u00f3\u017cowa\u0107 cz\u0119\u015bciej, zdob\u0119dziesz wi\u0119cej udogodnie\u0144 i przywilej\u00f3w, takich jak:<\/p>\r\n\r\n\r\n\r\n<ul class=\"wp-block-list\"><li>Catering na pok\u0142adzie&nbsp;<\/li><li>Kredyty lotnicze&nbsp;<\/li><li>Elastyczne anulowanie rezerwacji - GrandView zwr\u00f3ci koszt biletu na Twoje konto.<\/li><li>$200 kredyt na catering za ka\u017cdy dzie\u0144 lotu<\/li><li>Oferty lot\u00f3w z pust\u0105 nog\u0105<\/li><\/ul>\r\n\r\n\r\n\r\n<p>W odr\u00f3\u017cnieniu od Altitude Plus, mo\u017cna bezp\u0142atnie zosta\u0107 <strong>Wysoko\u015b\u0107 n.p.m. Mile <\/strong>cz\u0142onkiem, ale nie otrzymasz zni\u017cek na loty ani sta\u0142ych cen. Osoby cz\u0119sto podr\u00f3\u017cuj\u0105ce mog\u0105 zdoby\u0107 atuty i przywileje, takie jak:<\/p>\r\n\r\n\r\n\r\n<ul class=\"wp-block-list\"><li>Catering na pok\u0142adzie&nbsp;<\/li><li>Kredyty lotnicze&nbsp;<\/li><li>Elastyczne anulowanie rezerwacji - GrandView zwr\u00f3ci koszt biletu na Twoje konto.<\/li><li>$200 kredyt gastronomiczny za ka\u017cdy dzie\u0144 lotu<\/li><li>Oferty lot\u00f3w z pust\u0105 nog\u0105<\/li><\/ul>\r\n\r\n\r\n\r\n<h2 class=\"wp-block-heading\"><span class=\"ez-toc-section\" id=\"Pricing\"><\/span>Ustalanie cen<span class=\"ez-toc-section-end\"><\/span><\/h2>\r\n\r\n\r\n\r\n<p>Stawka godzinowa jest gwarantowana dla cz\u0142onk\u00f3w, a koszty s\u0105 obliczane w zale\u017cno\u015bci od ca\u0142kowitej liczby godzin lotu. Cena obejmuje repozycjonowanie z Atlanty, Austin, Baltimore, Bostonu, Chicago, Denver, Los Angeles i Scottsdale. Istniej\u0105 ustalone op\u0142aty za transport do ponad 65 g\u0142\u00f3wnych miejsc docelowych.&nbsp;<\/p>\r\n\r\n\r\n\r\n<p>Godzinowy koszt przelotu ich flot\u0105 Phenom 300 zaczyna si\u0119 od oko\u0142o $3,100, w tym FET (Federal Excise Tax), ale bez \u017cadnych op\u0142at za repozycjonowanie.<\/p>\r\n\r\n\r\n\r\n<h2 class=\"wp-block-heading\"><span class=\"ez-toc-section\" id=\"The_Fleet\"><\/span>Flota&nbsp;<span class=\"ez-toc-section-end\"><\/span><\/h2>\r\n\r\n\r\n\r\n<figure class=\"wp-block-image size-full is-style-default\"><img loading=\"lazy\" decoding=\"async\" width=\"1000\" height=\"667\" src=\"https:\/\/comparemyjet.com\/wp-content\/uploads\/2022\/08\/phenom300.jet_.jpg\" alt=\"\" class=\"wp-image-3224\" srcset=\"https:\/\/comparemyjet.com\/wp-content\/uploads\/2022\/08\/phenom300.jet_-18x12.jpg 18w, https:\/\/comparemyjet.com\/wp-content\/uploads\/2022\/08\/phenom300.jet_-300x200.jpg 300w, https:\/\/comparemyjet.com\/wp-content\/uploads\/2022\/08\/phenom300.jet_-768x512.jpg 768w, https:\/\/comparemyjet.com\/wp-content\/uploads\/2022\/08\/phenom300.jet_.jpg 1000w\" sizes=\"auto, (max-width: 1000px) 100vw, 1000px\" \/><\/figure>\r\n\r\n\r\n\r\n<p>GrandView Aviation utrzymuje flot\u0119 prywatnych samolot\u00f3w Phenom 300 i niekt\u00f3rych helikopter\u00f3w w swoich hubach w Bostonie, Baltimore\/DC, Los Angeles, Chicago, Atlancie, Austin, <a href=\"https:\/\/comparemyjet.com\/pl\/private-jet-charters-to-phoenix\/\" data-internallinksmanager029f6b8e52c=\"199\" title=\"Czartery prywatnych odrzutowc\u00f3w do Phoenix\">Phoenix<\/a>i Denver.<\/p>\r\n\r\n\r\n\r\n<h3 class=\"wp-block-heading\"><span class=\"ez-toc-section\" id=\"1_Light_Private_Jets\"><\/span>1. Lekkie odrzutowce prywatne<span class=\"ez-toc-section-end\"><\/span><\/h3>\r\n\r\n\r\n\r\n<p>W por\u00f3wnaniu do helikopter\u00f3w, lekkie odrzutowce s\u0105 wi\u0119ksze i maj\u0105 wi\u0119kszy zasi\u0119g. Mog\u0105 przewozi\u0107 do o\u015bmiu pasa\u017cer\u00f3w w zapewnionym komforcie dzi\u0119ki wi\u0119kszej kabinie i schowkom na baga\u017c.<\/p>\r\n\r\n\r\n\r\n<p>Lekkie samoloty mog\u0105 r\u00f3wnie\u017c l\u0105dowa\u0107 i podnosi\u0107 si\u0119 z ma\u0142ych pas\u00f3w startowych i lokalnych lotnisk, co pozwala na odwiedzanie trudno dost\u0119pnych miejsc i lotnisk z kr\u00f3tszymi pasami startowymi.<\/p>\r\n\r\n\r\n\r\n<h4 class=\"wp-block-heading\"><span class=\"ez-toc-section\" id=\"Our_Recommendation_Embraer_Phenom_300\"><\/span>Nasza rekomendacja: Embraer Phenom 300<span class=\"ez-toc-section-end\"><\/span><\/h4>\r\n\r\n\r\n\r\n<p>Phenom 300 mo\u017ce pomie\u015bci\u0107 do 8 podr\u00f3\u017cnych, a w przestronnej kabinie jest du\u017co miejsca na baga\u017c. Jest w niej wystarczaj\u0105co du\u017co miejsca na sprz\u0119t golfowy, torby i inne przedmioty, kt\u00f3re mog\u0105 by\u0107 potrzebne podczas podr\u00f3\u017cy. Wn\u0119trze oferuje wygodn\u0105 przestrze\u0144 na nogi i zawiera wysokiej klasy meble, takie jak sk\u00f3rzane le\u017canki, drewniane stoliki i pluszowe wyk\u0142adziny, w tym toalet\u0119. Opr\u00f3cz bezp\u0142atnych przek\u0105sek i wina, na \u017cyczenie pasa\u017cerowie mog\u0105 zam\u00f3wi\u0107 catering podczas lotu.&nbsp;<\/p>\r\n\r\n\r\n\r\n<p>W latach 2013-2015 Phenom 300 by\u0142 najpopularniejszym odrzutowcem biznesowym. Zasi\u0119g tego samolotu bije na g\u0142ow\u0119 wi\u0119kszo\u015b\u0107 innych lekkich odrzutowc\u00f3w, oferuj\u0105c Ci osi\u0105gi \u015bredniej wielko\u015bci odrzutowca przy ni\u017cszych kosztach.&nbsp;<\/p>\r\n\r\n\r\n\r\n<p>Specyfikacja i wyposa\u017cenie Phenom 300:<\/p>\r\n\r\n\r\n\r\n<ul class=\"wp-block-list\"><li>Pasa\u017cerowie: 8;<\/li><li>Wysoko\u015b\u0107 kabiny: 4 ft 11 in;<\/li><li>Szeroko\u015b\u0107 kabiny: 5 ft 1 in;<\/li><li>D\u0142ugo\u015b\u0107 kabiny: 17 ft 2 in;<\/li><li>Wysoko\u015b\u0107 zewn\u0119trzna: 16 ft 5 in;<\/li><li>Baga\u017c zewn\u0119trzny: 66 cu ft;<\/li><li>Baga\u017c wewn\u0119trzny: 19 cu ft;<\/li><li>Pr\u0119dko\u015b\u0107 maksymalna: 453 kts;<\/li><li>Maksymalny zakres: 2077 nm;<\/li><li>Pr\u0119dko\u015b\u0107 wznoszenia: 3335 fpm;<\/li><li>Za\u0142oga: 2;<\/li><li>Internet bezprzewodowy;<\/li><li>Ubikacja;<\/li><li>Gniazdka elektryczne i telefon satelitarny.<\/li><\/ul>\r\n\r\n\r\n\r\n<p><em>Phenom 300<\/em> Samoloty czarterowe stacjonuj\u0105 w Baltimore\/DC, Chicago, Austin, Atlancie i Scottsdale, co pozwala na loty ze \u015brodkowego Atlantyku, p\u00f3\u0142nocnego wschodu i \u015brodkowych Stan\u00f3w Zjednoczonych.&nbsp;<\/p>\r\n\r\n\r\n\r\n<h3 class=\"wp-block-heading\"><span class=\"ez-toc-section\" id=\"2_Helicopters\"><\/span>2. Helikoptery<span class=\"ez-toc-section-end\"><\/span><\/h3>\r\n\r\n\r\n\r\n<p>Czartery \u015bmig\u0142owc\u00f3w pozwalaj\u0105 na start i l\u0105dowanie w dowolnym, \u015bci\u015ble okre\u015blonym miejscu, w tym na l\u0105dowiskach dla helikopter\u00f3w, w o\u015brodkach wypoczynkowych, a nawet w prywatnych domach. W nag\u0142ych wypadkach mog\u0105 wyl\u0105dowa\u0107 niemal wsz\u0119dzie i stwarzaj\u0105 mniej zagro\u017ce\u0144 dla pasa\u017cer\u00f3w. Jednak \u0142atwiej ulegaj\u0105 wp\u0142ywowi warunk\u00f3w atmosferycznych, a Tw\u00f3j lot mo\u017ce zosta\u0107 odwo\u0142any, je\u015bli okoliczno\u015bci pogodowe nie s\u0105 idealne.&nbsp;<\/p>\r\n\r\n\r\n\r\n<p>GrandView Aviation oferuje \u015bmig\u0142owce VIP z systemami rozrywki pok\u0142adowej i miejscem dla maksymalnie 12 pasa\u017cer\u00f3w. Wszystkie czartery \u015bmig\u0142owc\u00f3w s\u0105 obs\u0142ugiwane przez dw\u00f3ch wykwalifikowanych pilot\u00f3w dla zapewnienia klientom optymalnego bezpiecze\u0144stwa.<\/p>\r\n\r\n\r\n\r\n<h4 class=\"wp-block-heading\"><span class=\"ez-toc-section\" id=\"Our_Recommendation_Bell_407GXI\"><\/span>Nasza rekomendacja: Bell 407GXI<span class=\"ez-toc-section-end\"><\/span><\/h4>\r\n\r\n\r\n\r\n<p>Bell 407GXI to jednosilnikowy \u015bmig\u0142owiec wielozadaniowy z czterema \u0142opatami, kt\u00f3ry po raz pierwszy zosta\u0142 wprowadzony na rynek w 1995 roku. Materia\u0142 kompozytowy u\u017cyty do wykonania \u0142opat i piasty zwi\u0119ksza wydajno\u015b\u0107 i zapewnia bardziej komfortowy lot. \u015amig\u0142owiec jest cz\u0119sto wykorzystywany w egzekwowaniu prawa, zbieraniu wiadomo\u015bci elektronicznych, tworzeniu film\u00f3w, a tak\u017ce w handlu i \u017cegludze morskiej. Kabina mo\u017ce by\u0107 skonfigurowana tak, aby pomie\u015bci\u0107 r\u00f3\u017cne zadania i \u0142adunki, w tym miejsca dla pasa\u017cer\u00f3w klubowych dla maksymalnie sze\u015bciu os\u00f3b.&nbsp;<\/p>\r\n\r\n\r\n\r\n<p>Specyfikacja:<\/p>\r\n\r\n\r\n\r\n<ul class=\"wp-block-list\"><li>Pasa\u017cerowie: 5;<\/li><li>Wysoko\u015b\u0107 zewn\u0119trzna: 11 ft 8 in;<\/li><li>Baga\u017c zewn\u0119trzny: 20 cu ft;<\/li><li>D\u0142ugo\u015b\u0107: 41 ft 8 in;<\/li><li>Baga\u017c wewn\u0119trzny: 3 cu ft;<\/li><li>Pr\u0119dko\u015b\u0107 maksymalna: 140 kts;<\/li><li>Fotele s\u0105 pluszowe i przepastne;<\/li><li>Sk\u00f3rzana tapicerka.<\/li><\/ul>\r\n\r\n\r\n\r\n<p>Opr\u00f3cz polecanego przez nas helikoptera <em>Bell 407<\/em>, GrandView Aviation oferuje jeszcze jeden w swoim katalogu - t<em>on Sikorsky S-76D<\/em>.<\/p>\r\n\r\n\r\n\r\n<h2 class=\"wp-block-heading\"><span class=\"ez-toc-section\" id=\"Company_Safety_Policy_and_Standards\"><\/span>Polityka i normy bezpiecze\u0144stwa firmy<span class=\"ez-toc-section-end\"><\/span><\/h2>\r\n\r\n\r\n\r\n<p><a href=\"https:\/\/nbaa.org\/flight-department-administration\/sms\/is-bao\/\" target=\"_blank\" rel=\"noopener\">Mi\u0119dzynarodowy standard dla operacji samolot\u00f3w biznesowych<\/a> (IS-BAO) zosta\u0142 stworzony, aby pom\u00f3c dzia\u0142om lotniczym na ca\u0142ym \u015bwiecie w osi\u0105gni\u0119ciu wysokich standard\u00f3w bezpiecze\u0144stwa i profesjonalizmu. Jako klient GrandView Aviation mo\u017cesz by\u0107 pewien, \u017ce akceptowalny <a href=\"https:\/\/www.faa.gov\/about\/initiatives\/sms\" target=\"_blank\" rel=\"noopener\">System zarz\u0105dzania bezpiecze\u0144stwem<\/a> (SMS) zosta\u0142 wdro\u017cony dla wszystkich lot\u00f3w czarterowych \u015bmig\u0142owc\u00f3w, dzi\u0119ki temu ratingowi bezpiecze\u0144stwa.<\/p>\r\n\r\n\r\n\r\n<p>Ponadto, <a href=\"https:\/\/nbaa.org\/\" target=\"_blank\" rel=\"noopener\">Krajowe Stowarzyszenie Lotnictwa Biznesowego<\/a> uhonorowa\u0142 GrandView Aviation 10-letnim certyfikatem bezpiecze\u0144stwa bez wypadk\u00f3w i incydent\u00f3w, a piloci firmy s\u0105 <a href=\"https:\/\/www.wyvernltd.com\/\" target=\"_blank\" rel=\"noopener\">Wyvern Wingman<\/a> bezpieczny i <a href=\"https:\/\/www.argus.aero\/\" target=\"_blank\" rel=\"noopener\">ARGUS<\/a> Operatorzy ze z\u0142otym znakiem.<\/p>\r\n\r\n\r\n\r\n<p>GrandView posiada ubezpieczenie od odpowiedzialno\u015bci cywilnej na kwot\u0119 $150 mln, a wszystkie loty obs\u0142ugiwane s\u0105 przez dw\u00f3ch pilot\u00f3w.<\/p>\r\n\r\n\r\n\r\n<h2 class=\"wp-block-heading\"><span class=\"ez-toc-section\" id=\"The_Staff\"><\/span>Personel<span class=\"ez-toc-section-end\"><\/span><\/h2>\r\n\r\n\r\n\r\n<figure class=\"wp-block-image size-full is-style-default\"><img loading=\"lazy\" decoding=\"async\" width=\"1000\" height=\"667\" src=\"https:\/\/comparemyjet.com\/wp-content\/uploads\/2022\/07\/two.private.jet_.pilots.jpg\" alt=\"GrandView Aviation\" class=\"wp-image-3137\" srcset=\"https:\/\/comparemyjet.com\/wp-content\/uploads\/2022\/07\/two.private.jet_.pilots-18x12.jpg 18w, https:\/\/comparemyjet.com\/wp-content\/uploads\/2022\/07\/two.private.jet_.pilots-300x200.jpg 300w, https:\/\/comparemyjet.com\/wp-content\/uploads\/2022\/07\/two.private.jet_.pilots-768x512.jpg 768w, https:\/\/comparemyjet.com\/wp-content\/uploads\/2022\/07\/two.private.jet_.pilots.jpg 1000w\" sizes=\"auto, (max-width: 1000px) 100vw, 1000px\" \/><\/figure>\r\n\r\n\r\n\r\n<p>GrandView rozwin\u0119\u0142o si\u0119 z firmy licz\u0105cej 65 os\u00f3b do ponad 120 pracownik\u00f3w, w\u015br\u00f3d kt\u00f3rych s\u0105 piloci, dyspozytorzy lotniczy i technicy. W 2022 roku firma wygenerowa\u0142a ponad $50 milion\u00f3w w sprzeda\u017cy i znalaz\u0142a si\u0119 na li\u015bcie <a href=\"https:\/\/thedailyrecord.com\/2022\/01\/21\/grandview-aviation-moves-to-new-hq-in-middle-river\/\" target=\"_blank\" rel=\"noopener\">Lista Inc 5000 najszybciej rozwijaj\u0105cych si\u0119 firm w Ameryce<\/a>. Firma ma najwi\u0119ksz\u0105 liczb\u0119 pracownik\u00f3w prywatnego lotnictwa w Maryland.&nbsp;<\/p>\r\n\r\n\r\n\r\n<h2 class=\"wp-block-heading\"><span class=\"ez-toc-section\" id=\"Conclusion\"><\/span>Wniosek<span class=\"ez-toc-section-end\"><\/span><\/h2>\r\n\r\n\r\n\r\n<p>GrandView jest znan\u0105 p\u00f3\u0142nocnoameryka\u0144sk\u0105 firm\u0105 lotnicz\u0105 zajmuj\u0105c\u0105 si\u0119 prywatnym czarterem i transportem organ\u00f3w do przeszczep\u00f3w, zatrudniaj\u0105c\u0105 130 pracownik\u00f3w i dysponuj\u0105c\u0105 flot\u0105 Phenom 300 z siedzib\u0105 w Baltimore, Maryland.&nbsp;<\/p>\r\n\r\n\r\n\r\n<p>Mo\u017cesz do\u0142\u0105czy\u0107 do program\u00f3w Altitude Plus i Altitude Miles, aby sta\u0107 si\u0119 cz\u0142onkiem i skorzysta\u0107 z niekt\u00f3rych oferowanych udogodnie\u0144. Posiadaj\u0105c kart\u0119 odrzutowca, gromadzisz mile podczas lotu, a mile premiowe mo\u017cesz wykorzysta\u0107 na kredyty lotnicze, catering i inne us\u0142ugi. Cz\u0142onkowie Altitude Plus otrzymuj\u0105 r\u00f3wnie\u017c zni\u017cki na loty. Ponadto oferuj\u0105 one elastyczn\u0105 polityk\u0119 anulowania, dzi\u0119ki czemu mo\u017cesz tworzy\u0107 elastyczne plany bez obaw.&nbsp;<\/p>","protected":false},"excerpt":{"rendered":"<p>GrandView Aviation jest prywatn\u0105 firm\u0105 czarterow\u0105 z siedzib\u0105 w Baltimore, kt\u00f3ra dzia\u0142a na terenie Stan\u00f3w Zjednoczonych. Mo\u017cesz lata\u0107 po ca\u0142ym kraju ich odrzutowcami Phenom 300 oraz wynajmowa\u0107 ich helikoptery Sikorsky S-76D i Bell 407GXI w Baltimore i Waszyngtonie. Poniewa\u017c firma posiada certyfikat Wyvern Wingman, ich piloci stosuj\u0105 si\u0119 do najnowszych i najlepszych ...<\/p>","protected":false},"author":2,"featured_media":3225,"parent":0,"menu_order":0,"comment_status":"closed","ping_status":"closed","template":"","meta":{"_acf_changed":false,"_genesis_hide_title":false,"_genesis_hide_breadcrumbs":false,"_genesis_hide_singular_image":false,"_genesis_hide_footer_widgets":false,"_genesis_custom_body_class":"","_genesis_custom_post_class":"","_genesis_layout":"","footnotes":""},"class_list":{"1":"page","2":"type-page","6":"entry"},"acf":[],"_links":{"self":[{"href":"https:\/\/comparemyjet.com\/pl\/wp-json\/wp\/v2\/pages\/3223","targetHints":{"allow":["GET"]}}],"collection":[{"href":"https:\/\/comparemyjet.com\/pl\/wp-json\/wp\/v2\/pages"}],"about":[{"href":"https:\/\/comparemyjet.com\/pl\/wp-json\/wp\/v2\/types\/page"}],"author":[{"embeddable":true,"href":"https:\/\/comparemyjet.com\/pl\/wp-json\/wp\/v2\/users\/2"}],"replies":[{"embeddable":true,"href":"https:\/\/comparemyjet.com\/pl\/wp-json\/wp\/v2\/comments?post=3223"}],"version-history":[{"count":2,"href":"https:\/\/comparemyjet.com\/pl\/wp-json\/wp\/v2\/pages\/3223\/revisions"}],"predecessor-version":[{"id":3460,"href":"https:\/\/comparemyjet.com\/pl\/wp-json\/wp\/v2\/pages\/3223\/revisions\/3460"}],"wp:featuredmedia":[{"embeddable":true,"href":"https:\/\/comparemyjet.com\/pl\/wp-json\/wp\/v2\/media\/3225"}],"wp:attachment":[{"href":"https:\/\/comparemyjet.com\/pl\/wp-json\/wp\/v2\/media?parent=3223"}],"curies":[{"name":"wp","href":"https:\/\/api.w.org\/{rel}","templated":true}]}}