{"id":3482,"date":"2022-10-03T23:23:31","date_gmt":"2022-10-03T23:23:31","guid":{"rendered":"https:\/\/comparemyjet.com\/?page_id=3482"},"modified":"2025-09-04T10:00:52","modified_gmt":"2025-09-04T10:00:52","slug":"starflight-aviation","status":"publish","type":"page","link":"https:\/\/comparemyjet.com\/pl\/starflight-aviation\/","title":{"rendered":"Ceny lot\u00f3w Starflight Aviation"},"content":{"rendered":"<p>Starflite Aviation jest prywatn\u0105 firm\u0105 czarterow\u0105 dzia\u0142aj\u0105c\u0105 od ponad 30 lat. Ta ameryka\u0144ska firma posiada globaln\u0105 klientel\u0119 i cz\u0119sto \u015bwiadczy us\u0142ugi transportowe dla muzyk\u00f3w, artyst\u00f3w, polityk\u00f3w i innych klient\u00f3w VIP.\u00a0<\/p>\r\n\r\n\r\n\r\n<p>Zobaczmy, na czym polegaj\u0105 one bardziej szczeg\u00f3\u0142owo.\u00a0<\/p>\r\n\r\n\r\n\r\n<div id=\"ez-toc-container\" class=\"ez-toc-v2_0_76 counter-hierarchy ez-toc-counter ez-toc-grey ez-toc-container-direction\">\n<p class=\"ez-toc-title\" style=\"cursor:inherit\">Tematy<\/p>\n<label for=\"ez-toc-cssicon-toggle-item-69ef75237e025\" class=\"ez-toc-cssicon-toggle-label\"><span class=\"\"><span class=\"eztoc-hide\" style=\"display:none;\">Toggle<\/span><span class=\"ez-toc-icon-toggle-span\"><svg style=\"fill: #999;color:#999\" xmlns=\"http:\/\/www.w3.org\/2000\/svg\" class=\"list-377408\" width=\"20px\" height=\"20px\" viewbox=\"0 0 24 24\" fill=\"none\"><path d=\"M6 6H4v2h2V6zm14 0H8v2h12V6zM4 11h2v2H4v-2zm16 0H8v2h12v-2zM4 16h2v2H4v-2zm16 0H8v2h12v-2z\" fill=\"currentColor\"><\/path><\/svg><svg style=\"fill: #999;color:#999\" class=\"arrow-unsorted-368013\" xmlns=\"http:\/\/www.w3.org\/2000\/svg\" width=\"10px\" height=\"10px\" viewbox=\"0 0 24 24\" version=\"1.2\" baseprofile=\"tiny\"><path d=\"M18.2 9.3l-6.2-6.3-6.2 6.3c-.2.2-.3.4-.3.7s.1.5.3.7c.2.2.4.3.7.3h11c.3 0 .5-.1.7-.3.2-.2.3-.5.3-.7s-.1-.5-.3-.7zM5.8 14.7l6.2 6.3 6.2-6.3c.2-.2.3-.5.3-.7s-.1-.5-.3-.7c-.2-.2-.4-.3-.7-.3h-11c-.3 0-.5.1-.7.3-.2.2-.3.5-.3.7s.1.5.3.7z\"\/><\/svg><\/span><\/span><\/label><input type=\"checkbox\"  id=\"ez-toc-cssicon-toggle-item-69ef75237e025\" checked aria-label=\"Prze\u0142\u0105cznik\" \/><nav><ul class='ez-toc-list ez-toc-list-level-1' ><li class='ez-toc-page-1 ez-toc-heading-level-2'><a class=\"ez-toc-link ez-toc-heading-1\" href=\"https:\/\/comparemyjet.com\/pl\/starflight-aviation\/#About_the_Company\" >O firmie<\/a><\/li><li class='ez-toc-page-1 ez-toc-heading-level-2'><a class=\"ez-toc-link ez-toc-heading-2\" href=\"https:\/\/comparemyjet.com\/pl\/starflight-aviation\/#On-Demand_Charter\" >Karta na \u017c\u0105danie<\/a><\/li><li class='ez-toc-page-1 ez-toc-heading-level-2'><a class=\"ez-toc-link ez-toc-heading-3\" href=\"https:\/\/comparemyjet.com\/pl\/starflight-aviation\/#Company_Jet_Card_Program\" >Program firmowej karty Jet<\/a><\/li><li class='ez-toc-page-1 ez-toc-heading-level-2'><a class=\"ez-toc-link ez-toc-heading-4\" href=\"https:\/\/comparemyjet.com\/pl\/starflight-aviation\/#The_Fleet\" >Flota<\/a><\/li><li class='ez-toc-page-1 ez-toc-heading-level-2'><a class=\"ez-toc-link ez-toc-heading-5\" href=\"https:\/\/comparemyjet.com\/pl\/starflight-aviation\/#Starflight_Aviation_Carbon_Program\" >Starflight Aviation Carbon Program\u00a0<\/a><\/li><li class='ez-toc-page-1 ez-toc-heading-level-2'><a class=\"ez-toc-link ez-toc-heading-6\" href=\"https:\/\/comparemyjet.com\/pl\/starflight-aviation\/#Conclusion\" >Wniosek<\/a><\/li><\/ul><\/nav><\/div>\n<h2 class=\"wp-block-heading\"><span class=\"ez-toc-section\" id=\"About_the_Company\"><\/span>O firmie<span class=\"ez-toc-section-end\"><\/span><\/h2>\r\n\r\n\r\n\r\n<p>Starflight Aviation to prywatna linia lotnicza, kt\u00f3ra opr\u00f3cz prywatnych czarter\u00f3w \u015bwiadczy us\u0142ugi kurierskie i towarowe. Firma zosta\u0142a za\u0142o\u017cona 13 czerwca 1989 roku i ma siedzib\u0119 w Farnborough w Hampshire.<\/p>\r\n\r\n\r\n\r\n<p>Firma organizuje loty czarterowe dla kadry kierowniczej i VIP-\u00f3w, kontraktuj\u0105c odrzutowce, helikoptery i turbo\u015bmig\u0142owce od innych linii lotniczych. Starflight Aviation obs\u0142uguje klient\u00f3w na ca\u0142ym \u015bwiecie, w tym w USA, Wielkiej Brytanii i Europie. Zapewniaj\u0105 gwarancj\u0119 dost\u0119pno\u015bci 100% z 24-godzinnym wyprzedzeniem.<\/p>\r\n\r\n\r\n\r\n<h2 class=\"wp-block-heading\"><span class=\"ez-toc-section\" id=\"On-Demand_Charter\"><\/span>Karta na \u017c\u0105danie<span class=\"ez-toc-section-end\"><\/span><\/h2>\r\n\r\n\r\n\r\n<figure class=\"wp-block-image size-full is-style-default\"><img loading=\"lazy\" decoding=\"async\" width=\"1000\" height=\"667\" class=\"wp-image-3137\" src=\"https:\/\/comparemyjet.com\/wp-content\/uploads\/2022\/07\/two.private.jet_.pilots.jpg\" alt=\"Starflight Aviation\" srcset=\"https:\/\/comparemyjet.com\/wp-content\/uploads\/2022\/07\/two.private.jet_.pilots-18x12.jpg 18w, https:\/\/comparemyjet.com\/wp-content\/uploads\/2022\/07\/two.private.jet_.pilots-300x200.jpg 300w, https:\/\/comparemyjet.com\/wp-content\/uploads\/2022\/07\/two.private.jet_.pilots-768x512.jpg 768w, https:\/\/comparemyjet.com\/wp-content\/uploads\/2022\/07\/two.private.jet_.pilots.jpg 1000w\" sizes=\"auto, (max-width: 1000px) 100vw, 1000px\" \/><\/figure>\r\n\r\n\r\n\r\n<p>Starflight Aviation jest jednym z najbardziej renomowanych broker\u00f3w czarterowych, dzia\u0142aj\u0105cym od 30 lat. Niezale\u017cnie od tego, czy wybierasz si\u0119 na szybk\u0105 wycieczk\u0119 helikopterem, czy na d\u0142ugi lot luksusowym samolotem, otrzymasz tylko najlepsz\u0105 obs\u0142ug\u0119, najbardziej stylowe wn\u0119trza i mn\u00f3stwo udogodnie\u0144.\u00a0<\/p>\r\n\r\n\r\n\r\n<p>Firma zorganizowa\u0142a i przeprowadzi\u0142a mi\u0119dzynarodowe trasy koncertowe dla niekt\u00f3rych z najbardziej znanych artyst\u00f3w i grup w historii, od jednoosobowych zespo\u0142\u00f3w po ca\u0142e orkiestry symfoniczne. Ich zaanga\u017cowanie w \u015bwiadczenie doskona\u0142ych us\u0142ug i niezachwiana dba\u0142o\u015b\u0107 o szczeg\u00f3\u0142y wyr\u00f3\u017cnia ich na tle konkurencji.<\/p>\r\n\r\n\r\n\r\n<p>Personel Starflight Aviation przed zorganizowaniem lotu dok\u0142adnie analizuje Twoje wymagania dotycz\u0105ce podr\u00f3\u017cy, w tym ograniczenia dietetyczne i nawyki zwi\u0105zane z czytaniem gazet.\u00a0<\/p>\r\n\r\n\r\n\r\n<h2 class=\"wp-block-heading\"><span class=\"ez-toc-section\" id=\"Company_Jet_Card_Program\"><\/span>Program firmowej karty Jet<span class=\"ez-toc-section-end\"><\/span><\/h2>\r\n\r\n\r\n\r\n<p>Klienci, kt\u00f3rym zale\u017cy na po\u0142\u0105czeniu pewnej dost\u0119pno\u015bci, w pe\u0142ni konfigurowalnych warunk\u00f3w i cen all-inclusive, znajd\u0105 to, czego szukaj\u0105 w Starflight Aviations. <a href=\"https:\/\/flystarflight.com\/#jetcard\" target=\"_blank\" rel=\"noopener\">Rozwi\u0105zanie dla kart Jet<\/a>.\u00a0<\/p>\r\n\r\n\r\n\r\n<p>Starflight stworzy\u0142 jedn\u0105 z najbardziej otwartych i wygodnych kart Jet Card, eliminuj\u0105c koszty po locie i ograniczenia umowne widoczne w ofertach wielu rywali. Program jest jedn\u0105 z najlepszych opcji przedp\u0142aconych na rynku. Nie ma limit\u00f3w czasowych na wykorzystanie mil, a ponadto mo\u017cna zaoszcz\u0119dzi\u0107 na podr\u00f3\u017cy w obie strony i otrzyma\u0107 gwarancj\u0119 zwrotu pieni\u0119dzy.<\/p>\r\n\r\n\r\n\r\n<p>O zaanga\u017cowaniu w ich cel \u015bwiadczy zwyczajowe w\u0142\u0105czenie do nich <a href=\"https:\/\/flystarflight.com\/#carbon-programme\" target=\"_blank\" rel=\"noopener\">Program Cool Earth Planet Positive<\/a>.<\/p>\r\n\r\n\r\n\r\n<h2 class=\"wp-block-heading\"><span class=\"ez-toc-section\" id=\"The_Fleet\"><\/span>Flota<span class=\"ez-toc-section-end\"><\/span><\/h2>\r\n\r\n\r\n\r\n<p>Starflight Aviation Limited jest brokerem us\u0142ug czarteru lotniczego, co oznacza, \u017ce nie posiada w\u0142asnej floty odrzutowc\u00f3w. Firma wsp\u00f3\u0142pracuje z du\u017c\u0105 sieci\u0105 bezpo\u015brednich przewo\u017anik\u00f3w lotniczych oraz bezpo\u015brednich mi\u0119dzynarodowych przewo\u017anik\u00f3w lotniczych, aby znale\u017a\u0107 dla Ciebie najlepszy odrzutowiec na Twoj\u0105 podr\u00f3\u017c.<\/p>\r\n\r\n\r\n\r\n<p>Starflight zawsze stara si\u0119 \u015bwiadczy\u0107 us\u0142ugi na najwy\u017cszym poziomie, niezale\u017cnie od tego, czy jego pasa\u017cerowie wybieraj\u0105 si\u0119 na szybk\u0105 przeja\u017cd\u017ck\u0119 helikopterem, czy na d\u0142ugi lot luksusowym samolotem, dlatego te\u017c wszystkie linie lotnicze b\u0119d\u0105ce stron\u0105 trzeci\u0105 posiadaj\u0105 odpowiednie, wymagane prawem licencje.<\/p>\r\n\r\n\r\n\r\n<h2 class=\"wp-block-heading\"><span class=\"ez-toc-section\" id=\"Starflight_Aviation_Carbon_Program\"><\/span>Starflight Aviation Carbon Program\u00a0<span class=\"ez-toc-section-end\"><\/span><\/h2>\r\n\r\n\r\n\r\n<figure class=\"wp-block-image size-full is-style-default\"><img loading=\"lazy\" decoding=\"async\" width=\"1000\" height=\"644\" class=\"wp-image-2974\" src=\"https:\/\/comparemyjet.com\/wp-content\/uploads\/2022\/06\/plane.in_.the_.sky_.against.polution.jpg\" alt=\"\" srcset=\"https:\/\/comparemyjet.com\/wp-content\/uploads\/2022\/06\/plane.in_.the_.sky_.against.polution-18x12.jpg 18w, https:\/\/comparemyjet.com\/wp-content\/uploads\/2022\/06\/plane.in_.the_.sky_.against.polution-300x193.jpg 300w, https:\/\/comparemyjet.com\/wp-content\/uploads\/2022\/06\/plane.in_.the_.sky_.against.polution-768x495.jpg 768w, https:\/\/comparemyjet.com\/wp-content\/uploads\/2022\/06\/plane.in_.the_.sky_.against.polution.jpg 1000w\" sizes=\"auto, (max-width: 1000px) 100vw, 1000px\" \/><\/figure>\r\n\r\n\r\n\r\n<p>Starlight Aviation wsp\u00f3\u0142pracuje z aktywistami ekologicznymi i organizacjami charytatywnymi na ca\u0142ym \u015bwiecie, aby zniwelowa\u0107 skutki emisji dwutlenku w\u0119gla.\u00a0<\/p>\r\n\r\n\r\n\r\n<p>Podczas gdy inne prywatne firmy czarterowe skupiaj\u0105 si\u0119 na r\u00f3wnowa\u017ceniu swojego \u015bladu w\u0119glowego, Starflight Aviation idzie o krok dalej, rozszerzaj\u0105c swoje wysi\u0142ki na zapobieganie wylesianiu, pomagaj\u0105c miejscowym i daj\u0105c klientom dodatkowe sposoby kontrolowania wp\u0142ywu ich podr\u00f3\u017cy na \u015brodowisko.\u00a0<\/p>\r\n\r\n\r\n\r\n<p>Aby wspom\u00f3c walk\u0119 z wylesianiem i pom\u00f3c rdzennym spo\u0142eczno\u015bciom, takim jak Ash\u00e1ninka z peruwia\u0144skiej Amazonii, Starflight Aviation po\u0142\u0105czy\u0142 si\u0142y z innowacyjn\u0105 organizacj\u0105 charytatywn\u0105 <a href=\"https:\/\/www.coolearth.org\/\" target=\"_blank\" rel=\"noopener\">Cool Earth<\/a> w 2009 r. Cool Earth oraz. <a href=\"https:\/\/www.survivalinternational.org\/galleries\/ashaninka\" target=\"_blank\" rel=\"noopener\">Ash\u00e1ninka<\/a> uda\u0142o si\u0119 wsp\u00f3lnie zachowa\u0107 prawie 10 000 akr\u00f3w las\u00f3w deszczowych w peruwia\u0144skiej Amazonii, poniewa\u017c lasy deszczowe odgrywaj\u0105 kluczow\u0105 rol\u0119 w \u0142agodzeniu skutk\u00f3w kryzysu klimatycznego.\u00a0<\/p>\r\n\r\n\r\n\r\n<p>Starflight Aviation zadebiutowa\u0142 swoim nowym programem Planet Positive w 2021 roku we wsp\u00f3\u0142pracy z Cool Earth. Program ma na celu stworzenie zr\u00f3wnowa\u017conych zasob\u00f3w dochodowych w Afryce, aby poprawi\u0107 warunki \u017cycia ludzi i pom\u00f3c w zachowaniu las\u00f3w tego regionu.\u00a0<\/p>\r\n\r\n\r\n\r\n<p>Firma planuje r\u00f3wnie\u017c wdro\u017cenie programu Climate Neutral, w kt\u00f3rym klienci mog\u0105 zr\u00f3wnowa\u017cy\u0107 ca\u0142\u0105 emisj\u0119 dwutlenku w\u0119gla ka\u017cdego lotu poprzez wsp\u00f3\u0142prac\u0119 z organizacj\u0105 non-profit MyClimate.<\/p>\r\n\r\n\r\n\r\n<h2 class=\"wp-block-heading\"><span class=\"ez-toc-section\" id=\"Conclusion\"><\/span>Wniosek<span class=\"ez-toc-section-end\"><\/span><\/h2>\r\n\r\n\r\n\r\n<p>Firma Starflight Aviation zosta\u0142a za\u0142o\u017cona w 1989 roku jako broker czarterowy obs\u0142uguj\u0105cy potrzeby celebryt\u00f3w, polityk\u00f3w, muzyk\u00f3w i innych os\u00f3b publicznych. Dba\u0142o\u015b\u0107 pracownik\u00f3w o szczeg\u00f3\u0142y sprawia, \u017ce jest to jeden z najlepszych broker\u00f3w czarterowych na ca\u0142ym \u015bwiecie.<\/p>\r\n\r\n\r\n\r\n<p>Cz\u0119\u015b\u0107 zysk\u00f3w z programu Jet Card firmy przeznacza si\u0119 na program Carbon Responsible, kt\u00f3ry wdra\u017caj\u0105 w celu ochrony las\u00f3w deszczowych w peruwia\u0144skiej Amazonii. Program ten dzia\u0142a od 2009 roku i pom\u00f3g\u0142 zachowa\u0107 bezpiecze\u0144stwo 8 500 akr\u00f3w lasu.<\/p>","protected":false},"excerpt":{"rendered":"<p>Starflite Aviation jest prywatn\u0105 firm\u0105 czarterow\u0105 dzia\u0142aj\u0105c\u0105 od ponad 30 lat. Ta firma z siedzib\u0105 w USA ma globaln\u0105 klientel\u0119 i cz\u0119sto \u015bwiadczy us\u0142ugi transportowe dla muzyk\u00f3w, artyst\u00f3w, polityk\u00f3w i innych klient\u00f3w VIP.  Zobaczmy wi\u0119c, czym si\u0119 charakteryzuj\u0105 w szczeg\u00f3\u0142ach.  O firmie Starflight Aviation jest prywatn\u0105 firm\u0105 ...<\/p>","protected":false},"author":2,"featured_media":3483,"parent":0,"menu_order":0,"comment_status":"closed","ping_status":"closed","template":"","meta":{"_acf_changed":false,"_genesis_hide_title":false,"_genesis_hide_breadcrumbs":false,"_genesis_hide_singular_image":false,"_genesis_hide_footer_widgets":false,"_genesis_custom_body_class":"","_genesis_custom_post_class":"","_genesis_layout":"","footnotes":""},"class_list":{"1":"page","2":"type-page","6":"entry"},"acf":[],"_links":{"self":[{"href":"https:\/\/comparemyjet.com\/pl\/wp-json\/wp\/v2\/pages\/3482","targetHints":{"allow":["GET"]}}],"collection":[{"href":"https:\/\/comparemyjet.com\/pl\/wp-json\/wp\/v2\/pages"}],"about":[{"href":"https:\/\/comparemyjet.com\/pl\/wp-json\/wp\/v2\/types\/page"}],"author":[{"embeddable":true,"href":"https:\/\/comparemyjet.com\/pl\/wp-json\/wp\/v2\/users\/2"}],"replies":[{"embeddable":true,"href":"https:\/\/comparemyjet.com\/pl\/wp-json\/wp\/v2\/comments?post=3482"}],"version-history":[{"count":6,"href":"https:\/\/comparemyjet.com\/pl\/wp-json\/wp\/v2\/pages\/3482\/revisions"}],"predecessor-version":[{"id":3513,"href":"https:\/\/comparemyjet.com\/pl\/wp-json\/wp\/v2\/pages\/3482\/revisions\/3513"}],"wp:featuredmedia":[{"embeddable":true,"href":"https:\/\/comparemyjet.com\/pl\/wp-json\/wp\/v2\/media\/3483"}],"wp:attachment":[{"href":"https:\/\/comparemyjet.com\/pl\/wp-json\/wp\/v2\/media?parent=3482"}],"curies":[{"name":"wp","href":"https:\/\/api.w.org\/{rel}","templated":true}]}}