{"id":3507,"date":"2022-10-07T01:01:16","date_gmt":"2022-10-07T01:01:16","guid":{"rendered":"https:\/\/comparemyjet.com\/?page_id=3507"},"modified":"2025-09-04T10:00:52","modified_gmt":"2025-09-04T10:00:52","slug":"straightline-private-air","status":"publish","type":"page","link":"https:\/\/comparemyjet.com\/pl\/straightline-private-air\/","title":{"rendered":"Ceny lot\u00f3w prywatnych StraightLine"},"content":{"rendered":"<p>StraightLine Private Air to firma po\u015brednicz\u0105ca w czarterze, kt\u00f3ra pomaga klientom znale\u017a\u0107 najbardziej odpowiedni prywatny odrzutowiec na ich podr\u00f3\u017c. Firma wsp\u00f3\u0142pracuje z w\u0142a\u015bcicielami prywatnych odrzutowc\u00f3w i zewn\u0119trznymi operatorami w ca\u0142ych Stanach Zjednoczonych, co pozwala jej na stosowanie dynamicznej strategii cenowej, aby pom\u00f3c klientom cieszy\u0107 si\u0119 luksusow\u0105 podr\u00f3\u017c\u0105 w przyst\u0119pnej cenie.&nbsp;<\/p>\r\n\r\n\r\n\r\n<p>Zobaczmy, na czym polegaj\u0105.<\/p>\r\n\r\n\r\n\r\n<div id=\"ez-toc-container\" class=\"ez-toc-v2_0_76 counter-hierarchy ez-toc-counter ez-toc-grey ez-toc-container-direction\">\n<p class=\"ez-toc-title\" style=\"cursor:inherit\">Tematy<\/p>\n<label for=\"ez-toc-cssicon-toggle-item-69e9d25aaddd2\" class=\"ez-toc-cssicon-toggle-label\"><span class=\"\"><span class=\"eztoc-hide\" style=\"display:none;\">Toggle<\/span><span class=\"ez-toc-icon-toggle-span\"><svg style=\"fill: #999;color:#999\" xmlns=\"http:\/\/www.w3.org\/2000\/svg\" class=\"list-377408\" width=\"20px\" height=\"20px\" viewbox=\"0 0 24 24\" fill=\"none\"><path d=\"M6 6H4v2h2V6zm14 0H8v2h12V6zM4 11h2v2H4v-2zm16 0H8v2h12v-2zM4 16h2v2H4v-2zm16 0H8v2h12v-2z\" fill=\"currentColor\"><\/path><\/svg><svg style=\"fill: #999;color:#999\" class=\"arrow-unsorted-368013\" xmlns=\"http:\/\/www.w3.org\/2000\/svg\" width=\"10px\" height=\"10px\" viewbox=\"0 0 24 24\" version=\"1.2\" baseprofile=\"tiny\"><path d=\"M18.2 9.3l-6.2-6.3-6.2 6.3c-.2.2-.3.4-.3.7s.1.5.3.7c.2.2.4.3.7.3h11c.3 0 .5-.1.7-.3.2-.2.3-.5.3-.7s-.1-.5-.3-.7zM5.8 14.7l6.2 6.3 6.2-6.3c.2-.2.3-.5.3-.7s-.1-.5-.3-.7c-.2-.2-.4-.3-.7-.3h-11c-.3 0-.5.1-.7.3-.2.2-.3.5-.3.7s.1.5.3.7z\"\/><\/svg><\/span><\/span><\/label><input type=\"checkbox\"  id=\"ez-toc-cssicon-toggle-item-69e9d25aaddd2\" checked aria-label=\"Prze\u0142\u0105cznik\" \/><nav><ul class='ez-toc-list ez-toc-list-level-1' ><li class='ez-toc-page-1 ez-toc-heading-level-2'><a class=\"ez-toc-link ez-toc-heading-1\" href=\"https:\/\/comparemyjet.com\/pl\/straightline-private-air\/#About_the_Company\" >O firmie<\/a><\/li><li class='ez-toc-page-1 ez-toc-heading-level-2'><a class=\"ez-toc-link ez-toc-heading-2\" href=\"https:\/\/comparemyjet.com\/pl\/straightline-private-air\/#Membership_Programs\" >Programy cz\u0142onkowskie<\/a><\/li><li class='ez-toc-page-1 ez-toc-heading-level-2'><a class=\"ez-toc-link ez-toc-heading-3\" href=\"https:\/\/comparemyjet.com\/pl\/straightline-private-air\/#Company_Jet_Card_Programs\" >Programy firmowych kart Jet<\/a><ul class='ez-toc-list-level-3' ><li class='ez-toc-heading-level-3'><a class=\"ez-toc-link ez-toc-heading-4\" href=\"https:\/\/comparemyjet.com\/pl\/straightline-private-air\/#1_StraightLines_Silver_Jet_Card\" >1. Karta StraightLine's Silver Jet<\/a><\/li><li class='ez-toc-page-1 ez-toc-heading-level-3'><a class=\"ez-toc-link ez-toc-heading-5\" href=\"https:\/\/comparemyjet.com\/pl\/straightline-private-air\/#2_StraightLines_Platinum_Card\" >2. Karta Platinum firmy StraightLine<\/a><\/li><li class='ez-toc-page-1 ez-toc-heading-level-3'><a class=\"ez-toc-link ez-toc-heading-6\" href=\"https:\/\/comparemyjet.com\/pl\/straightline-private-air\/#3_StraightLines_Black_Card\" >3. StraightLine's Black Card<\/a><\/li><\/ul><\/li><li class='ez-toc-page-1 ez-toc-heading-level-2'><a class=\"ez-toc-link ez-toc-heading-7\" href=\"https:\/\/comparemyjet.com\/pl\/straightline-private-air\/#The_Fleet\" >Flota&nbsp;<\/a><ul class='ez-toc-list-level-3' ><li class='ez-toc-heading-level-3'><a class=\"ez-toc-link ez-toc-heading-8\" href=\"https:\/\/comparemyjet.com\/pl\/straightline-private-air\/#1_Piston_Propellers\" >1. \u015amig\u0142a t\u0142okowe&nbsp;<\/a><ul class='ez-toc-list-level-4' ><li class='ez-toc-heading-level-4'><a class=\"ez-toc-link ez-toc-heading-9\" href=\"https:\/\/comparemyjet.com\/pl\/straightline-private-air\/#Piston_Propellers_Specifications\" >\u015amig\u0142a t\u0142okowe Specyfikacje<\/a><\/li><\/ul><\/li><li class='ez-toc-page-1 ez-toc-heading-level-3'><a class=\"ez-toc-link ez-toc-heading-10\" href=\"https:\/\/comparemyjet.com\/pl\/straightline-private-air\/#2_Turboprops\" >2. Turbopropy<\/a><ul class='ez-toc-list-level-4' ><li class='ez-toc-heading-level-4'><a class=\"ez-toc-link ez-toc-heading-11\" href=\"https:\/\/comparemyjet.com\/pl\/straightline-private-air\/#Turboprops_Specifications\" >Specyfikacje turbo\u015bmig\u0142owc\u00f3w<\/a><\/li><\/ul><\/li><li class='ez-toc-page-1 ez-toc-heading-level-3'><a class=\"ez-toc-link ez-toc-heading-12\" href=\"https:\/\/comparemyjet.com\/pl\/straightline-private-air\/#3_Very_Light_and_Light_Private_Jets\" >3. Bardzo lekkie i lekkie prywatne odrzutowce<\/a><ul class='ez-toc-list-level-4' ><li class='ez-toc-heading-level-4'><a class=\"ez-toc-link ez-toc-heading-13\" href=\"https:\/\/comparemyjet.com\/pl\/straightline-private-air\/#Light_and_Very_Light_Jets_Specifications\" >Specyfikacje lekkich i bardzo lekkich samolot\u00f3w odrzutowych<\/a><\/li><\/ul><\/li><li class='ez-toc-page-1 ez-toc-heading-level-3'><a class=\"ez-toc-link ez-toc-heading-14\" href=\"https:\/\/comparemyjet.com\/pl\/straightline-private-air\/#4_Midsize_and_Super-Midsize_Private_Jets\" >4. Prywatne odrzutowce \u015bredniej wielko\u015bci i super \u015bredniej wielko\u015bci&nbsp;<\/a><ul class='ez-toc-list-level-4' ><li class='ez-toc-heading-level-4'><a class=\"ez-toc-link ez-toc-heading-15\" href=\"https:\/\/comparemyjet.com\/pl\/straightline-private-air\/#Midsize_and_Super-Midsize_Jets_Specifications\" >Specyfikacje odrzutowc\u00f3w \u015bredniej i du\u017cej wielko\u015bci<\/a><\/li><\/ul><\/li><li class='ez-toc-page-1 ez-toc-heading-level-3'><a class=\"ez-toc-link ez-toc-heading-16\" href=\"https:\/\/comparemyjet.com\/pl\/straightline-private-air\/#5_Large_Private_Jets\" >5. Du\u017ce prywatne odrzutowce<\/a><ul class='ez-toc-list-level-4' ><li class='ez-toc-heading-level-4'><a class=\"ez-toc-link ez-toc-heading-17\" href=\"https:\/\/comparemyjet.com\/pl\/straightline-private-air\/#Large_Jets_Specifications\" >Specyfikacja du\u017cych dysz<\/a><\/li><\/ul><\/li><\/ul><\/li><li class='ez-toc-page-1 ez-toc-heading-level-2'><a class=\"ez-toc-link ez-toc-heading-18\" href=\"https:\/\/comparemyjet.com\/pl\/straightline-private-air\/#Company_Safety_Policy_and_Standards\" >Polityka i normy bezpiecze\u0144stwa firmy<\/a><\/li><li class='ez-toc-page-1 ez-toc-heading-level-2'><a class=\"ez-toc-link ez-toc-heading-19\" href=\"https:\/\/comparemyjet.com\/pl\/straightline-private-air\/#Conclusion\" >Wniosek<\/a><\/li><\/ul><\/nav><\/div>\n<h2 class=\"wp-block-heading\"><span class=\"ez-toc-section\" id=\"About_the_Company\"><\/span>O firmie<span class=\"ez-toc-section-end\"><\/span><\/h2>\r\n\r\n\r\n\r\n<p>Nowy, innowacyjny gracz na rynku kart odrzutowych, StraightLine zosta\u0142 stworzony w 2016 roku przez Toma Filippiniego, wsp\u00f3\u0142za\u0142o\u017cyciela Exclusive Resorts.&nbsp;<\/p>\r\n\r\n\r\n\r\n<p>Firmy, kt\u00f3re zajmuj\u0105 si\u0119 ultrabogatymi s\u0105 znane z drogich rozwi\u0105za\u0144 (takich jak wysy\u0142anie koszy z owocami). Tworz\u0105 one specyficzne dla danej osoby strony docelowe, kt\u00f3re przemawiaj\u0105 bezpo\u015brednio do tej grupy docelowej poprzez zaspokojenie ich unikalnych potrzeb. StraightLine Private Air celuje w tych ludzi online w oparciu o ich zainteresowania i przekszta\u0142ca je w leady za u\u0142amek koszt\u00f3w tradycyjnej taktyki.<\/p>\r\n\r\n\r\n\r\n<p>G\u0142\u00f3wna siedziba StraightLine Private Air znajduje si\u0119 w <a href=\"https:\/\/comparemyjet.com\/pl\/prywatne-wycieczki\/denver-private-tours\/\" data-internallinksmanager029f6b8e52c=\"410\" title=\"11 najlepszych prywatnych wycieczek po Denver od $49.00\">Denver<\/a>Kolorado. Prywatna firma odrzutowa \u015bwiadczy us\u0142ugi w ca\u0142ych Stanach Zjednoczonych i stosuje dynamiczn\u0105 strategi\u0119 cenow\u0105 opart\u0105 na stale zmieniaj\u0105cych si\u0119 warunkach rynkowych.<\/p>\r\n\r\n\r\n\r\n<h2 class=\"wp-block-heading\"><span class=\"ez-toc-section\" id=\"Membership_Programs\"><\/span>Programy cz\u0142onkowskie<span class=\"ez-toc-section-end\"><\/span><\/h2>\r\n\r\n\r\n\r\n<p>Aby zosta\u0107 cz\u0142onkiem, klienci musz\u0105 ui\u015bci\u0107 op\u0142at\u0119 w wysoko\u015bci $100,000, $200,000 lub $300,000. Nie ma \u017cadnych ukrytych koszt\u00f3w ani innych op\u0142at; ca\u0142a kwota, kt\u00f3r\u0105 inwestuj\u0105 cz\u0142onkowie, idzie na ich bilety lotnicze. Cz\u0142onkowie mog\u0105 wybra\u0107 samolot do wykorzystania w ka\u017cdej podr\u00f3\u017cy i p\u0142aci\u0107 za swoje loty indywidualnie.&nbsp;<\/p>\r\n\r\n\r\n\r\n<p>StraightLine Private Air stara si\u0119 znale\u017a\u0107 najni\u017csz\u0105 cen\u0119 za ka\u017cdy lot. Zamiast p\u0142aci\u0107 sta\u0142\u0105 kwot\u0119, kt\u00f3ra mo\u017ce lub nie mo\u017ce pokry\u0107 wszystkie koszty, cz\u0142onkowie p\u0142ac\u0105 tylko za loty, kt\u00f3re bior\u0105.<\/p>\r\n\r\n\r\n\r\n<p>Ceny wycieczek zale\u017c\u0105 od r\u00f3\u017cnych czynnik\u00f3w, m.in. od stawki godzinowej samolotu, podatk\u00f3w lotniskowych, op\u0142at za prze\u0142adunek towar\u00f3w oraz wynagrodze\u0144 dla pilot\u00f3w i personelu pok\u0142adowego. Jednym z istotnych czynnik\u00f3w w ca\u0142kowitym koszcie jest koszt operacyjny samolotu za godzin\u0119 lotu. Wszystkie podatki i dop\u0142aty s\u0105 wliczone w cen\u0119 prywatnych lot\u00f3w StraightLine.<\/p>\r\n\r\n\r\n\r\n<p>StraightLine Private Air b\u0119dzie obci\u0105\u017ca\u0107 konta cz\u0142onk\u00f3w na zasadzie per-trip, a cz\u0142onkowie mog\u0105 doda\u0107 fundusze w dowolnym momencie.<\/p>\r\n\r\n\r\n\r\n<h2 class=\"wp-block-heading\"><span class=\"ez-toc-section\" id=\"Company_Jet_Card_Programs\"><\/span>Programy firmowych kart Jet<span class=\"ez-toc-section-end\"><\/span><\/h2>\r\n\r\n\r\n\r\n<p>W ofercie StraightLine Private Air znajduj\u0105 si\u0119 trzy rodzaje kart odrzutowych. Sprawd\u017amy, na czym polegaj\u0105 ich zalety.<\/p>\r\n\r\n\r\n\r\n<h3 class=\"wp-block-heading\"><span class=\"ez-toc-section\" id=\"1_StraightLines_Silver_Jet_Card\"><\/span>1. Karta StraightLine's Silver Jet<span class=\"ez-toc-section-end\"><\/span><\/h3>\r\n\r\n\r\n\r\n<p>Op\u0142ata za wst\u0119p do Silver Jet Card jest najni\u017csza z tych trzech i wynosi $100,000. Cz\u0142onkowie otrzymaj\u0105 dedykowanego ambasadora lot\u00f3w i pe\u0142ny dost\u0119p do wszystkich kategorii samolot\u00f3w. Nie ma \u017cadnych blackout dates i dop\u0142at za dzie\u0144 szczytu. Karta jest wa\u017cna przez 18 miesi\u0119cy.<\/p>\r\n\r\n\r\n\r\n<h3 class=\"wp-block-heading\"><span class=\"ez-toc-section\" id=\"2_StraightLines_Platinum_Card\"><\/span>2. Karta Platinum firmy StraightLine<span class=\"ez-toc-section-end\"><\/span><\/h3>\r\n\r\n\r\n\r\n<p>Karta Platinum kosztuje $200 000 i jest idealna dla rodzin, kt\u00f3re maj\u0105 bardziej elastyczne trasy. Cz\u0142onkowie i cz\u0142onkowie ich najbli\u017cszej rodziny otrzymuj\u0105 wszystkie korzy\u015bci wynikaj\u0105ce z posiadania srebrnej karty Jet, a jeden zast\u0119pca g\u0142\u00f3wnego pasa\u017cera mo\u017ce r\u00f3wnie\u017c korzysta\u0107 z karty Jet. Karta nie ma daty wa\u017cno\u015bci i nie podlega zwrotowi.<\/p>\r\n\r\n\r\n\r\n<h3 class=\"wp-block-heading\"><span class=\"ez-toc-section\" id=\"3_StraightLines_Black_Card\"><\/span>3. StraightLine's Black Card<span class=\"ez-toc-section-end\"><\/span><\/h3>\r\n\r\n\r\n\r\n<p>Czarna karta kosztuje $300,000 i jest najbardziej popularnym wyborem w\u015br\u00f3d klient\u00f3w. Cz\u0142onkowie otrzymuj\u0105 wszystkie korzy\u015bci z Platinum Jet Card i mog\u0105 wskaza\u0107 pi\u0119ciu zast\u0119pczych pasa\u017cer\u00f3w wiod\u0105cych, kt\u00f3rzy b\u0119d\u0105 korzysta\u0107 z karty jet. Nie ma daty wyga\u015bni\u0119cia.<\/p>\r\n\r\n\r\n\r\n<h2 class=\"wp-block-heading\"><span class=\"ez-toc-section\" id=\"The_Fleet\"><\/span>Flota&nbsp;<span class=\"ez-toc-section-end\"><\/span><\/h2>\r\n\r\n\r\n\r\n<figure class=\"wp-block-image size-full is-style-default\"><img loading=\"lazy\" decoding=\"async\" width=\"1000\" height=\"667\" src=\"https:\/\/comparemyjet.com\/wp-content\/uploads\/2022\/10\/plane.leaving.a.trace_.in_.the_.clouds-2.jpg\" alt=\"StraightLine Private Air\" class=\"wp-image-3509\" srcset=\"https:\/\/comparemyjet.com\/wp-content\/uploads\/2022\/10\/plane.leaving.a.trace_.in_.the_.clouds-2-18x12.jpg 18w, https:\/\/comparemyjet.com\/wp-content\/uploads\/2022\/10\/plane.leaving.a.trace_.in_.the_.clouds-2-300x200.jpg 300w, https:\/\/comparemyjet.com\/wp-content\/uploads\/2022\/10\/plane.leaving.a.trace_.in_.the_.clouds-2-768x512.jpg 768w, https:\/\/comparemyjet.com\/wp-content\/uploads\/2022\/10\/plane.leaving.a.trace_.in_.the_.clouds-2.jpg 1000w\" sizes=\"auto, (max-width: 1000px) 100vw, 1000px\" \/><\/figure>\r\n\r\n\r\n\r\n<p>StraightLine nie posiada w\u0142asnej floty i pozyskuje samoloty od zewn\u0119trznych operator\u00f3w prywatnych odrzutowc\u00f3w. StraightLine wsp\u00f3\u0142pracuje z w\u0142a\u015bcicielami prywatnych odrzutowc\u00f3w w ca\u0142ych Stanach Zjednoczonych i wynajmuje odrzutowce, aby zapewni\u0107 klientom wygodne i op\u0142acalne us\u0142ugi.<\/p>\r\n\r\n\r\n\r\n<h3 class=\"wp-block-heading\"><span class=\"ez-toc-section\" id=\"1_Piston_Propellers\"><\/span>1. \u015amig\u0142a t\u0142okowe&nbsp;<span class=\"ez-toc-section-end\"><\/span><\/h3>\r\n\r\n\r\n\r\n<p>Pasa\u017cerowie mog\u0105 lata\u0107 na wsp\u00f3\u0142czesnych \u015bmig\u0142ach t\u0142okowych, aby zaoszcz\u0119dzi\u0107 pieni\u0105dze bez rezygnacji z komfortu. \u015amig\u0142o t\u0142okowe jest doskona\u0142ym wyborem dla szybkich podr\u00f3\u017cy, niezale\u017cnie od tego, czy podr\u00f3\u017cujesz sam, czy z ma\u0142\u0105 grup\u0105. Samoloty t\u0142okowe mog\u0105 startowa\u0107 i l\u0105dowa\u0107 na niemal ka\u017cdym lotnisku.<\/p>\r\n\r\n\r\n\r\n<h4 class=\"wp-block-heading\"><span class=\"ez-toc-section\" id=\"Piston_Propellers_Specifications\"><\/span>\u015amig\u0142a t\u0142okowe Specyfikacje<span class=\"ez-toc-section-end\"><\/span><\/h4>\r\n\r\n\r\n\r\n<p>\u015amig\u0142a t\u0142okowe mog\u0105 pomie\u015bci\u0107 do czterech pasa\u017cer\u00f3w. Ich maksymalny zasi\u0119g lotu wynosi 500 mil, a pr\u0119dko\u015b\u0107 przelotowa 250 mph. \u015arednia cena godzinowa dla cz\u0142onk\u00f3w StraightLine Private Air waha si\u0119 od $950 do $1,950.<\/p>\r\n\r\n\r\n\r\n<h3 class=\"wp-block-heading\"><span class=\"ez-toc-section\" id=\"2_Turboprops\"><\/span>2. Turbopropy<span class=\"ez-toc-section-end\"><\/span><\/h3>\r\n\r\n\r\n\r\n<p>Pasa\u017cerowie mog\u0105 lata\u0107 na kr\u00f3tkich i \u015brednich dystansach samolotami turbo\u015bmig\u0142owymi. Te ekonomiczne samoloty s\u0105 idealne do r\u00f3\u017cnych podr\u00f3\u017cy, poniewa\u017c mog\u0105 zapewni\u0107 dost\u0119p do mniejszych lotnisk, kt\u00f3rych wi\u0119ksze samoloty nie mog\u0105 wykorzysta\u0107.<\/p>\r\n\r\n\r\n\r\n<h4 class=\"wp-block-heading\"><span class=\"ez-toc-section\" id=\"Turboprops_Specifications\"><\/span>Specyfikacje turbo\u015bmig\u0142owc\u00f3w<span class=\"ez-toc-section-end\"><\/span><\/h4>\r\n\r\n\r\n\r\n<p>Turbopropy mog\u0105 pomie\u015bci\u0107 do o\u015bmiu pasa\u017cer\u00f3w. Ich maksymalny zasi\u0119g lotu wynosi 1250 mil, a pr\u0119dko\u015b\u0107 przelotowa 350 mph. \u015arednia cena godzinowa dla cz\u0142onk\u00f3w StraightLine Private Air waha si\u0119 od $3,450 do $4,950.<\/p>\r\n\r\n\r\n\r\n<h3 class=\"wp-block-heading\"><span class=\"ez-toc-section\" id=\"3_Very_Light_and_Light_Private_Jets\"><\/span>3. Bardzo lekkie i lekkie prywatne odrzutowce<span class=\"ez-toc-section-end\"><\/span><\/h3>\r\n\r\n\r\n\r\n<p>Bardzo lekkie odrzutowce s\u0105 popularnym wyborem dla pasa\u017cer\u00f3w lataj\u0105cych na kr\u00f3tkich i \u015brednich dystansach. Lekkie odrzutowce s\u0105 cz\u0119sto wybierane do podr\u00f3\u017cy trwaj\u0105cych od trzech do czterech godzin i mog\u0105 pokona\u0107 1500 mil bez robienia przerw na tankowanie.&nbsp;<\/p>\r\n\r\n\r\n\r\n<h4 class=\"wp-block-heading\"><span class=\"ez-toc-section\" id=\"Light_and_Very_Light_Jets_Specifications\"><\/span>Specyfikacje lekkich i bardzo lekkich samolot\u00f3w odrzutowych<span class=\"ez-toc-section-end\"><\/span><\/h4>\r\n\r\n\r\n\r\n<p>Bardzo lekkie odrzutowce mog\u0105 pomie\u015bci\u0107 czterech do pi\u0119ciu pasa\u017cer\u00f3w i lataj\u0105 z maksymaln\u0105 pr\u0119dko\u015bci\u0105 przelotow\u0105 450 mph i maksymalnym zasi\u0119giem lotu 750 mil. \u015arednia cena godzinowa dla cz\u0142onk\u00f3w StraightLine Private Air waha si\u0119 od $3,950 do $5,250.<\/p>\r\n\r\n\r\n\r\n<p>Lekkie odrzutowce mog\u0105 pomie\u015bci\u0107 do o\u015bmiu pasa\u017cer\u00f3w i lataj\u0105 z maksymaln\u0105 pr\u0119dko\u015bci\u0105 przelotow\u0105 500 mph i maksymalnym zasi\u0119giem lotu 1,500 mil. \u015arednia cena godzinowa dla cz\u0142onk\u00f3w StraightLine Private Air waha si\u0119 od $4,250 do $5,950.<\/p>\r\n\r\n\r\n\r\n<h3 class=\"wp-block-heading\"><span class=\"ez-toc-section\" id=\"4_Midsize_and_Super-Midsize_Private_Jets\"><\/span>4. Prywatne odrzutowce \u015bredniej wielko\u015bci i super \u015bredniej wielko\u015bci&nbsp;<span class=\"ez-toc-section-end\"><\/span><\/h3>\r\n\r\n\r\n\r\n<p>\u015aredniej wielko\u015bci odrzutowce oferuj\u0105 wi\u0119kszy zasi\u0119g lotu i bardziej przestronn\u0105 kabin\u0119 ni\u017c lekkie odrzutowce. Samoloty te zazwyczaj posiadaj\u0105 pojemne kanapy dla wygody pasa\u017cer\u00f3w oraz rozbudowane zaplecze kuchenne i toaletowe.<\/p>\r\n\r\n\r\n\r\n<p>Super \u015brednie odrzutowce maj\u0105 wi\u0119kszy zasi\u0119g ni\u017c \u015brednie odrzutowce i bardziej przestronne kabiny. Samoloty te s\u0105 oszcz\u0119dn\u0105 i paliwooszcz\u0119dn\u0105 alternatyw\u0105 dla du\u017cych odrzutowc\u00f3w, poniewa\u017c mog\u0105 lata\u0107 na du\u017ce odleg\u0142o\u015bci.&nbsp;<\/p>\r\n\r\n\r\n\r\n<h4 class=\"wp-block-heading\"><span class=\"ez-toc-section\" id=\"Midsize_and_Super-Midsize_Jets_Specifications\"><\/span>Specyfikacje odrzutowc\u00f3w \u015bredniej i du\u017cej wielko\u015bci<span class=\"ez-toc-section-end\"><\/span><\/h4>\r\n\r\n\r\n\r\n<p>\u015aredniej wielko\u015bci odrzutowce mog\u0105 pomie\u015bci\u0107 do dziesi\u0119ciu pasa\u017cer\u00f3w i lataj\u0105 z maksymaln\u0105 pr\u0119dko\u015bci\u0105 przelotow\u0105 550 mph i maksymalnym zasi\u0119giem lotu 3,000 mil. \u015arednia cena godzinowa dla cz\u0142onk\u00f3w StraightLine Private Air waha si\u0119 od $5,950 do $7,450.<\/p>\r\n\r\n\r\n\r\n<p>Super-\u015brednie odrzutowce mog\u0105 pomie\u015bci\u0107 do 12 pasa\u017cer\u00f3w i lataj\u0105 z maksymaln\u0105 pr\u0119dko\u015bci\u0105 przelotow\u0105 600 mph i maksymalnym zasi\u0119giem lotu 4,500 mil. \u015arednia cena godzinowa dla cz\u0142onk\u00f3w StraightLine Private Air waha si\u0119 od $6,250 do $8,950.<\/p>\r\n\r\n\r\n\r\n<h3 class=\"wp-block-heading\"><span class=\"ez-toc-section\" id=\"5_Large_Private_Jets\"><\/span>5. Du\u017ce prywatne odrzutowce<span class=\"ez-toc-section-end\"><\/span><\/h3>\r\n\r\n\r\n\r\n<p>Du\u017ce prywatne samoloty, zwane ci\u0119\u017ckimi odrzutowcami, wyr\u00f3\u017cniaj\u0105 si\u0119 ogromnymi rozmiarami i wysokim komfortem. Udogodnienia w tej klasie s\u0105 praktycznie nieograniczone, a zasi\u0119g lotu pozwala na ponad 12 godzin lotu non stop.&nbsp;<\/p>\r\n\r\n\r\n\r\n<p>Samoloty\" s\u0105 wyposa\u017cone w Wi-Fi i systemy rozrywkowe, a uk\u0142ad wn\u0119trza mo\u017ce by\u0107 skonfigurowany do spotka\u0144 biznesowych lub opcji rozrywkowych.<\/p>\r\n\r\n\r\n\r\n<h4 class=\"wp-block-heading\"><span class=\"ez-toc-section\" id=\"Large_Jets_Specifications\"><\/span>Specyfikacja du\u017cych dysz<span class=\"ez-toc-section-end\"><\/span><\/h4>\r\n\r\n\r\n\r\n<p>Du\u017ce odrzutowce mog\u0105 pomie\u015bci\u0107 do 16 pasa\u017cer\u00f3w i lataj\u0105 z maksymaln\u0105 pr\u0119dko\u015bci\u0105 przelotow\u0105 650 mph i maksymalnym zasi\u0119giem lotu 6,500 mil. \u015arednia cena godzinowa dla cz\u0142onk\u00f3w StraightLine Private Air waha si\u0119 od $7,950 do $12,950.<\/p>\r\n\r\n\r\n\r\n<h2 class=\"wp-block-heading\"><span class=\"ez-toc-section\" id=\"Company_Safety_Policy_and_Standards\"><\/span>Polityka i normy bezpiecze\u0144stwa firmy<span class=\"ez-toc-section-end\"><\/span><\/h2>\r\n\r\n\r\n\r\n<figure class=\"wp-block-image size-full is-style-default\"><img loading=\"lazy\" decoding=\"async\" width=\"1000\" height=\"442\" src=\"https:\/\/comparemyjet.com\/wp-content\/uploads\/2022\/09\/little.plane_.in_.the_.hand_.of_.a.businessman.jpg\" alt=\"\" class=\"wp-image-3335\" srcset=\"https:\/\/comparemyjet.com\/wp-content\/uploads\/2022\/09\/little.plane_.in_.the_.hand_.of_.a.businessman-18x8.jpg 18w, https:\/\/comparemyjet.com\/wp-content\/uploads\/2022\/09\/little.plane_.in_.the_.hand_.of_.a.businessman-300x133.jpg 300w, https:\/\/comparemyjet.com\/wp-content\/uploads\/2022\/09\/little.plane_.in_.the_.hand_.of_.a.businessman-768x339.jpg 768w, https:\/\/comparemyjet.com\/wp-content\/uploads\/2022\/09\/little.plane_.in_.the_.hand_.of_.a.businessman.jpg 1000w\" sizes=\"auto, (max-width: 1000px) 100vw, 1000px\" \/><\/figure>\r\n\r\n\r\n\r\n<p>StraightLine spe\u0142nia <a href=\"https:\/\/www.faa.gov\/\" target=\"_blank\" rel=\"noopener\">FAA<\/a>'standardy operacji czarterowych. Firma korzysta wy\u0142\u0105cznie z samolot\u00f3w zatwierdzonych przez FAA, z listy FAR (Federal Aviation Regulations) Part 135 Charter Operators.&nbsp;<\/p>\r\n\r\n\r\n\r\n<p>Loty odbywaj\u0105 si\u0119 pod operacyjnym nadzorem operator\u00f3w czarterowych StraightLine Private Air, kt\u00f3rzy zatrudniaj\u0105 pilot\u00f3w, dbaj\u0105 o konserwacj\u0119 i obs\u0142uguj\u0105 samoloty.&nbsp;<\/p>\r\n\r\n\r\n\r\n<p>StraightLine \u015bci\u015ble wsp\u00f3\u0142pracuje z najlepszymi firmami czarterowymi w biznesie i u\u017cywa tylko samolot\u00f3w, kt\u00f3re przesz\u0142y kontrol\u0119 przez <a href=\"https:\/\/www.wyvernltd.com\/\" target=\"_blank\" rel=\"noopener\">Wyvern <\/a>lub . <a href=\"https:\/\/www.argus.aero\/\" target=\"_blank\" rel=\"noopener\">ARGUS<\/a> aby zagwarantowa\u0107 bezpiecze\u0144stwo pasa\u017cer\u00f3w.&nbsp;<\/p>\r\n\r\n\r\n\r\n<h2 class=\"wp-block-heading\"><span class=\"ez-toc-section\" id=\"Conclusion\"><\/span>Wniosek<span class=\"ez-toc-section-end\"><\/span><\/h2>\r\n\r\n\r\n\r\n<p>Za\u0142o\u017cona w 2016 roku firma StraightLine Private Air organizuje dla klient\u00f3w loty samolotami od zewn\u0119trznych operator\u00f3w czarterowych. Klienci mog\u0105 w ka\u017cdej chwili wyczarterowa\u0107 szerok\u0105 gam\u0119 samolot\u00f3w, od t\u0142okowych \u015bmigie\u0142 po ci\u0119\u017ckie odrzutowce.&nbsp;<\/p>\r\n\r\n\r\n\r\n<p>Cz\u0142onkowie opartego na depozycie programu StraightLine Private Air mog\u0105 wybra\u0107 typ samolotu, kt\u00f3ry najlepiej odpowiada ich potrzebom podczas ka\u017cdej podr\u00f3\u017cy. Program jest idealny dla os\u00f3b cz\u0119sto lataj\u0105cych, kt\u00f3re zamierzaj\u0105 korzysta\u0107 z kilku typ\u00f3w samolot\u00f3w.&nbsp;<\/p>","protected":false},"excerpt":{"rendered":"<p>StraightLine Private Air to firma po\u015brednicz\u0105ca w czarterze, kt\u00f3ra pomaga klientom znale\u017a\u0107 najbardziej odpowiedni prywatny odrzutowiec na ich podr\u00f3\u017c. Firma wsp\u00f3\u0142pracuje z w\u0142a\u015bcicielami prywatnych odrzutowc\u00f3w i zewn\u0119trznymi operatorami w ca\u0142ych Stanach Zjednoczonych, co pozwala im na stosowanie dynamicznej strategii cenowej, aby pom\u00f3c klientom cieszy\u0107 si\u0119 op\u0142acaln\u0105, luksusow\u0105 podr\u00f3\u017c\u0105.  Zobaczmy, co ...<\/p>","protected":false},"author":2,"featured_media":3508,"parent":0,"menu_order":0,"comment_status":"closed","ping_status":"closed","template":"","meta":{"_acf_changed":false,"_genesis_hide_title":false,"_genesis_hide_breadcrumbs":false,"_genesis_hide_singular_image":false,"_genesis_hide_footer_widgets":false,"_genesis_custom_body_class":"","_genesis_custom_post_class":"","_genesis_layout":"","footnotes":""},"class_list":{"1":"page","2":"type-page","6":"entry"},"acf":[],"_links":{"self":[{"href":"https:\/\/comparemyjet.com\/pl\/wp-json\/wp\/v2\/pages\/3507","targetHints":{"allow":["GET"]}}],"collection":[{"href":"https:\/\/comparemyjet.com\/pl\/wp-json\/wp\/v2\/pages"}],"about":[{"href":"https:\/\/comparemyjet.com\/pl\/wp-json\/wp\/v2\/types\/page"}],"author":[{"embeddable":true,"href":"https:\/\/comparemyjet.com\/pl\/wp-json\/wp\/v2\/users\/2"}],"replies":[{"embeddable":true,"href":"https:\/\/comparemyjet.com\/pl\/wp-json\/wp\/v2\/comments?post=3507"}],"version-history":[{"count":2,"href":"https:\/\/comparemyjet.com\/pl\/wp-json\/wp\/v2\/pages\/3507\/revisions"}],"predecessor-version":[{"id":3552,"href":"https:\/\/comparemyjet.com\/pl\/wp-json\/wp\/v2\/pages\/3507\/revisions\/3552"}],"wp:featuredmedia":[{"embeddable":true,"href":"https:\/\/comparemyjet.com\/pl\/wp-json\/wp\/v2\/media\/3508"}],"wp:attachment":[{"href":"https:\/\/comparemyjet.com\/pl\/wp-json\/wp\/v2\/media?parent=3507"}],"curies":[{"name":"wp","href":"https:\/\/api.w.org\/{rel}","templated":true}]}}