{"id":3559,"date":"2022-10-15T01:08:04","date_gmt":"2022-10-15T01:08:04","guid":{"rendered":"https:\/\/comparemyjet.com\/?page_id=3559"},"modified":"2025-09-04T10:03:18","modified_gmt":"2025-09-04T10:03:18","slug":"verijet","status":"publish","type":"page","link":"https:\/\/comparemyjet.com\/pl\/verijet\/","title":{"rendered":"Ceny lot\u00f3w VeriJet"},"content":{"rendered":"<p>Verijet to innowacyjna firma lotnicza, kt\u00f3ra wyr\u00f3\u017cnia si\u0119 spo\u015br\u00f3d innych <a href=\"https:\/\/comparemyjet.com\/pl\/jak-wynajac-lub-wyczarterowac-prywatny-odrzutowiec\/\" data-internallinksmanager029f6b8e52c=\"15\" title=\"Jak wynaj\u0105\u0107 lub wyczarterowa\u0107 prywatny odrzutowiec?\">czarter prywatnego odrzutowca<\/a> dostawc\u00f3w przez szereg kryteri\u00f3w, z kt\u00f3rych wi\u0119kszo\u015b\u0107 mo\u017cna prze\u015bledzi\u0107 do floty firmy Cirrus SF-50 Vision Jets. Firma zosta\u0142a za\u0142o\u017cona w 2020 roku, a jej g\u0142\u00f3wne biura znajduj\u0105 si\u0119 w Vero Beach na Florydzie.<\/p>\r\n\r\n\r\n\r\n<p>Aby uczyni\u0107 loty bardziej przyst\u0119pnymi, Verijet opracowa\u0142 silnik optymalizacji lotu i uruchomi\u0142 w\u0142asn\u0105 flot\u0119 G2+ Vision Jets, kt\u00f3re s\u0105 mocniejsze i lepiej wyposa\u017cone, aby stawi\u0107 czo\u0142a wymagaj\u0105cym pasom startowym i d\u0142u\u017cszym dystansom. Odrzutowce te maj\u0105 wyj\u0105tkowe oceny w zakresie bezpiecze\u0144stwa i prowadz\u0105 loty neutralne pod wzgl\u0119dem emisji dwutlenku w\u0119gla 100%.&nbsp;<\/p>\r\n\r\n\r\n\r\n<p>Po owocnym pocz\u0105tku w po\u0142udniowo-wschodnim regionie Stan\u00f3w Zjednoczonych, Verijet zamierza udost\u0119pni\u0107 szybkie, tanie loty prywatne na terenie ca\u0142ych Stan\u00f3w Zjednoczonych.<\/p>\r\n\r\n\r\n\r\n<div id=\"ez-toc-container\" class=\"ez-toc-v2_0_76 counter-hierarchy ez-toc-counter ez-toc-grey ez-toc-container-direction\">\n<p class=\"ez-toc-title\" style=\"cursor:inherit\">Tematy<\/p>\n<label for=\"ez-toc-cssicon-toggle-item-69dca05b47d10\" class=\"ez-toc-cssicon-toggle-label\"><span class=\"\"><span class=\"eztoc-hide\" style=\"display:none;\">Toggle<\/span><span class=\"ez-toc-icon-toggle-span\"><svg style=\"fill: #999;color:#999\" xmlns=\"http:\/\/www.w3.org\/2000\/svg\" class=\"list-377408\" width=\"20px\" height=\"20px\" viewbox=\"0 0 24 24\" fill=\"none\"><path d=\"M6 6H4v2h2V6zm14 0H8v2h12V6zM4 11h2v2H4v-2zm16 0H8v2h12v-2zM4 16h2v2H4v-2zm16 0H8v2h12v-2z\" fill=\"currentColor\"><\/path><\/svg><svg style=\"fill: #999;color:#999\" class=\"arrow-unsorted-368013\" xmlns=\"http:\/\/www.w3.org\/2000\/svg\" width=\"10px\" height=\"10px\" viewbox=\"0 0 24 24\" version=\"1.2\" baseprofile=\"tiny\"><path d=\"M18.2 9.3l-6.2-6.3-6.2 6.3c-.2.2-.3.4-.3.7s.1.5.3.7c.2.2.4.3.7.3h11c.3 0 .5-.1.7-.3.2-.2.3-.5.3-.7s-.1-.5-.3-.7zM5.8 14.7l6.2 6.3 6.2-6.3c.2-.2.3-.5.3-.7s-.1-.5-.3-.7c-.2-.2-.4-.3-.7-.3h-11c-.3 0-.5.1-.7.3-.2.2-.3.5-.3.7s.1.5.3.7z\"\/><\/svg><\/span><\/span><\/label><input type=\"checkbox\"  id=\"ez-toc-cssicon-toggle-item-69dca05b47d10\" checked aria-label=\"Prze\u0142\u0105cznik\" \/><nav><ul class='ez-toc-list ez-toc-list-level-1' ><li class='ez-toc-page-1 ez-toc-heading-level-2'><a class=\"ez-toc-link ez-toc-heading-1\" href=\"https:\/\/comparemyjet.com\/pl\/verijet\/#About_the_Company\" >O firmie<\/a><ul class='ez-toc-list-level-3' ><li class='ez-toc-heading-level-3'><a class=\"ez-toc-link ez-toc-heading-2\" href=\"https:\/\/comparemyjet.com\/pl\/verijet\/#The_G2_Vision_Jets_Fleet\" >Flota G2+ Vision Jets<\/a><\/li><\/ul><\/li><li class='ez-toc-page-1 ez-toc-heading-level-2'><a class=\"ez-toc-link ez-toc-heading-3\" href=\"https:\/\/comparemyjet.com\/pl\/verijet\/#Pricing\" >Ustalanie cen<\/a><\/li><li class='ez-toc-page-1 ez-toc-heading-level-2'><a class=\"ez-toc-link ez-toc-heading-4\" href=\"https:\/\/comparemyjet.com\/pl\/verijet\/#Company_Jet_Card_Programs\" >Programy firmowych kart Jet<\/a><ul class='ez-toc-list-level-3' ><li class='ez-toc-heading-level-3'><a class=\"ez-toc-link ez-toc-heading-5\" href=\"https:\/\/comparemyjet.com\/pl\/verijet\/#25_Hour_JetCard\" >25 godzin JetCard<\/a><\/li><li class='ez-toc-page-1 ez-toc-heading-level-3'><a class=\"ez-toc-link ez-toc-heading-6\" href=\"https:\/\/comparemyjet.com\/pl\/verijet\/#50_Hour_JetCard\" >50 godzin JetCard<\/a><\/li><li class='ez-toc-page-1 ez-toc-heading-level-3'><a class=\"ez-toc-link ez-toc-heading-7\" href=\"https:\/\/comparemyjet.com\/pl\/verijet\/#100_Hour_JetCard\" >100 godzin JetCard<\/a><\/li><\/ul><\/li><li class='ez-toc-page-1 ez-toc-heading-level-2'><a class=\"ez-toc-link ez-toc-heading-8\" href=\"https:\/\/comparemyjet.com\/pl\/verijet\/#The_Fleet\" >Flota&nbsp;<\/a><ul class='ez-toc-list-level-4' ><li class='ez-toc-heading-level-4'><ul class='ez-toc-list-level-4' ><li class='ez-toc-heading-level-4'><a class=\"ez-toc-link ez-toc-heading-9\" href=\"https:\/\/comparemyjet.com\/pl\/verijet\/#Characteristics_of_The_Cirrus_SF-50_Vision_Jet\" >Charakterystyka Cirrus SF-50 Vision Jet<\/a><\/li><\/ul><\/li><\/ul><\/li><li class='ez-toc-page-1 ez-toc-heading-level-2'><a class=\"ez-toc-link ez-toc-heading-10\" href=\"https:\/\/comparemyjet.com\/pl\/verijet\/#Company_Safety_Policy_and_Standards\" >Polityka i normy bezpiecze\u0144stwa firmy<\/a><\/li><li class='ez-toc-page-1 ez-toc-heading-level-2'><a class=\"ez-toc-link ez-toc-heading-11\" href=\"https:\/\/comparemyjet.com\/pl\/verijet\/#Pilots\" >Piloci<\/a><\/li><li class='ez-toc-page-1 ez-toc-heading-level-2'><a class=\"ez-toc-link ez-toc-heading-12\" href=\"https:\/\/comparemyjet.com\/pl\/verijet\/#Partnerships\" >Partnerstwa<\/a><\/li><li class='ez-toc-page-1 ez-toc-heading-level-2'><a class=\"ez-toc-link ez-toc-heading-13\" href=\"https:\/\/comparemyjet.com\/pl\/verijet\/#Conclusion\" >Wniosek<\/a><\/li><\/ul><\/nav><\/div>\n<h2 class=\"wp-block-heading\"><span class=\"ez-toc-section\" id=\"About_the_Company\"><\/span>O firmie<span class=\"ez-toc-section-end\"><\/span><\/h2>\r\n\r\n\r\n\r\n<p>Richard Kane, prezes i dyrektor generalny Verijet, pracowa\u0142 w bran\u017cy telekomunikacyjnej i lotniczej, co zainspirowa\u0142o go do za\u0142o\u017cenia firmy. Poniewa\u017c jest on utalentowanym pilotem z rekordami pr\u0119dko\u015bci na \u015bwiecie i ma do\u015bwiadczenie w kierowaniu milionami po\u0142\u0105cze\u0144 na godzin\u0119 w czasie rzeczywistym, Verijet szybko sta\u0142 si\u0119 firm\u0105 czarteruj\u0105c\u0105 prywatne odrzutowce.<\/p>\r\n\r\n\r\n\r\n<p>Verijet zbudowa\u0142 system optymalizacji, kt\u00f3ry mo\u017ce zast\u0105pi\u0107 zesp\u00f3\u0142 planist\u00f3w jednym klikni\u0119ciem przycisku. W bezpo\u015brednim efekcie rezygnuje si\u0119 z dalszych op\u0142at, co skutkuje obni\u017ceniem ceny biletu lotniczego. Kane wypr\u00f3bowa\u0142 sw\u00f3j proces optymalizacji na klastrze maszyn wirtualnych, kt\u00f3re dzieli\u0142y t\u0119 sam\u0105 pul\u0119 pami\u0119ci i miejsca na dysku twardym. Po zbadaniu r\u00f3\u017cnych opcji, zdecydowa\u0142 si\u0119 na <a href=\"https:\/\/www.ibm.com\/cloud\/bare-metal-servers\" target=\"_blank\" rel=\"noopener\">Serwery Bare Metal w chmurze IBM<\/a> ze wzgl\u0119du na ich stabilno\u015b\u0107 i moc obliczeniow\u0105 w por\u00f3wnaniu do silnika optymalizacyjnego, a tak\u017ce dost\u0119p do platformy chmurowej IBM oraz wsparcie in\u017cynier\u00f3w technicznych i doradc\u00f3w.<\/p>\r\n\r\n\r\n\r\n<h3 class=\"wp-block-heading\"><span class=\"ez-toc-section\" id=\"The_G2_Vision_Jets_Fleet\"><\/span>Flota G2+ Vision Jets<span class=\"ez-toc-section-end\"><\/span><\/h3>\r\n\r\n\r\n\r\n<figure class=\"wp-block-image size-full is-style-default\"><img loading=\"lazy\" decoding=\"async\" width=\"1000\" height=\"563\" src=\"https:\/\/comparemyjet.com\/wp-content\/uploads\/2022\/10\/G2-Vision-Jet-1.jpg\" alt=\"VeriJet\" class=\"wp-image-3562\" srcset=\"https:\/\/comparemyjet.com\/wp-content\/uploads\/2022\/10\/G2-Vision-Jet-1-18x10.jpg 18w, https:\/\/comparemyjet.com\/wp-content\/uploads\/2022\/10\/G2-Vision-Jet-1-300x169.jpg 300w, https:\/\/comparemyjet.com\/wp-content\/uploads\/2022\/10\/G2-Vision-Jet-1-768x432.jpg 768w, https:\/\/comparemyjet.com\/wp-content\/uploads\/2022\/10\/G2-Vision-Jet-1.jpg 1000w\" sizes=\"auto, (max-width: 1000px) 100vw, 1000px\" \/><\/figure>\r\n\r\n\r\n\r\n<p>Z pomoc\u0105 tego nowego oprogramowania Kane by\u0142 w stanie stworzy\u0107 w\u0142asn\u0105 flot\u0119 ma\u0142ych i ekologicznych odrzutowc\u00f3w. Te ciche odrzutowce z jednym pilotem, oznaczone mark\u0105 Vision Jets, pomaga\u0142y mu w budowaniu silnika optymalizacyjnego i pracy nad kolejnym etapem jego planu.<\/p>\r\n\r\n\r\n\r\n<p>Te prywatne odrzutowce s\u0105 wyposa\u017cone w przysz\u0142o\u015bciowe \u015brodki bezpiecze\u0144stwa, takie jak Cirrus Airplane Parachute System (CAPS) i przycisk \"Safe Return\", kt\u00f3re pozwalaj\u0105 na awaryjne l\u0105dowanie z autopilotem. Na stronie <a href=\"https:\/\/www.faa.gov\/\" target=\"_blank\" rel=\"noopener\">Federalna Administracja Lotnictwa<\/a> musieli przej\u015b\u0107 przez kilka dodatkowych przeszk\u00f3d, poniewa\u017c te mo\u017cliwo\u015bci s\u0105 tak nowoczesne, zanim mogli da\u0107 swoje b\u0142ogos\u0142awie\u0144stwo dla Vision Jets, co w ko\u0144cu zrobili.<\/p>\r\n\r\n\r\n\r\n<p>Zapotrzebowanie Kane'a na moc obliczeniow\u0105 ro\u015bnie wraz z rozwojem bazy klient\u00f3w i floty Vision Jet. Aby osi\u0105gn\u0105\u0107 ten cel, prowadzi on obecnie rozmowy z zespo\u0142em Quantum Computing w IBM, aby kontynuowa\u0107 prace nad optymalizacj\u0105.<\/p>\r\n\r\n\r\n\r\n<p>Obecny sta\u0142y koszt us\u0142ugi VeriJets w jedn\u0105 stron\u0119 jest dost\u0119pny w ramach <a href=\"https:\/\/comparemyjet.com\/pl\/prywatne-wycieczki\/orlando-private-tours\/\" data-internallinksmanager029f6b8e52c=\"429\" title=\"11 najlepszych prywatnych wycieczek po Orlando od $5.99\">Orlando<\/a>, Floryda i lotnisko Santa Maria w Kalifornii od 2021 roku. Na li\u015bcie potencjalnych lokalizacji ekspansji znajduj\u0105 si\u0119 p\u00f3\u0142nocno-wschodnie Stany Zjednoczone, Kanada i Europa.<\/p>\r\n\r\n\r\n\r\n<h2 class=\"wp-block-heading\"><span class=\"ez-toc-section\" id=\"Pricing\"><\/span>Ustalanie cen<span class=\"ez-toc-section-end\"><\/span><\/h2>\r\n\r\n\r\n\r\n<p>Obecna struktura cenowa jest prosta. Klienci p\u0142ac\u0105 za minimum sze\u015b\u0107dziesi\u0105t minut lotu oraz federalny podatek akcyzowy w wysoko\u015bci 7,5%, co daje w sumie $3,000 za godzin\u0119.&nbsp;<\/p>\r\n\r\n\r\n\r\n<h2 class=\"wp-block-heading\"><span class=\"ez-toc-section\" id=\"Company_Jet_Card_Programs\"><\/span>Programy firmowych kart Jet<span class=\"ez-toc-section-end\"><\/span><\/h2>\r\n\r\n\r\n\r\n<figure class=\"wp-block-image size-full is-style-default\"><img loading=\"lazy\" decoding=\"async\" width=\"1000\" height=\"442\" src=\"https:\/\/comparemyjet.com\/wp-content\/uploads\/2022\/09\/little.plane_.in_.the_.hand_.of_.a.businessman.jpg\" alt=\"\" class=\"wp-image-3335\" srcset=\"https:\/\/comparemyjet.com\/wp-content\/uploads\/2022\/09\/little.plane_.in_.the_.hand_.of_.a.businessman-18x8.jpg 18w, https:\/\/comparemyjet.com\/wp-content\/uploads\/2022\/09\/little.plane_.in_.the_.hand_.of_.a.businessman-300x133.jpg 300w, https:\/\/comparemyjet.com\/wp-content\/uploads\/2022\/09\/little.plane_.in_.the_.hand_.of_.a.businessman-768x339.jpg 768w, https:\/\/comparemyjet.com\/wp-content\/uploads\/2022\/09\/little.plane_.in_.the_.hand_.of_.a.businessman.jpg 1000w\" sizes=\"auto, (max-width: 1000px) 100vw, 1000px\" \/><\/figure>\r\n\r\n\r\n\r\n<p>Kiedy klienci nabywaj\u0105 kart\u0119 Verijet JetCard, otrzymuj\u0105 pierwsze\u0144stwo rezerwacji i maj\u0105 mo\u017cliwo\u015b\u0107 zakupu blok\u00f3w czasu lotu o d\u0142ugo\u015bci 25, 50 lub 100 godzin. Poznajmy te opcje.<\/p>\r\n\r\n\r\n\r\n<h3 class=\"wp-block-heading\"><span class=\"ez-toc-section\" id=\"25_Hour_JetCard\"><\/span>25 godzin JetCard<span class=\"ez-toc-section-end\"><\/span><\/h3>\r\n\r\n\r\n\r\n<p>Zakup 25-godzinnej karty Jet Card kosztuje $81,250, a cena za godzin\u0119 ka\u017cdego lotu jest sta\u0142a i wynosi $3,250. Nie ma op\u0142aty cz\u0142onkowskiej, wi\u0119c cena zakupu jest w rzeczywisto\u015bci depozytem, z kt\u00f3rego przy ka\u017cdym locie odliczana jest cena godzinowa.&nbsp;<\/p>\r\n\r\n\r\n\r\n<ul class=\"wp-block-list\"><li>Mog\u0105 obowi\u0105zywa\u0107 dop\u0142aty.&nbsp;<\/li><li>Nie ma dziennego minimum.&nbsp;<\/li><li>Karta jest wa\u017cna przez rok. Zwierz\u0119ta domowe s\u0105 mile widziane na pok\u0142adzie.&nbsp;<\/li><li>Wymagana jest minimum jedna godzina lotu.&nbsp;<\/li><li>Termin anulowania rezerwacji wynosi 72 godziny przed lotem i nie ma dni szczytowych.<\/li><\/ul>\r\n\r\n\r\n\r\n<h3 class=\"wp-block-heading\"><span class=\"ez-toc-section\" id=\"50_Hour_JetCard\"><\/span>50 godzin JetCard<span class=\"ez-toc-section-end\"><\/span><\/h3>\r\n\r\n\r\n\r\n<p>Zakup 50 Hour Jet Card kosztuje $152,500, a cena godzinowa ka\u017cdego lotu jest sta\u0142a i wynosi $3,050.&nbsp;<\/p>\r\n\r\n\r\n\r\n<ul class=\"wp-block-list\"><li>Brak op\u0142at cz\u0142onkowskich.&nbsp;<\/li><li>Mog\u0105 obowi\u0105zywa\u0107 dop\u0142aty.&nbsp;<\/li><li>Nie ma dziennego minimum.&nbsp;<\/li><li>Karta jest wa\u017cna przez 15 miesi\u0119cy.<\/li><li>Zwierz\u0119ta domowe s\u0105 mile widziane na pok\u0142adzie.&nbsp;<\/li><li>Wymagana jest minimum jedna godzina lotu.&nbsp;<\/li><li>Termin anulowania rezerwacji wynosi 48 godzin przed lotem i nie ma dni szczytowych.<\/li><\/ul>\r\n\r\n\r\n\r\n<h3 class=\"wp-block-heading\"><span class=\"ez-toc-section\" id=\"100_Hour_JetCard\"><\/span>100 godzin JetCard<span class=\"ez-toc-section-end\"><\/span><\/h3>\r\n\r\n\r\n\r\n<p>Zakup 50 Hour Jet Card kosztuje $275 000, a cena za godzin\u0119 ka\u017cdego lotu jest sta\u0142a i wynosi $2 750.&nbsp;<\/p>\r\n\r\n\r\n\r\n<ul class=\"wp-block-list\"><li>Nie ma \u017cadnej sk\u0142adki cz\u0142onkowskiej.&nbsp;<\/li><li>Mog\u0105 obowi\u0105zywa\u0107 dop\u0142aty.&nbsp;<\/li><li>Istnieje dzienne minimum.&nbsp;<\/li><li>Karta jest wa\u017cna przez 18 miesi\u0119cy.&nbsp;<\/li><li>Zwierz\u0119ta domowe s\u0105 mile widziane na pok\u0142adzie.&nbsp;<\/li><li>Wymagana jest minimum jedna godzina lotu.&nbsp;<\/li><li>Termin anulowania rezerwacji wynosi 120 godzin przed lotem i nie dotyczy dni szczytowych.<\/li><\/ul>\r\n\r\n\r\n\r\n<p>Por\u00f3wnanie kart odrzutowych mo\u017cna zobaczy\u0107 obok siebie i dokona\u0107 rezerwacji na <a href=\"https:\/\/www.verijet.com\/Verijet-JetCard\" target=\"_blank\" rel=\"noopener\">link<\/a>.<\/p>\r\n\r\n\r\n\r\n<h2 class=\"wp-block-heading\"><span class=\"ez-toc-section\" id=\"The_Fleet\"><\/span>Flota&nbsp;<span class=\"ez-toc-section-end\"><\/span><\/h2>\r\n\r\n\r\n\r\n<figure class=\"wp-block-image is-style-default\"><img decoding=\"async\" src=\"https:\/\/comparemyjet.com\/wp-content\/uploads\/ccVHG_SOHNe_ne2YdOrnGlWyXNclOSUinAFhoJmSXeT1HEmx4_1GOoLo9bqXbbqWticFT5_gfpez-U2nynnVY1wK9aDdTTij7wffVow9ytmtX1sM-S9ozw2of6wQiRhT6xGbMrqx6IOtteUpDLtWJRQd3QDb9JnlE6RZlXwhUIBVNHG1dIz8FBQHUA.jpg\" alt=\"\"\/><\/figure>\r\n\r\n\r\n\r\n<p>Cirrus SF-50 Vision Jet jest nap\u0119dzany przez pojedynczy silnik z rakiet\u0105 cruise. Dzi\u0119ki temu odrzutowiec mo\u017ce lata\u0107 nisko i powoli, pozostawiaj\u0105c za sob\u0105 zaledwie jedn\u0105 dziewi\u0105t\u0105 emisji dwutlenku w\u0119gla, jak\u0105 emituje typowy prywatny samolot. Poniewa\u017c Vision Jets jest w stanie spala\u0107 cztery r\u00f3\u017cne rodzaje biopaliwa, jest w stanie wykonywa\u0107 loty ca\u0142kowicie wolne od emisji dwutlenku w\u0119gla.<\/p>\r\n\r\n\r\n\r\n<p>Jednak korzy\u015bci ekologiczne wynikaj\u0105ce z zastosowania tych element\u00f3w nie s\u0105 jedynym powodem, dla kt\u00f3rego s\u0105 one po\u017c\u0105dane. Dzi\u0119ki nim Verijet mo\u017ce r\u00f3wnie\u017c operowa\u0107 w du\u017cej ilo\u015bci port\u00f3w lotniczych, co przyspiesza proces transportu klient\u00f3w do miejsc docelowych.<\/p>\r\n\r\n\r\n\r\n<h4 class=\"wp-block-heading\"><span class=\"ez-toc-section\" id=\"Characteristics_of_The_Cirrus_SF-50_Vision_Jet\"><\/span>Charakterystyka Cirrus SF-50 Vision Jet<span class=\"ez-toc-section-end\"><\/span><\/h4>\r\n\r\n\r\n\r\n<p>Cirrus Aircraft Vision Jet jest produktem nieustaj\u0105cych bada\u0144 i wysi\u0142k\u00f3w rozwojowych. Jego osi\u0105gi s\u0105 wyj\u0105tkowe, a do tego jest \u0142atwy w pilota\u017cu i utrzymaniu. Vision Jet otrzyma\u0142 wiele pochwa\u0142 i uznania, w tym Robert J. Collier Trophy.&nbsp;<\/p>\r\n\r\n\r\n\r\n<p>Struktura z w\u0142\u00f3kna w\u0119glowego daje poczucie przestrzeni wewn\u0105trz samolotu, z zaskakuj\u0105co du\u017c\u0105 ilo\u015bci\u0105 miejsca na g\u0142ow\u0119 i ramiona oraz szerokimi oknami. Kabina zosta\u0142a zaprojektowana jako najwi\u0119ksza w swojej kategorii.<\/p>\r\n\r\n\r\n\r\n<p>Ekran rozrywkowy mo\u017cna pod\u0142\u0105czy\u0107 do wi\u0119kszo\u015bci urz\u0105dze\u0144, a konsol\u0119 \u015brodkow\u0105 mo\u017cna przekszta\u0142ci\u0107 w nowoczesne miejsce pracy dla pasa\u017cer\u00f3w.<\/p>\r\n\r\n\r\n\r\n<p>WiFi zapewnia Gogo InFlight Wi-Fi, a dodatkowa korzy\u015b\u0107 w postaci port\u00f3w USB-C pozwala na dalsze \u0142adowanie elektronicznych gad\u017cet\u00f3w pasa\u017cer\u00f3w podczas lotu.<\/p>\r\n\r\n\r\n\r\n<p>Ponadto, odrzutowce s\u0105 produkowane w szerokiej palecie kolor\u00f3w, aby spe\u0142ni\u0107 wszelkie oczekiwania estetyczne, stylizowane na luksusowe sk\u00f3rzane dodatki do wn\u0119trz i tapicerki. Pasa\u017cerowie maj\u0105 do dyspozycji 28 r\u00f3\u017cnych miejsc siedz\u0105cych dzi\u0119ki temu, \u017ce ka\u017cdy fotel w kabinie jest ca\u0142kowicie modu\u0142owy i w razie potrzeby mo\u017cna go bez wysi\u0142ku wyj\u0105\u0107.<\/p>\r\n\r\n\r\n\r\n<p>Specyfikacja:<\/p>\r\n\r\n\r\n\r\n<ul class=\"wp-block-list\"><li>Pasa\u017cerowie: 7;<\/li><li>D\u0142ugo\u015b\u0107 pe\u0142na: 30 ft 7 in;&nbsp;<\/li><li>Rozpi\u0119to\u015b\u0107 skrzyde\u0142: 38 ft 7 in;&nbsp;<\/li><li>Wysoko\u015b\u0107 pe\u0142na: 10 st\u00f3p 9 cali;<\/li><li>Wysoko\u015b\u0107 kabiny: 4 ft 1 in;<\/li><li>Szeroko\u015b\u0107 kabiny: 5 ft 1 in;&nbsp;<\/li><li>Pr\u0119dko\u015b\u0107 wznoszenia: 1,609 st\u00f3p\/min;<\/li><li>Maksymalna pr\u0119dko\u015b\u0107 przelotowa: 311 ktas;<\/li><li>Maksymalny zasi\u0119g lotu: 1.275 nm;<\/li><li>Panoramiczne okna;<\/li><li>Kabina ci\u015bnieniowa;<\/li><li>Klimatyzacja tylna;<\/li><li>O\u015bwietlenie akcentuj\u0105ce<\/li><\/ul>\r\n\r\n\r\n\r\n<h2 class=\"wp-block-heading\"><span class=\"ez-toc-section\" id=\"Company_Safety_Policy_and_Standards\"><\/span>Polityka i normy bezpiecze\u0144stwa firmy<span class=\"ez-toc-section-end\"><\/span><\/h2>\r\n\r\n\r\n\r\n<p>Podczas epidemii COVID-19, samolot zosta\u0142 ca\u0142kowicie odka\u017cony zar\u00f3wno przed jak i po starcie. Pasa\u017cerowie przez ca\u0142y czas czuli si\u0119 wyj\u0105tkowo bezpiecznie, a emisja dwutlenku w\u0119gla by\u0142a o jedn\u0105 dziewi\u0105t\u0105 mniejsza ni\u017c w przypadku \u015bredniej wielko\u015bci odrzutowca.<\/p>\r\n\r\n\r\n\r\n<p>Samolot, kt\u00f3ry oferuje VeriJet posiada system spadochronowy Cirrus Airframe oraz awaryjny autoland Safe ReturnTM. Safe Return Emergency Autoland zapewnia now\u0105 opcj\u0119 ochrony pasa\u017cer\u00f3w, pozwalaj\u0105c pilotom na l\u0105dowanie odrzutowca w awaryjnych okoliczno\u015bciach za pomoc\u0105 \u0142atwego do naci\u015bni\u0119cia przycisku. To sprawia, \u017ce autoland jest doskona\u0142ym dodatkiem do Vision Jet.<\/p>\r\n\r\n\r\n\r\n<h2 class=\"wp-block-heading\"><span class=\"ez-toc-section\" id=\"Pilots\"><\/span>Piloci<span class=\"ez-toc-section-end\"><\/span><\/h2>\r\n\r\n\r\n\r\n<figure class=\"wp-block-image size-full is-style-default\"><img loading=\"lazy\" decoding=\"async\" width=\"1000\" height=\"667\" src=\"https:\/\/comparemyjet.com\/wp-content\/uploads\/2022\/09\/pilot.boarding.on_.a.private.jet_.jpg\" alt=\"\" class=\"wp-image-3231\" srcset=\"https:\/\/comparemyjet.com\/wp-content\/uploads\/2022\/09\/pilot.boarding.on_.a.private.jet_-18x12.jpg 18w, https:\/\/comparemyjet.com\/wp-content\/uploads\/2022\/09\/pilot.boarding.on_.a.private.jet_-300x200.jpg 300w, https:\/\/comparemyjet.com\/wp-content\/uploads\/2022\/09\/pilot.boarding.on_.a.private.jet_-768x512.jpg 768w, https:\/\/comparemyjet.com\/wp-content\/uploads\/2022\/09\/pilot.boarding.on_.a.private.jet_.jpg 1000w\" sizes=\"auto, (max-width: 1000px) 100vw, 1000px\" \/><\/figure>\r\n\r\n\r\n\r\n<p>Ka\u017cdy Vision Jet jest standardowo wyposa\u017cony w pierwszorz\u0119dne szkolenie pilot\u00f3w w Vision Center Campus.<\/p>\r\n\r\n\r\n\r\n<h2 class=\"wp-block-heading\"><span class=\"ez-toc-section\" id=\"Partnerships\"><\/span>Partnerstwa<span class=\"ez-toc-section-end\"><\/span><\/h2>\r\n\r\n\r\n\r\n<p>Coflyt jest inteligentnym oprogramowaniem lotniczym, kt\u00f3re zapewnia w\u0142a\u015bcicielom samolot\u00f3w, firmom i organizacjom lotniczym spok\u00f3j ducha, kt\u00f3rego potrzebuj\u0105 do obs\u0142ugi swoich samolot\u00f3w.&nbsp;<\/p>\r\n\r\n\r\n\r\n<p>Coflyt zosta\u0142 stworzony przez pilot\u00f3w, aby uczyni\u0107 posiadanie samolotu bardziej efektywnym. Centralizuje zapisy lot\u00f3w, utrzymuje mapy lot\u00f3w, analizuje wydajno\u015b\u0107, wy\u015bwietla dost\u0119pno\u015b\u0107 samolot\u00f3w, zapewnia aktualizacje statusu dla dostawc\u00f3w samolot\u00f3w i cz\u0119\u015bci oraz upraszcza p\u0142atno\u015bci, mi\u0119dzy innymi. Flota VeriJet Cirrus jest zarz\u0105dzana za pomoc\u0105 <a href=\"https:\/\/coflyt.com\/verijet\/\" target=\"_blank\" rel=\"noopener\">Coflyt<\/a>i wykorzystuje wiod\u0105c\u0105 w bran\u017cy, opatentowan\u0105 sztuczn\u0105 inteligencj\u0119 i technologi\u0119 komputerow\u0105.<\/p>\r\n\r\n\r\n\r\n<h2 class=\"wp-block-heading\"><span class=\"ez-toc-section\" id=\"Conclusion\"><\/span>Wniosek<span class=\"ez-toc-section-end\"><\/span><\/h2>\r\n\r\n\r\n\r\n<p>Wed\u0142ug Richarda Kane'a, kiedy klient korzysta z Verijet, aby wyszuka\u0107 prywatn\u0105 wycieczk\u0119, s\u0105 w stanie zapewni\u0107 mu wycen\u0119 od razu i natychmiast odpowiedzie\u0107 na jego zapytanie. Sztuczna inteligencja ju\u017c zweryfikowa\u0142a, \u017ce wszystko jest bezpieczne, legalne i mo\u017cliwe do dostarczenia, a ceny zosta\u0142y ustalone w kamieniu. Ze wzgl\u0119du na t\u0119 mo\u017cliwo\u015b\u0107, prywatne latanie jest teraz dost\u0119pne dla wszystkich w spos\u00f3b, kt\u00f3ry nie by\u0142 mo\u017cliwy w przesz\u0142o\u015bci.<\/p>","protected":false},"excerpt":{"rendered":"<p>Verijet to innowacyjna firma lotnicza, kt\u00f3ra wyr\u00f3\u017cnia si\u0119 na tle innych dostawc\u00f3w prywatnych odrzutowc\u00f3w wieloma kryteriami, z kt\u00f3rych wi\u0119kszo\u015b\u0107 mo\u017cna przypisa\u0107 flocie Cirrus SF-50 Vision Jets firmy. Firma zosta\u0142a za\u0142o\u017cona w 2020 roku, a jej g\u0142\u00f3wne biura znajduj\u0105 si\u0119 w Vero Beach na Florydzie. Wykonuje loty ...<\/p>","protected":false},"author":1,"featured_media":3564,"parent":0,"menu_order":0,"comment_status":"closed","ping_status":"closed","template":"","meta":{"_acf_changed":false,"_genesis_hide_title":false,"_genesis_hide_breadcrumbs":false,"_genesis_hide_singular_image":false,"_genesis_hide_footer_widgets":false,"_genesis_custom_body_class":"","_genesis_custom_post_class":"","_genesis_layout":"","footnotes":""},"class_list":{"1":"page","2":"type-page","6":"entry"},"acf":[],"_links":{"self":[{"href":"https:\/\/comparemyjet.com\/pl\/wp-json\/wp\/v2\/pages\/3559","targetHints":{"allow":["GET"]}}],"collection":[{"href":"https:\/\/comparemyjet.com\/pl\/wp-json\/wp\/v2\/pages"}],"about":[{"href":"https:\/\/comparemyjet.com\/pl\/wp-json\/wp\/v2\/types\/page"}],"author":[{"embeddable":true,"href":"https:\/\/comparemyjet.com\/pl\/wp-json\/wp\/v2\/users\/1"}],"replies":[{"embeddable":true,"href":"https:\/\/comparemyjet.com\/pl\/wp-json\/wp\/v2\/comments?post=3559"}],"version-history":[{"count":3,"href":"https:\/\/comparemyjet.com\/pl\/wp-json\/wp\/v2\/pages\/3559\/revisions"}],"predecessor-version":[{"id":9415,"href":"https:\/\/comparemyjet.com\/pl\/wp-json\/wp\/v2\/pages\/3559\/revisions\/9415"}],"wp:featuredmedia":[{"embeddable":true,"href":"https:\/\/comparemyjet.com\/pl\/wp-json\/wp\/v2\/media\/3564"}],"wp:attachment":[{"href":"https:\/\/comparemyjet.com\/pl\/wp-json\/wp\/v2\/media?parent=3559"}],"curies":[{"name":"wp","href":"https:\/\/api.w.org\/{rel}","templated":true}]}}