{"id":3599,"date":"2022-10-22T21:32:51","date_gmt":"2022-10-22T21:32:51","guid":{"rendered":"https:\/\/comparemyjet.com\/?page_id=3599"},"modified":"2025-09-04T09:58:16","modified_gmt":"2025-09-04T09:58:16","slug":"costco-private-jet","status":"publish","type":"page","link":"https:\/\/comparemyjet.com\/pl\/costco-private-jet\/","title":{"rendered":"Ceny lot\u00f3w prywatnym odrzutowcem Costco"},"content":{"rendered":"<p>Ameryka\u0144skie przedsi\u0119biorstwo wielonarodowe <a href=\"https:\/\/www.costco.com\/\" target=\"_blank\" rel=\"noopener\">Costco Wholesale Corporation<\/a> prowadzi ekskluzywny klub detaliczny dla swoich cz\u0142onk\u00f3w. Ale w Costco jest co\u015b wi\u0119cej ni\u017c tanie r\u0119czniki papierowe, olej lniany i mozzarella.&nbsp;<\/p>\r\n\r\n\r\n\r\n<p>W 2020 roku hurtownia zacz\u0119\u0142a oferowa\u0107 roczne oferty cz\u0142onkostwa w programach prywatnych odrzutowc\u00f3w w ramach wsp\u00f3\u0142pracy z <a href=\"https:\/\/comparemyjet.com\/pl\/wheels-up\/\" data-internallinksmanager029f6b8e52c=\"73\" title=\"Ceny cz\u0142onkostwa w Wheels Up\">Ko\u0142a do g\u00f3ry<\/a>.&nbsp;<\/p>\r\n\r\n\r\n\r\n<p>W tym artykule zbadamy, jak dzia\u0142a to partnerstwo i jak mo\u017cna kupi\u0107 lot prywatnym odrzutowcem z Costco. Musimy tylko wspomnie\u0107, \u017ce nie ma \u017cadnych nowych informacji na ten temat, wi\u0119c partnerstwo teraz wydaje si\u0119 by\u0107 zako\u0144czone lub wstrzymane. To powiedziawszy, nigdy nie wiadomo, kiedy popularny produkt powr\u00f3ci na p\u00f3\u0142ki, wi\u0119c zbadajmy go bardziej szczeg\u00f3\u0142owo.<\/p>\r\n\r\n\r\n\r\n<div id=\"ez-toc-container\" class=\"ez-toc-v2_0_76 counter-hierarchy ez-toc-counter ez-toc-grey ez-toc-container-direction\">\n<p class=\"ez-toc-title\" style=\"cursor:inherit\">Tematy<\/p>\n<label for=\"ez-toc-cssicon-toggle-item-69f337bfa4412\" class=\"ez-toc-cssicon-toggle-label\"><span class=\"\"><span class=\"eztoc-hide\" style=\"display:none;\">Toggle<\/span><span class=\"ez-toc-icon-toggle-span\"><svg style=\"fill: #999;color:#999\" xmlns=\"http:\/\/www.w3.org\/2000\/svg\" class=\"list-377408\" width=\"20px\" height=\"20px\" viewbox=\"0 0 24 24\" fill=\"none\"><path d=\"M6 6H4v2h2V6zm14 0H8v2h12V6zM4 11h2v2H4v-2zm16 0H8v2h12v-2zM4 16h2v2H4v-2zm16 0H8v2h12v-2z\" fill=\"currentColor\"><\/path><\/svg><svg style=\"fill: #999;color:#999\" class=\"arrow-unsorted-368013\" xmlns=\"http:\/\/www.w3.org\/2000\/svg\" width=\"10px\" height=\"10px\" viewbox=\"0 0 24 24\" version=\"1.2\" baseprofile=\"tiny\"><path d=\"M18.2 9.3l-6.2-6.3-6.2 6.3c-.2.2-.3.4-.3.7s.1.5.3.7c.2.2.4.3.7.3h11c.3 0 .5-.1.7-.3.2-.2.3-.5.3-.7s-.1-.5-.3-.7zM5.8 14.7l6.2 6.3 6.2-6.3c.2-.2.3-.5.3-.7s-.1-.5-.3-.7c-.2-.2-.4-.3-.7-.3h-11c-.3 0-.5.1-.7.3-.2.2-.3.5-.3.7s.1.5.3.7z\"\/><\/svg><\/span><\/span><\/label><input type=\"checkbox\"  id=\"ez-toc-cssicon-toggle-item-69f337bfa4412\" checked aria-label=\"Prze\u0142\u0105cznik\" \/><nav><ul class='ez-toc-list ez-toc-list-level-1' ><li class='ez-toc-page-1 ez-toc-heading-level-2'><a class=\"ez-toc-link ez-toc-heading-1\" href=\"https:\/\/comparemyjet.com\/pl\/costco-private-jet\/#About_the_Company\" >O firmie<\/a><\/li><li class='ez-toc-page-1 ez-toc-heading-level-2'><a class=\"ez-toc-link ez-toc-heading-2\" href=\"https:\/\/comparemyjet.com\/pl\/costco-private-jet\/#Membership_Programs\" >Programy cz\u0142onkowskie<\/a><\/li><li class='ez-toc-page-1 ez-toc-heading-level-2'><a class=\"ez-toc-link ez-toc-heading-3\" href=\"https:\/\/comparemyjet.com\/pl\/costco-private-jet\/#Pricing\" >Ustalanie cen<\/a><\/li><li class='ez-toc-page-1 ez-toc-heading-level-2'><a class=\"ez-toc-link ez-toc-heading-4\" href=\"https:\/\/comparemyjet.com\/pl\/costco-private-jet\/#The_Fleet\" >Flota&nbsp;<\/a><\/li><li class='ez-toc-page-1 ez-toc-heading-level-2'><a class=\"ez-toc-link ez-toc-heading-5\" href=\"https:\/\/comparemyjet.com\/pl\/costco-private-jet\/#Company_Safety_Policy_and_Standards\" >Polityka i normy bezpiecze\u0144stwa firmy<\/a><\/li><li class='ez-toc-page-1 ez-toc-heading-level-2'><a class=\"ez-toc-link ez-toc-heading-6\" href=\"https:\/\/comparemyjet.com\/pl\/costco-private-jet\/#Conclusion\" >Wniosek<\/a><\/li><\/ul><\/nav><\/div>\n<h2 class=\"wp-block-heading\"><span class=\"ez-toc-section\" id=\"About_the_Company\"><\/span>O firmie<span class=\"ez-toc-section-end\"><\/span><\/h2>\r\n\r\n\r\n\r\n<figure class=\"wp-block-image size-full is-style-default\"><img loading=\"lazy\" decoding=\"async\" width=\"1000\" height=\"667\" src=\"https:\/\/comparemyjet.com\/wp-content\/uploads\/2022\/10\/costco.wholesale.jpg\" alt=\"\" class=\"wp-image-3600\" srcset=\"https:\/\/comparemyjet.com\/wp-content\/uploads\/2022\/10\/costco.wholesale-18x12.jpg 18w, https:\/\/comparemyjet.com\/wp-content\/uploads\/2022\/10\/costco.wholesale-300x200.jpg 300w, https:\/\/comparemyjet.com\/wp-content\/uploads\/2022\/10\/costco.wholesale-768x512.jpg 768w, https:\/\/comparemyjet.com\/wp-content\/uploads\/2022\/10\/costco.wholesale.jpg 1000w\" sizes=\"auto, (max-width: 1000px) 100vw, 1000px\" \/><\/figure>\r\n\r\n\r\n\r\n<p>Je\u015bli nigdy nie by\u0142e\u015b w Costco, pozw\u00f3l, \u017ce ci\u0119 wprowadz\u0119: to gigant handlowy, w kt\u00f3rym klienci mog\u0105 uzyska\u0107 roczne cz\u0142onkostwo za op\u0142at\u0105, aby uzyska\u0107 dost\u0119p do ogromnych zni\u017cek na wszelkiego rodzaju towary.&nbsp;<\/p>\r\n\r\n\r\n\r\n<p>Costco s\u0142ynie z ogromnych magazyn\u00f3w, w kt\u00f3rych mo\u017cna znale\u017a\u0107 prawie wszystko, czego potrzebujesz. Pierwotny sklep, kt\u00f3ry zadebiutowa\u0142 w 1976 roku pod nazw\u0105 Price Club, by\u0142 zmienionym hangarem lotniczym w <a href=\"https:\/\/comparemyjet.com\/pl\/prywatne-wycieczki\/san-diego-private-tours\/\" data-internallinksmanager029f6b8e52c=\"435\" title=\"11 najlepszych prywatnych wycieczek po San Diego od $64.50\">San Diego<\/a>. Dzi\u015b ten mi\u0119dzynarodowy sprzedawca detaliczny ma warto\u015b\u0107 rynkow\u0105 liczon\u0105 w miliardach i jest obecny w o\u015bmiu krajach. Ale w jaki spos\u00f3b oferuje prywatne czartery?<\/p>\r\n\r\n\r\n\r\n<p>To w\u0142a\u015bnie tam <a href=\"https:\/\/comparemyjet.com\/pl\/wheels-up\/\">Ko\u0142a do g\u00f3ry<\/a>, znany dostawca us\u0142ug w zakresie prywatnych odrzutowc\u00f3w, wkracza do akcji. Wheels Up to oparty na cz\u0142onkostwie dostawca lot\u00f3w czarterowych za\u0142o\u017cony w 2013 roku. W 2014 roku organizacja mia\u0142a ponad tysi\u0105c p\u0142ac\u0105cych klient\u00f3w i flot\u0119 sk\u0142adaj\u0105c\u0105 si\u0119 z. <a href=\"https:\/\/comparemyjet.com\/pl\/cessna\/\" data-internallinksmanager029f6b8e52c=\"145\" title=\"Ostateczny przewodnik po prywatnych odrzutowcach i samolotach Cessna\">Cessna<\/a> Odrzutowce Citation i turbo\u015bmig\u0142owce King Air 105i. Obecnie oferuj\u0105 lekkie i ci\u0119\u017ckie prywatne odrzutowce we flocie licz\u0105cej oko\u0142o 1500 samolot\u00f3w.<\/p>\r\n\r\n\r\n\r\n<p>Wheels Up nawi\u0105za\u0142 wsp\u00f3\u0142prac\u0119 z Costco w 2020 roku, aby da\u0107 cz\u0142onkom Costco dost\u0119p do cz\u0142onkostwa w prywatnych odrzutowcach.<\/p>\r\n\r\n\r\n\r\n<h2 class=\"wp-block-heading\"><span class=\"ez-toc-section\" id=\"Membership_Programs\"><\/span>Programy cz\u0142onkowskie<span class=\"ez-toc-section-end\"><\/span><\/h2>\r\n\r\n\r\n\r\n<p>Wiele os\u00f3b zacz\u0119\u0142o unika\u0107 lot\u00f3w komercyjnych w wyniku epidemii Covid-19, dlatego cz\u0142onkostwo w prywatnych odrzutowcach, luksus cz\u0119sto zarezerwowany dla bogatych, sta\u0142o si\u0119 bardziej popularne w\u015br\u00f3d lataj\u0105cych.&nbsp;<\/p>\r\n\r\n\r\n\r\n<p>Costco Private Jet s\u0105 przyk\u0142adem tego trendu. Sprawd\u017amy, czy wykorzystanie hurtowego giganta do rezerwacji prywatnego odrzutowca to dobry pomys\u0142.&nbsp;<\/p>\r\n\r\n\r\n\r\n<p>Korzy\u015bci z cz\u0142onkostwa w prywatnym odrzutowcu Costco obejmuj\u0105 sta\u0142\u0105 stawk\u0119 godzinow\u0105, gwarantowan\u0105 dost\u0119pno\u015b\u0107 i zni\u017cki.<\/p>\r\n\r\n\r\n\r\n<p>Jednak nie jest to warte, je\u015bli tylko planujesz u\u017cywa\u0107 go do jednej lub dw\u00f3ch podr\u00f3\u017cy prywatnym odrzutowcem w roku. Tylko osoby cz\u0119sto lataj\u0105ce otrzymaj\u0105 zwrot z inwestycji z tego cz\u0142onkostwa.&nbsp;<\/p>\r\n\r\n\r\n\r\n<p>Program cz\u0142onkostwa w programie odrzutowc\u00f3w obejmuje bezp\u0142atny roczny abonament na us\u0142ug\u0119 prywatnych samolot\u00f3w Wheels Up. Opr\u00f3cz zapewnienia dost\u0119pno\u015bci samolot\u00f3w w ca\u0142ym kraju przez 365 dni, cz\u0142onkowie otrzymaj\u0105 r\u00f3wnie\u017c roczn\u0105 subskrypcj\u0119 Inspirato, firmy specjalizuj\u0105cej si\u0119 w zapewnianiu luksusowego zakwaterowania wakacyjnego.&nbsp;<\/p>\r\n\r\n\r\n\r\n<p>Aby zarezerwowa\u0107 lot, cz\u0142onkowie musz\u0105 powiadomi\u0107 o tym z co najmniej 24-godzinnym wyprzedzeniem.<\/p>\r\n\r\n\r\n\r\n<h2 class=\"wp-block-heading\"><span class=\"ez-toc-section\" id=\"Pricing\"><\/span>Ustalanie cen<span class=\"ez-toc-section-end\"><\/span><\/h2>\r\n\r\n\r\n\r\n<p>Roczna op\u0142ata cz\u0142onkowska za program kosztuje oko\u0142o $17,500. Pakiet cz\u0142onkowski obejmuje dost\u0119p do prywatnych wydarze\u0144, $3,500 kredytu na zakupy w Costco, $4,000 kredytu na przelot samolotem i inne korzy\u015bci.<\/p>\r\n\r\n\r\n\r\n<p>Op\u0142ata nie pokrywa koszt\u00f3w rzeczywistych lot\u00f3w i daje jedynie dost\u0119p do Wheels Up w celu rezerwacji lot\u00f3w. Cz\u0142onkowie mog\u0105 zorganizowa\u0107 lot czarterowy za po\u015brednictwem Wheels Up na dowolny z 300 samolot\u00f3w firmy lub 1250 samolot\u00f3w partnerskich i zap\u0142aci\u0107 za lot po jego zaplanowaniu.<\/p>\r\n\r\n\r\n\r\n<h2 class=\"wp-block-heading\"><span class=\"ez-toc-section\" id=\"The_Fleet\"><\/span>Flota&nbsp;<span class=\"ez-toc-section-end\"><\/span><\/h2>\r\n\r\n\r\n\r\n<figure class=\"wp-block-image size-full is-style-default\"><img loading=\"lazy\" decoding=\"async\" width=\"1000\" height=\"750\" src=\"https:\/\/comparemyjet.com\/wp-content\/uploads\/2022\/10\/costco.wheelsup.jpg\" alt=\"Prywatny odrzutowiec Costco\" class=\"wp-image-3601\" srcset=\"https:\/\/comparemyjet.com\/wp-content\/uploads\/2022\/10\/costco.wheelsup-16x12.jpg 16w, https:\/\/comparemyjet.com\/wp-content\/uploads\/2022\/10\/costco.wheelsup-300x225.jpg 300w, https:\/\/comparemyjet.com\/wp-content\/uploads\/2022\/10\/costco.wheelsup-400x300.jpg 400w, https:\/\/comparemyjet.com\/wp-content\/uploads\/2022\/10\/costco.wheelsup-768x576.jpg 768w, https:\/\/comparemyjet.com\/wp-content\/uploads\/2022\/10\/costco.wheelsup-800x600.jpg 800w, https:\/\/comparemyjet.com\/wp-content\/uploads\/2022\/10\/costco.wheelsup.jpg 1000w\" sizes=\"auto, (max-width: 1000px) 100vw, 1000px\" \/><\/figure>\r\n\r\n\r\n\r\n<p>Wheels Up posiada w\u0142asn\u0105 flot\u0119 samolot\u00f3w, a tak\u017ce czarteruje prywatne odrzutowce od renomowanych firm. W przybli\u017ceniu, b\u0119d\u0105c w\u0142a\u015bcicielem lub dzier\u017cawc\u0105, Wheels Up zarz\u0105dza oko\u0142o 1,500 odrzutowcami.<\/p>\r\n\r\n\r\n\r\n<p>Korporacja prowadzi polityk\u0119 gwarantowanej dost\u0119pno\u015bci, z pewnymi ograniczonymi wyj\u0105tkami zale\u017cnymi od konkretnego programu.<\/p>\r\n\r\n\r\n\r\n<p>Turbo\u015bmig\u0142owce, lekkie, \u015brednie, super \u015brednie i du\u017ce samoloty s\u0105 cz\u0119\u015bci\u0105 floty nale\u017c\u0105cej do Wheels Up lub zarz\u0105dzanej przez niego. Mo\u017cesz przeczyta\u0107 wi\u0119cej szczeg\u00f3\u0142\u00f3w w naszym <a href=\"https:\/\/comparemyjet.com\/pl\/wheels-up\/\">Recenzja Wheels Up<\/a>.<\/p>\r\n\r\n\r\n\r\n<h2 class=\"wp-block-heading\"><span class=\"ez-toc-section\" id=\"Company_Safety_Policy_and_Standards\"><\/span>Polityka i normy bezpiecze\u0144stwa firmy<span class=\"ez-toc-section-end\"><\/span><\/h2>\r\n\r\n\r\n\r\n<p>Wheels Up jest jedn\u0105 z nielicznych firm w bran\u017cy prywatnych odrzutowc\u00f3w, kt\u00f3ra przeprowadza oceny i audyty na miejscu u ka\u017cdego operatora i samolotu w ramach procesu weryfikacji i zapewnienia jako\u015bci. Wheels Up certyfikuje tylko 90 z 2000 ameryka\u0144skich operator\u00f3w, aby zapewni\u0107 transport lotniczy dla swoich cz\u0142onk\u00f3w i klient\u00f3w.&nbsp;<\/p>\r\n\r\n\r\n\r\n<p>Ze wzgl\u0119du na wysokie standardy, zatrudniaj\u0105 tylko najbardziej wykwalifikowanych pracownik\u00f3w, co gwarantuje zar\u00f3wno jako\u015b\u0107, jak i bezpiecze\u0144stwo. Piloci zatrudnieni przez Wheels Up nale\u017c\u0105 do najlepszych w bran\u017cy i przechodz\u0105 intensywne szkolenia, aby utrzyma\u0107 ten status.<\/p>\r\n\r\n\r\n\r\n<p>Wszystkie samoloty partner\u00f3w Wheels Up s\u0105 pilotowane przez najlepsze firmy w bran\u017cy lotniczej, m.in. <a href=\"https:\/\/comparemyjet.com\/pl\/delta-private-jets\/\" data-internallinksmanager029f6b8e52c=\"184\" title=\"Ceny cz\u0142onkostwa w Delta Private Jets\">Delta Private Jets<\/a>, Gama Aviation, Mountain Aviation, TMC Jets oraz ich filie.<\/p>\r\n\r\n\r\n\r\n<p>Ponadto Wheels Up twierdzi, \u017ce zapewnia swoim pasa\u017cerom \"bezpiecze\u0144stwo bez ogranicze\u0144\", przeprowadzaj\u0105c dwa razy dziennie kontrole temperatury u cz\u0142onk\u00f3w za\u0142ogi, regularnie czyszcz\u0105c i dezynfekuj\u0105c mi\u0119dzy lotami oraz wentyluj\u0105c wn\u0119trza samolot\u00f3w.<\/p>\r\n\r\n\r\n\r\n<h2 class=\"wp-block-heading\"><span class=\"ez-toc-section\" id=\"Conclusion\"><\/span>Wniosek<span class=\"ez-toc-section-end\"><\/span><\/h2>\r\n\r\n\r\n\r\n<figure class=\"wp-block-image size-full is-style-default\"><img loading=\"lazy\" decoding=\"async\" width=\"1000\" height=\"668\" src=\"https:\/\/comparemyjet.com\/wp-content\/uploads\/2022\/10\/membership.jpg\" alt=\"\" class=\"wp-image-3602\" srcset=\"https:\/\/comparemyjet.com\/wp-content\/uploads\/2022\/10\/membership-18x12.jpg 18w, https:\/\/comparemyjet.com\/wp-content\/uploads\/2022\/10\/membership-300x200.jpg 300w, https:\/\/comparemyjet.com\/wp-content\/uploads\/2022\/10\/membership-768x513.jpg 768w, https:\/\/comparemyjet.com\/wp-content\/uploads\/2022\/10\/membership.jpg 1000w\" sizes=\"auto, (max-width: 1000px) 100vw, 1000px\" \/><\/figure>\r\n\r\n\r\n\r\n<p>Mo\u017cesz do\u0142\u0105czy\u0107 do programu cz\u0142onkostwa w prywatnym odrzutowcu Costco, aby skorzysta\u0107 z us\u0142ugi rezerwacji lot\u00f3w Wheels Up. Twoje cz\u0142onkostwo pozwala na rezerwacj\u0119 lot\u00f3w po sta\u0142ym koszcie godzinowym. Wygl\u0105da na to, \u017ce wsp\u00f3\u0142praca jednak si\u0119 zako\u0144czy\u0142a. \u017badna z tych stron nie dostarcza \u017cadnych pomocnych informacji.<\/p>\r\n\r\n\r\n\r\n<p>Czy ma sens zapisanie si\u0119 na cz\u0142onkostwo w prywatnym odrzutowcu w Costco, je\u015bli stanie si\u0119 ono ponownie dost\u0119pne?<\/p>\r\n\r\n\r\n\r\n<p>Odpowied\u017a na to pytanie pozostaje po stronie kupuj\u0105cego. Radzimy osobom lataj\u0105cym prywatnymi odrzutowcami, aby przyjrza\u0142y si\u0119 swoim opcjom i por\u00f3wna\u0142y firmy przed podj\u0119ciem ostatecznej decyzji.<\/p>","protected":false},"excerpt":{"rendered":"<p>Ameryka\u0144ska mi\u0119dzynarodowa firma Costco Wholesale Corporation prowadzi ekskluzywny klub detaliczny dla swoich cz\u0142onk\u00f3w. Ale w Costco jest co\u015b wi\u0119cej ni\u017c tanie r\u0119czniki papierowe, olej lniany i mozzarella.  W 2020 roku hurtownia zacz\u0119\u0142a oferowa\u0107 roczne oferty cz\u0142onkostwa w programach dla prywatnych odrzutowc\u00f3w w ramach wsp\u00f3\u0142pracy z Wheels Up.  W tym artykule zbadamy, jak to ...<\/p>","protected":false},"author":2,"featured_media":0,"parent":0,"menu_order":0,"comment_status":"closed","ping_status":"closed","template":"","meta":{"_acf_changed":false,"_genesis_hide_title":false,"_genesis_hide_breadcrumbs":false,"_genesis_hide_singular_image":false,"_genesis_hide_footer_widgets":false,"_genesis_custom_body_class":"","_genesis_custom_post_class":"","_genesis_layout":"","footnotes":""},"class_list":{"1":"page","2":"type-page","5":"entry"},"acf":[],"_links":{"self":[{"href":"https:\/\/comparemyjet.com\/pl\/wp-json\/wp\/v2\/pages\/3599","targetHints":{"allow":["GET"]}}],"collection":[{"href":"https:\/\/comparemyjet.com\/pl\/wp-json\/wp\/v2\/pages"}],"about":[{"href":"https:\/\/comparemyjet.com\/pl\/wp-json\/wp\/v2\/types\/page"}],"author":[{"embeddable":true,"href":"https:\/\/comparemyjet.com\/pl\/wp-json\/wp\/v2\/users\/2"}],"replies":[{"embeddable":true,"href":"https:\/\/comparemyjet.com\/pl\/wp-json\/wp\/v2\/comments?post=3599"}],"version-history":[{"count":3,"href":"https:\/\/comparemyjet.com\/pl\/wp-json\/wp\/v2\/pages\/3599\/revisions"}],"predecessor-version":[{"id":3619,"href":"https:\/\/comparemyjet.com\/pl\/wp-json\/wp\/v2\/pages\/3599\/revisions\/3619"}],"wp:attachment":[{"href":"https:\/\/comparemyjet.com\/pl\/wp-json\/wp\/v2\/media?parent=3599"}],"curies":[{"name":"wp","href":"https:\/\/api.w.org\/{rel}","templated":true}]}}