{"id":3604,"date":"2022-10-22T21:32:48","date_gmt":"2022-10-22T21:32:48","guid":{"rendered":"https:\/\/comparemyjet.com\/?page_id=3604"},"modified":"2025-09-04T10:00:51","modified_gmt":"2025-09-04T10:00:51","slug":"silverhawk-aviation","status":"publish","type":"page","link":"https:\/\/comparemyjet.com\/pl\/silverhawk-aviation\/","title":{"rendered":"Ceny lot\u00f3w Silverhawk Aviation"},"content":{"rendered":"<p>Silverhawk Aviation to prywatna firma czarterowa, kt\u00f3ra rozpocz\u0119\u0142a swoj\u0105 dzia\u0142alno\u015b\u0107 w 1991 roku jako us\u0142uga czarteru jednego samolotu z Seward w stanie Nebraska.&nbsp;<\/p>\r\n\r\n\r\n\r\n<p>Opr\u00f3cz tradycyjnych lot\u00f3w czarterowych, Silverhawk Aviation oferuje szeroki zakres us\u0142ug, w tym instrukta\u017c pilota\u017cu, konserwacj\u0119 samolot\u00f3w, monta\u017c awioniki oraz us\u0142ugi liniowe. Sprawd\u017amy, jak powsta\u0142a firma i co oferuj\u0105 w szczeg\u00f3\u0142ach.<\/p>\r\n\r\n\r\n\r\n<div id=\"ez-toc-container\" class=\"ez-toc-v2_0_76 counter-hierarchy ez-toc-counter ez-toc-grey ez-toc-container-direction\">\n<p class=\"ez-toc-title\" style=\"cursor:inherit\">Tematy<\/p>\n<label for=\"ez-toc-cssicon-toggle-item-69e744767b1b2\" class=\"ez-toc-cssicon-toggle-label\"><span class=\"\"><span class=\"eztoc-hide\" style=\"display:none;\">Toggle<\/span><span class=\"ez-toc-icon-toggle-span\"><svg style=\"fill: #999;color:#999\" xmlns=\"http:\/\/www.w3.org\/2000\/svg\" class=\"list-377408\" width=\"20px\" height=\"20px\" viewbox=\"0 0 24 24\" fill=\"none\"><path d=\"M6 6H4v2h2V6zm14 0H8v2h12V6zM4 11h2v2H4v-2zm16 0H8v2h12v-2zM4 16h2v2H4v-2zm16 0H8v2h12v-2z\" fill=\"currentColor\"><\/path><\/svg><svg style=\"fill: #999;color:#999\" class=\"arrow-unsorted-368013\" xmlns=\"http:\/\/www.w3.org\/2000\/svg\" width=\"10px\" height=\"10px\" viewbox=\"0 0 24 24\" version=\"1.2\" baseprofile=\"tiny\"><path d=\"M18.2 9.3l-6.2-6.3-6.2 6.3c-.2.2-.3.4-.3.7s.1.5.3.7c.2.2.4.3.7.3h11c.3 0 .5-.1.7-.3.2-.2.3-.5.3-.7s-.1-.5-.3-.7zM5.8 14.7l6.2 6.3 6.2-6.3c.2-.2.3-.5.3-.7s-.1-.5-.3-.7c-.2-.2-.4-.3-.7-.3h-11c-.3 0-.5.1-.7.3-.2.2-.3.5-.3.7s.1.5.3.7z\"\/><\/svg><\/span><\/span><\/label><input type=\"checkbox\"  id=\"ez-toc-cssicon-toggle-item-69e744767b1b2\" checked aria-label=\"Prze\u0142\u0105cznik\" \/><nav><ul class='ez-toc-list ez-toc-list-level-1' ><li class='ez-toc-page-1 ez-toc-heading-level-2'><a class=\"ez-toc-link ez-toc-heading-1\" href=\"https:\/\/comparemyjet.com\/pl\/silverhawk-aviation\/#About_the_Company\" >O firmie<\/a><\/li><li class='ez-toc-page-1 ez-toc-heading-level-2'><a class=\"ez-toc-link ez-toc-heading-2\" href=\"https:\/\/comparemyjet.com\/pl\/silverhawk-aviation\/#Aircraft_Maintenance\" >Obs\u0142uga techniczna statk\u00f3w powietrznych&nbsp;<\/a><\/li><li class='ez-toc-page-1 ez-toc-heading-level-2'><a class=\"ez-toc-link ez-toc-heading-3\" href=\"https:\/\/comparemyjet.com\/pl\/silverhawk-aviation\/#Aircraft_Management\" >Zarz\u0105dzanie statkami powietrznymi&nbsp;<\/a><\/li><li class='ez-toc-page-1 ez-toc-heading-level-2'><a class=\"ez-toc-link ez-toc-heading-4\" href=\"https:\/\/comparemyjet.com\/pl\/silverhawk-aviation\/#Company_Card_Program\" >Program kart firmowych<\/a><\/li><li class='ez-toc-page-1 ez-toc-heading-level-2'><a class=\"ez-toc-link ez-toc-heading-5\" href=\"https:\/\/comparemyjet.com\/pl\/silverhawk-aviation\/#On-Demand_Charter_and_Empty_Leg_Flights\" >Loty czarterowe na \u017c\u0105danie i puste nogi<\/a><\/li><li class='ez-toc-page-1 ez-toc-heading-level-2'><a class=\"ez-toc-link ez-toc-heading-6\" href=\"https:\/\/comparemyjet.com\/pl\/silverhawk-aviation\/#The_Fleet\" >Flota&nbsp;<\/a><ul class='ez-toc-list-level-3' ><li class='ez-toc-heading-level-3'><a class=\"ez-toc-link ez-toc-heading-7\" href=\"https:\/\/comparemyjet.com\/pl\/silverhawk-aviation\/#1_Turboprops\" >1. Turbo\u015bmig\u0142owce<\/a><ul class='ez-toc-list-level-4' ><li class='ez-toc-heading-level-4'><a class=\"ez-toc-link ez-toc-heading-8\" href=\"https:\/\/comparemyjet.com\/pl\/silverhawk-aviation\/#Our_Recommendation_King_Air_C90\" >Nasza rekomendacja: King Air C90<\/a><\/li><\/ul><\/li><li class='ez-toc-page-1 ez-toc-heading-level-3'><a class=\"ez-toc-link ez-toc-heading-9\" href=\"https:\/\/comparemyjet.com\/pl\/silverhawk-aviation\/#2_Light_Private_Jets\" >2. Lekkie odrzutowce prywatne<\/a><ul class='ez-toc-list-level-4' ><li class='ez-toc-heading-level-4'><a class=\"ez-toc-link ez-toc-heading-10\" href=\"https:\/\/comparemyjet.com\/pl\/silverhawk-aviation\/#Our_Recommendation_Cessna_Citation_Encore\" >Nasza rekomendacja: Cessna Citation Encore<\/a><\/li><\/ul><\/li><li class='ez-toc-page-1 ez-toc-heading-level-3'><a class=\"ez-toc-link ez-toc-heading-11\" href=\"https:\/\/comparemyjet.com\/pl\/silverhawk-aviation\/#3_Midsize_Private_Jets\" >3. Prywatne odrzutowce \u015bredniej wielko\u015bci<\/a><ul class='ez-toc-list-level-4' ><li class='ez-toc-heading-level-4'><a class=\"ez-toc-link ez-toc-heading-12\" href=\"https:\/\/comparemyjet.com\/pl\/silverhawk-aviation\/#Our_Recommendation_Cessna_Citation_Sovereign\" >Nasza rekomendacja: Cessna Citation Sovereign+<\/a><\/li><\/ul><\/li><\/ul><\/li><li class='ez-toc-page-1 ez-toc-heading-level-2'><a class=\"ez-toc-link ez-toc-heading-13\" href=\"https:\/\/comparemyjet.com\/pl\/silverhawk-aviation\/#Company_Safety_Policy_and_Standards\" >Polityka i normy bezpiecze\u0144stwa firmy<\/a><\/li><li class='ez-toc-page-1 ez-toc-heading-level-2'><a class=\"ez-toc-link ez-toc-heading-14\" href=\"https:\/\/comparemyjet.com\/pl\/silverhawk-aviation\/#Partnerships\" >Partnerstwa<\/a><\/li><li class='ez-toc-page-1 ez-toc-heading-level-2'><a class=\"ez-toc-link ez-toc-heading-15\" href=\"https:\/\/comparemyjet.com\/pl\/silverhawk-aviation\/#Conclusion\" >Wniosek<\/a><\/li><\/ul><\/nav><\/div>\n<h2 class=\"wp-block-heading\"><span class=\"ez-toc-section\" id=\"About_the_Company\"><\/span>O firmie<span class=\"ez-toc-section-end\"><\/span><\/h2>\r\n\r\n\r\n\r\n<p>Za\u0142o\u017cona w 1990 roku jako <a href=\"https:\/\/comparemyjet.com\/pl\/cessna\/\" data-internallinksmanager029f6b8e52c=\"145\" title=\"Ostateczny przewodnik po prywatnych odrzutowcach i samolotach Cessna\">Cessna<\/a> 414 us\u0142ug czarterowych z Seward w Nebrasce, Silverhawk Aviation dzia\u0142a od tamtej pory. W latach 90-tych dzia\u0142alno\u015b\u0107 czarterowa rozros\u0142a si\u0119 do 15 samolot\u00f3w i ponad 20 pilot\u00f3w, z kt\u00f3rych jeden lata\u0142 na sta\u0142ym skrzydle. <a href=\"https:\/\/comparemyjet.com\/pl\/how-much-medical-flights-medevac-air-ambulance-cost\/\" data-internallinksmanager029f6b8e52c=\"28\" title=\"Ile kosztuj\u0105 loty medyczne, medevac i pogotowie lotnicze?\">ambulans powietrzny<\/a>.&nbsp;<\/p>\r\n\r\n\r\n\r\n<p>Firma przenios\u0142a si\u0119 do Lincoln w 1995 roku i z powodzeniem rozszerzy\u0142a swoje us\u0142ugi o obs\u0142ug\u0119 techniczn\u0105 samolot\u00f3w oraz o doradztwo w zakresie obs\u0142ugi technicznej. <a href=\"https:\/\/comparemyjet.com\/pl\/czym-jest-prywatny-odrzutowiec-operator-stacjonarny-fbo\/\" data-internallinksmanager029f6b8e52c=\"19\" title=\"Co to jest operator sta\u0142ej bazy (FBO) dla prywatnych odrzutowc\u00f3w?\">FBO<\/a> kt\u00f3ra \u015bwiadczy szeroki zakres us\u0142ug, w tym tankowanie paliwa lotniczego, utrzymanie i wynajem samolot\u00f3w, zarz\u0105dzanie sprz\u0119tem oraz szko\u0142\u0119 pilota\u017cu.<\/p>\r\n\r\n\r\n\r\n<p>Dan Hinnah, obecny dyrektor generalny Silverhawk Aviation, interesuje si\u0119 lotnictwem od wielu lat. Po przej\u015bciu na emerytur\u0119 w 1990 r. z kierowniczego stanowiska w sektorze farmaceutycznym, podj\u0105\u0142 prac\u0119 w Silverhawk Aviation jako pilot czarterowy na p\u00f3\u0142 etatu.<\/p>\r\n\r\n\r\n\r\n<p>W 2006 roku w\u0142a\u015bciciel Silverhawk sprzeda\u0142 firm\u0119 Hinnahowi i dw\u00f3m jego przyjacio\u0142om, Johnowi Gillumowi i Kenowi Hiegelowi, i od tego czasu oni j\u0105 prowadz\u0105.&nbsp;<\/p>\r\n\r\n\r\n\r\n<h2 class=\"wp-block-heading\"><span class=\"ez-toc-section\" id=\"Aircraft_Maintenance\"><\/span>Obs\u0142uga techniczna statk\u00f3w powietrznych&nbsp;<span class=\"ez-toc-section-end\"><\/span><\/h2>\r\n\r\n\r\n\r\n<figure class=\"wp-block-image size-full is-style-default\"><img loading=\"lazy\" decoding=\"async\" width=\"1000\" height=\"667\" src=\"https:\/\/comparemyjet.com\/wp-content\/uploads\/2022\/10\/maintainance.aircraft.jpg\" alt=\"\" class=\"wp-image-3607\" srcset=\"https:\/\/comparemyjet.com\/wp-content\/uploads\/2022\/10\/maintainance.aircraft-18x12.jpg 18w, https:\/\/comparemyjet.com\/wp-content\/uploads\/2022\/10\/maintainance.aircraft-300x200.jpg 300w, https:\/\/comparemyjet.com\/wp-content\/uploads\/2022\/10\/maintainance.aircraft-768x512.jpg 768w, https:\/\/comparemyjet.com\/wp-content\/uploads\/2022\/10\/maintainance.aircraft.jpg 1000w\" sizes=\"auto, (max-width: 1000px) 100vw, 1000px\" \/><\/figure>\r\n\r\n\r\n\r\n<p>Konserwacja i awionika zajmuj\u0105 30 000 st\u00f3p kwadratowych z 40 000 st\u00f3p kwadratowych obiekt\u00f3w Silverhawk Aviation. Osobno od g\u0142\u00f3wnej struktury znajduje si\u0119 hangar dla samolot\u00f3w o powierzchni 15 000 st\u00f3p kwadratowych.&nbsp;<\/p>\r\n\r\n\r\n\r\n<p>Firma jest obecnie serwisem Cessny, Cirrus, Mooney oraz Pratt &amp; Whitney Canada, a dzia\u0142 obs\u0142ugi technicznej zatrudnia 45 os\u00f3b, z czego 10 to technicy. Zesp\u00f3\u0142 serwisowy ma du\u017ce do\u015bwiadczenie w obs\u0142udze samolot\u00f3w King Air od modelu 90 do modelu 350, a tak\u017ce modeli Citation 500, 501, 550 i 525.&nbsp;<\/p>\r\n\r\n\r\n\r\n<p>Poza tym, \u017ce Silverhawk jest dostawc\u0105 i instalatorem instrument\u00f3w Garmin, Honeywell, Sandel i Goodrich, jest r\u00f3wnie\u017c zatwierdzonym dealerem Garmin, Honeywell i S-Tec.<\/p>\r\n\r\n\r\n\r\n<p>W 2008 roku Silverhawk nawi\u0105za\u0142 wsp\u00f3\u0142prac\u0119 z Hillaero Modification Center, aby zapewni\u0107 r\u00f3\u017cnorodne us\u0142ugi w zakresie modyfikacji wn\u0119trza i otoczenia, w tym now\u0105 pod\u0142og\u0119, malowanie na zewn\u0105trz, przebudow\u0119 samolotu, szafki i os\u0142ony przeciwlodowe.&nbsp;<\/p>\r\n\r\n\r\n\r\n<h2 class=\"wp-block-heading\"><span class=\"ez-toc-section\" id=\"Aircraft_Management\"><\/span>Zarz\u0105dzanie statkami powietrznymi&nbsp;<span class=\"ez-toc-section-end\"><\/span><\/h2>\r\n\r\n\r\n\r\n<p>Silverhawk Aviation oferuje <a href=\"https:\/\/comparemyjet.com\/pl\/jakie-sa-niektore-firmy-zarzadzajace-statkami-powietrznymi\/\" data-internallinksmanager029f6b8e52c=\"21\" title=\"Us\u0142ugi i firmy zarz\u0105dzaj\u0105ce statkami powietrznymi\">zarz\u0105dzanie statkami powietrznymi<\/a> us\u0142ugi dla w\u0142a\u015bcicieli samolot\u00f3w, kt\u00f3rzy nie chc\u0105 zajmowa\u0107 si\u0119 k\u0142opotami i kosztami utrzymania samolotu.&nbsp;<\/p>\r\n\r\n\r\n\r\n<p>Niekt\u00f3re z zalet korzystania z rozwi\u0105za\u0144 do zarz\u0105dzania samolotami Silverhawk Aviation to:<\/p>\r\n\r\n\r\n\r\n<ul class=\"wp-block-list\"><li>Zestawienie miesi\u0119czne<\/li><li>Dost\u0119p do wszystkich samolot\u00f3w we flocie<\/li><li>Z\u0142ote oceny bezpiecze\u0144stwa zar\u00f3wno od Wyvern jak i ARG\/US<\/li><li>Administracja regionalna<\/li><li>Cz\u0142onkowie personelu lokalnego<\/li><\/ul>\r\n\r\n\r\n\r\n<h2 class=\"wp-block-heading\"><span class=\"ez-toc-section\" id=\"Company_Card_Program\"><\/span>Program kart firmowych<span class=\"ez-toc-section-end\"><\/span><\/h2>\r\n\r\n\r\n\r\n<p>Zakupy kart Jet Card przez nowych klient\u00f3w s\u0105 obecnie wstrzymane w Silverhawk Aviation. Firma okresowo wstrzymuje sprzeda\u017c kart Jet Card, aby unikn\u0105\u0107 przeci\u0105\u017cenia za\u0142ogi i samolot\u00f3w oraz aby m\u00f3c w pe\u0142ni po\u015bwi\u0119ci\u0107 si\u0119 swoim dotychczasowym klientom korzystaj\u0105cym z us\u0142ug frakcyjnych i kart Jet Card.<\/p>\r\n\r\n\r\n\r\n<p>Wed\u0142ug strony internetowej firmy, maj\u0105 siedem samolot\u00f3w czekaj\u0105cych na certyfikacj\u0119 FAA i zatrudniaj\u0105 20 kolejnych pilot\u00f3w w tym roku, aby sprosta\u0107 rosn\u0105cemu zapotrzebowaniu na prywatne czartery. Ze wzgl\u0119du na t\u0119 ekspansj\u0119, spodziewaj\u0105 si\u0119, \u017ce we wrze\u015bniu 2022 roku b\u0119dzie dost\u0119pna niewielka liczba Jet Cards. Nale\u017cy pami\u0119ta\u0107, \u017ce Silverhawk utrzymuje kolejk\u0119 dla tych, kt\u00f3rzy chc\u0105 najpierw zaklepa\u0107 sobie Jet Cards, gdy stan\u0105 si\u0119 dost\u0119pne.<\/p>\r\n\r\n\r\n\r\n<p>Wpisuj\u0105c si\u0119 na list\u0119 oczekuj\u0105cych Silverhawk Aviations, klienci staj\u0105 si\u0119 pierwszymi w kolejce do cz\u0142onkostwa i mog\u0105 zablokowa\u0107 aktualne ceny kart lotniczych. Aby zosta\u0107 wpisanym na list\u0119 oczekuj\u0105cych, nale\u017cy wp\u0142aci\u0107 depozyt w wysoko\u015bci $2 500, kt\u00f3ry jest w pe\u0142ni zwrotny, je\u015bli klient nie b\u0119dzie ju\u017c potrzebowa\u0142\/chcia\u0142 zapewni\u0107 sobie miejsce na li\u015bcie oczekuj\u0105cych.<\/p>\r\n\r\n\r\n\r\n<h2 class=\"wp-block-heading\"><span class=\"ez-toc-section\" id=\"On-Demand_Charter_and_Empty_Leg_Flights\"><\/span>Loty czarterowe na \u017c\u0105danie i puste nogi<span class=\"ez-toc-section-end\"><\/span><\/h2>\r\n\r\n\r\n\r\n<p>Silverhawk Aviation oferuje <a href=\"https:\/\/silverhawkaviation.com\/aircraft-charter\/\" target=\"_blank\" rel=\"noopener\">loty czarterowe na \u017c\u0105danie<\/a> w odrzutowcach Cessna Citation i turbopropach King Air. Cena za te loty jest standardowa.<\/p>\r\n\r\n\r\n\r\n<p>W zwi\u0105zku z tym, rezerwacja lotu czarterowego w jedn\u0105 stron\u0119 powoduje, \u017ce <a href=\"https:\/\/silverhawkaviation.com\/empty-leg-flights\/\" target=\"_blank\" rel=\"noopener\">lot na pustych nogach<\/a> - odrzutowiec leci bez pasa\u017cer\u00f3w do nast\u0119pnego przystanku. Klienci Silverhawk mog\u0105 zaoszcz\u0119dzi\u0107 pieni\u0105dze na op\u0142atach za bilety lotnicze, korzystaj\u0105c z lot\u00f3w bez pasa\u017cer\u00f3w, a tak\u017ce maj\u0105 mo\u017cliwo\u015b\u0107 zapisania si\u0119 na powiadomienia dotycz\u0105ce preferowanych miejsc docelowych.<\/p>\r\n\r\n\r\n\r\n<h2 class=\"wp-block-heading\"><span class=\"ez-toc-section\" id=\"The_Fleet\"><\/span>Flota&nbsp;<span class=\"ez-toc-section-end\"><\/span><\/h2>\r\n\r\n\r\n\r\n<p>W\u0142a\u015bciciele frakcyjni, posiadacze kart jet i klienci czarterowi mog\u0105 wybiera\u0107 z szerokiej gamy us\u0142ug i udogodnie\u0144 dost\u0119pnych na pok\u0142adzie samolot\u00f3w Silverhawk Aviations.&nbsp;<\/p>\r\n\r\n\r\n\r\n<p>Przyjrzyjmy si\u0119 bli\u017cej flocie samolot\u00f3w tej firmy.<\/p>\r\n\r\n\r\n\r\n<h3 class=\"wp-block-heading\"><span class=\"ez-toc-section\" id=\"1_Turboprops\"><\/span>1. Turbo\u015bmig\u0142owce<span class=\"ez-toc-section-end\"><\/span><\/h3>\r\n\r\n\r\n\r\n<p>Jedno- i dwusilnikowe samoloty turbo\u015bmig\u0142owe opieraj\u0105 si\u0119 na turbinach gazowych, kt\u00f3re obracaj\u0105 ich \u015bmig\u0142a. Samoloty te s\u0105 bardziej przyjazne dla bud\u017cetu ni\u017c prywatne odrzutowce i idealne do podr\u00f3\u017cy do 1000 nm. Typowy samolot turbo\u015bmig\u0142owy mo\u017ce zabra\u0107 na pok\u0142ad o\u015bmiu pasa\u017cer\u00f3w.<\/p>\r\n\r\n\r\n\r\n<h4 class=\"wp-block-heading\"><span class=\"ez-toc-section\" id=\"Our_Recommendation_King_Air_C90\"><\/span>Nasza rekomendacja: King Air C90<span class=\"ez-toc-section-end\"><\/span><\/h4>\r\n\r\n\r\n\r\n<p>Samolot King Air C90 zadebiutowa\u0142 w 1971 roku, a jego rozpi\u0119to\u015b\u0107 skrzyde\u0142 wynosi oko\u0142o 50 st\u00f3p 3 cale.<\/p>\r\n\r\n\r\n\r\n<p>Specyfikacje i udogodnienia:<\/p>\r\n\r\n\r\n\r\n<ul class=\"wp-block-list\"><li>Miejsca siedz\u0105ce: 5;<\/li><li>D\u0142ugo\u015b\u0107 ca\u0142kowita: 35 ft 5 in;&nbsp;<\/li><li>Wysoko\u015b\u0107: 14 ft 7 in;&nbsp;<\/li><li>D\u0142ugo\u015b\u0107 kabiny: 12 ft 8 in;<\/li><li>Wysoko\u015b\u0107 kabiny: 4 ft 8 in;<\/li><li>Szeroko\u015b\u0107 kabiny: 4 ft 8in;<\/li><li>Zasi\u0119g lotu: 1 120 mil;<\/li><li>Pr\u0119dko\u015b\u0107 przelotowa: 280 mph;<\/li><li>Punkt gastronomiczny z przek\u0105skami i napojami;<\/li><li>Ubikacja z zas\u0142on\u0105.<\/li><\/ul>\r\n\r\n\r\n\r\n<p><em>King Air 90<\/em> jest jedynym turbo\u015bmig\u0142owcem w Silverhawk Aviation <a href=\"https:\/\/silverhawkaviation.com\/fleet\/\" target=\"_blank\" rel=\"noopener\">katalog statk\u00f3w powietrznych<\/a>.<\/p>\r\n\r\n\r\n\r\n<h3 class=\"wp-block-heading\"><span class=\"ez-toc-section\" id=\"2_Light_Private_Jets\"><\/span>2. Lekkie odrzutowce prywatne<span class=\"ez-toc-section-end\"><\/span><\/h3>\r\n\r\n\r\n\r\n<p>Typowy zasi\u0119g lekkiego odrzutowca wynosi od 1500 do 2500 mil morskich. Samoloty te mog\u0105 zabra\u0107 na pok\u0142ad do 7 pasa\u017cer\u00f3w i posiadaj\u0105 odchylane fotele, kompaktowy kambuz i pasow\u0105 \u0142azienk\u0119 (lav seat). Lekkie odrzutowce mog\u0105 z \u0142atwo\u015bci\u0105 dosta\u0107 si\u0119 na odleg\u0142e wyspy lub g\u00f3rzyste tereny pozbawione lotnisk.<\/p>\r\n\r\n\r\n\r\n<h4 class=\"wp-block-heading\"><span class=\"ez-toc-section\" id=\"Our_Recommendation_Cessna_Citation_Encore\"><\/span>Nasza rekomendacja: Cessna Citation Encore<span class=\"ez-toc-section-end\"><\/span><\/h4>\r\n\r\n\r\n\r\n<p>Kolejny z fantastycznych prywatnych odrzutowc\u00f3w firmy Cessna, Citation Encore jest nazywany \"Encore\" niezwykle popularnego Citation Ultra. Encore jest bardzo elastycznym samolotem, kt\u00f3ry mo\u017ce pokonywa\u0107 du\u017ce odleg\u0142o\u015bci, startowa\u0107 i l\u0105dowa\u0107 na stosunkowo ma\u0142ych pasach startowych oraz przewozi\u0107 znaczny \u0142adunek. Jego nienaganne osi\u0105gi w locie, wygodne wn\u0119trze i minimalne koszty eksploatacji sprawiaj\u0105, \u017ce jest to popularna opcja.<\/p>\r\n\r\n\r\n\r\n<p>Specyfikacje i udogodnienia:<\/p>\r\n\r\n\r\n\r\n<ul class=\"wp-block-list\"><li>Miejsca siedz\u0105ce: 9;<\/li><li>Wysoko\u015b\u0107 zewn\u0119trzna: 15 st\u00f3p;<\/li><li>D\u0142ugo\u015b\u0107 ca\u0142kowita: 48 ft 11 in;<\/li><li>Rozpi\u0119to\u015b\u0107 skrzyde\u0142: 52 ft 2 in;<\/li><li>Przestrze\u0144 baga\u017cowa zewn\u0119trzna: 43 cu ft;<\/li><li>Wewn\u0119trzna przestrze\u0144 baga\u017cowa: 28 cu ft;<\/li><li>Maksymalny zasi\u0119g lotu: 1736 nm;<\/li><li>Maksymalna pr\u0119dko\u015b\u0107 przelotowa: 430 kts;<\/li><li>Nowa niestandardowa farba i wn\u0119trze;<\/li><li>Wyposa\u017cony w Wi-Fi;<\/li><li>Porty i gniazda \u0142adowania USB;<\/li><li>Obudowana toaleta;<\/li><li>Sk\u00f3rzane siedzenie;<\/li><li>Klimatyzowana kabina;<\/li><li>Za\u0142oga: 2.<\/li><\/ul>\r\n\r\n\r\n\r\n<p><em>Cessna Citation Ultra i Cessna Citation V to jedyne lekkie odrzutowce dost\u0119pne w ofercie Silverhawk Aviation. <\/em><a href=\"https:\/\/silverhawkaviation.com\/fleet\/\" target=\"_blank\" rel=\"noopener\"><em>katalog statk\u00f3w powietrznych<\/em><\/a><em> opr\u00f3cz polecanego przez nas modelu Cessna Citation Encore.<\/em><\/p>\r\n\r\n\r\n\r\n<h3 class=\"wp-block-heading\"><span class=\"ez-toc-section\" id=\"3_Midsize_Private_Jets\"><\/span>3. Prywatne odrzutowce \u015bredniej wielko\u015bci<span class=\"ez-toc-section-end\"><\/span><\/h3>\r\n\r\n\r\n\r\n<p>Typowy czas lotu bez mi\u0119dzyl\u0105dowania \u015bredniej wielko\u015bci odrzutowca to cztery do pi\u0119ciu godzin. Niekt\u00f3re \u015bredniej wielko\u015bci samoloty s\u0105 w stanie lata\u0107 po ca\u0142ym kraju bez tankowania, podczas gdy inne mog\u0105 wymaga\u0107 pit stopu. W samolocie znajduj\u0105 si\u0119 zazwyczaj wygodne miejsca siedz\u0105ce dla siedmiu do dziewi\u0119ciu pasa\u017cer\u00f3w, z mo\u017cliwo\u015bci\u0105 obracania i odchylania.<\/p>\r\n\r\n\r\n\r\n<h4 class=\"wp-block-heading\"><span class=\"ez-toc-section\" id=\"Our_Recommendation_Cessna_Citation_Sovereign\"><\/span>Nasza rekomendacja: Cessna Citation Sovereign+<span class=\"ez-toc-section-end\"><\/span><\/h4>\r\n\r\n\r\n\r\n<p>Ameryka\u0144ski producent Cessna stworzy\u0142 Citation Sovereign (znany r\u00f3wnie\u017c jako Cessna Model 680 Sovereign) jako \u015bredniej wielko\u015bci odrzutowiec biznesowy. Citation Sovereign+, wyposa\u017cony jest w zmodernizowan\u0105 awionik\u0119 i mo\u017ce pochwali\u0107 si\u0119 poprawionymi osi\u0105gami podczas wznoszenia.&nbsp;<\/p>\r\n\r\n\r\n\r\n<p>Specyfikacje i udogodnienia:<\/p>\r\n\r\n\r\n\r\n<ul class=\"wp-block-list\"><li>Miejsca siedz\u0105ce: 9;<\/li><li>D\u0142ugo\u015b\u0107 zewn\u0119trzna: 63 ft 6 in;<\/li><li>Wysoko\u015b\u0107 zewn\u0119trzna: 20 ft 4 in;<\/li><li>Rozpi\u0119to\u015b\u0107 skrzyde\u0142: 72 ft 4 in;<\/li><li>Szeroko\u015b\u0107 kabiny: 5 ft 6 in;<\/li><li>Wysoko\u015b\u0107 kabiny: 5 ft 8 in;<\/li><li>D\u0142ugo\u015b\u0107 kabiny: 25 ft 3 in;<\/li><li>Baga\u017c wewn\u0119trzny: 35 cu ft;<\/li><li>Baga\u017c zewn\u0119trzny: 100 cu ft;<\/li><li>Zasi\u0119g lotu: 3,000+ mil;<\/li><li>Maksymalna pr\u0119dko\u015b\u0107 przelotowa: 459 kts;<\/li><li>Wyposa\u017cony w Wi-Fi;<\/li><li>Kabina stoj\u0105ca;<\/li><li>Klub w \u015brodkowej kabinie ze stolikami;<\/li><li>Klimatyzowana kabina;<\/li><li>Sk\u00f3rzane fotele;<\/li><li>W pe\u0142ni zaopatrzony kambuz i bar;<\/li><li>Obudowana toaleta;<\/li><li>Za\u0142oga: 2.<\/li><\/ul>\r\n\r\n\r\n\r\n<p><em>Cessna Citation Excel <\/em>to jedyny \u015bredniej wielko\u015bci odrzutowiec dost\u0119pny w Silverhawk Aviation <a href=\"https:\/\/silverhawkaviation.com\/fleet\/\" target=\"_blank\" rel=\"noopener\">katalog statk\u00f3w powietrznych<\/a> opr\u00f3cz polecanego przez nas modelu <em>Cessna Citation Sovereign+.<\/em><\/p>\r\n\r\n\r\n\r\n<h2 class=\"wp-block-heading\"><span class=\"ez-toc-section\" id=\"Company_Safety_Policy_and_Standards\"><\/span>Polityka i normy bezpiecze\u0144stwa firmy<span class=\"ez-toc-section-end\"><\/span><\/h2>\r\n\r\n\r\n\r\n<figure class=\"wp-block-image size-full is-style-default\"><img loading=\"lazy\" decoding=\"async\" width=\"1000\" height=\"667\" src=\"https:\/\/comparemyjet.com\/wp-content\/uploads\/2022\/10\/Silverhawk.Aviation.safety.jpg\" alt=\"Silverhawk Aviation\" class=\"wp-image-3605\" srcset=\"https:\/\/comparemyjet.com\/wp-content\/uploads\/2022\/10\/Silverhawk.Aviation.safety-18x12.jpg 18w, https:\/\/comparemyjet.com\/wp-content\/uploads\/2022\/10\/Silverhawk.Aviation.safety-300x200.jpg 300w, https:\/\/comparemyjet.com\/wp-content\/uploads\/2022\/10\/Silverhawk.Aviation.safety-768x512.jpg 768w, https:\/\/comparemyjet.com\/wp-content\/uploads\/2022\/10\/Silverhawk.Aviation.safety.jpg 1000w\" sizes=\"auto, (max-width: 1000px) 100vw, 1000px\" \/><\/figure>\r\n\r\n\r\n\r\n<p>Kapitanowie Silverhawk przechodz\u0105 roczne szkolenie w FlightSafety dla ka\u017cdego samolotu, kt\u00f3rym lataj\u0105, z dodatkowym szkoleniem co p\u00f3\u0142 roku. Je\u015bli chodzi o firmy szkoleniowe, FlightSafety ma znakomit\u0105 reputacj\u0119.&nbsp;<\/p>\r\n\r\n\r\n\r\n<p>Wszystkie procedury regularne i awaryjne s\u0105 szczeg\u00f3\u0142owo om\u00f3wione podczas wielu godzin szkolenia na symulatorze i test\u00f3w w locie.&nbsp;<\/p>\r\n\r\n\r\n\r\n<p>Silverhawk jest cz\u0119\u015bci\u0105 Air Charter Safety Foundation, kt\u00f3ra pomaga tym, kt\u00f3rzy dzia\u0142aj\u0105 w bran\u017cy czarterowej i frakcyjnej poprzez rozpowszechnianie najnowszych informacji na temat bezpiecze\u0144stwa, u\u0142atwianie program\u00f3w zarz\u0105dzania ryzykiem i konsekwentne opowiadanie si\u0119 za popraw\u0105 przepis\u00f3w rz\u0105dowych.&nbsp;<\/p>\r\n\r\n\r\n\r\n<p>Ponadto Silverhawk jest jedn\u0105 z niewielu firm czarterowych, kt\u00f3ra zosta\u0142a wyr\u00f3\u017cniona z\u0142ot\u0105 ocen\u0105 w systemie ratingowym ARG\/US (Aviation Research Group \/ United States).<\/p>\r\n\r\n\r\n\r\n<h2 class=\"wp-block-heading\"><span class=\"ez-toc-section\" id=\"Partnerships\"><\/span>Partnerstwa<span class=\"ez-toc-section-end\"><\/span><\/h2>\r\n\r\n\r\n\r\n<p>Silverhawk Aviation jest cz\u0142onkiem Paragon Network, ekskluzywnej grupy prywatnych operator\u00f3w sta\u0142ych baz (FBO) obs\u0142uguj\u0105cych globaln\u0105 spo\u0142eczno\u015b\u0107 lotnicz\u0105. Zanim FBO mo\u017ce sta\u0107 si\u0119 cz\u0119\u015bci\u0105 Paragon Network, musi najpierw przej\u015b\u0107 dok\u0142adny audyt przeprowadzony przez Paragon Aviation Group, kt\u00f3ry sprawdza ka\u017cdy aspekt obiektu oraz \u015bwiadczonych us\u0142ug. Aby utrzyma\u0107 cz\u0142onkostwo, ka\u017cde FBO musi przestrzega\u0107 zestawu podstawowych wymaga\u0144 ustanowionych w drodze strategicznego konsensusu.&nbsp;<\/p>\r\n\r\n\r\n\r\n<h2 class=\"wp-block-heading\"><span class=\"ez-toc-section\" id=\"Conclusion\"><\/span>Wniosek<span class=\"ez-toc-section-end\"><\/span><\/h2>\r\n\r\n\r\n\r\n<p>W 1991 roku firma Silverhawk rozpocz\u0119\u0142a dzia\u0142alno\u015b\u0107 w Seward, w stanie Nebraska, z jednym samolotem i jednym pilotem. Obecnie Silverhawk dostarcza wst\u0119pnie zmieszane paliwo lotnicze Phillips 66 na Lincoln Municipal Airport (KLNK) i prowadzi pr\u0119\u017cn\u0105 dzia\u0142alno\u015b\u0107 czarterow\u0105 z flot\u0105 14 samolot\u00f3w turbo\u015bmig\u0142owych i lekkich. Ponadto, Silverhawk Aviation jest zatwierdzonym przez FAA zak\u0142adem konserwacyjnym, kt\u00f3ry przeprowadza planowe przegl\u0105dy, naprawy i modernizacje, co sprawia, \u017ce jest to kompleksowe rozwi\u0105zanie dla wszystkich spraw zwi\u0105zanych z prywatnymi czarterami i w\u0142asno\u015bci\u0105.<\/p>","protected":false},"excerpt":{"rendered":"<p>Silverhawk Aviation to prywatna firma czarterowa, kt\u00f3ra rozpocz\u0119\u0142a dzia\u0142alno\u015b\u0107 w 1991 roku jako us\u0142uga czarterowa dla jednego samolotu z Seward w stanie Nebraska.  Opr\u00f3cz tradycyjnych lot\u00f3w czarterowych, Silverhawk Aviation oferuje szeroki zakres us\u0142ug, w tym instrukta\u017c pilota\u017cu, konserwacj\u0119 samolot\u00f3w, instalacj\u0119 awioniki oraz us\u0142ugi liniowe. Zobaczmy, jak powsta\u0142a ta firma i co ...<\/p>","protected":false},"author":2,"featured_media":3606,"parent":0,"menu_order":0,"comment_status":"closed","ping_status":"closed","template":"","meta":{"_acf_changed":false,"_genesis_hide_title":false,"_genesis_hide_breadcrumbs":false,"_genesis_hide_singular_image":false,"_genesis_hide_footer_widgets":false,"_genesis_custom_body_class":"","_genesis_custom_post_class":"","_genesis_layout":"","footnotes":""},"class_list":{"1":"page","2":"type-page","6":"entry"},"acf":[],"_links":{"self":[{"href":"https:\/\/comparemyjet.com\/pl\/wp-json\/wp\/v2\/pages\/3604","targetHints":{"allow":["GET"]}}],"collection":[{"href":"https:\/\/comparemyjet.com\/pl\/wp-json\/wp\/v2\/pages"}],"about":[{"href":"https:\/\/comparemyjet.com\/pl\/wp-json\/wp\/v2\/types\/page"}],"author":[{"embeddable":true,"href":"https:\/\/comparemyjet.com\/pl\/wp-json\/wp\/v2\/users\/2"}],"replies":[{"embeddable":true,"href":"https:\/\/comparemyjet.com\/pl\/wp-json\/wp\/v2\/comments?post=3604"}],"version-history":[{"count":2,"href":"https:\/\/comparemyjet.com\/pl\/wp-json\/wp\/v2\/pages\/3604\/revisions"}],"predecessor-version":[{"id":3618,"href":"https:\/\/comparemyjet.com\/pl\/wp-json\/wp\/v2\/pages\/3604\/revisions\/3618"}],"wp:featuredmedia":[{"embeddable":true,"href":"https:\/\/comparemyjet.com\/pl\/wp-json\/wp\/v2\/media\/3606"}],"wp:attachment":[{"href":"https:\/\/comparemyjet.com\/pl\/wp-json\/wp\/v2\/media?parent=3604"}],"curies":[{"name":"wp","href":"https:\/\/api.w.org\/{rel}","templated":true}]}}