{"id":2825,"date":"2022-04-06T14:20:11","date_gmt":"2022-04-06T14:20:11","guid":{"rendered":"https:\/\/comparemyjet.com\/?page_id=2825"},"modified":"2025-09-04T09:59:35","modified_gmt":"2025-09-04T09:59:35","slug":"politica-de-privacidade","status":"publish","type":"page","link":"https:\/\/comparemyjet.com\/pt\/politica-de-privacidade\/","title":{"rendered":"Pol\u00edtica de Privacidade"},"content":{"rendered":"<p>Esta pol\u00edtica de privacidade \u00e9 para este site [<a href=\"https:\/\/comparemyjet.com\/pt\/\">CompareMeuJet.com\/<\/a>]. (Propriedade da Brilliant British Ltd, n\u00famero da empresa 10490224 (registada em Inglaterra e no Pa\u00eds de Gales), refer\u00eancia de registo ICO: ZA286128, Endere\u00e7o do escrit\u00f3rio registado: 3rd Floor Great Titchfield House, 14-18 Great Titchfield Street, <a href=\"https:\/\/comparemyjet.com\/pt\/visitas-privadas\/london-private-tours\/\" data-internallinksmanager029f6b8e52c=\"396\" title=\"11 melhores excurs\u00f5es privadas a Londres a partir de $104.69\">Londres<\/a>(Reino Unido, W1W 8BD). O presente documento estabelece a forma como a CompareMyJet.com utiliza e protege as informa\u00e7\u00f5es que o utilizador fornece \u00e0 CompareMyJet.com quando utiliza este s\u00edtio Web.<\/p>\n<p>CompareMyJet.com est\u00e1 empenhado em assegurar que a sua privacidade seja protegida. Se lhe pedirmos para fornecer determinadas informa\u00e7\u00f5es pelas quais possa ser identificado ao utilizar este website, pode ter a certeza de que apenas ser\u00e1 utilizado de acordo com esta declara\u00e7\u00e3o de privacidade.<\/p>\n<p>CompareMyJet.com pode alterar esta pol\u00edtica de tempos em tempos, atualizando esta p\u00e1gina. Voc\u00ea deve verificar esta p\u00e1gina de vez em quando para garantir que voc\u00ea est\u00e1 satisfeito com quaisquer altera\u00e7\u00f5es. Esta pol\u00edtica \u00e9 eficaz a partir de <em>09\/03\/2022<\/em>.<\/p>\n<p><strong>Por favor, note:<\/strong> Para os fins do Regulamento Geral de Protec\u00e7\u00e3o de Dados (GDPR), a CompareMyJet.com actua como controlador de dados e como processador de dados para todas as cita\u00e7\u00f5es.<\/p>\n<p><strong>Seguran\u00e7a<\/strong><\/p>\n<p>Estamos empenhados em garantir que as suas informa\u00e7\u00f5es estejam seguras. A fim de evitar o acesso ou divulga\u00e7\u00e3o n\u00e3o autorizada, estabelecemos procedimentos f\u00edsicos, eletr\u00f4nicos e gerenciais adequados para salvaguardar e proteger as informa\u00e7\u00f5es que coletamos on-line. Todos os dados do site s\u00e3o transmitidos utilizando tecnologia SSL segura.<\/p>\n<p>Os utilizadores que contactam e\/ou enviam informa\u00e7\u00f5es deste website e\/ou dos seus propriet\u00e1rios fazem-no \u00e0 sua discri\u00e7\u00e3o e fornecem quaisquer dados pessoais solicitados por sua conta e risco. A sua informa\u00e7\u00e3o pessoal \u00e9 mantida privada e armazenada em seguran\u00e7a at\u00e9 que deixe de ser necess\u00e1ria ou n\u00e3o tenha mais utilidade, conforme detalhado no Regulamento Geral de Protec\u00e7\u00e3o de Dados de 2018. Foram feitos todos os esfor\u00e7os para garantir um formul\u00e1rio seguro e protegido para o processo de envio de cota\u00e7\u00f5es, mas aconselha-se os utilizadores a utilizarem esse formul\u00e1rio para fazer as cota\u00e7\u00f5es por sua pr\u00f3pria conta e risco.<\/p>\n<p><strong>Como usamos os cookies<\/strong><\/p>\n<p>Um cookie \u00e9 um pequeno ficheiro que pede permiss\u00e3o para ser colocado no disco r\u00edgido do seu computador. Uma vez que voc\u00ea concorda, o arquivo \u00e9 adicionado e o cookie ajuda a analisar o tr\u00e1fego web ou permite que voc\u00ea saiba quando voc\u00ea visita um determinado site. Os cookies permitem que as aplica\u00e7\u00f5es web respondam a voc\u00ea como um indiv\u00edduo. A aplica\u00e7\u00e3o web pode adaptar as suas opera\u00e7\u00f5es \u00e0s suas necessidades, gostos e avers\u00f5es, recolhendo e memorizando informa\u00e7\u00f5es sobre as suas prefer\u00eancias.<\/p>\n<p>Utilizamos cookies de registo de tr\u00e1fego para identificar quais as p\u00e1ginas que est\u00e3o a ser utilizadas. Isso nos ajuda a analisar os dados sobre o tr\u00e1fego das p\u00e1ginas web e a melhorar nosso site para adequ\u00e1-lo \u00e0s necessidades do cliente. Utilizamos esta informa\u00e7\u00e3o apenas para fins de an\u00e1lise estat\u00edstica e depois os dados s\u00e3o removidos do sistema. N\u00e3o os utilizamos para rastrear usu\u00e1rios individuais, apenas para agregar o uso do website.<\/p>\n<p>Em geral, os cookies ajudam-nos a fornecer-lhe um melhor website, permitindo-nos monitorizar quais as p\u00e1ginas que considera \u00fateis e quais as que n\u00e3o considera \u00fateis. Um cookie n\u00e3o nos d\u00e1 acesso ao seu computador ou a qualquer informa\u00e7\u00e3o sobre si, a n\u00e3o ser os dados que opte por partilhar connosco.<\/p>\n<p>Voc\u00ea pode optar por aceitar ou recusar cookies. A maioria dos navegadores aceita cookies automaticamente, mas voc\u00ea geralmente pode modificar a configura\u00e7\u00e3o do seu navegador para recusar cookies, se preferir. Isto pode impedi-lo de tirar o m\u00e1ximo proveito do site.<\/p>\n<p>Os utilizadores s\u00e3o aconselhados que se desejarem negar o uso e a grava\u00e7\u00e3o de cookies deste website no disco r\u00edgido dos seus computadores, devem tomar as medidas necess\u00e1rias dentro das defini\u00e7\u00f5es de seguran\u00e7a dos seus navegadores web para bloquear todos os cookies deste website e dos seus fornecedores externos de servi\u00e7os.<\/p>\n<p>Este site usa software de rastreamento para monitorar seus visitantes e entender melhor como eles o usam. Este software \u00e9 fornecido pelo Google Analytics que utiliza cookies para rastrear o uso dos visitantes. O software guardar\u00e1 um cookie no disco r\u00edgido do seu computador a fim de rastrear e monitorar o seu envolvimento e uso do site, mas n\u00e3o armazenar\u00e1, salvar\u00e1 ou coletar\u00e1 informa\u00e7\u00f5es pessoais. Voc\u00ea pode ler a pol\u00edtica de privacidade do Google aqui para obter mais informa\u00e7\u00f5es [ http:\/\/www.google.com\/privacy.html ].<\/p>\n<p><strong>Links para outros sites<\/strong><\/p>\n<p>O nosso website pode conter links para outros websites de interesse. No entanto, uma vez que voc\u00ea tenha usado esses links para sair do nosso site, voc\u00ea deve observar que n\u00f3s n\u00e3o temos qualquer controle sobre esse outro site. <\/p>\n<p>Portanto, n\u00e3o podemos ser respons\u00e1veis pela protec\u00e7\u00e3o e privacidade de qualquer informa\u00e7\u00e3o que nos forne\u00e7a durante a sua visita a esses sites e esses sites n\u00e3o s\u00e3o regidos por esta declara\u00e7\u00e3o de privacidade. Voc\u00ea deve ter cuidado e olhar para a declara\u00e7\u00e3o de privacidade aplic\u00e1vel ao site em quest\u00e3o.<\/p>\n<p><strong>Links de Afiliados<\/strong><\/p>\n<p>Este site tamb\u00e9m faz uso de links de afiliados. Estes s\u00e3o links para outros sites que podem rastrear seu comportamento uma vez que voc\u00ea esteja nesse site. Eles podem resultar na obten\u00e7\u00e3o de uma comiss\u00e3o se voc\u00ea completar uma determinada a\u00e7\u00e3o e\/ou fizer uma compra. Estes links pagam pela nossa pesquisa e website e s\u00e3o o que nos permite oferecer todo o nosso conte\u00fado de forma gratuita. <\/p>\n<p>Se voc\u00ea est\u00e1 preocupado com isso, por favor verifique a pol\u00edtica de privacidade em qualquer outro site que voc\u00ea visitar a partir de um link deste.   <\/p>\n<p><strong>M\u00eddias Sociais<\/strong><\/p>\n<p>Este site pode usar bot\u00f5es de compartilhamento social que ajudam a compartilhar conte\u00fado da web diretamente das p\u00e1ginas da web para a plataforma de m\u00eddia social em quest\u00e3o. Os usu\u00e1rios s\u00e3o aconselhados antes de usar esses bot\u00f5es de compartilhamento social a faz\u00ea-lo a seu pr\u00f3prio crit\u00e9rio e observar que a plataforma de m\u00eddia social pode rastrear e salvar seu pedido de compartilhar uma p\u00e1gina da web, respectivamente, atrav\u00e9s de sua conta na plataforma de m\u00eddia social.<\/p>\n<p>Os usu\u00e1rios s\u00e3o aconselhados a ter cautela e bom senso antes de clicar em qualquer urls encurtadas publicadas em plataformas de m\u00eddia social por este site e seus propriet\u00e1rios. Apesar dos melhores esfor\u00e7os para garantir que somente urls genu\u00ednas sejam publicadas, muitas plataformas de m\u00eddia social s\u00e3o propensas a spam e hacking e, portanto, este website e seus propriet\u00e1rios n\u00e3o podem ser responsabilizados por quaisquer danos ou implica\u00e7\u00f5es causadas pela visita a qualquer link encurtado.<\/p>\n<p><strong>Controlar as suas informa\u00e7\u00f5es pessoais<\/strong><\/p>\n<p>Se voc\u00ea acredita que qualquer informa\u00e7\u00e3o que estamos mantendo sobre voc\u00ea est\u00e1 incorreta ou incompleta, por favor <a href=\"https:\/\/CompareMyJet.com\/contact-us\/\" data-lasso-id=\"8809\" target=\"_blank\" rel=\"noopener\">contacte-nos<\/a> o mais r\u00e1pido poss\u00edvel no endere\u00e7o acima. Corrigiremos prontamente qualquer informa\u00e7\u00e3o que se verifique estar incorrecta.<\/p>\n<p><em>v.1.0 - 9 de Mar\u00e7o de 2022 Editado e customizado por: CompareMeuJet.com<\/em><\/p>","protected":false},"excerpt":{"rendered":"<p>A presente pol\u00edtica de privacidade aplica-se a este s\u00edtio Web [CompareMyJet.com\/]. (Propriedade da Brilliant British Ltd, n\u00famero da empresa 10490224 (registada em Inglaterra e no Pa\u00eds de Gales), refer\u00eancia de registo ICO: ZA286128, Endere\u00e7o do escrit\u00f3rio registado: 3rd Floor Great Titchfield House, 14-18 Great Titchfield Street, Londres, Reino Unido, W1W 8BD). Estabelece a forma como a CompareMyJet.com utiliza e protege as informa\u00e7\u00f5es que o utilizador fornece ...<\/p>","protected":false},"author":1,"featured_media":0,"parent":0,"menu_order":0,"comment_status":"closed","ping_status":"closed","template":"","meta":{"_acf_changed":false,"_genesis_hide_title":false,"_genesis_hide_breadcrumbs":false,"_genesis_hide_singular_image":false,"_genesis_hide_footer_widgets":false,"_genesis_custom_body_class":"","_genesis_custom_post_class":"","_genesis_layout":"","footnotes":""},"class_list":{"1":"page","2":"type-page","5":"entry"},"acf":[],"_links":{"self":[{"href":"https:\/\/comparemyjet.com\/pt\/wp-json\/wp\/v2\/pages\/2825","targetHints":{"allow":["GET"]}}],"collection":[{"href":"https:\/\/comparemyjet.com\/pt\/wp-json\/wp\/v2\/pages"}],"about":[{"href":"https:\/\/comparemyjet.com\/pt\/wp-json\/wp\/v2\/types\/page"}],"author":[{"embeddable":true,"href":"https:\/\/comparemyjet.com\/pt\/wp-json\/wp\/v2\/users\/1"}],"replies":[{"embeddable":true,"href":"https:\/\/comparemyjet.com\/pt\/wp-json\/wp\/v2\/comments?post=2825"}],"version-history":[{"count":2,"href":"https:\/\/comparemyjet.com\/pt\/wp-json\/wp\/v2\/pages\/2825\/revisions"}],"predecessor-version":[{"id":2827,"href":"https:\/\/comparemyjet.com\/pt\/wp-json\/wp\/v2\/pages\/2825\/revisions\/2827"}],"wp:attachment":[{"href":"https:\/\/comparemyjet.com\/pt\/wp-json\/wp\/v2\/media?parent=2825"}],"curies":[{"name":"wp","href":"https:\/\/api.w.org\/{rel}","templated":true}]}}