{"id":2829,"date":"2022-04-06T14:23:50","date_gmt":"2022-04-06T14:23:50","guid":{"rendered":"https:\/\/comparemyjet.com\/?page_id=2829"},"modified":"2025-09-04T10:00:53","modified_gmt":"2025-09-04T10:00:53","slug":"termos-de-utilizacao","status":"publish","type":"page","link":"https:\/\/comparemyjet.com\/pt\/termos-de-utilizacao\/","title":{"rendered":"Termos de Uso"},"content":{"rendered":"<p><strong>POR FAVOR LEIA-AS CUIDADOSAMENTE ANTES DE UTILIZAR ESTE WEBSITE.<\/strong><\/p>\n<p>Bem-vindo ao CompareMyJet.com. Se continuar a navegar e a utilizar este website, est\u00e1 a concordar em cumprir e estar vinculado aos seguintes termos e condi\u00e7\u00f5es de utiliza\u00e7\u00e3o, os quais, juntamente com a nossa <a href=\"https:\/\/CompareMyJet.com\/privacy-policy\/\" target=\"_blank\" rel=\"noopener\">pol\u00edtica de confidencialidade<\/a> governar a rela\u00e7\u00e3o da CompareMyJet.com com voc\u00ea em rela\u00e7\u00e3o a este site. Se n\u00e3o concordar com qualquer parte destes termos e condi\u00e7\u00f5es, por favor n\u00e3o utilize o nosso website.<\/p>\n<p>Estes Termos de Uso, juntamente com os outros documentos referidos abaixo, estabelecem os termos e condi\u00e7\u00f5es nos quais voc\u00ea pode fazer uso do https:\/\/CompareMyJet.com\/ (\"nosso site\"). <\/p>\n<p>Outros documentos importantes <\/p>\n<p>Os Termos de Uso referem-se ao nosso <a href=\"https:\/\/CompareMyJet.com\/privacy-policy\/\" data-lasso-id=\"8845\" target=\"_blank\" rel=\"noopener\">Pol\u00edtica de Privacidade<\/a> que estabelecem os termos em que processamos quaisquer dados pessoais que nos forne\u00e7a, ou que recolhemos de si. Ao utilizar o nosso site, voc\u00ea consente com esse processamento.<\/p>\n<p>A utiliza\u00e7\u00e3o deste website est\u00e1 sujeita aos seguintes termos de utiliza\u00e7\u00e3o:<\/p>\n<ul>\n<li> O conte\u00fado das p\u00e1ginas deste website \u00e9 apenas para sua informa\u00e7\u00e3o geral e uso. Ele est\u00e1 sujeito a altera\u00e7\u00f5es sem aviso pr\u00e9vio.<\/li>\n<li> Este site usa cookies para monitorar as prefer\u00eancias de navega\u00e7\u00e3o. Se voc\u00ea permitir o uso de cookies, informa\u00e7\u00f5es pessoais podem ser armazenadas por n\u00f3s para uso por terceiros.<\/li>\n<li> Nem n\u00f3s nem quaisquer terceiros fornecem qualquer garantia ou garantia quanto \u00e0 precis\u00e3o, oportunidade, desempenho, integridade ou adequa\u00e7\u00e3o das informa\u00e7\u00f5es e materiais encontrados ou oferecidos neste website para qualquer prop\u00f3sito em particular. Voc\u00ea reconhece que tais informa\u00e7\u00f5es e materiais podem conter imprecis\u00f5es ou erros e n\u00f3s expressamente exclu\u00edmos qualquer responsabilidade por tais imprecis\u00f5es ou erros na extens\u00e3o m\u00e1xima permitida por lei.<\/li>\n<li> O uso de qualquer informa\u00e7\u00e3o ou material deste website \u00e9 inteiramente por sua conta e risco, pelo qual n\u00e3o seremos respons\u00e1veis. Ser\u00e1 sua pr\u00f3pria responsabilidade garantir que quaisquer produtos, servi\u00e7os ou informa\u00e7\u00f5es dispon\u00edveis atrav\u00e9s deste website atendam aos seus requisitos espec\u00edficos.<\/li>\n<li> Este website cont\u00e9m material que nos pertence ou est\u00e1 licenciado. Este material inclui, mas n\u00e3o est\u00e1 limitado a, design, layout, apar\u00eancia e gr\u00e1ficos. A reprodu\u00e7\u00e3o \u00e9 proibida a n\u00e3o ser de acordo com o aviso de direitos autorais, que faz parte destes termos e condi\u00e7\u00f5es.<\/li>\n<li> O uso n\u00e3o autorizado deste website pode dar origem a uma reclama\u00e7\u00e3o por danos e\/ou ser um delito criminal.<\/li>\n<li> De vez em quando, este website tamb\u00e9m pode incluir links para outros websites. Estes links s\u00e3o fornecidos para sua conveni\u00eancia, a fim de fornecer mais informa\u00e7\u00f5es. Eles n\u00e3o significam que n\u00f3s endossamos o(s) website(s). N\u00e3o temos qualquer responsabilidade pelo conte\u00fado do(s) website(s) ligado(s).<\/li>\n<li> A sua utiliza\u00e7\u00e3o deste website e qualquer disputa decorrente dessa utiliza\u00e7\u00e3o do website est\u00e1 sujeita \u00e0s leis da Inglaterra, Irlanda do Norte, Esc\u00f3cia e Pa\u00eds de Gales.<\/li>\n<\/ul>","protected":false},"excerpt":{"rendered":"<p>POR FAVOR LEIA-AS CUIDADOSAMENTE ANTES DE UTILIZAR ESTE WEBSITE. Bem-vindo ao CompareMyJet.com. Se continuar a navegar e a utilizar este website, est\u00e1 a concordar em cumprir e estar vinculado aos seguintes termos e condi\u00e7\u00f5es de utiliza\u00e7\u00e3o, que, juntamente com a nossa pol\u00edtica de privacidade, regem a rela\u00e7\u00e3o da CompareMyJet.com consigo em rela\u00e7\u00e3o a este website. Se o utilizador ...<\/p>","protected":false},"author":1,"featured_media":0,"parent":0,"menu_order":0,"comment_status":"closed","ping_status":"closed","template":"","meta":{"_acf_changed":false,"_genesis_hide_title":false,"_genesis_hide_breadcrumbs":false,"_genesis_hide_singular_image":false,"_genesis_hide_footer_widgets":false,"_genesis_custom_body_class":"","_genesis_custom_post_class":"","_genesis_layout":"","footnotes":""},"class_list":{"1":"page","2":"type-page","5":"entry"},"acf":[],"_links":{"self":[{"href":"https:\/\/comparemyjet.com\/pt\/wp-json\/wp\/v2\/pages\/2829","targetHints":{"allow":["GET"]}}],"collection":[{"href":"https:\/\/comparemyjet.com\/pt\/wp-json\/wp\/v2\/pages"}],"about":[{"href":"https:\/\/comparemyjet.com\/pt\/wp-json\/wp\/v2\/types\/page"}],"author":[{"embeddable":true,"href":"https:\/\/comparemyjet.com\/pt\/wp-json\/wp\/v2\/users\/1"}],"replies":[{"embeddable":true,"href":"https:\/\/comparemyjet.com\/pt\/wp-json\/wp\/v2\/comments?post=2829"}],"version-history":[{"count":2,"href":"https:\/\/comparemyjet.com\/pt\/wp-json\/wp\/v2\/pages\/2829\/revisions"}],"predecessor-version":[{"id":2831,"href":"https:\/\/comparemyjet.com\/pt\/wp-json\/wp\/v2\/pages\/2829\/revisions\/2831"}],"wp:attachment":[{"href":"https:\/\/comparemyjet.com\/pt\/wp-json\/wp\/v2\/media?parent=2829"}],"curies":[{"name":"wp","href":"https:\/\/api.w.org\/{rel}","templated":true}]}}