{"id":3061,"date":"2022-07-11T23:51:35","date_gmt":"2022-07-11T23:51:35","guid":{"rendered":"https:\/\/comparemyjet.com\/?page_id=3061"},"modified":"2025-09-04T09:58:14","modified_gmt":"2025-09-04T09:58:14","slug":"amalfi-jets","status":"publish","type":"page","link":"https:\/\/comparemyjet.com\/pt\/amalfi-jets\/","title":{"rendered":"Pre\u00e7os de voo Amalfi Jets"},"content":{"rendered":"<p>Nada melhor do que viajar pelo mundo enquanto se voa num jacto privado. Para tornar a experi\u00eancia de voar em jacto privado mais agrad\u00e1vel, a Amalfi Jets envia um dos seus representantes ao aeroporto para cumprimentar cada cliente antes da partida e assegurar que todos os detalhes s\u00e3o tratados para um voo mais agrad\u00e1vel.&nbsp;<\/p>\r\n\r\n\r\n\r\n<p>A empresa fornece servi\u00e7os tais como fretamento a pedido e programas de filia\u00e7\u00e3o com cart\u00e3o a jacto. Tamb\u00e9m prometem disponibilidade garantida com apenas 18 horas de anteced\u00eancia, e pode tirar partido de upgrades de avi\u00f5es gratuitos e muitos outros benef\u00edcios. Vamos explorar as vantagens de voar com jactos Amalfi em mais detalhe.<\/p>\r\n\r\n\r\n\r\n<div id=\"ez-toc-container\" class=\"ez-toc-v2_0_76 counter-hierarchy ez-toc-counter ez-toc-grey ez-toc-container-direction\">\n<p class=\"ez-toc-title\" style=\"cursor:inherit\">T\u00f3picos<\/p>\n<label for=\"ez-toc-cssicon-toggle-item-69f038b5b314c\" class=\"ez-toc-cssicon-toggle-label\"><span class=\"\"><span class=\"eztoc-hide\" style=\"display:none;\">Alternar<\/span><span class=\"ez-toc-icon-toggle-span\"><svg style=\"fill: #999;color:#999\" xmlns=\"http:\/\/www.w3.org\/2000\/svg\" class=\"list-377408\" width=\"20px\" height=\"20px\" viewbox=\"0 0 24 24\" fill=\"none\"><path d=\"M6 6H4v2h2V6zm14 0H8v2h12V6zM4 11h2v2H4v-2zm16 0H8v2h12v-2zM4 16h2v2H4v-2zm16 0H8v2h12v-2z\" fill=\"currentColor\"><\/path><\/svg><svg style=\"fill: #999;color:#999\" class=\"arrow-unsorted-368013\" xmlns=\"http:\/\/www.w3.org\/2000\/svg\" width=\"10px\" height=\"10px\" viewbox=\"0 0 24 24\" version=\"1.2\" baseprofile=\"tiny\"><path d=\"M18.2 9.3l-6.2-6.3-6.2 6.3c-.2.2-.3.4-.3.7s.1.5.3.7c.2.2.4.3.7.3h11c.3 0 .5-.1.7-.3.2-.2.3-.5.3-.7s-.1-.5-.3-.7zM5.8 14.7l6.2 6.3 6.2-6.3c.2-.2.3-.5.3-.7s-.1-.5-.3-.7c-.2-.2-.4-.3-.7-.3h-11c-.3 0-.5.1-.7.3-.2.2-.3.5-.3.7s.1.5.3.7z\"\/><\/svg><\/span><\/span><\/label><input type=\"checkbox\"  id=\"ez-toc-cssicon-toggle-item-69f038b5b314c\" checked aria-label=\"Alternar\" \/><nav><ul class='ez-toc-list ez-toc-list-level-1' ><li class='ez-toc-page-1 ez-toc-heading-level-2'><a class=\"ez-toc-link ez-toc-heading-1\" href=\"https:\/\/comparemyjet.com\/pt\/amalfi-jets\/#Company_History\" >Hist\u00f3ria da Empresa<\/a><ul class='ez-toc-list-level-3' ><li class='ez-toc-heading-level-3'><a class=\"ez-toc-link ez-toc-heading-2\" href=\"https:\/\/comparemyjet.com\/pt\/amalfi-jets\/#Why_Choose_Amalfi_Jets\" >Porqu\u00ea escolher os Jactos Amalfi?<\/a><\/li><\/ul><\/li><li class='ez-toc-page-1 ez-toc-heading-level-2'><a class=\"ez-toc-link ez-toc-heading-3\" href=\"https:\/\/comparemyjet.com\/pt\/amalfi-jets\/#Ways_to_Fly\" >Maneiras de voar<\/a><\/li><li class='ez-toc-page-1 ez-toc-heading-level-2'><a class=\"ez-toc-link ez-toc-heading-4\" href=\"https:\/\/comparemyjet.com\/pt\/amalfi-jets\/#The_Company_Card_Program\" >O Programa de Cart\u00e3o de Empresa<\/a><\/li><li class='ez-toc-page-1 ez-toc-heading-level-2'><a class=\"ez-toc-link ez-toc-heading-5\" href=\"https:\/\/comparemyjet.com\/pt\/amalfi-jets\/#Pricing\" >Fixa\u00e7\u00e3o de pre\u00e7os<\/a><\/li><li class='ez-toc-page-1 ez-toc-heading-level-2'><a class=\"ez-toc-link ez-toc-heading-6\" href=\"https:\/\/comparemyjet.com\/pt\/amalfi-jets\/#The_Fleet\" >A Frota&nbsp;<\/a><ul class='ez-toc-list-level-3' ><li class='ez-toc-heading-level-3'><a class=\"ez-toc-link ez-toc-heading-7\" href=\"https:\/\/comparemyjet.com\/pt\/amalfi-jets\/#1_Light_Private_Jets\" >1. Jactos Privados Ligeiros<\/a><\/li><li class='ez-toc-page-1 ez-toc-heading-level-3'><a class=\"ez-toc-link ez-toc-heading-8\" href=\"https:\/\/comparemyjet.com\/pt\/amalfi-jets\/#2_Midsize_and_Super-Midsize_Private_Jets\" >2. Jactos privados de m\u00e9dio e super-m\u00e9dio porte&nbsp;<\/a><\/li><li class='ez-toc-page-1 ez-toc-heading-level-3'><a class=\"ez-toc-link ez-toc-heading-9\" href=\"https:\/\/comparemyjet.com\/pt\/amalfi-jets\/#3_Large_Private_Jets\" >3. Grandes Jactos Privados<\/a><\/li><li class='ez-toc-page-1 ez-toc-heading-level-3'><a class=\"ez-toc-link ez-toc-heading-10\" href=\"https:\/\/comparemyjet.com\/pt\/amalfi-jets\/#4_Ultra-Long-Range_Private_Jets\" >4. Jactos Privados de Ultra-Longo Alcance<\/a><\/li><\/ul><\/li><li class='ez-toc-page-1 ez-toc-heading-level-2'><a class=\"ez-toc-link ez-toc-heading-11\" href=\"https:\/\/comparemyjet.com\/pt\/amalfi-jets\/#Company_Safety_Policy_and_Standards\" >Pol\u00edtica e Normas de Seguran\u00e7a da Empresa<\/a><\/li><li class='ez-toc-page-1 ez-toc-heading-level-2'><a class=\"ez-toc-link ez-toc-heading-12\" href=\"https:\/\/comparemyjet.com\/pt\/amalfi-jets\/#Partnerships\" >Parcerias<\/a><\/li><li class='ez-toc-page-1 ez-toc-heading-level-2'><a class=\"ez-toc-link ez-toc-heading-13\" href=\"https:\/\/comparemyjet.com\/pt\/amalfi-jets\/#Conclusion\" >Conclus\u00e3o<\/a><\/li><\/ul><\/nav><\/div>\n<h2 class=\"wp-block-heading\"><span class=\"ez-toc-section\" id=\"Company_History\"><\/span>Hist\u00f3ria da Empresa<span class=\"ez-toc-section-end\"><\/span><\/h2>\r\n\r\n\r\n\r\n<p>Amalfi Jets \u00e9 um <a href=\"https:\/\/comparemyjet.com\/pt\/how-do-you-rent-or-charter-a-private-jet\/\" data-internallinksmanager029f6b8e52c=\"15\" title=\"Como se aluga ou freta um jacto privado?\">afretamento de jactos privados<\/a> ag\u00eancia que foi fundada por Kolin Jones em 2020. Com sede em <a href=\"https:\/\/comparemyjet.com\/pt\/visitas-privadas\/los-angeles-private-tours\/\" data-internallinksmanager029f6b8e52c=\"421\" title=\"11 melhores excurs\u00f5es privadas em Los Angeles a partir de $55.00\">Los Angeles<\/a>Amalfi oferece aos viajantes tanto o aluguer a pedido como uma op\u00e7\u00e3o de ades\u00e3o a panfletos frequentes. Indiv\u00edduos, empresas e fam\u00edlias beneficiaram dos servi\u00e7os de voo especializados da empresa, como catering personalizado e um servi\u00e7o complementar de carro preto.&nbsp;<\/p>\r\n\r\n\r\n\r\n<p>Amalfi Jets, LLC \u00e9 uma das empresas de crescimento mais r\u00e1pido no sector da avia\u00e7\u00e3o sob a orienta\u00e7\u00e3o de Kolin. Desde a prontid\u00e3o dos seus pilotos e pessoal at\u00e9 \u00e0 seguran\u00e7a da sua clientela, os jactos Amalfi tomam todas as precau\u00e7\u00f5es para garantir que a sua viagem decorra sem problemas, para que n\u00e3o tenha nada com que se preocupar para al\u00e9m de se divertir muito num avi\u00e3o privado.<\/p>\r\n\r\n\r\n\r\n<p>A Amalfi Jets tem uma extensa rede de aproximadamente 2.000 aeronaves localizadas em todo o mundo. Todos os voos s\u00e3o conduzidos por <a href=\"https:\/\/www.faa.gov\/\" target=\"_blank\" rel=\"noopener\">FAA<\/a>-certificado Parte 135 operadores de aeronaves ou seus equivalentes noutros pa\u00edses.&nbsp;<\/p>\r\n\r\n\r\n\r\n<h3 class=\"wp-block-heading\"><span class=\"ez-toc-section\" id=\"Why_Choose_Amalfi_Jets\"><\/span>Porqu\u00ea escolher os Jactos Amalfi?<span class=\"ez-toc-section-end\"><\/span><\/h3>\r\n\r\n\r\n\r\n<p>A Amalfi Jets esfor\u00e7a-se por fornecer a melhor qualidade de servi\u00e7o ao cliente. Uma coisa que os distingue de outras empresas privadas de charter \u00e9 a sua equipa global de representantes da Amalfi que voam para saudar os transeuntes em cada um dos pontos de partida.&nbsp;<\/p>\r\n\r\n\r\n\r\n<p>A empresa tamb\u00e9m fornece recolha gratuita a partir de sua casa ou do ponto de partida da sua viagem, oferecendo servi\u00e7o de carro preto em SUV para todos os viajantes. Recebe servi\u00e7o de t\u00e1xi do seu ponto de partida at\u00e9 ao seu aeroporto de chegada em qualquer viagem que planeie e execute com a Amalfi Jets. Eles ser\u00e3o os seus acompanhantes durante toda a sua viagem.<\/p>\r\n\r\n\r\n\r\n<p>Quando se trata de catering a bordo, a Amalfi Jets tem o prazer de colaborar com alguns dos mais renomados chefes de cozinha do mundo. Antes de cada viagem, o pessoal de servi\u00e7os ao cliente organiza menus para que possa escolher, dependendo das suas prefer\u00eancias e dieta.<\/p>\r\n\r\n\r\n\r\n<p>Al\u00e9m disso, os seus consultores de avia\u00e7\u00e3o ir\u00e3o ajud\u00e1-lo a escolher o avi\u00e3o certo e mais acess\u00edvel para a sua viagem espec\u00edfica entre mais de 2.000 avi\u00f5es. Cada viagem \u00e9 supervisionada por especialistas em avia\u00e7\u00e3o para assegurar um servi\u00e7o de qualidade e a satisfa\u00e7\u00e3o do cliente.<\/p>\r\n\r\n\r\n\r\n<h2 class=\"wp-block-heading\"><span class=\"ez-toc-section\" id=\"Ways_to_Fly\"><\/span>Maneiras de voar<span class=\"ez-toc-section-end\"><\/span><\/h2>\r\n\r\n\r\n\r\n<p>H\u00e1 duas maneiras de voar com os Jactos Amalfi:<\/p>\r\n\r\n\r\n\r\n<ol class=\"wp-block-list\"><li>Solicitar alternativas de aeronaves dispon\u00edveis em viagem por viagem atrav\u00e9s do <a href=\"https:\/\/amalfijets.com\/on-demand-charter\/\" target=\"_blank\" rel=\"noopener\">on-demand<\/a> aspecto da carta.&nbsp;<\/li><li>Torne-se um <a href=\"https:\/\/amalfijets.com\/the-amalfi-one-jet-card-program\/\" target=\"_blank\" rel=\"noopener\">Um Cart\u00e3o a Jacto<\/a> membro se \u00e9 um passageiro frequente que quer ser propriet\u00e1rio de um avi\u00e3o sem pagar as taxas que o acompanham.<\/li><\/ol>\r\n\r\n\r\n\r\n<p>Vamos explorar o programa de ades\u00e3o com mais detalhe.<\/p>\r\n\r\n\r\n\r\n<h2 class=\"wp-block-heading\"><span class=\"ez-toc-section\" id=\"The_Company_Card_Program\"><\/span>O Programa de Cart\u00e3o de Empresa<span class=\"ez-toc-section-end\"><\/span><\/h2>\r\n\r\n\r\n\r\n<p>O objectivo do Programa Amalfi One Jet Card \u00e9 oferecer-lhe uma rede de servi\u00e7os onde pode desfrutar do melhor que a ind\u00fastria tem para oferecer - uma viagem mundial.<\/p>\r\n\r\n\r\n\r\n<p>O Amalfi One Jet Card \u00e9 o \u00fanico cart\u00e3o a jacto no ramo que pode ser utilizado em mais de 30 pa\u00edses diferentes. Como titular de um cart\u00e3o, pode voar e pagar por hora desde que viaje dentro ou entre os pa\u00edses da principal \u00e1rea de servi\u00e7o da empresa. Independentemente do destino da sua viagem, pode estar confiante de que uma frota de avi\u00f5es estar\u00e1 \u00e0 sua espera para o transportar at\u00e9 ao seu destino.<\/p>\r\n\r\n\r\n\r\n<p>Outra vantagem de ser titular de um cart\u00e3o \u00e9 que s\u00f3 pode fretar um jacto com um pr\u00e9-aviso de 18 horas dentro dos EUA, ou 72 horas para o resto dos locais dentro da \u00e1rea de servi\u00e7o principal da Amalfis.<\/p>\r\n\r\n\r\n\r\n<p>Por \u00faltimo, mas n\u00e3o menos importante, como titular de um cart\u00e3o, receber\u00e1 um servi\u00e7o de carro preto gratuito, catering personalizado em cada voo, e o seu \u00e1lcool e bebidas preferidas. Um representante da Amalfi Jets cumpriment\u00e1-lo-\u00e1 em cada aeroporto de partida para se certificar de que recebe o melhor n\u00edvel de servi\u00e7o.<\/p>\r\n\r\n\r\n\r\n<h2 class=\"wp-block-heading\"><span class=\"ez-toc-section\" id=\"Pricing\"><\/span>Fixa\u00e7\u00e3o de pre\u00e7os<span class=\"ez-toc-section-end\"><\/span><\/h2>\r\n\r\n\r\n\r\n<p>\u00c9 necess\u00e1rio um dep\u00f3sito inicial m\u00ednimo de $50.000 USD para o Programa Um, com todo o $50.000 a entrar imediatamente na sua conta voadora para fins de viagem, e sem taxas de ades\u00e3o, taxas anuais, quotas, ou custos de inicia\u00e7\u00e3o.<\/p>\r\n\r\n\r\n\r\n<p>Como membro do Programa One Jet Card, paga as seguintes taxas hor\u00e1rias:<\/p>\r\n\r\n\r\n\r\n<ul class=\"wp-block-list\"><li>$5,800 para jactos ligeiros;&nbsp;<\/li><li>$7,800 para jactos de m\u00e9dio porte;&nbsp;<\/li><li>$9,800 para jactos de tamanho super-m\u00e9dio;&nbsp;<\/li><li>$10,800 para grandes jactos de cabine;&nbsp;<\/li><li>$13,500 para jactos de ultra-longo alcance.<\/li><\/ul>\r\n\r\n\r\n\r\n<h2 class=\"wp-block-heading\"><span class=\"ez-toc-section\" id=\"The_Fleet\"><\/span>A Frota&nbsp;<span class=\"ez-toc-section-end\"><\/span><\/h2>\r\n\r\n\r\n\r\n<figure class=\"wp-block-image size-full is-style-default\"><img loading=\"lazy\" decoding=\"async\" width=\"1000\" height=\"667\" src=\"https:\/\/comparemyjet.com\/wp-content\/uploads\/2022\/07\/amalfi.jets_.white_.private.jet_.on_.the_.runway.jpg\" alt=\"amalfi.jets.white.private.avi\u00e3o.na.pista.de.aterragem\" class=\"wp-image-3067\" srcset=\"https:\/\/comparemyjet.com\/wp-content\/uploads\/2022\/07\/amalfi.jets_.white_.private.jet_.on_.the_.runway-18x12.jpg 18w, https:\/\/comparemyjet.com\/wp-content\/uploads\/2022\/07\/amalfi.jets_.white_.private.jet_.on_.the_.runway-300x200.jpg 300w, https:\/\/comparemyjet.com\/wp-content\/uploads\/2022\/07\/amalfi.jets_.white_.private.jet_.on_.the_.runway-768x512.jpg 768w, https:\/\/comparemyjet.com\/wp-content\/uploads\/2022\/07\/amalfi.jets_.white_.private.jet_.on_.the_.runway.jpg 1000w\" sizes=\"auto, (max-width: 1000px) 100vw, 1000px\" \/><\/figure>\r\n\r\n\r\n\r\n<p>Veja as seguintes categorias de jactos, e use as nossas explica\u00e7\u00f5es para escolher o avi\u00e3o ideal para a sua pr\u00f3xima viagem.<\/p>\r\n\r\n\r\n\r\n<h3 class=\"wp-block-heading\"><span class=\"ez-toc-section\" id=\"1_Light_Private_Jets\"><\/span>1. Jactos Privados Ligeiros<span class=\"ez-toc-section-end\"><\/span><\/h3>\r\n\r\n\r\n\r\n<p>Se a sua viagem dura at\u00e9 tr\u00eas horas, com um pequeno grupo de 4-6 passageiros, os jactos na categoria de avi\u00f5es ligeiros s\u00e3o uma escolha conveniente.&nbsp;<\/p>\r\n\r\n\r\n\r\n<p>Os jactos ligeiros s\u00e3o uma escolha comum devido aos seus baixos custos operacionais e elevada efici\u00eancia. Alguns jactos ligeiros podem ser relativamente pequenos enquanto outros maiores do que seria de esperar, pelo que tudo depende do modelo da aeronave. Pode n\u00e3o haver mesas ou banheiros, e normalmente n\u00e3o h\u00e1 espa\u00e7o para ficar de p\u00e9, raz\u00e3o pela qual as hospedeiras n\u00e3o costumam acompanhar os passageiros nestes jactos. Contudo, proporcionam voos mais pac\u00edficos do que os turboprops a baixo custo, e s\u00e3o perfeitos para pistas mais pequenas.&nbsp;<\/p>\r\n\r\n\r\n\r\n<h3 class=\"wp-block-heading\"><span class=\"ez-toc-section\" id=\"2_Midsize_and_Super-Midsize_Private_Jets\"><\/span>2. Jactos privados de m\u00e9dio e super-m\u00e9dio porte&nbsp;<span class=\"ez-toc-section-end\"><\/span><\/h3>\r\n\r\n\r\n\r\n<p>A categoria de tamanho m\u00e9dio, que pode acomodar at\u00e9 9 passageiros, \u00e9 popular para viagens de at\u00e9 4 horas e para passageiros que queiram capacidade adicional de bagagem, uma cabine espa\u00e7osa, e alojamento sofisticado. Ao contr\u00e1rio dos jactos ligeiros, os avi\u00f5es da categoria de m\u00e9dio porte disp\u00f5em de compartimentos de bebidas maiores, permitindo que comida e lanches adicionais, assim como bebidas, sejam trazidos a bordo. A categoria de avi\u00f5es de m\u00e9dio porte \u00e9 outra das preferidas dos clientes. Estes jactos privados disp\u00f5em de cabines stand-up, lugares para at\u00e9 9 passageiros, e a capacidade de viajar atrav\u00e9s dos continentes.<\/p>\r\n\r\n\r\n\r\n<h3 class=\"wp-block-heading\"><span class=\"ez-toc-section\" id=\"3_Large_Private_Jets\"><\/span>3. Grandes Jactos Privados<span class=\"ez-toc-section-end\"><\/span><\/h3>\r\n\r\n\r\n\r\n<p>A classe dos grandes jactos privados \u00e9 mais adequada para voos intercontinentais ou grandes festas, gra\u00e7as \u00e0s cabines espa\u00e7osas - independentemente do alcance da viagem. Esta classe de jactos privados tamb\u00e9m proporciona um excelente desempenho na pista, velocidade e taxa de subida, maior capacidade de passageiros e de bagagem, e um alcance mais longo.&nbsp;<\/p>\r\n\r\n\r\n\r\n<p>Os avi\u00f5es pesados podem transportar cerca de quinze passageiros, com quarto de dormir para seis. Camas de dormir, \u00e1reas de armazenamento de alimentos, casas de banho e sistemas modernos de entretenimento est\u00e3o dispon\u00edveis em quase todos os jactos pesados e h\u00e1 pelo menos uma hospedeira de bordo durante o voo.&nbsp;<\/p>\r\n\r\n\r\n\r\n<p>A cerca de 500 milhas por hora, os jactos pesados t\u00eam um alcance de cerca de 6.000 milhas. S\u00e3o mais pequenos do que os avi\u00f5es comerciais e oferecem uma maior variedade de op\u00e7\u00f5es de aterragem.&nbsp;<\/p>\r\n\r\n\r\n\r\n<h3 class=\"wp-block-heading\"><span class=\"ez-toc-section\" id=\"4_Ultra-Long-Range_Private_Jets\"><\/span>4. Jactos Privados de Ultra-Longo Alcance<span class=\"ez-toc-section-end\"><\/span><\/h3>\r\n\r\n\r\n\r\n<p>Se precisar de estar do outro lado do mundo num espa\u00e7o de tempo muito curto, os jactos de ultra-longo alcance est\u00e3o l\u00e1 para si. Esta categoria inclui jactos capazes de voar entre 8.500 e 12.900 quil\u00f3metros sem parar para combust\u00edvel. Estes avi\u00f5es privados s\u00e3o espa\u00e7osos e agrad\u00e1veis, com tr\u00eas zonas designadas para trabalhar, sentar, e descansar. A altura da cabine varia de 1,85 a 1,95 metros.&nbsp;<\/p>\r\n\r\n\r\n\r\n<h2 class=\"wp-block-heading\"><span class=\"ez-toc-section\" id=\"Company_Safety_Policy_and_Standards\"><\/span>Pol\u00edtica e Normas de Seguran\u00e7a da Empresa<span class=\"ez-toc-section-end\"><\/span><\/h2>\r\n\r\n\r\n\r\n<p>Todos os voos s\u00e3o realizados por transportadoras a\u00e9reas da FAA Part 135 certificadas por raz\u00f5es de seguran\u00e7a. Todas as aeronaves est\u00e3o equipadas com equipamento de ponta e pilotos com vasta experi\u00eancia. Dois pilotos controlam cada voo Jet Card, e apenas s\u00e3o utilizadas aeronaves e tripula\u00e7\u00e3o que tenham sido submetidas a uma auditoria de seguran\u00e7a exaustiva de terceiros da ARG\/US, Wyvern, ou IS-BAO.<\/p>\r\n\r\n\r\n\r\n<h2 class=\"wp-block-heading\"><span class=\"ez-toc-section\" id=\"Partnerships\"><\/span>Parcerias<span class=\"ez-toc-section-end\"><\/span><\/h2>\r\n\r\n\r\n\r\n<figure class=\"wp-block-image size-full is-style-default\"><img loading=\"lazy\" decoding=\"async\" width=\"1000\" height=\"667\" src=\"https:\/\/comparemyjet.com\/wp-content\/uploads\/2022\/07\/white.plane_.flying.over_.buildings.jpg\" alt=\"\" class=\"wp-image-3064\" srcset=\"https:\/\/comparemyjet.com\/wp-content\/uploads\/2022\/07\/white.plane_.flying.over_.buildings-18x12.jpg 18w, https:\/\/comparemyjet.com\/wp-content\/uploads\/2022\/07\/white.plane_.flying.over_.buildings-300x200.jpg 300w, https:\/\/comparemyjet.com\/wp-content\/uploads\/2022\/07\/white.plane_.flying.over_.buildings-768x512.jpg 768w, https:\/\/comparemyjet.com\/wp-content\/uploads\/2022\/07\/white.plane_.flying.over_.buildings.jpg 1000w\" sizes=\"auto, (max-width: 1000px) 100vw, 1000px\" \/><\/figure>\r\n\r\n\r\n\r\n<p>Para al\u00e9m de fornecer aos seus clientes servi\u00e7os de fretamento e a ades\u00e3o ao Jet Card, a Amalfi Jet tamb\u00e9m tem uma rede global de parceiros espalhados pelos cinco continentes. Os titulares do cart\u00e3o da empresa t\u00eam acesso a locais e benef\u00edcios \u00fanicos, gra\u00e7as aos seus parceiros, como privil\u00e9gios em alguns dos melhores <a href=\"https:\/\/comparemyjet.com\/pt\/hotels\/\" data-internallinksmanager029f6b8e52c=\"470\" title=\"100 melhores hot\u00e9is perto de aeroportos de todo o mundo\">hot\u00e9is<\/a>, clubes gastron\u00f3micos e outros locais de cultura e entretenimento.&nbsp;<\/p>\r\n\r\n\r\n\r\n<p>Amalfi One Jet Card \u00e9 aceite em 32 pa\u00edses, pelo que pode viajar na maioria das partes do mundo.&nbsp;<\/p>\r\n\r\n\r\n\r\n<p>Amalfi Jets tem a honra de trabalhar e ser apoiada por algumas das empresas mais prestigiadas do mundo, tais como The Ritz - Carlton Residences, The Langham - <a href=\"https:\/\/comparemyjet.com\/pt\/visitas-privadas\/sydney-private-tours\/\" data-internallinksmanager029f6b8e52c=\"208\" title=\"11 melhores excurs\u00f5es privadas em Sydney a partir de $31.99\">Sydney<\/a>, Palace Hotel - <a href=\"https:\/\/comparemyjet.com\/pt\/private-jet-charters-to-charters-tokyo\/\" data-internallinksmanager029f6b8e52c=\"121\" title=\"Aluguer de Jet Charters privados para T\u00f3quio\">T\u00f3quio<\/a>, Castello di Amorosa - <a href=\"https:\/\/comparemyjet.com\/pt\/visitas-privadas\/napa-private-tours\/\" data-internallinksmanager029f6b8e52c=\"424\" title=\"11 melhores excurs\u00f5es privadas a Napa a partir de $99.00\">Napa<\/a> Valley, Stein Eriksen Lodge e muitos outros.<\/p>\r\n\r\n\r\n\r\n<h2 class=\"wp-block-heading\"><span class=\"ez-toc-section\" id=\"Conclusion\"><\/span>Conclus\u00e3o<span class=\"ez-toc-section-end\"><\/span><\/h2>\r\n\r\n\r\n\r\n<p>\u00c9 fundamental contar com uma empresa charter fi\u00e1vel para a sua seguran\u00e7a e a da sua fam\u00edlia. Se estiver a pensar aonde recorrer quando as taxas de afretamento de avi\u00f5es e o combust\u00edvel para avi\u00f5es a jacto estiverem a crescer ao segundo, recorra aos Jactos Amalfi. A sua aten\u00e7\u00e3o aos detalhes e o servi\u00e7o ao cliente garantem uma viagem segura e satisfat\u00f3ria. O Programa One Jet Card oferece-lhe tarifas hor\u00e1rias baixas, acesso ao seu jacto preferido em apenas 18 horas, sem custos adicionais ou datas indispon\u00edveis.&nbsp;<\/p>","protected":false},"excerpt":{"rendered":"<p>Nada melhor do que viajar pelo mundo enquanto se voa num jacto privado. Para tornar a experi\u00eancia de voar em jacto privado mais agrad\u00e1vel, a Amalfi Jets envia um dos seus representantes ao aeroporto para cumprimentar cada cliente antes da partida e assegurar que todos os detalhes s\u00e3o tratados para um voo muito agrad\u00e1vel.  A empresa fornece servi\u00e7os tais como ...<\/p>","protected":false},"author":2,"featured_media":3063,"parent":0,"menu_order":0,"comment_status":"closed","ping_status":"closed","template":"","meta":{"_acf_changed":false,"_genesis_hide_title":false,"_genesis_hide_breadcrumbs":false,"_genesis_hide_singular_image":false,"_genesis_hide_footer_widgets":false,"_genesis_custom_body_class":"","_genesis_custom_post_class":"","_genesis_layout":"","footnotes":""},"class_list":{"1":"page","2":"type-page","6":"entry"},"acf":[],"_links":{"self":[{"href":"https:\/\/comparemyjet.com\/pt\/wp-json\/wp\/v2\/pages\/3061","targetHints":{"allow":["GET"]}}],"collection":[{"href":"https:\/\/comparemyjet.com\/pt\/wp-json\/wp\/v2\/pages"}],"about":[{"href":"https:\/\/comparemyjet.com\/pt\/wp-json\/wp\/v2\/types\/page"}],"author":[{"embeddable":true,"href":"https:\/\/comparemyjet.com\/pt\/wp-json\/wp\/v2\/users\/2"}],"replies":[{"embeddable":true,"href":"https:\/\/comparemyjet.com\/pt\/wp-json\/wp\/v2\/comments?post=3061"}],"version-history":[{"count":3,"href":"https:\/\/comparemyjet.com\/pt\/wp-json\/wp\/v2\/pages\/3061\/revisions"}],"predecessor-version":[{"id":3437,"href":"https:\/\/comparemyjet.com\/pt\/wp-json\/wp\/v2\/pages\/3061\/revisions\/3437"}],"wp:featuredmedia":[{"embeddable":true,"href":"https:\/\/comparemyjet.com\/pt\/wp-json\/wp\/v2\/media\/3063"}],"wp:attachment":[{"href":"https:\/\/comparemyjet.com\/pt\/wp-json\/wp\/v2\/media?parent=3061"}],"curies":[{"name":"wp","href":"https:\/\/api.w.org\/{rel}","templated":true}]}}