{"id":3070,"date":"2022-07-11T23:51:45","date_gmt":"2022-07-11T23:51:45","guid":{"rendered":"https:\/\/comparemyjet.com\/?page_id=3070"},"modified":"2025-09-04T09:58:16","modified_gmt":"2025-09-04T09:58:16","slug":"concord-private-jet","status":"publish","type":"page","link":"https:\/\/comparemyjet.com\/pt\/concord-private-jet\/","title":{"rendered":"Concord Private Jet Pricing"},"content":{"rendered":"<p>A Concord Private Jet foi fundada com base no princ\u00edpio de fornecer os melhores avi\u00f5es a pre\u00e7os o mais baixos poss\u00edvel. A empresa opera como corretor de fretamento, alugando fretamentos privados para os seus clientes.<\/p>\r\n\r\n\r\n\r\n<p>O propriet\u00e1rio, Neal Impellizzeri, supervisiona cada Cart\u00e3o de Acesso da Frota e assegura-se de que tudo, desde a programa\u00e7\u00e3o at\u00e9 ao catering ou \u00e0 transfer\u00eancia, \u00e9 perfeito para si. Impellizzeri aprecia o valor de estar dentro do hor\u00e1rio, e ele e a sua equipa est\u00e3o acess\u00edveis 24 horas por dia, 7 dias por semana para garantir que cada hor\u00e1rio \u00e9 rigorosamente cumprido. Vamos ver o que mais a Concord Private tem para oferecer com mais detalhe.<\/p>\r\n\r\n\r\n\r\n<div id=\"ez-toc-container\" class=\"ez-toc-v2_0_76 counter-hierarchy ez-toc-counter ez-toc-grey ez-toc-container-direction\">\n<p class=\"ez-toc-title\" style=\"cursor:inherit\">T\u00f3picos<\/p>\n<label for=\"ez-toc-cssicon-toggle-item-69f1971046057\" class=\"ez-toc-cssicon-toggle-label\"><span class=\"\"><span class=\"eztoc-hide\" style=\"display:none;\">Alternar<\/span><span class=\"ez-toc-icon-toggle-span\"><svg style=\"fill: #999;color:#999\" xmlns=\"http:\/\/www.w3.org\/2000\/svg\" class=\"list-377408\" width=\"20px\" height=\"20px\" viewbox=\"0 0 24 24\" fill=\"none\"><path d=\"M6 6H4v2h2V6zm14 0H8v2h12V6zM4 11h2v2H4v-2zm16 0H8v2h12v-2zM4 16h2v2H4v-2zm16 0H8v2h12v-2z\" fill=\"currentColor\"><\/path><\/svg><svg style=\"fill: #999;color:#999\" class=\"arrow-unsorted-368013\" xmlns=\"http:\/\/www.w3.org\/2000\/svg\" width=\"10px\" height=\"10px\" viewbox=\"0 0 24 24\" version=\"1.2\" baseprofile=\"tiny\"><path d=\"M18.2 9.3l-6.2-6.3-6.2 6.3c-.2.2-.3.4-.3.7s.1.5.3.7c.2.2.4.3.7.3h11c.3 0 .5-.1.7-.3.2-.2.3-.5.3-.7s-.1-.5-.3-.7zM5.8 14.7l6.2 6.3 6.2-6.3c.2-.2.3-.5.3-.7s-.1-.5-.3-.7c-.2-.2-.4-.3-.7-.3h-11c-.3 0-.5.1-.7.3-.2.2-.3.5-.3.7s.1.5.3.7z\"\/><\/svg><\/span><\/span><\/label><input type=\"checkbox\"  id=\"ez-toc-cssicon-toggle-item-69f1971046057\" checked aria-label=\"Alternar\" \/><nav><ul class='ez-toc-list ez-toc-list-level-1' ><li class='ez-toc-page-1 ez-toc-heading-level-2'><a class=\"ez-toc-link ez-toc-heading-1\" href=\"https:\/\/comparemyjet.com\/pt\/concord-private-jet\/#Company_History\" >Hist\u00f3ria da Empresa<\/a><\/li><li class='ez-toc-page-1 ez-toc-heading-level-2'><a class=\"ez-toc-link ez-toc-heading-2\" href=\"https:\/\/comparemyjet.com\/pt\/concord-private-jet\/#Company_Jet_Card_Program\" >Programa de cart\u00f5es Jet Card da empresa<\/a><\/li><li class='ez-toc-page-1 ez-toc-heading-level-2'><a class=\"ez-toc-link ez-toc-heading-3\" href=\"https:\/\/comparemyjet.com\/pt\/concord-private-jet\/#The_Fleet\" >A Frota&nbsp;<\/a><ul class='ez-toc-list-level-3' ><li class='ez-toc-heading-level-3'><a class=\"ez-toc-link ez-toc-heading-4\" href=\"https:\/\/comparemyjet.com\/pt\/concord-private-jet\/#1_Light_Private_Jets\" >1. Jactos Privados Ligeiros<\/a><ul class='ez-toc-list-level-4' ><li class='ez-toc-heading-level-4'><a class=\"ez-toc-link ez-toc-heading-5\" href=\"https:\/\/comparemyjet.com\/pt\/concord-private-jet\/#Our_Recommendation_Premier_I\" >A nossa recomenda\u00e7\u00e3o: Primeiro-ministro I<\/a><\/li><\/ul><\/li><li class='ez-toc-page-1 ez-toc-heading-level-3'><a class=\"ez-toc-link ez-toc-heading-6\" href=\"https:\/\/comparemyjet.com\/pt\/concord-private-jet\/#2_Midsize_Private_Jets\" >2. Jactos privados de m\u00e9dio porte<\/a><ul class='ez-toc-list-level-4' ><li class='ez-toc-heading-level-4'><a class=\"ez-toc-link ez-toc-heading-7\" href=\"https:\/\/comparemyjet.com\/pt\/concord-private-jet\/#Our_Recommendation_Astra_SPX\" >A nossa recomenda\u00e7\u00e3o: Astra SPX<\/a><\/li><\/ul><\/li><li class='ez-toc-page-1 ez-toc-heading-level-3'><a class=\"ez-toc-link ez-toc-heading-8\" href=\"https:\/\/comparemyjet.com\/pt\/concord-private-jet\/#3_Super-Midsize_Private_Jets\" >3. Jactos Privados Super-M\u00e9dios&nbsp;<\/a><ul class='ez-toc-list-level-4' ><li class='ez-toc-heading-level-4'><a class=\"ez-toc-link ez-toc-heading-9\" href=\"https:\/\/comparemyjet.com\/pt\/concord-private-jet\/#Our_Recommendation_The_Citation_Sovereign\" >A nossa recomenda\u00e7\u00e3o: O Soberano da Cita\u00e7\u00e3o<\/a><\/li><\/ul><\/li><li class='ez-toc-page-1 ez-toc-heading-level-3'><a class=\"ez-toc-link ez-toc-heading-10\" href=\"https:\/\/comparemyjet.com\/pt\/concord-private-jet\/#4_Large_Private_Jets\" >4. Grandes Jactos Privados<\/a><ul class='ez-toc-list-level-4' ><li class='ez-toc-heading-level-4'><a class=\"ez-toc-link ez-toc-heading-11\" href=\"https:\/\/comparemyjet.com\/pt\/concord-private-jet\/#Our_Recommendation_The_Falcon_900EX\" >A nossa recomenda\u00e7\u00e3o: O Falcon 900EX<\/a><\/li><\/ul><\/li><\/ul><\/li><li class='ez-toc-page-1 ez-toc-heading-level-2'><a class=\"ez-toc-link ez-toc-heading-12\" href=\"https:\/\/comparemyjet.com\/pt\/concord-private-jet\/#Company_Safety_Policy_and_Standards\" >Pol\u00edtica e Normas de Seguran\u00e7a da Empresa<\/a><\/li><li class='ez-toc-page-1 ez-toc-heading-level-2'><a class=\"ez-toc-link ez-toc-heading-13\" href=\"https:\/\/comparemyjet.com\/pt\/concord-private-jet\/#Conclusion\" >Conclus\u00e3o<\/a><\/li><\/ul><\/nav><\/div>\n<h2 class=\"wp-block-heading\"><span class=\"ez-toc-section\" id=\"Company_History\"><\/span>Hist\u00f3ria da Empresa<span class=\"ez-toc-section-end\"><\/span><\/h2>\r\n\r\n\r\n\r\n<p>Concord Private Jet foi formada em 2008 como uma empresa familiar por Neal Impellizzeri, a sua esposa Michelle Impellizzeri, e o seu filho AJ, em NYC, <a href=\"https:\/\/comparemyjet.com\/pt\/visitas-privadas\/visitas-privadas-a-cidade-de-nova-iorque\/\" data-internallinksmanager029f6b8e52c=\"427\" title=\"11 melhores excurs\u00f5es privadas \u00e0 cidade de Nova Iorque a partir de $48.00\">Nova Iorque<\/a>.&nbsp;<\/p>\r\n\r\n\r\n\r\n<p>A Concord \u00e9 uma pequena empresa familiar que carece de uma organiza\u00e7\u00e3o empresarial robusta que vem com empresas maiores. E a raz\u00e3o pela qual podem fornecer pre\u00e7os acess\u00edveis e baixos \u00e9 percisamente porque n\u00e3o gastam dezenas de milhares de d\u00f3lares em marketing e vendas.<\/p>\r\n\r\n\r\n\r\n<p>A Concord Private Jet opera afretamentos de terceiros. N\u00e3o h\u00e1 taxas de inicia\u00e7\u00e3o e de ades\u00e3o e o programa de n\u00edvel b\u00e1sico inclui 25 horas num jacto ligeiro ou turbopropulsor. A tarifa hor\u00e1ria \u00e9 fixa e garantida, e os titulares dos cart\u00f5es podem utilizar v\u00e1rios avi\u00f5es em simult\u00e2neo.&nbsp;<\/p>\r\n\r\n\r\n\r\n<p>A Impellizzeri criou um esquema \u00fanico que lhe permite voar do ponto A para o ponto B para %0 a 40% menos do que as outras empresas privadas de charter est\u00e3o a cobrar. Apenas alugam avi\u00f5es com certifica\u00e7\u00e3o Platinum Argus para satisfazer os crit\u00e9rios mais elevados. Para colocar isto em perspectiva, de aproximadamente 3.500 operadores comerciais em todo o pa\u00eds, existem apenas 31 transportadores certificados Platinum Argus.<\/p>\r\n\r\n\r\n\r\n<h2 class=\"wp-block-heading\"><span class=\"ez-toc-section\" id=\"Company_Jet_Card_Program\"><\/span>Programa de cart\u00f5es Jet Card da empresa<span class=\"ez-toc-section-end\"><\/span><\/h2>\r\n\r\n\r\n\r\n<figure class=\"wp-block-image size-full is-style-default\"><img loading=\"lazy\" decoding=\"async\" width=\"1000\" height=\"667\" src=\"https:\/\/comparemyjet.com\/wp-content\/uploads\/2022\/07\/private.jet_.pilots.in_.cockpit.jpg\" alt=\"Concord,Private,Jet,pilotos,in,cockpit,pronto,para,voar\" class=\"wp-image-3072\" srcset=\"https:\/\/comparemyjet.com\/wp-content\/uploads\/2022\/07\/private.jet_.pilots.in_.cockpit-18x12.jpg 18w, https:\/\/comparemyjet.com\/wp-content\/uploads\/2022\/07\/private.jet_.pilots.in_.cockpit-300x200.jpg 300w, https:\/\/comparemyjet.com\/wp-content\/uploads\/2022\/07\/private.jet_.pilots.in_.cockpit-768x512.jpg 768w, https:\/\/comparemyjet.com\/wp-content\/uploads\/2022\/07\/private.jet_.pilots.in_.cockpit.jpg 1000w\" sizes=\"auto, (max-width: 1000px) 100vw, 1000px\" \/><\/figure>\r\n\r\n\r\n\r\n<p>O Concord Private 25 hour Jet Card permite-lhe seleccionar o modelo e categoria de jacto que melhor se adequa \u00e0s suas necessidades espec\u00edficas de viagem. A Concord oferece o mais alto n\u00edvel de seguran\u00e7a com a remunera\u00e7\u00e3o hor\u00e1ria mais acess\u00edvel, que \u00e9 garantida por 24 meses. Cada cart\u00e3o pode ser dividido em at\u00e9 quatro pagamentos ao longo de quatro meses.<\/p>\r\n\r\n\r\n\r\n<p>Se decidir tornar-se titular de um cart\u00e3o com o programa de ades\u00e3o Concord Private Jet, desfrutar\u00e1 de benef\u00edcios como, por exemplo, sem taxas de pernoita, sem taxas de aterragem, reposicionamento, ou sobretaxas de combust\u00edvel, e sem taxas de gest\u00e3o. \u00c9 gr\u00e1tis para melhorar (ou diminuir) a sua classe de jactos e tem garantia de disponibilidade 365 dias do ano.<\/p>\r\n\r\n\r\n\r\n<p>Os membros tamb\u00e9m t\u00eam acesso a um concierge de viagem pessoal que est\u00e1 qualificado para responder a inqu\u00e9ritos e oferecer informa\u00e7\u00f5es 24 horas por dia.<\/p>\r\n\r\n\r\n\r\n<p>O programa do Cart\u00e3o de Jacto de 25 Horas tem um pre\u00e7o por hora, com todos os impostos inclu\u00eddos. Por exemplo, para voar com um jacto de tamanho m\u00e9dio, paga-se $5,750 por hora, enquanto que voar com um jacto da categoria leve \u00e9 $4,750 por hora.<\/p>\r\n\r\n\r\n\r\n<p>A empresa n\u00e3o cobra uma taxa de combust\u00edvel aos propriet\u00e1rios do Jet Card, e oferece aos seus clientes op\u00e7\u00f5es de menu em cada viagem. Como cliente, s\u00f3 \u00e9 cobrada pelas horas que s\u00e3o efectivamente voadas.<\/p>\r\n\r\n\r\n\r\n<h2 class=\"wp-block-heading\"><span class=\"ez-toc-section\" id=\"The_Fleet\"><\/span>A Frota&nbsp;<span class=\"ez-toc-section-end\"><\/span><\/h2>\r\n\r\n\r\n\r\n<p>Concord tem um jacto privado para todos, quer esteja \u00e0 procura de um pequeno ou de um grande jacto. Como corretor de fretamento, eles t\u00eam acesso a muitas transportadoras, o que \u00e9 uma boa not\u00edcia para si - tem a garantia de obter o seu modelo de jacto desejado com muito pouco tempo de pr\u00e9-aviso.<\/p>\r\n\r\n\r\n\r\n<p>Vejamos as categorias e modelos de jactos que a Concord Private Jet tem para oferecer.<\/p>\r\n\r\n\r\n\r\n<h3 class=\"wp-block-heading\"><span class=\"ez-toc-section\" id=\"1_Light_Private_Jets\"><\/span>1. Jactos Privados Ligeiros<span class=\"ez-toc-section-end\"><\/span><\/h3>\r\n\r\n\r\n\r\n<p>Os jactos ligeiros s\u00e3o uma escolha popular gra\u00e7as aos seus pre\u00e7os baixos e alta efici\u00eancia. Fornecem acesso a destinos de dif\u00edcil acesso onde apenas pequenos jactos podem aterrar devido \u00e0s pistas mais curtas. O alcance de um avi\u00e3o ligeiro \u00e9 inferior a quatro horas, o que os torna perfeitos para viagens curtas e dom\u00e9sticas. Estes avi\u00f5es s\u00e3o bastante r\u00e1pidos e levam-no para o seu destino num instante.<\/p>\r\n\r\n\r\n\r\n<h4 class=\"wp-block-heading\"><span class=\"ez-toc-section\" id=\"Our_Recommendation_Premier_I\"><\/span>A nossa recomenda\u00e7\u00e3o: Primeiro-ministro I<span class=\"ez-toc-section-end\"><\/span><\/h4>\r\n\r\n\r\n\r\n<p>O Beechcraft Premier I \u00e9 um membro da categoria de avi\u00f5es a jacto ligeiro, produzidos por <a href=\"https:\/\/comparemyjet.com\/pt\/hawker-beechcraft\/\" data-internallinksmanager029f6b8e52c=\"153\" title=\"Guia final para Hawker Beechcraft Private Jets &amp; Aeronaves\">Faia Hawker<\/a>. O avi\u00e3o foi criado em 1996, para rivalizar com o <a href=\"https:\/\/comparemyjet.com\/pt\/cessna\/\" data-internallinksmanager029f6b8e52c=\"145\" title=\"Guia final para Cessna Private Jets &amp; Aircraft\">Cessna<\/a> Fam\u00edlia de cita\u00e7\u00e3o.<\/p>\r\n\r\n\r\n\r\n<p>Especifica\u00e7\u00f5es:<\/p>\r\n\r\n\r\n\r\n<ul class=\"wp-block-list\"><li>O volume da cabine \u00e9 de 285 p\u00e9s c\u00fabicos;<\/li><li>Espa\u00e7o interno para bagagem de 23 p\u00e9s c\u00fabicos;<\/li><li>Espa\u00e7o externo para bagagem de 55 p\u00e9s c\u00fabicos;<\/li><li>Uma velocidade m\u00e1xima de cruzeiro de 461 n\u00f3s;<\/li><li>Uma velocidade normal de cruzeiro de 426 n\u00f3s;<\/li><li>Pode ser operado por um ou dois pilotos;<\/li><li>Pode acomodar seis passageiros;<\/li><li>Uma gama de voo normal de 850 nm;<\/li><li>Um alcance m\u00e1ximo de voo de 1430 nm.<\/li><\/ul>\r\n\r\n\r\n\r\n<p>Concord Private Jet oferece uma variedade de modelos de jactos ligeiros, tais como <em>Citation Jet \/CJ1\/CJ2\/CJ3, Nextant 400XT, Citation II\/V\/Bravo\/Encore\/Ultra, Beechjet 400\/400A, <a href=\"https:\/\/comparemyjet.com\/pt\/learjet\/\" data-internallinksmanager029f6b8e52c=\"149\" title=\"Guia final para jactos privados e avi\u00f5es Learjet\">Learjet<\/a> 40, Hawker 400XP, <\/em>e a nossa recomenda\u00e7\u00e3o <em>Primeiro-ministro<\/em>.<\/p>\r\n\r\n\r\n\r\n<h3 class=\"wp-block-heading\"><span class=\"ez-toc-section\" id=\"2_Midsize_Private_Jets\"><\/span>2. Jactos privados de m\u00e9dio porte<span class=\"ez-toc-section-end\"><\/span><\/h3>\r\n\r\n\r\n\r\n<p>O alcance de um jacto de m\u00e9dio porte varia mas n\u00e3o excede as seis horas. Estes avi\u00f5es s\u00e3o mais espa\u00e7osos do que os avi\u00f5es ligeiros e proporcionam mais conforto. Podem lev\u00e1-lo em viagens curtas e longas, tornando-os bastante vers\u00e1teis e sempre uma boa escolha quando duvida da classe do jacto a afretar. Normalmente v\u00eam com uma casa de banho fechada, kitchenette, e mais espa\u00e7o para bagagem.<\/p>\r\n\r\n\r\n\r\n<h4 class=\"wp-block-heading\"><span class=\"ez-toc-section\" id=\"Our_Recommendation_Astra_SPX\"><\/span>A nossa recomenda\u00e7\u00e3o: Astra SPX<span class=\"ez-toc-section-end\"><\/span><\/h4>\r\n\r\n\r\n\r\n<p>A Israel Aircraft Industries desenvolveu o Astra SPX nos anos 90. No in\u00edcio da d\u00e9cada de 2000, <a href=\"https:\/\/comparemyjet.com\/pt\/gulfstream\/\" data-internallinksmanager029f6b8e52c=\"175\" title=\"Guia final para Jactos Privados e Aeronaves Gulfstream\">Gulfstream<\/a> comprou o desenho e chamou-lhe o G-100.&nbsp;<\/p>\r\n\r\n\r\n\r\n<p>Astra SPX fornece alojamento para sete viajantes. A cabine inclui um div\u00e3 de tr\u00eas pessoas que lhe permite alongar-se e descansar, e um assento de lavat\u00f3rio com cinto de seguran\u00e7a.&nbsp;<\/p>\r\n\r\n\r\n\r\n<p>Especifica\u00e7\u00f5es e amenidades:<\/p>\r\n\r\n\r\n\r\n<ul class=\"wp-block-list\"><li>Pode acomodar sete passageiros;<\/li><li>O alcance m\u00e1ximo de voo \u00e9 de 2790 nm;<\/li><li>Uma velocidade m\u00e1xima de 470 n\u00f3s;<\/li><li>Um lavat\u00f3rio fechado de tamanho normal;&nbsp;<\/li><li>Uma grande galera da frente;<\/li><li>GoGo 5G Internet de Alta Velocidade;&nbsp;<\/li><li>Luzes LCD e telefone sat\u00e9lite;&nbsp;<\/li><li>Um sistema de entretenimento em voo;<\/li><li>A altura da cabine \u00e9 de 5' 6\";<\/li><li>O comprimento da cabine \u00e9 de 17' 1\";<\/li><li>O espa\u00e7o interno de bagagem \u00e9 de 9 p\u00e9s c\u00fabicos;<\/li><li>O espa\u00e7o externo para bagagem \u00e9 de 42 p\u00e9s c\u00fabicos;<\/li><li>Pode ser operado por dois pilotos.<\/li><\/ul>\r\n\r\n\r\n\r\n<p>Concord Private Jet oferece uma variedade de modelos de jactos nesta classe de avi\u00f5es privados de m\u00e9dio porte, tais como <em>Falcon 20\/200, Cita\u00e7\u00e3o III\/VI\/VII, G150, Cita\u00e7\u00e3o Excel\/XLS, Hawker 800\/800XP\/900, Learjet 45\/55\/60, <\/em>e a nossa recomenda\u00e7\u00e3o <em>Astra SPX<\/em>.<\/p>\r\n\r\n\r\n\r\n<h3 class=\"wp-block-heading\"><span class=\"ez-toc-section\" id=\"3_Super-Midsize_Private_Jets\"><\/span>3. Jactos Privados Super-M\u00e9dios&nbsp;<span class=\"ez-toc-section-end\"><\/span><\/h3>\r\n\r\n\r\n\r\n<p>Com cabines amplas onde se pode levantar confortavelmente e a capacidade de voar entre continentes, descobrir\u00e1 porque voar com um jacto privado \u00e9 a melhor forma de viajar. Os jactos de m\u00e9dio porte t\u00eam maior resist\u00eancia do que os de m\u00e9dio porte e podem voar mais de 7 horas sem parar para combust\u00edvel.&nbsp;<\/p>\r\n\r\n\r\n\r\n<h4 class=\"wp-block-heading\"><span class=\"ez-toc-section\" id=\"Our_Recommendation_The_Citation_Sovereign\"><\/span>A nossa recomenda\u00e7\u00e3o: O Soberano da Cita\u00e7\u00e3o<span class=\"ez-toc-section-end\"><\/span><\/h4>\r\n\r\n\r\n\r\n<p>O Cessna Citation Sovereign combina desempenho excepcional com luxo. Possui uma grande resist\u00eancia em campo curto e uma vasta gama de voo, o que o torna uma op\u00e7\u00e3o vers\u00e1til.&nbsp;<\/p>\r\n\r\n\r\n\r\n<p>A cabine espa\u00e7osa da Citation Sovereign inclui uma \u00e1rea de bebidas completa, bem como a configura\u00e7\u00e3o de assentos duplos. Viaje com estilo num dos jactos privados de tamanho m\u00e9dio mais luxuosos do ramo.<\/p>\r\n\r\n\r\n\r\n<p>Especifica\u00e7\u00f5es:<\/p>\r\n\r\n\r\n\r\n<ul class=\"wp-block-list\"><li>Pode acomodar nove passageiros;<\/li><li>Pode voar 7:15 horas sem parar;<\/li><li>Um alcance m\u00e1ximo de voo de 3010 nm;<\/li><li>A altura da cabine \u00e9 de 5' 8\";<\/li><li>A largura da cabina \u00e9 de 5' 6\";<\/li><li>O comprimento da cabine \u00e9 de 25' 3\";<\/li><li>Um espa\u00e7o de bagagem interno de 35 p\u00e9s c\u00fabicos;<\/li><li>Uma velocidade m\u00e1xima de cruzeiro de 459 kts.<\/li><\/ul>\r\n\r\n\r\n\r\n<p>Concord Private Jet oferece uma variedade de avi\u00f5es privados de tamanho super-m\u00e9dio, tais como <em>Cita\u00e7\u00e3o X, Gulfstream G200\/G280, Falcon 50 \/ 50EX, Challenger 300, <\/em>e a nossa recomenda\u00e7\u00e3o <em>Cita\u00e7\u00e3o Sovereign.<\/em><\/p>\r\n\r\n\r\n\r\n<h3 class=\"wp-block-heading\"><span class=\"ez-toc-section\" id=\"4_Large_Private_Jets\"><\/span>4. Grandes Jactos Privados<span class=\"ez-toc-section-end\"><\/span><\/h3>\r\n\r\n\r\n\r\n<p>Se a sua pr\u00f3xima viagem envolver um cross-country ou uma viagem intercontinental, a escolha de um jacto desta classe de aeronaves \u00e9 a escolha certa. Receber\u00e1 um <a href=\"https:\/\/comparemyjet.com\/pt\/jactos-privados-rapidos\/\" data-internallinksmanager029f6b8e52c=\"183\" title=\"11 Os jactos privados mais r\u00e1pidos do mundo [Com Fotos]\">jacto r\u00e1pido<\/a> que n\u00e3o tem de parar para combust\u00edvel na maioria dos casos. Com um jacto pesado, recebe a derradeira experi\u00eancia de viagem a jacto privado e outro n\u00edvel de luxo.<\/p>\r\n\r\n\r\n\r\n<h4 class=\"wp-block-heading\"><span class=\"ez-toc-section\" id=\"Our_Recommendation_The_Falcon_900EX\"><\/span>A nossa recomenda\u00e7\u00e3o: O Falcon 900EX<span class=\"ez-toc-section-end\"><\/span><\/h4>\r\n\r\n\r\n\r\n<p>Com um alcance de 5.000 milhas, uma cabine extraordinariamente agrad\u00e1vel, e um design revolucion\u00e1rio de tr\u00eas motores, o Falcon 900EX \u00e9 perfeito para voos transoce\u00e2nicos e oferece uma enorme flexibilidade.&nbsp;<\/p>\r\n\r\n\r\n\r\n<p>Especifica\u00e7\u00f5es e amenidades:<\/p>\r\n\r\n\r\n\r\n<ul class=\"wp-block-list\"><li>Operado por dois pilotos;<\/li><li>Pode acomodar doze passageiros;<\/li><li>Uma velocidade m\u00e1xima de cruzeiro de 870 kmph (470 kt);<\/li><li>Um alcance m\u00e1ximo de voo de 5.180 milhas;<\/li><li>A altura da cabine \u00e9 de 6ft 2in;<\/li><li>O comprimento interior da cabine \u00e9 de 33 p\u00e9s 2 polegadas;<\/li><li>O volume do espa\u00e7o de bagagem \u00e9 de 127 p\u00e9s c\u00fabicos;<\/li><li>Uma gal\u00e9;<\/li><li>Telefone por sat\u00e9lite, fax, sistema de entretenimento;<\/li><li>Dois sanit\u00e1rios e uma sala de maquilhagem.<\/li><\/ul>\r\n\r\n\r\n\r\n<p>Concord Private Jet oferece uma variedade de avi\u00f5es privados pesados, tais como<em> Falcon 2000 Series, Challenger 600\/601\/604, Global Express, Gulfstream series, <\/em>e a nossa recomenda\u00e7\u00e3o <em>Falcon 900EX.<\/em><\/p>\r\n\r\n\r\n\r\n<h2 class=\"wp-block-heading\"><span class=\"ez-toc-section\" id=\"Company_Safety_Policy_and_Standards\"><\/span>Pol\u00edtica e Normas de Seguran\u00e7a da Empresa<span class=\"ez-toc-section-end\"><\/span><\/h2>\r\n\r\n\r\n\r\n<figure class=\"wp-block-image size-full is-style-default\"><img loading=\"lazy\" decoding=\"async\" width=\"1000\" height=\"707\" src=\"https:\/\/comparemyjet.com\/wp-content\/uploads\/2022\/07\/safejourney.jpg\" alt=\"\" class=\"wp-image-3073\" srcset=\"https:\/\/comparemyjet.com\/wp-content\/uploads\/2022\/07\/safejourney-18x12.jpg 18w, https:\/\/comparemyjet.com\/wp-content\/uploads\/2022\/07\/safejourney-300x212.jpg 300w, https:\/\/comparemyjet.com\/wp-content\/uploads\/2022\/07\/safejourney-768x543.jpg 768w, https:\/\/comparemyjet.com\/wp-content\/uploads\/2022\/07\/safejourney.jpg 1000w\" sizes=\"auto, (max-width: 1000px) 100vw, 1000px\" \/><\/figure>\r\n\r\n\r\n\r\n<p>Concord Private Jet coloca a seguran\u00e7a dos seus clientes em primeiro lugar e s\u00f3 utiliza Platina <a href=\"https:\/\/www.argus.aero\/\" target=\"_blank\" rel=\"noopener\">Argus<\/a> Operadores certificados de seguran\u00e7a. O grau de platina exige uma avalia\u00e7\u00e3o rigorosa no local realizada por inspectores qualificados, pelo que voar com operadores certificados \u00e9 muito mais seguro do que voar num avi\u00e3o comercial.<\/p>\r\n\r\n\r\n\r\n<p>Se um avi\u00e3o n\u00e3o cumprir os crit\u00e9rios de seguran\u00e7a, a companhia atribui-lhe prontamente um novo avi\u00e3o para a sua viagem.<\/p>\r\n\r\n\r\n\r\n<h2 class=\"wp-block-heading\"><span class=\"ez-toc-section\" id=\"Conclusion\"><\/span>Conclus\u00e3o<span class=\"ez-toc-section-end\"><\/span><\/h2>\r\n\r\n\r\n\r\n<p>O servi\u00e7o one-on-one distingue a Concord Private Jet dos seus concorrentes empresariais. A empresa trabalha para assegurar que todas as suas quest\u00f5es, preocupa\u00e7\u00f5es e necessidades sejam abordadas. O propriet\u00e1rio acompanha pessoalmente cada viagem, certificando-se de que segue o hor\u00e1rio, de que a restaura\u00e7\u00e3o est\u00e1 no local e de que o transporte terrestre est\u00e1 dispon\u00edvel no destino. Enquanto outras empresas cobram uma taxa por este tipo de servi\u00e7os, a Concord orgulha-se do seu cart\u00e3o Jet Card com tudo inclu\u00eddo.&nbsp;<\/p>\r\n\r\n\r\n\r\n<p>Pode tornar-se cliente e experimentar os seus servi\u00e7os com um pouco ou nenhum compromisso.&nbsp;<\/p>","protected":false},"excerpt":{"rendered":"<p>A Concord Private Jet foi fundada com base no princ\u00edpio de fornecer os melhores avi\u00f5es a pre\u00e7os o mais baixos poss\u00edvel. A empresa opera como corretor de fretamento, alugando fretamentos privados para os seus clientes. O propriet\u00e1rio, Neal Impellizzeri, supervisiona cada Cart\u00e3o de Acesso da Frota e assegura-se de que tudo, desde a programa\u00e7\u00e3o at\u00e9 ao catering ou \u00e0 transfer\u00eancia, \u00e9 perfeito ...<\/p>","protected":false},"author":2,"featured_media":3071,"parent":0,"menu_order":0,"comment_status":"closed","ping_status":"closed","template":"","meta":{"_acf_changed":false,"_genesis_hide_title":false,"_genesis_hide_breadcrumbs":false,"_genesis_hide_singular_image":false,"_genesis_hide_footer_widgets":false,"_genesis_custom_body_class":"","_genesis_custom_post_class":"","_genesis_layout":"","footnotes":""},"class_list":{"1":"page","2":"type-page","6":"entry"},"acf":[],"_links":{"self":[{"href":"https:\/\/comparemyjet.com\/pt\/wp-json\/wp\/v2\/pages\/3070","targetHints":{"allow":["GET"]}}],"collection":[{"href":"https:\/\/comparemyjet.com\/pt\/wp-json\/wp\/v2\/pages"}],"about":[{"href":"https:\/\/comparemyjet.com\/pt\/wp-json\/wp\/v2\/types\/page"}],"author":[{"embeddable":true,"href":"https:\/\/comparemyjet.com\/pt\/wp-json\/wp\/v2\/users\/2"}],"replies":[{"embeddable":true,"href":"https:\/\/comparemyjet.com\/pt\/wp-json\/wp\/v2\/comments?post=3070"}],"version-history":[{"count":2,"href":"https:\/\/comparemyjet.com\/pt\/wp-json\/wp\/v2\/pages\/3070\/revisions"}],"predecessor-version":[{"id":3438,"href":"https:\/\/comparemyjet.com\/pt\/wp-json\/wp\/v2\/pages\/3070\/revisions\/3438"}],"wp:featuredmedia":[{"embeddable":true,"href":"https:\/\/comparemyjet.com\/pt\/wp-json\/wp\/v2\/media\/3071"}],"wp:attachment":[{"href":"https:\/\/comparemyjet.com\/pt\/wp-json\/wp\/v2\/media?parent=3070"}],"curies":[{"name":"wp","href":"https:\/\/api.w.org\/{rel}","templated":true}]}}