{"id":3144,"date":"2022-07-23T00:30:19","date_gmt":"2022-07-23T00:30:19","guid":{"rendered":"https:\/\/comparemyjet.com\/?page_id=3144"},"modified":"2025-09-04T09:58:20","modified_gmt":"2025-09-04T09:58:20","slug":"fly-aeolus","status":"publish","type":"page","link":"https:\/\/comparemyjet.com\/pt\/fly-aeolus\/","title":{"rendered":"Pre\u00e7o de voo da Aeolus Fly Aeolus"},"content":{"rendered":"<p>Fly Aeolus \u00e9 um belga <a href=\"https:\/\/comparemyjet.com\/pt\/how-much-does-air-taxi-cost\/\" data-internallinksmanager029f6b8e52c=\"23\" title=\"Quanto custa um t\u00e1xi a\u00e9reo?\">t\u00e1xi a\u00e9reo<\/a> (charter privado) que opera na Europa desde 2009. A empresa est\u00e1 sediada em Antu\u00e9rpia, com escrit\u00f3rios em <a href=\"https:\/\/comparemyjet.com\/pt\/visitas-privadas\/berlin-private-tours\/\" data-internallinksmanager029f6b8e52c=\"254\" title=\"11 melhores excurs\u00f5es privadas em Berlim a partir de $68.86\">Berlim<\/a> e Roterd\u00e3o.&nbsp;<\/p>\r\n\r\n\r\n\r\n<p>Pode voar de mais de 1.500 aeroportos atrav\u00e9s do continente europeu num dos seus avi\u00f5es Cirrus SR-22 que \u00e9 considerado um dos mais seguros jactos monomotores da ind\u00fastria da avia\u00e7\u00e3o. Vamos ver o que mais a empresa tem para oferecer.<\/p>\r\n\r\n\r\n\r\n<div id=\"ez-toc-container\" class=\"ez-toc-v2_0_76 counter-hierarchy ez-toc-counter ez-toc-grey ez-toc-container-direction\">\n<p class=\"ez-toc-title\" style=\"cursor:inherit\">T\u00f3picos<\/p>\n<label for=\"ez-toc-cssicon-toggle-item-69f227ef05bff\" class=\"ez-toc-cssicon-toggle-label\"><span class=\"\"><span class=\"eztoc-hide\" style=\"display:none;\">Alternar<\/span><span class=\"ez-toc-icon-toggle-span\"><svg style=\"fill: #999;color:#999\" xmlns=\"http:\/\/www.w3.org\/2000\/svg\" class=\"list-377408\" width=\"20px\" height=\"20px\" viewbox=\"0 0 24 24\" fill=\"none\"><path d=\"M6 6H4v2h2V6zm14 0H8v2h12V6zM4 11h2v2H4v-2zm16 0H8v2h12v-2zM4 16h2v2H4v-2zm16 0H8v2h12v-2z\" fill=\"currentColor\"><\/path><\/svg><svg style=\"fill: #999;color:#999\" class=\"arrow-unsorted-368013\" xmlns=\"http:\/\/www.w3.org\/2000\/svg\" width=\"10px\" height=\"10px\" viewbox=\"0 0 24 24\" version=\"1.2\" baseprofile=\"tiny\"><path d=\"M18.2 9.3l-6.2-6.3-6.2 6.3c-.2.2-.3.4-.3.7s.1.5.3.7c.2.2.4.3.7.3h11c.3 0 .5-.1.7-.3.2-.2.3-.5.3-.7s-.1-.5-.3-.7zM5.8 14.7l6.2 6.3 6.2-6.3c.2-.2.3-.5.3-.7s-.1-.5-.3-.7c-.2-.2-.4-.3-.7-.3h-11c-.3 0-.5.1-.7.3-.2.2-.3.5-.3.7s.1.5.3.7z\"\/><\/svg><\/span><\/span><\/label><input type=\"checkbox\"  id=\"ez-toc-cssicon-toggle-item-69f227ef05bff\" checked aria-label=\"Alternar\" \/><nav><ul class='ez-toc-list ez-toc-list-level-1' ><li class='ez-toc-page-1 ez-toc-heading-level-2'><a class=\"ez-toc-link ez-toc-heading-1\" href=\"https:\/\/comparemyjet.com\/pt\/fly-aeolus\/#Company_History\" >Hist\u00f3ria da Empresa<\/a><\/li><li class='ez-toc-page-1 ez-toc-heading-level-2'><a class=\"ez-toc-link ez-toc-heading-2\" href=\"https:\/\/comparemyjet.com\/pt\/fly-aeolus\/#Pricing\" >Fixa\u00e7\u00e3o de pre\u00e7os<\/a><\/li><li class='ez-toc-page-1 ez-toc-heading-level-2'><a class=\"ez-toc-link ez-toc-heading-3\" href=\"https:\/\/comparemyjet.com\/pt\/fly-aeolus\/#Membership_Programs\" >Programas de ades\u00e3o<\/a><ul class='ez-toc-list-level-3' ><li class='ez-toc-heading-level-3'><a class=\"ez-toc-link ez-toc-heading-4\" href=\"https:\/\/comparemyjet.com\/pt\/fly-aeolus\/#Pay_As_You_Fly\" >Pague como Voa<\/a><\/li><li class='ez-toc-page-1 ez-toc-heading-level-3'><a class=\"ez-toc-link ez-toc-heading-5\" href=\"https:\/\/comparemyjet.com\/pt\/fly-aeolus\/#Personal_Membership\" >Filia\u00e7\u00e3o pessoal<\/a><\/li><li class='ez-toc-page-1 ez-toc-heading-level-3'><a class=\"ez-toc-link ez-toc-heading-6\" href=\"https:\/\/comparemyjet.com\/pt\/fly-aeolus\/#Business_Membership\" >Membros empresariais<\/a><\/li><\/ul><\/li><li class='ez-toc-page-1 ez-toc-heading-level-2'><a class=\"ez-toc-link ez-toc-heading-7\" href=\"https:\/\/comparemyjet.com\/pt\/fly-aeolus\/#The_Fleet\" >A Frota&nbsp;<\/a><ul class='ez-toc-list-level-3' ><li class='ez-toc-heading-level-3'><a class=\"ez-toc-link ez-toc-heading-8\" href=\"https:\/\/comparemyjet.com\/pt\/fly-aeolus\/#1_Light_Private_Jets\" >1. Jactos Privados Ligeiros<\/a><ul class='ez-toc-list-level-4' ><li class='ez-toc-heading-level-4'><a class=\"ez-toc-link ez-toc-heading-9\" href=\"https:\/\/comparemyjet.com\/pt\/fly-aeolus\/#Our_Recommendation_The_Cirrus_SR22\" >A nossa recomenda\u00e7\u00e3o: O Cirrus SR22<\/a><\/li><\/ul><\/li><\/ul><\/li><li class='ez-toc-page-1 ez-toc-heading-level-2'><a class=\"ez-toc-link ez-toc-heading-10\" href=\"https:\/\/comparemyjet.com\/pt\/fly-aeolus\/#Cancellation_Insurance\" >Seguro de cancelamento<\/a><\/li><li class='ez-toc-page-1 ez-toc-heading-level-2'><a class=\"ez-toc-link ez-toc-heading-11\" href=\"https:\/\/comparemyjet.com\/pt\/fly-aeolus\/#De-icing_Insurance\" >Seguro de descongela\u00e7\u00e3o<\/a><\/li><li class='ez-toc-page-1 ez-toc-heading-level-2'><a class=\"ez-toc-link ez-toc-heading-12\" href=\"https:\/\/comparemyjet.com\/pt\/fly-aeolus\/#Fly_Aeolus_Taxi_Service\" >Servi\u00e7o de T\u00e1xi Fly Aeolus<\/a><\/li><li class='ez-toc-page-1 ez-toc-heading-level-2'><a class=\"ez-toc-link ez-toc-heading-13\" href=\"https:\/\/comparemyjet.com\/pt\/fly-aeolus\/#Pet_Policy\" >Pol\u00edtica de animais de estima\u00e7\u00e3o<\/a><\/li><li class='ez-toc-page-1 ez-toc-heading-level-2'><a class=\"ez-toc-link ez-toc-heading-14\" href=\"https:\/\/comparemyjet.com\/pt\/fly-aeolus\/#Company_Safety_Policy_and_Standards\" >Pol\u00edtica e Normas de Seguran\u00e7a da Empresa<\/a><\/li><li class='ez-toc-page-1 ez-toc-heading-level-2'><a class=\"ez-toc-link ez-toc-heading-15\" href=\"https:\/\/comparemyjet.com\/pt\/fly-aeolus\/#Company_Staff\" >Pessoal da empresa<\/a><\/li><li class='ez-toc-page-1 ez-toc-heading-level-2'><a class=\"ez-toc-link ez-toc-heading-16\" href=\"https:\/\/comparemyjet.com\/pt\/fly-aeolus\/#Conclusion\" >Conclus\u00e3o<\/a><\/li><\/ul><\/nav><\/div>\n<h2 class=\"wp-block-heading\"><span class=\"ez-toc-section\" id=\"Company_History\"><\/span>Hist\u00f3ria da Empresa<span class=\"ez-toc-section-end\"><\/span><\/h2>\r\n\r\n\r\n\r\n<p>A Fly Aeolus foi criada em 2009 pelos co-fundadores e entusiastas da avia\u00e7\u00e3o Stefaan Ghijs e Vincent Wigmans. Ghijs tem um mestrado em engenharia aeron\u00e1utica, enquanto Wigmans tinha experi\u00eancia na ind\u00fastria de repara\u00e7\u00e3o aeron\u00e1utica privada.&nbsp;<\/p>\r\n\r\n\r\n\r\n<p>O primeiro voo da companhia teve lugar de Antu\u00e9rpia, B\u00e9lgica, para Vichy, Fran\u00e7a, em 2011. A Fly Aeolus logo expandiu a \u00e1rea de opera\u00e7\u00f5es para incluir todo o continente, come\u00e7ando com destinos na Alemanha e Holanda.&nbsp;<\/p>\r\n\r\n\r\n\r\n<p>Em 2015, a Fly Aeolus estabeleceu uma parceria com a empresa belga de t\u00e1xis a\u00e9reos SkyCab, enquanto em 2019 fundaram a Fly Aeolus Aircraft Sales and Acquisitions, uma nova filial da Fly Aeolus.<\/p>\r\n\r\n\r\n\r\n<p>Um acordo de propriedade fraccionada \u00e9 a base do servi\u00e7o da empresa. Os propriet\u00e1rios privados disponibilizam os seus avi\u00f5es para aluguer e s\u00e3o pagos uma comiss\u00e3o por cada hora voada.&nbsp;<\/p>\r\n\r\n\r\n\r\n<h2 class=\"wp-block-heading\"><span class=\"ez-toc-section\" id=\"Pricing\"><\/span>Fixa\u00e7\u00e3o de pre\u00e7os<span class=\"ez-toc-section-end\"><\/span><\/h2>\r\n\r\n\r\n\r\n<p>Fly Aeolus cobra uma taxa fixa para todos os voos. O pre\u00e7o \u00e9 determinado com base no seu itiner\u00e1rio de viagem - as circunst\u00e2ncias da sua viagem, as horas de voo, e se \u00e9 de ida ou ida e volta. Se quiser gastar menos, a melhor maneira \u00e9 reservar uma viagem de ida e volta no mesmo dia, e pode sempre partilhar o voo e dividir o custo trazendo companheiros de viagem.<\/p>\r\n\r\n\r\n\r\n<p>A Fly Aeolus \u00e9 gerida numa base de propriedade partilhada. A empresa cobra uma taxa de entrada de 995,00 euros (excluindo IVA) aos novos clientes, tornando-os accionistas de uma aeronave da frota da Fly Aeolus. Se decidir n\u00e3o utilizar os seus servi\u00e7os ap\u00f3s o registo, a Fly Aeolus devolver\u00e1 a taxa menos uma taxa de administra\u00e7\u00e3o de 150,00 euros. Pode ter um voo de ensaio antes do registo para experimentar o jacto e ver se \u00e9 o que procura.<\/p>\r\n\r\n\r\n\r\n<h2 class=\"wp-block-heading\"><span class=\"ez-toc-section\" id=\"Membership_Programs\"><\/span>Programas de ades\u00e3o<span class=\"ez-toc-section-end\"><\/span><\/h2>\r\n\r\n\r\n\r\n<p>Os programas de ades\u00e3o \u00e0 Fly Aeolus pretendem poupar aos passageiros dinheiro e tempo para voos continentais, uma vez que todos os jactos e pilotos j\u00e1 est\u00e3o localizados na Europa, uma vez que permitem aos membros poupar 5-10% em voos em compara\u00e7\u00e3o com o custo de retalho para n\u00e3o-membros. Vamos explor\u00e1-los brevemente.<\/p>\r\n\r\n\r\n\r\n<h3 class=\"wp-block-heading\"><span class=\"ez-toc-section\" id=\"Pay_As_You_Fly\"><\/span>Pague como Voa<span class=\"ez-toc-section-end\"><\/span><\/h3>\r\n\r\n\r\n\r\n<p>N\u00e3o \u00e9 necess\u00e1rio ser membro para voar com o Cirrus SR-22; h\u00e1 uma op\u00e7\u00e3o a pagar \u00e0 medida que se voa. A Fly Aeolus tem uma calculadora online que o ajudar\u00e1 a planear e reservar a sua pr\u00f3xima viagem, \u00e0 qual pode aceder seguindo esta <a href=\"https:\/\/flyaeolus.com\/plan-book\/\" target=\"_blank\" rel=\"noopener\">liga\u00e7\u00e3o<\/a> para informa\u00e7\u00f5es mais detalhadas.<\/p>\r\n\r\n\r\n\r\n<h3 class=\"wp-block-heading\"><span class=\"ez-toc-section\" id=\"Personal_Membership\"><\/span>Filia\u00e7\u00e3o pessoal<span class=\"ez-toc-section-end\"><\/span><\/h3>\r\n\r\n\r\n\r\n<p>O programa de Membros Pessoais \u00e9 concebido para viajantes regulares. Com este programa, receber\u00e1 um desconto de 5% em cada voo, mais o seguro de cancelamento que est\u00e1 inclu\u00eddo no pre\u00e7o.&nbsp;<\/p>\r\n\r\n\r\n\r\n<h3 class=\"wp-block-heading\"><span class=\"ez-toc-section\" id=\"Business_Membership\"><\/span>Membros empresariais<span class=\"ez-toc-section-end\"><\/span><\/h3>\r\n\r\n\r\n\r\n<p>A Fly Aeolus oferece o programa de Membros Empresariais para viajantes frequentes. Para se tornar membro \u00e9 necess\u00e1ria uma quota mensal de 100,00 euros. Receber\u00e1 um desconto de 10% em todos os seus voos, mais seguro de cancelamento e assist\u00eancia na reserva de t\u00e1xis, tudo inclu\u00eddo no pre\u00e7o.<\/p>\r\n\r\n\r\n\r\n<h2 class=\"wp-block-heading\"><span class=\"ez-toc-section\" id=\"The_Fleet\"><\/span>A Frota&nbsp;<span class=\"ez-toc-section-end\"><\/span><\/h2>\r\n\r\n\r\n\r\n<figure class=\"wp-block-image size-full is-style-default\"><img loading=\"lazy\" decoding=\"async\" width=\"1000\" height=\"667\" src=\"https:\/\/comparemyjet.com\/wp-content\/uploads\/2022\/07\/The-Cirrus-SR22.jpg\" alt=\"\u00c1guia Voadora\" class=\"wp-image-3145\" srcset=\"https:\/\/comparemyjet.com\/wp-content\/uploads\/2022\/07\/The-Cirrus-SR22-18x12.jpg 18w, https:\/\/comparemyjet.com\/wp-content\/uploads\/2022\/07\/The-Cirrus-SR22-300x200.jpg 300w, https:\/\/comparemyjet.com\/wp-content\/uploads\/2022\/07\/The-Cirrus-SR22-768x512.jpg 768w, https:\/\/comparemyjet.com\/wp-content\/uploads\/2022\/07\/The-Cirrus-SR22.jpg 1000w\" sizes=\"auto, (max-width: 1000px) 100vw, 1000px\" \/><\/figure>\r\n\r\n\r\n\r\n<p>A Fly Aeolus tem uma frota de apenas aeronaves Cirrus SR-22. E isto n\u00e3o \u00e9 uma coincid\u00eancia - estes avi\u00f5es s\u00e3o considerados um dos jactos monomotores mais seguros da ind\u00fastria aeron\u00e1utica pela COPA (Associa\u00e7\u00e3o de Propriet\u00e1rios e Pilotos de Cirrus) e AOPA (Associa\u00e7\u00e3o de Propriet\u00e1rios e Pilotos de Avi\u00f5es), gra\u00e7as ao Sistema de P\u00e1ra-quedas de Cirrus Airframe. Fly Aeolus \u00e9 o maior fornecedor europeu de Cirrus, com 15 SR-22 aeronaves em servi\u00e7o, cada uma das quais pode transportar at\u00e9 tr\u00eas passageiros.&nbsp;<\/p>\r\n\r\n\r\n\r\n<h3 class=\"wp-block-heading\"><span class=\"ez-toc-section\" id=\"1_Light_Private_Jets\"><\/span>1. Jactos Privados Ligeiros<span class=\"ez-toc-section-end\"><\/span><\/h3>\r\n\r\n\r\n\r\n<p>Os jactos privados ligeiros s\u00e3o perfeitos para viajar para pequenos aeroportos e locais de dif\u00edcil acesso, permitindo visitar montanhas inacess\u00edveis e belas praias.<\/p>\r\n\r\n\r\n\r\n<h4 class=\"wp-block-heading\"><span class=\"ez-toc-section\" id=\"Our_Recommendation_The_Cirrus_SR22\"><\/span>A nossa recomenda\u00e7\u00e3o: O Cirrus SR22<span class=\"ez-toc-section-end\"><\/span><\/h4>\r\n\r\n\r\n\r\n<p>Um Cirrus SR22 \u00e9 um jacto composto fabricado pela Cirrus Aircraft em 2001. \u00c9 uma variante mais potente do Cirrus CIRRUS SR-20, apresentando uma asa maior e maior capacidade de combust\u00edvel com trem de aterragem fixo.<\/p>\r\n\r\n\r\n\r\n<p>Trata-se de um avi\u00e3o de quatro lugares (1 piloto e tr\u00eas passageiros), concebido para aterrar nos aeroportos locais. O Cirrus SR22 d\u00e1 acesso a mais de 1.500 aeroportos em toda a Europa, permitindo aterrar em aeroportos locais que os voos comerciais raramente visitam.&nbsp;<\/p>\r\n\r\n\r\n\r\n<p>Os avi\u00f5es Cirrus t\u00eam uma capacidade de bagagem de 10 quilos por passageiro e s\u00e3o as \u00fanicas aeronaves com um sistema de p\u00e1ra-quedas para opera\u00e7\u00f5es de emerg\u00eancia para todo o avi\u00e3o como equipamento de s\u00e9rie.<\/p>\r\n\r\n\r\n\r\n<p>Especifica\u00e7\u00f5es:<\/p>\r\n\r\n\r\n\r\n<ul class=\"wp-block-list\"><li>Passageiros: 3;<\/li><li>Largura da cabine: 4 p\u00e9s 1 in;<\/li><li>Volume da cabina: 137 cu ft;<\/li><li>Altura da cabine: 4 p\u00e9s 2 in;<\/li><li>Comprimento da cabina: 8 p\u00e9s;<\/li><li>Bagagem interna: 32 cu ft;<\/li><li>Velocidade m\u00e1xima: 186 kts;<\/li><li>Alcance m\u00e1ximo: 1100 nm;<\/li><li>Tripula\u00e7\u00e3o: 1;<\/li><li>Sem casa de banho;<\/li><li>Sem WiFi.<\/li><\/ul>\r\n\r\n\r\n\r\n<h2 class=\"wp-block-heading\"><span class=\"ez-toc-section\" id=\"Cancellation_Insurance\"><\/span>Seguro de cancelamento<span class=\"ez-toc-section-end\"><\/span><\/h2>\r\n\r\n\r\n\r\n<p>A Fly Aeolus oferece um seguro de cancelamento, que custa 200 euros (excluindo o Imposto sobre o Valor Acrescentado), que lhe permite cancelar ou adiar o seu voo se os seus planos forem perturbados por uma ocorr\u00eancia imprevista.&nbsp;<\/p>\r\n\r\n\r\n\r\n<p>Se n\u00e3o desejar pagar o custo do seguro de cancelamento e o seu voo for cancelado ou adiado ap\u00f3s confirma\u00e7\u00e3o, estar\u00e1 sujeito a encargos adicionais. Se cancelar o seu voo entre 7 dias e 24 horas antes da hora programada de partida, a Fly Aeolus cobrar\u00e1 uma taxa de 25% do total das despesas de voo. Se o cancelamento ocorrer entre 24 a 5 horas antes do voo, a companhia cobrar\u00e1 uma taxa de cancelamento de 50% sobre o total das despesas de voo. Uma taxa de cancelamento de 100% do total das despesas de voo ser\u00e1 cobrada se o cancelamento ocorrer menos de 5 horas antes da hora programada de partida ou se n\u00e3o aparecer.<\/p>\r\n\r\n\r\n\r\n<h2 class=\"wp-block-heading\"><span class=\"ez-toc-section\" id=\"De-icing_Insurance\"><\/span>Seguro de descongela\u00e7\u00e3o<span class=\"ez-toc-section-end\"><\/span><\/h2>\r\n\r\n\r\n\r\n<figure class=\"wp-block-image size-full is-style-default\"><img loading=\"lazy\" decoding=\"async\" width=\"1000\" height=\"667\" src=\"https:\/\/comparemyjet.com\/wp-content\/uploads\/2022\/07\/De-icing-Insurance.jpg\" alt=\"\" class=\"wp-image-3146\" srcset=\"https:\/\/comparemyjet.com\/wp-content\/uploads\/2022\/07\/De-icing-Insurance-18x12.jpg 18w, https:\/\/comparemyjet.com\/wp-content\/uploads\/2022\/07\/De-icing-Insurance-300x200.jpg 300w, https:\/\/comparemyjet.com\/wp-content\/uploads\/2022\/07\/De-icing-Insurance-768x512.jpg 768w, https:\/\/comparemyjet.com\/wp-content\/uploads\/2022\/07\/De-icing-Insurance.jpg 1000w\" sizes=\"auto, (max-width: 1000px) 100vw, 1000px\" \/><\/figure>\r\n\r\n\r\n\r\n<p>Este tipo de seguro vir\u00e1 a calhar, especialmente durante os meses mais frios. A Fly Aeolus aconselha-o a tomar este servi\u00e7o antes da descolagem.&nbsp;<\/p>\r\n\r\n\r\n\r\n<p>Durante o Inverno, o t\u00e1xi a\u00e9reo pode ficar coberto de gelo ou neve, e qualquer gelo ou neve deve ser limpo antes de poder descolar. Os custos associados s\u00e3o dif\u00edceis de prever, pelo que a empresa fornece algumas op\u00e7\u00f5es de seguro de degelo com base no perigo de degelo, para lhe tranquilizar a mente.<\/p>\r\n\r\n\r\n\r\n<ul class=\"wp-block-list\"><li>At\u00e9 cinco dias antes da partida, o seguro de degelo custar-lhe-\u00e1 150,00 euros (IVA exclu\u00eddo) por um voo de ida.<\/li><li>Entre 5 e 72 horas antes da partida, este seguro custar-lhe-\u00e1 250,00 euros (sem IVA) por uma viagem de ida.<\/li><li>Entre 72 e 24 horas antes da partida, ter\u00e1 de pagar at\u00e9 350,00 euros (sem IVA) por um seguro de degelo de um s\u00f3 sentido.<\/li><\/ul>\r\n\r\n\r\n\r\n<p>Se n\u00e3o escolher uma das escolhas acima, ser-lhe-\u00e3o cobradas todas as taxas de descongela\u00e7\u00e3o necess\u00e1rias ap\u00f3s a viagem.<\/p>\r\n\r\n\r\n\r\n<h2 class=\"wp-block-heading\"><span class=\"ez-toc-section\" id=\"Fly_Aeolus_Taxi_Service\"><\/span>Servi\u00e7o de T\u00e1xi Fly Aeolus<span class=\"ez-toc-section-end\"><\/span><\/h2>\r\n\r\n\r\n\r\n<p>Fly Aeolus pode fazer uma reserva de t\u00e1xi para si com um dos seus parceiros de t\u00e1xi frequentes. Deixe-os saber o seu destino, e eles certificar-se-\u00e3o de que o t\u00e1xi est\u00e1 \u00e0 sua espera quando chegar ao aeroporto. Se algu\u00e9m o for buscar ao aeroporto, a companhia oferece-se para enviar os seus dados de voo espec\u00edficos para que os seus amigos ou fam\u00edlia possam seguir o t\u00e1xi a\u00e9reo em tempo real.<\/p>\r\n\r\n\r\n\r\n<h2 class=\"wp-block-heading\"><span class=\"ez-toc-section\" id=\"Pet_Policy\"><\/span>Pol\u00edtica de animais de estima\u00e7\u00e3o<span class=\"ez-toc-section-end\"><\/span><\/h2>\r\n\r\n\r\n\r\n<p>Ao voar comercial, pode trazer o seu animal de estima\u00e7\u00e3o no avi\u00e3o se o comprimento do transportador for inferior a 47 cm, a sua largura inferior a 30 cm, e a sua altura inferior a 27 cm. O animal de estima\u00e7\u00e3o deve tamb\u00e9m estar debaixo do seu assento num transportador designado e n\u00e3o deve pesar mais de 10 quilos. Por raz\u00f5es de seguran\u00e7a, n\u00e3o pode abrir o porta-avi\u00f5es ou desloc\u00e1-lo. Esta parece ser a maior desvantagem que t\u00eam em compara\u00e7\u00e3o com outros transportadores charter privados, mas ainda assim \u00e9 prefer\u00edvel a voar com eles no departamento de carga num voo comercial.<\/p>\r\n\r\n\r\n\r\n<p>Levar o seu animal de estima\u00e7\u00e3o no seu voo privado \u00e9 uma hist\u00f3ria totalmente diferente. Fly Aeolus trata qualquer animal de estima\u00e7\u00e3o que voe com eles como um convidado, assegurando que o seu animal de estima\u00e7\u00e3o desfruta de uma viagem calma e agrad\u00e1vel.<\/p>\r\n\r\n\r\n\r\n<p>O seu animal de estima\u00e7\u00e3o n\u00e3o ficar\u00e1 preso no compartimento de bagagem; eles podem aconchegar-se ao seu lado num cobertor, e voc\u00ea pode ter a certeza de que o seu animal de estima\u00e7\u00e3o est\u00e1 confort\u00e1vel e seguro.&nbsp;<\/p>\r\n\r\n\r\n\r\n<p>Embora possa viajar com o seu animal de estima\u00e7\u00e3o, a viagem implica algum planeamento antecipado, que pode seguir <a href=\"https:\/\/flyaeolus.com\/blog\/pet-travel-private-jet-air-taxi\/\" target=\"_blank\" rel=\"noopener\">liga\u00e7\u00e3o<\/a> para informa\u00e7\u00f5es adicionais para o transporte do seu animal de estima\u00e7\u00e3o com Aeolus.<\/p>\r\n\r\n\r\n\r\n<h2 class=\"wp-block-heading\"><span class=\"ez-toc-section\" id=\"Company_Safety_Policy_and_Standards\"><\/span>Pol\u00edtica e Normas de Seguran\u00e7a da Empresa<span class=\"ez-toc-section-end\"><\/span><\/h2>\r\n\r\n\r\n\r\n<p>Todos os seus avi\u00f5es s\u00e3o examinados regularmente, e os pilotos s\u00e3o controlados medicamente anualmente. Al\u00e9m disso, todos os avi\u00f5es est\u00e3o equipados com um CAPS (Cirrus Airframe Parachute System), que \u00e9 um sistema de recupera\u00e7\u00e3o de p\u00e1ra-quedas bal\u00edsticos de todo o avi\u00e3o, constru\u00eddo exclusivamente para avi\u00f5es Cirrus.<\/p>\r\n\r\n\r\n\r\n<h2 class=\"wp-block-heading\"><span class=\"ez-toc-section\" id=\"Company_Staff\"><\/span>Pessoal da empresa<span class=\"ez-toc-section-end\"><\/span><\/h2>\r\n\r\n\r\n\r\n<p>O pessoal da Aeolus inclui peritos de v\u00e1rios campos da avia\u00e7\u00e3o de neg\u00f3cios e pilotos e instrutores qualificados de Cirrus. Todos os pilotos da Fly Aeolus possuem licen\u00e7a de piloto comercial (CPL) ou uma licen\u00e7a de piloto de avi\u00e3o (ATPL), t\u00eam 500 horas ou mais de voo, e foram submetidos ao programa de forma\u00e7\u00e3o Cirrus SR22.&nbsp;<\/p>\r\n\r\n\r\n\r\n<h2 class=\"wp-block-heading\"><span class=\"ez-toc-section\" id=\"Conclusion\"><\/span>Conclus\u00e3o<span class=\"ez-toc-section-end\"><\/span><\/h2>\r\n\r\n\r\n\r\n<figure class=\"wp-block-image size-full is-style-default\"><img loading=\"lazy\" decoding=\"async\" width=\"1000\" height=\"667\" src=\"https:\/\/comparemyjet.com\/wp-content\/uploads\/2022\/07\/cute.dog_.dressed.as_.a.pilot_.standing.infront.of_.a.jet_.jpg\" alt=\"\" class=\"wp-image-3147\" srcset=\"https:\/\/comparemyjet.com\/wp-content\/uploads\/2022\/07\/cute.dog_.dressed.as_.a.pilot_.standing.infront.of_.a.jet_-18x12.jpg 18w, https:\/\/comparemyjet.com\/wp-content\/uploads\/2022\/07\/cute.dog_.dressed.as_.a.pilot_.standing.infront.of_.a.jet_-300x200.jpg 300w, https:\/\/comparemyjet.com\/wp-content\/uploads\/2022\/07\/cute.dog_.dressed.as_.a.pilot_.standing.infront.of_.a.jet_-768x512.jpg 768w, https:\/\/comparemyjet.com\/wp-content\/uploads\/2022\/07\/cute.dog_.dressed.as_.a.pilot_.standing.infront.of_.a.jet_.jpg 1000w\" sizes=\"auto, (max-width: 1000px) 100vw, 1000px\" \/><\/figure>\r\n\r\n\r\n\r\n<p>A Fly Aeolus \u00e9 a primeira empresa na Europa a utilizar um modelo de propriedade fraccionada para fornecer servi\u00e7os de t\u00e1xi a\u00e9reo utilizando avi\u00f5es de pist\u00e3o simples. A firma tamb\u00e9m oferece tr\u00eas programas distintos de cart\u00f5es a jacto e d\u00e1 acesso a mais de 1.000 pequenos aeroportos em toda a Europa, utilizando a sua frota Cirrus SR22. Se quiser fazer turismo ou se estiver a viajar com apenas um par de acompanhantes, a Fly Aeolus \u00e9 o seu servi\u00e7o de t\u00e1xi a\u00e9reo.&nbsp;<\/p>","protected":false},"excerpt":{"rendered":"<p>Fly Aeolus \u00e9 um servi\u00e7o de t\u00e1xi a\u00e9reo belga (charter privado) que tem operado na Europa desde 2009. A empresa tem sede em Antu\u00e9rpia, com escrit\u00f3rios em Berlim e Roterd\u00e3o.  Pode voar a partir de mais de 1.500 aeroportos atrav\u00e9s do continente europeu num dos seus avi\u00f5es Cirrus SR-22 que \u00e9 considerado um dos mais seguros jactos monomotores em ...<\/p>","protected":false},"author":2,"featured_media":3098,"parent":0,"menu_order":0,"comment_status":"closed","ping_status":"closed","template":"","meta":{"_acf_changed":false,"_genesis_hide_title":false,"_genesis_hide_breadcrumbs":false,"_genesis_hide_singular_image":false,"_genesis_hide_footer_widgets":false,"_genesis_custom_body_class":"","_genesis_custom_post_class":"","_genesis_layout":"","footnotes":""},"class_list":{"1":"page","2":"type-page","6":"entry"},"acf":[],"_links":{"self":[{"href":"https:\/\/comparemyjet.com\/pt\/wp-json\/wp\/v2\/pages\/3144","targetHints":{"allow":["GET"]}}],"collection":[{"href":"https:\/\/comparemyjet.com\/pt\/wp-json\/wp\/v2\/pages"}],"about":[{"href":"https:\/\/comparemyjet.com\/pt\/wp-json\/wp\/v2\/types\/page"}],"author":[{"embeddable":true,"href":"https:\/\/comparemyjet.com\/pt\/wp-json\/wp\/v2\/users\/2"}],"replies":[{"embeddable":true,"href":"https:\/\/comparemyjet.com\/pt\/wp-json\/wp\/v2\/comments?post=3144"}],"version-history":[{"count":2,"href":"https:\/\/comparemyjet.com\/pt\/wp-json\/wp\/v2\/pages\/3144\/revisions"}],"predecessor-version":[{"id":3444,"href":"https:\/\/comparemyjet.com\/pt\/wp-json\/wp\/v2\/pages\/3144\/revisions\/3444"}],"wp:featuredmedia":[{"embeddable":true,"href":"https:\/\/comparemyjet.com\/pt\/wp-json\/wp\/v2\/media\/3098"}],"wp:attachment":[{"href":"https:\/\/comparemyjet.com\/pt\/wp-json\/wp\/v2\/media?parent=3144"}],"curies":[{"name":"wp","href":"https:\/\/api.w.org\/{rel}","templated":true}]}}