{"id":3172,"date":"2022-08-10T21:51:12","date_gmt":"2022-08-10T21:51:12","guid":{"rendered":"https:\/\/comparemyjet.com\/?page_id=3172"},"modified":"2025-09-04T09:58:21","modified_gmt":"2025-09-04T09:58:21","slug":"hopscotch-air","status":"publish","type":"page","link":"https:\/\/comparemyjet.com\/pt\/hopscotch-air\/","title":{"rendered":"Pre\u00e7os de Voo A\u00e9reo Hopscotch"},"content":{"rendered":"<p>Hopscotch Air \u00e9 uma tecnologia de ponta <a href=\"https:\/\/comparemyjet.com\/pt\/how-much-does-air-taxi-cost\/\" data-internallinksmanager029f6b8e52c=\"23\" title=\"Quanto custa um t\u00e1xi a\u00e9reo?\">t\u00e1xi a\u00e9reo<\/a> companhia que voa passageiros em redor do Nordeste, do M\u00e9dio-Atl\u00e2ntico, e do Canad\u00e1 em pequenos mas tecnologicamente sofisticados Cirrus Aircraft. A companhia foi certificada em 2009 e voa agora cerca de 1400 viagens por ano, a uma frac\u00e7\u00e3o do custo de voos charter regulares, principalmente devido \u00e0 economia mais barata da aeronave.<\/p>\r\n\r\n\r\n\r\n<p>A Hopscotch Air \u00e9 pioneira nos servi\u00e7os de t\u00e1xis a\u00e9reos para pequenos avi\u00f5es no Nordeste e planeia oferecer novos servi\u00e7os a\u00e9reos regionais a locais populares do Nordeste at\u00e9 ao final de 2022.&nbsp;<\/p>\r\n\r\n\r\n\r\n<div id=\"ez-toc-container\" class=\"ez-toc-v2_0_76 counter-hierarchy ez-toc-counter ez-toc-grey ez-toc-container-direction\">\n<p class=\"ez-toc-title\" style=\"cursor:inherit\">T\u00f3picos<\/p>\n<label for=\"ez-toc-cssicon-toggle-item-69f168ee8e03c\" class=\"ez-toc-cssicon-toggle-label\"><span class=\"\"><span class=\"eztoc-hide\" style=\"display:none;\">Alternar<\/span><span class=\"ez-toc-icon-toggle-span\"><svg style=\"fill: #999;color:#999\" xmlns=\"http:\/\/www.w3.org\/2000\/svg\" class=\"list-377408\" width=\"20px\" height=\"20px\" viewbox=\"0 0 24 24\" fill=\"none\"><path d=\"M6 6H4v2h2V6zm14 0H8v2h12V6zM4 11h2v2H4v-2zm16 0H8v2h12v-2zM4 16h2v2H4v-2zm16 0H8v2h12v-2z\" fill=\"currentColor\"><\/path><\/svg><svg style=\"fill: #999;color:#999\" class=\"arrow-unsorted-368013\" xmlns=\"http:\/\/www.w3.org\/2000\/svg\" width=\"10px\" height=\"10px\" viewbox=\"0 0 24 24\" version=\"1.2\" baseprofile=\"tiny\"><path d=\"M18.2 9.3l-6.2-6.3-6.2 6.3c-.2.2-.3.4-.3.7s.1.5.3.7c.2.2.4.3.7.3h11c.3 0 .5-.1.7-.3.2-.2.3-.5.3-.7s-.1-.5-.3-.7zM5.8 14.7l6.2 6.3 6.2-6.3c.2-.2.3-.5.3-.7s-.1-.5-.3-.7c-.2-.2-.4-.3-.7-.3h-11c-.3 0-.5.1-.7.3-.2.2-.3.5-.3.7s.1.5.3.7z\"\/><\/svg><\/span><\/span><\/label><input type=\"checkbox\"  id=\"ez-toc-cssicon-toggle-item-69f168ee8e03c\" checked aria-label=\"Alternar\" \/><nav><ul class='ez-toc-list ez-toc-list-level-1' ><li class='ez-toc-page-1 ez-toc-heading-level-2'><a class=\"ez-toc-link ez-toc-heading-1\" href=\"https:\/\/comparemyjet.com\/pt\/hopscotch-air\/#About_the_Company\" >Sobre a Empresa<\/a><\/li><li class='ez-toc-page-1 ez-toc-heading-level-2'><a class=\"ez-toc-link ez-toc-heading-2\" href=\"https:\/\/comparemyjet.com\/pt\/hopscotch-air\/#Membership_Programs\" >Programas de ades\u00e3o<\/a><ul class='ez-toc-list-level-3' ><li class='ez-toc-heading-level-3'><a class=\"ez-toc-link ez-toc-heading-3\" href=\"https:\/\/comparemyjet.com\/pt\/hopscotch-air\/#ClubScotch\" >ClubScotch<\/a><\/li><\/ul><\/li><li class='ez-toc-page-1 ez-toc-heading-level-2'><a class=\"ez-toc-link ez-toc-heading-4\" href=\"https:\/\/comparemyjet.com\/pt\/hopscotch-air\/#Destinations_and_Pricing\" >Destinos e Pre\u00e7os<\/a><\/li><li class='ez-toc-page-1 ez-toc-heading-level-2'><a class=\"ez-toc-link ez-toc-heading-5\" href=\"https:\/\/comparemyjet.com\/pt\/hopscotch-air\/#The_Fleet\" >A Frota&nbsp;<\/a><ul class='ez-toc-list-level-3' ><li class='ez-toc-heading-level-3'><a class=\"ez-toc-link ez-toc-heading-6\" href=\"https:\/\/comparemyjet.com\/pt\/hopscotch-air\/#1_Very_Light_Jets\" >1. Jactos muito leves<\/a><ul class='ez-toc-list-level-4' ><li class='ez-toc-heading-level-4'><a class=\"ez-toc-link ez-toc-heading-7\" href=\"https:\/\/comparemyjet.com\/pt\/hopscotch-air\/#Our_Recommendation_The_Cirrus_SR20\" >A nossa recomenda\u00e7\u00e3o: O Cirrus SR20&nbsp;<\/a><\/li><li class='ez-toc-page-1 ez-toc-heading-level-4'><a class=\"ez-toc-link ez-toc-heading-8\" href=\"https:\/\/comparemyjet.com\/pt\/hopscotch-air\/#Our_Recommendation_The_Cirrus_SR22\" >A nossa recomenda\u00e7\u00e3o: O Cirrus SR22<\/a><\/li><\/ul><\/li><\/ul><\/li><li class='ez-toc-page-1 ez-toc-heading-level-2'><a class=\"ez-toc-link ez-toc-heading-9\" href=\"https:\/\/comparemyjet.com\/pt\/hopscotch-air\/#Company_Safety_Policy_and_Standards\" >Pol\u00edtica e Normas de Seguran\u00e7a da Empresa&nbsp;<\/a><\/li><li class='ez-toc-page-1 ez-toc-heading-level-2'><a class=\"ez-toc-link ez-toc-heading-10\" href=\"https:\/\/comparemyjet.com\/pt\/hopscotch-air\/#Partnerships\" >Parcerias<\/a><\/li><li class='ez-toc-page-1 ez-toc-heading-level-2'><a class=\"ez-toc-link ez-toc-heading-11\" href=\"https:\/\/comparemyjet.com\/pt\/hopscotch-air\/#Conclusion\" >Conclus\u00e3o<\/a><\/li><\/ul><\/nav><\/div>\n<h2 class=\"wp-block-heading\"><span class=\"ez-toc-section\" id=\"About_the_Company\"><\/span>Sobre a Empresa<span class=\"ez-toc-section-end\"><\/span><\/h2>\r\n\r\n\r\n\r\n<p>Hopscotch Air \u00e9 um <a href=\"https:\/\/www.faa.gov\/\" target=\"_blank\" rel=\"noopener\">FAA<\/a>-certificada transportadora a\u00e9rea sediada em <a href=\"https:\/\/comparemyjet.com\/pt\/visitas-privadas\/visitas-privadas-a-cidade-de-nova-iorque\/\" data-internallinksmanager029f6b8e52c=\"427\" title=\"11 melhores excurs\u00f5es privadas \u00e0 cidade de Nova Iorque a partir de $48.00\">Nova Iorque<\/a>com centros localizados em Republic Farmingdale, Westchester County, e nos Aeroportos de Teterboro.&nbsp;<\/p>\r\n\r\n\r\n\r\n<p>A empresa tem a sua pr\u00f3pria frota de aeronaves e fornece um programa de ades\u00e3o, com taxas de entrada e de ades\u00e3o que come\u00e7am no $3,900. O programa de entrada \u00e9 o Jet Card, um servi\u00e7o de pr\u00e9-pagamento com pre\u00e7os fixos e fixos por rota.&nbsp;<\/p>\r\n\r\n\r\n\r\n<p>Vamos explorar estes programas de ades\u00e3o com mais detalhe.<\/p>\r\n\r\n\r\n\r\n<h2 class=\"wp-block-heading\"><span class=\"ez-toc-section\" id=\"Membership_Programs\"><\/span>Programas de ades\u00e3o<span class=\"ez-toc-section-end\"><\/span><\/h2>\r\n\r\n\r\n\r\n<figure class=\"wp-block-image size-full is-style-default\"><img loading=\"lazy\" decoding=\"async\" width=\"1000\" height=\"667\" src=\"https:\/\/comparemyjet.com\/wp-content\/uploads\/2022\/07\/cirrus.sr_.22.jpg\" alt=\"\" class=\"wp-image-3174\" srcset=\"https:\/\/comparemyjet.com\/wp-content\/uploads\/2022\/07\/cirrus.sr_.22-18x12.jpg 18w, https:\/\/comparemyjet.com\/wp-content\/uploads\/2022\/07\/cirrus.sr_.22-300x200.jpg 300w, https:\/\/comparemyjet.com\/wp-content\/uploads\/2022\/07\/cirrus.sr_.22-768x512.jpg 768w, https:\/\/comparemyjet.com\/wp-content\/uploads\/2022\/07\/cirrus.sr_.22.jpg 1000w\" sizes=\"auto, (max-width: 1000px) 100vw, 1000px\" \/><\/figure>\r\n\r\n\r\n\r\n<p>A empresa iniciou o seu programa de s\u00f3cios em 2019. Os membros pagam $325 por m\u00eas e beneficiam de descontos exclusivos e outros benef\u00edcios.&nbsp;<\/p>\r\n\r\n\r\n\r\n<p>Pode tornar-se membro, contactando-os no seu <a href=\"https:\/\/flyhopscotch.com\/join-clubscotch\/\" target=\"_blank\" rel=\"noopener\">s\u00edtio Web<\/a>.<\/p>\r\n\r\n\r\n\r\n<h3 class=\"wp-block-heading\"><span class=\"ez-toc-section\" id=\"ClubScotch\"><\/span>ClubScotch<span class=\"ez-toc-section-end\"><\/span><\/h3>\r\n\r\n\r\n\r\n<p>Por todo o Nordeste, o M\u00e9dio-Atl\u00e2ntico, e o Canad\u00e1, Hopscotch voar\u00e1 para centenas de aeroportos, desde o mais pequeno ao maior. Os seus avi\u00f5es podem transport\u00e1-lo para aeroportos mais pequenos e menos lotados, mais pr\u00f3ximos do seu destino final. Todos os voos partem de acordo com o seu hor\u00e1rio.<\/p>\r\n\r\n\r\n\r\n<p>Para se tornar membro do ClubScoth, \u00e9-lhe pedido que assuma um compromisso de um ano. Pode optar por pagar $325 por m\u00eas ou $3,250 por ano.<\/p>\r\n\r\n\r\n\r\n<p>A programa\u00e7\u00e3o priorit\u00e1ria est\u00e1 dispon\u00edvel para os membros, bem como o acesso r\u00e1pido \u00e0 sua equipa de Experi\u00eancia do Cliente. Como membro ClubScotch, \u00e9 eleg\u00edvel para marca\u00e7\u00f5es de \u00faltima hora e tempo de espera gratuito por at\u00e9 15 horas. Pode utilizar essas 15 horas de atraso de propaga\u00e7\u00e3o gratuita durante todo o ano. \u00c9 um desconto anual superior a $1,000.<\/p>\r\n\r\n\r\n\r\n<p>Talvez queira passar a noite no seu destino? Uma noite gratuita \u00e9 oferecida uma vez por ano (<a href=\"https:\/\/comparemyjet.com\/pt\/hotels\/\" data-internallinksmanager029f6b8e52c=\"470\" title=\"100 melhores hot\u00e9is perto de aeroportos de todo o mundo\">hotel<\/a> e alimenta\u00e7\u00e3o n\u00e3o inclu\u00eddos). O seu avi\u00e3o esper\u00e1-lo-\u00e1 no dia seguinte para completar a sua viagem de ida e volta.&nbsp;<\/p>\r\n\r\n\r\n\r\n<p>A pol\u00edtica de cancelamento da empresa permite-lhe alterar a sua data\/ rota, e \u00e9 bastante flex\u00edvel para os membros. N\u00e3o lhe ser\u00e3o cobradas quaisquer modifica\u00e7\u00f5es que fa\u00e7a durante a sua viagem. Os n\u00e3o-membros t\u00eam 48 horas para cancelar voos para um reembolso, enquanto os membros t\u00eam 24 horas.<\/p>\r\n\r\n\r\n\r\n<p>As maiores vantagens que os membros do ClubScotch obt\u00eam \u00e9 que, em geral, pagam cerca de 25% a menos do que os n\u00e3o-membros, ao custo de retalho, e t\u00eam acesso ao site ClubScotch para verificar o seu hist\u00f3rico de voos e saldo de conta online.<\/p>\r\n\r\n\r\n\r\n<h2 class=\"wp-block-heading\"><span class=\"ez-toc-section\" id=\"Destinations_and_Pricing\"><\/span>Destinos e Pre\u00e7os<span class=\"ez-toc-section-end\"><\/span><\/h2>\r\n\r\n\r\n\r\n<p>Os SR22 normalmente recolhem os passageiros nos aeroportos da cidade de Nova Iorque, e os destinos mais long\u00ednquos s\u00e3o o oeste para <a href=\"https:\/\/comparemyjet.com\/pt\/transportadores-privados-jacto-para-chicago\/\" data-internallinksmanager029f6b8e52c=\"170\" title=\"Aluguer de Jet Charters privados para Chicago\">Chicago<\/a> ou do sul para a Carolina do Sul.&nbsp;<\/p>\r\n\r\n\r\n\r\n<p>A tabela seguinte inclui pre\u00e7os para uma viagem de ida no mesmo dia partindo de White Plains, Farmingdale, e Teterboro.&nbsp;<\/p>\r\n\r\n\r\n\r\n<figure class=\"wp-block-table\"><table><tbody><tr><td>Destinos<\/td><td>Pre\u00e7os unidireccionais<\/td><\/tr><tr><td><a href=\"https:\/\/comparemyjet.com\/pt\/visitas-privadas\/philadelphia-private-tours\/\" data-internallinksmanager029f6b8e52c=\"430\" title=\"11 melhores excurs\u00f5es privadas na Filad\u00e9lfia a partir de $245.00\">Filad\u00e9lfia<\/a>&nbsp;<\/td><td>$1,956<\/td><\/tr><tr><td>Cidade do Atl\u00e2ntico&nbsp;<\/td><td>$2,019<\/td><\/tr><tr><td>Newport&nbsp;<\/td><td>$2,144<\/td><\/tr><tr><td><a href=\"https:\/\/comparemyjet.com\/pt\/private-jet-charters-to-boston\/\" data-internallinksmanager029f6b8e52c=\"177\" title=\"Aluguer de Jet Charters privados para Boston\">Boston<\/a> - Bedford&nbsp;<\/td><td>$2,426<\/td><\/tr><tr><td>Martha's Vineyard&nbsp;<\/td><td>$2,489<\/td><\/tr><tr><td>Nantucket&nbsp;<\/td><td>$2,802<\/td><\/tr><tr><td>Provincetown&nbsp;<\/td><td>$2,834<\/td><\/tr><tr><td>Boston - Logan&nbsp;<\/td><td>$2,888<\/td><\/tr><tr><td>Burlington&nbsp;<\/td><td>$3,335<\/td><\/tr><\/tbody><\/table><\/figure>\r\n\r\n\r\n\r\n<p>Hopscotch serve o nordeste dos Estados Unidos, a regi\u00e3o do M\u00e9dio-Atl\u00e2ntico, e partes de Ont\u00e1rio e Quebec. S\u00e3o populares as escapadelas de Primavera e Ver\u00e3o:<\/p>\r\n\r\n\r\n\r\n<ul class=\"wp-block-list\"><li>Cabo Cod,&nbsp;<\/li><li>Provincetown, Provincetown,&nbsp;<\/li><li>Martha's Vineyard,&nbsp;<\/li><li>East Hampton,&nbsp;<\/li><li>Burlington,&nbsp;<\/li><li><a href=\"https:\/\/comparemyjet.com\/pt\/visitas-privadas\/portland-private-tours\/\" data-internallinksmanager029f6b8e52c=\"432\" title=\"11 melhores excurs\u00f5es privadas em Portland a partir de $48.00\">Portland<\/a>,&nbsp;<\/li><li>Ilha do Bloco,&nbsp;<\/li><li>Grande Barrington,&nbsp;<\/li><li>e Stowe.&nbsp;<\/li><\/ul>\r\n\r\n\r\n\r\n<p>Contudo, tamb\u00e9m voam para locais remotos no norte do estado de Nova Iorque, Massachusetts, Pennsylvania e Nova <a href=\"https:\/\/comparemyjet.com\/pt\/particulares-jacto-jersey\/\" data-internallinksmanager029f6b8e52c=\"176\" title=\"Aluguer de Jet Charters privados para Jersey\">Jersey<\/a>. Os destinos da New England est\u00e3o entre as rotas mais populares da Hopscotch Air.<\/p>\r\n\r\n\r\n\r\n<p>N\u00e3o h\u00e1 garantia de disponibilidade de aeronaves, e as tarifas s\u00e3o fixadas com base na rota.<\/p>\r\n\r\n\r\n\r\n<h2 class=\"wp-block-heading\"><span class=\"ez-toc-section\" id=\"The_Fleet\"><\/span>A Frota&nbsp;<span class=\"ez-toc-section-end\"><\/span><\/h2>\r\n\r\n\r\n\r\n<figure class=\"wp-block-image size-full is-style-default\"><img loading=\"lazy\" decoding=\"async\" width=\"1000\" height=\"606\" src=\"https:\/\/comparemyjet.com\/wp-content\/uploads\/2022\/07\/cirrus.fleet_.jpg\" alt=\"\" class=\"wp-image-3173\" srcset=\"https:\/\/comparemyjet.com\/wp-content\/uploads\/2022\/07\/cirrus.fleet_-18x12.jpg 18w, https:\/\/comparemyjet.com\/wp-content\/uploads\/2022\/07\/cirrus.fleet_-300x182.jpg 300w, https:\/\/comparemyjet.com\/wp-content\/uploads\/2022\/07\/cirrus.fleet_-768x465.jpg 768w, https:\/\/comparemyjet.com\/wp-content\/uploads\/2022\/07\/cirrus.fleet_.jpg 1000w\" sizes=\"auto, (max-width: 1000px) 100vw, 1000px\" \/><\/figure>\r\n\r\n\r\n\r\n<p>A Hopscotch Air \u00e9 uma companhia de t\u00e1xis a\u00e9reos que opera uma frota de aeronaves Cirrus SR-20\/22. Estes avi\u00f5es podem voar at\u00e9 800 milhas sem parar para reabastecer.&nbsp;<\/p>\r\n\r\n\r\n\r\n<p>Embora os voos com um avi\u00e3o monomotor de pist\u00e3o demorem mais tempo do que os voos num avi\u00e3o a jacto, podem aterrar em aeroportos mais pequenos com pistas mais curtas e s\u00e3o perfeitos para uma festa de tr\u00eas pessoas. Os avi\u00f5es de circo podem aceder a milhares de aeroportos p\u00fablicos na regi\u00e3o nordeste.<\/p>\r\n\r\n\r\n\r\n<h3 class=\"wp-block-heading\"><span class=\"ez-toc-section\" id=\"1_Very_Light_Jets\"><\/span>1. Jactos muito leves<span class=\"ez-toc-section-end\"><\/span><\/h3>\r\n\r\n\r\n\r\n<p>O jacto muito leve \u00e9 a forma mais pequena e mais econ\u00f3mica de um jacto privado. S\u00e3o ideais para viagens mais curtas em pequenas dist\u00e2ncias, com um alcance de aproximadamente 2.000 milhas e uma velocidade hor\u00e1ria de mais de 600 mph. Estes avi\u00f5es s\u00e3o ideais para viagens regionais e normalmente acomodam 3 a 6 pessoas.<\/p>\r\n\r\n\r\n\r\n<h4 class=\"wp-block-heading\"><span class=\"ez-toc-section\" id=\"Our_Recommendation_The_Cirrus_SR20\"><\/span>A nossa recomenda\u00e7\u00e3o: O Cirrus SR20&nbsp;<span class=\"ez-toc-section-end\"><\/span><\/h4>\r\n\r\n\r\n\r\n<p>Cirrus Aircraft of Duluth, Minnesota, fabrica o Cirrus SR20, um monoplano composto de quatro lugares, accionado por um motor de pist\u00e3o.<\/p>\r\n\r\n\r\n\r\n<p>O SR20 foi o primeiro avi\u00e3o de avia\u00e7\u00e3o geral equipado com p\u00e1ra-quedas para aterrar em seguran\u00e7a durante emerg\u00eancias. \u00c9 tamb\u00e9m a primeira aeronave ligeira constru\u00edda inteiramente de materiais compostos.<\/p>\r\n\r\n\r\n\r\n<p>Especifica\u00e7\u00f5es e desempenho do Cirrus SR20:<\/p>\r\n\r\n\r\n\r\n<ul class=\"wp-block-list\"><li>Passageiros: 3;<\/li><li>Altura exterior: 8 p\u00e9s 11 in;<\/li><li>Comprimento externo: 26 p\u00e9s;<\/li><li>Largura da cabine: 4 p\u00e9s 1 in;<\/li><li>Altura da cabine: 4 p\u00e9s 2 in;<\/li><li>Comprimento da cabina: 10 p\u00e9s 10 in;<\/li><li>Taxa de subida: 920 fpm;<\/li><li>Cruzeiro normal: 155 kts;<\/li><li>Velocidade m\u00e1xima: 155 kts;<\/li><li>Alcance m\u00e1ximo: 785 nm;<\/li><li>Capacidade de combust\u00edvel: 336 libras libras;<\/li><li>Carga \u00fatil m\u00e1xima: 720 lb;<\/li><li>Tripula\u00e7\u00e3o: 1.<\/li><\/ul>\r\n\r\n\r\n\r\n<h4 class=\"wp-block-heading\"><span class=\"ez-toc-section\" id=\"Our_Recommendation_The_Cirrus_SR22\"><\/span>A nossa recomenda\u00e7\u00e3o: O Cirrus SR22<span class=\"ez-toc-section-end\"><\/span><\/h4>\r\n\r\n\r\n\r\n<p>O Cirrus SR22 foi meticulosamente concebido para lhe proporcionar a melhor experi\u00eancia de voo. Oferece uma inova\u00e7\u00e3o t\u00e9cnica sofisticada, um desempenho estimulante, e um talento inigual\u00e1vel. O interior espa\u00e7oso do SR22, que oferece bastante espa\u00e7o para as pernas dos passageiros, \u00e9 uma das suas caracter\u00edsticas mais fortes.<\/p>\r\n\r\n\r\n\r\n<p>Especifica\u00e7\u00f5es e desempenho do Cirrus SR22:<\/p>\r\n\r\n\r\n\r\n<ul class=\"wp-block-list\"><li>Passageiros: 4;<\/li><li>Altura exterior: 8 p\u00e9s 11 in;<\/li><li>Envergadura das asas: 38 p\u00e9s 4 polegadas;<\/li><li>Comprimento externo: 26 p\u00e9s;<\/li><li>Volume da cabina: 137 cu ft;<\/li><li>Largura da cabine: 4 p\u00e9s 1 in;<\/li><li>Altura da cabine: 4 p\u00e9s 2 in;<\/li><li>Comprimento da cabina: 8 p\u00e9s;<\/li><li>Bagagem interna: 32 cu ft;<\/li><li>Capacidade de combust\u00edvel: 486 libras libras;<\/li><li>Carga \u00fatil m\u00e1xima: 950 lb;<\/li><li>Velocidade m\u00e1xima: 186 kts;<\/li><li>Alcance de voo: 659 nm - 1100 nm;<\/li><li>Dist\u00e2ncia de aterragem: 4005 p\u00e9s;<\/li><li>Taxa de subida: 1400 fpm;<\/li><li>Tripula\u00e7\u00e3o: 1.<\/li><\/ul>\r\n\r\n\r\n\r\n<h2 class=\"wp-block-heading\"><span class=\"ez-toc-section\" id=\"Company_Safety_Policy_and_Standards\"><\/span>Pol\u00edtica e Normas de Seguran\u00e7a da Empresa&nbsp;<span class=\"ez-toc-section-end\"><\/span><\/h2>\r\n\r\n\r\n\r\n<figure class=\"wp-block-image size-full is-style-default\"><img loading=\"lazy\" decoding=\"async\" width=\"1000\" height=\"662\" src=\"https:\/\/comparemyjet.com\/wp-content\/uploads\/2022\/07\/pilot.greeting.young_.couple-1.jpg\" alt=\"Hopscotch Air\" class=\"wp-image-3176\" srcset=\"https:\/\/comparemyjet.com\/wp-content\/uploads\/2022\/07\/pilot.greeting.young_.couple-1-18x12.jpg 18w, https:\/\/comparemyjet.com\/wp-content\/uploads\/2022\/07\/pilot.greeting.young_.couple-1-300x199.jpg 300w, https:\/\/comparemyjet.com\/wp-content\/uploads\/2022\/07\/pilot.greeting.young_.couple-1-768x508.jpg 768w, https:\/\/comparemyjet.com\/wp-content\/uploads\/2022\/07\/pilot.greeting.young_.couple-1.jpg 1000w\" sizes=\"auto, (max-width: 1000px) 100vw, 1000px\" \/><\/figure>\r\n\r\n\r\n\r\n<p>O sofisticado conv\u00e9s de combate e piloto autom\u00e1tico do SR 22\/20 permite o voo com um \u00fanico piloto, mas os jactos v\u00eam com um p\u00e1ra-quedas de emerg\u00eancia de avi\u00e3o completo que, segundo a empresa, \u00e9 um ponto de venda chave para os consumidores.<\/p>\r\n\r\n\r\n\r\n<p>SR 20\/22 s\u00e3o tamb\u00e9m <a href=\"https:\/\/www.faa.gov\/about\/office_org\/headquarters_offices\/ato\/service_units\/techops\/navservices\/gnss\/waas\" target=\"_blank\" rel=\"noopener\">WAAS (Wide Area Augmentation System)<\/a>) capazes e certificados para voar sob situa\u00e7\u00f5es dif\u00edceis de gelo. Al\u00e9m disso, os jactos v\u00eam com WAAS, um sistema combinado terra\/gPS que permite \u00e0s aeronaves efectuar aterragens precisas em aeroportos onde um <a href=\"https:\/\/skybrary.aero\/articles\/instrument-landing-system-ils\" target=\"_blank\" rel=\"noopener\">ILS<\/a> n\u00e3o est\u00e1 presente ou operacional.<\/p>\r\n\r\n\r\n\r\n<p>Nassau Flyers, uma oficina de repara\u00e7\u00e3o autorizada da f\u00e1brica Cirrus pr\u00f3xima, faz todas as modifica\u00e7\u00f5es e outras manuten\u00e7\u00f5es estruturais e de motores no solo.<\/p>\r\n\r\n\r\n\r\n<h2 class=\"wp-block-heading\"><span class=\"ez-toc-section\" id=\"Partnerships\"><\/span>Parcerias<span class=\"ez-toc-section-end\"><\/span><\/h2>\r\n\r\n\r\n\r\n<p>Hopscotch e Linear Air juntaram-se para operar o \u00fanico servi\u00e7o regular sem paragens que liga White Plains e a \u00e1rea do metro de Boston.<\/p>\r\n\r\n\r\n\r\n<p>Semelhante a Hopscotch, Linear Air tamb\u00e9m opera Eclipse VLJs (jactos muito leves). Juntas, as duas empresas fornecem aos consumidores uma variedade de escolhas de velocidade e alcance para t\u00e1xis a\u00e9reos a pedido.<\/p>\r\n\r\n\r\n\r\n<h2 class=\"wp-block-heading\"><span class=\"ez-toc-section\" id=\"Conclusion\"><\/span>Conclus\u00e3o<span class=\"ez-toc-section-end\"><\/span><\/h2>\r\n\r\n\r\n\r\n<p>Sob a marca ClubScotch, a Hopscotch Air fornece um programa de ades\u00e3o de pist\u00e3o monomotor Cirrus SR22 e SR20 em todo o Nordeste e M\u00e9dio-Atl\u00e2ntico com pre\u00e7os de rota fixa. Cada avi\u00e3o pode acomodar at\u00e9 quatro viajantes.<\/p>\r\n\r\n\r\n\r\n<p>Devido ao n\u00famero crescente de clientes, a empresa planeia lan\u00e7ar uma nova frota de avi\u00f5es turbopropulsores de oito lugares para aumentar a capacidade, enquanto j\u00e1 assinou com a Transcend Air Corporation a aquisi\u00e7\u00e3o dos galardoados avi\u00f5es verticais de descolagem e aterragem Vy 400. Estes avi\u00f5es ser\u00e3o utilizados para expandir rotas n\u00e3o aeroportu\u00e1rias.&nbsp;<\/p>\r\n\r\n\r\n\r\n<p>Ao contr\u00e1rio da carta t\u00edpica, Hopscotch n\u00e3o cobra \u00e0 hora nem acrescenta taxas de combust\u00edvel. No momento da reserva, eles fornecem um pre\u00e7o \u00fanico e fixo.&nbsp;<\/p>","protected":false},"excerpt":{"rendered":"<p>A Hopscotch Air \u00e9 uma companhia de t\u00e1xis a\u00e9reos de vanguarda que voa passageiros em redor do Nordeste, do M\u00e9dio-Atl\u00e2ntico, e do Canad\u00e1 em pequenos mas tecnologicamente sofisticados Cirrus Aircraft. A companhia foi certificada em 2009 e voa agora cerca de 1400 viagens por ano, a uma frac\u00e7\u00e3o do custo dos voos charter regulares, principalmente devido \u00e0 economia mais barata ...<\/p>","protected":false},"author":2,"featured_media":3175,"parent":0,"menu_order":0,"comment_status":"closed","ping_status":"closed","template":"","meta":{"_acf_changed":false,"_genesis_hide_title":false,"_genesis_hide_breadcrumbs":false,"_genesis_hide_singular_image":false,"_genesis_hide_footer_widgets":false,"_genesis_custom_body_class":"","_genesis_custom_post_class":"","_genesis_layout":"","footnotes":""},"class_list":{"1":"page","2":"type-page","6":"entry"},"acf":[],"_links":{"self":[{"href":"https:\/\/comparemyjet.com\/pt\/wp-json\/wp\/v2\/pages\/3172","targetHints":{"allow":["GET"]}}],"collection":[{"href":"https:\/\/comparemyjet.com\/pt\/wp-json\/wp\/v2\/pages"}],"about":[{"href":"https:\/\/comparemyjet.com\/pt\/wp-json\/wp\/v2\/types\/page"}],"author":[{"embeddable":true,"href":"https:\/\/comparemyjet.com\/pt\/wp-json\/wp\/v2\/users\/2"}],"replies":[{"embeddable":true,"href":"https:\/\/comparemyjet.com\/pt\/wp-json\/wp\/v2\/comments?post=3172"}],"version-history":[{"count":2,"href":"https:\/\/comparemyjet.com\/pt\/wp-json\/wp\/v2\/pages\/3172\/revisions"}],"predecessor-version":[{"id":3451,"href":"https:\/\/comparemyjet.com\/pt\/wp-json\/wp\/v2\/pages\/3172\/revisions\/3451"}],"wp:featuredmedia":[{"embeddable":true,"href":"https:\/\/comparemyjet.com\/pt\/wp-json\/wp\/v2\/media\/3175"}],"wp:attachment":[{"href":"https:\/\/comparemyjet.com\/pt\/wp-json\/wp\/v2\/media?parent=3172"}],"curies":[{"name":"wp","href":"https:\/\/api.w.org\/{rel}","templated":true}]}}