{"id":3187,"date":"2022-08-04T21:07:44","date_gmt":"2022-08-04T21:07:44","guid":{"rendered":"https:\/\/comparemyjet.com\/?page_id=3187"},"modified":"2025-09-04T09:59:34","modified_gmt":"2025-09-04T09:59:34","slug":"gestao-de-jactos-do-norte","status":"publish","type":"page","link":"https:\/\/comparemyjet.com\/pt\/gestao-de-jactos-do-norte\/","title":{"rendered":"Gest\u00e3o de Jactos do Norte"},"content":{"rendered":"<p>O fornecedor de viagens a jacto Elite Northern Jet Management oferece <a href=\"https:\/\/comparemyjet.com\/pt\/what-are-some-aircraft-management-companies\/\" data-internallinksmanager029f6b8e52c=\"21\" title=\"Servi\u00e7os e Empresas de Gest\u00e3o de Aeronaves\">gest\u00e3o de aeronaves<\/a>A empresa tem um programa de propriedade partilhada, fretamentos a pedido, e compra e venda de avi\u00f5es tanto a empresas como a particulares. Voam para mais de 3.400 destinos nos EUA, Cara\u00edbas, M\u00e9xico, e Canad\u00e1.<\/p>\r\n\r\n\r\n\r\n<p>Vamos explorar o que eles oferecem com mais detalhe, mas primeiro, uma breve vis\u00e3o geral de como a empresa veio a ser.<\/p>\r\n\r\n\r\n\r\n<div id=\"ez-toc-container\" class=\"ez-toc-v2_0_76 counter-hierarchy ez-toc-counter ez-toc-grey ez-toc-container-direction\">\n<p class=\"ez-toc-title\" style=\"cursor:inherit\">T\u00f3picos<\/p>\n<label for=\"ez-toc-cssicon-toggle-item-69dba0f6a92af\" class=\"ez-toc-cssicon-toggle-label\"><span class=\"\"><span class=\"eztoc-hide\" style=\"display:none;\">Alternar<\/span><span class=\"ez-toc-icon-toggle-span\"><svg style=\"fill: #999;color:#999\" xmlns=\"http:\/\/www.w3.org\/2000\/svg\" class=\"list-377408\" width=\"20px\" height=\"20px\" viewbox=\"0 0 24 24\" fill=\"none\"><path d=\"M6 6H4v2h2V6zm14 0H8v2h12V6zM4 11h2v2H4v-2zm16 0H8v2h12v-2zM4 16h2v2H4v-2zm16 0H8v2h12v-2z\" fill=\"currentColor\"><\/path><\/svg><svg style=\"fill: #999;color:#999\" class=\"arrow-unsorted-368013\" xmlns=\"http:\/\/www.w3.org\/2000\/svg\" width=\"10px\" height=\"10px\" viewbox=\"0 0 24 24\" version=\"1.2\" baseprofile=\"tiny\"><path d=\"M18.2 9.3l-6.2-6.3-6.2 6.3c-.2.2-.3.4-.3.7s.1.5.3.7c.2.2.4.3.7.3h11c.3 0 .5-.1.7-.3.2-.2.3-.5.3-.7s-.1-.5-.3-.7zM5.8 14.7l6.2 6.3 6.2-6.3c.2-.2.3-.5.3-.7s-.1-.5-.3-.7c-.2-.2-.4-.3-.7-.3h-11c-.3 0-.5.1-.7.3-.2.2-.3.5-.3.7s.1.5.3.7z\"\/><\/svg><\/span><\/span><\/label><input type=\"checkbox\"  id=\"ez-toc-cssicon-toggle-item-69dba0f6a92af\" checked aria-label=\"Alternar\" \/><nav><ul class='ez-toc-list ez-toc-list-level-1' ><li class='ez-toc-page-1 ez-toc-heading-level-2'><a class=\"ez-toc-link ez-toc-heading-1\" href=\"https:\/\/comparemyjet.com\/pt\/gestao-de-jactos-do-norte\/#About_the_Company\" >Sobre a Empresa&nbsp;<\/a><\/li><li class='ez-toc-page-1 ez-toc-heading-level-2'><a class=\"ez-toc-link ez-toc-heading-2\" href=\"https:\/\/comparemyjet.com\/pt\/gestao-de-jactos-do-norte\/#Ways_to_Fly\" >Maneiras de voar<\/a><ul class='ez-toc-list-level-3' ><li class='ez-toc-heading-level-3'><a class=\"ez-toc-link ez-toc-heading-3\" href=\"https:\/\/comparemyjet.com\/pt\/gestao-de-jactos-do-norte\/#Jet_Management\" >Gest\u00e3o de jactos<\/a><\/li><li class='ez-toc-page-1 ez-toc-heading-level-3'><a class=\"ez-toc-link ez-toc-heading-4\" href=\"https:\/\/comparemyjet.com\/pt\/gestao-de-jactos-do-norte\/#Company_Card_Program\" >Programa de cart\u00f5es de empresa<\/a><\/li><li class='ez-toc-page-1 ez-toc-heading-level-3'><a class=\"ez-toc-link ez-toc-heading-5\" href=\"https:\/\/comparemyjet.com\/pt\/gestao-de-jactos-do-norte\/#Fractional_Jet_Ownership_Program\" >Programa de propriedade de jactos fraccionados<\/a><\/li><li class='ez-toc-page-1 ez-toc-heading-level-3'><a class=\"ez-toc-link ez-toc-heading-6\" href=\"https:\/\/comparemyjet.com\/pt\/gestao-de-jactos-do-norte\/#Empty_Leg_Flights\" >Voos de Perna Vazia<\/a><\/li><li class='ez-toc-page-1 ez-toc-heading-level-3'><a class=\"ez-toc-link ez-toc-heading-7\" href=\"https:\/\/comparemyjet.com\/pt\/gestao-de-jactos-do-norte\/#Acquiring_or_Selling_an_Aircraft\" >Adquirir ou Vender uma Aeronave<\/a><\/li><\/ul><\/li><li class='ez-toc-page-1 ez-toc-heading-level-2'><a class=\"ez-toc-link ez-toc-heading-8\" href=\"https:\/\/comparemyjet.com\/pt\/gestao-de-jactos-do-norte\/#Pricing\" >Fixa\u00e7\u00e3o de pre\u00e7os<\/a><\/li><li class='ez-toc-page-1 ez-toc-heading-level-2'><a class=\"ez-toc-link ez-toc-heading-9\" href=\"https:\/\/comparemyjet.com\/pt\/gestao-de-jactos-do-norte\/#The_Fleet\" >A Frota&nbsp;<\/a><ul class='ez-toc-list-level-3' ><li class='ez-toc-heading-level-3'><a class=\"ez-toc-link ez-toc-heading-10\" href=\"https:\/\/comparemyjet.com\/pt\/gestao-de-jactos-do-norte\/#1_Midsize_Private_Jets\" >1. Jactos privados de m\u00e9dio porte<\/a><ul class='ez-toc-list-level-4' ><li class='ez-toc-heading-level-4'><a class=\"ez-toc-link ez-toc-heading-11\" href=\"https:\/\/comparemyjet.com\/pt\/gestao-de-jactos-do-norte\/#Our_Recommendation_Learjet_40\" >A nossa recomenda\u00e7\u00e3o: Learjet 40<\/a><\/li><\/ul><\/li><li class='ez-toc-page-1 ez-toc-heading-level-3'><a class=\"ez-toc-link ez-toc-heading-12\" href=\"https:\/\/comparemyjet.com\/pt\/gestao-de-jactos-do-norte\/#2_Super-Midsize_Private_Jets\" >2. Jactos Privados Super-M\u00e9dios&nbsp;<\/a><ul class='ez-toc-list-level-4' ><li class='ez-toc-heading-level-4'><a class=\"ez-toc-link ez-toc-heading-13\" href=\"https:\/\/comparemyjet.com\/pt\/gestao-de-jactos-do-norte\/#Our_Recommendation_Cessna_Citation_Sovereign\" >A nossa recomenda\u00e7\u00e3o: Cessna Citation Sovereign<\/a><\/li><\/ul><\/li><\/ul><\/li><li class='ez-toc-page-1 ez-toc-heading-level-2'><a class=\"ez-toc-link ez-toc-heading-14\" href=\"https:\/\/comparemyjet.com\/pt\/gestao-de-jactos-do-norte\/#Company_Safety_Policy_and_Standards\" >Pol\u00edtica e Normas de Seguran\u00e7a da Empresa<\/a><\/li><li class='ez-toc-page-1 ez-toc-heading-level-2'><a class=\"ez-toc-link ez-toc-heading-15\" href=\"https:\/\/comparemyjet.com\/pt\/gestao-de-jactos-do-norte\/#The_Staff\" >O Pessoal<\/a><\/li><li class='ez-toc-page-1 ez-toc-heading-level-2'><a class=\"ez-toc-link ez-toc-heading-16\" href=\"https:\/\/comparemyjet.com\/pt\/gestao-de-jactos-do-norte\/#Conclusion\" >Conclus\u00e3o<\/a><\/li><\/ul><\/nav><\/div>\n<h2 class=\"wp-block-heading\"><span class=\"ez-toc-section\" id=\"About_the_Company\"><\/span>Sobre a Empresa&nbsp;<span class=\"ez-toc-section-end\"><\/span><\/h2>\r\n\r\n\r\n\r\n<p>Northern Jet Management \u00e9 uma empresa privada criada em 1995, com Charles Cox como Director Executivo.&nbsp;<\/p>\r\n\r\n\r\n\r\n<p>A sede da empresa situa-se no Michigan, em Grand Rapids, e tem uma base totalmente operacional em <a href=\"https:\/\/comparemyjet.com\/pt\/visitas-privadas\/naples-private-tours\/\" data-internallinksmanager029f6b8e52c=\"299\" title=\"11 melhores excurs\u00f5es privadas a N\u00e1poles a partir de $90.53\">N\u00e1poles<\/a>, Florida.&nbsp;<\/p>\r\n\r\n\r\n\r\n<h2 class=\"wp-block-heading\"><span class=\"ez-toc-section\" id=\"Ways_to_Fly\"><\/span>Maneiras de voar<span class=\"ez-toc-section-end\"><\/span><\/h2>\r\n\r\n\r\n\r\n<p>Para satisfazer as suas exig\u00eancias de avia\u00e7\u00e3o, a Northern Jet Management fornece uma gama de solu\u00e7\u00f5es especializadas - desde o programa de cart\u00f5es de avi\u00f5es privados com tudo inclu\u00eddo, conhecido como Cart\u00e3o de Vantagem Privado, at\u00e9 \u00e0 gest\u00e3o e compras, leasing, e consulta completa de avi\u00f5es.<\/p>\r\n\r\n\r\n\r\n<h3 class=\"wp-block-heading\"><span class=\"ez-toc-section\" id=\"Jet_Management\"><\/span>Gest\u00e3o de jactos<span class=\"ez-toc-section-end\"><\/span><\/h3>\r\n\r\n\r\n\r\n<p>Com \"Jactos do Norte\". <a href=\"https:\/\/northernjet.net\/programs\/aircraft-management\/\" target=\"_blank\" rel=\"noopener\">solu\u00e7\u00f5es de gest\u00e3o<\/a>Receber\u00e1 transporte terrestre, pedidos especiais, e pessoal de programa\u00e7\u00e3o dispon\u00edvel 365 dias por ano, de acordo com as suas necessidades. O pessoal de contabilidade controla cuidadosamente as despesas e cria relat\u00f3rios mensais sobre actividade, custos, manuten\u00e7\u00e3o e outras despesas, para que esteja sempre a par de qualquer actividade relacionada com a sua aeronave.<\/p>\r\n\r\n\r\n\r\n<p>Cada aeronave da frota Northern Jet tem uma tripula\u00e7\u00e3o de voo altamente qualificada a bordo, e cada piloto tem uma classifica\u00e7\u00e3o de tipo para a aeronave que est\u00e1 a voar. Al\u00e9m disso, todos os empregados passam por 10 anos <a href=\"https:\/\/www.fbi.gov\/about\" target=\"_blank\" rel=\"noopener\">FBI<\/a> verifica\u00e7\u00f5es de antecedentes como parte do processo de contrata\u00e7\u00e3o.<\/p>\r\n\r\n\r\n\r\n<h3 class=\"wp-block-heading\"><span class=\"ez-toc-section\" id=\"Company_Card_Program\"><\/span>Programa de cart\u00f5es de empresa<span class=\"ez-toc-section-end\"><\/span><\/h3>\r\n\r\n\r\n\r\n<p>O <a href=\"https:\/\/northernjet.net\/programs\/jet-card\/\" target=\"_blank\" rel=\"noopener\"><strong>Cart\u00e3o de Vantagem Privado<\/strong><\/a> da Northern Jet Management \u00e9 um cart\u00e3o de 25 horas destinado a viajantes de lazer em voos one-way entre o Midwest e a Florida. A empresa gerida pela <a href=\"https:\/\/comparemyjet.com\/pt\/learjet\/\" data-internallinksmanager029f6b8e52c=\"149\" title=\"Guia final para jactos privados e avi\u00f5es Learjet\">Learjet<\/a> 40XRs s\u00e3o apresentados no programa, e os titulares dos cart\u00f5es tamb\u00e9m t\u00eam a op\u00e7\u00e3o de escolher o Learjet 70.&nbsp;<\/p>\r\n\r\n\r\n\r\n<p>N\u00e3o h\u00e1 custos de reposicionamento num raio de 180 milhas de&nbsp;<\/p>\r\n\r\n\r\n\r\n<ul class=\"wp-block-list\"><li>Grand Rapids;<\/li><li>N\u00e1poles, Fl\u00f3rida;<\/li><li><a href=\"https:\/\/comparemyjet.com\/pt\/transportadores-privados-jacto-para-chicago\/\" data-internallinksmanager029f6b8e52c=\"170\" title=\"Aluguer de Jet Charters privados para Chicago\">Chicago<\/a>, Illinois;<\/li><li>e Michigan.&nbsp;<\/li><\/ul>\r\n\r\n\r\n\r\n<p>Um pre\u00e7o por hora com tudo inclu\u00eddo e pelo menos 24 horas de pr\u00e9-aviso s\u00e3o algumas das outras vantagens que acompanham este cart\u00e3o, enquanto que para os titulares de cart\u00f5es baseados em Midwest, n\u00e3o h\u00e1 datas indispon\u00edveis e n\u00e3o h\u00e1 custos de relocaliza\u00e7\u00e3o.<\/p>\r\n\r\n\r\n\r\n<h3 class=\"wp-block-heading\"><span class=\"ez-toc-section\" id=\"Fractional_Jet_Ownership_Program\"><\/span>Programa de propriedade de jactos fraccionados<span class=\"ez-toc-section-end\"><\/span><\/h3>\r\n\r\n\r\n\r\n<p>O <a href=\"https:\/\/northernjet.net\/programs\/fractional-jet-ownership\/\" target=\"_blank\" rel=\"noopener\"><strong>Empresa Jet<\/strong><\/a> \u00e9 um <a href=\"https:\/\/comparemyjet.com\/pt\/how-does-fractional-jet-ownership-work\/\" data-internallinksmanager029f6b8e52c=\"20\" title=\"Como funciona o Fractional Jet Ownership?\">propriedade de jactos fracion\u00e1rios<\/a> programa criado especificamente para as necessidades dos viajantes de neg\u00f3cios. Os viajantes de neg\u00f3cios e as empresas s\u00e3o o \u00fanico p\u00fablico alvo do conceito de propriedade partilhada da Company Jet.<\/p>\r\n\r\n\r\n\r\n<p>Os membros t\u00eam uma ideia do que \u00e9 possuir um avi\u00e3o privado, menos as preocupa\u00e7\u00f5es com a gest\u00e3o e as opera\u00e7\u00f5es, mais um apoio total de uma equipa de peritos. A assinatura de um contrato vem com um compromisso de cinco anos e garante a acessibilidade com um pr\u00e9-aviso m\u00ednimo de 12 horas. Os servi\u00e7os de concierge est\u00e3o dispon\u00edveis 24 horas por dia, e uma equipa de especialistas do sector facilitar\u00e1 e oferecer\u00e1 apoio com a legisla\u00e7\u00e3o financeira, contabil\u00edstica e aeron\u00e1utica.<\/p>\r\n\r\n\r\n\r\n<h3 class=\"wp-block-heading\"><span class=\"ez-toc-section\" id=\"Empty_Leg_Flights\"><\/span>Voos de Perna Vazia<span class=\"ez-toc-section-end\"><\/span><\/h3>\r\n\r\n\r\n\r\n<p>A empresa refere-se ao seu <a href=\"https:\/\/comparemyjet.com\/pt\/how-to-book-empty-leg-flights\/\" data-internallinksmanager029f6b8e52c=\"24\" title=\"Como reservar v\u00f4os de perna vazia\">voos de trajecto vazio<\/a> como \"<a href=\"https:\/\/northernjet.net\/flight-opportunities\/\" target=\"_blank\" rel=\"noopener\">oportunidades de voo<\/a>\u201d. Um nome bastante apropriado, dado que estes voos s\u00e3o uma verdadeira captura. Qualquer pessoa pode inscrever-se para receber e acompanhar os voos dispon\u00edveis de percurso vazio na sua conta de correio electr\u00f3nico e aproveitar uma oportunidade de voar para um dos seus destinos por uma frac\u00e7\u00e3o do custo.&nbsp;<\/p>\r\n\r\n\r\n\r\n<h3 class=\"wp-block-heading\"><span class=\"ez-toc-section\" id=\"Acquiring_or_Selling_an_Aircraft\"><\/span>Adquirir ou Vender uma Aeronave<span class=\"ez-toc-section-end\"><\/span><\/h3>\r\n\r\n\r\n\r\n<p>Aderir \u00e0 Northern Jet significa ter pleno acesso \u00e0 sua equipa de profissionais, que t\u00eam d\u00e9cadas de experi\u00eancia e contactos para identificar as melhores escolhas de aeronaves adaptadas \u00e0s necessidades dos seus clientes em rela\u00e7\u00e3o a <a href=\"https:\/\/northernjet.net\/programs\/aircraft-acquisition-sales-brokerage\/\" target=\"_blank\" rel=\"noopener\">compra ou venda de um avi\u00e3o novo ou usado<\/a>.<\/p>\r\n\r\n\r\n\r\n<h2 class=\"wp-block-heading\"><span class=\"ez-toc-section\" id=\"Pricing\"><\/span>Fixa\u00e7\u00e3o de pre\u00e7os<span class=\"ez-toc-section-end\"><\/span><\/h2>\r\n\r\n\r\n\r\n<figure class=\"wp-block-image size-full is-style-default\"><img loading=\"lazy\" decoding=\"async\" width=\"1000\" height=\"667\" src=\"https:\/\/comparemyjet.com\/wp-content\/uploads\/2022\/06\/woman.in_.blue_.dress_.enjoying.view_.from_.private.jet_.jpg\" alt=\"\" class=\"wp-image-2997\" srcset=\"https:\/\/comparemyjet.com\/wp-content\/uploads\/2022\/06\/woman.in_.blue_.dress_.enjoying.view_.from_.private.jet_-18x12.jpg 18w, https:\/\/comparemyjet.com\/wp-content\/uploads\/2022\/06\/woman.in_.blue_.dress_.enjoying.view_.from_.private.jet_-300x200.jpg 300w, https:\/\/comparemyjet.com\/wp-content\/uploads\/2022\/06\/woman.in_.blue_.dress_.enjoying.view_.from_.private.jet_-768x512.jpg 768w, https:\/\/comparemyjet.com\/wp-content\/uploads\/2022\/06\/woman.in_.blue_.dress_.enjoying.view_.from_.private.jet_.jpg 1000w\" sizes=\"auto, (max-width: 1000px) 100vw, 1000px\" \/><\/figure>\r\n\r\n\r\n\r\n<p>A Northern Jet Management \u00e9 famosa pelos seus pre\u00e7os acess\u00edveis, dedica\u00e7\u00e3o aos mais altos padr\u00f5es de seguran\u00e7a, e aten\u00e7\u00e3o \u00e0s necessidades dos seus clientes.<\/p>\r\n\r\n\r\n\r\n<p>Para se tornar titular do cart\u00e3o Private Advantage Card da Northern Jet Management, \u00e9 necess\u00e1rio pagar uma taxa de inicia\u00e7\u00e3o de um pouco menos de $165,000.&nbsp;<\/p>\r\n\r\n\r\n\r\n<p>Os voadores que rastreiam e obt\u00eam a vantagem dos voos de perna vazia da empresa listados no website da empresa poupam $1,000 de desconto no pre\u00e7o padr\u00e3o por hora.<\/p>\r\n\r\n\r\n\r\n<h2 class=\"wp-block-heading\"><span class=\"ez-toc-section\" id=\"The_Fleet\"><\/span>A Frota&nbsp;<span class=\"ez-toc-section-end\"><\/span><\/h2>\r\n\r\n\r\n\r\n<p>Todos e cada um dos jactos da frota de 20 aeronaves da Northern Jet Management \u00e9 tratado por profissionais da avia\u00e7\u00e3o com experi\u00eancia. Todos os modelos s\u00e3o novos e modernos, com jactos de tamanho m\u00e9dio e super-m\u00e9dio como a categoria principal e dominante de aeronaves.&nbsp;<\/p>\r\n\r\n\r\n\r\n<h3 class=\"wp-block-heading\"><span class=\"ez-toc-section\" id=\"1_Midsize_Private_Jets\"><\/span>1. Jactos privados de m\u00e9dio porte<span class=\"ez-toc-section-end\"><\/span><\/h3>\r\n\r\n\r\n\r\n<p>Tanto para viagens pessoais como corporativas, o fretamento de um avi\u00e3o de tamanho m\u00e9dio proporcionar-lhe-\u00e1 um voo confort\u00e1vel e de longo alcance. O avi\u00e3o de m\u00e9dio porte \u00e9 popular entre os passageiros de neg\u00f3cios e lazer devido \u00e0s suas cabines espa\u00e7osas, espa\u00e7o de bagagem adequado, e comodidades de primeira qualidade.<\/p>\r\n\r\n\r\n\r\n<h4 class=\"wp-block-heading\"><span class=\"ez-toc-section\" id=\"Our_Recommendation_Learjet_40\"><\/span>A nossa recomenda\u00e7\u00e3o: Learjet 40<span class=\"ez-toc-section-end\"><\/span><\/h4>\r\n\r\n\r\n\r\n<p>O Learjet 40 \u00e9 um pequeno avi\u00e3o de neg\u00f3cios fabricado por <a href=\"https:\/\/comparemyjet.com\/pt\/bombardier\/\" data-internallinksmanager029f6b8e52c=\"159\" title=\"Guia Final para Bombardier Jactos Privados e Aeronaves\">Bombardier<\/a> Learjet. \u00c9 alimentado por dois motores, o seu interior \u00e9 maior do que os seus rivais, e o seu design \u00e9 a inspira\u00e7\u00e3o para futuros modelos. No entanto, a carro\u00e7aria \u00e9 mais curta, e o dep\u00f3sito de combust\u00edvel \u00e9 mais pequeno do que o Learjet 45.&nbsp;<\/p>\r\n\r\n\r\n\r\n<p>Especifica\u00e7\u00f5es:<\/p>\r\n\r\n\r\n\r\n<ul class=\"wp-block-list\"><li>Passageiros: 7;<\/li><li>Altura exterior: 14 p\u00e9s 2 in;<\/li><li>Comprimento total: 55 p\u00e9s e 5 polegadas;<\/li><li>V\u00e3o de asa: 47 p\u00e9s 9 polegadas;<\/li><li>Largura da cabine: 5 p\u00e9s 1 in;<\/li><li>Altura da cabine: 4 p\u00e9s 11 in;<\/li><li>Comprimento da cabine: 17 p\u00e9s 8 polegadas;<\/li><li>Alcance m\u00e1ximo de voo: 1707 nm;<\/li><li>Velocidade m\u00e1xima de cruzeiro: 465 kts;<\/li><li>Espa\u00e7o de bagagem externa: 50 cu ft;<\/li><li>Espa\u00e7o interno de bagagem: 15 cu ft;<\/li><li>Tripula\u00e7\u00e3o: 2.<\/li><\/ul>\r\n\r\n\r\n\r\n<p>A Northern Jet Management oferece avi\u00f5es eficientes e acess\u00edveis no seu cat\u00e1logo de jactos privados de m\u00e9dio porte, incluindo o <em>Bombardier S\u00e9rie 45<\/em>, <em><a href=\"https:\/\/comparemyjet.com\/pt\/gulfstream\/\" data-internallinksmanager029f6b8e52c=\"175\" title=\"Guia final para Jactos Privados e Aeronaves Gulfstream\">Gulfstream<\/a> G150<\/em>, <em>Learjet 70\/75<\/em>, <em>Learjet 45XR<\/em>e o nosso modelo recomendado, <em>Learjet 40<\/em>.<\/p>\r\n\r\n\r\n\r\n<h3 class=\"wp-block-heading\"><span class=\"ez-toc-section\" id=\"2_Super-Midsize_Private_Jets\"><\/span>2. Jactos Privados Super-M\u00e9dios&nbsp;<span class=\"ez-toc-section-end\"><\/span><\/h3>\r\n\r\n\r\n\r\n<p>Os jactos da categoria super-m\u00e9dio podem voar at\u00e9 6 horas, o que \u00e9 mais 2 horas do que a categoria anterior, tornando-os ideais para voos entre pa\u00edses. Os pilotos t\u00eam acesso a cabines espa\u00e7osas e comodidades de primeira classe, incluindo mais espa\u00e7o para bagagem.<\/p>\r\n\r\n\r\n\r\n<h4 class=\"wp-block-heading\"><span class=\"ez-toc-section\" id=\"Our_Recommendation_Cessna_Citation_Sovereign\"><\/span>A nossa recomenda\u00e7\u00e3o: Cessna Citation Sovereign<span class=\"ez-toc-section-end\"><\/span><\/h4>\r\n\r\n\r\n\r\n<p>O Soberano, produzido por um fabricante americano - <a href=\"https:\/\/comparemyjet.com\/pt\/cessna\/\" data-internallinksmanager029f6b8e52c=\"145\" title=\"Guia final para Cessna Private Jets &amp; Aircraft\">Cessna<\/a>, \u00e9 uma aeronave transcontinental. As caracter\u00edsticas de design do Citation Sovereign incluem um corpo comprido, asas redesenhadas, equipamento do cockpit de vidro com quatro pain\u00e9is LCD, e dois motores.&nbsp;<\/p>\r\n\r\n\r\n\r\n<p>Especifica\u00e7\u00f5es:&nbsp;<\/p>\r\n\r\n\r\n\r\n<ul class=\"wp-block-list\"><li>Passageiros: 9;<\/li><li>Altura exterior: 20 p\u00e9s 4 in;<\/li><li>Comprimento total: 63 p\u00e9s e 6 polegadas;<\/li><li>V\u00e3o de asa: 63 p\u00e9s 4 polegadas;<\/li><li>Largura da cabina: 5 p\u00e9s 6 in;<\/li><li>Altura da cabine: 5 p\u00e9s 8 polegadas;<\/li><li>Comprimento da cabine: 25 p\u00e9s 3 polegadas;<\/li><li>Alcance m\u00e1ximo de voo: 3010 nm;<\/li><li>Velocidade m\u00e1xima de cruzeiro: 459 kts;<\/li><li>Tripula\u00e7\u00e3o: 2;<\/li><li>Espa\u00e7o interno de bagagem: 35 cu ft;<\/li><li>Espa\u00e7o de bagagem externa: 100 cu ft.<\/li><\/ul>\r\n\r\n\r\n\r\n<p>Northern Jet Management oferece duas aeronaves seguras e eficientes no seu cat\u00e1logo de jactos privados super-m\u00e9dios, o <em>Challenger 300<\/em> e o nosso modelo recomendado <em>Cessna Citation Sovereign<\/em>.<\/p>\r\n\r\n\r\n\r\n<h2 class=\"wp-block-heading\"><span class=\"ez-toc-section\" id=\"Company_Safety_Policy_and_Standards\"><\/span>Pol\u00edtica e Normas de Seguran\u00e7a da Empresa<span class=\"ez-toc-section-end\"><\/span><\/h2>\r\n\r\n\r\n\r\n<p>A equipa da Northern Jet Management realiza regularmente auditorias e avalia\u00e7\u00f5es internas de processos, pr\u00e1ticas, opera\u00e7\u00f5es e servi\u00e7os em mais de 40 \u00e1reas operacionais.<\/p>\r\n\r\n\r\n\r\n<p>Al\u00e9m disso, a Northern Jet Management tem <a href=\"https:\/\/www.argus.aero\/\" target=\"_blank\" rel=\"noopener\">ARGUS<\/a> Platina e <a href=\"https:\/\/www.acsf.aero\/\" target=\"_blank\" rel=\"noopener\">ACSF<\/a> acredita\u00e7\u00e3o e utiliza exclusivamente mec\u00e2nica com <a href=\"https:\/\/www.faa.gov\/\" target=\"_blank\" rel=\"noopener\">FAA<\/a> licen\u00e7as. Al\u00e9m disso, a Northern Jet Management tem a aprova\u00e7\u00e3o da Fase 3 pela <a href=\"https:\/\/ibac.org\/is-bao\" target=\"_blank\" rel=\"noopener\">Norma Internacional para Opera\u00e7\u00f5es de Aeronaves de Neg\u00f3cios<\/a> (IS-BAO).<\/p>\r\n\r\n\r\n\r\n<h2 class=\"wp-block-heading\"><span class=\"ez-toc-section\" id=\"The_Staff\"><\/span>O Pessoal<span class=\"ez-toc-section-end\"><\/span><\/h2>\r\n\r\n\r\n\r\n<figure class=\"wp-block-image size-full is-style-default\"><img loading=\"lazy\" decoding=\"async\" width=\"1000\" height=\"667\" src=\"https:\/\/comparemyjet.com\/wp-content\/uploads\/2022\/07\/private.jet_.pilots.in_.cockpit.jpg\" alt=\"\" class=\"wp-image-3072\" srcset=\"https:\/\/comparemyjet.com\/wp-content\/uploads\/2022\/07\/private.jet_.pilots.in_.cockpit-18x12.jpg 18w, https:\/\/comparemyjet.com\/wp-content\/uploads\/2022\/07\/private.jet_.pilots.in_.cockpit-300x200.jpg 300w, https:\/\/comparemyjet.com\/wp-content\/uploads\/2022\/07\/private.jet_.pilots.in_.cockpit-768x512.jpg 768w, https:\/\/comparemyjet.com\/wp-content\/uploads\/2022\/07\/private.jet_.pilots.in_.cockpit.jpg 1000w\" sizes=\"auto, (max-width: 1000px) 100vw, 1000px\" \/><\/figure>\r\n\r\n\r\n\r\n<p>A Northern Jet Management melhora e modifica constantemente as opera\u00e7\u00f5es da empresa de modo a garantir os mais elevados padr\u00f5es de seguran\u00e7a.<\/p>\r\n\r\n\r\n\r\n<p>O seu pessoal recebe continuamente forma\u00e7\u00e3o de voo por <a href=\"https:\/\/www.cae.com\/\" target=\"_blank\" rel=\"noopener\">CAE<\/a> ou <a href=\"https:\/\/www.flightsafety.com\/\" target=\"_blank\" rel=\"noopener\">FlightSafety International<\/a>. Cada segmento de voo come\u00e7a com uma an\u00e1lise de risco de seguran\u00e7a por parte da tripula\u00e7\u00e3o de voo. Al\u00e9m disso, a tripula\u00e7\u00e3o recebe forma\u00e7\u00e3o interna atrav\u00e9s do <a href=\"https:\/\/www.nata.aero\/education-and-training\/safety-1st\" target=\"_blank\" rel=\"noopener\">Programa Nacional de Forma\u00e7\u00e3o em Seguran\u00e7a do Transporte A\u00e9reo Primeiro<\/a>.<\/p>\r\n\r\n\r\n\r\n<p>Para ajudar os pilotos novos e actuais, os pilotos seniores certificados actuam como especialistas internos que oferecem a sua per\u00edcia \u00e0 equipa de gest\u00e3o quando se trata de procedimentos operacionais.<\/p>\r\n\r\n\r\n\r\n<h2 class=\"wp-block-heading\"><span class=\"ez-toc-section\" id=\"Conclusion\"><\/span>Conclus\u00e3o<span class=\"ez-toc-section-end\"><\/span><\/h2>\r\n\r\n\r\n\r\n<p>Os passageiros que querem a liberdade e conveni\u00eancia que os jactos privados garantem s\u00e3o mais do que bem-vindos a voar com a Northern Jet Management. Atrav\u00e9s da dedica\u00e7\u00e3o da empresa \u00e0 presta\u00e7\u00e3o de um servi\u00e7o de qualidade, eles poupar-lhe-\u00e3o muito tempo necess\u00e1rio para a reserva e planeamento. A Northern Jet Management \u00e9 a companhia a\u00e9rea privada l\u00edder no Midwest, gra\u00e7as \u00e0 propriedade fraccionada e \u00e0s solu\u00e7\u00f5es de gest\u00e3o de aeronaves.<\/p>","protected":false},"excerpt":{"rendered":"<p>O fornecedor de viagens a jacto Elite Northern Jet Management oferece a gest\u00e3o completa de avi\u00f5es, um programa de propriedade partilhada, fretamentos a pedido, e compra e venda de avi\u00f5es tanto a empresas como a particulares. Voam para mais de 3.400 destinos nos EUA, Cara\u00edbas, M\u00e9xico, e Canad\u00e1. Vamos explorar o que eles oferecem com mais detalhe, mas primeiro, uma breve vis\u00e3o geral ...<\/p>","protected":false},"author":2,"featured_media":3188,"parent":0,"menu_order":0,"comment_status":"closed","ping_status":"closed","template":"","meta":{"_acf_changed":false,"_genesis_hide_title":false,"_genesis_hide_breadcrumbs":false,"_genesis_hide_singular_image":false,"_genesis_hide_footer_widgets":false,"_genesis_custom_body_class":"","_genesis_custom_post_class":"","_genesis_layout":"","footnotes":""},"class_list":{"1":"page","2":"type-page","6":"entry"},"acf":[],"_links":{"self":[{"href":"https:\/\/comparemyjet.com\/pt\/wp-json\/wp\/v2\/pages\/3187","targetHints":{"allow":["GET"]}}],"collection":[{"href":"https:\/\/comparemyjet.com\/pt\/wp-json\/wp\/v2\/pages"}],"about":[{"href":"https:\/\/comparemyjet.com\/pt\/wp-json\/wp\/v2\/types\/page"}],"author":[{"embeddable":true,"href":"https:\/\/comparemyjet.com\/pt\/wp-json\/wp\/v2\/users\/2"}],"replies":[{"embeddable":true,"href":"https:\/\/comparemyjet.com\/pt\/wp-json\/wp\/v2\/comments?post=3187"}],"version-history":[{"count":1,"href":"https:\/\/comparemyjet.com\/pt\/wp-json\/wp\/v2\/pages\/3187\/revisions"}],"predecessor-version":[{"id":3191,"href":"https:\/\/comparemyjet.com\/pt\/wp-json\/wp\/v2\/pages\/3187\/revisions\/3191"}],"wp:featuredmedia":[{"embeddable":true,"href":"https:\/\/comparemyjet.com\/pt\/wp-json\/wp\/v2\/media\/3188"}],"wp:attachment":[{"href":"https:\/\/comparemyjet.com\/pt\/wp-json\/wp\/v2\/media?parent=3187"}],"curies":[{"name":"wp","href":"https:\/\/api.w.org\/{rel}","templated":true}]}}