{"id":3223,"date":"2022-08-23T00:45:05","date_gmt":"2022-08-23T00:45:05","guid":{"rendered":"https:\/\/comparemyjet.com\/?page_id=3223"},"modified":"2025-09-04T09:58:21","modified_gmt":"2025-09-04T09:58:21","slug":"grandview-aviacao","status":"publish","type":"page","link":"https:\/\/comparemyjet.com\/pt\/grandview-aviacao\/","title":{"rendered":"Pre\u00e7os de voo da GrandView Aviation"},"content":{"rendered":"<p>GrandView Aviation \u00e9 um avi\u00e3o baseado em Baltimore <a href=\"https:\/\/comparemyjet.com\/pt\/how-do-you-rent-or-charter-a-private-jet\/\" data-internallinksmanager029f6b8e52c=\"15\" title=\"Como se aluga ou freta um jacto privado?\">afretamento de jactos privados<\/a> empresa que opera nos Estados Unidos da Am\u00e9rica. Pode voar atrav\u00e9s do pa\u00eds com os seus avi\u00f5es a jacto Phenom 300, e alugar os seus <a href=\"https:\/\/comparemyjet.com\/pt\/sikorsky\/\" data-internallinksmanager029f6b8e52c=\"160\" title=\"Guia Supremo dos Jactos Privados e Helic\u00f3pteros Sikorsky\">Sikorsky<\/a> Helic\u00f3pteros S-76D e Bell 407GXI em Baltimore e Washington, D.C.<\/p>\r\n\r\n\r\n\r\n<p>Como a empresa tem a certifica\u00e7\u00e3o Wyvern Wingman, os seus pilotos seguem as mais recentes e melhores pr\u00e1ticas de seguran\u00e7a, enquanto a tripula\u00e7\u00e3o est\u00e1 empenhada em prestar um servi\u00e7o inigual\u00e1vel. O departamento de fretamento est\u00e1 pronto para itiner\u00e1rios e voos personalizados 24 horas por dia, sete dias por semana.<\/p>\r\n\r\n\r\n\r\n<p>Vamos ver do que se trata.<\/p>\r\n\r\n\r\n\r\n<div id=\"ez-toc-container\" class=\"ez-toc-v2_0_76 counter-hierarchy ez-toc-counter ez-toc-grey ez-toc-container-direction\">\n<p class=\"ez-toc-title\" style=\"cursor:inherit\">T\u00f3picos<\/p>\n<label for=\"ez-toc-cssicon-toggle-item-69f312a99da7e\" class=\"ez-toc-cssicon-toggle-label\"><span class=\"\"><span class=\"eztoc-hide\" style=\"display:none;\">Alternar<\/span><span class=\"ez-toc-icon-toggle-span\"><svg style=\"fill: #999;color:#999\" xmlns=\"http:\/\/www.w3.org\/2000\/svg\" class=\"list-377408\" width=\"20px\" height=\"20px\" viewbox=\"0 0 24 24\" fill=\"none\"><path d=\"M6 6H4v2h2V6zm14 0H8v2h12V6zM4 11h2v2H4v-2zm16 0H8v2h12v-2zM4 16h2v2H4v-2zm16 0H8v2h12v-2z\" fill=\"currentColor\"><\/path><\/svg><svg style=\"fill: #999;color:#999\" class=\"arrow-unsorted-368013\" xmlns=\"http:\/\/www.w3.org\/2000\/svg\" width=\"10px\" height=\"10px\" viewbox=\"0 0 24 24\" version=\"1.2\" baseprofile=\"tiny\"><path d=\"M18.2 9.3l-6.2-6.3-6.2 6.3c-.2.2-.3.4-.3.7s.1.5.3.7c.2.2.4.3.7.3h11c.3 0 .5-.1.7-.3.2-.2.3-.5.3-.7s-.1-.5-.3-.7zM5.8 14.7l6.2 6.3 6.2-6.3c.2-.2.3-.5.3-.7s-.1-.5-.3-.7c-.2-.2-.4-.3-.7-.3h-11c-.3 0-.5.1-.7.3-.2.2-.3.5-.3.7s.1.5.3.7z\"\/><\/svg><\/span><\/span><\/label><input type=\"checkbox\"  id=\"ez-toc-cssicon-toggle-item-69f312a99da7e\" checked aria-label=\"Alternar\" \/><nav><ul class='ez-toc-list ez-toc-list-level-1' ><li class='ez-toc-page-1 ez-toc-heading-level-2'><a class=\"ez-toc-link ez-toc-heading-1\" href=\"https:\/\/comparemyjet.com\/pt\/grandview-aviacao\/#About_the_Company\" >Sobre a Empresa<\/a><\/li><li class='ez-toc-page-1 ez-toc-heading-level-2'><a class=\"ez-toc-link ez-toc-heading-2\" href=\"https:\/\/comparemyjet.com\/pt\/grandview-aviacao\/#Empty_Leg_Flight\" >Voo de Perna Vazia<\/a><\/li><li class='ez-toc-page-1 ez-toc-heading-level-2'><a class=\"ez-toc-link ez-toc-heading-3\" href=\"https:\/\/comparemyjet.com\/pt\/grandview-aviacao\/#Company_Card_Programs\" >Programas de cart\u00f5es de empresa<\/a><\/li><li class='ez-toc-page-1 ez-toc-heading-level-2'><a class=\"ez-toc-link ez-toc-heading-4\" href=\"https:\/\/comparemyjet.com\/pt\/grandview-aviacao\/#Pricing\" >Fixa\u00e7\u00e3o de pre\u00e7os<\/a><\/li><li class='ez-toc-page-1 ez-toc-heading-level-2'><a class=\"ez-toc-link ez-toc-heading-5\" href=\"https:\/\/comparemyjet.com\/pt\/grandview-aviacao\/#The_Fleet\" >A Frota&nbsp;<\/a><ul class='ez-toc-list-level-3' ><li class='ez-toc-heading-level-3'><a class=\"ez-toc-link ez-toc-heading-6\" href=\"https:\/\/comparemyjet.com\/pt\/grandview-aviacao\/#1_Light_Private_Jets\" >1. Jactos Privados Ligeiros<\/a><ul class='ez-toc-list-level-4' ><li class='ez-toc-heading-level-4'><a class=\"ez-toc-link ez-toc-heading-7\" href=\"https:\/\/comparemyjet.com\/pt\/grandview-aviacao\/#Our_Recommendation_Embraer_Phenom_300\" >A nossa recomenda\u00e7\u00e3o: O Fen\u00f3meno 300 da Embraer<\/a><\/li><\/ul><\/li><li class='ez-toc-page-1 ez-toc-heading-level-3'><a class=\"ez-toc-link ez-toc-heading-8\" href=\"https:\/\/comparemyjet.com\/pt\/grandview-aviacao\/#2_Helicopters\" >2. Helic\u00f3pteros<\/a><ul class='ez-toc-list-level-4' ><li class='ez-toc-heading-level-4'><a class=\"ez-toc-link ez-toc-heading-9\" href=\"https:\/\/comparemyjet.com\/pt\/grandview-aviacao\/#Our_Recommendation_Bell_407GXI\" >A nossa recomenda\u00e7\u00e3o: Sino 407GXI<\/a><\/li><\/ul><\/li><\/ul><\/li><li class='ez-toc-page-1 ez-toc-heading-level-2'><a class=\"ez-toc-link ez-toc-heading-10\" href=\"https:\/\/comparemyjet.com\/pt\/grandview-aviacao\/#Company_Safety_Policy_and_Standards\" >Pol\u00edtica e Normas de Seguran\u00e7a da Empresa<\/a><\/li><li class='ez-toc-page-1 ez-toc-heading-level-2'><a class=\"ez-toc-link ez-toc-heading-11\" href=\"https:\/\/comparemyjet.com\/pt\/grandview-aviacao\/#The_Staff\" >O Pessoal<\/a><\/li><li class='ez-toc-page-1 ez-toc-heading-level-2'><a class=\"ez-toc-link ez-toc-heading-12\" href=\"https:\/\/comparemyjet.com\/pt\/grandview-aviacao\/#Conclusion\" >Conclus\u00e3o<\/a><\/li><\/ul><\/nav><\/div>\n<h2 class=\"wp-block-heading\"><span class=\"ez-toc-section\" id=\"About_the_Company\"><\/span>Sobre a Empresa<span class=\"ez-toc-section-end\"><\/span><\/h2>\r\n\r\n\r\n\r\n<p>A GrandView Aviation \u00e9 uma empresa privada fundada em 2004, tendo Jerry Edwards como CEO. A empresa \u00e9 propriet\u00e1ria da sua frota de <a href=\"https:\/\/comparemyjet.com\/pt\/embraer\/\" data-internallinksmanager029f6b8e52c=\"151\" title=\"Guia Final para Embraer Jactos Privados e Aeronaves\">Embraer<\/a> O Phenom 300s e tem cerca de 130 empregados.<\/p>\r\n\r\n\r\n\r\n<p>O programa de n\u00edvel b\u00e1sico da GrandView Aviation \u00e9 um dep\u00f3sito de $150.000, sem disponibilidade garantida.<\/p>\r\n\r\n\r\n\r\n<p>Para al\u00e9m dos fretamentos de avi\u00f5es privados, a firma \u00e9 pioneira no transporte de \u00f3rg\u00e3os para transplantes, tendo transportado mais de 250 equipas cir\u00fargicas salvadoras de vidas em 2021 e mais de 2.200 desde o seu in\u00edcio.<\/p>\r\n\r\n\r\n\r\n<p>A \u00faltima not\u00edcia que temos sobre a GrandView Aviation \u00e9 que a Global Medical Response (GMR) anunciou a aquisi\u00e7\u00e3o da empresa em 2022. A Global Medical Response fornece cuidados m\u00e9dicos de alta qualidade, principalmente em servi\u00e7os de emerg\u00eancia e de realoca\u00e7\u00e3o de pacientes nos Estados Unidos e em todo o mundo, raz\u00e3o pela qual esta mudan\u00e7a faz muito sentido.&nbsp;<\/p>\r\n\r\n\r\n\r\n<p>Gra\u00e7as ao seu recente crescimento, a empresa tem centros em <a href=\"https:\/\/comparemyjet.com\/pt\/visitas-privadas\/atlanta-private-tours\/\" data-internallinksmanager029f6b8e52c=\"403\" title=\"11 melhores excurs\u00f5es privadas em Atlanta a partir de $89.99\">Atlanta<\/a>, <a href=\"https:\/\/comparemyjet.com\/pt\/visitas-privadas\/austin-private-tours\/\" data-internallinksmanager029f6b8e52c=\"404\" title=\"11 melhores excurs\u00f5es privadas em Austin a partir de $25.00\">Austin<\/a>, Baltimore, <a href=\"https:\/\/comparemyjet.com\/pt\/private-jet-charters-to-boston\/\" data-internallinksmanager029f6b8e52c=\"177\" title=\"Aluguer de Jet Charters privados para Boston\">Boston<\/a>, <a href=\"https:\/\/comparemyjet.com\/pt\/transportadores-privados-jacto-para-chicago\/\" data-internallinksmanager029f6b8e52c=\"170\" title=\"Aluguer de Jet Charters privados para Chicago\">Chicago<\/a>, <a href=\"https:\/\/comparemyjet.com\/pt\/visitas-privadas\/denver-private-tours\/\" data-internallinksmanager029f6b8e52c=\"410\" title=\"11 melhores excurs\u00f5es privadas em Denver a partir de $49.00\">Denver<\/a>, <a href=\"https:\/\/comparemyjet.com\/pt\/visitas-privadas\/los-angeles-private-tours\/\" data-internallinksmanager029f6b8e52c=\"421\" title=\"11 melhores excurs\u00f5es privadas em Los Angeles a partir de $55.00\">Los Angeles<\/a>, e Scottsdale.<\/p>\r\n\r\n\r\n\r\n<h2 class=\"wp-block-heading\"><span class=\"ez-toc-section\" id=\"Empty_Leg_Flight\"><\/span>Voo de Perna Vazia<span class=\"ez-toc-section-end\"><\/span><\/h2>\r\n\r\n\r\n\r\n<p>Para al\u00e9m das cartas regulares, a GrandView Aviation pode ajud\u00e1-lo <a href=\"https:\/\/comparemyjet.com\/pt\/how-to-book-empty-leg-flights\/\" data-internallinksmanager029f6b8e52c=\"24\" title=\"Como reservar v\u00f4os de perna vazia\">reservar voos de perna vazia<\/a>. Uma etapa vazia \u00e9 um voo que j\u00e1 est\u00e1 programado para voar para um destino espec\u00edfico sem quaisquer passageiros. Os voos de trajecto vazio est\u00e3o geralmente dispon\u00edveis quando um avi\u00e3o tem de ser deslocado ou devolvido para outra rota.&nbsp;<\/p>\r\n\r\n\r\n\r\n<p>Se puder fazer arranjos de \u00faltima hora para algumas viagens, um <a href=\"https:\/\/flygv.com\/empty-legs\/\" target=\"_blank\" rel=\"noopener\">voo de perna vazia<\/a> \u00e9 sempre uma op\u00e7\u00e3o ideal, uma vez que s\u00e3o muito mais baratos do que a tarifa normal.&nbsp;<\/p>\r\n\r\n\r\n\r\n<h2 class=\"wp-block-heading\"><span class=\"ez-toc-section\" id=\"Company_Card_Programs\"><\/span>Programas de cart\u00f5es de empresa<span class=\"ez-toc-section-end\"><\/span><\/h2>\r\n\r\n\r\n\r\n<p>A GrandView Aviation fornece dois tipos de pacotes de ades\u00e3o para panfletos frequentes: <strong><em>Milhas de Altitude<\/em><\/strong> e <strong><em>Altitude mais Milhas<\/em><\/strong>.&nbsp;<\/p>\r\n\r\n\r\n\r\n<p>Para se tornar membro do programa de cart\u00f5es de jacto da GrandView Aviations <strong>Altitude Plus<\/strong>\u00e9 necess\u00e1rio fazer um dep\u00f3sito de $150.000. Obt\u00e9m instantaneamente um bloqueio de tarifa por 24 meses ao fazer o dep\u00f3sito, e pode tirar partido de pre\u00e7os fixos fixos para mais de 65 destinos, incluindo um desconto de 10% em cada voo. Quando viajar mais vezes, ganhar\u00e1 mais regalias e privil\u00e9gios, como por exemplo:<\/p>\r\n\r\n\r\n\r\n<ul class=\"wp-block-list\"><li>Restaura\u00e7\u00e3o a bordo&nbsp;<\/li><li>Cr\u00e9ditos de voo&nbsp;<\/li><li>Cancelamentos flex\u00edveis - GrandView reembolsar\u00e1 o custo do bilhete para a sua conta<\/li><li>$200 cr\u00e9dito de catering para cada dia de voo<\/li><li>Acordos de voo de perna vazia<\/li><\/ul>\r\n\r\n\r\n\r\n<p>Ao contr\u00e1rio do Altitude Plus, \u00e9 livre de se tornar um <strong>Milhas de Altitude <\/strong>membro, mas n\u00e3o receber\u00e1 descontos de voo ou pre\u00e7os fixos. Os viajantes frequentes podem ganhar regalias e privil\u00e9gios, tais como:<\/p>\r\n\r\n\r\n\r\n<ul class=\"wp-block-list\"><li>Restaura\u00e7\u00e3o a bordo&nbsp;<\/li><li>Cr\u00e9ditos de voo&nbsp;<\/li><li>Cancelamentos flex\u00edveis - GrandView reembolsar\u00e1 o custo do bilhete para a sua conta<\/li><li>$200 cr\u00e9dito de catering para cada dia de voo<\/li><li>Acordos de voo de perna vazia<\/li><\/ul>\r\n\r\n\r\n\r\n<h2 class=\"wp-block-heading\"><span class=\"ez-toc-section\" id=\"Pricing\"><\/span>Fixa\u00e7\u00e3o de pre\u00e7os<span class=\"ez-toc-section-end\"><\/span><\/h2>\r\n\r\n\r\n\r\n<p>A tarifa hor\u00e1ria \u00e9 garantida para os membros, e os custos s\u00e3o calculados em fun\u00e7\u00e3o do total de horas de voo. O pre\u00e7o inclui o reposicionamento de Atlanta, Austin, Baltimore, Boston, Chicago, Denver, Los Angeles, e Scottsdale. H\u00e1 taxas de transporte estabelecidas para mais de 65 destinos principais.&nbsp;<\/p>\r\n\r\n\r\n\r\n<p>O custo hor\u00e1rio de voo com a sua frota de Phenom 300 come\u00e7a em cerca de $3,100, incluindo o FET (Federal Excise Tax) mas sem qualquer taxa de reposicionamento.<\/p>\r\n\r\n\r\n\r\n<h2 class=\"wp-block-heading\"><span class=\"ez-toc-section\" id=\"The_Fleet\"><\/span>A Frota&nbsp;<span class=\"ez-toc-section-end\"><\/span><\/h2>\r\n\r\n\r\n\r\n<figure class=\"wp-block-image size-full is-style-default\"><img loading=\"lazy\" decoding=\"async\" width=\"1000\" height=\"667\" src=\"https:\/\/comparemyjet.com\/wp-content\/uploads\/2022\/08\/phenom300.jet_.jpg\" alt=\"\" class=\"wp-image-3224\" srcset=\"https:\/\/comparemyjet.com\/wp-content\/uploads\/2022\/08\/phenom300.jet_-18x12.jpg 18w, https:\/\/comparemyjet.com\/wp-content\/uploads\/2022\/08\/phenom300.jet_-300x200.jpg 300w, https:\/\/comparemyjet.com\/wp-content\/uploads\/2022\/08\/phenom300.jet_-768x512.jpg 768w, https:\/\/comparemyjet.com\/wp-content\/uploads\/2022\/08\/phenom300.jet_.jpg 1000w\" sizes=\"auto, (max-width: 1000px) 100vw, 1000px\" \/><\/figure>\r\n\r\n\r\n\r\n<p>A GrandView Aviation mant\u00e9m a sua frota de avi\u00f5es privados Phenom 300 e alguns helic\u00f3pteros nos seus hubs em Boston, Baltimore\/DC, Los Angeles, Chicago, Atlanta, Austin, <a href=\"https:\/\/comparemyjet.com\/pt\/private-jet-charters-to-phoenix\/\" data-internallinksmanager029f6b8e52c=\"199\" title=\"Aluguer de Jet Charters privados para Phoenix\">Phoenix<\/a>, e Denver.<\/p>\r\n\r\n\r\n\r\n<h3 class=\"wp-block-heading\"><span class=\"ez-toc-section\" id=\"1_Light_Private_Jets\"><\/span>1. Jactos Privados Ligeiros<span class=\"ez-toc-section-end\"><\/span><\/h3>\r\n\r\n\r\n\r\n<p>Quando comparados com os helic\u00f3pteros, os jactos ligeiros s\u00e3o maiores e t\u00eam mais alcance. Podem transportar at\u00e9 oito passageiros com conforto garantido devido \u00e0 sua cabine maior e ao armazenamento de bagagem.<\/p>\r\n\r\n\r\n\r\n<p>Os avi\u00f5es ligeiros tamb\u00e9m podem aterrar e levantar de pequenas pistas e aeroportos locais, permitindo visitar \u00e1reas de dif\u00edcil acesso e aeroportos com pistas mais curtas.<\/p>\r\n\r\n\r\n\r\n<h4 class=\"wp-block-heading\"><span class=\"ez-toc-section\" id=\"Our_Recommendation_Embraer_Phenom_300\"><\/span>A nossa recomenda\u00e7\u00e3o: O Fen\u00f3meno 300 da Embraer<span class=\"ez-toc-section-end\"><\/span><\/h4>\r\n\r\n\r\n\r\n<p>O Phenom 300 pode acomodar at\u00e9 8 viajantes, e a cabine espa\u00e7osa disp\u00f5e de muito espa\u00e7o para bagagem. H\u00e1 espa\u00e7o suficiente para equipamento de golfe, malas, e outros artigos que poder\u00e1 necessitar para a sua viagem. O interior oferece espa\u00e7o confort\u00e1vel para as pernas e disp\u00f5e de mobili\u00e1rio de luxo, tais como reclin\u00e1veis de couro, mesas de madeira e tapetes de pel\u00facia, incluindo um lavat\u00f3rio. Para al\u00e9m dos petiscos e do vinho de cortesia, podem fornecer catering a bordo mediante pedido.&nbsp;<\/p>\r\n\r\n\r\n\r\n<p>De 2013 a 2015, o Phenom 300 foi o jacto comercial mais popular. A gama deste avi\u00e3o bate a maioria dos outros jactos ligeiros, oferecendo-lhe um desempenho de um jacto de m\u00e9dio porte a custos mais baixos.&nbsp;<\/p>\r\n\r\n\r\n\r\n<p>Especifica\u00e7\u00f5es e amenidades do Phenom 300:<\/p>\r\n\r\n\r\n\r\n<ul class=\"wp-block-list\"><li>Passageiros: 8;<\/li><li>Altura da cabine: 4 p\u00e9s 11 in;<\/li><li>Largura da cabine: 5 p\u00e9s 1 in;<\/li><li>Comprimento da cabina: 17 p\u00e9s 2 in;<\/li><li>Altura exterior: 16 p\u00e9s 5 in;<\/li><li>Bagagem externa: 66 cu ft;<\/li><li>Bagagem interna: 19 cu ft;<\/li><li>Velocidade m\u00e1xima: 453 kts;<\/li><li>Alcance m\u00e1ximo: 2077 nm;<\/li><li>Taxa de subida: 3335 fpm;<\/li><li>Tripula\u00e7\u00e3o: 2;<\/li><li>Internet sem fios;<\/li><li>Lavat\u00f3rio;<\/li><li>Tomadas el\u00e9ctricas, e servi\u00e7o telef\u00f3nico via sat\u00e9lite.<\/li><\/ul>\r\n\r\n\r\n\r\n<p><em>O Fen\u00f3meno 300<\/em> Os avi\u00f5es charter est\u00e3o estacionados em Baltimore\/DC, Chicago, Austin, Atlanta, e Scottsdale, permitindo-lhe voar a partir do M\u00e9dio-Atl\u00e2ntico, Nordeste, e Centro dos Estados Unidos.&nbsp;<\/p>\r\n\r\n\r\n\r\n<h3 class=\"wp-block-heading\"><span class=\"ez-toc-section\" id=\"2_Helicopters\"><\/span>2. Helic\u00f3pteros<span class=\"ez-toc-section-end\"><\/span><\/h3>\r\n\r\n\r\n\r\n<p>As cartas de helic\u00f3pteros permitem descolar e aterrar em qualquer local preciso, incluindo helipontos, resorts, e mesmo casas particulares. Podem aterrar em quase qualquer lugar numa emerg\u00eancia e representam menos perigos para os passageiros. Contudo, s\u00e3o mais facilmente afectados pelas condi\u00e7\u00f5es meteorol\u00f3gicas, e o seu voo pode ser cancelado se as circunst\u00e2ncias meteorol\u00f3gicas n\u00e3o forem as ideais.&nbsp;<\/p>\r\n\r\n\r\n\r\n<p>A GrandView Aviation oferece helic\u00f3pteros VIP com sistemas de entretenimento a bordo e espa\u00e7o para at\u00e9 12 passageiros. Todos os helic\u00f3pteros charter s\u00e3o operados por dois pilotos qualificados para uma seguran\u00e7a e protec\u00e7\u00e3o \u00f3ptimas dos clientes.<\/p>\r\n\r\n\r\n\r\n<h4 class=\"wp-block-heading\"><span class=\"ez-toc-section\" id=\"Our_Recommendation_Bell_407GXI\"><\/span>A nossa recomenda\u00e7\u00e3o: Sino 407GXI<span class=\"ez-toc-section-end\"><\/span><\/h4>\r\n\r\n\r\n\r\n<p>O Bell 407GXI \u00e9 um helic\u00f3ptero monomotor polivalente com quatro l\u00e2minas que foi lan\u00e7ado pela primeira vez em 1995. O material composto utilizado para as p\u00e1s e o cubo aumenta o desempenho e proporciona um voo mais confort\u00e1vel. \u00c9 frequentemente utilizado na aplica\u00e7\u00e3o da lei, recolha de not\u00edcias electr\u00f3nicas, e cria\u00e7\u00e3o de filmes, bem como no com\u00e9rcio e na navega\u00e7\u00e3o mar\u00edtima. A cabine pode ser configurada para acomodar uma variedade de tarefas e cargas \u00fateis, incluindo assentos para passageiros de clubes at\u00e9 seis pessoas.&nbsp;<\/p>\r\n\r\n\r\n\r\n<p>Especifica\u00e7\u00f5es:<\/p>\r\n\r\n\r\n\r\n<ul class=\"wp-block-list\"><li>Passageiros: 5;<\/li><li>Altura exterior: 11 p\u00e9s 8 in;<\/li><li>Bagagem externa: 20 cu ft;<\/li><li>Comprimento: 41 p\u00e9s e 8 polegadas;<\/li><li>Bagagem interna: 3 cu ft;<\/li><li>Velocidade m\u00e1xima: 140 kts;<\/li><li>Os assentos s\u00e3o de pel\u00facia e demasiado recheados;<\/li><li>Estofos em pele.<\/li><\/ul>\r\n\r\n\r\n\r\n<p>Para al\u00e9m do nosso helic\u00f3ptero recomendado <em>Sino 407<\/em>A GrandView Aviation oferece mais um no seu cat\u00e1logo - t<em>Sikorsky S-76D<\/em>.<\/p>\r\n\r\n\r\n\r\n<h2 class=\"wp-block-heading\"><span class=\"ez-toc-section\" id=\"Company_Safety_Policy_and_Standards\"><\/span>Pol\u00edtica e Normas de Seguran\u00e7a da Empresa<span class=\"ez-toc-section-end\"><\/span><\/h2>\r\n\r\n\r\n\r\n<p><a href=\"https:\/\/nbaa.org\/flight-department-administration\/sms\/is-bao\/\" target=\"_blank\" rel=\"noopener\">A Norma Internacional para Opera\u00e7\u00f5es de Aeronaves de Neg\u00f3cios<\/a> (IS-BAO) foi criada para ajudar os departamentos de voo em todo o mundo a alcan\u00e7ar elevados padr\u00f5es de seguran\u00e7a e profissionalismo. Como cliente da GrandView Aviation, pode ter a certeza de que um <a href=\"https:\/\/www.faa.gov\/about\/initiatives\/sms\" target=\"_blank\" rel=\"noopener\">Sistema de Gest\u00e3o de Seguran\u00e7a<\/a> (SMS) foi implementado para todos os voos charter de helic\u00f3pteros, gra\u00e7as a esta classifica\u00e7\u00e3o de seguran\u00e7a.<\/p>\r\n\r\n\r\n\r\n<p>Al\u00e9m disso, <a href=\"https:\/\/nbaa.org\/\" target=\"_blank\" rel=\"noopener\">A Associa\u00e7\u00e3o Nacional da Avia\u00e7\u00e3o de Neg\u00f3cios<\/a> honrou a GrandView Aviation com um certificado de seguran\u00e7a de 10 anos sem acidentes e incidentes, e os pilotos da empresa s\u00e3o <a href=\"https:\/\/www.wyvernltd.com\/\" target=\"_blank\" rel=\"noopener\">Wyvern Wingman<\/a> de seguran\u00e7a e <a href=\"https:\/\/www.argus.aero\/\" target=\"_blank\" rel=\"noopener\">ARGUS<\/a> Operadores com classifica\u00e7\u00e3o de ouro.<\/p>\r\n\r\n\r\n\r\n<p>A GrandView tem uma ap\u00f3lice de seguro de responsabilidade civil de $150 milh\u00f5es, e todos os voos s\u00e3o operados por dois pilotos.<\/p>\r\n\r\n\r\n\r\n<h2 class=\"wp-block-heading\"><span class=\"ez-toc-section\" id=\"The_Staff\"><\/span>O Pessoal<span class=\"ez-toc-section-end\"><\/span><\/h2>\r\n\r\n\r\n\r\n<figure class=\"wp-block-image size-full is-style-default\"><img loading=\"lazy\" decoding=\"async\" width=\"1000\" height=\"667\" src=\"https:\/\/comparemyjet.com\/wp-content\/uploads\/2022\/07\/two.private.jet_.pilots.jpg\" alt=\"GrandView Avia\u00e7\u00e3o\" class=\"wp-image-3137\" srcset=\"https:\/\/comparemyjet.com\/wp-content\/uploads\/2022\/07\/two.private.jet_.pilots-18x12.jpg 18w, https:\/\/comparemyjet.com\/wp-content\/uploads\/2022\/07\/two.private.jet_.pilots-300x200.jpg 300w, https:\/\/comparemyjet.com\/wp-content\/uploads\/2022\/07\/two.private.jet_.pilots-768x512.jpg 768w, https:\/\/comparemyjet.com\/wp-content\/uploads\/2022\/07\/two.private.jet_.pilots.jpg 1000w\" sizes=\"auto, (max-width: 1000px) 100vw, 1000px\" \/><\/figure>\r\n\r\n\r\n\r\n<p>GrandView cresceu de uma companhia de 65 pessoas para mais de 120 pessoas, com pilotos, despachantes de voo, e t\u00e9cnicos. Em 2022, a empresa gerou mais de $50 milh\u00f5es em vendas e foi nomeada na <a href=\"https:\/\/thedailyrecord.com\/2022\/01\/21\/grandview-aviation-moves-to-new-hq-in-middle-river\/\" target=\"_blank\" rel=\"noopener\">Inc 5000 lista das empresas americanas que mais crescem<\/a>. A empresa tem o maior n\u00famero de empregados da avia\u00e7\u00e3o privada em Maryland.&nbsp;<\/p>\r\n\r\n\r\n\r\n<h2 class=\"wp-block-heading\"><span class=\"ez-toc-section\" id=\"Conclusion\"><\/span>Conclus\u00e3o<span class=\"ez-toc-section-end\"><\/span><\/h2>\r\n\r\n\r\n\r\n<p>GrandView \u00e9 uma proeminente empresa norte-americana de avia\u00e7\u00e3o privada e de transporte de \u00f3rg\u00e3os com 130 empregados e uma frota Phenom 300 sediada em Baltimore, Maryland.&nbsp;<\/p>\r\n\r\n\r\n\r\n<p>Pode juntar-se aos seus programas de cart\u00f5es de jacto Altitude Plus e Altitude Miles para se tornar membro e obter algumas das regalias oferecidas. Como propriet\u00e1rio de um cart\u00e3o de jacto, ganha milhas \u00e0 medida que voa e as milhas de recompensa podem ser utilizadas para cr\u00e9ditos de companhias a\u00e9reas, catering, e outros servi\u00e7os. Os membros do Altitude Plus tamb\u00e9m recebem um desconto em voos. Para al\u00e9m disso, oferecem uma pol\u00edtica de cancelamento flex\u00edvel, para que possa fazer planos flex\u00edveis sem preocupa\u00e7\u00f5es.&nbsp;<\/p>","protected":false},"excerpt":{"rendered":"<p>A GrandView Aviation \u00e9 uma empresa de afretamento de jactos privados com sede em Baltimore que opera nos Estados Unidos. Pode voar atrav\u00e9s do pa\u00eds com os seus avi\u00f5es a jacto Phenom 300, e alugar os seus helic\u00f3pteros Sikorsky S-76D e Bell 407GXI em Baltimore e Washington, D.C. Uma vez que a empresa \u00e9 certificada pela Wyvern Wingman, os seus pilotos seguem as \u00faltimas e melhores ...<\/p>","protected":false},"author":2,"featured_media":3225,"parent":0,"menu_order":0,"comment_status":"closed","ping_status":"closed","template":"","meta":{"_acf_changed":false,"_genesis_hide_title":false,"_genesis_hide_breadcrumbs":false,"_genesis_hide_singular_image":false,"_genesis_hide_footer_widgets":false,"_genesis_custom_body_class":"","_genesis_custom_post_class":"","_genesis_layout":"","footnotes":""},"class_list":{"1":"page","2":"type-page","6":"entry"},"acf":[],"_links":{"self":[{"href":"https:\/\/comparemyjet.com\/pt\/wp-json\/wp\/v2\/pages\/3223","targetHints":{"allow":["GET"]}}],"collection":[{"href":"https:\/\/comparemyjet.com\/pt\/wp-json\/wp\/v2\/pages"}],"about":[{"href":"https:\/\/comparemyjet.com\/pt\/wp-json\/wp\/v2\/types\/page"}],"author":[{"embeddable":true,"href":"https:\/\/comparemyjet.com\/pt\/wp-json\/wp\/v2\/users\/2"}],"replies":[{"embeddable":true,"href":"https:\/\/comparemyjet.com\/pt\/wp-json\/wp\/v2\/comments?post=3223"}],"version-history":[{"count":2,"href":"https:\/\/comparemyjet.com\/pt\/wp-json\/wp\/v2\/pages\/3223\/revisions"}],"predecessor-version":[{"id":3460,"href":"https:\/\/comparemyjet.com\/pt\/wp-json\/wp\/v2\/pages\/3223\/revisions\/3460"}],"wp:featuredmedia":[{"embeddable":true,"href":"https:\/\/comparemyjet.com\/pt\/wp-json\/wp\/v2\/media\/3225"}],"wp:attachment":[{"href":"https:\/\/comparemyjet.com\/pt\/wp-json\/wp\/v2\/media?parent=3223"}],"curies":[{"name":"wp","href":"https:\/\/api.w.org\/{rel}","templated":true}]}}