{"id":3559,"date":"2022-10-15T01:08:04","date_gmt":"2022-10-15T01:08:04","guid":{"rendered":"https:\/\/comparemyjet.com\/?page_id=3559"},"modified":"2025-09-04T10:03:18","modified_gmt":"2025-09-04T10:03:18","slug":"verijet","status":"publish","type":"page","link":"https:\/\/comparemyjet.com\/pt\/verijet\/","title":{"rendered":"Pre\u00e7os de voo VeriJet"},"content":{"rendered":"<p>Verijet \u00e9 uma companhia a\u00e9rea inovadora que se distingue de outras <a href=\"https:\/\/comparemyjet.com\/pt\/how-do-you-rent-or-charter-a-private-jet\/\" data-internallinksmanager029f6b8e52c=\"15\" title=\"Como se aluga ou freta um jacto privado?\">afretamento de jactos privados<\/a> fornecedores por v\u00e1rios crit\u00e9rios, a maioria dos quais pode ser rastreada at\u00e9 \u00e0 frota de jactos de vis\u00e3o SF-50 da empresa. A empresa foi fundada em 2020, e os seus escrit\u00f3rios principais est\u00e3o localizados em Vero Beach, Florida.<\/p>\r\n\r\n\r\n\r\n<p>Para tornar os voos mais acess\u00edveis, Verijet desenvolveu um motor de optimiza\u00e7\u00e3o de voo e lan\u00e7ou a sua pr\u00f3pria frota de G2+ Vision Jets, que s\u00e3o mais potentes e melhor equipados para enfrentar pistas desafiantes e dist\u00e2ncias mais longas. Estes jactos t\u00eam classifica\u00e7\u00f5es excepcionais em seguran\u00e7a e realizam voos 100% neutros em carbono.&nbsp;<\/p>\r\n\r\n\r\n\r\n<p>Ap\u00f3s um arranque frutuoso na regi\u00e3o sudeste dos Estados Unidos, Verijet pretende disponibilizar voos privados r\u00e1pidos e de baixo custo em todo o territ\u00f3rio dos EUA.<\/p>\r\n\r\n\r\n\r\n<div id=\"ez-toc-container\" class=\"ez-toc-v2_0_76 counter-hierarchy ez-toc-counter ez-toc-grey ez-toc-container-direction\">\n<p class=\"ez-toc-title\" style=\"cursor:inherit\">T\u00f3picos<\/p>\n<label for=\"ez-toc-cssicon-toggle-item-69f467887d484\" class=\"ez-toc-cssicon-toggle-label\"><span class=\"\"><span class=\"eztoc-hide\" style=\"display:none;\">Alternar<\/span><span class=\"ez-toc-icon-toggle-span\"><svg style=\"fill: #999;color:#999\" xmlns=\"http:\/\/www.w3.org\/2000\/svg\" class=\"list-377408\" width=\"20px\" height=\"20px\" viewbox=\"0 0 24 24\" fill=\"none\"><path d=\"M6 6H4v2h2V6zm14 0H8v2h12V6zM4 11h2v2H4v-2zm16 0H8v2h12v-2zM4 16h2v2H4v-2zm16 0H8v2h12v-2z\" fill=\"currentColor\"><\/path><\/svg><svg style=\"fill: #999;color:#999\" class=\"arrow-unsorted-368013\" xmlns=\"http:\/\/www.w3.org\/2000\/svg\" width=\"10px\" height=\"10px\" viewbox=\"0 0 24 24\" version=\"1.2\" baseprofile=\"tiny\"><path d=\"M18.2 9.3l-6.2-6.3-6.2 6.3c-.2.2-.3.4-.3.7s.1.5.3.7c.2.2.4.3.7.3h11c.3 0 .5-.1.7-.3.2-.2.3-.5.3-.7s-.1-.5-.3-.7zM5.8 14.7l6.2 6.3 6.2-6.3c.2-.2.3-.5.3-.7s-.1-.5-.3-.7c-.2-.2-.4-.3-.7-.3h-11c-.3 0-.5.1-.7.3-.2.2-.3.5-.3.7s.1.5.3.7z\"\/><\/svg><\/span><\/span><\/label><input type=\"checkbox\"  id=\"ez-toc-cssicon-toggle-item-69f467887d484\" checked aria-label=\"Alternar\" \/><nav><ul class='ez-toc-list ez-toc-list-level-1' ><li class='ez-toc-page-1 ez-toc-heading-level-2'><a class=\"ez-toc-link ez-toc-heading-1\" href=\"https:\/\/comparemyjet.com\/pt\/verijet\/#About_the_Company\" >Sobre a Empresa<\/a><ul class='ez-toc-list-level-3' ><li class='ez-toc-heading-level-3'><a class=\"ez-toc-link ez-toc-heading-2\" href=\"https:\/\/comparemyjet.com\/pt\/verijet\/#The_G2_Vision_Jets_Fleet\" >A Frota de Jactos de Vis\u00e3o G2+<\/a><\/li><\/ul><\/li><li class='ez-toc-page-1 ez-toc-heading-level-2'><a class=\"ez-toc-link ez-toc-heading-3\" href=\"https:\/\/comparemyjet.com\/pt\/verijet\/#Pricing\" >Fixa\u00e7\u00e3o de pre\u00e7os<\/a><\/li><li class='ez-toc-page-1 ez-toc-heading-level-2'><a class=\"ez-toc-link ez-toc-heading-4\" href=\"https:\/\/comparemyjet.com\/pt\/verijet\/#Company_Jet_Card_Programs\" >Programas de cart\u00f5es Jet Card da empresa<\/a><ul class='ez-toc-list-level-3' ><li class='ez-toc-heading-level-3'><a class=\"ez-toc-link ez-toc-heading-5\" href=\"https:\/\/comparemyjet.com\/pt\/verijet\/#25_Hour_JetCard\" >25 Horas JetCard<\/a><\/li><li class='ez-toc-page-1 ez-toc-heading-level-3'><a class=\"ez-toc-link ez-toc-heading-6\" href=\"https:\/\/comparemyjet.com\/pt\/verijet\/#50_Hour_JetCard\" >Cart\u00e3o JetCard de 50 Horas<\/a><\/li><li class='ez-toc-page-1 ez-toc-heading-level-3'><a class=\"ez-toc-link ez-toc-heading-7\" href=\"https:\/\/comparemyjet.com\/pt\/verijet\/#100_Hour_JetCard\" >100 Horas JetCard<\/a><\/li><\/ul><\/li><li class='ez-toc-page-1 ez-toc-heading-level-2'><a class=\"ez-toc-link ez-toc-heading-8\" href=\"https:\/\/comparemyjet.com\/pt\/verijet\/#The_Fleet\" >A Frota&nbsp;<\/a><ul class='ez-toc-list-level-4' ><li class='ez-toc-heading-level-4'><ul class='ez-toc-list-level-4' ><li class='ez-toc-heading-level-4'><a class=\"ez-toc-link ez-toc-heading-9\" href=\"https:\/\/comparemyjet.com\/pt\/verijet\/#Characteristics_of_The_Cirrus_SF-50_Vision_Jet\" >Caracter\u00edsticas do Cirrus SF-50 Vision Jet<\/a><\/li><\/ul><\/li><\/ul><\/li><li class='ez-toc-page-1 ez-toc-heading-level-2'><a class=\"ez-toc-link ez-toc-heading-10\" href=\"https:\/\/comparemyjet.com\/pt\/verijet\/#Company_Safety_Policy_and_Standards\" >Pol\u00edtica e Normas de Seguran\u00e7a da Empresa<\/a><\/li><li class='ez-toc-page-1 ez-toc-heading-level-2'><a class=\"ez-toc-link ez-toc-heading-11\" href=\"https:\/\/comparemyjet.com\/pt\/verijet\/#Pilots\" >Pilotos<\/a><\/li><li class='ez-toc-page-1 ez-toc-heading-level-2'><a class=\"ez-toc-link ez-toc-heading-12\" href=\"https:\/\/comparemyjet.com\/pt\/verijet\/#Partnerships\" >Parcerias<\/a><\/li><li class='ez-toc-page-1 ez-toc-heading-level-2'><a class=\"ez-toc-link ez-toc-heading-13\" href=\"https:\/\/comparemyjet.com\/pt\/verijet\/#Conclusion\" >Conclus\u00e3o<\/a><\/li><\/ul><\/nav><\/div>\n<h2 class=\"wp-block-heading\"><span class=\"ez-toc-section\" id=\"About_the_Company\"><\/span>Sobre a Empresa<span class=\"ez-toc-section-end\"><\/span><\/h2>\r\n\r\n\r\n\r\n<p>Richard Kane, presidente e CEO da Verijet, trabalhou nas ind\u00fastrias de telecomunica\u00e7\u00f5es e avia\u00e7\u00e3o, o que o inspirou a iniciar a firma. Uma vez que \u00e9 um piloto talentoso com recordes mundiais de velocidade e tem experi\u00eancia no encaminhamento de milh\u00f5es de chamadas por hora em tempo real, Verijet tornou-se rapidamente a empresa de afretamento de jactos privados.<\/p>\r\n\r\n\r\n\r\n<p>Verijet construiu um sistema de optimiza\u00e7\u00e3o que pode substituir uma equipa de planificadores com um simples clique de um bot\u00e3o. Como resultado directo, s\u00e3o dispensadas mais taxas, o que resulta numa tarifa a\u00e9rea reduzida. Kane experimentou o seu processo de optimiza\u00e7\u00e3o num conjunto de m\u00e1quinas virtuais que partilhavam todas a mesma mem\u00f3ria e o mesmo espa\u00e7o no disco r\u00edgido. Depois de investigar v\u00e1rias op\u00e7\u00f5es, ele decidiu-se por <a href=\"https:\/\/www.ibm.com\/cloud\/bare-metal-servers\" target=\"_blank\" rel=\"noopener\">Servidores IBM Cloud Bare Metal<\/a> devido \u00e0 sua estabilidade e poder de computa\u00e7\u00e3o em compara\u00e7\u00e3o com a do motor de optimiza\u00e7\u00e3o, bem como ao seu acesso \u00e0 plataforma de nuvens da IBM e ao apoio de engenheiros e consultores t\u00e9cnicos.<\/p>\r\n\r\n\r\n\r\n<h3 class=\"wp-block-heading\"><span class=\"ez-toc-section\" id=\"The_G2_Vision_Jets_Fleet\"><\/span>A Frota de Jactos de Vis\u00e3o G2+<span class=\"ez-toc-section-end\"><\/span><\/h3>\r\n\r\n\r\n\r\n<figure class=\"wp-block-image size-full is-style-default\"><img loading=\"lazy\" decoding=\"async\" width=\"1000\" height=\"563\" src=\"https:\/\/comparemyjet.com\/wp-content\/uploads\/2022\/10\/G2-Vision-Jet-1.jpg\" alt=\"VeriJet\" class=\"wp-image-3562\" srcset=\"https:\/\/comparemyjet.com\/wp-content\/uploads\/2022\/10\/G2-Vision-Jet-1-18x10.jpg 18w, https:\/\/comparemyjet.com\/wp-content\/uploads\/2022\/10\/G2-Vision-Jet-1-300x169.jpg 300w, https:\/\/comparemyjet.com\/wp-content\/uploads\/2022\/10\/G2-Vision-Jet-1-768x432.jpg 768w, https:\/\/comparemyjet.com\/wp-content\/uploads\/2022\/10\/G2-Vision-Jet-1.jpg 1000w\" sizes=\"auto, (max-width: 1000px) 100vw, 1000px\" \/><\/figure>\r\n\r\n\r\n\r\n<p>Com o apoio deste novo software, Kane foi capaz de estabelecer a sua pr\u00f3pria frota de pequenos jactos ecologicamente sustent\u00e1veis. Estes jactos silenciosos de um \u00fanico piloto, de marca Vision Jets, ajudaram-no a construir o motor de optimiza\u00e7\u00e3o e a trabalhar para este pr\u00f3ximo passo do seu plano.<\/p>\r\n\r\n\r\n\r\n<p>Estes jactos privados est\u00e3o equipados com medidas de seguran\u00e7a de pensamento avan\u00e7ado, como o Cirrus Airplane Parachute System (CAPS) e o bot\u00e3o \"Safe Return\", que permitem a realiza\u00e7\u00e3o de uma aterragem de emerg\u00eancia em piloto autom\u00e1tico. O <a href=\"https:\/\/www.faa.gov\/\" target=\"_blank\" rel=\"noopener\">Administra\u00e7\u00e3o Federal de Avia\u00e7\u00e3o<\/a> tiveram de passar por alguns aros extra, uma vez que estas capacidades s\u00e3o t\u00e3o avan\u00e7adas antes de poderem dar a sua b\u00ean\u00e7\u00e3o aos Vision Jets, o que acabaram por fazer.<\/p>\r\n\r\n\r\n\r\n<p>A procura de Kane pelo poder computacional est\u00e1 a expandir-se em paralelo com a expans\u00e3o tanto da sua base de clientes como da sua frota de Jactos de Vis\u00e3o. Para atingir este objectivo, ele est\u00e1 actualmente a conversar com a equipa da Quantum Computing na IBM para continuar o seu trabalho de optimiza\u00e7\u00e3o.<\/p>\r\n\r\n\r\n\r\n<p>O atual custo fixo de ida para o servi\u00e7o da VeriJets est\u00e1 dispon\u00edvel em <a href=\"https:\/\/comparemyjet.com\/pt\/visitas-privadas\/orlando-private-tours\/\" data-internallinksmanager029f6b8e52c=\"429\" title=\"11 melhores excurs\u00f5es privadas em Orlando a partir de $5.99\">Orlando<\/a>A partir de 2021, o aeroporto de Santa Maria, na Calif\u00f3rnia, e o aeroporto de Nova Iorque, na Florida. O Nordeste dos Estados Unidos, o Canad\u00e1 e a Europa est\u00e3o todos na lista de potenciais locais de expans\u00e3o.<\/p>\r\n\r\n\r\n\r\n<h2 class=\"wp-block-heading\"><span class=\"ez-toc-section\" id=\"Pricing\"><\/span>Fixa\u00e7\u00e3o de pre\u00e7os<span class=\"ez-toc-section-end\"><\/span><\/h2>\r\n\r\n\r\n\r\n<p>A actual estrutura de pre\u00e7os \u00e9 simples. Os clientes pagam um m\u00ednimo de sessenta minutos de voo, para al\u00e9m de uma taxa federal de 7,5%, que ascende a um total de $3,000 por hora.&nbsp;<\/p>\r\n\r\n\r\n\r\n<h2 class=\"wp-block-heading\"><span class=\"ez-toc-section\" id=\"Company_Jet_Card_Programs\"><\/span>Programas de cart\u00f5es Jet Card da empresa<span class=\"ez-toc-section-end\"><\/span><\/h2>\r\n\r\n\r\n\r\n<figure class=\"wp-block-image size-full is-style-default\"><img loading=\"lazy\" decoding=\"async\" width=\"1000\" height=\"442\" src=\"https:\/\/comparemyjet.com\/wp-content\/uploads\/2022\/09\/little.plane_.in_.the_.hand_.of_.a.businessman.jpg\" alt=\"\" class=\"wp-image-3335\" srcset=\"https:\/\/comparemyjet.com\/wp-content\/uploads\/2022\/09\/little.plane_.in_.the_.hand_.of_.a.businessman-18x8.jpg 18w, https:\/\/comparemyjet.com\/wp-content\/uploads\/2022\/09\/little.plane_.in_.the_.hand_.of_.a.businessman-300x133.jpg 300w, https:\/\/comparemyjet.com\/wp-content\/uploads\/2022\/09\/little.plane_.in_.the_.hand_.of_.a.businessman-768x339.jpg 768w, https:\/\/comparemyjet.com\/wp-content\/uploads\/2022\/09\/little.plane_.in_.the_.hand_.of_.a.businessman.jpg 1000w\" sizes=\"auto, (max-width: 1000px) 100vw, 1000px\" \/><\/figure>\r\n\r\n\r\n\r\n<p>Quando os clientes adquirem um Verijet JetCard, \u00e9-lhes dada prioridade de reserva e t\u00eam a op\u00e7\u00e3o de comprar blocos de tempo de voo com 25, 50, ou 100 horas de dura\u00e7\u00e3o. Vamos explorar estas op\u00e7\u00f5es.<\/p>\r\n\r\n\r\n\r\n<h3 class=\"wp-block-heading\"><span class=\"ez-toc-section\" id=\"25_Hour_JetCard\"><\/span>25 Horas JetCard<span class=\"ez-toc-section-end\"><\/span><\/h3>\r\n\r\n\r\n\r\n<p>O Cart\u00e3o de Jacto de 25 Horas custa $81,250 para comprar, e o pre\u00e7o por hora para cada voo \u00e9 $3,250 fixo. N\u00e3o h\u00e1 taxa de ades\u00e3o, pelo que o pre\u00e7o de compra \u00e9 na realidade um dep\u00f3sito do qual o pre\u00e7o por hora \u00e9 deduzido em cada voo.&nbsp;<\/p>\r\n\r\n\r\n\r\n<ul class=\"wp-block-list\"><li>Podem aplicar-se sobretaxas.&nbsp;<\/li><li>N\u00e3o h\u00e1 um m\u00ednimo di\u00e1rio.&nbsp;<\/li><li>O cart\u00e3o \u00e9 v\u00e1lido por um ano. Os animais de estima\u00e7\u00e3o s\u00e3o bem-vindos a bordo.&nbsp;<\/li><li>\u00c9 necess\u00e1ria no m\u00ednimo uma hora de tempo de voo.&nbsp;<\/li><li>O prazo de cancelamento \u00e9 de 72 horas antes do voo, e n\u00e3o h\u00e1 dias de ponta.<\/li><\/ul>\r\n\r\n\r\n\r\n<h3 class=\"wp-block-heading\"><span class=\"ez-toc-section\" id=\"50_Hour_JetCard\"><\/span>Cart\u00e3o JetCard de 50 Horas<span class=\"ez-toc-section-end\"><\/span><\/h3>\r\n\r\n\r\n\r\n<p>O Cart\u00e3o de Jacto de 50 Horas custa $152,500 para comprar, e o pre\u00e7o por hora para cada voo \u00e9 $3,050 fixo.&nbsp;<\/p>\r\n\r\n\r\n\r\n<ul class=\"wp-block-list\"><li>Sem taxas de ades\u00e3o.&nbsp;<\/li><li>Podem aplicar-se sobretaxas.&nbsp;<\/li><li>N\u00e3o h\u00e1 um m\u00ednimo di\u00e1rio.&nbsp;<\/li><li>O cart\u00e3o \u00e9 v\u00e1lido por 15 meses.<\/li><li>Os animais de estima\u00e7\u00e3o s\u00e3o bem-vindos a bordo.&nbsp;<\/li><li>\u00c9 necess\u00e1ria no m\u00ednimo uma hora de tempo de voo.&nbsp;<\/li><li>O prazo de cancelamento \u00e9 de 48 horas antes do voo e n\u00e3o h\u00e1 dias de ponta.<\/li><\/ul>\r\n\r\n\r\n\r\n<h3 class=\"wp-block-heading\"><span class=\"ez-toc-section\" id=\"100_Hour_JetCard\"><\/span>100 Horas JetCard<span class=\"ez-toc-section-end\"><\/span><\/h3>\r\n\r\n\r\n\r\n<p>O Cart\u00e3o de Jacto de 50 Horas custa $275.000 para comprar, e o pre\u00e7o por hora para cada voo \u00e9 $2.750 fixo.&nbsp;<\/p>\r\n\r\n\r\n\r\n<ul class=\"wp-block-list\"><li>N\u00e3o h\u00e1 taxa de ades\u00e3o.&nbsp;<\/li><li>Podem aplicar-se sobretaxas.&nbsp;<\/li><li>H\u00e1 o m\u00ednimo di\u00e1rio.&nbsp;<\/li><li>O cart\u00e3o \u00e9 v\u00e1lido por 18 meses.&nbsp;<\/li><li>Os animais de estima\u00e7\u00e3o s\u00e3o bem-vindos a bordo.&nbsp;<\/li><li>\u00c9 necess\u00e1ria no m\u00ednimo uma hora de tempo de voo.&nbsp;<\/li><li>O prazo de cancelamento \u00e9 de 120 horas antes do voo e sem dias de ponta.<\/li><\/ul>\r\n\r\n\r\n\r\n<p>Pode ver a compara\u00e7\u00e3o de cart\u00f5es a jacto lado a lado e fazer uma reserva no seguinte <a href=\"https:\/\/www.verijet.com\/Verijet-JetCard\" target=\"_blank\" rel=\"noopener\">liga\u00e7\u00e3o<\/a>.<\/p>\r\n\r\n\r\n\r\n<h2 class=\"wp-block-heading\"><span class=\"ez-toc-section\" id=\"The_Fleet\"><\/span>A Frota&nbsp;<span class=\"ez-toc-section-end\"><\/span><\/h2>\r\n\r\n\r\n\r\n<figure class=\"wp-block-image is-style-default\"><img decoding=\"async\" src=\"https:\/\/comparemyjet.com\/wp-content\/uploads\/ccVHG_SOHNe_ne2YdOrnGlWyXNclOSUinAFhoJmSXeT1HEmx4_1GOoLo9bqXbbqWticFT5_gfpez-U2nynnVY1wK9aDdTTij7wffVow9ytmtX1sM-S9ozw2of6wQiRhT6xGbMrqx6IOtteUpDLtWJRQd3QDb9JnlE6RZlXwhUIBVNHG1dIz8FBQHUA.jpg\" alt=\"\"\/><\/figure>\r\n\r\n\r\n\r\n<p>O Cirrus SF-50 Vision Jet \u00e9 alimentado por um \u00fanico motor de m\u00edssil de cruzeiro. Isto torna poss\u00edvel que os jactos voem baixo e devagar, deixando para tr\u00e1s apenas um nono das emiss\u00f5es de carbono que a t\u00edpica aeronave privada faz. Como os Vision Jets s\u00e3o capazes de queimar quatro tipos diferentes de biocombust\u00edvel, s\u00e3o capazes de realizar voos que s\u00e3o completamente livres de emiss\u00f5es de carbono.<\/p>\r\n\r\n\r\n\r\n<p>No entanto, os benef\u00edcios ambientais destes elementos n\u00e3o s\u00e3o a \u00fanica raz\u00e3o pela qual s\u00e3o desej\u00e1veis. Tamb\u00e9m tornam poss\u00edvel que Verijet funcione em muitos aeroportos, o que acelera o processo de transporte de clientes para os seus destinos finais.<\/p>\r\n\r\n\r\n\r\n<h4 class=\"wp-block-heading\"><span class=\"ez-toc-section\" id=\"Characteristics_of_The_Cirrus_SF-50_Vision_Jet\"><\/span>Caracter\u00edsticas do Cirrus SF-50 Vision Jet<span class=\"ez-toc-section-end\"><\/span><\/h4>\r\n\r\n\r\n\r\n<p>O Cirrus Aircraft Vision Jet \u00e9 o produto de incessantes esfor\u00e7os de investiga\u00e7\u00e3o e desenvolvimento. O seu desempenho \u00e9 excepcional, e \u00e9 f\u00e1cil de voar e manter. O Vision Jet tem recebido muitos elogios e reconhecimento, incluindo o Trof\u00e9u Robert J. Collier.&nbsp;<\/p>\r\n\r\n\r\n\r\n<p>A estrutura de fibra de carbono oferece uma sensa\u00e7\u00e3o de espa\u00e7o no interior da aeronave, com uma cabe\u00e7a e ombros surpreendentemente amplos, e janelas largas. A cabine foi concebida para ser a maior da sua categoria.<\/p>\r\n\r\n\r\n\r\n<p>O ecr\u00e3 de entretenimento pode ser ligado \u00e0 maioria dos dispositivos, e a consola central pode ser convertida num local de trabalho contempor\u00e2neo para os passageiros utilizarem.<\/p>\r\n\r\n\r\n\r\n<p>O WiFi \u00e9 fornecido pela Gogo InFlight Wi-Fi, e o benef\u00edcio adicional das portas USB-C permite que os gadgets electr\u00f3nicos dos passageiros continuem a ser carregados enquanto est\u00e3o no ar.<\/p>\r\n\r\n\r\n\r\n<p>Al\u00e9m disso, os jactos s\u00e3o fabricados numa extensa paleta de cores para acomodar qualquer desejo est\u00e9tico, estilizados com interiores e acess\u00f3rios de estofos em pele de luxo. Os passageiros t\u00eam uma versatilidade extra com um total de 28 arranjos de assentos diferentes, gra\u00e7as ao facto de cada assento de cabine ser completamente modular e poder ser removido sem esfor\u00e7o, se necess\u00e1rio.<\/p>\r\n\r\n\r\n\r\n<p>Especifica\u00e7\u00f5es:<\/p>\r\n\r\n\r\n\r\n<ul class=\"wp-block-list\"><li>Passageiros: 7;<\/li><li>Comprimento total: 30 p\u00e9s 7 in;&nbsp;<\/li><li>envergadura de asa: 38 p\u00e9s 7 in;&nbsp;<\/li><li>Altura m\u00e1xima: 10 p\u00e9s 9 in;<\/li><li>Altura da cabine: 4 p\u00e9s 1 in;<\/li><li>Largura da cabine: 5 p\u00e9s 1 in;&nbsp;<\/li><li>Taxa de subida: 1,609 p\u00e9s\/minuto;<\/li><li>Velocidade m\u00e1xima de cruzeiro: 311 ktas;<\/li><li>Alcance m\u00e1ximo de voo: 1,275 nm;<\/li><li>Janelas panor\u00e2micas;<\/li><li>Cabina pressurizada;<\/li><li>Controlo clim\u00e1tico traseiro;<\/li><li>Ilumina\u00e7\u00e3o de realce<\/li><\/ul>\r\n\r\n\r\n\r\n<h2 class=\"wp-block-heading\"><span class=\"ez-toc-section\" id=\"Company_Safety_Policy_and_Standards\"><\/span>Pol\u00edtica e Normas de Seguran\u00e7a da Empresa<span class=\"ez-toc-section-end\"><\/span><\/h2>\r\n\r\n\r\n\r\n<p>Durante a epidemia de COVID-19, foi efectuado um saneamento completo do avi\u00e3o antes e depois da descolagem. Os seus passageiros relataram sentir-se excepcionalmente seguros durante todo o tempo, e a sua pegada de carbono era um nono da de um jacto de tamanho m\u00e9dio.<\/p>\r\n\r\n\r\n\r\n<p>A aeronave que a VeriJet oferece tem um sistema de p\u00e1ra-quedas Cirrus Airframe e uma aterragem autom\u00e1tica de emerg\u00eancia Safe ReturnTM. A aterragem autom\u00e1tica de emerg\u00eancia Safe ReturnTM oferece uma nova op\u00e7\u00e3o para salvaguardar os passageiros, permitindo aos pilotos aterrar o jacto numa circunst\u00e2ncia de emerg\u00eancia com o simples carregar de um bot\u00e3o. Isto torna a aterragem autom\u00e1tica uma excelente adi\u00e7\u00e3o ao Vision Jet.<\/p>\r\n\r\n\r\n\r\n<h2 class=\"wp-block-heading\"><span class=\"ez-toc-section\" id=\"Pilots\"><\/span>Pilotos<span class=\"ez-toc-section-end\"><\/span><\/h2>\r\n\r\n\r\n\r\n<figure class=\"wp-block-image size-full is-style-default\"><img loading=\"lazy\" decoding=\"async\" width=\"1000\" height=\"667\" src=\"https:\/\/comparemyjet.com\/wp-content\/uploads\/2022\/09\/pilot.boarding.on_.a.private.jet_.jpg\" alt=\"\" class=\"wp-image-3231\" srcset=\"https:\/\/comparemyjet.com\/wp-content\/uploads\/2022\/09\/pilot.boarding.on_.a.private.jet_-18x12.jpg 18w, https:\/\/comparemyjet.com\/wp-content\/uploads\/2022\/09\/pilot.boarding.on_.a.private.jet_-300x200.jpg 300w, https:\/\/comparemyjet.com\/wp-content\/uploads\/2022\/09\/pilot.boarding.on_.a.private.jet_-768x512.jpg 768w, https:\/\/comparemyjet.com\/wp-content\/uploads\/2022\/09\/pilot.boarding.on_.a.private.jet_.jpg 1000w\" sizes=\"auto, (max-width: 1000px) 100vw, 1000px\" \/><\/figure>\r\n\r\n\r\n\r\n<p>Cada Vision Jet vem de s\u00e9rie com uma experi\u00eancia piloto de primeira classe no Campus do Vision Center.<\/p>\r\n\r\n\r\n\r\n<h2 class=\"wp-block-heading\"><span class=\"ez-toc-section\" id=\"Partnerships\"><\/span>Parcerias<span class=\"ez-toc-section-end\"><\/span><\/h2>\r\n\r\n\r\n\r\n<p>Coflyt \u00e9 um software de avia\u00e7\u00e3o inteligente que d\u00e1 aos propriet\u00e1rios de aeronaves, empresas e organiza\u00e7\u00f5es de avia\u00e7\u00e3o a paz de esp\u00edrito de que necessitam para operar as suas aeronaves.&nbsp;<\/p>\r\n\r\n\r\n\r\n<p>Coflyt foi desenvolvido por pilotos para tornar mais eficiente a propriedade de aeronaves. Centraliza registos de voo, mant\u00e9m mapas de voo, analisa o desempenho, mostra a disponibilidade de aeronaves, fornece actualiza\u00e7\u00f5es de estado a fornecedores de aeronaves e pe\u00e7as, e simplifica pagamentos, entre outras coisas. A frota da VeriJet Cirrus \u00e9 gerida com <a href=\"https:\/\/coflyt.com\/verijet\/\" target=\"_blank\" rel=\"noopener\">Coflyt<\/a>e emprega intelig\u00eancia artificial e tecnologia inform\u00e1tica l\u00edder na ind\u00fastria, patenteada.<\/p>\r\n\r\n\r\n\r\n<h2 class=\"wp-block-heading\"><span class=\"ez-toc-section\" id=\"Conclusion\"><\/span>Conclus\u00e3o<span class=\"ez-toc-section-end\"><\/span><\/h2>\r\n\r\n\r\n\r\n<p>De acordo com Richard Kane, quando um cliente usa Verijet para procurar uma viagem privada, pode fornecer-lhe de imediato uma cota\u00e7\u00e3o e responder imediatamente ao seu pedido. A intelig\u00eancia artificial j\u00e1 verificou que tudo \u00e9 seguro, leg\u00edtimo, e entreg\u00e1vel, e o pre\u00e7o foi fixado em pedra. Devido a esta possibilidade, o voo privado est\u00e1 agora dispon\u00edvel para todos de uma forma que n\u00e3o era poss\u00edvel no passado.<\/p>","protected":false},"excerpt":{"rendered":"<p>A Verijet \u00e9 uma companhia a\u00e9rea inovadora que se distingue de outros fornecedores privados de jactos charter por uma s\u00e9rie de crit\u00e9rios, a maioria dos quais pode ser atribu\u00edda \u00e0 frota de jactos de vis\u00e3o Cirrus SF-50 da companhia. A empresa foi fundada em 2020, e os seus escrit\u00f3rios principais est\u00e3o localizados em Vero Beach, Florida. A empresa faz voos ...<\/p>","protected":false},"author":1,"featured_media":3564,"parent":0,"menu_order":0,"comment_status":"closed","ping_status":"closed","template":"","meta":{"_acf_changed":false,"_genesis_hide_title":false,"_genesis_hide_breadcrumbs":false,"_genesis_hide_singular_image":false,"_genesis_hide_footer_widgets":false,"_genesis_custom_body_class":"","_genesis_custom_post_class":"","_genesis_layout":"","footnotes":""},"class_list":{"1":"page","2":"type-page","6":"entry"},"acf":[],"_links":{"self":[{"href":"https:\/\/comparemyjet.com\/pt\/wp-json\/wp\/v2\/pages\/3559","targetHints":{"allow":["GET"]}}],"collection":[{"href":"https:\/\/comparemyjet.com\/pt\/wp-json\/wp\/v2\/pages"}],"about":[{"href":"https:\/\/comparemyjet.com\/pt\/wp-json\/wp\/v2\/types\/page"}],"author":[{"embeddable":true,"href":"https:\/\/comparemyjet.com\/pt\/wp-json\/wp\/v2\/users\/1"}],"replies":[{"embeddable":true,"href":"https:\/\/comparemyjet.com\/pt\/wp-json\/wp\/v2\/comments?post=3559"}],"version-history":[{"count":3,"href":"https:\/\/comparemyjet.com\/pt\/wp-json\/wp\/v2\/pages\/3559\/revisions"}],"predecessor-version":[{"id":9415,"href":"https:\/\/comparemyjet.com\/pt\/wp-json\/wp\/v2\/pages\/3559\/revisions\/9415"}],"wp:featuredmedia":[{"embeddable":true,"href":"https:\/\/comparemyjet.com\/pt\/wp-json\/wp\/v2\/media\/3564"}],"wp:attachment":[{"href":"https:\/\/comparemyjet.com\/pt\/wp-json\/wp\/v2\/media?parent=3559"}],"curies":[{"name":"wp","href":"https:\/\/api.w.org\/{rel}","templated":true}]}}