{"id":3697,"date":"2022-11-19T02:19:51","date_gmt":"2022-11-19T02:19:51","guid":{"rendered":"https:\/\/comparemyjet.com\/?page_id=3697"},"modified":"2025-09-04T10:03:16","modified_gmt":"2025-09-04T10:03:16","slug":"honda","status":"publish","type":"page","link":"https:\/\/comparemyjet.com\/pt\/honda\/","title":{"rendered":"Guia final para Honda Private Jets &amp; Aircraft"},"content":{"rendered":"<p>Honda Aircraft Company \u00e9 um fabricante de aeronaves que utiliza a mais recente tecnologia e inova\u00e7\u00e3o na avia\u00e7\u00e3o para produzir as suas bem conhecidas aeronaves HondaJet. O que come\u00e7ou como um projecto de investiga\u00e7\u00e3o em 1997 \u00e9 agora um produtor de jactos bem estabelecido e uma subsidi\u00e1ria totalmente detida pela Honda Motor.&nbsp;<\/p>\r\n\r\n\r\n\r\n<p>A sede da empresa encontra-se no Aeroporto Internacional da Tr\u00edade do Piemonte, em Greensboro, Carolina do Norte. Foi neste aeroporto que foi montado o primeiro prot\u00f3tipo da HondaJet, e onde foram realizados testes de voo.<\/p>\r\n\r\n\r\n\r\n<p>Vejamos como \u00e9 que a empresa se tornou.<\/p>\r\n\r\n\r\n\r\n<div id=\"ez-toc-container\" class=\"ez-toc-v2_0_76 counter-hierarchy ez-toc-counter ez-toc-grey ez-toc-container-direction\">\n<p class=\"ez-toc-title\" style=\"cursor:inherit\">T\u00f3picos<\/p>\n<label for=\"ez-toc-cssicon-toggle-item-69e4fc40d57f3\" class=\"ez-toc-cssicon-toggle-label\"><span class=\"\"><span class=\"eztoc-hide\" style=\"display:none;\">Alternar<\/span><span class=\"ez-toc-icon-toggle-span\"><svg style=\"fill: #999;color:#999\" xmlns=\"http:\/\/www.w3.org\/2000\/svg\" class=\"list-377408\" width=\"20px\" height=\"20px\" viewbox=\"0 0 24 24\" fill=\"none\"><path d=\"M6 6H4v2h2V6zm14 0H8v2h12V6zM4 11h2v2H4v-2zm16 0H8v2h12v-2zM4 16h2v2H4v-2zm16 0H8v2h12v-2z\" fill=\"currentColor\"><\/path><\/svg><svg style=\"fill: #999;color:#999\" class=\"arrow-unsorted-368013\" xmlns=\"http:\/\/www.w3.org\/2000\/svg\" width=\"10px\" height=\"10px\" viewbox=\"0 0 24 24\" version=\"1.2\" baseprofile=\"tiny\"><path d=\"M18.2 9.3l-6.2-6.3-6.2 6.3c-.2.2-.3.4-.3.7s.1.5.3.7c.2.2.4.3.7.3h11c.3 0 .5-.1.7-.3.2-.2.3-.5.3-.7s-.1-.5-.3-.7zM5.8 14.7l6.2 6.3 6.2-6.3c.2-.2.3-.5.3-.7s-.1-.5-.3-.7c-.2-.2-.4-.3-.7-.3h-11c-.3 0-.5.1-.7.3-.2.2-.3.5-.3.7s.1.5.3.7z\"\/><\/svg><\/span><\/span><\/label><input type=\"checkbox\"  id=\"ez-toc-cssicon-toggle-item-69e4fc40d57f3\" checked aria-label=\"Alternar\" \/><nav><ul class='ez-toc-list ez-toc-list-level-1' ><li class='ez-toc-page-1 ez-toc-heading-level-2'><a class=\"ez-toc-link ez-toc-heading-1\" href=\"https:\/\/comparemyjet.com\/pt\/honda\/#About_the_Company\" >Sobre a Empresa<\/a><\/li><li class='ez-toc-page-1 ez-toc-heading-level-2'><a class=\"ez-toc-link ez-toc-heading-2\" href=\"https:\/\/comparemyjet.com\/pt\/honda\/#Products_and_Services\" >Produtos e Servi\u00e7os&nbsp;<\/a><\/li><li class='ez-toc-page-1 ez-toc-heading-level-2'><a class=\"ez-toc-link ez-toc-heading-3\" href=\"https:\/\/comparemyjet.com\/pt\/honda\/#Aircraft_Types\" >Tipos de Aeronaves<\/a><ul class='ez-toc-list-level-3' ><li class='ez-toc-heading-level-3'><a class=\"ez-toc-link ez-toc-heading-4\" href=\"https:\/\/comparemyjet.com\/pt\/honda\/#Business_Aircraft\" >Avi\u00f5es de neg\u00f3cios<\/a><ul class='ez-toc-list-level-4' ><li class='ez-toc-heading-level-4'><a class=\"ez-toc-link ez-toc-heading-5\" href=\"https:\/\/comparemyjet.com\/pt\/honda\/#HondaJet_Classic\" >HondaJet Classic<\/a><\/li><li class='ez-toc-page-1 ez-toc-heading-level-4'><a class=\"ez-toc-link ez-toc-heading-6\" href=\"https:\/\/comparemyjet.com\/pt\/honda\/#HondaJet_APMG\" >HondaJet APMG<\/a><\/li><li class='ez-toc-page-1 ez-toc-heading-level-4'><a class=\"ez-toc-link ez-toc-heading-7\" href=\"https:\/\/comparemyjet.com\/pt\/honda\/#HondaJet_Elite_S\" >HondaJet Elite S<\/a><\/li><li class='ez-toc-page-1 ez-toc-heading-level-4'><a class=\"ez-toc-link ez-toc-heading-8\" href=\"https:\/\/comparemyjet.com\/pt\/honda\/#Hondajet_2600_Concept\" >Hondajet 2600 Concept<\/a><\/li><\/ul><\/li><li class='ez-toc-page-1 ez-toc-heading-level-3'><a class=\"ez-toc-link ez-toc-heading-9\" href=\"https:\/\/comparemyjet.com\/pt\/honda\/#Most_Famous_Aircraft_by_the_Company\" >Aeronaves mais famosas da Companhia<\/a><\/li><\/ul><\/li><li class='ez-toc-page-1 ez-toc-heading-level-2'><a class=\"ez-toc-link ez-toc-heading-10\" href=\"https:\/\/comparemyjet.com\/pt\/honda\/#Safety\" >Seguran\u00e7a&nbsp;<\/a><\/li><li class='ez-toc-page-1 ez-toc-heading-level-2'><a class=\"ez-toc-link ez-toc-heading-11\" href=\"https:\/\/comparemyjet.com\/pt\/honda\/#Sustainability\" >Sustentabilidade&nbsp;<\/a><\/li><li class='ez-toc-page-1 ez-toc-heading-level-2'><a class=\"ez-toc-link ez-toc-heading-12\" href=\"https:\/\/comparemyjet.com\/pt\/honda\/#Innovations\" >Inova\u00e7\u00f5es<\/a><\/li><li class='ez-toc-page-1 ez-toc-heading-level-2'><a class=\"ez-toc-link ez-toc-heading-13\" href=\"https:\/\/comparemyjet.com\/pt\/honda\/#Conclusion\" >Conclus\u00e3o<\/a><\/li><\/ul><\/nav><\/div>\n<h2 class=\"wp-block-heading\"><span class=\"ez-toc-section\" id=\"About_the_Company\"><\/span>Sobre a Empresa<span class=\"ez-toc-section-end\"><\/span><\/h2>\r\n\r\n\r\n\r\n<figure class=\"wp-block-image size-full is-style-default\"><img loading=\"lazy\" decoding=\"async\" width=\"1000\" height=\"667\" src=\"https:\/\/comparemyjet.com\/wp-content\/uploads\/2022\/11\/honda.logo_.jpg\" alt=\"Honda\" class=\"wp-image-3700\" srcset=\"https:\/\/comparemyjet.com\/wp-content\/uploads\/2022\/11\/honda.logo_-18x12.jpg 18w, https:\/\/comparemyjet.com\/wp-content\/uploads\/2022\/11\/honda.logo_-300x200.jpg 300w, https:\/\/comparemyjet.com\/wp-content\/uploads\/2022\/11\/honda.logo_-768x512.jpg 768w, https:\/\/comparemyjet.com\/wp-content\/uploads\/2022\/11\/honda.logo_.jpg 1000w\" sizes=\"auto, (max-width: 1000px) 100vw, 1000px\" \/><\/figure>\r\n\r\n\r\n\r\n<p>Hideto Yamasaki, o novo presidente e CEO da Honda Aircraft, assumiu o cargo a 1 de Abril de 2022, depois de Michimasa Fujino, o anterior presidente e presidente da Honda Aircraft, se ter reformado a 31 de Mar\u00e7o.&nbsp;<\/p>\r\n\r\n\r\n\r\n<p>No in\u00edcio do que mais tarde se tornaria Honda Aircraft, o talentoso engenheiro aeroespacial Michimasa Fujino foi o respons\u00e1vel pelo projecto de investiga\u00e7\u00e3o que teve in\u00edcio em 1986 nos EUA e que se centrou em avi\u00f5es ligeiros e motores a jacto, continuando em 1988 com o projecto de constru\u00e7\u00e3o. Em 1993 come\u00e7ou os testes de voo do MH-02, o projecto Michimasa Fujino - um jacto executivo inicial totalmente composto. A Honda acabou por interromper o esfor\u00e7o em 1996 devido a uma crise monet\u00e1ria no Jap\u00e3o.<\/p>\r\n\r\n\r\n\r\n<p>O ano de 1997 marcou o in\u00edcio do desenvolvimento da HondaJet. A 3 de Dezembro de 2003, o prot\u00f3tipo da HondaJet ascendeu aos c\u00e9us pela primeira vez, alimentado por dois motores turbofan concebidos e fabricados pela Honda. Em 9 de Dezembro de 2015, a FAA concedeu a certifica\u00e7\u00e3o \u00e0 HondaJet depois de esta ter estado em desenvolvimento durante muitos anos e de ter colaborado com a GE Aviation na cria\u00e7\u00e3o do motor HF120.<\/p>\r\n\r\n\r\n\r\n<p>A HondaJet fez a sua primeira apari\u00e7\u00e3o p\u00fablica na EAA AirVenture Oshkosh em 2005. No ano seguinte, a Honda Aircraft foi formalmente criada, sendo Fujino o CEO da empresa. Durante a confer\u00eancia da National Business Aviation Association em 2006, a empresa come\u00e7ou a aceitar encomendas e rapidamente reservou mais de uma centena de entregas. Este foi o ano em que a empresa foi criada como uma subsidi\u00e1ria totalmente detida pela Honda Motor.<\/p>\r\n\r\n\r\n\r\n<p>O fabrico do HA-420 HondaJets come\u00e7ou em 2012, na f\u00e1brica constru\u00edda para o efeito em Greensboro, Carolina do Norte. Posteriormente, em 2013, o motor turbofan HF120 recebeu a certifica\u00e7\u00e3o da FAA e, em 2014, teve lugar o voo inaugural de uma vers\u00e3o de produ\u00e7\u00e3o. 2018 <a href=\"https:\/\/comparemyjet.com\/pt\/hotels\/saw-hotels\/\" data-internallinksmanager029f6b8e52c=\"513\" title=\"11 melhores hot\u00e9is perto do Aeroporto Internacional Sabiha G\u00f6k\u00e7en\">serra<\/a> o lan\u00e7amento do HondaJet Elite, uma vers\u00e3o melhorada do HA-420.<\/p>\r\n\r\n\r\n\r\n<p>Em 2017 e 2018, a Elite foi o jacto ligeiro que a Honda forneceu mais a n\u00edvel mundial.<\/p>\r\n\r\n\r\n\r\n<p>Desde ent\u00e3o, o jacto tem sofrido melhorias consistentes, aumentando o alcance entre outras melhorias. Al\u00e9m disso, a Honda Aircraft aumentou a capacidade de produ\u00e7\u00e3o nas suas instala\u00e7\u00f5es em Greensboro, Carolina do Norte, e a empresa produz actualmente a maior parte da fuselagem e das asas. A HondaJet Elite S \u00e9 o modelo mais recente dispon\u00edvel.<\/p>\r\n\r\n\r\n\r\n<h2 class=\"wp-block-heading\"><span class=\"ez-toc-section\" id=\"Products_and_Services\"><\/span>Produtos e Servi\u00e7os&nbsp;<span class=\"ez-toc-section-end\"><\/span><\/h2>\r\n\r\n\r\n\r\n<p>Honda Aircraft confirmou recentemente a expans\u00e3o do sistema de servi\u00e7o ao cliente HondaJet com quatro novos locais localizados em HondaJet:&nbsp;<\/p>\r\n\r\n\r\n\r\n<ul class=\"wp-block-list\">\r\n<li>Selangor, Mal\u00e1sia&nbsp;<\/li>\r\n\r\n\r\n\r\n<li>Bournemouth, Reino Unido&nbsp;<\/li>\r\n\r\n\r\n\r\n<li><a href=\"https:\/\/comparemyjet.com\/pt\/visitas-privadas\/portland-private-tours\/\" data-internallinksmanager029f6b8e52c=\"432\" title=\"11 melhores excurs\u00f5es privadas em Portland a partir de $48.00\">Portland<\/a>, Oregon&nbsp;<\/li>\r\n\r\n\r\n\r\n<li>e <a href=\"https:\/\/comparemyjet.com\/pt\/visitas-privadas\/sacramento-private-tours\/\" data-internallinksmanager029f6b8e52c=\"434\" title=\"11 melhores excurs\u00f5es privadas a Sacramento a partir de $7.99\">Sacramento<\/a>, Calif\u00f3rnia&nbsp;<\/li>\r\n<\/ul>\r\n\r\n\r\n\r\n<p>Isto eleva o n\u00famero total de localiza\u00e7\u00f5es na rede de servi\u00e7o ao cliente da HondaJet para 21 em todo o mundo e 12 na Am\u00e9rica do Norte. O primeiro escrit\u00f3rio da empresa no Sudeste Asi\u00e1tico est\u00e1 actualmente localizado na Mal\u00e1sia.&nbsp;<\/p>\r\n\r\n\r\n\r\n<h2 class=\"wp-block-heading\"><span class=\"ez-toc-section\" id=\"Aircraft_Types\"><\/span>Tipos de Aeronaves<span class=\"ez-toc-section-end\"><\/span><\/h2>\r\n\r\n\r\n\r\n<figure class=\"wp-block-image size-full is-style-default\"><img loading=\"lazy\" decoding=\"async\" width=\"1000\" height=\"714\" src=\"https:\/\/comparemyjet.com\/wp-content\/uploads\/2022\/11\/honda.jet_.jpg\" alt=\"\" class=\"wp-image-3699\" srcset=\"https:\/\/comparemyjet.com\/wp-content\/uploads\/2022\/11\/honda.jet_-18x12.jpg 18w, https:\/\/comparemyjet.com\/wp-content\/uploads\/2022\/11\/honda.jet_-300x214.jpg 300w, https:\/\/comparemyjet.com\/wp-content\/uploads\/2022\/11\/honda.jet_-768x548.jpg 768w, https:\/\/comparemyjet.com\/wp-content\/uploads\/2022\/11\/honda.jet_.jpg 1000w\" sizes=\"auto, (max-width: 1000px) 100vw, 1000px\" \/><\/figure>\r\n\r\n\r\n\r\n<h3 class=\"wp-block-heading\"><span class=\"ez-toc-section\" id=\"Business_Aircraft\"><\/span>Avi\u00f5es de neg\u00f3cios<span class=\"ez-toc-section-end\"><\/span><\/h3>\r\n\r\n\r\n\r\n<h4 class=\"wp-block-heading\"><span class=\"ez-toc-section\" id=\"HondaJet_Classic\"><\/span>HondaJet Classic<span class=\"ez-toc-section-end\"><\/span><\/h4>\r\n\r\n\r\n\r\n<p>O primeiro HondaJet \u00e9 um jacto muito leve respons\u00e1vel por v\u00e1rias estreias na ind\u00fastria da avia\u00e7\u00e3o.<\/p>\r\n\r\n\r\n\r\n<p>A montagem por cima da asa resulta de uma investiga\u00e7\u00e3o e desenvolvimento rigorosos por parte da Honda, o que levou \u00e0 sua concep\u00e7\u00e3o e valida\u00e7\u00e3o. Esta tecnologia de ponta permite avan\u00e7os l\u00edderes de categoria, tais como uma cabina mais silenciosa e espa\u00e7osa e uma maior economia de combust\u00edvel.<\/p>\r\n\r\n\r\n\r\n<p>Esta solu\u00e7\u00e3o t\u00e9cnica inovadora conduz a uma velocidade de cruzeiro r\u00e1pida e a uma maior efici\u00eancia na utiliza\u00e7\u00e3o de gasolina. A fuselagem da HondaJet \u00e9 feita de material composto leve, em contraste com o alum\u00ednio utilizado na constru\u00e7\u00e3o da maioria dos jactos.&nbsp;<\/p>\r\n\r\n\r\n\r\n<p>Especifica\u00e7\u00f5es:<\/p>\r\n\r\n\r\n\r\n<ul class=\"wp-block-list\">\r\n<li>Comprimento total: 42 p\u00e9s e 6 polegadas;<\/li>\r\n\r\n\r\n\r\n<li>Altura exterior: 14 p\u00e9s 9 in;<\/li>\r\n\r\n\r\n\r\n<li>V\u00e3o de asa: 39 p\u00e9s 8 polegadas;<\/li>\r\n\r\n\r\n\r\n<li>Altura da cabine: 4 p\u00e9s 8 in;<\/li>\r\n\r\n\r\n\r\n<li>Comprimento da cabina: 12 p\u00e9s 1 in;<\/li>\r\n\r\n\r\n\r\n<li>Largura da cabina: 5ft<\/li>\r\n\r\n\r\n\r\n<li>Alcance de voo: 1,223 nm;<\/li>\r\n\r\n\r\n\r\n<li>Espa\u00e7o de bagagem: 66 cu ft;<\/li>\r\n\r\n\r\n\r\n<li>Velocidade m\u00e1xima de cruzeiro: 422 ktas.<\/li>\r\n<\/ul>\r\n\r\n\r\n\r\n<h4 class=\"wp-block-heading\"><span class=\"ez-toc-section\" id=\"HondaJet_APMG\"><\/span>HondaJet APMG<span class=\"ez-toc-section-end\"><\/span><\/h4>\r\n\r\n\r\n\r\n<p>Honda tem um foco intransigente na efic\u00e1cia e um esfor\u00e7o persistente para desvendar os avan\u00e7os atrav\u00e9s da estrutura, fabrica\u00e7\u00e3o e inova\u00e7\u00e3o. Esta \u00e9 uma das raz\u00f5es pelas quais \u00e9 t\u00e3o bem sucedida. A mais recente realiza\u00e7\u00e3o trazida por este esfor\u00e7o \u00e9 a HondaJet APMG. Devido ao seu menor comprimento do campo de descolagem, a HondaJet APMG proporciona aos passageiros um melhor acesso ao aeroporto em v\u00e1rios cen\u00e1rios.<\/p>\r\n\r\n\r\n\r\n<p>Especifica\u00e7\u00f5es:<\/p>\r\n\r\n\r\n\r\n<ul class=\"wp-block-list\">\r\n<li>Passageiros: 6;<\/li>\r\n\r\n\r\n\r\n<li>Comprimento total: 41 p\u00e9s;<\/li>\r\n\r\n\r\n\r\n<li>Extremidade das asas: 40 p\u00e9s 1 in;<\/li>\r\n\r\n\r\n\r\n<li>Altura exterior: 13 p\u00e9s 1 in;<\/li>\r\n\r\n\r\n\r\n<li>Comprimento da cabina: 15 p\u00e9s 1 in;<\/li>\r\n\r\n\r\n\r\n<li>Largura da cabine: 4 p\u00e9s 11 in;<\/li>\r\n\r\n\r\n\r\n<li>Altura da cabine: 4 p\u00e9s 11 in;<\/li>\r\n\r\n\r\n\r\n<li>Velocidade m\u00e1xima de cruzeiro: 485 milhas;<\/li>\r\n\r\n\r\n\r\n<li>Alcance de voo: 1404 milhas;<\/li>\r\n\r\n\r\n\r\n<li>Tripula\u00e7\u00e3o: 1-2.<\/li>\r\n<\/ul>\r\n\r\n\r\n\r\n<h4 class=\"wp-block-heading\"><span class=\"ez-toc-section\" id=\"HondaJet_Elite_S\"><\/span>HondaJet Elite S<span class=\"ez-toc-section-end\"><\/span><\/h4>\r\n\r\n\r\n\r\n<p>A Elite S \u00e9 um membro da categoria de jactos ligeiros e tem uma gama de carga alargada e tecnologia melhorada, o que refor\u00e7a a capacidade operacional da aeronave.&nbsp;<\/p>\r\n\r\n\r\n\r\n<p>HondaJet Elite S estabelece a refer\u00eancia para o jacto de luz mais sofisticado tecnologicamente do mundo. Ultrapassa todas as outras aeronaves da sua categoria em termos de desempenho, devido \u00e0s inova\u00e7\u00f5es pioneiras na avia\u00e7\u00e3o que foram desenvolvidas e apresentadas pela Honda Aircraft.<\/p>\r\n\r\n\r\n\r\n<p>As melhorias proporcionadas pela Honda Aircraft permitem que a HondaJet Elite S tenha a cabine mais extensa na sua categoria, um lavat\u00f3rio privado, e um ambiente que os passageiros podem controlar atrav\u00e9s de um smartphone.&nbsp;<\/p>\r\n\r\n\r\n\r\n<p>Especifica\u00e7\u00f5es:<\/p>\r\n\r\n\r\n\r\n<ul class=\"wp-block-list\">\r\n<li>Passageiros: 8 a 10;<\/li>\r\n\r\n\r\n\r\n<li>Altura exterior: 14 p\u00e9s 11 in;<\/li>\r\n\r\n\r\n\r\n<li>Comprimento total: 42 p\u00e9s 7 in;<\/li>\r\n\r\n\r\n\r\n<li>V\u00e3o de asa: 39 p\u00e9s 9 polegadas;<\/li>\r\n\r\n\r\n\r\n<li>Largura da cabine: 5 p\u00e9s 1 in;<\/li>\r\n\r\n\r\n\r\n<li>Altura da cabine: 4 p\u00e9s 11 in;<\/li>\r\n\r\n\r\n\r\n<li>Comprimento da cabina: 17 p\u00e9s 10 in;<\/li>\r\n\r\n\r\n\r\n<li>Espa\u00e7o de bagagem externa: 60 cu ft;<\/li>\r\n\r\n\r\n\r\n<li>Espa\u00e7o interno de bagagem: 10 cu ft;<\/li>\r\n\r\n\r\n\r\n<li>Alcance m\u00e1ximo de voo: 1437 nm;<\/li>\r\n\r\n\r\n\r\n<li>Velocidade m\u00e1xima de cruzeiro: 422 kts;<\/li>\r\n\r\n\r\n\r\n<li>Tripula\u00e7\u00e3o: 1.<\/li>\r\n<\/ul>\r\n\r\n\r\n\r\n<h4 class=\"wp-block-heading\"><span class=\"ez-toc-section\" id=\"Hondajet_2600_Concept\"><\/span>Hondajet 2600 Concept<span class=\"ez-toc-section-end\"><\/span><\/h4>\r\n\r\n\r\n\r\n<p>A Honda Aircraft Company criou a <a href=\"https:\/\/www.hondajet.com\/en\/Products\/HondaJet-2600-Concept\" target=\"_blank\" rel=\"noopener\">HondaJet 2600 Concept<\/a> para enfrentar os desafios que a ind\u00fastria aeron\u00e1utica tem pela frente. A HondaJet 2600 pode fazer viagens transcontinentais cont\u00ednuas atrav\u00e9s dos Estados Unidos, gra\u00e7as ao desenvolvimento de tecnologia de avia\u00e7\u00e3o inovadora. Para al\u00e9m de oferecer acomoda\u00e7\u00f5es confort\u00e1veis e uma generosa quantidade de espa\u00e7o de armazenamento para equipamento de viagem, a cabine tamb\u00e9m atinge um n\u00edvel incompar\u00e1vel de economia de combust\u00edvel.<\/p>\r\n\r\n\r\n\r\n<p>O interior da cabina \u00e9 modular e altamente adapt\u00e1vel, constru\u00eddo para acomodar as necessidades de v\u00e1rios clientes.&nbsp;<\/p>\r\n\r\n\r\n\r\n<p>Honda continua a inovar o HondaJet 2600, mostrado pela primeira vez em 2021 <a href=\"https:\/\/ebace.aero\/2022\/\" target=\"_blank\" rel=\"noopener\">Conven\u00e7\u00e3o e Exposi\u00e7\u00e3o da Avia\u00e7\u00e3o de Neg\u00f3cios<\/a> acolhido pela <a href=\"https:\/\/nbaa.org\/\" target=\"_blank\" rel=\"noopener\">Associa\u00e7\u00e3o Nacional da Avia\u00e7\u00e3o de Neg\u00f3cios<\/a>. As melhorias de concep\u00e7\u00e3o ajudaram a simplificar os sistemas, resultando num menor peso da aeronave, numa melhor fiabilidade e numa manuten\u00e7\u00e3o mais f\u00e1cil ao longo da sua vida \u00fatil.<\/p>\r\n\r\n\r\n\r\n<p>Especifica\u00e7\u00f5es:<\/p>\r\n\r\n\r\n\r\n<ul class=\"wp-block-list\">\r\n<li>Passageiros: 9 a 10;<\/li>\r\n\r\n\r\n\r\n<li>Comprimento total 57 p\u00e9s e 8 polegadas;<\/li>\r\n\r\n\r\n\r\n<li>V\u00e3o de asa de 56 p\u00e9s 7 polegadas;<\/li>\r\n\r\n\r\n\r\n<li>Altura exterior 15 p\u00e9s 9 in;<\/li>\r\n\r\n\r\n\r\n<li>Comprimento da cabine 25 p\u00e9s 4 polegadas;<\/li>\r\n\r\n\r\n\r\n<li>Largura da cabina 5 p\u00e9s;<\/li>\r\n\r\n\r\n\r\n<li>Altura da cabine 5 p\u00e9s 2 in;<\/li>\r\n\r\n\r\n\r\n<li>Velocidade m\u00e1xima de cruzeiro: 450 kts;<\/li>\r\n\r\n\r\n\r\n<li>Alcance m\u00e1ximo de voo: 2625 nm;<\/li>\r\n\r\n\r\n\r\n<li>Espa\u00e7o de bagagem: 120 cu ft;<\/li>\r\n\r\n\r\n\r\n<li>Tripula\u00e7\u00e3o: 1.<\/li>\r\n<\/ul>\r\n\r\n\r\n\r\n<h3 class=\"wp-block-heading\"><span class=\"ez-toc-section\" id=\"Most_Famous_Aircraft_by_the_Company\"><\/span>Aeronaves mais famosas da Companhia<span class=\"ez-toc-section-end\"><\/span><\/h3>\r\n\r\n\r\n\r\n<p>A HondaJet Elite S \u00e9 o jacto comercial ligeiro mais sofisticado do mundo devido \u00e0s suas inova\u00e7\u00f5es de ponta, que lhe permitem ultrapassar todas as outras aeronaves da sua categoria. Sobe e mant\u00e9m a velocidade mais rapidamente, sobe mais alto, tem mais espa\u00e7o, produz menos ru\u00eddo, e consome menos combust\u00edvel em geral.<\/p>\r\n\r\n\r\n\r\n<h2 class=\"wp-block-heading\"><span class=\"ez-toc-section\" id=\"Safety\"><\/span>Seguran\u00e7a&nbsp;<span class=\"ez-toc-section-end\"><\/span><\/h2>\r\n\r\n\r\n\r\n<p>Em Junho de 2022, a Honda Aircraft Company e <a href=\"https:\/\/www.flightsafety.com\/\" target=\"_blank\" rel=\"noopener\">FlightSafety International<\/a> anunciaram uma renova\u00e7\u00e3o por 25 anos do seu actual acordo de 15 anos. Esta prorroga\u00e7\u00e3o garantir\u00e1 que as duas empresas retomar\u00e3o os seus esfor\u00e7os colaborativos e criativos at\u00e9 2047. O acordo expande um esfor\u00e7o conjunto combinando ambas as empresas para oferecer forma\u00e7\u00e3o aos operadores e propriet\u00e1rios da HondaJet do mais alto padr\u00e3o de seguran\u00e7a poss\u00edvel, estabelecendo simultaneamente um compromisso robusto e a longo prazo.<\/p>\r\n\r\n\r\n\r\n<h2 class=\"wp-block-heading\"><span class=\"ez-toc-section\" id=\"Sustainability\"><\/span>Sustentabilidade&nbsp;<span class=\"ez-toc-section-end\"><\/span><\/h2>\r\n\r\n\r\n\r\n<p>Preven\u00e7\u00e3o da polui\u00e7\u00e3o e equidade colectiva s\u00e3o duas \u00e1reas nas quais a Honda Aircraft Company estabelece uma nova refer\u00eancia na ind\u00fastria da avia\u00e7\u00e3o de neg\u00f3cios. Utilizam tecnologias criadas pela sua empresa-m\u00e3e para melhorar as caracter\u00edsticas da aeronave e, consequentemente, aumentar a efici\u00eancia do combust\u00edvel. Cada jacto da Honda produz menos emiss\u00f5es de di\u00f3xido de carbono sem comprometer a funcionalidade. A Honda s\u00f3 teria conseguido estes avan\u00e7os com a sua equipa global de colaboradores de mais de vinte na\u00e7\u00f5es em conjunto.<\/p>\r\n\r\n\r\n\r\n<p>A Honda fabrica mais do que apenas avi\u00f5es com baixo consumo de combust\u00edvel. Tanto o <a href=\"https:\/\/global.honda\/sustainability\/environment\/blue-skies-for-our-children.html\" target=\"_blank\" rel=\"noopener\">C\u00e9us azuis para os nossos filhos<\/a> projecto e os seus <a href=\"https:\/\/hondanews.com\/en-US\/releases\/honda-leads-all-automakers-with-eleven-leed-certified-green-buildings-in-north-america\" target=\"_blank\" rel=\"noopener\">Sede corporativa com certifica\u00e7\u00e3o LEED Gold<\/a> s\u00e3o exemplos de como eles trabalham activamente para reduzir o impacto ambiental da empresa.<\/p>\r\n\r\n\r\n\r\n<h2 class=\"wp-block-heading\"><span class=\"ez-toc-section\" id=\"Innovations\"><\/span>Inova\u00e7\u00f5es<span class=\"ez-toc-section-end\"><\/span><\/h2>\r\n\r\n\r\n\r\n<figure class=\"wp-block-image size-full is-style-default\"><img loading=\"lazy\" decoding=\"async\" width=\"1000\" height=\"667\" src=\"https:\/\/comparemyjet.com\/wp-content\/uploads\/2022\/11\/pilot.and_.honda_.jet_.jpg\" alt=\"\" class=\"wp-image-3701\" srcset=\"https:\/\/comparemyjet.com\/wp-content\/uploads\/2022\/11\/pilot.and_.honda_.jet_-18x12.jpg 18w, https:\/\/comparemyjet.com\/wp-content\/uploads\/2022\/11\/pilot.and_.honda_.jet_-300x200.jpg 300w, https:\/\/comparemyjet.com\/wp-content\/uploads\/2022\/11\/pilot.and_.honda_.jet_-768x512.jpg 768w, https:\/\/comparemyjet.com\/wp-content\/uploads\/2022\/11\/pilot.and_.honda_.jet_.jpg 1000w\" sizes=\"auto, (max-width: 1000px) 100vw, 1000px\" \/><\/figure>\r\n\r\n\r\n\r\n<p>A 20 de Outubro de 2022, a empresa introduziu a \"HondaJet Elite II\". Trata-se de uma aeronave recentemente melhorada que ostenta uma variedade de melhoramentos essenciais, tanto em termos de conveni\u00eancia como de desempenho. Al\u00e9m disso, a empresa anunciou o lan\u00e7amento de uma nova tecnologia de automa\u00e7\u00e3o.<\/p>\r\n\r\n\r\n\r\n<p>A HondaJet Elite II destina-se a ser o voo mais r\u00e1pido e mais distante na sua categoria de jactos ligeiros ao atingir um n\u00edvel de resist\u00eancia inteiramente novo. Esta conquista foi poss\u00edvel gra\u00e7as \u00e0 procura de inova\u00e7\u00e3o por parte da Honda. Como resultado do aumento do alcance de voo do Elite II de 1.547 milhas n\u00e1uticas, a HondaJet pode agora cobrir um maior n\u00famero de locais. As melhorias de desempenho s\u00e3o conclu\u00eddas com a instala\u00e7\u00e3o de estabilizadores de solo, o que optimiza o desempenho da \u00e1rea de aterragem e descolagem.<\/p>\r\n\r\n\r\n\r\n<p>A HondaJet est\u00e1 equipada com uma s\u00e9rie de avan\u00e7os tecnol\u00f3gicos que lhe permitem alcan\u00e7ar uma velocidade de cruzeiro significativamente maior, mais cabina e espa\u00e7o de bagagem, e uma efici\u00eancia de combust\u00edvel significativamente melhor do que as aeronaves convencionais na sua categoria.&nbsp;<\/p>\r\n\r\n\r\n\r\n<p>As principais tecnologias HondaJet incluem:<\/p>\r\n\r\n\r\n\r\n<ul class=\"wp-block-list\">\r\n<li>posi\u00e7\u00e3o patenteada de montagem de motor sobre a asa,&nbsp;<\/li>\r\n\r\n\r\n\r\n<li>uma asa de fluxo laminar natural (NLF) e um nariz de fuselagem,&nbsp;<\/li>\r\n\r\n\r\n\r\n<li>e uma constru\u00e7\u00e3o de fuselagem totalmente composta.&nbsp;<\/li>\r\n<\/ul>\r\n\r\n\r\n\r\n<p>Estes avan\u00e7os s\u00e3o o culminar de 20 anos de investiga\u00e7\u00e3o aeron\u00e1utica.<\/p>\r\n\r\n\r\n\r\n<p>Juntamente com a declara\u00e7\u00e3o de que iria embarcar numa estrada rumo \u00e0 automatiza\u00e7\u00e3o, a Honda Aircraft Company planeia tamb\u00e9m lan\u00e7ar a Autothrottle e a Emergency Autoland antes do ano 2023 se aproximar. Esta direc\u00e7\u00e3o resume o esfor\u00e7o em curso para melhorar a HondaJet atrav\u00e9s da automatiza\u00e7\u00e3o, actualiza\u00e7\u00e3o, e avan\u00e7os relacionados com a seguran\u00e7a.&nbsp;<\/p>\r\n\r\n\r\n\r\n<h2 class=\"wp-block-heading\"><span class=\"ez-toc-section\" id=\"Conclusion\"><\/span>Conclus\u00e3o<span class=\"ez-toc-section-end\"><\/span><\/h2>\r\n\r\n\r\n\r\n<p>A companhia Honda cria avi\u00f5es utilizando a mais avan\u00e7ada tecnologia de avia\u00e7\u00e3o com o objectivo de revolucionar as viagens. Cada HondaJet utiliza tecnologia moderna para preencher v\u00e1rios requisitos para propriet\u00e1rios e empresas, evacua\u00e7\u00e3o m\u00e9dica, e outras opera\u00e7\u00f5es cr\u00edticas. A Honda est\u00e1 a tornar as vantagens dos voos privados mais acess\u00edveis a um p\u00fablico maior, desenvolvendo aeronaves r\u00e1pidas, seguras e econ\u00f3micas.<\/p>","protected":false},"excerpt":{"rendered":"<p>Honda Aircraft Company \u00e9 um fabricante de aeronaves que utiliza a mais recente tecnologia e inova\u00e7\u00e3o na avia\u00e7\u00e3o para produzir as suas bem conhecidas aeronaves HondaJet. O que come\u00e7ou como um projecto de investiga\u00e7\u00e3o em 1997 \u00e9 agora um produtor de jactos bem estabelecido e uma subsidi\u00e1ria totalmente detida pela Honda Motor.  A sede da empresa situa-se no Aeroporto Internacional de Piedmont Triad, em Greensboro, Norte ...<\/p>","protected":false},"author":2,"featured_media":3698,"parent":0,"menu_order":0,"comment_status":"closed","ping_status":"closed","template":"","meta":{"_acf_changed":false,"_genesis_hide_title":false,"_genesis_hide_breadcrumbs":false,"_genesis_hide_singular_image":false,"_genesis_hide_footer_widgets":false,"_genesis_custom_body_class":"","_genesis_custom_post_class":"","_genesis_layout":"","footnotes":""},"class_list":{"1":"page","2":"type-page","6":"entry"},"acf":[],"_links":{"self":[{"href":"https:\/\/comparemyjet.com\/pt\/wp-json\/wp\/v2\/pages\/3697","targetHints":{"allow":["GET"]}}],"collection":[{"href":"https:\/\/comparemyjet.com\/pt\/wp-json\/wp\/v2\/pages"}],"about":[{"href":"https:\/\/comparemyjet.com\/pt\/wp-json\/wp\/v2\/types\/page"}],"author":[{"embeddable":true,"href":"https:\/\/comparemyjet.com\/pt\/wp-json\/wp\/v2\/users\/2"}],"replies":[{"embeddable":true,"href":"https:\/\/comparemyjet.com\/pt\/wp-json\/wp\/v2\/comments?post=3697"}],"version-history":[{"count":3,"href":"https:\/\/comparemyjet.com\/pt\/wp-json\/wp\/v2\/pages\/3697\/revisions"}],"predecessor-version":[{"id":3772,"href":"https:\/\/comparemyjet.com\/pt\/wp-json\/wp\/v2\/pages\/3697\/revisions\/3772"}],"wp:featuredmedia":[{"embeddable":true,"href":"https:\/\/comparemyjet.com\/pt\/wp-json\/wp\/v2\/media\/3698"}],"wp:attachment":[{"href":"https:\/\/comparemyjet.com\/pt\/wp-json\/wp\/v2\/media?parent=3697"}],"curies":[{"name":"wp","href":"https:\/\/api.w.org\/{rel}","templated":true}]}}