{"id":2034,"date":"2021-08-25T22:04:02","date_gmt":"2021-08-25T22:04:02","guid":{"rendered":"https:\/\/comparemyjet.com\/?page_id=2034"},"modified":"2025-09-04T09:58:23","modified_gmt":"2025-09-04T09:58:23","slug":"how-to-buy-a-private-jet","status":"publish","type":"page","link":"https:\/\/comparemyjet.com\/pt_br\/how-to-buy-a-private-jet\/","title":{"rendered":"Como comprar um jato particular"},"content":{"rendered":"<p>Ent\u00e3o, voc\u00ea j\u00e1 voa em particular h\u00e1 algum tempo. Alugar ou fretar jatos particulares para voc\u00ea e sua tripula\u00e7\u00e3o de viagem e reservar assentos de \u00faltima hora em v\u00f4os compartilhados de 30 pessoas s\u00e3o todas boas op\u00e7\u00f5es, mas quando voc\u00ea esmaga os n\u00fameros, voc\u00ea acaba se perguntando - por que n\u00e3o possuir meu avi\u00e3o particular?<\/p>\r\n\r\n\r\n\r\n<p>Segundo os especialistas, uma vez que voc\u00ea come\u00e7a a passar mais de 200 horas no ar por ano, \u00e9 um bom momento para considerar a possibilidade de adquirir seu pr\u00f3prio jato.<\/p>\r\n\r\n\r\n\r\n<p>E embora seja um enorme investimento \u00fanico, na verdade \u00e9 bastante realista que ele se pagar\u00e1 por si mesmo no final.<\/p>\r\n\r\n\r\n\r\n<p>Se voc\u00ea n\u00e3o \u00e9 um estranho gastar dezenas de milhares de d\u00f3lares em um \u00fanico v\u00f4o, ent\u00e3o comprar um jato de v\u00e1rios milh\u00f5es de d\u00f3lares apenas para seu pr\u00f3prio conforto de v\u00f4o deve estar em sua lista de possibilidades.<\/p>\r\n\r\n\r\n\r\n<p>Desde que o <a href=\"https:\/\/www.barrons.com\/articles\/SB123992033953526967\" target=\"_blank\" rel=\"noreferrer noopener nofollow\">Recess\u00e3o de 2008<\/a>e uma queda nos pre\u00e7os em 2009, n\u00e3o houve um momento melhor para comprar um avi\u00e3o privado. A pandemia tornou os jatos particulares mais atraentes e mais facilmente dispon\u00edveis do que nunca, tanto em termos de alugu\u00e9is para v\u00f4os de vez em quando, quanto para a compra de um jato particular inteiro.<\/p>\r\n\r\n\r\n\r\n<p>De acordo com as empresas de venda de aeronaves, tais como <a href=\"https:\/\/www.jetcraft.com\/\" target=\"_blank\" rel=\"noreferrer noopener nofollow\">Jetcraft<\/a>Os novos e jovens milion\u00e1rios interessados em adquirir jatos particulares est\u00e3o se voltando cada vez mais para a \"segunda m\u00e3o\", ou avi\u00f5es de segunda m\u00e3o. Eles s\u00e3o mais r\u00e1pidos para comprar e entregar, e muitas vezes em excelente forma.<\/p>\r\n\r\n\r\n\r\n<p>No entanto, a tripula\u00e7\u00e3o mais velha e mais experiente parece preferir produtos voadores novos e acabados de fazer.<\/p>\r\n\r\n\r\n\r\n<p>Em que equipe voc\u00ea est\u00e1?<\/p>\r\n\r\n\r\n\r\n<div class=\"wp-block-image\"><figure class=\"aligncenter size-full\"><img loading=\"lazy\" decoding=\"async\" width=\"910\" height=\"607\" src=\"https:\/\/comparemyjet.com\/wp-content\/uploads\/2021\/08\/How-To-Buy-a-Private-Jet-2.jpg\" alt=\"homem saindo do jato privado\" class=\"wp-image-2036\" srcset=\"https:\/\/comparemyjet.com\/wp-content\/uploads\/2021\/08\/How-To-Buy-a-Private-Jet-2-300x200.jpg 300w, https:\/\/comparemyjet.com\/wp-content\/uploads\/2021\/08\/How-To-Buy-a-Private-Jet-2-768x512.jpg 768w, https:\/\/comparemyjet.com\/wp-content\/uploads\/2021\/08\/How-To-Buy-a-Private-Jet-2.jpg 910w\" sizes=\"auto, (max-width: 910px) 100vw, 910px\" \/><\/figure><\/div>\r\n\r\n\r\n\r\n<h2 class=\"wp-block-heading\">Dando a voc\u00ea uma cabe\u00e7a...<\/h2>\r\n\r\n\r\n\r\n<p>Independentemente de qu\u00e3o experiente voc\u00ea seja um empres\u00e1rio, <strong>n\u00e3o se meta nisto sozinho<\/strong>. H\u00e1 uma boa raz\u00e3o pela qual existem empresas especiais empenhadas em facilitar o processo de compra e regulamenta\u00e7\u00e3o de seu jato particular como possess\u00e3o. A menos que voc\u00ea mesmo seja um especialista no assunto, recomendamos fortemente que permita que os especialistas se certifiquem de que tudo esteja acima do esperado para voc\u00ea. H\u00e1 tantas coisas que podem dar errado.<\/p>\r\n\r\n\r\n\r\n<p>Estas empresas tamb\u00e9m podem lhe dar bons conselhos sobre o tipo de avi\u00e3o que melhor se adapta \u00e0s suas necessidades de v\u00f4o e ao seu poder de compra.&nbsp;<\/p>\r\n\r\n\r\n\r\n<p>Al\u00e9m disso, tenha em mente que voc\u00ea n\u00e3o tem que ser dono do jato completamente. H\u00e1 outras op\u00e7\u00f5es que chegam bem perto, tais como <a href=\"https:\/\/www.investopedia.com\/terms\/f\/fractionalownership.asp\" target=\"_blank\" rel=\"noreferrer noopener nofollow\">propriedade fracion\u00e1ria<\/a>ou <a href=\"https:\/\/www.sherpareport.com\/aircraft\/aircraft-overview\/charter-cards.html\" target=\"_blank\" rel=\"noreferrer noopener nofollow\">cart\u00f5es de s\u00f3cio do jet club<\/a> que lhe d\u00e3o toneladas de op\u00e7\u00f5es quando se trata de voar.<\/p>\r\n\r\n\r\n\r\n<p>Os cart\u00f5es de s\u00f3cio do Jet Club est\u00e3o sendo vendidos por uma s\u00e9rie de empresas, cada uma oferecendo condi\u00e7\u00f5es diferentes. <a href=\"https:\/\/www.vistajet.com\/en-gb\/stories\/private-jet-card\/\" target=\"_blank\" rel=\"noreferrer noopener nofollow\">Vista Jet,<\/a> <a href=\"https:\/\/www.jetlinx.com\/jet-card\/\" target=\"_blank\" rel=\"noreferrer noopener nofollow\">Jet Linx<\/a>, <a href=\"https:\/\/jettly.com\/become_a_member\" target=\"_blank\" rel=\"noreferrer noopener nofollow\">Jettly<\/a>, <a href=\"https:\/\/www.wholesalejetclub.com\/\" target=\"_blank\" rel=\"noreferrer noopener nofollow\">Clube de jatos de venda integral<\/a>, <a href=\"https:\/\/www.airpartner.com\/en\/private-jets\/jetcard\/\" target=\"_blank\" rel=\"noreferrer noopener nofollow\">AirPArtner<\/a> s\u00e3o apenas alguns nomes populares.<\/p>\r\n\r\n\r\n\r\n<p>Al\u00e9m disso, a menos que voc\u00ea seja um piloto profissional, tenha em mente que comprar um jato \u00e9 apenas o primeiro de <strong>muitas despesas que aguardam<\/strong>. Mas que diabos - o que \u00e9 $50.000 - $60.000 por um sal\u00e1rio de piloto por ano, depois de ter desembolsado v\u00e1rios milh\u00f5es de d\u00f3lares para o pr\u00f3prio avi\u00e3o? Al\u00e9m do piloto, h\u00e1 tamb\u00e9m o resto da tripula\u00e7\u00e3o da cabine, encargos de manuten\u00e7\u00e3o e opera\u00e7\u00e3o, custos do hangar, impostos, taxas aeroportu\u00e1rias, combust\u00edvel, etc.<\/p>\r\n\r\n\r\n\r\n<div class=\"wp-block-image\"><figure class=\"aligncenter size-large\"><img loading=\"lazy\" decoding=\"async\" width=\"1024\" height=\"683\" src=\"https:\/\/comparemyjet.com\/wp-content\/uploads\/2021\/08\/How-To-Buy-a-Private-Jet-3-1-1024x683.jpg\" alt=\"aperto de m\u00e3o\" class=\"wp-image-2043\" srcset=\"https:\/\/comparemyjet.com\/wp-content\/uploads\/2021\/08\/How-To-Buy-a-Private-Jet-3-1-300x200.jpg 300w, https:\/\/comparemyjet.com\/wp-content\/uploads\/2021\/08\/How-To-Buy-a-Private-Jet-3-1-768x512.jpg 768w, https:\/\/comparemyjet.com\/wp-content\/uploads\/2021\/08\/How-To-Buy-a-Private-Jet-3-1-1024x683.jpg 1024w, https:\/\/comparemyjet.com\/wp-content\/uploads\/2021\/08\/How-To-Buy-a-Private-Jet-3-1-1536x1024.jpg 1536w, https:\/\/comparemyjet.com\/wp-content\/uploads\/2021\/08\/How-To-Buy-a-Private-Jet-3-1.jpg 1920w\" sizes=\"auto, (max-width: 1024px) 100vw, 1024px\" \/><\/figure><\/div>\r\n\r\n\r\n\r\n<h2 class=\"wp-block-heading\">Como comprar um jato particular: Um guia passo-a-passo<\/h2>\r\n\r\n\r\n\r\n<p>Aqui est\u00e1 um guia passo-a-passo sobre como comprar um jato particular. Certifique-se de passar por todas as etapas, pois independentemente de quanto dinheiro voc\u00ea tenha, desperdi\u00e7ar milh\u00f5es em algo que n\u00e3o vale nem a metade do dinheiro \u00e9 um doloroso erro de principiante.<\/p>\r\n\r\n\r\n\r\n<ol class=\"wp-block-list\"><li>Um Assessor de Confian\u00e7a e Apoio de Terceiros s\u00e3o uma necessidade a ser cumprida<\/li><\/ol>\r\n\r\n\r\n\r\n<p>Como j\u00e1 argumentamos, comprar um jato privado n\u00e3o \u00e9 um investimento menor. Se der errado, voc\u00ea pode perder muito dinheiro. \u00c9 claro, h\u00e1 uma gama de quanto isso lhe custar\u00e1. Comprar um jato $2 milh\u00f5es em segunda m\u00e3o pode ser visto como um erro de pre\u00e7o, mas o que acontece se voc\u00ea comprar o $15 milh\u00f5es - $100 milh\u00f5es de avi\u00e3o errado?<\/p>\r\n\r\n\r\n\r\n<p>\u00c9 por isso que a colabora\u00e7\u00e3o com corretores ou consultores de confian\u00e7a \u00e9 obrigat\u00f3ria (a menos que voc\u00ea mesmo seja um especialista em aeronaves).<\/p>\r\n\r\n\r\n\r\n<p>Empresas tais como <a href=\"https:\/\/www.jetcraft.com\/\" target=\"_blank\" rel=\"noreferrer noopener nofollow\">Jetcraft<\/a>, <a href=\"https:\/\/www.jamesedition.com\/jets\" target=\"_blank\" rel=\"noreferrer noopener nofollow\">Jamesedition<\/a>, <a href=\"https:\/\/www.avbuyer.com\/aircraft\/private-jets\" target=\"_blank\" rel=\"noreferrer noopener nofollow\">Avbuyer<\/a>, <a href=\"https:\/\/www.globalair.com\/aircraft-for-sale\/Private-Jet\" target=\"_blank\" rel=\"noreferrer noopener nofollow\">Globalair<\/a>, <a href=\"https:\/\/www.worth.com\/how-to-buy-a-private-jet\/\" target=\"_blank\" rel=\"noreferrer noopener nofollow\">Vale<\/a>, <a href=\"https:\/\/www.jetlinx.com\/acquisitions-sales\/\" target=\"_blank\" rel=\"noreferrer noopener nofollow\">Jetlinx<\/a>ou <a href=\"https:\/\/www.privatefly.com\/privatejet-services\/private-jet-buy-or-hire.html\" target=\"_blank\" rel=\"noreferrer noopener nofollow\">Privatefly<\/a> s\u00e3o alguns dos principais mercados para a compra de um jato particular. Eles tamb\u00e9m empregam corretores, em cujo melhor interesse \u00e9 que voc\u00ea acabe sendo um cliente satisfeito.<\/p>\r\n\r\n\r\n\r\n<div class=\"wp-block-image\"><figure class=\"aligncenter size-large\"><img loading=\"lazy\" decoding=\"async\" width=\"1024\" height=\"429\" src=\"https:\/\/comparemyjet.com\/wp-content\/uploads\/2021\/08\/How-To-Buy-a-Private-Jet-5-1024x429.jpg\" alt=\"p\u00e1gina inicial da empresa\" class=\"wp-image-2039\" srcset=\"https:\/\/comparemyjet.com\/wp-content\/uploads\/2021\/08\/How-To-Buy-a-Private-Jet-5-300x126.jpg 300w, https:\/\/comparemyjet.com\/wp-content\/uploads\/2021\/08\/How-To-Buy-a-Private-Jet-5-768x322.jpg 768w, https:\/\/comparemyjet.com\/wp-content\/uploads\/2021\/08\/How-To-Buy-a-Private-Jet-5-1024x429.jpg 1024w, https:\/\/comparemyjet.com\/wp-content\/uploads\/2021\/08\/How-To-Buy-a-Private-Jet-5-1536x643.jpg 1536w, https:\/\/comparemyjet.com\/wp-content\/uploads\/2021\/08\/How-To-Buy-a-Private-Jet-5.jpg 1891w\" sizes=\"auto, (max-width: 1024px) 100vw, 1024px\" \/><\/figure><\/div>\r\n\r\n\r\n\r\n<p>No entanto, seu apoio de terceiros n\u00e3o termina a\u00ed. Voc\u00ea tamb\u00e9m precisar\u00e1 de um advogado especializado em avia\u00e7\u00e3o, assim como uma ag\u00eancia de inspe\u00e7\u00e3o, ag\u00eancia de recrutamento de tripula\u00e7\u00e3o de cabine, um consultor financeiro\/fiscal e um contador.<\/p>\r\n\r\n\r\n\r\n<ol class=\"wp-block-list\" start=\"2\"><li>Descubra os detalhes<\/li><\/ol>\r\n\r\n\r\n\r\n<p>Aonde voc\u00ea quer viajar com seu avi\u00e3o? Com que freq\u00fc\u00eancia voc\u00ea planeja viajar de avi\u00e3o? Quantas pessoas estar\u00e3o viajando com voc\u00ea? Qual \u00e9 o seu or\u00e7amento?<\/p>\r\n\r\n\r\n\r\n<p>Todos estes detalhes determinar\u00e3o o tipo de avi\u00e3o que voc\u00ea comprar\u00e1: de m\u00e9dio porte, turbo\u00e9lice, de pequeno porte, pr\u00e9-propriedade, ou completamente novo.<\/p>\r\n\r\n\r\n\r\n<p>Os novos jatos s\u00e3o normalmente mais caros; no entanto, eles v\u00eam com uma garantia de cinco anos, enquanto esta seguran\u00e7a n\u00e3o faz parte do neg\u00f3cio quando se trata de jatos usados.<\/p>\r\n\r\n\r\n\r\n<p>Al\u00e9m disso, \u00e9 importante que voc\u00ea esteja familiarizado com o contexto. Se voc\u00ea estiver voando localmente, seu pa\u00eds ou regi\u00e3o pode ter regras e exig\u00eancias espec\u00edficas quando se trata de v\u00f4os comerciais.<\/p>\r\n\r\n\r\n\r\n<p>Certifique-se de atender a essas exig\u00eancias em termos de equipamento, seguran\u00e7a, pessoal, impostos, taxas, etc.<\/p>\r\n\r\n\r\n\r\n<div class=\"wp-block-image\"><figure class=\"aligncenter size-large\"><img loading=\"lazy\" decoding=\"async\" width=\"1024\" height=\"437\" src=\"https:\/\/comparemyjet.com\/wp-content\/uploads\/2021\/08\/How-To-Buy-a-Private-Jet-1-1024x437.jpg\" alt=\"Como-como-comprar-a-Privado-Jet-1\" class=\"wp-image-2035\" srcset=\"https:\/\/comparemyjet.com\/wp-content\/uploads\/2021\/08\/How-To-Buy-a-Private-Jet-1-300x128.jpg 300w, https:\/\/comparemyjet.com\/wp-content\/uploads\/2021\/08\/How-To-Buy-a-Private-Jet-1-768x328.jpg 768w, https:\/\/comparemyjet.com\/wp-content\/uploads\/2021\/08\/How-To-Buy-a-Private-Jet-1-1024x437.jpg 1024w, https:\/\/comparemyjet.com\/wp-content\/uploads\/2021\/08\/How-To-Buy-a-Private-Jet-1-1536x656.jpg 1536w, https:\/\/comparemyjet.com\/wp-content\/uploads\/2021\/08\/How-To-Buy-a-Private-Jet-1.jpg 1751w\" sizes=\"auto, (max-width: 1024px) 100vw, 1024px\" \/><\/figure><\/div>\r\n\r\n\r\n\r\n<ol class=\"wp-block-list\" start=\"3\"><li>Cavalgada de demonstra\u00e7\u00e3o<\/li><\/ol>\r\n\r\n\r\n\r\n<p>Embora seja perfeitamente normal valorizar a est\u00e9tica de um avi\u00e3o, seu conforto, economia e funcionalidade s\u00e3o, de fato, muito mais importantes.<\/p>\r\n\r\n\r\n\r\n<p>\u00c9 por isso que encorajamos voc\u00ea a levar seu futuro avi\u00e3o para um passeio de demonstra\u00e7\u00e3o. Se voc\u00ea nunca esteve nesse modelo de avi\u00e3o antes, talvez possa encontrar uma empresa de fretamento que tenha esse tipo de avi\u00e3o em suas aeronaves e testar seu conforto, desempenho, ru\u00eddo e funcionalidade.<\/p>\r\n\r\n\r\n\r\n<p>Tamb\u00e9m \u00e9 poss\u00edvel que o vendedor lhe permita ter um v\u00f4o de demonstra\u00e7\u00e3o, mas, por sua vez, voc\u00ea precisar\u00e1 concordar em alguma forma de compromisso, como deixar um dep\u00f3sito antes do v\u00f4o.<\/p>\r\n\r\n\r\n\r\n<ol class=\"wp-block-list\" start=\"4\"><li>Compra e administra\u00e7\u00e3o<\/li><\/ol>\r\n\r\n\r\n\r\n<p>Lembre-se de toda a assist\u00eancia de terceiros do passo 1?<\/p>\r\n\r\n\r\n\r\n<p>Depois de terminar a viagem de teste, e uma vez que voc\u00ea esteja certo sobre qual avi\u00e3o voc\u00ea quer comprar, aqui est\u00e1 uma lista de passos que voc\u00ea, ou melhor, suas ag\u00eancias terceirizadas precisam empreender para concluir a compra e torn\u00e1-lo propriet\u00e1rio de um jato particular.<\/p>\r\n\r\n\r\n\r\n<ul class=\"wp-block-list\"><li>Inspe\u00e7\u00e3o pr\u00e9-compra<\/li><\/ul>\r\n\r\n\r\n\r\n<p>Empresas tais como <a href=\"https:\/\/jetadvisors.com\/\" target=\"_blank\" rel=\"noreferrer noopener nofollow\">Jetadvisors<\/a>, <a href=\"https:\/\/www.vanguardairservices.com\/\" target=\"_blank\" rel=\"noreferrer noopener nofollow\">VanguardAirServices<\/a>, <a href=\"https:\/\/www.globalaviationtechnicalservices.com\/\" target=\"_blank\" rel=\"noreferrer noopener nofollow\">Servi\u00e7os T\u00e9cnicos de Avia\u00e7\u00e3o Global<\/a>ou <a href=\"https:\/\/cla.aero\/\" target=\"_blank\" rel=\"noreferrer noopener nofollow\">Cla.aero<\/a> s\u00e3o apenas alguns dos especialistas que podem ajud\u00e1-lo a determinar se h\u00e1 algum dano, escassez ou hist\u00f3rico de danos que reduziria o valor de seu plano de interesse.<\/p>\r\n\r\n\r\n\r\n<ul class=\"wp-block-list\"><li>Revis\u00e3o de documentos financeiros e de vendas<\/li><\/ul>\r\n\r\n\r\n\r\n<p>J\u00e1 que estamos falando de milh\u00f5es aqui, \u00e9 muito importante que todos os documentos estejam devidamente ordenados e que tudo esteja dentro dos quadros legais.<\/p>\r\n\r\n\r\n\r\n<p>Se voc\u00ea ainda n\u00e3o tiver um consultor pessoal que seja especialista no assunto, voc\u00ea pode contratar uma ag\u00eancia separada para cobrir esta etapa para voc\u00ea. Como a avia\u00e7\u00e3o \u00e9 um nicho t\u00e3o espec\u00edfico, existem empresas especializadas exclusivamente nos aspectos financeiros ou legais da venda de aeronaves.<\/p>\r\n\r\n\r\n\r\n<p>Algumas delas s\u00e3o <a href=\"https:\/\/www.globaljetcapital.com\/financial-services\" target=\"_blank\" rel=\"noreferrer noopener nofollow\">GlobalJetCapital<\/a>, <a href=\"https:\/\/finance.aopa.org\/aviation-finance\/first-time-buyers\" target=\"_blank\" rel=\"noreferrer noopener nofollow\">AOPA Finan\u00e7as<\/a>e <a href=\"https:\/\/theprivatejetcompany.com\/\" target=\"_blank\" rel=\"noreferrer noopener nofollow\">ThePrivateJetCompany<\/a>. Estes podem ajudar a abordar seu contexto financeiro \u00fanico, oferecer-lhe programas de venda ou de arrendamento, aconselh\u00e1-lo sobre como negociar o pre\u00e7o dependendo de seu poder financeiro e resultados de inspe\u00e7\u00e3o e, finalmente, fechar o neg\u00f3cio de compra.<\/p>\r\n\r\n\r\n\r\n<ul class=\"wp-block-list\"><li>Registro e Propriedade de Aeronaves<\/li><\/ul>\r\n\r\n\r\n\r\n<p>Cada pa\u00eds tem suas pr\u00f3prias regras sobre o registro de aeronaves. Dentro de um pa\u00eds, estas podem diferir ainda mais dependendo se voc\u00ea \u00e9 um propriet\u00e1rio individual, um LLC, ou um trust que registra um jato. Depois h\u00e1 fatores tais como se \u00e9 uma aeronave esportiva leve ou uma aeronave constru\u00edda por amadores, etc.<\/p>\r\n\r\n\r\n\r\n<p>H\u00e1 tamb\u00e9m regras sobre quem \u00e9 e quem n\u00e3o \u00e9 eleg\u00edvel para registrar uma aeronave dentro de um determinado pa\u00eds.<\/p>\r\n\r\n\r\n\r\n<p>Felizmente para voc\u00ea, todas estas informa\u00e7\u00f5es s\u00e3o <a href=\"https:\/\/www.faa.gov\/licenses_certificates\/aircraft_certification\/aircraft_registry\/register_aircraft\/\" target=\"_blank\" rel=\"noreferrer noopener nofollow\">de f\u00e1cil acesso em sites governamentais<\/a>e oferecem explica\u00e7\u00f5es minuciosas e detalhadas sobre quais s\u00e3o suas obriga\u00e7\u00f5es para com o Estado quando se trata de possuir e registrar um jato particular.<\/p>\r\n\r\n\r\n\r\n<p>Al\u00e9m disso, o registro de propriedade tamb\u00e9m pode ficar meio confuso se voc\u00ea decidir optar pela propriedade fracion\u00e1ria. Por outro lado, se voc\u00ea comprar o avi\u00e3o inteiro, voc\u00ea est\u00e1 praticamente gerenciando (outro) neg\u00f3cio: contratar pessoas, planejar a manuten\u00e7\u00e3o, pagar impostos e taxas, e gerenciar responsabilidades legais.<\/p>\r\n\r\n\r\n\r\n<p>\u00c9 por isso que voc\u00ea precisa de um conselheiro terceirizado tamb\u00e9m nesta etapa.<\/p>\r\n\r\n\r\n\r\n<ul class=\"wp-block-list\"><li>Certificados de aeronavegabilidade de exporta\u00e7\u00e3o<\/li><\/ul>\r\n\r\n\r\n\r\n<p>Se voc\u00ea estiver adquirindo uma aeronave para os EUA, \u00e9 muito mais importante considerar onde o avi\u00e3o est\u00e1 baseado, usado e mantido do que onde est\u00e1 oficialmente registrado. Mesmo que o pa\u00eds de origem seja conhecido como um lugar suspeito, se a aeronave foi operada a partir de um lugar leg\u00edtimo, e todos os documentos s\u00e3o escritos em ingl\u00eas, e atendem a todos os crit\u00e9rios exigidos, os problemas administrativos ser\u00e3o resolvidos em pouco tempo.<\/p>\r\n\r\n\r\n\r\n<p>Entretanto, h\u00e1 um n\u00edvel bastante elevado de dilig\u00eancia necess\u00e1ria quando se est\u00e1 comprando uma aeronave estrangeira. Cada pa\u00eds tem suas pr\u00f3prias regulamenta\u00e7\u00f5es que tanto voc\u00ea quanto o vendedor precisam cumprir.<\/p>\r\n\r\n\r\n\r\n<p>Al\u00e9m disso, as rotas de viagem anteriores da aeronave devem ser determinadas para que voc\u00ea possa identificar quaisquer potenciais penhoras n\u00e3o apuradas, pois voc\u00ea gostaria de evitar este tipo de surpresa em sua pr\u00f3xima viagem para os mesmos pa\u00edses (se houver alguma).<\/p>\r\n\r\n\r\n\r\n<p>O documento mais importante que voc\u00ea precisa obter neste momento \u00e9 provavelmente o <strong>certificado de aeronavegabilidade<\/strong>. Este \u00e9 emitido pela DAR, o Representante de Aeronavegabilidade Designado, que \u00e9 um t\u00e9cnico de manuten\u00e7\u00e3o autorizado pelo Estado. \u00c9 claro que h\u00e1 muitas etapas neste processo que voc\u00ea n\u00e3o deve passar sozinho. Empresas tais como <a href=\"https:\/\/www.bjtonline.com\/\" target=\"_blank\" rel=\"noreferrer noopener nofollow\">BTJOnline<\/a>ou <a href=\"https:\/\/www.duncanaviation.aero\/\" target=\"_blank\" rel=\"noreferrer noopener nofollow\">DuncanAviationAero<\/a> pode gui\u00e1-lo durante toda a prova\u00e7\u00e3o, prestando todos os servi\u00e7os necess\u00e1rios.<\/p>\r\n\r\n\r\n\r\n<ul class=\"wp-block-list\"><li>Ap\u00f3lices de seguro<\/li><\/ul>\r\n\r\n\r\n\r\n<p>Uma ap\u00f3lice de seguro de jato privado \u00e9 um grande neg\u00f3cio. Pagamos por um seguro para investimentos muito menores, como a compra de um carro, portanto, \u00e9 desnecess\u00e1rio dizer que voc\u00ea tamb\u00e9m precisa obter um ao comprar um jato particular.<\/p>\r\n\r\n\r\n\r\n<p>H\u00e1 muitas ag\u00eancias que prestam este tipo de servi\u00e7o, tais como <a href=\"https:\/\/bwifly.com\/aviation-insurance\/\" target=\"_blank\" rel=\"noreferrer noopener nofollow\">Mosca BWI<\/a>, <a href=\"https:\/\/www.usaa.com\/inet\/wc\/insurance_aviation\" target=\"_blank\" rel=\"noreferrer noopener nofollow\">USAA<\/a>, <a href=\"https:\/\/www.wingsinsurance.com\/\" target=\"_blank\" rel=\"noreferrer noopener nofollow\">Asas<\/a>, <a href=\"https:\/\/www.ap-aerospace.com\/aircraft-renters-insurance\" target=\"_blank\" rel=\"noreferrer noopener nofollow\">AssuredPartners Aeroespacial<\/a>, <a href=\"https:\/\/www.eaa.org\/eaa\/eaa-membership\/eaa-member-benefits\/insurance\/EAA-warbird-aircraft-insurance-plan\" target=\"_blank\" rel=\"noreferrer noopener nofollow\">CEA<\/a>, <a href=\"https:\/\/www.avemco.com\/\" target=\"_blank\" rel=\"noreferrer noopener nofollow\">Avemco<\/a>, <a href=\"https:\/\/www.saxoninsurancebrokers.com\/\" target=\"_blank\" rel=\"noreferrer noopener nofollow\">Corretores de Seguros Saxon<\/a>, <a href=\"https:\/\/www.traversaviation.com\/\" target=\"_blank\" rel=\"noreferrer noopener nofollow\">TraverseAviation<\/a>, <a href=\"https:\/\/www.ajg.com\/\" target=\"_blank\" rel=\"noreferrer noopener nofollow\">AJG<\/a>etc.<\/p>\r\n\r\n\r\n\r\n<ul class=\"wp-block-list\"><li>Fechamento e Assinatura<\/li><\/ul>\r\n\r\n\r\n\r\n<div class=\"wp-block-image\"><figure class=\"aligncenter size-large is-resized\"><img loading=\"lazy\" decoding=\"async\" src=\"https:\/\/comparemyjet.com\/wp-content\/uploads\/2021\/08\/How-To-Buy-a-Private-Jet-4-1024x683.jpg\" alt=\"assinatura de documentos\" class=\"wp-image-2038\" width=\"1000\" height=\"666\" srcset=\"https:\/\/comparemyjet.com\/wp-content\/uploads\/2021\/08\/How-To-Buy-a-Private-Jet-4-300x200.jpg 300w, https:\/\/comparemyjet.com\/wp-content\/uploads\/2021\/08\/How-To-Buy-a-Private-Jet-4-768x512.jpg 768w, https:\/\/comparemyjet.com\/wp-content\/uploads\/2021\/08\/How-To-Buy-a-Private-Jet-4-1024x683.jpg 1024w, https:\/\/comparemyjet.com\/wp-content\/uploads\/2021\/08\/How-To-Buy-a-Private-Jet-4.jpg 1200w\" sizes=\"auto, (max-width: 1000px) 100vw, 1000px\" \/><\/figure><\/div>\r\n\r\n\r\n\r\n<p>\u00c9 desnecess\u00e1rio dizer - fechar o neg\u00f3cio e assinar o contrato de venda \u00e9 a etapa final do processo. Uma vez alcan\u00e7ada esta etapa, a estressante administra\u00e7\u00e3o termina, e voc\u00ea est\u00e1 pronto para se tornar um propriet\u00e1rio de um jato privado!<\/p>\r\n\r\n\r\n\r\n<h2 class=\"wp-block-heading\">Sum\u00e1rio<\/h2>\r\n\r\n\r\n\r\n<p>Comprar um avi\u00e3o particular ou mesmo ir para a propriedade fracion\u00e1ria \u00e9 um passo importante na vida de qualquer pessoa. No entanto, depois de passar algum tempo no ar em v\u00f4os particulares, voc\u00ea nunca mais poder\u00e1 voltar para o comercial. E quando voc\u00ea passa 200 horas no ar por ano, \u00e9 claro que compensa ter sua pr\u00f3pria aeronave.<\/p>\r\n\r\n\r\n\r\n<p>Possuir uma aeronave \u00e9 como dirigir um neg\u00f3cio. Se voc\u00ea estiver pronto para comprar uma, assumimos que j\u00e1 tenha experi\u00eancia em administra\u00e7\u00e3o - ou tenha os fundos necess\u00e1rios para delegar o trabalho a algu\u00e9m em quem voc\u00ea possa confiar.<\/p>\r\n\r\n\r\n\r\n<p>Entretanto, n\u00e3o importa o qu\u00e3o experiente voc\u00ea seja, a menos que seja um especialista em aeronaves, voc\u00ea deve <strong>buscar apoio<\/strong> para todos os n\u00edveis e etapas de aquisi\u00e7\u00e3o de aeronaves: desde a escolha do avi\u00e3o perfeito at\u00e9 a finaliza\u00e7\u00e3o de processos administrativos complexos.<\/p>\r\n\r\n\r\n\r\n<p>Al\u00e9m disso, discuta com seu conselheiro o que voc\u00ea quer fazer com seu avi\u00e3o. Quais ser\u00e3o seus destinos mais comuns? Quantos passageiros voc\u00ea pretende levar com voc\u00ea? Voc\u00ea precisa determinar <strong>que tipo de avi\u00e3o<\/strong> ir\u00e1 satisfazer melhor suas necessidades.<\/p>\r\n\r\n\r\n\r\n<p>Uma vez que voc\u00ea esteja certo sobre as especifica\u00e7\u00f5es de seu avi\u00e3o, \u00e9 hora de lev\u00e1-lo para um <strong>passeio de demonstra\u00e7\u00e3o<\/strong>. Ou frete um v\u00f4o nesse tipo de avi\u00e3o, ou pe\u00e7a ao vendedor que lhe d\u00ea uma carona para um determinado dep\u00f3sito.<\/p>\r\n\r\n\r\n\r\n<p>Finalmente, se voc\u00ea estiver inequivocamente seguro sobre o tipo de avi\u00e3o, \u00e9 hora de resolver a administra\u00e7\u00e3o. Este \u00e9 um processo complexo que requer:<\/p>\r\n\r\n\r\n\r\n<ul class=\"wp-block-list\"><li>Um corretor;<\/li><li>Um advogado;<\/li><li>Um contador\/especialista em finan\u00e7as;<\/li><li>Uma ag\u00eancia de inspe\u00e7\u00e3o;<\/li><li>Assist\u00eancia na obten\u00e7\u00e3o de um certificado de exporta\u00e7\u00e3o.<\/li><\/ul>\r\n\r\n\r\n\r\n<p>Ent\u00e3o, tudo o que resta \u00e9 fechar o neg\u00f3cio e assinar o contrato.<\/p>\r\n\r\n\r\n\r\n<p>O que vem a seguir? Tempo de viagem a\u00e9rea em seu novo brinquedo!<\/p>","protected":false},"excerpt":{"rendered":"<p>Ent\u00e3o, voc\u00ea j\u00e1 voa em particular h\u00e1 algum tempo. Alugar ou fretar jatos particulares para voc\u00ea e sua tripula\u00e7\u00e3o de viagem e reservar assentos de \u00faltima hora em v\u00f4os compartilhados de 30 pessoas s\u00e3o todas boas op\u00e7\u00f5es, mas quando voc\u00ea esmaga os n\u00fameros, voc\u00ea acaba se perguntando - por que n\u00e3o possuir meu avi\u00e3o particular? De acordo com os especialistas, uma vez que voc\u00ea ...<\/p>","protected":false},"author":1,"featured_media":2035,"parent":0,"menu_order":0,"comment_status":"closed","ping_status":"closed","template":"","meta":{"_acf_changed":false,"_genesis_hide_title":false,"_genesis_hide_breadcrumbs":false,"_genesis_hide_singular_image":false,"_genesis_hide_footer_widgets":false,"_genesis_custom_body_class":"","_genesis_custom_post_class":"","_genesis_layout":"","footnotes":""},"class_list":{"1":"page","2":"type-page","6":"entry"},"acf":[],"_links":{"self":[{"href":"https:\/\/comparemyjet.com\/pt_br\/wp-json\/wp\/v2\/pages\/2034","targetHints":{"allow":["GET"]}}],"collection":[{"href":"https:\/\/comparemyjet.com\/pt_br\/wp-json\/wp\/v2\/pages"}],"about":[{"href":"https:\/\/comparemyjet.com\/pt_br\/wp-json\/wp\/v2\/types\/page"}],"author":[{"embeddable":true,"href":"https:\/\/comparemyjet.com\/pt_br\/wp-json\/wp\/v2\/users\/1"}],"replies":[{"embeddable":true,"href":"https:\/\/comparemyjet.com\/pt_br\/wp-json\/wp\/v2\/comments?post=2034"}],"version-history":[{"count":2,"href":"https:\/\/comparemyjet.com\/pt_br\/wp-json\/wp\/v2\/pages\/2034\/revisions"}],"predecessor-version":[{"id":2044,"href":"https:\/\/comparemyjet.com\/pt_br\/wp-json\/wp\/v2\/pages\/2034\/revisions\/2044"}],"wp:featuredmedia":[{"embeddable":true,"href":"https:\/\/comparemyjet.com\/pt_br\/wp-json\/wp\/v2\/media\/2035"}],"wp:attachment":[{"href":"https:\/\/comparemyjet.com\/pt_br\/wp-json\/wp\/v2\/media?parent=2034"}],"curies":[{"name":"wp","href":"https:\/\/api.w.org\/{rel}","templated":true}]}}