{"id":3061,"date":"2022-07-11T23:51:35","date_gmt":"2022-07-11T23:51:35","guid":{"rendered":"https:\/\/comparemyjet.com\/?page_id=3061"},"modified":"2025-09-04T09:58:14","modified_gmt":"2025-09-04T09:58:14","slug":"amalfi-jets","status":"publish","type":"page","link":"https:\/\/comparemyjet.com\/pt_br\/amalfi-jets\/","title":{"rendered":"Pre\u00e7os de v\u00f4o dos jatos Amalfi"},"content":{"rendered":"<p>Nada melhor do que viajar pelo mundo enquanto se voa em um jato particular. Para tornar a experi\u00eancia de voar em jato particular mais agrad\u00e1vel, a Amalfi Jets envia um de seus representantes ao aeroporto para cumprimentar cada cliente antes da partida e garantir que cada detalhe seja cuidado para um v\u00f4o mais agrad\u00e1vel.&nbsp;<\/p>\r\n\r\n\r\n\r\n<p>A empresa fornece servi\u00e7os tais como fretamento sob demanda e programas de filia\u00e7\u00e3o a jato. Eles tamb\u00e9m prometem disponibilidade garantida com apenas 18 horas de anteced\u00eancia, e voc\u00ea pode tirar proveito de upgrades de avi\u00e3o gratuitos e muitos outros benef\u00edcios. Vamos explorar as vantagens de voar com os jatos Amalfi com mais detalhes.<\/p>\r\n\r\n\r\n\r\n<div id=\"ez-toc-container\" class=\"ez-toc-v2_0_76 counter-hierarchy ez-toc-counter ez-toc-grey ez-toc-container-direction\">\n<p class=\"ez-toc-title\" style=\"cursor:inherit\">T\u00f3picos<\/p>\n<label for=\"ez-toc-cssicon-toggle-item-69f03b0c6436f\" class=\"ez-toc-cssicon-toggle-label\"><span class=\"\"><span class=\"eztoc-hide\" style=\"display:none;\">Alternar<\/span><span class=\"ez-toc-icon-toggle-span\"><svg style=\"fill: #999;color:#999\" xmlns=\"http:\/\/www.w3.org\/2000\/svg\" class=\"list-377408\" width=\"20px\" height=\"20px\" viewbox=\"0 0 24 24\" fill=\"none\"><path d=\"M6 6H4v2h2V6zm14 0H8v2h12V6zM4 11h2v2H4v-2zm16 0H8v2h12v-2zM4 16h2v2H4v-2zm16 0H8v2h12v-2z\" fill=\"currentColor\"><\/path><\/svg><svg style=\"fill: #999;color:#999\" class=\"arrow-unsorted-368013\" xmlns=\"http:\/\/www.w3.org\/2000\/svg\" width=\"10px\" height=\"10px\" viewbox=\"0 0 24 24\" version=\"1.2\" baseprofile=\"tiny\"><path d=\"M18.2 9.3l-6.2-6.3-6.2 6.3c-.2.2-.3.4-.3.7s.1.5.3.7c.2.2.4.3.7.3h11c.3 0 .5-.1.7-.3.2-.2.3-.5.3-.7s-.1-.5-.3-.7zM5.8 14.7l6.2 6.3 6.2-6.3c.2-.2.3-.5.3-.7s-.1-.5-.3-.7c-.2-.2-.4-.3-.7-.3h-11c-.3 0-.5.1-.7.3-.2.2-.3.5-.3.7s.1.5.3.7z\"\/><\/svg><\/span><\/span><\/label><input type=\"checkbox\"  id=\"ez-toc-cssicon-toggle-item-69f03b0c6436f\" checked aria-label=\"Alternar\" \/><nav><ul class='ez-toc-list ez-toc-list-level-1' ><li class='ez-toc-page-1 ez-toc-heading-level-2'><a class=\"ez-toc-link ez-toc-heading-1\" href=\"https:\/\/comparemyjet.com\/pt_br\/amalfi-jets\/#Company_History\" >Hist\u00f3ria da empresa<\/a><ul class='ez-toc-list-level-3' ><li class='ez-toc-heading-level-3'><a class=\"ez-toc-link ez-toc-heading-2\" href=\"https:\/\/comparemyjet.com\/pt_br\/amalfi-jets\/#Why_Choose_Amalfi_Jets\" >Por que escolher os jatos Amalfi?<\/a><\/li><\/ul><\/li><li class='ez-toc-page-1 ez-toc-heading-level-2'><a class=\"ez-toc-link ez-toc-heading-3\" href=\"https:\/\/comparemyjet.com\/pt_br\/amalfi-jets\/#Ways_to_Fly\" >Maneiras de voar<\/a><\/li><li class='ez-toc-page-1 ez-toc-heading-level-2'><a class=\"ez-toc-link ez-toc-heading-4\" href=\"https:\/\/comparemyjet.com\/pt_br\/amalfi-jets\/#The_Company_Card_Program\" >O programa de cart\u00f5es da empresa<\/a><\/li><li class='ez-toc-page-1 ez-toc-heading-level-2'><a class=\"ez-toc-link ez-toc-heading-5\" href=\"https:\/\/comparemyjet.com\/pt_br\/amalfi-jets\/#Pricing\" >Fixa\u00e7\u00e3o de pre\u00e7os<\/a><\/li><li class='ez-toc-page-1 ez-toc-heading-level-2'><a class=\"ez-toc-link ez-toc-heading-6\" href=\"https:\/\/comparemyjet.com\/pt_br\/amalfi-jets\/#The_Fleet\" >A Frota&nbsp;<\/a><ul class='ez-toc-list-level-3' ><li class='ez-toc-heading-level-3'><a class=\"ez-toc-link ez-toc-heading-7\" href=\"https:\/\/comparemyjet.com\/pt_br\/amalfi-jets\/#1_Light_Private_Jets\" >1. Jatos particulares leves<\/a><\/li><li class='ez-toc-page-1 ez-toc-heading-level-3'><a class=\"ez-toc-link ez-toc-heading-8\" href=\"https:\/\/comparemyjet.com\/pt_br\/amalfi-jets\/#2_Midsize_and_Super-Midsize_Private_Jets\" >2. Jatos particulares de m\u00e9dio e super-m\u00e9dio porte&nbsp;<\/a><\/li><li class='ez-toc-page-1 ez-toc-heading-level-3'><a class=\"ez-toc-link ez-toc-heading-9\" href=\"https:\/\/comparemyjet.com\/pt_br\/amalfi-jets\/#3_Large_Private_Jets\" >3. Grandes Jatos Privados<\/a><\/li><li class='ez-toc-page-1 ez-toc-heading-level-3'><a class=\"ez-toc-link ez-toc-heading-10\" href=\"https:\/\/comparemyjet.com\/pt_br\/amalfi-jets\/#4_Ultra-Long-Range_Private_Jets\" >4. Jatos Privados de Ultra-Longo Alcance<\/a><\/li><\/ul><\/li><li class='ez-toc-page-1 ez-toc-heading-level-2'><a class=\"ez-toc-link ez-toc-heading-11\" href=\"https:\/\/comparemyjet.com\/pt_br\/amalfi-jets\/#Company_Safety_Policy_and_Standards\" >Pol\u00edtica e normas de seguran\u00e7a da empresa<\/a><\/li><li class='ez-toc-page-1 ez-toc-heading-level-2'><a class=\"ez-toc-link ez-toc-heading-12\" href=\"https:\/\/comparemyjet.com\/pt_br\/amalfi-jets\/#Partnerships\" >Parcerias<\/a><\/li><li class='ez-toc-page-1 ez-toc-heading-level-2'><a class=\"ez-toc-link ez-toc-heading-13\" href=\"https:\/\/comparemyjet.com\/pt_br\/amalfi-jets\/#Conclusion\" >Conclus\u00e3o<\/a><\/li><\/ul><\/nav><\/div>\n<h2 class=\"wp-block-heading\"><span class=\"ez-toc-section\" id=\"Company_History\"><\/span>Hist\u00f3ria da empresa<span class=\"ez-toc-section-end\"><\/span><\/h2>\r\n\r\n\r\n\r\n<p>Amalfi Jets \u00e9 um <a href=\"https:\/\/comparemyjet.com\/pt_br\/how-do-you-rent-or-charter-a-private-jet\/\" data-internallinksmanager029f6b8e52c=\"15\" title=\"Como voc\u00ea aluga ou freta um jato particular?\">afretamento de jatos particulares<\/a> ag\u00eancia que foi fundada por Kolin Jones em 2020. Com sede em <a href=\"https:\/\/comparemyjet.com\/pt_br\/passeios-particulares\/los-angeles-private-tours\/\" data-internallinksmanager029f6b8e52c=\"421\" title=\"11 melhores passeios particulares em Los Angeles a partir de $55.00\">Los Angeles<\/a>A Amalfi oferece aos viajantes tanto o leasing on-demand como uma op\u00e7\u00e3o de associa\u00e7\u00e3o para os passageiros que viajam com freq\u00fc\u00eancia. Indiv\u00edduos, empresas e fam\u00edlias t\u00eam se beneficiado dos servi\u00e7os especializados de v\u00f4o da empresa, como catering personalizado e um servi\u00e7o complementar de carro preto.&nbsp;<\/p>\r\n\r\n\r\n\r\n<p>Amalfi Jets, LLC \u00e9 uma das empresas que mais cresce no setor de avia\u00e7\u00e3o sob a orienta\u00e7\u00e3o de Kolin. Desde a prontid\u00e3o de seus pilotos e pessoal at\u00e9 garantir a seguran\u00e7a de sua clientela, os jatos Amalfi tomam todas as precau\u00e7\u00f5es para garantir que sua viagem decorra sem problemas, para que voc\u00ea n\u00e3o tenha nada com que se preocupar al\u00e9m de se divertir muito em uma aeronave particular.<\/p>\r\n\r\n\r\n\r\n<p>A Amalfi Jets tem uma extensa rede de aproximadamente 2.000 aeronaves localizadas em todo o mundo. Todos os v\u00f4os s\u00e3o conduzidos por <a href=\"https:\/\/www.faa.gov\/\" target=\"_blank\" rel=\"noopener\">FAA<\/a>-certificados operadores de aeronaves Parte 135 ou seus equivalentes em outros pa\u00edses.&nbsp;<\/p>\r\n\r\n\r\n\r\n<h3 class=\"wp-block-heading\"><span class=\"ez-toc-section\" id=\"Why_Choose_Amalfi_Jets\"><\/span>Por que escolher os jatos Amalfi?<span class=\"ez-toc-section-end\"><\/span><\/h3>\r\n\r\n\r\n\r\n<p>A Amalfi Jets se esfor\u00e7a para oferecer a melhor qualidade de atendimento ao cliente. Uma coisa que os destaca de outras companhias charter privadas \u00e9 sua equipe global de representantes da Amalfi, que est\u00e3o voando para saudar os passageiros em cada ponto de partida.&nbsp;<\/p>\r\n\r\n\r\n\r\n<p>A empresa tamb\u00e9m fornece transporte gratuito de sua casa ou do ponto de partida de sua viagem, oferecendo servi\u00e7o de carro preto em utilit\u00e1rios esportivos para todos os viajantes. Voc\u00ea recebe o servi\u00e7o de t\u00e1xi do ponto de partida at\u00e9 o aeroporto de chegada em qualquer viagem que planeje e execute com a Amalfi Jets. Eles ser\u00e3o seu acompanhante durante toda a sua viagem.<\/p>\r\n\r\n\r\n\r\n<p>Quando se trata de catering a bordo, a Amalfi Jets tem o prazer de colaborar com alguns dos mais renomados chefs do mundo. Antes de cada viagem, a equipe de atendimento ao cliente organiza menus para voc\u00ea escolher, de acordo com suas prefer\u00eancias e dieta.<\/p>\r\n\r\n\r\n\r\n<p>Al\u00e9m disso, seus consultores de avia\u00e7\u00e3o o ajudar\u00e3o a escolher o avi\u00e3o certo e mais acess\u00edvel para sua viagem espec\u00edfica, entre mais de 2.000 aeronaves. Cada viagem \u00e9 supervisionada por especialistas em avia\u00e7\u00e3o para garantir um servi\u00e7o de qualidade e a satisfa\u00e7\u00e3o do cliente.<\/p>\r\n\r\n\r\n\r\n<h2 class=\"wp-block-heading\"><span class=\"ez-toc-section\" id=\"Ways_to_Fly\"><\/span>Maneiras de voar<span class=\"ez-toc-section-end\"><\/span><\/h2>\r\n\r\n\r\n\r\n<p>H\u00e1 duas maneiras de voar com os Jatos Amalfi:<\/p>\r\n\r\n\r\n\r\n<ol class=\"wp-block-list\"><li>Solicitar alternativas de aeronaves dispon\u00edveis em viagem por viagem atrav\u00e9s do <a href=\"https:\/\/amalfijets.com\/on-demand-charter\/\" target=\"_blank\" rel=\"noopener\">on-demand<\/a> aspecto da carta.&nbsp;<\/li><li>Torne-se um <a href=\"https:\/\/amalfijets.com\/the-amalfi-one-jet-card-program\/\" target=\"_blank\" rel=\"noopener\">Um cart\u00e3o a jato<\/a> membro se voc\u00ea \u00e9 um passageiro frequente que deseja possuir um avi\u00e3o sem pagar as taxas que o acompanham.<\/li><\/ol>\r\n\r\n\r\n\r\n<p>Vamos explorar o programa de filia\u00e7\u00e3o com mais detalhes.<\/p>\r\n\r\n\r\n\r\n<h2 class=\"wp-block-heading\"><span class=\"ez-toc-section\" id=\"The_Company_Card_Program\"><\/span>O programa de cart\u00f5es da empresa<span class=\"ez-toc-section-end\"><\/span><\/h2>\r\n\r\n\r\n\r\n<p>O objetivo do Programa Amalfi One Jet Card \u00e9 oferecer a voc\u00ea uma rede de servi\u00e7os onde voc\u00ea pode desfrutar do melhor que a ind\u00fastria tem a oferecer - uma viagem mundial.<\/p>\r\n\r\n\r\n\r\n<p>O Amalfi One Jet Card \u00e9 o \u00fanico cart\u00e3o a jato no ramo que pode ser usado em mais de 30 pa\u00edses diferentes. Como titular do cart\u00e3o, voc\u00ea pode voar e pagar por hora, desde que viaje dentro ou entre os pa\u00edses da principal \u00e1rea de servi\u00e7o da empresa. Independentemente de onde sua viagem o leve, voc\u00ea pode estar confiante de que uma frota de avi\u00f5es estar\u00e1 esperando para transport\u00e1-lo at\u00e9 seu destino.<\/p>\r\n\r\n\r\n\r\n<p>Outro benef\u00edcio de ser um portador de cart\u00e3o \u00e9 que voc\u00ea pode fretar um jato somente com 18 horas de anteced\u00eancia dentro dos EUA, ou 72 horas para o resto dos locais dentro da \u00e1rea de servi\u00e7o principal da Amalfis.<\/p>\r\n\r\n\r\n\r\n<p>Por \u00faltimo, mas n\u00e3o menos importante, como titular do cart\u00e3o, voc\u00ea receber\u00e1 um servi\u00e7o complementar de carro preto, catering personalizado em cada v\u00f4o, e seu \u00e1lcool e bebidas de sua prefer\u00eancia. Um representante da Amalfi Jets o cumprimentar\u00e1 em todos os aeroportos de partida para garantir que voc\u00ea receba o melhor n\u00edvel de servi\u00e7o.<\/p>\r\n\r\n\r\n\r\n<h2 class=\"wp-block-heading\"><span class=\"ez-toc-section\" id=\"Pricing\"><\/span>Fixa\u00e7\u00e3o de pre\u00e7os<span class=\"ez-toc-section-end\"><\/span><\/h2>\r\n\r\n\r\n\r\n<p>\u00c9 necess\u00e1rio um dep\u00f3sito inicial m\u00ednimo de $50.000 USD para o Programa One, com todo o $50.000 indo imediatamente para sua conta de v\u00f4o para fins de viagem, e sem taxas de filia\u00e7\u00e3o, taxas anuais, cotas ou custos de inicia\u00e7\u00e3o.<\/p>\r\n\r\n\r\n\r\n<p>Como membro do Programa One Jet Card, voc\u00ea paga as seguintes taxas hor\u00e1rias:<\/p>\r\n\r\n\r\n\r\n<ul class=\"wp-block-list\"><li>$5.800 para jatos leves;&nbsp;<\/li><li>$7.800 para jatos de m\u00e9dio porte;&nbsp;<\/li><li>$9.800 para jatos de m\u00e9dio e grande porte;&nbsp;<\/li><li>$10.800 para grandes jatos de cabine;&nbsp;<\/li><li>$13.500 para jatos de ultra-longo alcance.<\/li><\/ul>\r\n\r\n\r\n\r\n<h2 class=\"wp-block-heading\"><span class=\"ez-toc-section\" id=\"The_Fleet\"><\/span>A Frota&nbsp;<span class=\"ez-toc-section-end\"><\/span><\/h2>\r\n\r\n\r\n\r\n<figure class=\"wp-block-image size-full is-style-default\"><img loading=\"lazy\" decoding=\"async\" width=\"1000\" height=\"667\" src=\"https:\/\/comparemyjet.com\/wp-content\/uploads\/2022\/07\/amalfi.jets_.white_.private.jet_.on_.the_.runway.jpg\" alt=\"amalfi.jets.white.private.avi\u00e3o.na.pista\" class=\"wp-image-3067\" srcset=\"https:\/\/comparemyjet.com\/wp-content\/uploads\/2022\/07\/amalfi.jets_.white_.private.jet_.on_.the_.runway-18x12.jpg 18w, https:\/\/comparemyjet.com\/wp-content\/uploads\/2022\/07\/amalfi.jets_.white_.private.jet_.on_.the_.runway-300x200.jpg 300w, https:\/\/comparemyjet.com\/wp-content\/uploads\/2022\/07\/amalfi.jets_.white_.private.jet_.on_.the_.runway-768x512.jpg 768w, https:\/\/comparemyjet.com\/wp-content\/uploads\/2022\/07\/amalfi.jets_.white_.private.jet_.on_.the_.runway.jpg 1000w\" sizes=\"auto, (max-width: 1000px) 100vw, 1000px\" \/><\/figure>\r\n\r\n\r\n\r\n<p>D\u00ea uma olhada nas seguintes categorias de jatos, e use nossas explica\u00e7\u00f5es para escolher a aeronave ideal para sua pr\u00f3xima viagem.<\/p>\r\n\r\n\r\n\r\n<h3 class=\"wp-block-heading\"><span class=\"ez-toc-section\" id=\"1_Light_Private_Jets\"><\/span>1. Jatos particulares leves<span class=\"ez-toc-section-end\"><\/span><\/h3>\r\n\r\n\r\n\r\n<p>Se sua viagem tem at\u00e9 tr\u00eas horas de dura\u00e7\u00e3o, com um pequeno grupo de 4-6 passageiros, os jatos na categoria de aeronaves leves s\u00e3o uma escolha conveniente.&nbsp;<\/p>\r\n\r\n\r\n\r\n<p>Os jatos leves s\u00e3o uma escolha comum devido a seus baixos custos operacionais e alta efici\u00eancia. Alguns jatos leves podem ser relativamente pequenos enquanto outros maiores do que voc\u00ea esperaria, portanto tudo depende do modelo da aeronave. Pode n\u00e3o haver mesas ou banheiros e normalmente n\u00e3o h\u00e1 espa\u00e7o para ficar de p\u00e9, raz\u00e3o pela qual as assistentes de bordo n\u00e3o costumam acompanhar os passageiros nestes jatos. No entanto, eles proporcionam v\u00f4os mais tranq\u00fcilos do que turboprops a um baixo custo, e s\u00e3o perfeitos para pistas menores.&nbsp;<\/p>\r\n\r\n\r\n\r\n<h3 class=\"wp-block-heading\"><span class=\"ez-toc-section\" id=\"2_Midsize_and_Super-Midsize_Private_Jets\"><\/span>2. Jatos particulares de m\u00e9dio e super-m\u00e9dio porte&nbsp;<span class=\"ez-toc-section-end\"><\/span><\/h3>\r\n\r\n\r\n\r\n<p>A categoria de m\u00e9dio porte, que pode acomodar at\u00e9 9 passageiros, \u00e9 popular para viagens de at\u00e9 4 horas e para passageiros que desejam capacidade adicional de bagagem, uma cabine espa\u00e7osa e acomoda\u00e7\u00f5es sofisticadas. Ao contr\u00e1rio dos jatos leves, as aeronaves da categoria de m\u00e9dio porte possuem compartimentos de bebidas maiores, permitindo que alimentos e lanches adicionais, assim como bebidas, sejam trazidos a bordo. A categoria de aeronaves super de m\u00e9dio porte \u00e9 outra das preferidas dos clientes. Estes jatos particulares possuem cabines stand-up, assentos para at\u00e9 9 passageiros e a capacidade de viajar atrav\u00e9s dos continentes.<\/p>\r\n\r\n\r\n\r\n<h3 class=\"wp-block-heading\"><span class=\"ez-toc-section\" id=\"3_Large_Private_Jets\"><\/span>3. Grandes Jatos Privados<span class=\"ez-toc-section-end\"><\/span><\/h3>\r\n\r\n\r\n\r\n<p>A grande classe de jatos particulares \u00e9 mais adequada para voos intercontinentais ou grandes festas, gra\u00e7as \u00e0s cabines espa\u00e7osas - n\u00e3o importa o alcance da viagem. Esta classe de jatos particulares tamb\u00e9m oferece excelente desempenho na pista, velocidade e velocidade de subida, maior capacidade de passageiros e bagagem, e um alcance mais longo.&nbsp;<\/p>\r\n\r\n\r\n\r\n<p>As aeronaves pesadas podem transportar cerca de quinze passageiros, com espa\u00e7o para dormir por seis. Camas de dormir, \u00e1reas de armazenamento de alimentos, banheiros e modernos sistemas de entretenimento est\u00e3o dispon\u00edveis em quase todos os jatos pesados e h\u00e1 pelo menos um comiss\u00e1rio de bordo durante o v\u00f4o.&nbsp;<\/p>\r\n\r\n\r\n\r\n<p>A cerca de 500 milhas por hora, os jatos pesados t\u00eam um alcance de cerca de 6.000 milhas. Eles s\u00e3o menores que os avi\u00f5es comerciais e oferecem uma gama mais ampla de op\u00e7\u00f5es de pouso.&nbsp;<\/p>\r\n\r\n\r\n\r\n<h3 class=\"wp-block-heading\"><span class=\"ez-toc-section\" id=\"4_Ultra-Long-Range_Private_Jets\"><\/span>4. Jatos Privados de Ultra-Longo Alcance<span class=\"ez-toc-section-end\"><\/span><\/h3>\r\n\r\n\r\n\r\n<p>Se voc\u00ea precisa estar do outro lado do mundo em um tempo muito curto, os jatos de ultra-longo alcance est\u00e3o l\u00e1 para voc\u00ea. Esta categoria inclui jatos capazes de voar entre 8.500 e 12.900 quil\u00f4metros sem parar para combust\u00edvel. Estes avi\u00f5es particulares s\u00e3o espa\u00e7osos e agrad\u00e1veis, com tr\u00eas zonas designadas para trabalhar, sentar e descansar. A altura da cabine varia de 1,85 a 1,95 metros.&nbsp;<\/p>\r\n\r\n\r\n\r\n<h2 class=\"wp-block-heading\"><span class=\"ez-toc-section\" id=\"Company_Safety_Policy_and_Standards\"><\/span>Pol\u00edtica e normas de seguran\u00e7a da empresa<span class=\"ez-toc-section-end\"><\/span><\/h2>\r\n\r\n\r\n\r\n<p>Todos os v\u00f4os s\u00e3o conduzidos por transportadoras a\u00e9reas da FAA Parte 135 que s\u00e3o certificadas para seguran\u00e7a. Todas as aeronaves s\u00e3o equipadas com equipamentos de \u00faltima gera\u00e7\u00e3o e pilotos com ampla experi\u00eancia. Dois pilotos controlam cada v\u00f4o com Jet Card, e somente aeronaves e tripulantes que passaram por uma auditoria de seguran\u00e7a abrangente de terceiros da ARG\/US, Wyvern, ou IS-BAO s\u00e3o utilizados.<\/p>\r\n\r\n\r\n\r\n<h2 class=\"wp-block-heading\"><span class=\"ez-toc-section\" id=\"Partnerships\"><\/span>Parcerias<span class=\"ez-toc-section-end\"><\/span><\/h2>\r\n\r\n\r\n\r\n<figure class=\"wp-block-image size-full is-style-default\"><img loading=\"lazy\" decoding=\"async\" width=\"1000\" height=\"667\" src=\"https:\/\/comparemyjet.com\/wp-content\/uploads\/2022\/07\/white.plane_.flying.over_.buildings.jpg\" alt=\"\" class=\"wp-image-3064\" srcset=\"https:\/\/comparemyjet.com\/wp-content\/uploads\/2022\/07\/white.plane_.flying.over_.buildings-18x12.jpg 18w, https:\/\/comparemyjet.com\/wp-content\/uploads\/2022\/07\/white.plane_.flying.over_.buildings-300x200.jpg 300w, https:\/\/comparemyjet.com\/wp-content\/uploads\/2022\/07\/white.plane_.flying.over_.buildings-768x512.jpg 768w, https:\/\/comparemyjet.com\/wp-content\/uploads\/2022\/07\/white.plane_.flying.over_.buildings.jpg 1000w\" sizes=\"auto, (max-width: 1000px) 100vw, 1000px\" \/><\/figure>\r\n\r\n\r\n\r\n<p>Al\u00e9m de oferecer aos seus clientes servi\u00e7os de fretamento e associa\u00e7\u00e3o ao Jet Card, a Amalfi Jet tamb\u00e9m tem uma rede global de parceiros espalhados pelos cinco continentes. Os portadores do cart\u00e3o da empresa t\u00eam acesso a locais e benef\u00edcios exclusivos, gra\u00e7as a seus parceiros, como privil\u00e9gios em alguns dos melhores aeroportos do mundo. <a href=\"https:\/\/comparemyjet.com\/pt_br\/hotels\/\" data-internallinksmanager029f6b8e52c=\"470\" title=\"100 melhores hot\u00e9is pr\u00f3ximos a aeroportos de todo o mundo\">hot\u00e9is<\/a>clubes gastron\u00f4micos e outros locais de cultura e entretenimento.&nbsp;<\/p>\r\n\r\n\r\n\r\n<p>Amalfi One Jet Card \u00e9 aceito em 32 pa\u00edses, portanto voc\u00ea pode viajar na maioria das partes do mundo.&nbsp;<\/p>\r\n\r\n\r\n\r\n<p>A Amalfi Jets tem a honra de trabalhar com algumas das empresas de maior prest\u00edgio do mundo, como The Ritz - Carlton Residences, The Langham - Carlton Residences e The Langham - Carlton. <a href=\"https:\/\/comparemyjet.com\/pt_br\/passeios-particulares\/sydney-private-tours\/\" data-internallinksmanager029f6b8e52c=\"208\" title=\"11 melhores passeios particulares em Sydney a partir de $31.99\">Sydney<\/a>, Palace Hotel - <a href=\"https:\/\/comparemyjet.com\/pt_br\/private-jet-charters-to-tokyo\/\" data-internallinksmanager029f6b8e52c=\"121\" title=\"Carros a jato particulares para T\u00f3quio\">T\u00f3quio<\/a>, Castello di Amorosa - <a href=\"https:\/\/comparemyjet.com\/pt_br\/passeios-particulares\/napa-private-tours\/\" data-internallinksmanager029f6b8e52c=\"424\" title=\"11 melhores passeios particulares em Napa a partir de $99.00\">Napa<\/a> Valley, Stein Eriksen Lodge e muitos outros.<\/p>\r\n\r\n\r\n\r\n<h2 class=\"wp-block-heading\"><span class=\"ez-toc-section\" id=\"Conclusion\"><\/span>Conclus\u00e3o<span class=\"ez-toc-section-end\"><\/span><\/h2>\r\n\r\n\r\n\r\n<p>\u00c9 fundamental contar com uma empresa charter confi\u00e1vel para a sua seguran\u00e7a e a de sua fam\u00edlia. Se voc\u00ea estiver se perguntando aonde recorrer quando as cargas de afretamento de aeronaves e combust\u00edvel para jatos estiverem crescendo ao segundo, recorra \u00e0 Amalfi Jets. Sua aten\u00e7\u00e3o aos detalhes e o atendimento ao cliente garantem uma viagem segura e satisfat\u00f3ria. O Programa One Jet Card lhe oferece tarifas hor\u00e1rias baixas, acesso ao jato de sua prefer\u00eancia em apenas 18 horas, sem taxas extras ou datas n\u00e3o dispon\u00edveis.&nbsp;<\/p>","protected":false},"excerpt":{"rendered":"<p>Nada melhor do que viajar pelo mundo enquanto se voa em um jato particular. Para tornar a experi\u00eancia de voar em jato particular mais agrad\u00e1vel, a Amalfi Jets envia um de seus representantes ao aeroporto para cumprimentar cada cliente antes da partida e garantir que cada detalhe seja cuidado para um v\u00f4o mais agrad\u00e1vel.  A empresa fornece servi\u00e7os como ...<\/p>","protected":false},"author":2,"featured_media":3063,"parent":0,"menu_order":0,"comment_status":"closed","ping_status":"closed","template":"","meta":{"_acf_changed":false,"_genesis_hide_title":false,"_genesis_hide_breadcrumbs":false,"_genesis_hide_singular_image":false,"_genesis_hide_footer_widgets":false,"_genesis_custom_body_class":"","_genesis_custom_post_class":"","_genesis_layout":"","footnotes":""},"class_list":{"1":"page","2":"type-page","6":"entry"},"acf":[],"_links":{"self":[{"href":"https:\/\/comparemyjet.com\/pt_br\/wp-json\/wp\/v2\/pages\/3061","targetHints":{"allow":["GET"]}}],"collection":[{"href":"https:\/\/comparemyjet.com\/pt_br\/wp-json\/wp\/v2\/pages"}],"about":[{"href":"https:\/\/comparemyjet.com\/pt_br\/wp-json\/wp\/v2\/types\/page"}],"author":[{"embeddable":true,"href":"https:\/\/comparemyjet.com\/pt_br\/wp-json\/wp\/v2\/users\/2"}],"replies":[{"embeddable":true,"href":"https:\/\/comparemyjet.com\/pt_br\/wp-json\/wp\/v2\/comments?post=3061"}],"version-history":[{"count":3,"href":"https:\/\/comparemyjet.com\/pt_br\/wp-json\/wp\/v2\/pages\/3061\/revisions"}],"predecessor-version":[{"id":3437,"href":"https:\/\/comparemyjet.com\/pt_br\/wp-json\/wp\/v2\/pages\/3061\/revisions\/3437"}],"wp:featuredmedia":[{"embeddable":true,"href":"https:\/\/comparemyjet.com\/pt_br\/wp-json\/wp\/v2\/media\/3063"}],"wp:attachment":[{"href":"https:\/\/comparemyjet.com\/pt_br\/wp-json\/wp\/v2\/media?parent=3061"}],"curies":[{"name":"wp","href":"https:\/\/api.w.org\/{rel}","templated":true}]}}