{"id":3070,"date":"2022-07-11T23:51:45","date_gmt":"2022-07-11T23:51:45","guid":{"rendered":"https:\/\/comparemyjet.com\/?page_id=3070"},"modified":"2025-09-04T09:58:16","modified_gmt":"2025-09-04T09:58:16","slug":"concord-private-jet","status":"publish","type":"page","link":"https:\/\/comparemyjet.com\/pt_br\/concord-private-jet\/","title":{"rendered":"Pre\u00e7os de v\u00f4os a jato particulares Concord"},"content":{"rendered":"<p>A Concord Private Jet foi fundada com base no princ\u00edpio de fornecer os melhores avi\u00f5es a pre\u00e7os o mais baixos poss\u00edvel. A empresa opera como corretora de fretamento, arrendando fretamentos privados para seus clientes.<\/p>\r\n\r\n\r\n\r\n<p>O propriet\u00e1rio, Neal Impellizzeri, supervisiona cada Cart\u00e3o de Acesso da Frota e garante que tudo, desde a programa\u00e7\u00e3o at\u00e9 o catering ou a transfer\u00eancia, seja perfeito para voc\u00ea. Impellizzeri aprecia o valor de estar no hor\u00e1rio, e ele e sua equipe est\u00e3o acess\u00edveis 24 horas por dia, 7 dias por semana, para garantir que cada hor\u00e1rio seja rigorosamente cumprido. Vamos ver o que mais a Concord Private tem a oferecer com mais detalhes.<\/p>\r\n\r\n\r\n\r\n<div id=\"ez-toc-container\" class=\"ez-toc-v2_0_76 counter-hierarchy ez-toc-counter ez-toc-grey ez-toc-container-direction\">\n<p class=\"ez-toc-title\" style=\"cursor:inherit\">T\u00f3picos<\/p>\n<label for=\"ez-toc-cssicon-toggle-item-69f19935f023c\" class=\"ez-toc-cssicon-toggle-label\"><span class=\"\"><span class=\"eztoc-hide\" style=\"display:none;\">Alternar<\/span><span class=\"ez-toc-icon-toggle-span\"><svg style=\"fill: #999;color:#999\" xmlns=\"http:\/\/www.w3.org\/2000\/svg\" class=\"list-377408\" width=\"20px\" height=\"20px\" viewbox=\"0 0 24 24\" fill=\"none\"><path d=\"M6 6H4v2h2V6zm14 0H8v2h12V6zM4 11h2v2H4v-2zm16 0H8v2h12v-2zM4 16h2v2H4v-2zm16 0H8v2h12v-2z\" fill=\"currentColor\"><\/path><\/svg><svg style=\"fill: #999;color:#999\" class=\"arrow-unsorted-368013\" xmlns=\"http:\/\/www.w3.org\/2000\/svg\" width=\"10px\" height=\"10px\" viewbox=\"0 0 24 24\" version=\"1.2\" baseprofile=\"tiny\"><path d=\"M18.2 9.3l-6.2-6.3-6.2 6.3c-.2.2-.3.4-.3.7s.1.5.3.7c.2.2.4.3.7.3h11c.3 0 .5-.1.7-.3.2-.2.3-.5.3-.7s-.1-.5-.3-.7zM5.8 14.7l6.2 6.3 6.2-6.3c.2-.2.3-.5.3-.7s-.1-.5-.3-.7c-.2-.2-.4-.3-.7-.3h-11c-.3 0-.5.1-.7.3-.2.2-.3.5-.3.7s.1.5.3.7z\"\/><\/svg><\/span><\/span><\/label><input type=\"checkbox\"  id=\"ez-toc-cssicon-toggle-item-69f19935f023c\" checked aria-label=\"Alternar\" \/><nav><ul class='ez-toc-list ez-toc-list-level-1' ><li class='ez-toc-page-1 ez-toc-heading-level-2'><a class=\"ez-toc-link ez-toc-heading-1\" href=\"https:\/\/comparemyjet.com\/pt_br\/concord-private-jet\/#Company_History\" >Hist\u00f3ria da empresa<\/a><\/li><li class='ez-toc-page-1 ez-toc-heading-level-2'><a class=\"ez-toc-link ez-toc-heading-2\" href=\"https:\/\/comparemyjet.com\/pt_br\/concord-private-jet\/#Company_Jet_Card_Program\" >Programa de cart\u00f5es Jet Card da empresa<\/a><\/li><li class='ez-toc-page-1 ez-toc-heading-level-2'><a class=\"ez-toc-link ez-toc-heading-3\" href=\"https:\/\/comparemyjet.com\/pt_br\/concord-private-jet\/#The_Fleet\" >A Frota&nbsp;<\/a><ul class='ez-toc-list-level-3' ><li class='ez-toc-heading-level-3'><a class=\"ez-toc-link ez-toc-heading-4\" href=\"https:\/\/comparemyjet.com\/pt_br\/concord-private-jet\/#1_Light_Private_Jets\" >1. Jatos particulares leves<\/a><ul class='ez-toc-list-level-4' ><li class='ez-toc-heading-level-4'><a class=\"ez-toc-link ez-toc-heading-5\" href=\"https:\/\/comparemyjet.com\/pt_br\/concord-private-jet\/#Our_Recommendation_Premier_I\" >Nossa recomenda\u00e7\u00e3o: Premier I<\/a><\/li><\/ul><\/li><li class='ez-toc-page-1 ez-toc-heading-level-3'><a class=\"ez-toc-link ez-toc-heading-6\" href=\"https:\/\/comparemyjet.com\/pt_br\/concord-private-jet\/#2_Midsize_Private_Jets\" >2. Jatos particulares de m\u00e9dio porte<\/a><ul class='ez-toc-list-level-4' ><li class='ez-toc-heading-level-4'><a class=\"ez-toc-link ez-toc-heading-7\" href=\"https:\/\/comparemyjet.com\/pt_br\/concord-private-jet\/#Our_Recommendation_Astra_SPX\" >Nossa recomenda\u00e7\u00e3o: Astra SPX<\/a><\/li><\/ul><\/li><li class='ez-toc-page-1 ez-toc-heading-level-3'><a class=\"ez-toc-link ez-toc-heading-8\" href=\"https:\/\/comparemyjet.com\/pt_br\/concord-private-jet\/#3_Super-Midsize_Private_Jets\" >3. Jatos Privados Super-M\u00e9dios&nbsp;<\/a><ul class='ez-toc-list-level-4' ><li class='ez-toc-heading-level-4'><a class=\"ez-toc-link ez-toc-heading-9\" href=\"https:\/\/comparemyjet.com\/pt_br\/concord-private-jet\/#Our_Recommendation_The_Citation_Sovereign\" >Nossa recomenda\u00e7\u00e3o: A Cita\u00e7\u00e3o Soberana<\/a><\/li><\/ul><\/li><li class='ez-toc-page-1 ez-toc-heading-level-3'><a class=\"ez-toc-link ez-toc-heading-10\" href=\"https:\/\/comparemyjet.com\/pt_br\/concord-private-jet\/#4_Large_Private_Jets\" >4. Grandes Jatos Privados<\/a><ul class='ez-toc-list-level-4' ><li class='ez-toc-heading-level-4'><a class=\"ez-toc-link ez-toc-heading-11\" href=\"https:\/\/comparemyjet.com\/pt_br\/concord-private-jet\/#Our_Recommendation_The_Falcon_900EX\" >Nossa recomenda\u00e7\u00e3o: O Falcon 900EX<\/a><\/li><\/ul><\/li><\/ul><\/li><li class='ez-toc-page-1 ez-toc-heading-level-2'><a class=\"ez-toc-link ez-toc-heading-12\" href=\"https:\/\/comparemyjet.com\/pt_br\/concord-private-jet\/#Company_Safety_Policy_and_Standards\" >Pol\u00edtica e normas de seguran\u00e7a da empresa<\/a><\/li><li class='ez-toc-page-1 ez-toc-heading-level-2'><a class=\"ez-toc-link ez-toc-heading-13\" href=\"https:\/\/comparemyjet.com\/pt_br\/concord-private-jet\/#Conclusion\" >Conclus\u00e3o<\/a><\/li><\/ul><\/nav><\/div>\n<h2 class=\"wp-block-heading\"><span class=\"ez-toc-section\" id=\"Company_History\"><\/span>Hist\u00f3ria da empresa<span class=\"ez-toc-section-end\"><\/span><\/h2>\r\n\r\n\r\n\r\n<p>A Concord Private Jet foi formada em 2008 como uma empresa familiar por Neal Impellizzeri, sua esposa Michelle Impellizzeri e seu filho AJ, em NYC, <a href=\"https:\/\/comparemyjet.com\/pt_br\/passeios-particulares\/passeios-particulares-pela-cidade-de-nova-york\/\" data-internallinksmanager029f6b8e52c=\"427\" title=\"11 melhores passeios particulares em Nova York a partir de $48.00\">Nova Iorque<\/a>.&nbsp;<\/p>\r\n\r\n\r\n\r\n<p>A Concord \u00e9 uma empresa pequena, familiar, que carece de uma organiza\u00e7\u00e3o corporativa robusta que venha com empresas maiores. E a raz\u00e3o pela qual elas podem fornecer pre\u00e7os acess\u00edveis e baixos \u00e9 percisamente porque n\u00e3o gastam dezenas de milhares de d\u00f3lares em marketing e vendas.<\/p>\r\n\r\n\r\n\r\n<p>A Concord Private Jet opera afretamentos de terceiros. N\u00e3o h\u00e1 taxas de inicia\u00e7\u00e3o e ades\u00e3o e o programa de n\u00edvel b\u00e1sico inclui 25 horas em um jato leve ou turbo\u00e9lice. A taxa hor\u00e1ria \u00e9 fixa e garantida, e os portadores de cart\u00f5es podem utilizar v\u00e1rios avi\u00f5es simultaneamente.&nbsp;<\/p>\r\n\r\n\r\n\r\n<p>A Impellizzeri criou um esquema \u00fanico que lhe permite voar do ponto A ao ponto B para %0 a 40% a menos do que outras empresas privadas de fretamento est\u00e3o cobrando. Eles s\u00f3 alugam avi\u00f5es com certifica\u00e7\u00e3o Platinum Argus para atender aos crit\u00e9rios mais altos. Para colocar isto em perspectiva, de aproximadamente 3.500 operadores comerciais em todo o pa\u00eds, existem apenas 31 operadoras certificadas pela Platinum Argus.<\/p>\r\n\r\n\r\n\r\n<h2 class=\"wp-block-heading\"><span class=\"ez-toc-section\" id=\"Company_Jet_Card_Program\"><\/span>Programa de cart\u00f5es Jet Card da empresa<span class=\"ez-toc-section-end\"><\/span><\/h2>\r\n\r\n\r\n\r\n<figure class=\"wp-block-image size-full is-style-default\"><img loading=\"lazy\" decoding=\"async\" width=\"1000\" height=\"667\" src=\"https:\/\/comparemyjet.com\/wp-content\/uploads\/2022\/07\/private.jet_.pilots.in_.cockpit.jpg\" alt=\"Concord,Private,Jet,pilotos,in,cockpit,pronto,para,voar\" class=\"wp-image-3072\" srcset=\"https:\/\/comparemyjet.com\/wp-content\/uploads\/2022\/07\/private.jet_.pilots.in_.cockpit-18x12.jpg 18w, https:\/\/comparemyjet.com\/wp-content\/uploads\/2022\/07\/private.jet_.pilots.in_.cockpit-300x200.jpg 300w, https:\/\/comparemyjet.com\/wp-content\/uploads\/2022\/07\/private.jet_.pilots.in_.cockpit-768x512.jpg 768w, https:\/\/comparemyjet.com\/wp-content\/uploads\/2022\/07\/private.jet_.pilots.in_.cockpit.jpg 1000w\" sizes=\"auto, (max-width: 1000px) 100vw, 1000px\" \/><\/figure>\r\n\r\n\r\n\r\n<p>O Concord Private 25 hour Jet Card permite que voc\u00ea selecione o modelo de jato e a categoria que melhor se adapte \u00e0s suas necessidades espec\u00edficas de viagem. A Concord oferece o mais alto n\u00edvel de seguran\u00e7a com o pagamento por hora mais acess\u00edvel, que \u00e9 garantido por 24 meses. Cada cart\u00e3o pode ser dividido em at\u00e9 quatro pagamentos ao longo de quatro meses.<\/p>\r\n\r\n\r\n\r\n<p>Se voc\u00ea decidir se tornar um portador de cart\u00e3o com o programa Concord Private Jet, voc\u00ea desfrutar\u00e1 de benef\u00edcios como, por exemplo, sem taxas de pernoite, sem taxas de pouso, reposicionamento ou sobretaxas de combust\u00edvel, e sem taxas de gerenciamento. \u00c9 gratuito fazer upgrade (ou downgrade) de sua classe de jatos e voc\u00ea ter\u00e1 disponibilidade garantida 365 dias do ano.<\/p>\r\n\r\n\r\n\r\n<p>Os membros tamb\u00e9m t\u00eam acesso a um concierge de viagem pessoal que est\u00e1 qualificado para responder a consultas e oferecer informa\u00e7\u00f5es 24 horas por dia.<\/p>\r\n\r\n\r\n\r\n<p>O programa do Cart\u00e3o a Jato de 25 Horas tem um pre\u00e7o por hora, com todos os impostos inclu\u00eddos. Por exemplo, para voar com um jato de m\u00e9dio porte, voc\u00ea pagar\u00e1 $5.750 por hora, enquanto que voar com um jato da categoria leve \u00e9 $4.750 por hora.<\/p>\r\n\r\n\r\n\r\n<p>A empresa n\u00e3o cobra uma taxa de combust\u00edvel para os propriet\u00e1rios do Jet Card, e oferece aos seus clientes op\u00e7\u00f5es de menu em cada viagem. Como cliente, \u00e9 cobrada apenas pelas horas que s\u00e3o realmente voadas.<\/p>\r\n\r\n\r\n\r\n<h2 class=\"wp-block-heading\"><span class=\"ez-toc-section\" id=\"The_Fleet\"><\/span>A Frota&nbsp;<span class=\"ez-toc-section-end\"><\/span><\/h2>\r\n\r\n\r\n\r\n<p>A Concord tem um jato particular para todos, quer voc\u00ea esteja procurando um jato pequeno ou um grande. Como corretor de fretamento, eles t\u00eam acesso a muitas transportadoras, o que \u00e9 uma boa not\u00edcia para voc\u00ea - voc\u00ea tem a garantia de obter seu modelo de jato desejado com muito pouco tempo de aviso pr\u00e9vio.<\/p>\r\n\r\n\r\n\r\n<p>Vamos dar uma olhada nas categorias e modelos de jatos que a Concord Private Jet tem a oferecer.<\/p>\r\n\r\n\r\n\r\n<h3 class=\"wp-block-heading\"><span class=\"ez-toc-section\" id=\"1_Light_Private_Jets\"><\/span>1. Jatos particulares leves<span class=\"ez-toc-section-end\"><\/span><\/h3>\r\n\r\n\r\n\r\n<p>Os jatos leves s\u00e3o uma escolha popular gra\u00e7as a seus pre\u00e7os baixos e alta efici\u00eancia. Eles oferecem acesso a destinos de dif\u00edcil acesso onde apenas pequenos jatos podem pousar devido \u00e0s pistas mais curtas. O alcance de uma aeronave leve \u00e9 inferior a quatro horas, tornando-os perfeitos para viagens curtas e dom\u00e9sticas. Estes avi\u00f5es s\u00e3o bastante r\u00e1pidos e o levam para o seu destino em pouco tempo.<\/p>\r\n\r\n\r\n\r\n<h4 class=\"wp-block-heading\"><span class=\"ez-toc-section\" id=\"Our_Recommendation_Premier_I\"><\/span>Nossa recomenda\u00e7\u00e3o: Premier I<span class=\"ez-toc-section-end\"><\/span><\/h4>\r\n\r\n\r\n\r\n<p>O Beechcraft Premier I \u00e9 um membro da categoria de aeronaves a jato leve, produzidas por <a href=\"https:\/\/comparemyjet.com\/pt_br\/hawker-beechcraft\/\" data-internallinksmanager029f6b8e52c=\"153\" title=\"Guia final para o Hawker Beechcraft Jatos Privados e Aeronaves\">Hawker Beechcraft<\/a>. O avi\u00e3o foi criado em 1996, para rivalizar com o <a href=\"https:\/\/comparemyjet.com\/pt_br\/cessna\/\" data-internallinksmanager029f6b8e52c=\"145\" title=\"Guia final do Cessna Private Jets &amp; Aircraft\">Cessna<\/a> Fam\u00edlia de cita\u00e7\u00e3o.<\/p>\r\n\r\n\r\n\r\n<p>Especifica\u00e7\u00f5es:<\/p>\r\n\r\n\r\n\r\n<ul class=\"wp-block-list\"><li>O volume da cabine \u00e9 de 285 p\u00e9s c\u00fabicos;<\/li><li>Espa\u00e7o interno para bagagem de 23 p\u00e9s c\u00fabicos;<\/li><li>Espa\u00e7o externo para bagagem de 55 p\u00e9s c\u00fabicos;<\/li><li>Uma velocidade m\u00e1xima de cruzeiro de 461 n\u00f3s;<\/li><li>Uma velocidade normal de cruzeiro de 426 n\u00f3s;<\/li><li>Pode ser operado por um ou dois pilotos;<\/li><li>Pode acomodar seis passageiros;<\/li><li>Uma faixa de v\u00f4o normal de 850 nm;<\/li><li>Uma faixa de v\u00f4o m\u00e1xima de 1430 nm.<\/li><\/ul>\r\n\r\n\r\n\r\n<p>Concord Private Jet oferece uma variedade de modelos de jatos leves, tais como <em>Citation Jet \/CJ1\/CJ2\/CJ3, Nextant 400XT, Citation II\/V\/Bravo\/Encore\/Ultra, Beechjet 400\/400A, <a href=\"https:\/\/comparemyjet.com\/pt_br\/learjet\/\" data-internallinksmanager029f6b8e52c=\"149\" title=\"Guia final para jatos particulares Learjet &amp; Aeronaves\">Learjet<\/a> 40, Hawker 400XP, <\/em>e nossa recomenda\u00e7\u00e3o <em>Primeiro-ministro<\/em>.<\/p>\r\n\r\n\r\n\r\n<h3 class=\"wp-block-heading\"><span class=\"ez-toc-section\" id=\"2_Midsize_Private_Jets\"><\/span>2. Jatos particulares de m\u00e9dio porte<span class=\"ez-toc-section-end\"><\/span><\/h3>\r\n\r\n\r\n\r\n<p>O alcance de um jato de m\u00e9dio porte varia, mas n\u00e3o ultrapassa seis horas. Estas aeronaves s\u00e3o mais espa\u00e7osas do que as aeronaves leves e proporcionam mais conforto. Eles podem lev\u00e1-lo em viagens curtas e longas, tornando-os bastante vers\u00e1teis e sempre uma boa escolha quando voc\u00ea duvida da classe do jato a ser fretado. Geralmente v\u00eam com um banheiro fechado, cozinha e mais espa\u00e7o para bagagem.<\/p>\r\n\r\n\r\n\r\n<h4 class=\"wp-block-heading\"><span class=\"ez-toc-section\" id=\"Our_Recommendation_Astra_SPX\"><\/span>Nossa recomenda\u00e7\u00e3o: Astra SPX<span class=\"ez-toc-section-end\"><\/span><\/h4>\r\n\r\n\r\n\r\n<p>A Israel Aircraft Industries desenvolveu o Astra SPX na d\u00e9cada de 90. No in\u00edcio dos anos 2000, <a href=\"https:\/\/comparemyjet.com\/pt_br\/gulfstream\/\" data-internallinksmanager029f6b8e52c=\"175\" title=\"Guia final para jatos particulares e aeronaves Gulfstream\">Gulfstream<\/a> comprou o projeto e o chamou de G-100.&nbsp;<\/p>\r\n\r\n\r\n\r\n<p>O Astra SPX oferece acomoda\u00e7\u00e3o para sete viajantes. A cabine inclui um div\u00e3 para tr\u00eas pessoas que permite que voc\u00ea se estique e descanse, e um assento de banheiro com cinto de seguran\u00e7a.&nbsp;<\/p>\r\n\r\n\r\n\r\n<p>Especifica\u00e7\u00f5es e amenidades:<\/p>\r\n\r\n\r\n\r\n<ul class=\"wp-block-list\"><li>Pode acomodar sete passageiros;<\/li><li>A faixa m\u00e1xima de v\u00f4o \u00e9 de 2790 nm;<\/li><li>Uma velocidade m\u00e1xima de 470 n\u00f3s;<\/li><li>Um lavat\u00f3rio fechado em tamanho real;&nbsp;<\/li><li>Uma grande galera da frente;<\/li><li>GoGo 5G Internet de Alta Velocidade;&nbsp;<\/li><li>Luzes LCD e telefone via sat\u00e9lite;&nbsp;<\/li><li>Um sistema de entretenimento em v\u00f4o;<\/li><li>A altura da cabine \u00e9 de 5' 6\";<\/li><li>O comprimento da cabine \u00e9 de 17' 1\";<\/li><li>O espa\u00e7o interno para bagagem \u00e9 de 9 p\u00e9s c\u00fabicos;<\/li><li>O espa\u00e7o externo para bagagem \u00e9 de 42 p\u00e9s c\u00fabicos;<\/li><li>Pode ser operado por dois pilotos.<\/li><\/ul>\r\n\r\n\r\n\r\n<p>A Concord Private Jet oferece uma variedade de modelos de jatos nesta classe de aeronaves privadas de m\u00e9dio porte, tais como <em>Falcon 20\/200, Cita\u00e7\u00e3o III\/VI\/VII, G150, Cita\u00e7\u00e3o Excel\/XLS, Hawker 800\/800XP\/900, Learjet 45\/55\/60, <\/em>e nossa recomenda\u00e7\u00e3o <em>Astra SPX<\/em>.<\/p>\r\n\r\n\r\n\r\n<h3 class=\"wp-block-heading\"><span class=\"ez-toc-section\" id=\"3_Super-Midsize_Private_Jets\"><\/span>3. Jatos Privados Super-M\u00e9dios&nbsp;<span class=\"ez-toc-section-end\"><\/span><\/h3>\r\n\r\n\r\n\r\n<p>Com cabines amplas onde voc\u00ea pode se levantar confortavelmente e a capacidade de voar entre continentes, voc\u00ea descobrir\u00e1 porque voar com um jato particular \u00e9 a melhor maneira de viajar. Os jatos de m\u00e9dio porte t\u00eam maior resist\u00eancia do que os de m\u00e9dio porte e podem voar mais de 7 horas sem parar para combust\u00edvel.&nbsp;<\/p>\r\n\r\n\r\n\r\n<h4 class=\"wp-block-heading\"><span class=\"ez-toc-section\" id=\"Our_Recommendation_The_Citation_Sovereign\"><\/span>Nossa recomenda\u00e7\u00e3o: A Cita\u00e7\u00e3o Soberana<span class=\"ez-toc-section-end\"><\/span><\/h4>\r\n\r\n\r\n\r\n<p>O Cessna Citation Sovereign combina desempenho excepcional com luxo. Possui grande resist\u00eancia em campo curto e uma ampla faixa de v\u00f4o, o que o torna uma op\u00e7\u00e3o vers\u00e1til.&nbsp;<\/p>\r\n\r\n\r\n\r\n<p>A cabine espa\u00e7osa da Citation Sovereign inclui uma \u00e1rea completa para bebidas, assim como a configura\u00e7\u00e3o de assentos duplos. Viaje com estilo em um dos jatos particulares de m\u00e9dio porte mais luxuosos do ramo.<\/p>\r\n\r\n\r\n\r\n<p>Especifica\u00e7\u00f5es:<\/p>\r\n\r\n\r\n\r\n<ul class=\"wp-block-list\"><li>Pode acomodar nove passageiros;<\/li><li>Pode voar 7:15 horas sem parar;<\/li><li>Uma faixa de v\u00f4o m\u00e1xima de 3010 nm;<\/li><li>A altura da cabine \u00e9 de 5' 8\";<\/li><li>A largura da cabine \u00e9 de 5' 6\";<\/li><li>O comprimento da cabine \u00e9 de 25' 3\";<\/li><li>Um espa\u00e7o interno de bagagem de 35 p\u00e9s c\u00fabicos;<\/li><li>Velocidade m\u00e1xima de cruzeiro de 459 kts.<\/li><\/ul>\r\n\r\n\r\n\r\n<p>A Concord Private Jet oferece uma variedade de aeronaves privadas de m\u00e9dio porte, tais como <em>Cita\u00e7\u00e3o X, Gulfstream G200\/G280, Falcon 50 \/ 50EX, Challenger 300, <\/em>e nossa recomenda\u00e7\u00e3o <em>Cita\u00e7\u00e3o Sovereign.<\/em><\/p>\r\n\r\n\r\n\r\n<h3 class=\"wp-block-heading\"><span class=\"ez-toc-section\" id=\"4_Large_Private_Jets\"><\/span>4. Grandes Jatos Privados<span class=\"ez-toc-section-end\"><\/span><\/h3>\r\n\r\n\r\n\r\n<p>Se sua pr\u00f3xima viagem envolver um cross-country ou uma viagem intercontinental, a escolha de um jato desta classe de aeronave \u00e9 a escolha certa. Voc\u00ea receber\u00e1 um <a href=\"https:\/\/comparemyjet.com\/pt_br\/jatos-privados-rapidos\/\" data-internallinksmanager029f6b8e52c=\"183\" title=\"11 Os jatos particulares mais r\u00e1pidos do mundo [Com Fotos]\">jato r\u00e1pido<\/a> que n\u00e3o tem que parar para abastecer na maioria dos casos. Com um jato pesado, voc\u00ea recebe a melhor experi\u00eancia de viagem a jato particular e outro n\u00edvel de luxo.<\/p>\r\n\r\n\r\n\r\n<h4 class=\"wp-block-heading\"><span class=\"ez-toc-section\" id=\"Our_Recommendation_The_Falcon_900EX\"><\/span>Nossa recomenda\u00e7\u00e3o: O Falcon 900EX<span class=\"ez-toc-section-end\"><\/span><\/h4>\r\n\r\n\r\n\r\n<p>Com um alcance de 5.000 milhas, uma cabine extraordinariamente agrad\u00e1vel e um design revolucion\u00e1rio de tr\u00eas motores, o Falcon 900EX \u00e9 perfeito para v\u00f4os transoce\u00e2nicos e oferece uma tremenda flexibilidade.&nbsp;<\/p>\r\n\r\n\r\n\r\n<p>Especifica\u00e7\u00f5es e amenidades:<\/p>\r\n\r\n\r\n\r\n<ul class=\"wp-block-list\"><li>Operado por dois pilotos;<\/li><li>Pode acomodar doze passageiros;<\/li><li>Uma velocidade m\u00e1xima de cruzeiro de 870 kmph (470 kt);<\/li><li>Um alcance m\u00e1ximo de v\u00f4o de 5.180 milhas;<\/li><li>A altura da cabine \u00e9 de 6ft 2in;<\/li><li>O comprimento interior da cabine \u00e9 de 33 p\u00e9s 2 polegadas;<\/li><li>O volume do espa\u00e7o de bagagem \u00e9 de 127 p\u00e9s c\u00fabicos;<\/li><li>Uma galera;<\/li><li>Telefone via sat\u00e9lite, fax, sistema de entretenimento;<\/li><li>Dois banheiros e uma sala de maquiagem.<\/li><\/ul>\r\n\r\n\r\n\r\n<p>A Concord Private Jet oferece uma variedade de aeronaves privadas pesadas, tais como<em> S\u00e9rie Falcon 2000, Challenger 600\/601\/604, Global Express, s\u00e9rie Gulfstream, <\/em>e nossa recomenda\u00e7\u00e3o <em>Falcon 900EX.<\/em><\/p>\r\n\r\n\r\n\r\n<h2 class=\"wp-block-heading\"><span class=\"ez-toc-section\" id=\"Company_Safety_Policy_and_Standards\"><\/span>Pol\u00edtica e normas de seguran\u00e7a da empresa<span class=\"ez-toc-section-end\"><\/span><\/h2>\r\n\r\n\r\n\r\n<figure class=\"wp-block-image size-full is-style-default\"><img loading=\"lazy\" decoding=\"async\" width=\"1000\" height=\"707\" src=\"https:\/\/comparemyjet.com\/wp-content\/uploads\/2022\/07\/safejourney.jpg\" alt=\"\" class=\"wp-image-3073\" srcset=\"https:\/\/comparemyjet.com\/wp-content\/uploads\/2022\/07\/safejourney-18x12.jpg 18w, https:\/\/comparemyjet.com\/wp-content\/uploads\/2022\/07\/safejourney-300x212.jpg 300w, https:\/\/comparemyjet.com\/wp-content\/uploads\/2022\/07\/safejourney-768x543.jpg 768w, https:\/\/comparemyjet.com\/wp-content\/uploads\/2022\/07\/safejourney.jpg 1000w\" sizes=\"auto, (max-width: 1000px) 100vw, 1000px\" \/><\/figure>\r\n\r\n\r\n\r\n<p>Concord Private Jet coloca a seguran\u00e7a de seus clientes em primeiro lugar e s\u00f3 utiliza Platinum <a href=\"https:\/\/www.argus.aero\/\" target=\"_blank\" rel=\"noopener\">Argus<\/a> Operadores certificados de seguran\u00e7a. O grau de platina exige uma avalia\u00e7\u00e3o rigorosa no local realizada por inspetores qualificados, portanto, voar com operadores certificados \u00e9 muito mais seguro do que voar em um avi\u00e3o comercial.<\/p>\r\n\r\n\r\n\r\n<p>Se uma aeronave n\u00e3o cumprir os crit\u00e9rios de seguran\u00e7a, a empresa imediatamente lhe designa um novo avi\u00e3o para sua viagem.<\/p>\r\n\r\n\r\n\r\n<h2 class=\"wp-block-heading\"><span class=\"ez-toc-section\" id=\"Conclusion\"><\/span>Conclus\u00e3o<span class=\"ez-toc-section-end\"><\/span><\/h2>\r\n\r\n\r\n\r\n<p>O servi\u00e7o one-on-one distingue a Concord Private Jet de seus concorrentes corporativos. A empresa trabalha para garantir que todas as suas perguntas, preocupa\u00e7\u00f5es e necessidades sejam atendidas. O propriet\u00e1rio monitora pessoalmente cada viagem, certificando-se de que ela segue o cronograma, que o catering est\u00e1 no local e que o transporte terrestre est\u00e1 dispon\u00edvel no destino. Enquanto outras empresas cobram uma taxa por este tipo de servi\u00e7o, a Concord se orgulha de seu cart\u00e3o Jet Card com tudo inclu\u00eddo.&nbsp;<\/p>\r\n\r\n\r\n\r\n<p>Voc\u00ea pode se tornar um cliente e experimentar seus servi\u00e7os com um pouco ou nenhum compromisso.&nbsp;<\/p>","protected":false},"excerpt":{"rendered":"<p>A Concord Private Jet foi fundada com base no princ\u00edpio de fornecer os melhores avi\u00f5es a pre\u00e7os o mais baixos poss\u00edvel. A empresa opera como corretora de fretamento, arrendando fretamentos privados para seus clientes. O propriet\u00e1rio, Neal Impellizzeri, supervisiona cada Cart\u00e3o de Acesso da Frota e assegura que tudo, desde a programa\u00e7\u00e3o at\u00e9 o catering ou a transfer\u00eancia, seja perfeito ...<\/p>","protected":false},"author":2,"featured_media":3071,"parent":0,"menu_order":0,"comment_status":"closed","ping_status":"closed","template":"","meta":{"_acf_changed":false,"_genesis_hide_title":false,"_genesis_hide_breadcrumbs":false,"_genesis_hide_singular_image":false,"_genesis_hide_footer_widgets":false,"_genesis_custom_body_class":"","_genesis_custom_post_class":"","_genesis_layout":"","footnotes":""},"class_list":{"1":"page","2":"type-page","6":"entry"},"acf":[],"_links":{"self":[{"href":"https:\/\/comparemyjet.com\/pt_br\/wp-json\/wp\/v2\/pages\/3070","targetHints":{"allow":["GET"]}}],"collection":[{"href":"https:\/\/comparemyjet.com\/pt_br\/wp-json\/wp\/v2\/pages"}],"about":[{"href":"https:\/\/comparemyjet.com\/pt_br\/wp-json\/wp\/v2\/types\/page"}],"author":[{"embeddable":true,"href":"https:\/\/comparemyjet.com\/pt_br\/wp-json\/wp\/v2\/users\/2"}],"replies":[{"embeddable":true,"href":"https:\/\/comparemyjet.com\/pt_br\/wp-json\/wp\/v2\/comments?post=3070"}],"version-history":[{"count":2,"href":"https:\/\/comparemyjet.com\/pt_br\/wp-json\/wp\/v2\/pages\/3070\/revisions"}],"predecessor-version":[{"id":3438,"href":"https:\/\/comparemyjet.com\/pt_br\/wp-json\/wp\/v2\/pages\/3070\/revisions\/3438"}],"wp:featuredmedia":[{"embeddable":true,"href":"https:\/\/comparemyjet.com\/pt_br\/wp-json\/wp\/v2\/media\/3071"}],"wp:attachment":[{"href":"https:\/\/comparemyjet.com\/pt_br\/wp-json\/wp\/v2\/media?parent=3070"}],"curies":[{"name":"wp","href":"https:\/\/api.w.org\/{rel}","templated":true}]}}