{"id":3144,"date":"2022-07-23T00:30:19","date_gmt":"2022-07-23T00:30:19","guid":{"rendered":"https:\/\/comparemyjet.com\/?page_id=3144"},"modified":"2025-09-04T09:58:20","modified_gmt":"2025-09-04T09:58:20","slug":"fly-aeolus","status":"publish","type":"page","link":"https:\/\/comparemyjet.com\/pt_br\/fly-aeolus\/","title":{"rendered":"Pre\u00e7os de v\u00f4o da Aeolus Fly Aeolus"},"content":{"rendered":"<p>Fly Aeolus \u00e9 um belga <a href=\"https:\/\/comparemyjet.com\/pt_br\/how-much-does-air-taxi-cost\/\" data-internallinksmanager029f6b8e52c=\"23\" title=\"Quanto custa um t\u00e1xi a\u00e9reo?\">t\u00e1xi a\u00e9reo<\/a> (fretamento particular) que opera na Europa desde 2009. A empresa est\u00e1 sediada em Antu\u00e9rpia, com escrit\u00f3rios em <a href=\"https:\/\/comparemyjet.com\/pt_br\/passeios-particulares\/berlin-private-tours\/\" data-internallinksmanager029f6b8e52c=\"254\" title=\"11 melhores passeios particulares em Berlim a partir de $68.86\">Berlim<\/a> e Roterd\u00e3.&nbsp;<\/p>\r\n\r\n\r\n\r\n<p>Voc\u00ea pode voar de mais de 1.500 aeroportos atrav\u00e9s do continente europeu em uma de suas aeronaves Cirrus SR-22 que \u00e9 considerada uma das aeronaves monomotoras mais seguras da ind\u00fastria da avia\u00e7\u00e3o. Vamos ver o que mais a empresa tem a oferecer.<\/p>\r\n\r\n\r\n\r\n<div id=\"ez-toc-container\" class=\"ez-toc-v2_0_76 counter-hierarchy ez-toc-counter ez-toc-grey ez-toc-container-direction\">\n<p class=\"ez-toc-title\" style=\"cursor:inherit\">T\u00f3picos<\/p>\n<label for=\"ez-toc-cssicon-toggle-item-69f236fd72fee\" class=\"ez-toc-cssicon-toggle-label\"><span class=\"\"><span class=\"eztoc-hide\" style=\"display:none;\">Alternar<\/span><span class=\"ez-toc-icon-toggle-span\"><svg style=\"fill: #999;color:#999\" xmlns=\"http:\/\/www.w3.org\/2000\/svg\" class=\"list-377408\" width=\"20px\" height=\"20px\" viewbox=\"0 0 24 24\" fill=\"none\"><path d=\"M6 6H4v2h2V6zm14 0H8v2h12V6zM4 11h2v2H4v-2zm16 0H8v2h12v-2zM4 16h2v2H4v-2zm16 0H8v2h12v-2z\" fill=\"currentColor\"><\/path><\/svg><svg style=\"fill: #999;color:#999\" class=\"arrow-unsorted-368013\" xmlns=\"http:\/\/www.w3.org\/2000\/svg\" width=\"10px\" height=\"10px\" viewbox=\"0 0 24 24\" version=\"1.2\" baseprofile=\"tiny\"><path d=\"M18.2 9.3l-6.2-6.3-6.2 6.3c-.2.2-.3.4-.3.7s.1.5.3.7c.2.2.4.3.7.3h11c.3 0 .5-.1.7-.3.2-.2.3-.5.3-.7s-.1-.5-.3-.7zM5.8 14.7l6.2 6.3 6.2-6.3c.2-.2.3-.5.3-.7s-.1-.5-.3-.7c-.2-.2-.4-.3-.7-.3h-11c-.3 0-.5.1-.7.3-.2.2-.3.5-.3.7s.1.5.3.7z\"\/><\/svg><\/span><\/span><\/label><input type=\"checkbox\"  id=\"ez-toc-cssicon-toggle-item-69f236fd72fee\" checked aria-label=\"Alternar\" \/><nav><ul class='ez-toc-list ez-toc-list-level-1' ><li class='ez-toc-page-1 ez-toc-heading-level-2'><a class=\"ez-toc-link ez-toc-heading-1\" href=\"https:\/\/comparemyjet.com\/pt_br\/fly-aeolus\/#Company_History\" >Hist\u00f3ria da empresa<\/a><\/li><li class='ez-toc-page-1 ez-toc-heading-level-2'><a class=\"ez-toc-link ez-toc-heading-2\" href=\"https:\/\/comparemyjet.com\/pt_br\/fly-aeolus\/#Pricing\" >Fixa\u00e7\u00e3o de pre\u00e7os<\/a><\/li><li class='ez-toc-page-1 ez-toc-heading-level-2'><a class=\"ez-toc-link ez-toc-heading-3\" href=\"https:\/\/comparemyjet.com\/pt_br\/fly-aeolus\/#Membership_Programs\" >Programas de ades\u00e3o<\/a><ul class='ez-toc-list-level-3' ><li class='ez-toc-heading-level-3'><a class=\"ez-toc-link ez-toc-heading-4\" href=\"https:\/\/comparemyjet.com\/pt_br\/fly-aeolus\/#Pay_As_You_Fly\" >Pague como voc\u00ea voa<\/a><\/li><li class='ez-toc-page-1 ez-toc-heading-level-3'><a class=\"ez-toc-link ez-toc-heading-5\" href=\"https:\/\/comparemyjet.com\/pt_br\/fly-aeolus\/#Personal_Membership\" >Afilia\u00e7\u00e3o pessoal<\/a><\/li><li class='ez-toc-page-1 ez-toc-heading-level-3'><a class=\"ez-toc-link ez-toc-heading-6\" href=\"https:\/\/comparemyjet.com\/pt_br\/fly-aeolus\/#Business_Membership\" >Associa\u00e7\u00e3o empresarial<\/a><\/li><\/ul><\/li><li class='ez-toc-page-1 ez-toc-heading-level-2'><a class=\"ez-toc-link ez-toc-heading-7\" href=\"https:\/\/comparemyjet.com\/pt_br\/fly-aeolus\/#The_Fleet\" >A Frota&nbsp;<\/a><ul class='ez-toc-list-level-3' ><li class='ez-toc-heading-level-3'><a class=\"ez-toc-link ez-toc-heading-8\" href=\"https:\/\/comparemyjet.com\/pt_br\/fly-aeolus\/#1_Light_Private_Jets\" >1. Jatos particulares leves<\/a><ul class='ez-toc-list-level-4' ><li class='ez-toc-heading-level-4'><a class=\"ez-toc-link ez-toc-heading-9\" href=\"https:\/\/comparemyjet.com\/pt_br\/fly-aeolus\/#Our_Recommendation_The_Cirrus_SR22\" >Nossa recomenda\u00e7\u00e3o: O Cirrus SR22<\/a><\/li><\/ul><\/li><\/ul><\/li><li class='ez-toc-page-1 ez-toc-heading-level-2'><a class=\"ez-toc-link ez-toc-heading-10\" href=\"https:\/\/comparemyjet.com\/pt_br\/fly-aeolus\/#Cancellation_Insurance\" >Seguro de cancelamento<\/a><\/li><li class='ez-toc-page-1 ez-toc-heading-level-2'><a class=\"ez-toc-link ez-toc-heading-11\" href=\"https:\/\/comparemyjet.com\/pt_br\/fly-aeolus\/#De-icing_Insurance\" >Seguro contra degelo<\/a><\/li><li class='ez-toc-page-1 ez-toc-heading-level-2'><a class=\"ez-toc-link ez-toc-heading-12\" href=\"https:\/\/comparemyjet.com\/pt_br\/fly-aeolus\/#Fly_Aeolus_Taxi_Service\" >Servi\u00e7o de t\u00e1xi Fly Aeolus<\/a><\/li><li class='ez-toc-page-1 ez-toc-heading-level-2'><a class=\"ez-toc-link ez-toc-heading-13\" href=\"https:\/\/comparemyjet.com\/pt_br\/fly-aeolus\/#Pet_Policy\" >Pol\u00edtica de animais de estima\u00e7\u00e3o<\/a><\/li><li class='ez-toc-page-1 ez-toc-heading-level-2'><a class=\"ez-toc-link ez-toc-heading-14\" href=\"https:\/\/comparemyjet.com\/pt_br\/fly-aeolus\/#Company_Safety_Policy_and_Standards\" >Pol\u00edtica e normas de seguran\u00e7a da empresa<\/a><\/li><li class='ez-toc-page-1 ez-toc-heading-level-2'><a class=\"ez-toc-link ez-toc-heading-15\" href=\"https:\/\/comparemyjet.com\/pt_br\/fly-aeolus\/#Company_Staff\" >Pessoal da empresa<\/a><\/li><li class='ez-toc-page-1 ez-toc-heading-level-2'><a class=\"ez-toc-link ez-toc-heading-16\" href=\"https:\/\/comparemyjet.com\/pt_br\/fly-aeolus\/#Conclusion\" >Conclus\u00e3o<\/a><\/li><\/ul><\/nav><\/div>\n<h2 class=\"wp-block-heading\"><span class=\"ez-toc-section\" id=\"Company_History\"><\/span>Hist\u00f3ria da empresa<span class=\"ez-toc-section-end\"><\/span><\/h2>\r\n\r\n\r\n\r\n<p>A Fly Aeolus foi criada em 2009 pelos co-fundadores e entusiastas da avia\u00e7\u00e3o Stefaan Ghijs e Vincent Wigmans. Ghijs tem mestrado em engenharia aeron\u00e1utica, enquanto Wigmans tinha experi\u00eancia na ind\u00fastria privada de reparos aeron\u00e1uticos.&nbsp;<\/p>\r\n\r\n\r\n\r\n<p>O primeiro v\u00f4o da empresa ocorreu de Antu\u00e9rpia, B\u00e9lgica, para Vichy, Fran\u00e7a, em 2011. A Fly Aeolus logo expandiu a \u00e1rea de opera\u00e7\u00f5es para incluir todo o continente, come\u00e7ando com destinos na Alemanha e Holanda.&nbsp;<\/p>\r\n\r\n\r\n\r\n<p>Em 2015, a Fly Aeolus estabeleceu uma parceria com a empresa belga de t\u00e1xi a\u00e9reo SkyCab, enquanto em 2019 eles fundaram a Fly Aeolus Aircraft Sales and Acquisitions, uma nova filial da Fly Aeolus.<\/p>\r\n\r\n\r\n\r\n<p>Um acordo de propriedade fracion\u00e1ria \u00e9 a base do servi\u00e7o da empresa. Os propriet\u00e1rios privados disponibilizam seus avi\u00f5es para loca\u00e7\u00e3o e recebem uma comiss\u00e3o por cada hora voada.&nbsp;<\/p>\r\n\r\n\r\n\r\n<h2 class=\"wp-block-heading\"><span class=\"ez-toc-section\" id=\"Pricing\"><\/span>Fixa\u00e7\u00e3o de pre\u00e7os<span class=\"ez-toc-section-end\"><\/span><\/h2>\r\n\r\n\r\n\r\n<p>Fly Aeolus cobra uma taxa fixa para todos os v\u00f4os. O pre\u00e7o \u00e9 determinado com base em seu itiner\u00e1rio de viagem - as circunst\u00e2ncias de sua viagem, as horas de v\u00f4o, e se \u00e9 de ida ou de volta. Se voc\u00ea quiser gastar menos, a melhor maneira \u00e9 reservar uma viagem de ida e volta no mesmo dia, e voc\u00ea pode sempre compartilhar o v\u00f4o e dividir o custo trazendo companheiros de viagem.<\/p>\r\n\r\n\r\n\r\n<p>A Fly Aeolus \u00e9 administrada em regime de propriedade compartilhada. A empresa cobra uma taxa de entrada de 995,00 euros (sem IVA) aos novos clientes, tornando-os acionistas de uma aeronave da frota da Fly Aeolus. Se decidir n\u00e3o utilizar seus servi\u00e7os ap\u00f3s o registro, a Fly Aeolus devolver\u00e1 a taxa menos uma taxa de administra\u00e7\u00e3o de 150,00 euros. Voc\u00ea pode ter um v\u00f4o experimental antes do registro para experimentar o jato e ver se \u00e9 o que voc\u00ea est\u00e1 procurando.<\/p>\r\n\r\n\r\n\r\n<h2 class=\"wp-block-heading\"><span class=\"ez-toc-section\" id=\"Membership_Programs\"><\/span>Programas de ades\u00e3o<span class=\"ez-toc-section-end\"><\/span><\/h2>\r\n\r\n\r\n\r\n<p>Os programas de ades\u00e3o \u00e0 Fly Aeolus pretendem economizar dinheiro e tempo dos passageiros em v\u00f4os continentais, j\u00e1 que todos os jatos e pilotos j\u00e1 est\u00e3o localizados na Europa, pois permitem aos membros economizar 5-10% em v\u00f4os em compara\u00e7\u00e3o com o custo de varejo para n\u00e3o-membros. Vamos explor\u00e1-los brevemente.<\/p>\r\n\r\n\r\n\r\n<h3 class=\"wp-block-heading\"><span class=\"ez-toc-section\" id=\"Pay_As_You_Fly\"><\/span>Pague como voc\u00ea voa<span class=\"ez-toc-section-end\"><\/span><\/h3>\r\n\r\n\r\n\r\n<p>Voc\u00ea n\u00e3o precisa ser um membro para voar com o Cirrus SR-22; h\u00e1 uma op\u00e7\u00e3o de pagamento \u00e0 medida que voc\u00ea voa. Fly Aeolus tem uma calculadora online que o ajudar\u00e1 a planejar e reservar sua pr\u00f3xima viagem, a qual voc\u00ea pode acessar a partir da\u00ed <a href=\"https:\/\/flyaeolus.com\/plan-book\/\" target=\"_blank\" rel=\"noopener\">link<\/a> para informa\u00e7\u00f5es mais detalhadas.<\/p>\r\n\r\n\r\n\r\n<h3 class=\"wp-block-heading\"><span class=\"ez-toc-section\" id=\"Personal_Membership\"><\/span>Afilia\u00e7\u00e3o pessoal<span class=\"ez-toc-section-end\"><\/span><\/h3>\r\n\r\n\r\n\r\n<p>O programa de Associa\u00e7\u00e3o Pessoal \u00e9 projetado para viajantes regulares. Com este programa, voc\u00ea ter\u00e1 um desconto de 5% em cada v\u00f4o, mais o seguro de cancelamento que est\u00e1 inclu\u00eddo no pre\u00e7o.&nbsp;<\/p>\r\n\r\n\r\n\r\n<h3 class=\"wp-block-heading\"><span class=\"ez-toc-section\" id=\"Business_Membership\"><\/span>Associa\u00e7\u00e3o empresarial<span class=\"ez-toc-section-end\"><\/span><\/h3>\r\n\r\n\r\n\r\n<p>A Fly Aeolus oferece o programa de Associa\u00e7\u00e3o Comercial para viajantes freq\u00fcentes. Para se tornar membro \u00e9 necess\u00e1rio pagar uma taxa mensal de 100,00 euros. Voc\u00ea ter\u00e1 um desconto de 10% em todos os seus v\u00f4os, mais seguro de cancelamento e assist\u00eancia na reserva de t\u00e1xi, tudo inclu\u00eddo no pre\u00e7o.<\/p>\r\n\r\n\r\n\r\n<h2 class=\"wp-block-heading\"><span class=\"ez-toc-section\" id=\"The_Fleet\"><\/span>A Frota&nbsp;<span class=\"ez-toc-section-end\"><\/span><\/h2>\r\n\r\n\r\n\r\n<figure class=\"wp-block-image size-full is-style-default\"><img loading=\"lazy\" decoding=\"async\" width=\"1000\" height=\"667\" src=\"https:\/\/comparemyjet.com\/wp-content\/uploads\/2022\/07\/The-Cirrus-SR22.jpg\" alt=\"Voe E\u00f3lus\" class=\"wp-image-3145\" srcset=\"https:\/\/comparemyjet.com\/wp-content\/uploads\/2022\/07\/The-Cirrus-SR22-18x12.jpg 18w, https:\/\/comparemyjet.com\/wp-content\/uploads\/2022\/07\/The-Cirrus-SR22-300x200.jpg 300w, https:\/\/comparemyjet.com\/wp-content\/uploads\/2022\/07\/The-Cirrus-SR22-768x512.jpg 768w, https:\/\/comparemyjet.com\/wp-content\/uploads\/2022\/07\/The-Cirrus-SR22.jpg 1000w\" sizes=\"auto, (max-width: 1000px) 100vw, 1000px\" \/><\/figure>\r\n\r\n\r\n\r\n<p>A Fly Aeolus tem uma frota de apenas aeronaves Cirrus SR-22. E isto n\u00e3o \u00e9 uma coincid\u00eancia - estes avi\u00f5es s\u00e3o considerados um dos jatos monomotores mais seguros da ind\u00fastria da avia\u00e7\u00e3o pela COPA (Cirrus Owners &amp; Pilots Association) e pela AOPA (Aircraft Owners &amp; Pilots Association), gra\u00e7as ao Cirrus Airframe Parachute System. A Fly Aeolus \u00e9 o maior fornecedor de Cirrus da Europa, com 15 aeronaves SR-22 em servi\u00e7o, cada uma das quais pode transportar at\u00e9 tr\u00eas passageiros.&nbsp;<\/p>\r\n\r\n\r\n\r\n<h3 class=\"wp-block-heading\"><span class=\"ez-toc-section\" id=\"1_Light_Private_Jets\"><\/span>1. Jatos particulares leves<span class=\"ez-toc-section-end\"><\/span><\/h3>\r\n\r\n\r\n\r\n<p>Os jatos particulares leves s\u00e3o perfeitos para viagens a pequenos aeroportos e locais de dif\u00edcil acesso, permitindo que voc\u00ea visite montanhas inacess\u00edveis e belas praias.<\/p>\r\n\r\n\r\n\r\n<h4 class=\"wp-block-heading\"><span class=\"ez-toc-section\" id=\"Our_Recommendation_The_Cirrus_SR22\"><\/span>Nossa recomenda\u00e7\u00e3o: O Cirrus SR22<span class=\"ez-toc-section-end\"><\/span><\/h4>\r\n\r\n\r\n\r\n<p>Um Cirrus SR22 \u00e9 um jato composto fabricado pela Cirrus Aircraft em 2001. \u00c9 uma variante mais potente do Cirrus CIRRUS SR-20, apresentando uma asa maior e maior capacidade de combust\u00edvel com trem de pouso fixo.<\/p>\r\n\r\n\r\n\r\n<p>Trata-se de uma aeronave de quatro lugares (1 piloto e tr\u00eas passageiros), projetada para aterrissar em aeroportos locais. O Cirrus SR22 fornece acesso a mais de 1.500 aeroportos ao redor da Europa, permitindo aterrissar em aeroportos locais que os v\u00f4os comerciais raramente visitam.&nbsp;<\/p>\r\n\r\n\r\n\r\n<p>Os avi\u00f5es Cirrus t\u00eam uma capacidade de bagagem de 10 quilos por passageiro e s\u00e3o as \u00fanicas aeronaves com um sistema de p\u00e1ra-quedas para opera\u00e7\u00f5es de emerg\u00eancia para todo o avi\u00e3o como equipamento padr\u00e3o.<\/p>\r\n\r\n\r\n\r\n<p>Especifica\u00e7\u00f5es:<\/p>\r\n\r\n\r\n\r\n<ul class=\"wp-block-list\"><li>Passageiros: 3;<\/li><li>Largura da cabine: 4 p\u00e9s 1 pol;<\/li><li>Volume da cabine: 137 cu ft;<\/li><li>Altura da cabine: 4 p\u00e9s 2 polegadas;<\/li><li>Comprimento da cabine: 8 p\u00e9s;<\/li><li>Bagagem interna: 32 cu ft;<\/li><li>Velocidade m\u00e1xima: 186 kts;<\/li><li>Alcance m\u00e1ximo: 1100 nm;<\/li><li>Tripula\u00e7\u00e3o: 1;<\/li><li>Sem lavat\u00f3rio;<\/li><li>Sem WiFi.<\/li><\/ul>\r\n\r\n\r\n\r\n<h2 class=\"wp-block-heading\"><span class=\"ez-toc-section\" id=\"Cancellation_Insurance\"><\/span>Seguro de cancelamento<span class=\"ez-toc-section-end\"><\/span><\/h2>\r\n\r\n\r\n\r\n<p>A Fly Aeolus oferece seguro de cancelamento, que custa 200 euros (excluindo o Imposto sobre Valor Agregado), que lhe permite cancelar ou adiar seu v\u00f4o se seus planos forem interrompidos por uma ocorr\u00eancia imprevista.&nbsp;<\/p>\r\n\r\n\r\n\r\n<p>Se voc\u00ea n\u00e3o desejar pagar o custo do seguro de cancelamento e seu v\u00f4o for cancelado ou adiado ap\u00f3s a confirma\u00e7\u00e3o, voc\u00ea estar\u00e1 sujeito a encargos adicionais. Se voc\u00ea cancelar seu v\u00f4o entre 7 dias e 24 horas antes do hor\u00e1rio de partida programado, a Fly Aeolus cobrar\u00e1 uma taxa de 25% do total das despesas de v\u00f4o. Se o cancelamento ocorrer entre 24 a 5 horas antes do v\u00f4o, a empresa cobrar\u00e1 uma taxa de cancelamento de 50% do total das despesas de v\u00f4o. Uma taxa de cancelamento de 100% do total das despesas de v\u00f4o ser\u00e1 cobrada se o cancelamento ocorrer menos de 5 horas antes da hora programada de partida ou se voc\u00ea n\u00e3o comparecer.<\/p>\r\n\r\n\r\n\r\n<h2 class=\"wp-block-heading\"><span class=\"ez-toc-section\" id=\"De-icing_Insurance\"><\/span>Seguro contra degelo<span class=\"ez-toc-section-end\"><\/span><\/h2>\r\n\r\n\r\n\r\n<figure class=\"wp-block-image size-full is-style-default\"><img loading=\"lazy\" decoding=\"async\" width=\"1000\" height=\"667\" src=\"https:\/\/comparemyjet.com\/wp-content\/uploads\/2022\/07\/De-icing-Insurance.jpg\" alt=\"\" class=\"wp-image-3146\" srcset=\"https:\/\/comparemyjet.com\/wp-content\/uploads\/2022\/07\/De-icing-Insurance-18x12.jpg 18w, https:\/\/comparemyjet.com\/wp-content\/uploads\/2022\/07\/De-icing-Insurance-300x200.jpg 300w, https:\/\/comparemyjet.com\/wp-content\/uploads\/2022\/07\/De-icing-Insurance-768x512.jpg 768w, https:\/\/comparemyjet.com\/wp-content\/uploads\/2022\/07\/De-icing-Insurance.jpg 1000w\" sizes=\"auto, (max-width: 1000px) 100vw, 1000px\" \/><\/figure>\r\n\r\n\r\n\r\n<p>Este tipo de seguro vir\u00e1 a calhar, especialmente durante os meses mais frios. A Fly Aeolus o aconselha a tomar este servi\u00e7o antes da decolagem.&nbsp;<\/p>\r\n\r\n\r\n\r\n<p>Durante o inverno, o t\u00e1xi a\u00e9reo pode ficar coberto de gelo ou neve, e qualquer gelo e neve devem ser limpos antes de poderem decolar. Os custos associados s\u00e3o dif\u00edceis de prever, por isso a empresa oferece algumas op\u00e7\u00f5es de seguro de degelo com base no perigo de degelo, para que voc\u00ea se sinta \u00e0 vontade.<\/p>\r\n\r\n\r\n\r\n<ul class=\"wp-block-list\"><li>At\u00e9 cinco dias antes da partida, o seguro de degelo lhe custar\u00e1 150,00 euros (IVA exclu\u00eddo) para um v\u00f4o de ida.<\/li><li>Entre 5 e 72 horas antes da partida, este seguro lhe custar\u00e1 250,00 euros (sem IVA) para uma viagem de ida.<\/li><li>Entre 72 e 24 horas antes da partida, voc\u00ea precisar\u00e1 pagar at\u00e9 350,00 euros (sem IVA) por um seguro de degelo de um s\u00f3 sentido.<\/li><\/ul>\r\n\r\n\r\n\r\n<p>Se voc\u00ea n\u00e3o escolher uma das op\u00e7\u00f5es acima, voc\u00ea ser\u00e1 cobrado todas as taxas de degelo necess\u00e1rias ap\u00f3s a viagem.<\/p>\r\n\r\n\r\n\r\n<h2 class=\"wp-block-heading\"><span class=\"ez-toc-section\" id=\"Fly_Aeolus_Taxi_Service\"><\/span>Servi\u00e7o de t\u00e1xi Fly Aeolus<span class=\"ez-toc-section-end\"><\/span><\/h2>\r\n\r\n\r\n\r\n<p>A Fly Aeolus pode fazer uma reserva de t\u00e1xi para voc\u00ea com um de seus parceiros de t\u00e1xi freq\u00fcentes. Deixe-os saber seu destino, e eles se certificar\u00e3o de que o t\u00e1xi estar\u00e1 esperando por voc\u00ea quando voc\u00ea chegar ao aeroporto. Se algu\u00e9m for busc\u00e1-lo no aeroporto, a empresa se oferece para enviar seus dados de v\u00f4o espec\u00edficos para que seus amigos ou familiares possam rastrear o t\u00e1xi a\u00e9reo em tempo real.<\/p>\r\n\r\n\r\n\r\n<h2 class=\"wp-block-heading\"><span class=\"ez-toc-section\" id=\"Pet_Policy\"><\/span>Pol\u00edtica de animais de estima\u00e7\u00e3o<span class=\"ez-toc-section-end\"><\/span><\/h2>\r\n\r\n\r\n\r\n<p>Ao voar comercial, voc\u00ea pode trazer seu animal de estima\u00e7\u00e3o na aeronave se o comprimento do transportador for inferior a 47 cm, sua largura inferior a 30 cm, e sua altura inferior a 27 cm. O animal de estima\u00e7\u00e3o tamb\u00e9m deve estar abaixo de seu assento em um transportador designado e n\u00e3o deve pesar mais de 10 quilos. Por quest\u00f5es de seguran\u00e7a, voc\u00ea n\u00e3o pode abrir o porta-avi\u00f5es ou relocaliz\u00e1-lo. Esta parece ser a maior desvantagem que eles t\u00eam em compara\u00e7\u00e3o com outros transportadores charter privados, mas ainda assim \u00e9 prefer\u00edvel voar com eles no departamento de carga em um v\u00f4o comercial.<\/p>\r\n\r\n\r\n\r\n<p>Levar seu animal de estima\u00e7\u00e3o em seu v\u00f4o particular \u00e9 uma hist\u00f3ria totalmente diferente. Fly Aeolus trata qualquer animal de estima\u00e7\u00e3o que voa com eles como um convidado, assegurando que seu animal de estima\u00e7\u00e3o desfrute de uma viagem calma e agrad\u00e1vel.<\/p>\r\n\r\n\r\n\r\n<p>Seu animal de estima\u00e7\u00e3o n\u00e3o ficar\u00e1 preso no compartimento de bagagem; eles podem se aconchegar ao seu lado em um cobertor, e voc\u00ea pode ter certeza de que seu animal de estima\u00e7\u00e3o est\u00e1 confort\u00e1vel e seguro.&nbsp;<\/p>\r\n\r\n\r\n\r\n<p>Embora voc\u00ea possa viajar com seu animal de estima\u00e7\u00e3o, viajar com ele implica algum planejamento antecipado, voc\u00ea pode seguir este <a href=\"https:\/\/flyaeolus.com\/blog\/pet-travel-private-jet-air-taxi\/\" target=\"_blank\" rel=\"noopener\">link<\/a> para informa\u00e7\u00f5es adicionais sobre o transporte de seu animal de estima\u00e7\u00e3o com a Aeolus.<\/p>\r\n\r\n\r\n\r\n<h2 class=\"wp-block-heading\"><span class=\"ez-toc-section\" id=\"Company_Safety_Policy_and_Standards\"><\/span>Pol\u00edtica e normas de seguran\u00e7a da empresa<span class=\"ez-toc-section-end\"><\/span><\/h2>\r\n\r\n\r\n\r\n<p>Todos os seus avi\u00f5es s\u00e3o examinados regularmente, e os pilotos s\u00e3o verificados clinicamente anualmente. Al\u00e9m disso, todas as aeronaves s\u00e3o equipadas com um CAPS (Cirrus Airframe Parachute System), que \u00e9 um sistema de recupera\u00e7\u00e3o de p\u00e1ra-quedas bal\u00edsticos para avi\u00f5es inteiros, constru\u00eddo exclusivamente para aeronaves Cirrus.<\/p>\r\n\r\n\r\n\r\n<h2 class=\"wp-block-heading\"><span class=\"ez-toc-section\" id=\"Company_Staff\"><\/span>Pessoal da empresa<span class=\"ez-toc-section-end\"><\/span><\/h2>\r\n\r\n\r\n\r\n<p>A equipe da Aeolus inclui especialistas de diversos campos da avia\u00e7\u00e3o executiva e pilotos e instrutores qualificados de Cirrus. Todos os pilotos da Fly Aeolus possuem licen\u00e7a de piloto comercial (CPL) ou licen\u00e7a de piloto de avi\u00e3o (ATPL), t\u00eam 500 horas ou mais de v\u00f4o e passaram pelo programa de treinamento Cirrus SR22.&nbsp;<\/p>\r\n\r\n\r\n\r\n<h2 class=\"wp-block-heading\"><span class=\"ez-toc-section\" id=\"Conclusion\"><\/span>Conclus\u00e3o<span class=\"ez-toc-section-end\"><\/span><\/h2>\r\n\r\n\r\n\r\n<figure class=\"wp-block-image size-full is-style-default\"><img loading=\"lazy\" decoding=\"async\" width=\"1000\" height=\"667\" src=\"https:\/\/comparemyjet.com\/wp-content\/uploads\/2022\/07\/cute.dog_.dressed.as_.a.pilot_.standing.infront.of_.a.jet_.jpg\" alt=\"\" class=\"wp-image-3147\" srcset=\"https:\/\/comparemyjet.com\/wp-content\/uploads\/2022\/07\/cute.dog_.dressed.as_.a.pilot_.standing.infront.of_.a.jet_-18x12.jpg 18w, https:\/\/comparemyjet.com\/wp-content\/uploads\/2022\/07\/cute.dog_.dressed.as_.a.pilot_.standing.infront.of_.a.jet_-300x200.jpg 300w, https:\/\/comparemyjet.com\/wp-content\/uploads\/2022\/07\/cute.dog_.dressed.as_.a.pilot_.standing.infront.of_.a.jet_-768x512.jpg 768w, https:\/\/comparemyjet.com\/wp-content\/uploads\/2022\/07\/cute.dog_.dressed.as_.a.pilot_.standing.infront.of_.a.jet_.jpg 1000w\" sizes=\"auto, (max-width: 1000px) 100vw, 1000px\" \/><\/figure>\r\n\r\n\r\n\r\n<p>A Fly Aeolus \u00e9 a primeira empresa na Europa a utilizar um modelo de propriedade fracionada para fornecer servi\u00e7os de t\u00e1xi a\u00e9reo utilizando aeronaves de pist\u00e3o simples. A empresa tamb\u00e9m oferece tr\u00eas programas distintos de jet card e d\u00e1 acesso a mais de 1.000 pequenos aeroportos em toda a Europa, utilizando sua frota Cirrus SR22. Se voc\u00ea quiser fazer turismo ou estiver viajando com apenas um par de companheiros, a Fly Aeolus \u00e9 seu servi\u00e7o de t\u00e1xi a\u00e9reo.&nbsp;<\/p>","protected":false},"excerpt":{"rendered":"<p>A Fly Aeolus \u00e9 um servi\u00e7o belga de t\u00e1xi a\u00e9reo (fretamento privado) que opera na Europa desde 2009. A empresa est\u00e1 sediada em Antu\u00e9rpia, com escrit\u00f3rios em Berlim e Roterd\u00e3.  Voc\u00ea pode voar a partir de mais de 1.500 aeroportos em todo o continente europeu em uma de suas aeronaves Cirrus SR-22, que \u00e9 considerada um dos jatos monomotores mais seguros da ...<\/p>","protected":false},"author":2,"featured_media":3098,"parent":0,"menu_order":0,"comment_status":"closed","ping_status":"closed","template":"","meta":{"_acf_changed":false,"_genesis_hide_title":false,"_genesis_hide_breadcrumbs":false,"_genesis_hide_singular_image":false,"_genesis_hide_footer_widgets":false,"_genesis_custom_body_class":"","_genesis_custom_post_class":"","_genesis_layout":"","footnotes":""},"class_list":{"1":"page","2":"type-page","6":"entry"},"acf":[],"_links":{"self":[{"href":"https:\/\/comparemyjet.com\/pt_br\/wp-json\/wp\/v2\/pages\/3144","targetHints":{"allow":["GET"]}}],"collection":[{"href":"https:\/\/comparemyjet.com\/pt_br\/wp-json\/wp\/v2\/pages"}],"about":[{"href":"https:\/\/comparemyjet.com\/pt_br\/wp-json\/wp\/v2\/types\/page"}],"author":[{"embeddable":true,"href":"https:\/\/comparemyjet.com\/pt_br\/wp-json\/wp\/v2\/users\/2"}],"replies":[{"embeddable":true,"href":"https:\/\/comparemyjet.com\/pt_br\/wp-json\/wp\/v2\/comments?post=3144"}],"version-history":[{"count":2,"href":"https:\/\/comparemyjet.com\/pt_br\/wp-json\/wp\/v2\/pages\/3144\/revisions"}],"predecessor-version":[{"id":3444,"href":"https:\/\/comparemyjet.com\/pt_br\/wp-json\/wp\/v2\/pages\/3144\/revisions\/3444"}],"wp:featuredmedia":[{"embeddable":true,"href":"https:\/\/comparemyjet.com\/pt_br\/wp-json\/wp\/v2\/media\/3098"}],"wp:attachment":[{"href":"https:\/\/comparemyjet.com\/pt_br\/wp-json\/wp\/v2\/media?parent=3144"}],"curies":[{"name":"wp","href":"https:\/\/api.w.org\/{rel}","templated":true}]}}