{"id":3172,"date":"2022-08-10T21:51:12","date_gmt":"2022-08-10T21:51:12","guid":{"rendered":"https:\/\/comparemyjet.com\/?page_id=3172"},"modified":"2025-09-04T09:58:21","modified_gmt":"2025-09-04T09:58:21","slug":"hopscotch-air","status":"publish","type":"page","link":"https:\/\/comparemyjet.com\/pt_br\/hopscotch-air\/","title":{"rendered":"Pre\u00e7os de V\u00f4o A\u00e9reo Hopscotch"},"content":{"rendered":"<p>Hopscotch Air \u00e9 uma tecnologia de ponta <a href=\"https:\/\/comparemyjet.com\/pt_br\/how-much-does-air-taxi-cost\/\" data-internallinksmanager029f6b8e52c=\"23\" title=\"Quanto custa um t\u00e1xi a\u00e9reo?\">t\u00e1xi a\u00e9reo<\/a> empresa que voa passageiros pelo Nordeste, meio Atl\u00e2ntico e Canad\u00e1 em pequenas mas tecnologicamente sofisticadas aeronaves Cirrus Aircraft. A empresa foi certificada em 2009 e agora voa aproximadamente 1400 viagens por ano, a uma fra\u00e7\u00e3o do custo de v\u00f4os charter regulares, principalmente devido \u00e0 economia mais barata da aeronave.<\/p>\r\n\r\n\r\n\r\n<p>A Hopscotch Air \u00e9 pioneira nos servi\u00e7os de t\u00e1xi a\u00e9reo para pequenos avi\u00f5es no Nordeste e planeja oferecer novos servi\u00e7os a\u00e9reos regionais para as localidades populares do Nordeste at\u00e9 o final de 2022.&nbsp;<\/p>\r\n\r\n\r\n\r\n<div id=\"ez-toc-container\" class=\"ez-toc-v2_0_76 counter-hierarchy ez-toc-counter ez-toc-grey ez-toc-container-direction\">\n<p class=\"ez-toc-title\" style=\"cursor:inherit\">T\u00f3picos<\/p>\n<label for=\"ez-toc-cssicon-toggle-item-69f16a1b819c5\" class=\"ez-toc-cssicon-toggle-label\"><span class=\"\"><span class=\"eztoc-hide\" style=\"display:none;\">Alternar<\/span><span class=\"ez-toc-icon-toggle-span\"><svg style=\"fill: #999;color:#999\" xmlns=\"http:\/\/www.w3.org\/2000\/svg\" class=\"list-377408\" width=\"20px\" height=\"20px\" viewbox=\"0 0 24 24\" fill=\"none\"><path d=\"M6 6H4v2h2V6zm14 0H8v2h12V6zM4 11h2v2H4v-2zm16 0H8v2h12v-2zM4 16h2v2H4v-2zm16 0H8v2h12v-2z\" fill=\"currentColor\"><\/path><\/svg><svg style=\"fill: #999;color:#999\" class=\"arrow-unsorted-368013\" xmlns=\"http:\/\/www.w3.org\/2000\/svg\" width=\"10px\" height=\"10px\" viewbox=\"0 0 24 24\" version=\"1.2\" baseprofile=\"tiny\"><path d=\"M18.2 9.3l-6.2-6.3-6.2 6.3c-.2.2-.3.4-.3.7s.1.5.3.7c.2.2.4.3.7.3h11c.3 0 .5-.1.7-.3.2-.2.3-.5.3-.7s-.1-.5-.3-.7zM5.8 14.7l6.2 6.3 6.2-6.3c.2-.2.3-.5.3-.7s-.1-.5-.3-.7c-.2-.2-.4-.3-.7-.3h-11c-.3 0-.5.1-.7.3-.2.2-.3.5-.3.7s.1.5.3.7z\"\/><\/svg><\/span><\/span><\/label><input type=\"checkbox\"  id=\"ez-toc-cssicon-toggle-item-69f16a1b819c5\" checked aria-label=\"Alternar\" \/><nav><ul class='ez-toc-list ez-toc-list-level-1' ><li class='ez-toc-page-1 ez-toc-heading-level-2'><a class=\"ez-toc-link ez-toc-heading-1\" href=\"https:\/\/comparemyjet.com\/pt_br\/hopscotch-air\/#About_the_Company\" >Sobre a empresa<\/a><\/li><li class='ez-toc-page-1 ez-toc-heading-level-2'><a class=\"ez-toc-link ez-toc-heading-2\" href=\"https:\/\/comparemyjet.com\/pt_br\/hopscotch-air\/#Membership_Programs\" >Programas de ades\u00e3o<\/a><ul class='ez-toc-list-level-3' ><li class='ez-toc-heading-level-3'><a class=\"ez-toc-link ez-toc-heading-3\" href=\"https:\/\/comparemyjet.com\/pt_br\/hopscotch-air\/#ClubScotch\" >ClubScotch<\/a><\/li><\/ul><\/li><li class='ez-toc-page-1 ez-toc-heading-level-2'><a class=\"ez-toc-link ez-toc-heading-4\" href=\"https:\/\/comparemyjet.com\/pt_br\/hopscotch-air\/#Destinations_and_Pricing\" >Destinos e pre\u00e7os<\/a><\/li><li class='ez-toc-page-1 ez-toc-heading-level-2'><a class=\"ez-toc-link ez-toc-heading-5\" href=\"https:\/\/comparemyjet.com\/pt_br\/hopscotch-air\/#The_Fleet\" >A Frota&nbsp;<\/a><ul class='ez-toc-list-level-3' ><li class='ez-toc-heading-level-3'><a class=\"ez-toc-link ez-toc-heading-6\" href=\"https:\/\/comparemyjet.com\/pt_br\/hopscotch-air\/#1_Very_Light_Jets\" >1. Jatos muito leves<\/a><ul class='ez-toc-list-level-4' ><li class='ez-toc-heading-level-4'><a class=\"ez-toc-link ez-toc-heading-7\" href=\"https:\/\/comparemyjet.com\/pt_br\/hopscotch-air\/#Our_Recommendation_The_Cirrus_SR20\" >Nossa recomenda\u00e7\u00e3o: O Cirrus SR20&nbsp;<\/a><\/li><li class='ez-toc-page-1 ez-toc-heading-level-4'><a class=\"ez-toc-link ez-toc-heading-8\" href=\"https:\/\/comparemyjet.com\/pt_br\/hopscotch-air\/#Our_Recommendation_The_Cirrus_SR22\" >Nossa recomenda\u00e7\u00e3o: O Cirrus SR22<\/a><\/li><\/ul><\/li><\/ul><\/li><li class='ez-toc-page-1 ez-toc-heading-level-2'><a class=\"ez-toc-link ez-toc-heading-9\" href=\"https:\/\/comparemyjet.com\/pt_br\/hopscotch-air\/#Company_Safety_Policy_and_Standards\" >Pol\u00edtica e normas de seguran\u00e7a da empresa&nbsp;<\/a><\/li><li class='ez-toc-page-1 ez-toc-heading-level-2'><a class=\"ez-toc-link ez-toc-heading-10\" href=\"https:\/\/comparemyjet.com\/pt_br\/hopscotch-air\/#Partnerships\" >Parcerias<\/a><\/li><li class='ez-toc-page-1 ez-toc-heading-level-2'><a class=\"ez-toc-link ez-toc-heading-11\" href=\"https:\/\/comparemyjet.com\/pt_br\/hopscotch-air\/#Conclusion\" >Conclus\u00e3o<\/a><\/li><\/ul><\/nav><\/div>\n<h2 class=\"wp-block-heading\"><span class=\"ez-toc-section\" id=\"About_the_Company\"><\/span>Sobre a empresa<span class=\"ez-toc-section-end\"><\/span><\/h2>\r\n\r\n\r\n\r\n<p>Hopscotch Air \u00e9 um <a href=\"https:\/\/www.faa.gov\/\" target=\"_blank\" rel=\"noopener\">FAA<\/a>-certificada transportadora a\u00e9rea sediada em <a href=\"https:\/\/comparemyjet.com\/pt_br\/passeios-particulares\/passeios-particulares-pela-cidade-de-nova-york\/\" data-internallinksmanager029f6b8e52c=\"427\" title=\"11 melhores passeios particulares em Nova York a partir de $48.00\">Nova Iorque<\/a>com centros localizados nos Aeroportos Republic Farmingdale, Westchester County, e Teterboro.&nbsp;<\/p>\r\n\r\n\r\n\r\n<p>A empresa tem sua pr\u00f3pria frota de aeronaves e fornece um programa de ades\u00e3o, com taxas de entrada e ades\u00e3o que come\u00e7am em $3.900. O programa de entrada \u00e9 o Jet Card, um servi\u00e7o de pagamento com pre\u00e7o fixo e fixo por rota.&nbsp;<\/p>\r\n\r\n\r\n\r\n<p>Vamos explorar estes programas de ades\u00e3o com mais detalhes.<\/p>\r\n\r\n\r\n\r\n<h2 class=\"wp-block-heading\"><span class=\"ez-toc-section\" id=\"Membership_Programs\"><\/span>Programas de ades\u00e3o<span class=\"ez-toc-section-end\"><\/span><\/h2>\r\n\r\n\r\n\r\n<figure class=\"wp-block-image size-full is-style-default\"><img loading=\"lazy\" decoding=\"async\" width=\"1000\" height=\"667\" src=\"https:\/\/comparemyjet.com\/wp-content\/uploads\/2022\/07\/cirrus.sr_.22.jpg\" alt=\"\" class=\"wp-image-3174\" srcset=\"https:\/\/comparemyjet.com\/wp-content\/uploads\/2022\/07\/cirrus.sr_.22-18x12.jpg 18w, https:\/\/comparemyjet.com\/wp-content\/uploads\/2022\/07\/cirrus.sr_.22-300x200.jpg 300w, https:\/\/comparemyjet.com\/wp-content\/uploads\/2022\/07\/cirrus.sr_.22-768x512.jpg 768w, https:\/\/comparemyjet.com\/wp-content\/uploads\/2022\/07\/cirrus.sr_.22.jpg 1000w\" sizes=\"auto, (max-width: 1000px) 100vw, 1000px\" \/><\/figure>\r\n\r\n\r\n\r\n<p>A empresa iniciou seu programa de filia\u00e7\u00e3o em 2019. Os membros pagam $325 por m\u00eas e desfrutam de descontos exclusivos e outros benef\u00edcios.&nbsp;<\/p>\r\n\r\n\r\n\r\n<p>Voc\u00ea pode se tornar um membro entrando em contato com eles em seu <a href=\"https:\/\/flyhopscotch.com\/join-clubscotch\/\" target=\"_blank\" rel=\"noopener\">website<\/a>.<\/p>\r\n\r\n\r\n\r\n<h3 class=\"wp-block-heading\"><span class=\"ez-toc-section\" id=\"ClubScotch\"><\/span>ClubScotch<span class=\"ez-toc-section-end\"><\/span><\/h3>\r\n\r\n\r\n\r\n<p>Por todo o Nordeste, o meio Atl\u00e2ntico e o Canad\u00e1, Hopscotch o levar\u00e1 para centenas de aeroportos, desde o menor at\u00e9 o maior. Seus avi\u00f5es podem transport\u00e1-lo para aeroportos menores e menos lotados, mais pr\u00f3ximos ao seu destino final. Todos os v\u00f4os partem de acordo com seu hor\u00e1rio.<\/p>\r\n\r\n\r\n\r\n<p>Para tornar-se um membro do ClubScoth, voc\u00ea deve assumir um compromisso de um ano. Voc\u00ea pode optar por pagar $325 por m\u00eas ou $3.250 por ano.<\/p>\r\n\r\n\r\n\r\n<p>A programa\u00e7\u00e3o priorit\u00e1ria est\u00e1 dispon\u00edvel para os membros, assim como o r\u00e1pido acesso \u00e0 sua equipe de Experi\u00eancia do Cliente. Como membro do ClubScotch, voc\u00ea \u00e9 eleg\u00edvel para compromissos de \u00faltima hora e tempo de espera gratuito por at\u00e9 15 horas. Voc\u00ea pode usar essas 15 horas de propaga\u00e7\u00e3o gratuita durante o ano inteiro. Isso \u00e9 um desconto de mais de $1.000 por ano.<\/p>\r\n\r\n\r\n\r\n<p>Talvez voc\u00ea queira passar a noite em seu destino? Um pernoite gratuito \u00e9 oferecido uma vez por ano (<a href=\"https:\/\/comparemyjet.com\/pt_br\/hotels\/\" data-internallinksmanager029f6b8e52c=\"470\" title=\"100 melhores hot\u00e9is pr\u00f3ximos a aeroportos de todo o mundo\">hotel<\/a> e alimentos n\u00e3o inclu\u00eddos). Seu avi\u00e3o o aguardar\u00e1 no dia seguinte para completar a viagem de ida e volta.&nbsp;<\/p>\r\n\r\n\r\n\r\n<p>A pol\u00edtica de cancelamento da empresa permite que voc\u00ea altere sua data\/rota, e \u00e9 bastante flex\u00edvel para os membros. Voc\u00ea n\u00e3o ser\u00e1 cobrado por nenhuma modifica\u00e7\u00e3o que fizer durante sua viagem. Os n\u00e3o-membros t\u00eam 48 horas para cancelar v\u00f4os para reembolso, enquanto os membros t\u00eam 24 horas.<\/p>\r\n\r\n\r\n\r\n<p>As maiores vantagens que os membros do ClubScotch obt\u00eam \u00e9 que, em geral, eles geralmente pagam cerca de 25% a menos do que os n\u00e3o-membros pelo custo de varejo, e t\u00eam acesso ao site ClubScotch para verificar seu hist\u00f3rico de v\u00f4os e saldo de conta on-line.<\/p>\r\n\r\n\r\n\r\n<h2 class=\"wp-block-heading\"><span class=\"ez-toc-section\" id=\"Destinations_and_Pricing\"><\/span>Destinos e pre\u00e7os<span class=\"ez-toc-section-end\"><\/span><\/h2>\r\n\r\n\r\n\r\n<p>Os SR22 geralmente pegam os passageiros nos aeroportos da cidade de Nova York, e os destinos mais distantes s\u00e3o o oeste para <a href=\"https:\/\/comparemyjet.com\/pt_br\/private-jet-charters-to-chicago\/\" data-internallinksmanager029f6b8e52c=\"170\" title=\"Carros a jato particulares para Chicago\">Chicago<\/a> ou do sul para a Carolina do Sul.&nbsp;<\/p>\r\n\r\n\r\n\r\n<p>A tabela a seguir inclui pre\u00e7os para uma viagem de ida no mesmo dia partindo de White Plains, Farmingdale, e Teterboro.&nbsp;<\/p>\r\n\r\n\r\n\r\n<figure class=\"wp-block-table\"><table><tbody><tr><td>Destinos<\/td><td>Pre\u00e7os unidirecionais<\/td><\/tr><tr><td><a href=\"https:\/\/comparemyjet.com\/pt_br\/passeios-particulares\/philadelphia-private-tours\/\" data-internallinksmanager029f6b8e52c=\"430\" title=\"11 melhores passeios particulares na Filad\u00e9lfia a partir de $245.00\">Philadelphia<\/a>&nbsp;<\/td><td>$1,956<\/td><\/tr><tr><td>Cidade do Atl\u00e2ntico&nbsp;<\/td><td>$2,019<\/td><\/tr><tr><td>Newport&nbsp;<\/td><td>$2,144<\/td><\/tr><tr><td><a href=\"https:\/\/comparemyjet.com\/pt_br\/private-jet-charters-to-boston\/\" data-internallinksmanager029f6b8e52c=\"177\" title=\"Carros a jato particulares para Boston\">Boston<\/a> - Bedford&nbsp;<\/td><td>$2,426<\/td><\/tr><tr><td>Martha's Vineyard&nbsp;<\/td><td>$2,489<\/td><\/tr><tr><td>Nantucket&nbsp;<\/td><td>$2,802<\/td><\/tr><tr><td>Cidade Provincial&nbsp;<\/td><td>$2,834<\/td><\/tr><tr><td>Boston - Logan&nbsp;<\/td><td>$2,888<\/td><\/tr><tr><td>Burlington&nbsp;<\/td><td>$3,335<\/td><\/tr><\/tbody><\/table><\/figure>\r\n\r\n\r\n\r\n<p>A Hopscotch atende o nordeste dos Estados Unidos, a regi\u00e3o do meio do Atl\u00e2ntico e partes de Ont\u00e1rio e Quebec. S\u00e3o populares as escapadelas de primavera e ver\u00e3o:<\/p>\r\n\r\n\r\n\r\n<ul class=\"wp-block-list\"><li>Cabo Cod,&nbsp;<\/li><li>Provincetown, Provincetown,&nbsp;<\/li><li>Martha's Vineyard,&nbsp;<\/li><li>East Hampton,&nbsp;<\/li><li>Burlington,&nbsp;<\/li><li><a href=\"https:\/\/comparemyjet.com\/pt_br\/passeios-particulares\/portland-private-tours\/\" data-internallinksmanager029f6b8e52c=\"432\" title=\"11 melhores passeios particulares em Portland a partir de $48.00\">Portland<\/a>,&nbsp;<\/li><li>Ilha do Bloco,&nbsp;<\/li><li>Grande Barrington,&nbsp;<\/li><li>e Stowe.&nbsp;<\/li><\/ul>\r\n\r\n\r\n\r\n<p>Entretanto, eles tamb\u00e9m voam para locais remotos no norte do estado de Nova York, Massachusetts, Pensilv\u00e2nia e Nova Zel\u00e2ndia. <a href=\"https:\/\/comparemyjet.com\/pt_br\/private-jet-charters-to-jersey\/\" data-internallinksmanager029f6b8e52c=\"176\" title=\"Carros a jato particulares para Jersey\">Jersey<\/a>. Os destinos da New England est\u00e3o entre as rotas mais populares da Hopscotch Air.<\/p>\r\n\r\n\r\n\r\n<p>N\u00e3o h\u00e1 garantia de disponibilidade de aeronaves, e as tarifas s\u00e3o fixadas com base na rota.<\/p>\r\n\r\n\r\n\r\n<h2 class=\"wp-block-heading\"><span class=\"ez-toc-section\" id=\"The_Fleet\"><\/span>A Frota&nbsp;<span class=\"ez-toc-section-end\"><\/span><\/h2>\r\n\r\n\r\n\r\n<figure class=\"wp-block-image size-full is-style-default\"><img loading=\"lazy\" decoding=\"async\" width=\"1000\" height=\"606\" src=\"https:\/\/comparemyjet.com\/wp-content\/uploads\/2022\/07\/cirrus.fleet_.jpg\" alt=\"\" class=\"wp-image-3173\" srcset=\"https:\/\/comparemyjet.com\/wp-content\/uploads\/2022\/07\/cirrus.fleet_-18x12.jpg 18w, https:\/\/comparemyjet.com\/wp-content\/uploads\/2022\/07\/cirrus.fleet_-300x182.jpg 300w, https:\/\/comparemyjet.com\/wp-content\/uploads\/2022\/07\/cirrus.fleet_-768x465.jpg 768w, https:\/\/comparemyjet.com\/wp-content\/uploads\/2022\/07\/cirrus.fleet_.jpg 1000w\" sizes=\"auto, (max-width: 1000px) 100vw, 1000px\" \/><\/figure>\r\n\r\n\r\n\r\n<p>A Hopscotch Air \u00e9 uma empresa de t\u00e1xi a\u00e9reo que opera uma frota de aeronaves Cirrus SR-20\/22. Estes avi\u00f5es podem voar at\u00e9 800 milhas sem parar para reabastecer.&nbsp;<\/p>\r\n\r\n\r\n\r\n<p>Mesmo que os v\u00f4os com um avi\u00e3o monomotor a pist\u00e3o demorem mais do que os v\u00f4os em um jato, eles podem pousar em aeroportos menores com pistas mais curtas e s\u00e3o perfeitos para uma festa de tr\u00eas pessoas. Os avi\u00f5es de cirrus podem ter acesso a milhares de aeroportos p\u00fablicos na regi\u00e3o Nordeste.<\/p>\r\n\r\n\r\n\r\n<h3 class=\"wp-block-heading\"><span class=\"ez-toc-section\" id=\"1_Very_Light_Jets\"><\/span>1. Jatos muito leves<span class=\"ez-toc-section-end\"><\/span><\/h3>\r\n\r\n\r\n\r\n<p>O jato muito leve \u00e9 a forma menor e mais econ\u00f4mica de um jato privado. Eles s\u00e3o ideais para viagens mais curtas em pequenas dist\u00e2ncias, com um alcance de aproximadamente 2.000 milhas e uma velocidade hor\u00e1ria de mais de 600 mph. Estes avi\u00f5es s\u00e3o ideais para viagens regionais e normalmente acomodam de 3 a 6 pessoas.<\/p>\r\n\r\n\r\n\r\n<h4 class=\"wp-block-heading\"><span class=\"ez-toc-section\" id=\"Our_Recommendation_The_Cirrus_SR20\"><\/span>Nossa recomenda\u00e7\u00e3o: O Cirrus SR20&nbsp;<span class=\"ez-toc-section-end\"><\/span><\/h4>\r\n\r\n\r\n\r\n<p>Cirrus Aircraft of Duluth, Minnesota, fabrica o Cirrus SR20, um monoplano composto de quatro assentos acionado por um motor a pist\u00e3o.<\/p>\r\n\r\n\r\n\r\n<p>O SR20 foi a primeira aeronave de avia\u00e7\u00e3o geral equipada com um p\u00e1ra-quedas para aterrissar em seguran\u00e7a durante emerg\u00eancias. \u00c9 tamb\u00e9m a primeira aeronave leve constru\u00edda inteiramente de materiais compostos.<\/p>\r\n\r\n\r\n\r\n<p>Especifica\u00e7\u00f5es e desempenho do Cirrus SR20:<\/p>\r\n\r\n\r\n\r\n<ul class=\"wp-block-list\"><li>Passageiros: 3;<\/li><li>Altura exterior: 8 p\u00e9s e 11 polegadas;<\/li><li>Comprimento externo: 26 p\u00e9s;<\/li><li>Largura da cabine: 4 p\u00e9s 1 pol;<\/li><li>Altura da cabine: 4 p\u00e9s 2 polegadas;<\/li><li>Comprimento da cabine: 10 p\u00e9s e 10 polegadas;<\/li><li>Taxa de subida: 920 fpm;<\/li><li>Cruzeiro normal: 155 kts;<\/li><li>Velocidade m\u00e1xima: 155 kts;<\/li><li>Alcance m\u00e1ximo: 785 nm;<\/li><li>Capacidade de combust\u00edvel: 336 libras libras libras;<\/li><li>Carga \u00fatil m\u00e1xima: 720 lb;<\/li><li>Tripula\u00e7\u00e3o: 1.<\/li><\/ul>\r\n\r\n\r\n\r\n<h4 class=\"wp-block-heading\"><span class=\"ez-toc-section\" id=\"Our_Recommendation_The_Cirrus_SR22\"><\/span>Nossa recomenda\u00e7\u00e3o: O Cirrus SR22<span class=\"ez-toc-section-end\"><\/span><\/h4>\r\n\r\n\r\n\r\n<p>O Cirrus SR22 foi meticulosamente projetado para proporcionar a voc\u00ea a melhor experi\u00eancia de v\u00f4o. Ele oferece uma sofisticada inova\u00e7\u00e3o t\u00e9cnica, desempenho estimulante e um talento inigual\u00e1vel. O interior espa\u00e7oso do SR22, que oferece bastante espa\u00e7o para as pernas dos passageiros, \u00e9 uma de suas caracter\u00edsticas mais fortes.<\/p>\r\n\r\n\r\n\r\n<p>Especifica\u00e7\u00f5es e desempenho do Cirrus SR22:<\/p>\r\n\r\n\r\n\r\n<ul class=\"wp-block-list\"><li>Passageiros: 4;<\/li><li>Altura exterior: 8 p\u00e9s e 11 polegadas;<\/li><li>Espa\u00e7amento das asas: 38 p\u00e9s 4 polegadas;<\/li><li>Comprimento externo: 26 p\u00e9s;<\/li><li>Volume da cabine: 137 cu ft;<\/li><li>Largura da cabine: 4 p\u00e9s 1 pol;<\/li><li>Altura da cabine: 4 p\u00e9s 2 polegadas;<\/li><li>Comprimento da cabine: 8 p\u00e9s;<\/li><li>Bagagem interna: 32 cu ft;<\/li><li>Capacidade de combust\u00edvel: 486 libras lb;<\/li><li>Carga \u00fatil m\u00e1xima: 950 lb;<\/li><li>Velocidade m\u00e1xima: 186 kts;<\/li><li>Alcance de v\u00f4o: 659 nm - 1100 nm;<\/li><li>Dist\u00e2ncia de pouso: 4005 p\u00e9s;<\/li><li>Taxa de subida: 1400 fpm;<\/li><li>Tripula\u00e7\u00e3o: 1.<\/li><\/ul>\r\n\r\n\r\n\r\n<h2 class=\"wp-block-heading\"><span class=\"ez-toc-section\" id=\"Company_Safety_Policy_and_Standards\"><\/span>Pol\u00edtica e normas de seguran\u00e7a da empresa&nbsp;<span class=\"ez-toc-section-end\"><\/span><\/h2>\r\n\r\n\r\n\r\n<figure class=\"wp-block-image size-full is-style-default\"><img loading=\"lazy\" decoding=\"async\" width=\"1000\" height=\"662\" src=\"https:\/\/comparemyjet.com\/wp-content\/uploads\/2022\/07\/pilot.greeting.young_.couple-1.jpg\" alt=\"Hopscotch Air\" class=\"wp-image-3176\" srcset=\"https:\/\/comparemyjet.com\/wp-content\/uploads\/2022\/07\/pilot.greeting.young_.couple-1-18x12.jpg 18w, https:\/\/comparemyjet.com\/wp-content\/uploads\/2022\/07\/pilot.greeting.young_.couple-1-300x199.jpg 300w, https:\/\/comparemyjet.com\/wp-content\/uploads\/2022\/07\/pilot.greeting.young_.couple-1-768x508.jpg 768w, https:\/\/comparemyjet.com\/wp-content\/uploads\/2022\/07\/pilot.greeting.young_.couple-1.jpg 1000w\" sizes=\"auto, (max-width: 1000px) 100vw, 1000px\" \/><\/figure>\r\n\r\n\r\n\r\n<p>O sofisticado conv\u00e9s de combate e piloto autom\u00e1tico do SR 22\/20 permite o v\u00f4o com um \u00fanico piloto, mas os jatos v\u00eam com um p\u00e1ra-quedas de emerg\u00eancia de avi\u00e3o completo que, de acordo com a empresa, \u00e9 um ponto-chave de venda para os consumidores.<\/p>\r\n\r\n\r\n\r\n<p>SR 20\/22 tamb\u00e9m s\u00e3o <a href=\"https:\/\/www.faa.gov\/about\/office_org\/headquarters_offices\/ato\/service_units\/techops\/navservices\/gnss\/waas\" target=\"_blank\" rel=\"noopener\">WAAS (Wide Area Augmentation System)<\/a>) capazes e certificados para voar sob situa\u00e7\u00f5es dif\u00edceis de gelo. Al\u00e9m disso, os jatos v\u00eam com WAAS, um sistema combinado de solo\/GPS que permite que as aeronaves fa\u00e7am aterrissagens precisas em aeroportos onde um <a href=\"https:\/\/skybrary.aero\/articles\/instrument-landing-system-ils\" target=\"_blank\" rel=\"noopener\">ILS<\/a> n\u00e3o est\u00e1 presente ou operacional.<\/p>\r\n\r\n\r\n\r\n<p>Nassau Flyers, uma f\u00e1brica pr\u00f3xima da Cirrus - oficina de reparos autorizada, faz todas as modifica\u00e7\u00f5es e outras manuten\u00e7\u00f5es estruturais e de motores no solo.<\/p>\r\n\r\n\r\n\r\n<h2 class=\"wp-block-heading\"><span class=\"ez-toc-section\" id=\"Partnerships\"><\/span>Parcerias<span class=\"ez-toc-section-end\"><\/span><\/h2>\r\n\r\n\r\n\r\n<p>A Hopscotch e a Linear Air se uniram para operar o \u00fanico servi\u00e7o programado sem paradas ligando White Plains e a \u00e1rea do metr\u00f4 de Boston.<\/p>\r\n\r\n\r\n\r\n<p>Similar \u00e0 Hopscotch, Linear Air tamb\u00e9m opera Eclipse VLJs (jatos muito leves). Juntas, as duas empresas oferecem aos consumidores uma variedade de op\u00e7\u00f5es de velocidade e alcance para t\u00e1xis a\u00e9reos sob demanda.<\/p>\r\n\r\n\r\n\r\n<h2 class=\"wp-block-heading\"><span class=\"ez-toc-section\" id=\"Conclusion\"><\/span>Conclus\u00e3o<span class=\"ez-toc-section-end\"><\/span><\/h2>\r\n\r\n\r\n\r\n<p>Sob a marca ClubScotch Air, a Hopscotch Air oferece um programa de ades\u00e3o de pist\u00e3o monomotor Cirrus SR22 e SR20 em todo o Nordeste e Meio-Atl\u00e2ntico com pre\u00e7o de rota fixa. Cada avi\u00e3o pode acomodar at\u00e9 quatro passageiros.<\/p>\r\n\r\n\r\n\r\n<p>Devido ao n\u00famero crescente de clientes, a empresa planeja lan\u00e7ar uma nova frota de aeronaves turbo\u00e9lice de oito assentos para aumentar a capacidade, enquanto j\u00e1 assinou com a Transcend Air Corporation a compra das premiadas aeronaves Vy 400 verticais de decolagem e pouso. Esses avi\u00f5es ser\u00e3o utilizados para expandir as rotas n\u00e3o-aeroportu\u00e1rias.&nbsp;<\/p>\r\n\r\n\r\n\r\n<p>Ao contr\u00e1rio do charter t\u00edpico, a Hopscotch n\u00e3o cobra por hora nem acrescenta taxas de combust\u00edvel. No momento da reserva, eles fornecem um pre\u00e7o \u00fanico e fixo.&nbsp;<\/p>","protected":false},"excerpt":{"rendered":"<p>A Hopscotch Air \u00e9 uma empresa de t\u00e1xi a\u00e9reo de \u00faltima gera\u00e7\u00e3o que voa passageiros pelo Nordeste, pelo meio do Atl\u00e2ntico e pelo Canad\u00e1 em pequenas mas tecnologicamente sofisticadas aeronaves Cirrus Aircraft. A empresa foi certificada em 2009 e agora voa aproximadamente 1400 viagens por ano, a uma fra\u00e7\u00e3o do custo de v\u00f4os charter regulares, principalmente devido \u00e0 economia mais barata ...<\/p>","protected":false},"author":2,"featured_media":3175,"parent":0,"menu_order":0,"comment_status":"closed","ping_status":"closed","template":"","meta":{"_acf_changed":false,"_genesis_hide_title":false,"_genesis_hide_breadcrumbs":false,"_genesis_hide_singular_image":false,"_genesis_hide_footer_widgets":false,"_genesis_custom_body_class":"","_genesis_custom_post_class":"","_genesis_layout":"","footnotes":""},"class_list":{"1":"page","2":"type-page","6":"entry"},"acf":[],"_links":{"self":[{"href":"https:\/\/comparemyjet.com\/pt_br\/wp-json\/wp\/v2\/pages\/3172","targetHints":{"allow":["GET"]}}],"collection":[{"href":"https:\/\/comparemyjet.com\/pt_br\/wp-json\/wp\/v2\/pages"}],"about":[{"href":"https:\/\/comparemyjet.com\/pt_br\/wp-json\/wp\/v2\/types\/page"}],"author":[{"embeddable":true,"href":"https:\/\/comparemyjet.com\/pt_br\/wp-json\/wp\/v2\/users\/2"}],"replies":[{"embeddable":true,"href":"https:\/\/comparemyjet.com\/pt_br\/wp-json\/wp\/v2\/comments?post=3172"}],"version-history":[{"count":2,"href":"https:\/\/comparemyjet.com\/pt_br\/wp-json\/wp\/v2\/pages\/3172\/revisions"}],"predecessor-version":[{"id":3451,"href":"https:\/\/comparemyjet.com\/pt_br\/wp-json\/wp\/v2\/pages\/3172\/revisions\/3451"}],"wp:featuredmedia":[{"embeddable":true,"href":"https:\/\/comparemyjet.com\/pt_br\/wp-json\/wp\/v2\/media\/3175"}],"wp:attachment":[{"href":"https:\/\/comparemyjet.com\/pt_br\/wp-json\/wp\/v2\/media?parent=3172"}],"curies":[{"name":"wp","href":"https:\/\/api.w.org\/{rel}","templated":true}]}}