{"id":3182,"date":"2022-08-04T21:07:59","date_gmt":"2022-08-04T21:07:59","guid":{"rendered":"https:\/\/comparemyjet.com\/?page_id=3182"},"modified":"2025-09-04T09:58:20","modified_gmt":"2025-09-04T09:58:20","slug":"fxair","status":"publish","type":"page","link":"https:\/\/comparemyjet.com\/pt_br\/fxair\/","title":{"rendered":"Pre\u00e7os de v\u00f4o FXAIR"},"content":{"rendered":"<p>FXAIR \u00e9 uma empresa privada de charter relativamente nova que iniciou suas opera\u00e7\u00f5es em 2020. Desde ent\u00e3o, a empresa cresceu exponencialmente, em parte devido \u00e0 crescente popularidade das viagens a\u00e9reas privadas com a pandemia da COVID-19.<\/p>\r\n\r\n\r\n\r\n<p>FXAIR faz parte da fam\u00edlia de empresas de Avia\u00e7\u00e3o Direcional fundada por Ken Ricci, que inclui <a href=\"https:\/\/comparemyjet.com\/pt_br\/flexjet\/\" data-internallinksmanager029f6b8e52c=\"187\" title=\"Propriedade de jato fracionado Flexjet\">Flexjet<\/a>, <a href=\"https:\/\/comparemyjet.com\/pt_br\/sentient-jet\/\" data-internallinksmanager029f6b8e52c=\"106\" title=\"Pre\u00e7os de v\u00f4os de avi\u00e3o a jato sentenciados\">Jato Sentido<\/a>, <a href=\"https:\/\/comparemyjet.com\/pt_br\/privatefly\/\" data-internallinksmanager029f6b8e52c=\"115\" title=\"Pre\u00e7os de v\u00f4os PrivateFly\">PrivateFly<\/a>Tivoli, e FXAIR, assim como Nextant Aerospace (fabricante de jatos) e Sojourn Aviation (empresa de venda de jatos). Oferece um programa de filia\u00e7\u00e3o de afretamento e leasing de jatos particulares sob demanda. Vamos dar uma olhada nestes servi\u00e7os com mais detalhes, mas antes, uma palavra sobre a pr\u00f3pria empresa.<\/p>\r\n\r\n\r\n\r\n<div id=\"ez-toc-container\" class=\"ez-toc-v2_0_76 counter-hierarchy ez-toc-counter ez-toc-grey ez-toc-container-direction\">\n<p class=\"ez-toc-title\" style=\"cursor:inherit\">T\u00f3picos<\/p>\n<label for=\"ez-toc-cssicon-toggle-item-69de7d28983d0\" class=\"ez-toc-cssicon-toggle-label\"><span class=\"\"><span class=\"eztoc-hide\" style=\"display:none;\">Alternar<\/span><span class=\"ez-toc-icon-toggle-span\"><svg style=\"fill: #999;color:#999\" xmlns=\"http:\/\/www.w3.org\/2000\/svg\" class=\"list-377408\" width=\"20px\" height=\"20px\" viewbox=\"0 0 24 24\" fill=\"none\"><path d=\"M6 6H4v2h2V6zm14 0H8v2h12V6zM4 11h2v2H4v-2zm16 0H8v2h12v-2zM4 16h2v2H4v-2zm16 0H8v2h12v-2z\" fill=\"currentColor\"><\/path><\/svg><svg style=\"fill: #999;color:#999\" class=\"arrow-unsorted-368013\" xmlns=\"http:\/\/www.w3.org\/2000\/svg\" width=\"10px\" height=\"10px\" viewbox=\"0 0 24 24\" version=\"1.2\" baseprofile=\"tiny\"><path d=\"M18.2 9.3l-6.2-6.3-6.2 6.3c-.2.2-.3.4-.3.7s.1.5.3.7c.2.2.4.3.7.3h11c.3 0 .5-.1.7-.3.2-.2.3-.5.3-.7s-.1-.5-.3-.7zM5.8 14.7l6.2 6.3 6.2-6.3c.2-.2.3-.5.3-.7s-.1-.5-.3-.7c-.2-.2-.4-.3-.7-.3h-11c-.3 0-.5.1-.7.3-.2.2-.3.5-.3.7s.1.5.3.7z\"\/><\/svg><\/span><\/span><\/label><input type=\"checkbox\"  id=\"ez-toc-cssicon-toggle-item-69de7d28983d0\" checked aria-label=\"Alternar\" \/><nav><ul class='ez-toc-list ez-toc-list-level-1' ><li class='ez-toc-page-1 ez-toc-heading-level-2'><a class=\"ez-toc-link ez-toc-heading-1\" href=\"https:\/\/comparemyjet.com\/pt_br\/fxair\/#About_the_Company\" >Sobre a empresa<\/a><\/li><li class='ez-toc-page-1 ez-toc-heading-level-2'><a class=\"ez-toc-link ez-toc-heading-2\" href=\"https:\/\/comparemyjet.com\/pt_br\/fxair\/#Company_Membership_Program\" >Programa de afilia\u00e7\u00e3o de empresas<\/a><\/li><li class='ez-toc-page-1 ez-toc-heading-level-2'><a class=\"ez-toc-link ez-toc-heading-3\" href=\"https:\/\/comparemyjet.com\/pt_br\/fxair\/#On-Demand_Charter_Flight\" >V\u00f4o Fretado sob Demanda<\/a><\/li><li class='ez-toc-page-1 ez-toc-heading-level-2'><a class=\"ez-toc-link ez-toc-heading-4\" href=\"https:\/\/comparemyjet.com\/pt_br\/fxair\/#The_Fleet\" >A Frota&nbsp;<\/a><ul class='ez-toc-list-level-3' ><li class='ez-toc-heading-level-3'><a class=\"ez-toc-link ez-toc-heading-5\" href=\"https:\/\/comparemyjet.com\/pt_br\/fxair\/#1_Light_Private_Jets\" >1. Jatos particulares leves<\/a><ul class='ez-toc-list-level-4' ><li class='ez-toc-heading-level-4'><a class=\"ez-toc-link ez-toc-heading-6\" href=\"https:\/\/comparemyjet.com\/pt_br\/fxair\/#Our_Recommendation_The_Nextant_400XT\" >Nossa recomenda\u00e7\u00e3o: O Nextant 400XT<\/a><\/li><\/ul><\/li><li class='ez-toc-page-1 ez-toc-heading-level-3'><a class=\"ez-toc-link ez-toc-heading-7\" href=\"https:\/\/comparemyjet.com\/pt_br\/fxair\/#2_Midsize_Private_Jets\" >2. Jatos particulares de m\u00e9dio porte<\/a><ul class='ez-toc-list-level-4' ><li class='ez-toc-heading-level-4'><a class=\"ez-toc-link ez-toc-heading-8\" href=\"https:\/\/comparemyjet.com\/pt_br\/fxair\/#Our_Recommendation_The_Citation_Excel\" >Nossa recomenda\u00e7\u00e3o: A Cita\u00e7\u00e3o Excel<\/a><\/li><\/ul><\/li><li class='ez-toc-page-1 ez-toc-heading-level-3'><a class=\"ez-toc-link ez-toc-heading-9\" href=\"https:\/\/comparemyjet.com\/pt_br\/fxair\/#3_Super-Midsize_Private_Jets\" >3. Jatos Privados Super-M\u00e9dios&nbsp;<\/a><ul class='ez-toc-list-level-4' ><li class='ez-toc-heading-level-4'><a class=\"ez-toc-link ez-toc-heading-10\" href=\"https:\/\/comparemyjet.com\/pt_br\/fxair\/#Our_Recommendation_The_Falcon_50\" >Nossa recomenda\u00e7\u00e3o: O Falc\u00e3o 50&nbsp;<\/a><\/li><\/ul><\/li><li class='ez-toc-page-1 ez-toc-heading-level-3'><a class=\"ez-toc-link ez-toc-heading-11\" href=\"https:\/\/comparemyjet.com\/pt_br\/fxair\/#4_Large_Private_Jets\" >4. Grandes Jatos Privados<\/a><ul class='ez-toc-list-level-4' ><li class='ez-toc-heading-level-4'><a class=\"ez-toc-link ez-toc-heading-12\" href=\"https:\/\/comparemyjet.com\/pt_br\/fxair\/#Our_Recommendation_The_Gulfstream_GIV\" >Nossa recomenda\u00e7\u00e3o: O Gulfstream GIV<\/a><\/li><\/ul><\/li><li class='ez-toc-page-1 ez-toc-heading-level-3'><a class=\"ez-toc-link ez-toc-heading-13\" href=\"https:\/\/comparemyjet.com\/pt_br\/fxair\/#5_Ultra-Long-Range_Private_Jets\" >5. Jatos Privados de Ultra-Longo Alcance<\/a><ul class='ez-toc-list-level-4' ><li class='ez-toc-heading-level-4'><a class=\"ez-toc-link ez-toc-heading-14\" href=\"https:\/\/comparemyjet.com\/pt_br\/fxair\/#Our_Recommendation_Gulfstream_GV\" >Nossa recomenda\u00e7\u00e3o: Gulfstream GV<\/a><\/li><\/ul><\/li><\/ul><\/li><li class='ez-toc-page-1 ez-toc-heading-level-2'><a class=\"ez-toc-link ez-toc-heading-15\" href=\"https:\/\/comparemyjet.com\/pt_br\/fxair\/#Company_Safety_Policy_and_Standards\" >Pol\u00edtica e normas de seguran\u00e7a da empresa<\/a><\/li><li class='ez-toc-page-1 ez-toc-heading-level-2'><a class=\"ez-toc-link ez-toc-heading-16\" href=\"https:\/\/comparemyjet.com\/pt_br\/fxair\/#Conclusion\" >Conclus\u00e3o<\/a><\/li><\/ul><\/nav><\/div>\n<h2 class=\"wp-block-heading\"><span class=\"ez-toc-section\" id=\"About_the_Company\"><\/span>Sobre a empresa<span class=\"ez-toc-section-end\"><\/span><\/h2>\r\n\r\n\r\n\r\n<p>FXAIR \u00e9 uma empresa rec\u00e9m fundada pela Directional Aviation, com Andrew Collins como CEO e Gregg Slow como presidente, sediada em <a href=\"https:\/\/comparemyjet.com\/pt_br\/passeios-particulares\/passeios-particulares-pela-cidade-de-nova-york\/\" data-internallinksmanager029f6b8e52c=\"427\" title=\"11 melhores passeios particulares em Nova York a partir de $48.00\">Cidade de Nova York<\/a>.&nbsp;<\/p>\r\n\r\n\r\n\r\n<p>A FXAIR n\u00e3o tem frota pr\u00f3pria e utiliza a frota da Flexjet e outros operadores de terceiros. Atrav\u00e9s de seu Programa Aviador, a FXAIR d\u00e1 a seus clientes acesso priorit\u00e1rio aos avi\u00f5es desejados - mesmo em dias em que a demanda \u00e9 alta. As aeronaves no sistema FXAIR s\u00e3o fornecidas por empresas que aderem aos mais altos requisitos de seguran\u00e7a, que freq\u00fcentemente v\u00e3o al\u00e9m <a href=\"https:\/\/www.faa.gov\/\" target=\"_blank\" rel=\"noopener\">FAA<\/a> diretrizes.<\/p>\r\n\r\n\r\n\r\n<h2 class=\"wp-block-heading\"><span class=\"ez-toc-section\" id=\"Company_Membership_Program\"><\/span>Programa de afilia\u00e7\u00e3o de empresas<span class=\"ez-toc-section-end\"><\/span><\/h2>\r\n\r\n\r\n\r\n<p>O programa de ades\u00e3o inicial da FXAIR, a Conta Aviator, permite o acesso priorit\u00e1rio \u00e0s aeronaves Flexjet de segunda gera\u00e7\u00e3o. Voc\u00ea tamb\u00e9m pode tirar proveito de alguns incentivos e neg\u00f3cios especiais desenvolvidos exclusivamente para passageiros regulares, tais como reserva priorit\u00e1ria em dias de viagem movimentados.&nbsp;<\/p>\r\n\r\n\r\n\r\n<p>\u00c9 necess\u00e1rio um investimento m\u00ednimo de $100.000 para ativar este programa de ades\u00e3o. Como membro, voc\u00ea obter\u00e1 catering gratuito e Wi-Fi local de cortesia, assim como degelo sem custo e atualiza\u00e7\u00f5es gratuitas quando dispon\u00edveis. Se voc\u00ea reservar com pelo menos uma semana de anteced\u00eancia, poder\u00e1 voar atrav\u00e9s dos Estados Unidos em uma aeronave de cabine super-m\u00e9dia por uma taxa fixa de $32.000. O saldo de sua conta n\u00e3o tem uma data de vencimento e voc\u00ea pode obter um reembolso sobre as taxas de ades\u00e3o.<\/p>\r\n\r\n\r\n\r\n<h2 class=\"wp-block-heading\"><span class=\"ez-toc-section\" id=\"On-Demand_Charter_Flight\"><\/span>V\u00f4o Fretado sob Demanda<span class=\"ez-toc-section-end\"><\/span><\/h2>\r\n\r\n\r\n\r\n<p>Seus servi\u00e7os de fretamento sob demanda fornecem uma ampla gama de jatos particulares, incluindo jatos leves, m\u00e9dios, super-m\u00e9dios, pesados e ultra-longo alcance. FXAIR lhe d\u00e1 acesso a aeronaves Flexjet de segunda gera\u00e7\u00e3o (aposentadas), dispon\u00edveis para aluguel somente atrav\u00e9s da FXAIR, mas atendidas e operadas pela Flexjet.&nbsp;<\/p>\r\n\r\n\r\n\r\n<p>FXAIR tamb\u00e9m oferece acesso a mais de 1.200 aeronaves de operadores de v\u00f4o respeitados e confi\u00e1veis.&nbsp;<\/p>\r\n\r\n\r\n\r\n<h2 class=\"wp-block-heading\"><span class=\"ez-toc-section\" id=\"The_Fleet\"><\/span>A Frota&nbsp;<span class=\"ez-toc-section-end\"><\/span><\/h2>\r\n\r\n\r\n\r\n<figure class=\"wp-block-image size-full is-style-default\"><img loading=\"lazy\" decoding=\"async\" width=\"1000\" height=\"664\" src=\"https:\/\/comparemyjet.com\/wp-content\/uploads\/2022\/08\/airplane.in_.clouds.jpg\" alt=\"\" class=\"wp-image-3185\" srcset=\"https:\/\/comparemyjet.com\/wp-content\/uploads\/2022\/08\/airplane.in_.clouds-18x12.jpg 18w, https:\/\/comparemyjet.com\/wp-content\/uploads\/2022\/08\/airplane.in_.clouds-300x199.jpg 300w, https:\/\/comparemyjet.com\/wp-content\/uploads\/2022\/08\/airplane.in_.clouds-768x510.jpg 768w, https:\/\/comparemyjet.com\/wp-content\/uploads\/2022\/08\/airplane.in_.clouds.jpg 1000w\" sizes=\"auto, (max-width: 1000px) 100vw, 1000px\" \/><\/figure>\r\n\r\n\r\n\r\n<p>Sua frota \u00e9 feita de jatos Flexjet aposentados e inclui o Nextant 400XTi, remodelado pela Nextant Aerospace, outra empresa Directional, doze <a href=\"https:\/\/comparemyjet.com\/pt_br\/bombardier\/\" data-internallinksmanager029f6b8e52c=\"159\" title=\"Guia final para a Bombardier Jatos Privados e Aeronaves\">Bombardier<\/a> Challenger 300s, e cinco aeronaves da Global Express.&nbsp;<\/p>\r\n\r\n\r\n\r\n<h3 class=\"wp-block-heading\"><span class=\"ez-toc-section\" id=\"1_Light_Private_Jets\"><\/span>1. Jatos particulares leves<span class=\"ez-toc-section-end\"><\/span><\/h3>\r\n\r\n\r\n\r\n<p>Este tipo de aeronave \u00e9 ideal para viagens dom\u00e9sticas curtas com n\u00e3o mais de sete passageiros. Os jatos leves s\u00e3o r\u00e1pidos e eficazes quando se est\u00e1 viajando para aeroportos locais. Al\u00e9m disso, eles podem pousar facilmente em locais de dif\u00edcil acesso, como o topo de montanhas ou pequenas pistas de pouso.<\/p>\r\n\r\n\r\n\r\n<h4 class=\"wp-block-heading\"><span class=\"ez-toc-section\" id=\"Our_Recommendation_The_Nextant_400XT\"><\/span>Nossa recomenda\u00e7\u00e3o: O Nextant 400XT<span class=\"ez-toc-section-end\"><\/span><\/h4>\r\n\r\n\r\n\r\n<p>O Nextant 400XT \u00e9 um dos jatos mais r\u00e1pidos, mais r\u00e1pido do que qualquer outro jato de sua classe. O design ergon\u00f4mico da cabine maximiza o espa\u00e7o e o desempenho para aumentar o conforto dos passageiros, e o pr\u00f3prio jato \u00e9 bem equipado e f\u00e1cil de manejar.<\/p>\r\n\r\n\r\n\r\n<p>Especifica\u00e7\u00f5es:<\/p>\r\n\r\n\r\n\r\n<ul class=\"wp-block-list\"><li>Passageiros: 6-7;<\/li><li>Altura da cabine: 4 p\u00e9s 9 polegadas;<\/li><li>Comprimento da cabine: 15 p\u00e9s e 6 polegadas;<\/li><li>Largura da cabine: 4 p\u00e9s e 11 polegadas;<\/li><li>Alcance m\u00e1ximo: 2005 nm;<\/li><li>Velocidade m\u00e1xima: 471 kts;<\/li><li>Bagagem interna: 31 cu ft;<\/li><li>Bagagem externa: 25 cu ft.<\/li><\/ul>\r\n\r\n\r\n\r\n<p>FXAIR tamb\u00e9m oferece <em>Cita\u00e7\u00e3o CJ3, Cita\u00e7\u00e3o V, Hawker 400XP, <a href=\"https:\/\/comparemyjet.com\/pt_br\/learjet\/\" data-internallinksmanager029f6b8e52c=\"149\" title=\"Guia final para jatos particulares Learjet &amp; Aeronaves\">Learjet<\/a> 45, e Phenom 300 <\/em>na categoria leve de jatos.<\/p>\r\n\r\n\r\n\r\n<h3 class=\"wp-block-heading\"><span class=\"ez-toc-section\" id=\"2_Midsize_Private_Jets\"><\/span>2. Jatos particulares de m\u00e9dio porte<span class=\"ez-toc-section-end\"><\/span><\/h3>\r\n\r\n\r\n\r\n<p>As aeronaves de m\u00e9dio porte s\u00e3o ideais para viagens pessoais ou de neg\u00f3cios mais longas, pois oferecem mais alcance e conforto. Com caracter\u00edsticas como amplo espa\u00e7o de bagagem e melhor altura da cabine, estes jatos s\u00e3o ideais para viagens que requerem maior resist\u00eancia.&nbsp;<\/p>\r\n\r\n\r\n\r\n<h4 class=\"wp-block-heading\"><span class=\"ez-toc-section\" id=\"Our_Recommendation_The_Citation_Excel\"><\/span>Nossa recomenda\u00e7\u00e3o: A Cita\u00e7\u00e3o Excel<span class=\"ez-toc-section-end\"><\/span><\/h4>\r\n\r\n\r\n\r\n<p>O Citation Excel serve como modelo padr\u00e3o para todas as outras aeronaves de m\u00e9dio porte. Possui uma cabine grande com bastante espa\u00e7o para bagagem. Devido a seu conforto, efici\u00eancia e durabilidade, \u00e9 o jato preferido para viagens de m\u00e9dia dist\u00e2ncia. \u00c9 uma \u00f3tima escolha para os viajantes a neg\u00f3cios porque funciona como uma \u00e1rea de confer\u00eancias de alt\u00edssimo n\u00edvel.<\/p>\r\n\r\n\r\n\r\n<p>Especifica\u00e7\u00f5es:<\/p>\r\n\r\n\r\n\r\n<ul class=\"wp-block-list\"><li>Passageiros: 8;<\/li><li>Capacidade de bagagens: 90 cu ft;<\/li><li>Largura da cabine: 5 p\u00e9s e 5 polegadas;<\/li><li>Altura da cabine: 5 p\u00e9s 7 polegadas;<\/li><li>Comprimento da cabine: 18 p\u00e9s e 6 polegadas;<\/li><li>Alcance de v\u00f4o: at\u00e9 4,5 horas;<\/li><li>Velocidade de cruzeiro: 487 mph.<\/li><\/ul>\r\n\r\n\r\n\r\n<p>Na frota da FXAIR, voc\u00ea tamb\u00e9m pode encontrar <em>Hawker 800\/850\/900XP, e Learjet 55\/60 <\/em>como parte da categoria de jatos de m\u00e9dio porte.<\/p>\r\n\r\n\r\n\r\n<h3 class=\"wp-block-heading\"><span class=\"ez-toc-section\" id=\"3_Super-Midsize_Private_Jets\"><\/span>3. Jatos Privados Super-M\u00e9dios&nbsp;<span class=\"ez-toc-section-end\"><\/span><\/h3>\r\n\r\n\r\n\r\n<p>Os jatos de m\u00e9dio porte combinam conveni\u00eancia e est\u00e9tica. Se voc\u00ea estiver voando com um grupo maior ou viajando entre pa\u00edses, \u00e9 a classe de aeronave perfeita.<\/p>\r\n\r\n\r\n\r\n<h4 class=\"wp-block-heading\"><span class=\"ez-toc-section\" id=\"Our_Recommendation_The_Falcon_50\"><\/span>Nossa recomenda\u00e7\u00e3o: O Falc\u00e3o 50&nbsp;<span class=\"ez-toc-section-end\"><\/span><\/h4>\r\n\r\n\r\n\r\n<p>Com uma cabine espa\u00e7osa, estofados de couro sofisticados e uma micro cozinha completa, o Falcon 50 tem o alcance e a eleg\u00e2ncia de um jato muito maior e proporciona satisfa\u00e7\u00e3o e luxo em viagens. O Falcon50EX \u00e9 uma grande aeronave adequada para viagens de m\u00e9dio porte quando voc\u00ea precisa transportar mais bagagem.<\/p>\r\n\r\n\r\n\r\n<p>Especifica\u00e7\u00f5es:<\/p>\r\n\r\n\r\n\r\n<ul class=\"wp-block-list\"><li>Passageiros: 9;<\/li><li>Capacidade de bagagens: 115 cu ft;<\/li><li>Comprimento da cabine: 23 p\u00e9s e 5 polegadas;<\/li><li>Largura da cabine: 6 p\u00e9s 1 pol;<\/li><li>Altura da cabine: 5 p\u00e9s 9 polegadas;<\/li><li>Velocidade m\u00e1xima de cruzeiro: 478 mph;<\/li><li>Alcance de v\u00f4o: 5+ horas.<\/li><\/ul>\r\n\r\n\r\n\r\n<p>Na frota FXAIR de jatos de super-m\u00e9dio porte, voc\u00ea tamb\u00e9m pode encontrar <em>Challenger 300\/350, Cita\u00e7\u00e3o Sovereign, Cita\u00e7\u00e3o X, e <a href=\"https:\/\/comparemyjet.com\/pt_br\/gulfstream\/\" data-internallinksmanager029f6b8e52c=\"175\" title=\"Guia final para jatos particulares e aeronaves Gulfstream\">Gulfstream<\/a> G200<\/em>.<\/p>\r\n\r\n\r\n\r\n<h3 class=\"wp-block-heading\"><span class=\"ez-toc-section\" id=\"4_Large_Private_Jets\"><\/span>4. Grandes Jatos Privados<span class=\"ez-toc-section-end\"><\/span><\/h3>\r\n\r\n\r\n\r\n<p>Os grandes jatos fornecem a melhor experi\u00eancia de v\u00f4o a jato privado para v\u00f4os intercontinentais. Eles podem transportar festas maiores, pois oferecem espa\u00e7o e conforto suficientes para at\u00e9 15 pessoas.<\/p>\r\n\r\n\r\n\r\n<h4 class=\"wp-block-heading\"><span class=\"ez-toc-section\" id=\"Our_Recommendation_The_Gulfstream_GIV\"><\/span>Nossa recomenda\u00e7\u00e3o: O Gulfstream GIV<span class=\"ez-toc-section-end\"><\/span><\/h4>\r\n\r\n\r\n\r\n<p>A sofistica\u00e7\u00e3o, luxo e seguran\u00e7a dos jatos Gulfstream s\u00e3o bem conhecidos, por isso n\u00e3o \u00e9 surpreendente que o GIV tenha conquistado a reputa\u00e7\u00e3o de um jato comercial nacional e internacional de primeira linha. Cadeiras reclin\u00e1veis individualmente, uma mesa de reuni\u00e3o para quatro pessoas e um confort\u00e1vel sof\u00e1 est\u00e3o todos inclu\u00eddos. H\u00e1 camas confort\u00e1veis para at\u00e9 seis pessoas na cabine.&nbsp;<\/p>\r\n\r\n\r\n\r\n<p>Especifica\u00e7\u00f5es:<\/p>\r\n\r\n\r\n\r\n<ul class=\"wp-block-list\"><li>Passageiros: 14 assentos\/6 camas;<\/li><li>Alcance de v\u00f4o: 3.880 nm;<\/li><li>Espa\u00e7o para bagagem: 169 cu ft;<\/li><li>Largura da cabine: 7 p\u00e9s 3 polegadas;<\/li><li>Comprimento da cabine: 45 p\u00e9s 1 pol;<\/li><li>Altura da cabine: 6 p\u00e9s 2 polegadas;<\/li><li>Velocidade de cruzeiro: 548 mph.<\/li><\/ul>\r\n\r\n\r\n\r\n<p>Na frota FXAIR de aeronaves de grande porte, voc\u00ea tamb\u00e9m pode encontrar <em>Challenger 601\/604, Falcon 900EX, Falcon 2000EX, e Gulfstream G450<\/em>.<\/p>\r\n\r\n\r\n\r\n<h3 class=\"wp-block-heading\"><span class=\"ez-toc-section\" id=\"5_Ultra-Long-Range_Private_Jets\"><\/span>5. Jatos Privados de Ultra-Longo Alcance<span class=\"ez-toc-section-end\"><\/span><\/h3>\r\n\r\n\r\n\r\n<p>Uma aeronave de ultra-longo alcance \u00e9 a melhor alternativa quando voc\u00ea quer viajar longas dist\u00e2ncias no colo do luxo. Nada melhor do que uma aeronave de extremamente longo alcance para v\u00f4os mundiais. Esta \u00e9 a maneira de voar se voc\u00ea estiver planejando uma viagem ao exterior que exige alcance, pot\u00eancia e conforto, especialmente se for com um grupo maior, pois eles podem facilmente acomodar 13 ou mais passageiros. Estes avi\u00f5es incluem comodidades como uma cozinha completa, TVs, camas de tamanho real, lavat\u00f3rios e lugares separados para dormir, jantar, trabalhar e entreter.<\/p>\r\n\r\n\r\n\r\n<h4 class=\"wp-block-heading\"><span class=\"ez-toc-section\" id=\"Our_Recommendation_Gulfstream_GV\"><\/span>Nossa recomenda\u00e7\u00e3o: Gulfstream GV<span class=\"ez-toc-section-end\"><\/span><\/h4>\r\n\r\n\r\n\r\n<p>O Gulfstream GV foi o primeiro jato comercial de ultra-longo alcance da empresa, fabricado pela Gulfstream Aerospace em 1995 e lan\u00e7ado em 1998. A produ\u00e7\u00e3o terminou em 2002. A caracter\u00edstica mais not\u00e1vel da GV \u00e9 sua ampla faixa de v\u00f4o e seu desempenho aprimorado.&nbsp;<\/p>\r\n\r\n\r\n\r\n<p>Especifica\u00e7\u00f5es:<\/p>\r\n\r\n\r\n\r\n<ul class=\"wp-block-list\"><li>Passageiros: 12-16;<\/li><li>Comprimento da cabine: 50 p\u00e9s 1 pol;<\/li><li>Largura da cabine: 7 p\u00e9s 3 polegadas;<\/li><li>Altura da cabine: 6 p\u00e9s 1 pol;<\/li><li>Volume da cabine: 1669 cu ft;<\/li><li>Velocidade m\u00e1xima: 585 mph;<\/li><li>Alcance de v\u00f4o: 7389 milhas;<\/li><li>Volume de bagagem: 226 cu ft;<\/li><li>Tripula\u00e7\u00e3o: at\u00e9 5 pessoas.<\/li><\/ul>\r\n\r\n\r\n\r\n<p>Na frota FXAIR de jatos de ultra-longo alcance, voc\u00ea tamb\u00e9m pode encontrar<em> Global Express, Falcon 7X, Global 6000, e Gulfstream G550\/G650<\/em>.<\/p>\r\n\r\n\r\n\r\n<h2 class=\"wp-block-heading\"><span class=\"ez-toc-section\" id=\"Company_Safety_Policy_and_Standards\"><\/span>Pol\u00edtica e normas de seguran\u00e7a da empresa<span class=\"ez-toc-section-end\"><\/span><\/h2>\r\n\r\n\r\n\r\n<p>Todos os operadores que transportam para a FXAIR - incluindo todos os pilotos e jatos - s\u00e3o verificados minuciosamente para garantir sua seguran\u00e7a e satisfa\u00e7\u00e3o completa. Eles devem atender \u00e0s exig\u00eancias da empresa para que sejam aprovados pela FXAIR.<\/p>\r\n\r\n\r\n\r\n<p>O que significa ser aprovado pela FXAIR? Antes de seu v\u00f4o, a equipe especializada em seguran\u00e7a inspeciona e autoriza completamente o operador, a tripula\u00e7\u00e3o e o avi\u00e3o. <a href=\"https:\/\/www.faa.gov\/\" target=\"_blank\" rel=\"noopener\">FAA<\/a> e <a href=\"https:\/\/www.ntsb.gov\/Pages\/home.aspx\" target=\"_blank\" rel=\"noopener\">NTSB<\/a> relat\u00f3rios, registros e certificados de pilotos, experi\u00eancia de v\u00f4o, certifica\u00e7\u00e3o m\u00e9dica, status do licenciamento da aeronave e seguro da aeronave s\u00e3o todos verificados antes de cada v\u00f4o.<\/p>\r\n\r\n\r\n\r\n<p>Cada v\u00f4o \u00e9 revisado pelo menos 24 horas antes da decolagem para prov\u00e1veis preocupa\u00e7\u00f5es de servi\u00e7o ou seguran\u00e7a. O Centro de Comando est\u00e1 encarregado de supervisionar toda a atividade. Se um crit\u00e9rio n\u00e3o for atendido, o v\u00f4o \u00e9 cancelado e lhe \u00e9 dado outro operador que atende a todos os crit\u00e9rios.<\/p>\r\n\r\n\r\n\r\n<p>Al\u00e9m disso, para garantir a seguran\u00e7a dos passageiros, todos os operadores de aeronaves da rede FXAIR s\u00e3o obrigados a seguir as rigorosas diretrizes COVID-19.<\/p>\r\n\r\n\r\n\r\n<h2 class=\"wp-block-heading\"><span class=\"ez-toc-section\" id=\"Conclusion\"><\/span>Conclus\u00e3o<span class=\"ez-toc-section-end\"><\/span><\/h2>\r\n\r\n\r\n\r\n<figure class=\"wp-block-image size-full is-style-default\"><img loading=\"lazy\" decoding=\"async\" width=\"1000\" height=\"667\" src=\"https:\/\/comparemyjet.com\/wp-content\/uploads\/2022\/07\/happy.woman_.listening.to_.music_.on_.a.private.jet_.jpg\" alt=\"FXAIR\" class=\"wp-image-3183\" srcset=\"https:\/\/comparemyjet.com\/wp-content\/uploads\/2022\/07\/happy.woman_.listening.to_.music_.on_.a.private.jet_-18x12.jpg 18w, https:\/\/comparemyjet.com\/wp-content\/uploads\/2022\/07\/happy.woman_.listening.to_.music_.on_.a.private.jet_-300x200.jpg 300w, https:\/\/comparemyjet.com\/wp-content\/uploads\/2022\/07\/happy.woman_.listening.to_.music_.on_.a.private.jet_-768x512.jpg 768w, https:\/\/comparemyjet.com\/wp-content\/uploads\/2022\/07\/happy.woman_.listening.to_.music_.on_.a.private.jet_.jpg 1000w\" sizes=\"auto, (max-width: 1000px) 100vw, 1000px\" \/><\/figure>\r\n\r\n\r\n\r\n<p>Embora rec\u00e9m-fundada, a FXAIR veio da fam\u00edlia h\u00e1 muito estabelecida da Directional Aviation, portanto, as pessoas que a dirigem t\u00eam experi\u00eancia mais do que suficiente na ind\u00fastria da avia\u00e7\u00e3o. Especializada em v\u00f4os charter on-demand, a empresa oferece aeronaves Flexjet de segunda gera\u00e7\u00e3o que s\u00e3o aprovadas pela FXAIR. Voc\u00ea pode escolher entre sua grande frota de jatos leves, m\u00e9dios e super m\u00e9dios, grandes e ultra-longo alcance, fazendo da FXAIR uma escolha digna como uma companhia charter on-demand.<\/p>","protected":false},"excerpt":{"rendered":"<p>A FXAIR \u00e9 uma empresa de fretamento privado relativamente nova que iniciou suas opera\u00e7\u00f5es em 2020. A empresa cresceu exponencialmente desde ent\u00e3o, em parte devido \u00e0 crescente popularidade das viagens a\u00e9reas privadas com a pandemia da COVID-19. A FXAIR faz parte da fam\u00edlia de empresas Directional Aviation fundada por Ken Ricci, que inclui a Flexjet, Sentient Jet, PrivateFly, ...<\/p>","protected":false},"author":2,"featured_media":3184,"parent":0,"menu_order":0,"comment_status":"closed","ping_status":"closed","template":"","meta":{"_acf_changed":false,"_genesis_hide_title":false,"_genesis_hide_breadcrumbs":false,"_genesis_hide_singular_image":false,"_genesis_hide_footer_widgets":false,"_genesis_custom_body_class":"","_genesis_custom_post_class":"","_genesis_layout":"","footnotes":""},"class_list":{"1":"page","2":"type-page","6":"entry"},"acf":[],"_links":{"self":[{"href":"https:\/\/comparemyjet.com\/pt_br\/wp-json\/wp\/v2\/pages\/3182","targetHints":{"allow":["GET"]}}],"collection":[{"href":"https:\/\/comparemyjet.com\/pt_br\/wp-json\/wp\/v2\/pages"}],"about":[{"href":"https:\/\/comparemyjet.com\/pt_br\/wp-json\/wp\/v2\/types\/page"}],"author":[{"embeddable":true,"href":"https:\/\/comparemyjet.com\/pt_br\/wp-json\/wp\/v2\/users\/2"}],"replies":[{"embeddable":true,"href":"https:\/\/comparemyjet.com\/pt_br\/wp-json\/wp\/v2\/comments?post=3182"}],"version-history":[{"count":2,"href":"https:\/\/comparemyjet.com\/pt_br\/wp-json\/wp\/v2\/pages\/3182\/revisions"}],"predecessor-version":[{"id":3448,"href":"https:\/\/comparemyjet.com\/pt_br\/wp-json\/wp\/v2\/pages\/3182\/revisions\/3448"}],"wp:featuredmedia":[{"embeddable":true,"href":"https:\/\/comparemyjet.com\/pt_br\/wp-json\/wp\/v2\/media\/3184"}],"wp:attachment":[{"href":"https:\/\/comparemyjet.com\/pt_br\/wp-json\/wp\/v2\/media?parent=3182"}],"curies":[{"name":"wp","href":"https:\/\/api.w.org\/{rel}","templated":true}]}}