{"id":3187,"date":"2022-08-04T21:07:44","date_gmt":"2022-08-04T21:07:44","guid":{"rendered":"https:\/\/comparemyjet.com\/?page_id=3187"},"modified":"2025-09-04T09:59:34","modified_gmt":"2025-09-04T09:59:34","slug":"gestao-de-jatos-do-norte","status":"publish","type":"page","link":"https:\/\/comparemyjet.com\/pt_br\/gestao-de-jatos-do-norte\/","title":{"rendered":"Gerenciamento do Jato do Norte"},"content":{"rendered":"<p>O provedor de viagens a jato Elite Northern Jet Management oferece <a href=\"https:\/\/comparemyjet.com\/pt_br\/what-are-some-aircraft-management-companies\/\" data-internallinksmanager029f6b8e52c=\"21\" title=\"Servi\u00e7os e Empresas de Gerenciamento de Aeronaves\">gest\u00e3o de aeronaves<\/a>A empresa \u00e9 uma das maiores empresas do mundo, com um programa de propriedade compartilhada, fretamentos sob demanda e compra e venda de avi\u00f5es tanto para corpora\u00e7\u00f5es quanto para pessoas f\u00edsicas. Eles voam para mais de 3.400 destinos nos EUA, no Caribe, M\u00e9xico e Canad\u00e1.<\/p>\r\n\r\n\r\n\r\n<p>Vamos explorar o que eles oferecem com mais detalhes, mas primeiro, uma breve vis\u00e3o geral de como a empresa veio a ser.<\/p>\r\n\r\n\r\n\r\n<div id=\"ez-toc-container\" class=\"ez-toc-v2_0_76 counter-hierarchy ez-toc-counter ez-toc-grey ez-toc-container-direction\">\n<p class=\"ez-toc-title\" style=\"cursor:inherit\">T\u00f3picos<\/p>\n<label for=\"ez-toc-cssicon-toggle-item-69dbafcde3e26\" class=\"ez-toc-cssicon-toggle-label\"><span class=\"\"><span class=\"eztoc-hide\" style=\"display:none;\">Alternar<\/span><span class=\"ez-toc-icon-toggle-span\"><svg style=\"fill: #999;color:#999\" xmlns=\"http:\/\/www.w3.org\/2000\/svg\" class=\"list-377408\" width=\"20px\" height=\"20px\" viewbox=\"0 0 24 24\" fill=\"none\"><path d=\"M6 6H4v2h2V6zm14 0H8v2h12V6zM4 11h2v2H4v-2zm16 0H8v2h12v-2zM4 16h2v2H4v-2zm16 0H8v2h12v-2z\" fill=\"currentColor\"><\/path><\/svg><svg style=\"fill: #999;color:#999\" class=\"arrow-unsorted-368013\" xmlns=\"http:\/\/www.w3.org\/2000\/svg\" width=\"10px\" height=\"10px\" viewbox=\"0 0 24 24\" version=\"1.2\" baseprofile=\"tiny\"><path d=\"M18.2 9.3l-6.2-6.3-6.2 6.3c-.2.2-.3.4-.3.7s.1.5.3.7c.2.2.4.3.7.3h11c.3 0 .5-.1.7-.3.2-.2.3-.5.3-.7s-.1-.5-.3-.7zM5.8 14.7l6.2 6.3 6.2-6.3c.2-.2.3-.5.3-.7s-.1-.5-.3-.7c-.2-.2-.4-.3-.7-.3h-11c-.3 0-.5.1-.7.3-.2.2-.3.5-.3.7s.1.5.3.7z\"\/><\/svg><\/span><\/span><\/label><input type=\"checkbox\"  id=\"ez-toc-cssicon-toggle-item-69dbafcde3e26\" checked aria-label=\"Alternar\" \/><nav><ul class='ez-toc-list ez-toc-list-level-1' ><li class='ez-toc-page-1 ez-toc-heading-level-2'><a class=\"ez-toc-link ez-toc-heading-1\" href=\"https:\/\/comparemyjet.com\/pt_br\/gestao-de-jatos-do-norte\/#About_the_Company\" >Sobre a empresa&nbsp;<\/a><\/li><li class='ez-toc-page-1 ez-toc-heading-level-2'><a class=\"ez-toc-link ez-toc-heading-2\" href=\"https:\/\/comparemyjet.com\/pt_br\/gestao-de-jatos-do-norte\/#Ways_to_Fly\" >Maneiras de voar<\/a><ul class='ez-toc-list-level-3' ><li class='ez-toc-heading-level-3'><a class=\"ez-toc-link ez-toc-heading-3\" href=\"https:\/\/comparemyjet.com\/pt_br\/gestao-de-jatos-do-norte\/#Jet_Management\" >Gerenciamento de jatos<\/a><\/li><li class='ez-toc-page-1 ez-toc-heading-level-3'><a class=\"ez-toc-link ez-toc-heading-4\" href=\"https:\/\/comparemyjet.com\/pt_br\/gestao-de-jatos-do-norte\/#Company_Card_Program\" >Programa de Cart\u00e3o de Empresa<\/a><\/li><li class='ez-toc-page-1 ez-toc-heading-level-3'><a class=\"ez-toc-link ez-toc-heading-5\" href=\"https:\/\/comparemyjet.com\/pt_br\/gestao-de-jatos-do-norte\/#Fractional_Jet_Ownership_Program\" >Programa de propriedade de jatos fracionados<\/a><\/li><li class='ez-toc-page-1 ez-toc-heading-level-3'><a class=\"ez-toc-link ez-toc-heading-6\" href=\"https:\/\/comparemyjet.com\/pt_br\/gestao-de-jatos-do-norte\/#Empty_Leg_Flights\" >V\u00f4os de Perna Vazia<\/a><\/li><li class='ez-toc-page-1 ez-toc-heading-level-3'><a class=\"ez-toc-link ez-toc-heading-7\" href=\"https:\/\/comparemyjet.com\/pt_br\/gestao-de-jatos-do-norte\/#Acquiring_or_Selling_an_Aircraft\" >Adquirir ou Vender uma Aeronave<\/a><\/li><\/ul><\/li><li class='ez-toc-page-1 ez-toc-heading-level-2'><a class=\"ez-toc-link ez-toc-heading-8\" href=\"https:\/\/comparemyjet.com\/pt_br\/gestao-de-jatos-do-norte\/#Pricing\" >Fixa\u00e7\u00e3o de pre\u00e7os<\/a><\/li><li class='ez-toc-page-1 ez-toc-heading-level-2'><a class=\"ez-toc-link ez-toc-heading-9\" href=\"https:\/\/comparemyjet.com\/pt_br\/gestao-de-jatos-do-norte\/#The_Fleet\" >A Frota&nbsp;<\/a><ul class='ez-toc-list-level-3' ><li class='ez-toc-heading-level-3'><a class=\"ez-toc-link ez-toc-heading-10\" href=\"https:\/\/comparemyjet.com\/pt_br\/gestao-de-jatos-do-norte\/#1_Midsize_Private_Jets\" >1. Jatos particulares de m\u00e9dio porte<\/a><ul class='ez-toc-list-level-4' ><li class='ez-toc-heading-level-4'><a class=\"ez-toc-link ez-toc-heading-11\" href=\"https:\/\/comparemyjet.com\/pt_br\/gestao-de-jatos-do-norte\/#Our_Recommendation_Learjet_40\" >Nossa recomenda\u00e7\u00e3o: Learjet 40<\/a><\/li><\/ul><\/li><li class='ez-toc-page-1 ez-toc-heading-level-3'><a class=\"ez-toc-link ez-toc-heading-12\" href=\"https:\/\/comparemyjet.com\/pt_br\/gestao-de-jatos-do-norte\/#2_Super-Midsize_Private_Jets\" >2. Jatos Privados Super-M\u00e9dios&nbsp;<\/a><ul class='ez-toc-list-level-4' ><li class='ez-toc-heading-level-4'><a class=\"ez-toc-link ez-toc-heading-13\" href=\"https:\/\/comparemyjet.com\/pt_br\/gestao-de-jatos-do-norte\/#Our_Recommendation_Cessna_Citation_Sovereign\" >Nossa recomenda\u00e7\u00e3o: Cessna Citation Sovereign<\/a><\/li><\/ul><\/li><\/ul><\/li><li class='ez-toc-page-1 ez-toc-heading-level-2'><a class=\"ez-toc-link ez-toc-heading-14\" href=\"https:\/\/comparemyjet.com\/pt_br\/gestao-de-jatos-do-norte\/#Company_Safety_Policy_and_Standards\" >Pol\u00edtica e normas de seguran\u00e7a da empresa<\/a><\/li><li class='ez-toc-page-1 ez-toc-heading-level-2'><a class=\"ez-toc-link ez-toc-heading-15\" href=\"https:\/\/comparemyjet.com\/pt_br\/gestao-de-jatos-do-norte\/#The_Staff\" >O Pessoal<\/a><\/li><li class='ez-toc-page-1 ez-toc-heading-level-2'><a class=\"ez-toc-link ez-toc-heading-16\" href=\"https:\/\/comparemyjet.com\/pt_br\/gestao-de-jatos-do-norte\/#Conclusion\" >Conclus\u00e3o<\/a><\/li><\/ul><\/nav><\/div>\n<h2 class=\"wp-block-heading\"><span class=\"ez-toc-section\" id=\"About_the_Company\"><\/span>Sobre a empresa&nbsp;<span class=\"ez-toc-section-end\"><\/span><\/h2>\r\n\r\n\r\n\r\n<p>Northern Jet Management \u00e9 uma empresa privada criada em 1995, com Charles Cox como CEO.&nbsp;<\/p>\r\n\r\n\r\n\r\n<p>Seu escrit\u00f3rio principal fica em Michigan, Grand Rapids, e eles t\u00eam uma base totalmente operacional em <a href=\"https:\/\/comparemyjet.com\/pt_br\/passeios-particulares\/naples-private-tours\/\" data-internallinksmanager029f6b8e52c=\"299\" title=\"11 melhores passeios particulares em N\u00e1poles a partir de $90.53\">N\u00e1poles<\/a>, Fl\u00f3rida.&nbsp;<\/p>\r\n\r\n\r\n\r\n<h2 class=\"wp-block-heading\"><span class=\"ez-toc-section\" id=\"Ways_to_Fly\"><\/span>Maneiras de voar<span class=\"ez-toc-section-end\"><\/span><\/h2>\r\n\r\n\r\n\r\n<p>Para atender suas demandas de avia\u00e7\u00e3o, a Northern Jet Management oferece uma gama de solu\u00e7\u00f5es especializadas - desde o programa de cart\u00f5es de aeronaves privadas, conhecido como Private Advantage Card, at\u00e9 o gerenciamento completo de aeronaves e compras, leasing e consultoria.<\/p>\r\n\r\n\r\n\r\n<h3 class=\"wp-block-heading\"><span class=\"ez-toc-section\" id=\"Jet_Management\"><\/span>Gerenciamento de jatos<span class=\"ez-toc-section-end\"><\/span><\/h3>\r\n\r\n\r\n\r\n<p>Com os jatos do Norte <a href=\"https:\/\/northernjet.net\/programs\/aircraft-management\/\" target=\"_blank\" rel=\"noopener\">solu\u00e7\u00f5es de gest\u00e3o<\/a>Voc\u00ea receber\u00e1 transporte terrestre, pedidos especiais e pessoal de programa\u00e7\u00e3o dispon\u00edvel 365 dias por ano, de acordo com suas necessidades. O pessoal de contabilidade monitora cuidadosamente os gastos e cria relat\u00f3rios mensais sobre atividades, custos, manuten\u00e7\u00e3o e outras despesas, para que voc\u00ea esteja sempre a par de qualquer atividade relacionada \u00e0 sua aeronave.<\/p>\r\n\r\n\r\n\r\n<p>Cada aeronave da frota da Northern Jet tem uma tripula\u00e7\u00e3o de v\u00f4o altamente qualificada a bordo, e cada piloto tem uma classifica\u00e7\u00e3o de tipo para a aeronave que est\u00e1 voando. Al\u00e9m disso, todos os funcion\u00e1rios passam por 10 anos <a href=\"https:\/\/www.fbi.gov\/about\" target=\"_blank\" rel=\"noopener\">FBI<\/a> checagem de antecedentes como parte do processo de contrata\u00e7\u00e3o.<\/p>\r\n\r\n\r\n\r\n<h3 class=\"wp-block-heading\"><span class=\"ez-toc-section\" id=\"Company_Card_Program\"><\/span>Programa de Cart\u00e3o de Empresa<span class=\"ez-toc-section-end\"><\/span><\/h3>\r\n\r\n\r\n\r\n<p>O <a href=\"https:\/\/northernjet.net\/programs\/jet-card\/\" target=\"_blank\" rel=\"noopener\"><strong>Cart\u00e3o de Vantagem Privado<\/strong><\/a> da Northern Jet Management \u00e9 um cart\u00e3o de 25 horas destinado a viajantes de lazer em v\u00f4os de ida entre o Meio Oeste e a Fl\u00f3rida. A empresa gerenciada <a href=\"https:\/\/comparemyjet.com\/pt_br\/learjet\/\" data-internallinksmanager029f6b8e52c=\"149\" title=\"Guia final para jatos particulares Learjet &amp; Aeronaves\">Learjet<\/a> 40XRs s\u00e3o apresentados no programa, e os titulares de cart\u00f5es tamb\u00e9m t\u00eam a op\u00e7\u00e3o de escolher o Learjet 70.&nbsp;<\/p>\r\n\r\n\r\n\r\n<p>N\u00e3o h\u00e1 custos de reposicionamento num raio de 180 milhas de&nbsp;<\/p>\r\n\r\n\r\n\r\n<ul class=\"wp-block-list\"><li>Grand Rapids;<\/li><li>N\u00e1poles, Fl\u00f3rida;<\/li><li><a href=\"https:\/\/comparemyjet.com\/pt_br\/private-jet-charters-to-chicago\/\" data-internallinksmanager029f6b8e52c=\"170\" title=\"Carros a jato particulares para Chicago\">Chicago<\/a>Illinois;<\/li><li>e Michigan.&nbsp;<\/li><\/ul>\r\n\r\n\r\n\r\n<p>Um pre\u00e7o com tudo inclu\u00eddo por hora e pelo menos 24 horas de anteced\u00eancia s\u00e3o algumas das outras vantagens que acompanham este cart\u00e3o, enquanto que para os titulares de cart\u00f5es baseados no Midwest, n\u00e3o h\u00e1 datas indispon\u00edveis nem custos de realoca\u00e7\u00e3o.<\/p>\r\n\r\n\r\n\r\n<h3 class=\"wp-block-heading\"><span class=\"ez-toc-section\" id=\"Fractional_Jet_Ownership_Program\"><\/span>Programa de propriedade de jatos fracionados<span class=\"ez-toc-section-end\"><\/span><\/h3>\r\n\r\n\r\n\r\n<p>O <a href=\"https:\/\/northernjet.net\/programs\/fractional-jet-ownership\/\" target=\"_blank\" rel=\"noopener\"><strong>Empresa Jet<\/strong><\/a> \u00e9 um <a href=\"https:\/\/comparemyjet.com\/pt_br\/how-does-fractional-jet-ownership-work\/\" data-internallinksmanager029f6b8e52c=\"20\" title=\"Como funciona a propriedade de jatos fracion\u00e1rios?\">propriedade de jatos fracion\u00e1rios<\/a> programa criado especificamente para as necessidades dos viajantes de neg\u00f3cios. Viajantes a neg\u00f3cios e empresas s\u00e3o o \u00fanico p\u00fablico alvo do conceito de propriedade compartilhada da Company Jet.<\/p>\r\n\r\n\r\n\r\n<p>Os membros t\u00eam uma id\u00e9ia do que \u00e9 possuir uma aeronave privada, menos as preocupa\u00e7\u00f5es com a administra\u00e7\u00e3o e as opera\u00e7\u00f5es, mais um apoio completo de uma equipe de especialistas. A assinatura de um contrato vem com um compromisso de cinco anos e garantia de acessibilidade com um pr\u00e9-aviso m\u00ednimo de 12 horas. Os servi\u00e7os de concierge est\u00e3o dispon\u00edveis 24 horas por dia, e uma equipe de especialistas do setor facilitar\u00e1 e oferecer\u00e1 apoio com a legisla\u00e7\u00e3o financeira, cont\u00e1bil e de avia\u00e7\u00e3o.<\/p>\r\n\r\n\r\n\r\n<h3 class=\"wp-block-heading\"><span class=\"ez-toc-section\" id=\"Empty_Leg_Flights\"><\/span>V\u00f4os de Perna Vazia<span class=\"ez-toc-section-end\"><\/span><\/h3>\r\n\r\n\r\n\r\n<p>A empresa se refere a seus <a href=\"https:\/\/comparemyjet.com\/pt_br\/how-to-book-empty-leg-flights\/\" data-internallinksmanager029f6b8e52c=\"24\" title=\"Como reservar v\u00f4os de perna vazia\">v\u00f4os de perna vazia<\/a> como \"<a href=\"https:\/\/northernjet.net\/flight-opportunities\/\" target=\"_blank\" rel=\"noopener\">oportunidades de v\u00f4o<\/a>\u201d. Um nome bastante apropriado, dado que estes v\u00f4os s\u00e3o uma verdadeira pegada. Qualquer pessoa pode se inscrever para receber e rastrear os v\u00f4os dispon\u00edveis de perna vazia em sua conta de e-mail e aproveitar a oportunidade de voar para um de seus destinos por uma fra\u00e7\u00e3o do custo.&nbsp;<\/p>\r\n\r\n\r\n\r\n<h3 class=\"wp-block-heading\"><span class=\"ez-toc-section\" id=\"Acquiring_or_Selling_an_Aircraft\"><\/span>Adquirir ou Vender uma Aeronave<span class=\"ez-toc-section-end\"><\/span><\/h3>\r\n\r\n\r\n\r\n<p>Juntar-se \u00e0 Northern Jet significa ter pleno acesso a sua equipe de profissionais, que t\u00eam d\u00e9cadas de experi\u00eancia e contatos para identificar as melhores escolhas de aeronaves adaptadas \u00e0s necessidades de seus clientes em rela\u00e7\u00e3o a <a href=\"https:\/\/northernjet.net\/programs\/aircraft-acquisition-sales-brokerage\/\" target=\"_blank\" rel=\"noopener\">comprar ou vender uma aeronave nova ou usada<\/a>.<\/p>\r\n\r\n\r\n\r\n<h2 class=\"wp-block-heading\"><span class=\"ez-toc-section\" id=\"Pricing\"><\/span>Fixa\u00e7\u00e3o de pre\u00e7os<span class=\"ez-toc-section-end\"><\/span><\/h2>\r\n\r\n\r\n\r\n<figure class=\"wp-block-image size-full is-style-default\"><img loading=\"lazy\" decoding=\"async\" width=\"1000\" height=\"667\" src=\"https:\/\/comparemyjet.com\/wp-content\/uploads\/2022\/06\/woman.in_.blue_.dress_.enjoying.view_.from_.private.jet_.jpg\" alt=\"\" class=\"wp-image-2997\" srcset=\"https:\/\/comparemyjet.com\/wp-content\/uploads\/2022\/06\/woman.in_.blue_.dress_.enjoying.view_.from_.private.jet_-18x12.jpg 18w, https:\/\/comparemyjet.com\/wp-content\/uploads\/2022\/06\/woman.in_.blue_.dress_.enjoying.view_.from_.private.jet_-300x200.jpg 300w, https:\/\/comparemyjet.com\/wp-content\/uploads\/2022\/06\/woman.in_.blue_.dress_.enjoying.view_.from_.private.jet_-768x512.jpg 768w, https:\/\/comparemyjet.com\/wp-content\/uploads\/2022\/06\/woman.in_.blue_.dress_.enjoying.view_.from_.private.jet_.jpg 1000w\" sizes=\"auto, (max-width: 1000px) 100vw, 1000px\" \/><\/figure>\r\n\r\n\r\n\r\n<p>A Northern Jet Management \u00e9 famosa por seus pre\u00e7os acess\u00edveis, dedica\u00e7\u00e3o aos mais altos padr\u00f5es de seguran\u00e7a e aten\u00e7\u00e3o \u00e0s necessidades de seus clientes.<\/p>\r\n\r\n\r\n\r\n<p>Para tornar-se titular do cart\u00e3o Private Advantage Card da Northern Jet Management, \u00e9 necess\u00e1rio pagar uma taxa de inicia\u00e7\u00e3o de um pouco menos de $165.000.&nbsp;<\/p>\r\n\r\n\r\n\r\n<p>Os pilotos que rastreiam e obt\u00eam a vantagem dos v\u00f4os de perna vazia da empresa listados no site da empresa economizam $1.000 de desconto no pre\u00e7o padr\u00e3o por hora.<\/p>\r\n\r\n\r\n\r\n<h2 class=\"wp-block-heading\"><span class=\"ez-toc-section\" id=\"The_Fleet\"><\/span>A Frota&nbsp;<span class=\"ez-toc-section-end\"><\/span><\/h2>\r\n\r\n\r\n\r\n<p>Todos os jatos da frota de 20 aeronaves da Northern Jet Management s\u00e3o manejados por profissionais da avia\u00e7\u00e3o com experi\u00eancia. Todos os modelos s\u00e3o novos e modernos, com jatos de m\u00e9dio e super-m\u00e9dio porte como a categoria principal e dominante de aeronaves.&nbsp;<\/p>\r\n\r\n\r\n\r\n<h3 class=\"wp-block-heading\"><span class=\"ez-toc-section\" id=\"1_Midsize_Private_Jets\"><\/span>1. Jatos particulares de m\u00e9dio porte<span class=\"ez-toc-section-end\"><\/span><\/h3>\r\n\r\n\r\n\r\n<p>Tanto para viagens pessoais quanto corporativas, fretar uma aeronave de m\u00e9dio porte lhe proporcionar\u00e1 um v\u00f4o confort\u00e1vel e de longo alcance. A aeronave de m\u00e9dio porte \u00e9 popular entre os passageiros de neg\u00f3cios e lazer por causa de suas cabines espa\u00e7osas, espa\u00e7o de bagagem adequado e comodidades premium.<\/p>\r\n\r\n\r\n\r\n<h4 class=\"wp-block-heading\"><span class=\"ez-toc-section\" id=\"Our_Recommendation_Learjet_40\"><\/span>Nossa recomenda\u00e7\u00e3o: Learjet 40<span class=\"ez-toc-section-end\"><\/span><\/h4>\r\n\r\n\r\n\r\n<p>O Learjet 40 \u00e9 um pequeno avi\u00e3o de neg\u00f3cios fabricado por <a href=\"https:\/\/comparemyjet.com\/pt_br\/bombardier\/\" data-internallinksmanager029f6b8e52c=\"159\" title=\"Guia final para a Bombardier Jatos Privados e Aeronaves\">Bombardier<\/a> Learjet. \u00c9 alimentado por dois motores, seu interior \u00e9 maior que seus rivais, e seu design \u00e9 a inspira\u00e7\u00e3o para modelos futuros. Entretanto, o corpo \u00e9 mais curto, e o tanque de combust\u00edvel \u00e9 menor que o Learjet 45.&nbsp;<\/p>\r\n\r\n\r\n\r\n<p>Especifica\u00e7\u00f5es:<\/p>\r\n\r\n\r\n\r\n<ul class=\"wp-block-list\"><li>Passageiros: 7;<\/li><li>Altura exterior: 14 p\u00e9s 2 polegadas;<\/li><li>Comprimento total: 55 p\u00e9s e 5 polegadas;<\/li><li>V\u00e3o de asa: 47 p\u00e9s 9 polegadas;<\/li><li>Largura da cabine: 5 p\u00e9s 1 pol;<\/li><li>Altura da cabine: 4 p\u00e9s e 11 polegadas;<\/li><li>Comprimento da cabine: 17 p\u00e9s e 8 polegadas;<\/li><li>Alcance m\u00e1ximo de v\u00f4o: 1707 nm;<\/li><li>Velocidade m\u00e1xima de cruzeiro: 465 kts;<\/li><li>Espa\u00e7o externo de bagagem: 50 cu ft;<\/li><li>Espa\u00e7o interno de bagagem: 15 cu ft;<\/li><li>Tripula\u00e7\u00e3o: 2.<\/li><\/ul>\r\n\r\n\r\n\r\n<p>Northern Jet Management oferece aeronaves eficientes e acess\u00edveis em seu cat\u00e1logo de jatos particulares de m\u00e9dio porte, incluindo o <em>Bombardier S\u00e9rie 45<\/em>, <em><a href=\"https:\/\/comparemyjet.com\/pt_br\/gulfstream\/\" data-internallinksmanager029f6b8e52c=\"175\" title=\"Guia final para jatos particulares e aeronaves Gulfstream\">Gulfstream<\/a> G150<\/em>, <em>Learjet 70\/75<\/em>, <em>Learjet 45XR<\/em>e nosso modelo recomendado, <em>Learjet 40<\/em>.<\/p>\r\n\r\n\r\n\r\n<h3 class=\"wp-block-heading\"><span class=\"ez-toc-section\" id=\"2_Super-Midsize_Private_Jets\"><\/span>2. Jatos Privados Super-M\u00e9dios&nbsp;<span class=\"ez-toc-section-end\"><\/span><\/h3>\r\n\r\n\r\n\r\n<p>Os jatos da categoria super-m\u00e9dio podem voar por at\u00e9 6 horas, o que \u00e9 2 horas a mais que a categoria anterior, tornando-os ideais para v\u00f4os entre pa\u00edses. Os pilotos t\u00eam acesso a cabines espa\u00e7osas e comodidades de primeira classe, incluindo mais espa\u00e7o para bagagem.<\/p>\r\n\r\n\r\n\r\n<h4 class=\"wp-block-heading\"><span class=\"ez-toc-section\" id=\"Our_Recommendation_Cessna_Citation_Sovereign\"><\/span>Nossa recomenda\u00e7\u00e3o: Cessna Citation Sovereign<span class=\"ez-toc-section-end\"><\/span><\/h4>\r\n\r\n\r\n\r\n<p>O Soberano, produzido por um fabricante americano - <a href=\"https:\/\/comparemyjet.com\/pt_br\/cessna\/\" data-internallinksmanager029f6b8e52c=\"145\" title=\"Guia final do Cessna Private Jets &amp; Aircraft\">Cessna<\/a>\u00e9 uma aeronave transcontinental. As caracter\u00edsticas de projeto do Citation Sovereign incluem um corpo longo, asas redesenhadas, equipamento de cockpit de vidro com quatro pain\u00e9is LCD e dois motores.&nbsp;<\/p>\r\n\r\n\r\n\r\n<p>Especifica\u00e7\u00f5es:&nbsp;<\/p>\r\n\r\n\r\n\r\n<ul class=\"wp-block-list\"><li>Passageiros: 9;<\/li><li>Altura exterior: 20 p\u00e9s 4 polegadas;<\/li><li>Comprimento total: 63 p\u00e9s e 6 polegadas;<\/li><li>V\u00e3o da asa: 63 p\u00e9s 4 polegadas;<\/li><li>Largura da cabine: 5 p\u00e9s e 6 polegadas;<\/li><li>Altura da cabine: 5 p\u00e9s e 8 polegadas;<\/li><li>Comprimento da cabine: 25 p\u00e9s 3 polegadas;<\/li><li>Alcance m\u00e1ximo de v\u00f4o: 3010 nm;<\/li><li>Velocidade m\u00e1xima de cruzeiro: 459 kts;<\/li><li>Tripula\u00e7\u00e3o: 2;<\/li><li>Espa\u00e7o interno de bagagem: 35 cu ft;<\/li><li>Espa\u00e7o externo de bagagem: 100 cu ft.<\/li><\/ul>\r\n\r\n\r\n\r\n<p>Northern Jet Management oferece duas aeronaves seguras e eficientes em seu cat\u00e1logo de jatos privados super-m\u00e9dios, o <em>Challenger 300<\/em> e nosso modelo recomendado <em>Cessna Citation Sovereign<\/em>.<\/p>\r\n\r\n\r\n\r\n<h2 class=\"wp-block-heading\"><span class=\"ez-toc-section\" id=\"Company_Safety_Policy_and_Standards\"><\/span>Pol\u00edtica e normas de seguran\u00e7a da empresa<span class=\"ez-toc-section-end\"><\/span><\/h2>\r\n\r\n\r\n\r\n<p>A equipe da Northern Jet Management realiza regularmente auditorias internas e avalia\u00e7\u00f5es de processos, pr\u00e1ticas, opera\u00e7\u00f5es e servi\u00e7os em mais de 40 \u00e1reas operacionais.<\/p>\r\n\r\n\r\n\r\n<p>Al\u00e9m disso, a Northern Jet Management tem <a href=\"https:\/\/www.argus.aero\/\" target=\"_blank\" rel=\"noopener\">ARGUS<\/a> Platina e <a href=\"https:\/\/www.acsf.aero\/\" target=\"_blank\" rel=\"noopener\">ACSF<\/a> e usa exclusivamente mec\u00e2nica com <a href=\"https:\/\/www.faa.gov\/\" target=\"_blank\" rel=\"noopener\">FAA<\/a> licen\u00e7as. Al\u00e9m disso, a Northern Jet Management tem a aprova\u00e7\u00e3o da Etapa 3 da <a href=\"https:\/\/ibac.org\/is-bao\" target=\"_blank\" rel=\"noopener\">Norma Internacional para Opera\u00e7\u00f5es de Aeronaves de Neg\u00f3cios<\/a> (IS-BAO).<\/p>\r\n\r\n\r\n\r\n<h2 class=\"wp-block-heading\"><span class=\"ez-toc-section\" id=\"The_Staff\"><\/span>O Pessoal<span class=\"ez-toc-section-end\"><\/span><\/h2>\r\n\r\n\r\n\r\n<figure class=\"wp-block-image size-full is-style-default\"><img loading=\"lazy\" decoding=\"async\" width=\"1000\" height=\"667\" src=\"https:\/\/comparemyjet.com\/wp-content\/uploads\/2022\/07\/private.jet_.pilots.in_.cockpit.jpg\" alt=\"\" class=\"wp-image-3072\" srcset=\"https:\/\/comparemyjet.com\/wp-content\/uploads\/2022\/07\/private.jet_.pilots.in_.cockpit-18x12.jpg 18w, https:\/\/comparemyjet.com\/wp-content\/uploads\/2022\/07\/private.jet_.pilots.in_.cockpit-300x200.jpg 300w, https:\/\/comparemyjet.com\/wp-content\/uploads\/2022\/07\/private.jet_.pilots.in_.cockpit-768x512.jpg 768w, https:\/\/comparemyjet.com\/wp-content\/uploads\/2022\/07\/private.jet_.pilots.in_.cockpit.jpg 1000w\" sizes=\"auto, (max-width: 1000px) 100vw, 1000px\" \/><\/figure>\r\n\r\n\r\n\r\n<p>A Northern Jet Management constantemente aprimora e modifica as opera\u00e7\u00f5es da empresa a fim de garantir os mais altos padr\u00f5es de seguran\u00e7a.<\/p>\r\n\r\n\r\n\r\n<p>Seu pessoal recebe treinamento cont\u00ednuo de voo por <a href=\"https:\/\/www.cae.com\/\" target=\"_blank\" rel=\"noopener\">CAE<\/a> ou <a href=\"https:\/\/www.flightsafety.com\/\" target=\"_blank\" rel=\"noopener\">FlightSafety International<\/a>. Cada segmento de v\u00f4o come\u00e7a com uma an\u00e1lise de risco de seguran\u00e7a por parte da tripula\u00e7\u00e3o de v\u00f4o. Al\u00e9m disso, a tripula\u00e7\u00e3o recebe treinamento interno atrav\u00e9s do <a href=\"https:\/\/www.nata.aero\/education-and-training\/safety-1st\" target=\"_blank\" rel=\"noopener\">Programa Nacional de Treinamento em Seguran\u00e7a do Transporte A\u00e9reo Primeiro<\/a>.<\/p>\r\n\r\n\r\n\r\n<p>Para ajudar os pilotos novos e atuais, os pilotos seniores certificados atuam como especialistas internos que oferecem sua experi\u00eancia \u00e0 equipe administrativa quando se trata de procedimentos operacionais.<\/p>\r\n\r\n\r\n\r\n<h2 class=\"wp-block-heading\"><span class=\"ez-toc-section\" id=\"Conclusion\"><\/span>Conclus\u00e3o<span class=\"ez-toc-section-end\"><\/span><\/h2>\r\n\r\n\r\n\r\n<p>Passageiros que querem a liberdade e a conveni\u00eancia que os jatos particulares garantem s\u00e3o mais do que bem-vindos a voar com a Northern Jet Management. Atrav\u00e9s da dedica\u00e7\u00e3o da empresa em fornecer um servi\u00e7o de qualidade, eles poupar\u00e3o muito tempo necess\u00e1rio para a reserva e o planejamento. A Northern Jet Management \u00e9 a empresa l\u00edder em aeronaves privadas no Centro-Oeste, gra\u00e7as \u00e0 propriedade fracionada e \u00e0s solu\u00e7\u00f5es de gerenciamento de aeronaves.<\/p>","protected":false},"excerpt":{"rendered":"<p>O provedor de viagens a jato Elite Northern Jet Management oferece gerenciamento completo de aeronaves, um programa de propriedade compartilhada, fretamentos sob demanda, e compra e venda de aeronaves tanto para corpora\u00e7\u00f5es quanto para pessoas f\u00edsicas. Eles voam para mais de 3.400 destinos nos EUA, no Caribe, M\u00e9xico e Canad\u00e1. Vamos explorar o que eles oferecem com mais detalhes, mas primeiro, uma breve vis\u00e3o geral ...<\/p>","protected":false},"author":2,"featured_media":3188,"parent":0,"menu_order":0,"comment_status":"closed","ping_status":"closed","template":"","meta":{"_acf_changed":false,"_genesis_hide_title":false,"_genesis_hide_breadcrumbs":false,"_genesis_hide_singular_image":false,"_genesis_hide_footer_widgets":false,"_genesis_custom_body_class":"","_genesis_custom_post_class":"","_genesis_layout":"","footnotes":""},"class_list":{"1":"page","2":"type-page","6":"entry"},"acf":[],"_links":{"self":[{"href":"https:\/\/comparemyjet.com\/pt_br\/wp-json\/wp\/v2\/pages\/3187","targetHints":{"allow":["GET"]}}],"collection":[{"href":"https:\/\/comparemyjet.com\/pt_br\/wp-json\/wp\/v2\/pages"}],"about":[{"href":"https:\/\/comparemyjet.com\/pt_br\/wp-json\/wp\/v2\/types\/page"}],"author":[{"embeddable":true,"href":"https:\/\/comparemyjet.com\/pt_br\/wp-json\/wp\/v2\/users\/2"}],"replies":[{"embeddable":true,"href":"https:\/\/comparemyjet.com\/pt_br\/wp-json\/wp\/v2\/comments?post=3187"}],"version-history":[{"count":1,"href":"https:\/\/comparemyjet.com\/pt_br\/wp-json\/wp\/v2\/pages\/3187\/revisions"}],"predecessor-version":[{"id":3191,"href":"https:\/\/comparemyjet.com\/pt_br\/wp-json\/wp\/v2\/pages\/3187\/revisions\/3191"}],"wp:featuredmedia":[{"embeddable":true,"href":"https:\/\/comparemyjet.com\/pt_br\/wp-json\/wp\/v2\/media\/3188"}],"wp:attachment":[{"href":"https:\/\/comparemyjet.com\/pt_br\/wp-json\/wp\/v2\/media?parent=3187"}],"curies":[{"name":"wp","href":"https:\/\/api.w.org\/{rel}","templated":true}]}}