{"id":3223,"date":"2022-08-23T00:45:05","date_gmt":"2022-08-23T00:45:05","guid":{"rendered":"https:\/\/comparemyjet.com\/?page_id=3223"},"modified":"2025-09-04T09:58:21","modified_gmt":"2025-09-04T09:58:21","slug":"grandview-aviacao","status":"publish","type":"page","link":"https:\/\/comparemyjet.com\/pt_br\/grandview-aviacao\/","title":{"rendered":"Pre\u00e7os de v\u00f4o da GrandView Aviation"},"content":{"rendered":"<p>GrandView Aviation \u00e9 uma aeronave baseada em Baltimore <a href=\"https:\/\/comparemyjet.com\/pt_br\/how-do-you-rent-or-charter-a-private-jet\/\" data-internallinksmanager029f6b8e52c=\"15\" title=\"Como voc\u00ea aluga ou freta um jato particular?\">afretamento de jatos particulares<\/a> empresa que opera nos Estados Unidos. Voc\u00ea pode voar pelo pa\u00eds com suas aeronaves a jato Phenom 300, e alugar suas <a href=\"https:\/\/comparemyjet.com\/pt_br\/sikorsky\/\" data-internallinksmanager029f6b8e52c=\"160\" title=\"Guia final para os jatos e helic\u00f3pteros Sikorsky Private Jets &amp; Helicopters\">Sikorsky<\/a> Helic\u00f3pteros S-76D e Bell 407GXI em Baltimore e Washington, D.C.<\/p>\r\n\r\n\r\n\r\n<p>Como a empresa \u00e9 certificada pela Wyvern Wingman, seus pilotos seguem as mais recentes e melhores pr\u00e1ticas de seguran\u00e7a, enquanto a tripula\u00e7\u00e3o est\u00e1 comprometida em prestar um servi\u00e7o inigual\u00e1vel. O departamento de fretamento est\u00e1 pronto para itiner\u00e1rios e v\u00f4os personalizados 24 horas por dia, sete dias por semana.<\/p>\r\n\r\n\r\n\r\n<p>Vamos ver do que se trata.<\/p>\r\n\r\n\r\n\r\n<div id=\"ez-toc-container\" class=\"ez-toc-v2_0_76 counter-hierarchy ez-toc-counter ez-toc-grey ez-toc-container-direction\">\n<p class=\"ez-toc-title\" style=\"cursor:inherit\">T\u00f3picos<\/p>\n<label for=\"ez-toc-cssicon-toggle-item-69d775feb8fec\" class=\"ez-toc-cssicon-toggle-label\"><span class=\"\"><span class=\"eztoc-hide\" style=\"display:none;\">Alternar<\/span><span class=\"ez-toc-icon-toggle-span\"><svg style=\"fill: #999;color:#999\" xmlns=\"http:\/\/www.w3.org\/2000\/svg\" class=\"list-377408\" width=\"20px\" height=\"20px\" viewbox=\"0 0 24 24\" fill=\"none\"><path d=\"M6 6H4v2h2V6zm14 0H8v2h12V6zM4 11h2v2H4v-2zm16 0H8v2h12v-2zM4 16h2v2H4v-2zm16 0H8v2h12v-2z\" fill=\"currentColor\"><\/path><\/svg><svg style=\"fill: #999;color:#999\" class=\"arrow-unsorted-368013\" xmlns=\"http:\/\/www.w3.org\/2000\/svg\" width=\"10px\" height=\"10px\" viewbox=\"0 0 24 24\" version=\"1.2\" baseprofile=\"tiny\"><path d=\"M18.2 9.3l-6.2-6.3-6.2 6.3c-.2.2-.3.4-.3.7s.1.5.3.7c.2.2.4.3.7.3h11c.3 0 .5-.1.7-.3.2-.2.3-.5.3-.7s-.1-.5-.3-.7zM5.8 14.7l6.2 6.3 6.2-6.3c.2-.2.3-.5.3-.7s-.1-.5-.3-.7c-.2-.2-.4-.3-.7-.3h-11c-.3 0-.5.1-.7.3-.2.2-.3.5-.3.7s.1.5.3.7z\"\/><\/svg><\/span><\/span><\/label><input type=\"checkbox\"  id=\"ez-toc-cssicon-toggle-item-69d775feb8fec\" checked aria-label=\"Alternar\" \/><nav><ul class='ez-toc-list ez-toc-list-level-1' ><li class='ez-toc-page-1 ez-toc-heading-level-2'><a class=\"ez-toc-link ez-toc-heading-1\" href=\"https:\/\/comparemyjet.com\/pt_br\/grandview-aviacao\/#About_the_Company\" >Sobre a empresa<\/a><\/li><li class='ez-toc-page-1 ez-toc-heading-level-2'><a class=\"ez-toc-link ez-toc-heading-2\" href=\"https:\/\/comparemyjet.com\/pt_br\/grandview-aviacao\/#Empty_Leg_Flight\" >V\u00f4o de perna vazia<\/a><\/li><li class='ez-toc-page-1 ez-toc-heading-level-2'><a class=\"ez-toc-link ez-toc-heading-3\" href=\"https:\/\/comparemyjet.com\/pt_br\/grandview-aviacao\/#Company_Card_Programs\" >Programas de cart\u00f5es de empresa<\/a><\/li><li class='ez-toc-page-1 ez-toc-heading-level-2'><a class=\"ez-toc-link ez-toc-heading-4\" href=\"https:\/\/comparemyjet.com\/pt_br\/grandview-aviacao\/#Pricing\" >Fixa\u00e7\u00e3o de pre\u00e7os<\/a><\/li><li class='ez-toc-page-1 ez-toc-heading-level-2'><a class=\"ez-toc-link ez-toc-heading-5\" href=\"https:\/\/comparemyjet.com\/pt_br\/grandview-aviacao\/#The_Fleet\" >A Frota&nbsp;<\/a><ul class='ez-toc-list-level-3' ><li class='ez-toc-heading-level-3'><a class=\"ez-toc-link ez-toc-heading-6\" href=\"https:\/\/comparemyjet.com\/pt_br\/grandview-aviacao\/#1_Light_Private_Jets\" >1. Jatos particulares leves<\/a><ul class='ez-toc-list-level-4' ><li class='ez-toc-heading-level-4'><a class=\"ez-toc-link ez-toc-heading-7\" href=\"https:\/\/comparemyjet.com\/pt_br\/grandview-aviacao\/#Our_Recommendation_Embraer_Phenom_300\" >Nossa recomenda\u00e7\u00e3o: O Fen\u00f4meno 300 da Embraer<\/a><\/li><\/ul><\/li><li class='ez-toc-page-1 ez-toc-heading-level-3'><a class=\"ez-toc-link ez-toc-heading-8\" href=\"https:\/\/comparemyjet.com\/pt_br\/grandview-aviacao\/#2_Helicopters\" >2. Helic\u00f3pteros<\/a><ul class='ez-toc-list-level-4' ><li class='ez-toc-heading-level-4'><a class=\"ez-toc-link ez-toc-heading-9\" href=\"https:\/\/comparemyjet.com\/pt_br\/grandview-aviacao\/#Our_Recommendation_Bell_407GXI\" >Nossa recomenda\u00e7\u00e3o: Sino 407GXI<\/a><\/li><\/ul><\/li><\/ul><\/li><li class='ez-toc-page-1 ez-toc-heading-level-2'><a class=\"ez-toc-link ez-toc-heading-10\" href=\"https:\/\/comparemyjet.com\/pt_br\/grandview-aviacao\/#Company_Safety_Policy_and_Standards\" >Pol\u00edtica e normas de seguran\u00e7a da empresa<\/a><\/li><li class='ez-toc-page-1 ez-toc-heading-level-2'><a class=\"ez-toc-link ez-toc-heading-11\" href=\"https:\/\/comparemyjet.com\/pt_br\/grandview-aviacao\/#The_Staff\" >O Pessoal<\/a><\/li><li class='ez-toc-page-1 ez-toc-heading-level-2'><a class=\"ez-toc-link ez-toc-heading-12\" href=\"https:\/\/comparemyjet.com\/pt_br\/grandview-aviacao\/#Conclusion\" >Conclus\u00e3o<\/a><\/li><\/ul><\/nav><\/div>\n<h2 class=\"wp-block-heading\"><span class=\"ez-toc-section\" id=\"About_the_Company\"><\/span>Sobre a empresa<span class=\"ez-toc-section-end\"><\/span><\/h2>\r\n\r\n\r\n\r\n<p>A GrandView Aviation \u00e9 uma empresa privada fundada em 2004, com Jerry Edwards como CEO. A empresa \u00e9 propriet\u00e1ria de sua frota de <a href=\"https:\/\/comparemyjet.com\/pt_br\/embraer\/\" data-internallinksmanager029f6b8e52c=\"151\" title=\"Guia final para Embraer Jatos Privados e Aeronaves\">Embraer<\/a> Phenom 300s e tem cerca de 130 funcion\u00e1rios.<\/p>\r\n\r\n\r\n\r\n<p>O programa b\u00e1sico da GrandView Aviation \u00e9 um dep\u00f3sito de $150.000, sem disponibilidade garantida.<\/p>\r\n\r\n\r\n\r\n<p>Al\u00e9m dos fretamentos de aeronaves particulares, a empresa \u00e9 pioneira no transporte de \u00f3rg\u00e3os para transplante, tendo transportado mais de 250 equipes cir\u00fargicas salva-vidas em 2021 e mais de 2.200 desde seu in\u00edcio.<\/p>\r\n\r\n\r\n\r\n<p>A \u00faltima not\u00edcia que temos sobre a GrandView Aviation \u00e9 que a Global Medical Response (GMR) anunciou a aquisi\u00e7\u00e3o da empresa em 2022. A Global Medical Response oferece atendimento m\u00e9dico de alta qualidade, principalmente em servi\u00e7os de emerg\u00eancia e realoca\u00e7\u00e3o de pacientes nos Estados Unidos e no mundo todo, e \u00e9 por isso que esta mudan\u00e7a faz muito sentido.&nbsp;<\/p>\r\n\r\n\r\n\r\n<p>Gra\u00e7as ao seu recente crescimento, a empresa tem centros em <a href=\"https:\/\/comparemyjet.com\/pt_br\/passeios-particulares\/atlanta-private-tours\/\" data-internallinksmanager029f6b8e52c=\"403\" title=\"11 melhores passeios particulares em Atlanta a partir de $89.99\">Atlanta<\/a>, <a href=\"https:\/\/comparemyjet.com\/pt_br\/passeios-particulares\/austin-private-tours\/\" data-internallinksmanager029f6b8e52c=\"404\" title=\"11 melhores passeios particulares em Austin a partir de $25.00\">Austin<\/a>, Baltimore, <a href=\"https:\/\/comparemyjet.com\/pt_br\/private-jet-charters-to-boston\/\" data-internallinksmanager029f6b8e52c=\"177\" title=\"Carros a jato particulares para Boston\">Boston<\/a>, <a href=\"https:\/\/comparemyjet.com\/pt_br\/private-jet-charters-to-chicago\/\" data-internallinksmanager029f6b8e52c=\"170\" title=\"Carros a jato particulares para Chicago\">Chicago<\/a>, <a href=\"https:\/\/comparemyjet.com\/pt_br\/passeios-particulares\/denver-private-tours\/\" data-internallinksmanager029f6b8e52c=\"410\" title=\"11 melhores passeios particulares em Denver a partir de $49.00\">Denver<\/a>, <a href=\"https:\/\/comparemyjet.com\/pt_br\/passeios-particulares\/los-angeles-private-tours\/\" data-internallinksmanager029f6b8e52c=\"421\" title=\"11 melhores passeios particulares em Los Angeles a partir de $55.00\">Los Angeles<\/a>e Scottsdale.<\/p>\r\n\r\n\r\n\r\n<h2 class=\"wp-block-heading\"><span class=\"ez-toc-section\" id=\"Empty_Leg_Flight\"><\/span>V\u00f4o de perna vazia<span class=\"ez-toc-section-end\"><\/span><\/h2>\r\n\r\n\r\n\r\n<p>Al\u00e9m dos fretamentos regulares, a GrandView Aviation pode lhe ajudar <a href=\"https:\/\/comparemyjet.com\/pt_br\/how-to-book-empty-leg-flights\/\" data-internallinksmanager029f6b8e52c=\"24\" title=\"Como reservar v\u00f4os de perna vazia\">reservar v\u00f4os de perna vazia<\/a>. Uma perna vazia \u00e9 um v\u00f4o que j\u00e1 est\u00e1 programado para voar para um destino espec\u00edfico sem nenhum passageiro. V\u00f4os de percurso vazio geralmente est\u00e3o dispon\u00edveis quando um avi\u00e3o tem que ser realocado ou devolvido para outra rota.&nbsp;<\/p>\r\n\r\n\r\n\r\n<p>Se voc\u00ea puder fazer arranjos de \u00faltima hora para algumas viagens, um <a href=\"https:\/\/flygv.com\/empty-legs\/\" target=\"_blank\" rel=\"noopener\">v\u00f4o de perna vazia<\/a> \u00e9 sempre uma op\u00e7\u00e3o ideal, pois s\u00e3o muito mais baratos do que a tarifa padr\u00e3o.&nbsp;<\/p>\r\n\r\n\r\n\r\n<h2 class=\"wp-block-heading\"><span class=\"ez-toc-section\" id=\"Company_Card_Programs\"><\/span>Programas de cart\u00f5es de empresa<span class=\"ez-toc-section-end\"><\/span><\/h2>\r\n\r\n\r\n\r\n<p>A GrandView Aviation fornece dois tipos de pacotes de associa\u00e7\u00e3o para passageiros frequentes: <strong><em>Milhas de Altitude<\/em><\/strong> e <strong><em>Altitude mais Milhas<\/em><\/strong>.&nbsp;<\/p>\r\n\r\n\r\n\r\n<p>Para tornar-se membro do programa de cart\u00f5es de jato da GrandView Aviations <strong>Altitude Plus<\/strong>\u00e9 necess\u00e1rio fazer um dep\u00f3sito de $150.000. Voc\u00ea recebe instantaneamente um bloqueio de tarifa por 24 meses ao fazer o dep\u00f3sito, e pode tirar proveito dos pre\u00e7os fixos para mais de 65 destinos, incluindo um desconto de 10% em cada v\u00f4o. Quando voc\u00ea viajar com mais freq\u00fc\u00eancia, voc\u00ea ganhar\u00e1 mais benef\u00edcios e privil\u00e9gios, como por exemplo:<\/p>\r\n\r\n\r\n\r\n<ul class=\"wp-block-list\"><li>Restaura\u00e7\u00e3o a bordo&nbsp;<\/li><li>Cr\u00e9ditos de v\u00f4o&nbsp;<\/li><li>Cancelamentos flex\u00edveis - GrandView reembolsar\u00e1 o custo do bilhete para sua conta<\/li><li>$200 cr\u00e9dito de catering para cada dia de v\u00f4o<\/li><li>Acordos de v\u00f4os de perna vazia<\/li><\/ul>\r\n\r\n\r\n\r\n<p>Ao contr\u00e1rio do Altitude Plus, \u00e9 livre para se tornar um <strong>Milhas de Altitude <\/strong>membro, mas voc\u00ea n\u00e3o ter\u00e1 descontos em v\u00f4os ou pre\u00e7os fixos. Viajantes freq\u00fcentes podem ganhar vantagens e privil\u00e9gios, como por exemplo:<\/p>\r\n\r\n\r\n\r\n<ul class=\"wp-block-list\"><li>Restaura\u00e7\u00e3o a bordo&nbsp;<\/li><li>Cr\u00e9ditos de v\u00f4o&nbsp;<\/li><li>Cancelamentos flex\u00edveis - GrandView reembolsar\u00e1 o custo do bilhete para sua conta<\/li><li>$200 cr\u00e9dito de catering para cada dia que voc\u00ea voa<\/li><li>Acordos de v\u00f4os de perna vazia<\/li><\/ul>\r\n\r\n\r\n\r\n<h2 class=\"wp-block-heading\"><span class=\"ez-toc-section\" id=\"Pricing\"><\/span>Fixa\u00e7\u00e3o de pre\u00e7os<span class=\"ez-toc-section-end\"><\/span><\/h2>\r\n\r\n\r\n\r\n<p>A tarifa hor\u00e1ria \u00e9 garantida para os membros, e os custos s\u00e3o calculados em fun\u00e7\u00e3o do total de horas de v\u00f4o. O pre\u00e7o inclui o reposicionamento de Atlanta, Austin, Baltimore, Boston, Chicago, Denver, Los Angeles, e Scottsdale. H\u00e1 tarifas de transporte estabelecidas para mais de 65 destinos principais.&nbsp;<\/p>\r\n\r\n\r\n\r\n<p>O custo hor\u00e1rio de v\u00f4o com sua frota de Phenom 300 come\u00e7a em cerca de $3.100, incluindo o FET (Federal Excise Tax), mas sem qualquer taxa de reposicionamento.<\/p>\r\n\r\n\r\n\r\n<h2 class=\"wp-block-heading\"><span class=\"ez-toc-section\" id=\"The_Fleet\"><\/span>A Frota&nbsp;<span class=\"ez-toc-section-end\"><\/span><\/h2>\r\n\r\n\r\n\r\n<figure class=\"wp-block-image size-full is-style-default\"><img loading=\"lazy\" decoding=\"async\" width=\"1000\" height=\"667\" src=\"https:\/\/comparemyjet.com\/wp-content\/uploads\/2022\/08\/phenom300.jet_.jpg\" alt=\"\" class=\"wp-image-3224\" srcset=\"https:\/\/comparemyjet.com\/wp-content\/uploads\/2022\/08\/phenom300.jet_-18x12.jpg 18w, https:\/\/comparemyjet.com\/wp-content\/uploads\/2022\/08\/phenom300.jet_-300x200.jpg 300w, https:\/\/comparemyjet.com\/wp-content\/uploads\/2022\/08\/phenom300.jet_-768x512.jpg 768w, https:\/\/comparemyjet.com\/wp-content\/uploads\/2022\/08\/phenom300.jet_.jpg 1000w\" sizes=\"auto, (max-width: 1000px) 100vw, 1000px\" \/><\/figure>\r\n\r\n\r\n\r\n<p>A GrandView Aviation mant\u00e9m sua frota de avi\u00f5es privados Phenom 300 e alguns helic\u00f3pteros em seus hubs em Boston, Baltimore\/DC, Los Angeles, Chicago, Atlanta, Austin, <a href=\"https:\/\/comparemyjet.com\/pt_br\/private-jet-charters-to-phoenix\/\" data-internallinksmanager029f6b8e52c=\"199\" title=\"Carros a jato particulares para Phoenix\">F\u00eanix<\/a>e Denver.<\/p>\r\n\r\n\r\n\r\n<h3 class=\"wp-block-heading\"><span class=\"ez-toc-section\" id=\"1_Light_Private_Jets\"><\/span>1. Jatos particulares leves<span class=\"ez-toc-section-end\"><\/span><\/h3>\r\n\r\n\r\n\r\n<p>Quando comparados aos helic\u00f3pteros, os jatos leves s\u00e3o maiores e t\u00eam mais alcance. Eles podem transportar at\u00e9 oito passageiros com conforto garantido devido a sua cabine maior e armazenamento de bagagem.<\/p>\r\n\r\n\r\n\r\n<p>As aeronaves leves tamb\u00e9m podem pousar e levantar de pequenas pistas e aeroportos locais, permitindo visitar \u00e1reas de dif\u00edcil acesso e aeroportos com pistas mais curtas.<\/p>\r\n\r\n\r\n\r\n<h4 class=\"wp-block-heading\"><span class=\"ez-toc-section\" id=\"Our_Recommendation_Embraer_Phenom_300\"><\/span>Nossa recomenda\u00e7\u00e3o: O Fen\u00f4meno 300 da Embraer<span class=\"ez-toc-section-end\"><\/span><\/h4>\r\n\r\n\r\n\r\n<p>O Phenom 300 pode acomodar at\u00e9 8 viajantes, e a cabine espa\u00e7osa possui muito espa\u00e7o para bagagem. H\u00e1 espa\u00e7o suficiente para equipamentos de golfe, malas e outros itens que voc\u00ea possa precisar para sua viagem. O interior oferece espa\u00e7o confort\u00e1vel para as pernas e apresenta m\u00f3veis de alta qualidade, como reclin\u00e1veis em couro, mesas de madeira e tapetes de pel\u00facia, incluindo um lavat\u00f3rio. Al\u00e9m dos petiscos e do vinho de cortesia, eles podem fornecer catering a bordo mediante solicita\u00e7\u00e3o.&nbsp;<\/p>\r\n\r\n\r\n\r\n<p>De 2013 a 2015, o Phenom 300 foi o jato comercial mais popular. O alcance desta aeronave supera a maioria dos outros jatos leves, oferecendo um desempenho de um jato de m\u00e9dio porte a custos mais baixos.&nbsp;<\/p>\r\n\r\n\r\n\r\n<p>Especifica\u00e7\u00f5es e amenidades do Phenom 300:<\/p>\r\n\r\n\r\n\r\n<ul class=\"wp-block-list\"><li>Passageiros: 8;<\/li><li>Altura da cabine: 4 p\u00e9s e 11 polegadas;<\/li><li>Largura da cabine: 5 p\u00e9s 1 pol;<\/li><li>Comprimento da cabine: 17 p\u00e9s 2 polegadas;<\/li><li>Altura exterior: 16 p\u00e9s e 5 polegadas;<\/li><li>Bagagem externa: 66 cu ft;<\/li><li>Bagagem interna: 19 cu ft;<\/li><li>Velocidade m\u00e1xima: 453 kts;<\/li><li>Alcance m\u00e1ximo: 2077 nm;<\/li><li>Taxa de subida: 3335 fpm;<\/li><li>Tripula\u00e7\u00e3o: 2;<\/li><li>Internet sem fio;<\/li><li>Lavat\u00f3rio;<\/li><li>Tomadas de for\u00e7a, e servi\u00e7o de telefone via sat\u00e9lite.<\/li><\/ul>\r\n\r\n\r\n\r\n<p><em>O Fen\u00f4meno 300<\/em> Os avi\u00f5es charter est\u00e3o estacionados em Baltimore\/DC, Chicago, Austin, Atlanta e Scottsdale, permitindo que voc\u00ea voe do Meio-Atl\u00e2ntico, Nordeste e Centro dos Estados Unidos.&nbsp;<\/p>\r\n\r\n\r\n\r\n<h3 class=\"wp-block-heading\"><span class=\"ez-toc-section\" id=\"2_Helicopters\"><\/span>2. Helic\u00f3pteros<span class=\"ez-toc-section-end\"><\/span><\/h3>\r\n\r\n\r\n\r\n<p>Os fretamentos de helic\u00f3pteros permitem que voc\u00ea decole e pouse em qualquer local preciso, incluindo helipontos, resorts e at\u00e9 mesmo casas particulares. Eles podem pousar em quase qualquer lugar em uma emerg\u00eancia e representam menos perigos para os passageiros. Entretanto, eles s\u00e3o mais facilmente impactados pelas condi\u00e7\u00f5es clim\u00e1ticas, e seu v\u00f4o pode ser cancelado se as circunst\u00e2ncias clim\u00e1ticas n\u00e3o forem ideais.&nbsp;<\/p>\r\n\r\n\r\n\r\n<p>A GrandView Aviation oferece helic\u00f3pteros VIP com sistemas de entretenimento em v\u00f4o e espa\u00e7o para at\u00e9 12 passageiros. Todos os helic\u00f3pteros fretados s\u00e3o operados por dois pilotos habilidosos para a \u00f3tima seguran\u00e7a e prote\u00e7\u00e3o dos clientes.<\/p>\r\n\r\n\r\n\r\n<h4 class=\"wp-block-heading\"><span class=\"ez-toc-section\" id=\"Our_Recommendation_Bell_407GXI\"><\/span>Nossa recomenda\u00e7\u00e3o: Sino 407GXI<span class=\"ez-toc-section-end\"><\/span><\/h4>\r\n\r\n\r\n\r\n<p>O Bell 407GXI \u00e9 um helic\u00f3ptero monomotor multiuso com quatro p\u00e1s que foi lan\u00e7ado pela primeira vez em 1995. O material composto utilizado para as p\u00e1s e o cubo aumenta o desempenho e proporciona um v\u00f4o mais confort\u00e1vel. \u00c9 freq\u00fcentemente usado na aplica\u00e7\u00e3o da lei, na coleta eletr\u00f4nica de not\u00edcias e na cria\u00e7\u00e3o de filmes, bem como no com\u00e9rcio e no transporte mar\u00edtimo. A cabine pode ser configurada para acomodar uma variedade de tarefas e cargas \u00fateis, incluindo assentos para passageiros de at\u00e9 seis pessoas.&nbsp;<\/p>\r\n\r\n\r\n\r\n<p>Especifica\u00e7\u00f5es:<\/p>\r\n\r\n\r\n\r\n<ul class=\"wp-block-list\"><li>Passageiros: 5;<\/li><li>Altura exterior: 11 p\u00e9s e 8 polegadas;<\/li><li>Bagagem externa: 20 cu ft;<\/li><li>Comprimento: 41 p\u00e9s e 8 polegadas;<\/li><li>Bagagem interna: 3 cu ft;<\/li><li>Velocidade m\u00e1xima: 140 kts;<\/li><li>Os assentos s\u00e3o plush e superlotados;<\/li><li>Estofos em couro.<\/li><\/ul>\r\n\r\n\r\n\r\n<p>Al\u00e9m de nosso helic\u00f3ptero recomendado <em>Sino 407<\/em>A GrandView Aviation oferece mais um em seu cat\u00e1logo - t<em>Sikorsky S-76D<\/em>.<\/p>\r\n\r\n\r\n\r\n<h2 class=\"wp-block-heading\"><span class=\"ez-toc-section\" id=\"Company_Safety_Policy_and_Standards\"><\/span>Pol\u00edtica e normas de seguran\u00e7a da empresa<span class=\"ez-toc-section-end\"><\/span><\/h2>\r\n\r\n\r\n\r\n<p><a href=\"https:\/\/nbaa.org\/flight-department-administration\/sms\/is-bao\/\" target=\"_blank\" rel=\"noopener\">A Norma Internacional para Opera\u00e7\u00f5es de Aeronaves de Neg\u00f3cios<\/a> (IS-BAO) foi criado para ajudar os departamentos de v\u00f4o em todo o mundo a alcan\u00e7ar altos padr\u00f5es de seguran\u00e7a e profissionalismo. Como cliente da GrandView Aviation, voc\u00ea pode ter certeza de que um <a href=\"https:\/\/www.faa.gov\/about\/initiatives\/sms\" target=\"_blank\" rel=\"noopener\">Sistema de Gerenciamento de Seguran\u00e7a<\/a> (SMS) foi implementado para todos os voos charter de helic\u00f3pteros, gra\u00e7as a esta classifica\u00e7\u00e3o de seguran\u00e7a.<\/p>\r\n\r\n\r\n\r\n<p>Al\u00e9m disso, <a href=\"https:\/\/nbaa.org\/\" target=\"_blank\" rel=\"noopener\">A Associa\u00e7\u00e3o Nacional de Avia\u00e7\u00e3o de Neg\u00f3cios<\/a> honrou a GrandView Aviation com um certificado de seguran\u00e7a sem acidentes e incidentes por 10 anos, e os pilotos da empresa s\u00e3o <a href=\"https:\/\/www.wyvernltd.com\/\" target=\"_blank\" rel=\"noopener\">Wyvern Wingman<\/a> de seguran\u00e7a e <a href=\"https:\/\/www.argus.aero\/\" target=\"_blank\" rel=\"noopener\">ARGUS<\/a> Operadores com classifica\u00e7\u00e3o de ouro.<\/p>\r\n\r\n\r\n\r\n<p>A GrandView possui uma ap\u00f3lice de seguro de responsabilidade civil de $150 milh\u00f5es, e todos os v\u00f4os s\u00e3o operados por dois pilotos.<\/p>\r\n\r\n\r\n\r\n<h2 class=\"wp-block-heading\"><span class=\"ez-toc-section\" id=\"The_Staff\"><\/span>O Pessoal<span class=\"ez-toc-section-end\"><\/span><\/h2>\r\n\r\n\r\n\r\n<figure class=\"wp-block-image size-full is-style-default\"><img loading=\"lazy\" decoding=\"async\" width=\"1000\" height=\"667\" src=\"https:\/\/comparemyjet.com\/wp-content\/uploads\/2022\/07\/two.private.jet_.pilots.jpg\" alt=\"GrandView Avia\u00e7\u00e3o\" class=\"wp-image-3137\" srcset=\"https:\/\/comparemyjet.com\/wp-content\/uploads\/2022\/07\/two.private.jet_.pilots-18x12.jpg 18w, https:\/\/comparemyjet.com\/wp-content\/uploads\/2022\/07\/two.private.jet_.pilots-300x200.jpg 300w, https:\/\/comparemyjet.com\/wp-content\/uploads\/2022\/07\/two.private.jet_.pilots-768x512.jpg 768w, https:\/\/comparemyjet.com\/wp-content\/uploads\/2022\/07\/two.private.jet_.pilots.jpg 1000w\" sizes=\"auto, (max-width: 1000px) 100vw, 1000px\" \/><\/figure>\r\n\r\n\r\n\r\n<p>A GrandView cresceu de uma empresa de 65 pessoas para mais de 120 funcion\u00e1rios, com pilotos, despachantes de v\u00f4o e t\u00e9cnicos. Em 2022, a empresa gerou mais de $50 milh\u00f5es em vendas e foi nomeada na <a href=\"https:\/\/thedailyrecord.com\/2022\/01\/21\/grandview-aviation-moves-to-new-hq-in-middle-river\/\" target=\"_blank\" rel=\"noopener\">Inc 5000 lista das empresas americanas que mais crescem<\/a>. A empresa tem o maior n\u00famero de funcion\u00e1rios da avia\u00e7\u00e3o privada em Maryland.&nbsp;<\/p>\r\n\r\n\r\n\r\n<h2 class=\"wp-block-heading\"><span class=\"ez-toc-section\" id=\"Conclusion\"><\/span>Conclus\u00e3o<span class=\"ez-toc-section-end\"><\/span><\/h2>\r\n\r\n\r\n\r\n<p>A GrandView \u00e9 uma proeminente empresa norte-americana privada de transporte a\u00e9reo charter e transplante de \u00f3rg\u00e3os com 130 funcion\u00e1rios e uma frota Phenom 300 sediada em Baltimore, Maryland.&nbsp;<\/p>\r\n\r\n\r\n\r\n<p>Voc\u00ea pode participar de seus programas de cart\u00f5es a jato Altitude Plus e Altitude Miles para se tornar um membro e obter algumas das vantagens oferecidas. Como propriet\u00e1rio de um cart\u00e3o de jato, voc\u00ea ganha milhas ao voar e as milhas de recompensa podem ser usadas para cr\u00e9ditos de companhias a\u00e9reas, catering e outros servi\u00e7os. Os associados do Altitude Plus tamb\u00e9m ganham um desconto em v\u00f4os. Al\u00e9m disso, eles oferecem uma pol\u00edtica de cancelamento flex\u00edvel, para que voc\u00ea possa fazer planos flex\u00edveis sem preocupa\u00e7\u00f5es.&nbsp;<\/p>","protected":false},"excerpt":{"rendered":"<p>A GrandView Aviation \u00e9 uma empresa de afretamento de jatos particulares com sede em Baltimore que opera nos Estados Unidos. Voc\u00ea pode voar atrav\u00e9s do pa\u00eds com seus avi\u00f5es a jato Phenom 300 e alugar seus helic\u00f3pteros Sikorsky S-76D e Bell 407GXI em Baltimore e Washington, D.C. Como a empresa \u00e9 certificada pela Wyvern Wingman, seus pilotos seguem as \u00faltimas e melhores ...<\/p>","protected":false},"author":2,"featured_media":3225,"parent":0,"menu_order":0,"comment_status":"closed","ping_status":"closed","template":"","meta":{"_acf_changed":false,"_genesis_hide_title":false,"_genesis_hide_breadcrumbs":false,"_genesis_hide_singular_image":false,"_genesis_hide_footer_widgets":false,"_genesis_custom_body_class":"","_genesis_custom_post_class":"","_genesis_layout":"","footnotes":""},"class_list":{"1":"page","2":"type-page","6":"entry"},"acf":[],"_links":{"self":[{"href":"https:\/\/comparemyjet.com\/pt_br\/wp-json\/wp\/v2\/pages\/3223","targetHints":{"allow":["GET"]}}],"collection":[{"href":"https:\/\/comparemyjet.com\/pt_br\/wp-json\/wp\/v2\/pages"}],"about":[{"href":"https:\/\/comparemyjet.com\/pt_br\/wp-json\/wp\/v2\/types\/page"}],"author":[{"embeddable":true,"href":"https:\/\/comparemyjet.com\/pt_br\/wp-json\/wp\/v2\/users\/2"}],"replies":[{"embeddable":true,"href":"https:\/\/comparemyjet.com\/pt_br\/wp-json\/wp\/v2\/comments?post=3223"}],"version-history":[{"count":2,"href":"https:\/\/comparemyjet.com\/pt_br\/wp-json\/wp\/v2\/pages\/3223\/revisions"}],"predecessor-version":[{"id":3460,"href":"https:\/\/comparemyjet.com\/pt_br\/wp-json\/wp\/v2\/pages\/3223\/revisions\/3460"}],"wp:featuredmedia":[{"embeddable":true,"href":"https:\/\/comparemyjet.com\/pt_br\/wp-json\/wp\/v2\/media\/3225"}],"wp:attachment":[{"href":"https:\/\/comparemyjet.com\/pt_br\/wp-json\/wp\/v2\/media?parent=3223"}],"curies":[{"name":"wp","href":"https:\/\/api.w.org\/{rel}","templated":true}]}}