{"id":3228,"date":"2022-09-20T20:27:21","date_gmt":"2022-09-20T20:27:21","guid":{"rendered":"https:\/\/comparemyjet.com\/?page_id=3228"},"modified":"2025-09-04T09:58:24","modified_gmt":"2025-09-04T09:58:24","slug":"jet-algo","status":"publish","type":"page","link":"https:\/\/comparemyjet.com\/pt_br\/jet-algo\/","title":{"rendered":"Pre\u00e7os de v\u00f4os Jet Algo"},"content":{"rendered":"<p>Jet Algo \u00e9 uma empresa privada de afretamento com sede em Morristown, Nova <a href=\"https:\/\/comparemyjet.com\/pt_br\/private-jet-charters-to-jersey\/\" data-internallinksmanager029f6b8e52c=\"176\" title=\"Carros a jato particulares para Jersey\">Jersey<\/a>. Uma maneira pela qual eles diferem de outras empresas \u00e9 o uso de algoritmos patenteados para calcular estimativas de pre\u00e7os adaptadas aos perfis dos clientes e itiner\u00e1rios de viagem. Com a ajuda de seus algoritmos, eles fazem um sistema de pagamento baseado em seu itiner\u00e1rio.&nbsp;<\/p>\r\n\r\n\r\n\r\n<p>A empresa oferece um programa de cart\u00f5es a jato sem taxas de administra\u00e7\u00e3o, e voc\u00ea n\u00e3o precisa ser propriet\u00e1rio ou ter uma a\u00e7\u00e3o para poder voar. Vamos ver o que eles t\u00eam a oferecer com mais detalhes.&nbsp;<\/p>\r\n\r\n\r\n\r\n<div id=\"ez-toc-container\" class=\"ez-toc-v2_0_76 counter-hierarchy ez-toc-counter ez-toc-grey ez-toc-container-direction\">\n<p class=\"ez-toc-title\" style=\"cursor:inherit\">T\u00f3picos<\/p>\n<label for=\"ez-toc-cssicon-toggle-item-69f58846d39e3\" class=\"ez-toc-cssicon-toggle-label\"><span class=\"\"><span class=\"eztoc-hide\" style=\"display:none;\">Alternar<\/span><span class=\"ez-toc-icon-toggle-span\"><svg style=\"fill: #999;color:#999\" xmlns=\"http:\/\/www.w3.org\/2000\/svg\" class=\"list-377408\" width=\"20px\" height=\"20px\" viewbox=\"0 0 24 24\" fill=\"none\"><path d=\"M6 6H4v2h2V6zm14 0H8v2h12V6zM4 11h2v2H4v-2zm16 0H8v2h12v-2zM4 16h2v2H4v-2zm16 0H8v2h12v-2z\" fill=\"currentColor\"><\/path><\/svg><svg style=\"fill: #999;color:#999\" class=\"arrow-unsorted-368013\" xmlns=\"http:\/\/www.w3.org\/2000\/svg\" width=\"10px\" height=\"10px\" viewbox=\"0 0 24 24\" version=\"1.2\" baseprofile=\"tiny\"><path d=\"M18.2 9.3l-6.2-6.3-6.2 6.3c-.2.2-.3.4-.3.7s.1.5.3.7c.2.2.4.3.7.3h11c.3 0 .5-.1.7-.3.2-.2.3-.5.3-.7s-.1-.5-.3-.7zM5.8 14.7l6.2 6.3 6.2-6.3c.2-.2.3-.5.3-.7s-.1-.5-.3-.7c-.2-.2-.4-.3-.7-.3h-11c-.3 0-.5.1-.7.3-.2.2-.3.5-.3.7s.1.5.3.7z\"\/><\/svg><\/span><\/span><\/label><input type=\"checkbox\"  id=\"ez-toc-cssicon-toggle-item-69f58846d39e3\" checked aria-label=\"Alternar\" \/><nav><ul class='ez-toc-list ez-toc-list-level-1' ><li class='ez-toc-page-1 ez-toc-heading-level-2'><a class=\"ez-toc-link ez-toc-heading-1\" href=\"https:\/\/comparemyjet.com\/pt_br\/jet-algo\/#Company_History\" >Hist\u00f3ria da empresa<\/a><\/li><li class='ez-toc-page-1 ez-toc-heading-level-2'><a class=\"ez-toc-link ez-toc-heading-2\" href=\"https:\/\/comparemyjet.com\/pt_br\/jet-algo\/#Pricing\" >Fixa\u00e7\u00e3o de pre\u00e7os<\/a><\/li><li class='ez-toc-page-1 ez-toc-heading-level-2'><a class=\"ez-toc-link ez-toc-heading-3\" href=\"https:\/\/comparemyjet.com\/pt_br\/jet-algo\/#Company_Card_Program\" >Programa de Cart\u00e3o de Empresa<\/a><\/li><li class='ez-toc-page-1 ez-toc-heading-level-2'><a class=\"ez-toc-link ez-toc-heading-4\" href=\"https:\/\/comparemyjet.com\/pt_br\/jet-algo\/#The_Fleet\" >A Frota&nbsp;<\/a><ul class='ez-toc-list-level-3' ><li class='ez-toc-heading-level-3'><a class=\"ez-toc-link ez-toc-heading-5\" href=\"https:\/\/comparemyjet.com\/pt_br\/jet-algo\/#1_Light_Private_Jets\" >1. Jatos particulares leves<\/a><ul class='ez-toc-list-level-4' ><li class='ez-toc-heading-level-4'><a class=\"ez-toc-link ez-toc-heading-6\" href=\"https:\/\/comparemyjet.com\/pt_br\/jet-algo\/#Our_Recommendation_Eclipse_500\" >Nossa recomenda\u00e7\u00e3o: Eclipse 500<\/a><\/li><\/ul><\/li><li class='ez-toc-page-1 ez-toc-heading-level-3'><a class=\"ez-toc-link ez-toc-heading-7\" href=\"https:\/\/comparemyjet.com\/pt_br\/jet-algo\/#2_Midsize_Private_Jets\" >2. Jatos particulares de m\u00e9dio porte<\/a><ul class='ez-toc-list-level-4' ><li class='ez-toc-heading-level-4'><a class=\"ez-toc-link ez-toc-heading-8\" href=\"https:\/\/comparemyjet.com\/pt_br\/jet-algo\/#Our_Recommendation_The_Hawker_800XP\" >Nossa recomenda\u00e7\u00e3o: O Hawker 800XP<\/a><\/li><\/ul><\/li><li class='ez-toc-page-1 ez-toc-heading-level-3'><a class=\"ez-toc-link ez-toc-heading-9\" href=\"https:\/\/comparemyjet.com\/pt_br\/jet-algo\/#3_Super-Midsize_Private_Jets\" >3. Jatos Privados Super-M\u00e9dios&nbsp;<\/a><ul class='ez-toc-list-level-4' ><li class='ez-toc-heading-level-4'><a class=\"ez-toc-link ez-toc-heading-10\" href=\"https:\/\/comparemyjet.com\/pt_br\/jet-algo\/#Our_Recommendation_Citation_X\" >Nossa recomenda\u00e7\u00e3o: Cita\u00e7\u00e3o X<\/a><\/li><\/ul><\/li><li class='ez-toc-page-1 ez-toc-heading-level-3'><a class=\"ez-toc-link ez-toc-heading-11\" href=\"https:\/\/comparemyjet.com\/pt_br\/jet-algo\/#4_Large_Private_Jets\" >4. Grandes Jatos Privados<\/a><ul class='ez-toc-list-level-4' ><li class='ez-toc-heading-level-4'><a class=\"ez-toc-link ez-toc-heading-12\" href=\"https:\/\/comparemyjet.com\/pt_br\/jet-algo\/#Our_Recommendation_Bombardier_Challenger_650\" >Nossa recomenda\u00e7\u00e3o:  Bombardier Challenger 650&nbsp;<\/a><\/li><\/ul><\/li><li class='ez-toc-page-1 ez-toc-heading-level-3'><a class=\"ez-toc-link ez-toc-heading-13\" href=\"https:\/\/comparemyjet.com\/pt_br\/jet-algo\/#5_Long-Range_Private_Jets\" >5. Jatos Privados de Longa Dist\u00e2ncia<\/a><ul class='ez-toc-list-level-4' ><li class='ez-toc-heading-level-4'><a class=\"ez-toc-link ez-toc-heading-14\" href=\"https:\/\/comparemyjet.com\/pt_br\/jet-algo\/#Our_Recommendation_The_Gulfstream_G450\" >Nossa recomenda\u00e7\u00e3o: O Gulfstream G450&nbsp;<\/a><\/li><\/ul><\/li><\/ul><\/li><li class='ez-toc-page-1 ez-toc-heading-level-2'><a class=\"ez-toc-link ez-toc-heading-15\" href=\"https:\/\/comparemyjet.com\/pt_br\/jet-algo\/#Company_Safety_Policy_and_Standards\" >Pol\u00edtica e normas de seguran\u00e7a da empresa<\/a><\/li><li class='ez-toc-page-1 ez-toc-heading-level-2'><a class=\"ez-toc-link ez-toc-heading-16\" href=\"https:\/\/comparemyjet.com\/pt_br\/jet-algo\/#Conclusion\" >Conclus\u00e3o<\/a><\/li><\/ul><\/nav><\/div>\n<h2 class=\"wp-block-heading\"><span class=\"ez-toc-section\" id=\"Company_History\"><\/span>Hist\u00f3ria da empresa<span class=\"ez-toc-section-end\"><\/span><\/h2>\r\n\r\n\r\n\r\n<p>O Jet Algo come\u00e7ou em 1995 como <em>Skywaves<\/em>. A estrat\u00e9gia comercial da empresa de utilizar algoritmos para estimar os pre\u00e7os foi inventada pela primeira <a href=\"https:\/\/comparemyjet.com\/pt_br\/delta-private-jets\/\" data-internallinksmanager029f6b8e52c=\"184\" title=\"Pre\u00e7os de ades\u00e3o Delta Private Jets\">Delta Jatos Privados<\/a> vice-presidente Jon Mende, CEO da Jet Algo. Mende alega que a empresa oferece pre\u00e7os fixos de ida e volta com base na disponibilidade garantida nos prazos de entrega e em seu or\u00e7amento estimado. Ele pretende oferecer aos clientes tarifas fixas alternativas baseadas em pares de destinos espec\u00edficos, com tarifas mais baratas para aqueles que viajam entre lugares densamente povoados sem a necessidade de v\u00f4os de balsa.&nbsp;<\/p>\r\n\r\n\r\n\r\n<h2 class=\"wp-block-heading\"><span class=\"ez-toc-section\" id=\"Pricing\"><\/span>Fixa\u00e7\u00e3o de pre\u00e7os<span class=\"ez-toc-section-end\"><\/span><\/h2>\r\n\r\n\r\n\r\n<p>As despesas de inicia\u00e7\u00e3o e ades\u00e3o ao Jet Algo s\u00e3o de aproximadamente $1.000 por m\u00eas, e o dinheiro \u00e9 usado para cobrir suas despesas de v\u00f4o. O valor de seu dep\u00f3sito \u00e9 determinado por seu programa personalizado e os pre\u00e7os s\u00e3o fixados para os pr\u00f3ximos 24 meses.<\/p>\r\n\r\n\r\n\r\n<p>Uma vez que voc\u00ea se torne membro, voc\u00ea pode tirar proveito de uma garantia de disponibilidade, uma tarifa hor\u00e1ria fixa e pre\u00e7os personalizados determinados por sua rota.<\/p>\r\n\r\n\r\n\r\n<p>Espere gastar mais se quiser os operadores IS-BAO Stage 3, Argus Platinum, ou Wyvern Wingman em vez da frota padr\u00e3o Part 135 de aproximadamente 7.000 aeronaves. Os pre\u00e7os variam de acordo com suas exig\u00eancias e prefer\u00eancias.<\/p>\r\n\r\n\r\n\r\n<h2 class=\"wp-block-heading\"><span class=\"ez-toc-section\" id=\"Company_Card_Program\"><\/span>Programa de Cart\u00e3o de Empresa<span class=\"ez-toc-section-end\"><\/span><\/h2>\r\n\r\n\r\n\r\n<p>A maioria das empresas de cart\u00f5es a jato cobram a mesma taxa independentemente de para onde voc\u00ea vai, quais aeroportos voc\u00ea utiliza, quanto tempo voc\u00ea avisa para seu v\u00f4o, ou quanto tempo voc\u00ea permanece em seu destino. Assim, se voc\u00ea planejar uma fuga de fim de semana e reservar uma passagem com tr\u00eas dias de anteced\u00eancia, voc\u00ea poder\u00e1 pagar o mesmo pre\u00e7o que algu\u00e9m que tira f\u00e9rias de 10 dias para um local diferente e reserva com apenas 10 horas de anteced\u00eancia. Como resultado, as tarifas devem ser compensadas para indiv\u00edduos que reservam v\u00f4os de \u00faltima hora ou viajam para um local remoto. A Jet Algo cria um modelo de pre\u00e7o baseado em seu perfil, utilizando algoritmos sofisticados.&nbsp;<\/p>\r\n\r\n\r\n\r\n<h2 class=\"wp-block-heading\"><span class=\"ez-toc-section\" id=\"The_Fleet\"><\/span>A Frota&nbsp;<span class=\"ez-toc-section-end\"><\/span><\/h2>\r\n\r\n\r\n\r\n<figure class=\"wp-block-image size-full is-style-default\"><img loading=\"lazy\" decoding=\"async\" width=\"1000\" height=\"565\" src=\"https:\/\/comparemyjet.com\/wp-content\/uploads\/2022\/09\/businessman.infront.of_.a.plane_.jpg\" alt=\"Jet Algo\" class=\"wp-image-3230\" srcset=\"https:\/\/comparemyjet.com\/wp-content\/uploads\/2022\/09\/businessman.infront.of_.a.plane_-18x10.jpg 18w, https:\/\/comparemyjet.com\/wp-content\/uploads\/2022\/09\/businessman.infront.of_.a.plane_-300x170.jpg 300w, https:\/\/comparemyjet.com\/wp-content\/uploads\/2022\/09\/businessman.infront.of_.a.plane_-768x434.jpg 768w, https:\/\/comparemyjet.com\/wp-content\/uploads\/2022\/09\/businessman.infront.of_.a.plane_.jpg 1000w\" sizes=\"auto, (max-width: 1000px) 100vw, 1000px\" \/><\/figure>\r\n\r\n\r\n\r\n<p>Como empresa corretora, a Jet Algo n\u00e3o tem frota de aeronaves. Em vez disso, a empresa serve como uma ponte entre voc\u00ea e a companhia a\u00e9rea, ajudando-o a decidir que tipo de jato usar para seu pr\u00f3ximo v\u00f4o e fornecendo-lhe muitas alternativas sob medida.&nbsp;<\/p>\r\n\r\n\r\n\r\n<h3 class=\"wp-block-heading\"><span class=\"ez-toc-section\" id=\"1_Light_Private_Jets\"><\/span>1. Jatos particulares leves<span class=\"ez-toc-section-end\"><\/span><\/h3>\r\n\r\n\r\n\r\n<p>Os jatos leves s\u00e3o maiores e t\u00eam um alcance mais amplo do que os turboprops ou jatos muito leves. A cabine \u00e9 espa\u00e7osa, e a capacidade de bagagem \u00e9 suficiente para transportar um pouco mais do que apenas o essencial. Eles podem transportar confortavelmente uma m\u00e9dia de oito pessoas, voar em pistas curtas e aterrissar em aeroportos pequenos.&nbsp;<\/p>\r\n\r\n\r\n\r\n<p>O benef\u00edcio mais significativo de um jato leve \u00e9 seu inigual\u00e1vel acesso \u00e0s ilhas e regi\u00f5es montanhosas de dif\u00edcil acesso.<\/p>\r\n\r\n\r\n\r\n<h4 class=\"wp-block-heading\"><span class=\"ez-toc-section\" id=\"Our_Recommendation_Eclipse_500\"><\/span>Nossa recomenda\u00e7\u00e3o: Eclipse 500<span class=\"ez-toc-section-end\"><\/span><\/h4>\r\n\r\n\r\n\r\n<p>O Eclipse 500 \u00e9 um motor de duas turbinas fabricado pela Eclipse Aerospace no Novo M\u00e9xico. O Eclipse \u00e9 eficiente e esteticamente atraente, e um dos favoritos da multid\u00e3o nesta categoria de aeronaves.<\/p>\r\n\r\n\r\n\r\n<p>Especifica\u00e7\u00f5es:<\/p>\r\n\r\n\r\n\r\n<ul class=\"wp-block-list\"><li>Passageiros: 3 a 4;<\/li><li>Velocidade de cruzeiro: 370 n\u00f3s;<\/li><li>Alcance de v\u00f4o: 1.290 milhas;<\/li><li>Altura da cabine: 4 p\u00e9s 2 polegadas;<\/li><li>A largura da cabine: 4 p\u00e9s 7 polegadas;<\/li><li>O comprimento da cabine: 7 p\u00e9s e 6 polegadas;<\/li><li>Espa\u00e7o para bagagem: 16 cu ft.<\/li><\/ul>\r\n\r\n\r\n\r\n<h3 class=\"wp-block-heading\"><span class=\"ez-toc-section\" id=\"2_Midsize_Private_Jets\"><\/span>2. Jatos particulares de m\u00e9dio porte<span class=\"ez-toc-section-end\"><\/span><\/h3>\r\n\r\n\r\n\r\n<p>As aeronaves de m\u00e9dio porte t\u00eam de 6 a 8 assentos com um alcance m\u00e1ximo de v\u00f4o de 4 a 5 horas. \u00c9 ideal para viagens pessoais e de neg\u00f3cios, pois oferece mais flexibilidade e conforto em dist\u00e2ncias maiores.<\/p>\r\n\r\n\r\n\r\n<h4 class=\"wp-block-heading\"><span class=\"ez-toc-section\" id=\"Our_Recommendation_The_Hawker_800XP\"><\/span>Nossa recomenda\u00e7\u00e3o: O Hawker 800XP<span class=\"ez-toc-section-end\"><\/span><\/h4>\r\n\r\n\r\n\r\n<p><a href=\"https:\/\/comparemyjet.com\/pt_br\/hawker-beechcraft\/\" data-internallinksmanager029f6b8e52c=\"153\" title=\"Guia final para o Hawker Beechcraft Jatos Privados e Aeronaves\">Hawker Beechcraft<\/a> fabricou o Hawker 800XP de 1997 a 2005. Mesmo quando operando em plena capacidade, h\u00e1 muito espa\u00e7o para tornar seu v\u00f4o confort\u00e1vel.<\/p>\r\n\r\n\r\n\r\n<p>Especifica\u00e7\u00f5es:<\/p>\r\n\r\n\r\n\r\n<ul class=\"wp-block-list\"><li>Passageiros: 8;<\/li><li>Volume da cabine: 723 cu ft;<\/li><li>Comprimento da cabine: 21 p\u00e9s 3 polegadas;&nbsp;<\/li><li>Largura da cabine: 6 p\u00e9s;<\/li><li>Altura da cabine: 5 p\u00e9s e 8 polegadas;<\/li><li>Capacidade de bagagem: 48 cu ft;<\/li><li>Gama de aeronaves: 3.038 nm;<\/li><li>Velocidade de cruzeiro: 488 mph.<\/li><\/ul>\r\n\r\n\r\n\r\n<h3 class=\"wp-block-heading\"><span class=\"ez-toc-section\" id=\"3_Super-Midsize_Private_Jets\"><\/span>3. Jatos Privados Super-M\u00e9dios&nbsp;<span class=\"ez-toc-section-end\"><\/span><\/h3>\r\n\r\n\r\n\r\n<p>Uma aeronave de tamanho super m\u00e9dio \u00e9 uma \u00f3tima op\u00e7\u00e3o para grupos maiores ou para sua pr\u00f3xima viagem entre pa\u00edses. Estas aeronaves combinam a agilidade e o alcance de um jato de m\u00e9dio porte com o conforto de um grande avi\u00e3o, oferecendo espa\u00e7o de p\u00e9, cozinhas, acesso a bagagem, assentos de couro e esta\u00e7\u00f5es de trabalho dobr\u00e1veis.<\/p>\r\n\r\n\r\n\r\n<h4 class=\"wp-block-heading\"><span class=\"ez-toc-section\" id=\"Our_Recommendation_Citation_X\"><\/span>Nossa recomenda\u00e7\u00e3o: Cita\u00e7\u00e3o X<span class=\"ez-toc-section-end\"><\/span><\/h4>\r\n\r\n\r\n\r\n<p>O <a href=\"https:\/\/comparemyjet.com\/pt_br\/cessna\/\" data-internallinksmanager029f6b8e52c=\"145\" title=\"Guia final do Cessna Private Jets &amp; Aircraft\">Cessna<\/a> A Cita\u00e7\u00e3o X \u00e9 uma aeronave de longo alcance projetada principalmente para v\u00f4os transcontinentais. Foi produzido pela Cessna em 1996 e ainda est\u00e1 em produ\u00e7\u00e3o. \u00c9 o terceiro jato de passageiros mais r\u00e1pido do mundo atualmente em produ\u00e7\u00e3o e \u00e9 o maior avi\u00e3o da s\u00e9rie Citation.<\/p>\r\n\r\n\r\n\r\n<p>Ao produzir a Cita\u00e7\u00e3o X, o Cessna conseguiu incorporar um alcance transatl\u00e2ntico em uma aeronave de m\u00e9dio porte.&nbsp;<\/p>\r\n\r\n\r\n\r\n<p>Especifica\u00e7\u00f5es:<\/p>\r\n\r\n\r\n\r\n<ul class=\"wp-block-list\"><li>Passageiros: 9;<\/li><li>Alcance m\u00e1ximo: 3.300 nm;<\/li><li>Velocidade de cruzeiro: 605 mph;<\/li><li>Volume da cabine: 725 cu ft;<\/li><li>Comprimento da cabine: 23 p\u00e9s 7 in;&nbsp;<\/li><li>Altura da cabine: 5 p\u00e9s e 6 polegadas;&nbsp;<\/li><li>Largura da cabine: 5 p\u00e9s 7in;<\/li><li>Capacidade de bagagem: 82 cu ft;<\/li><li>Um lavat\u00f3rio privado e uma cozinha completa.<\/li><\/ul>\r\n\r\n\r\n\r\n<h3 class=\"wp-block-heading\"><span class=\"ez-toc-section\" id=\"4_Large_Private_Jets\"><\/span>4. Grandes Jatos Privados<span class=\"ez-toc-section-end\"><\/span><\/h3>\r\n\r\n\r\n\r\n<p>Os grandes jatos lhe d\u00e3o o luxo e o espa\u00e7o de que voc\u00ea precisa quando viaja internacionalmente. Eles tamb\u00e9m disp\u00f5em de espa\u00e7osos interiores com dormit\u00f3rios adequados para pequenas festas.<\/p>\r\n\r\n\r\n\r\n<p>Eles normalmente contam com uma cozinha totalmente equipada com uma \u00e1rea de cozinha e servi\u00e7o.<\/p>\r\n\r\n\r\n\r\n<h4 class=\"wp-block-heading\"><span class=\"ez-toc-section\" id=\"Our_Recommendation_Bombardier_Challenger_650\"><\/span>Nossa recomenda\u00e7\u00e3o:  Bombardier Challenger 650&nbsp;<span class=\"ez-toc-section-end\"><\/span><\/h4>\r\n\r\n\r\n\r\n<p>O alcance e o desempenho do <a href=\"https:\/\/comparemyjet.com\/pt_br\/bombardier\/\" data-internallinksmanager029f6b8e52c=\"159\" title=\"Guia final para a Bombardier Jatos Privados e Aeronaves\">Bombardier<\/a> Challenger 650 s\u00e3o excepcionais. Sua cabine espa\u00e7osa oferece comodidades a bordo para o m\u00e1ximo conforto em longos v\u00f4os transcontinentais a jato privado. Voc\u00ea pode usar a mesa de confer\u00eancia para trabalhar, relaxar e desfrutar das mais atualizadas sele\u00e7\u00f5es de entretenimento HD e Wi-Fi.&nbsp;<\/p>\r\n\r\n\r\n\r\n<p>Especifica\u00e7\u00f5es:<\/p>\r\n\r\n\r\n\r\n<ul class=\"wp-block-list\"><li>Passageiros: 11;<\/li><li>Largura da cabine: 7 p\u00e9s 92 polegadas;<\/li><li>Comprimento da cabine: 28 p\u00e9s 4 polegadas;<\/li><li>Alcance de v\u00f4o: 8:45 horas;<\/li><li>Velocidade m\u00e1xima de cruzeiro: 540 mph;<\/li><li>Cozinha de servi\u00e7o completo;<\/li><li>Uma comiss\u00e1ria de bordo.<\/li><\/ul>\r\n\r\n\r\n\r\n<h3 class=\"wp-block-heading\"><span class=\"ez-toc-section\" id=\"5_Long-Range_Private_Jets\"><\/span>5. Jatos Privados de Longa Dist\u00e2ncia<span class=\"ez-toc-section-end\"><\/span><\/h3>\r\n\r\n\r\n\r\n<p>Gra\u00e7as ao seu tamanho, essas aeronaves oferecem \u00e1reas separadas de trabalho, jantar e relaxamento e instala\u00e7\u00f5es topo-de-gama.<\/p>\r\n\r\n\r\n\r\n<p>Os avi\u00f5es de longo alcance s\u00e3o ideais para viajantes particulares que desejam chegar ao seu destino sem ter que parar para reabastecer. Eles s\u00e3o projetados para v\u00f4os intercontinentais sem escalas.<\/p>\r\n\r\n\r\n\r\n<h4 class=\"wp-block-heading\"><span class=\"ez-toc-section\" id=\"Our_Recommendation_The_Gulfstream_G450\"><\/span>Nossa recomenda\u00e7\u00e3o: O Gulfstream G450&nbsp;<span class=\"ez-toc-section-end\"><\/span><\/h4>\r\n\r\n\r\n\r\n<p>O <a href=\"https:\/\/comparemyjet.com\/pt_br\/gulfstream\/\" data-internallinksmanager029f6b8e52c=\"175\" title=\"Guia final para jatos particulares e aeronaves Gulfstream\">Gulfstream<\/a> O G450 \u00e9 projetado principalmente para viagens de longa dist\u00e2ncia, oferecendo conforto e seguran\u00e7a garantidos. Eles podem voar por 5.000 milhas ou quase 10 horas sem ter que parar para reabastecer.<\/p>\r\n\r\n\r\n\r\n<p>Este avi\u00e3o apresenta uma cabine espa\u00e7osa com uma cozinha de servi\u00e7o completo e um espa\u00e7o de bagagem consider\u00e1vel, permitindo que todos os passageiros levem consigo tudo o que possivelmente precisar\u00e3o para sua viagem.<\/p>\r\n\r\n\r\n\r\n<p>Especifica\u00e7\u00f5es:<\/p>\r\n\r\n\r\n\r\n<ul class=\"wp-block-list\"><li>Passageiros: 14;<\/li><li>Largura da cabine: 7 p\u00e9s;<\/li><li>Comprimento da cabine: 45 p\u00e9s 1 pol;<\/li><li>Espa\u00e7o para bagagem: 169 cu ft;<\/li><li>Alcance de v\u00f4o: 5.000 milhas estatut\u00e1rias;<\/li><li>Resist\u00eancia: at\u00e9 9:45 horas;&nbsp;<\/li><li>Velocidade m\u00e1xima de cruzeiro: 547 mph;<\/li><li>Wi-Fi;<\/li><li>Tomadas de for\u00e7a universais;<\/li><li>Leitor de DVD e monitores de v\u00eddeo;<\/li><li>Uma comiss\u00e1ria de bordo.<\/li><\/ul>\r\n\r\n\r\n\r\n<h2 class=\"wp-block-heading\"><span class=\"ez-toc-section\" id=\"Company_Safety_Policy_and_Standards\"><\/span>Pol\u00edtica e normas de seguran\u00e7a da empresa<span class=\"ez-toc-section-end\"><\/span><\/h2>\r\n\r\n\r\n\r\n<figure class=\"wp-block-image size-full is-style-default\"><img loading=\"lazy\" decoding=\"async\" width=\"1000\" height=\"667\" src=\"https:\/\/comparemyjet.com\/wp-content\/uploads\/2022\/09\/pilot.boarding.on_.a.private.jet_.jpg\" alt=\"\" class=\"wp-image-3231\" srcset=\"https:\/\/comparemyjet.com\/wp-content\/uploads\/2022\/09\/pilot.boarding.on_.a.private.jet_-18x12.jpg 18w, https:\/\/comparemyjet.com\/wp-content\/uploads\/2022\/09\/pilot.boarding.on_.a.private.jet_-300x200.jpg 300w, https:\/\/comparemyjet.com\/wp-content\/uploads\/2022\/09\/pilot.boarding.on_.a.private.jet_-768x512.jpg 768w, https:\/\/comparemyjet.com\/wp-content\/uploads\/2022\/09\/pilot.boarding.on_.a.private.jet_.jpg 1000w\" sizes=\"auto, (max-width: 1000px) 100vw, 1000px\" \/><\/figure>\r\n\r\n\r\n\r\n<p>A Jet Algo utiliza ARGUS Gold ou Platinum credenciada <a href=\"https:\/\/www.faa.gov\/licenses_certificates\/airline_certification\/135_certification\/general_info\" target=\"_blank\" rel=\"noopener\">Parte 135<\/a> operadores. Com sua ajuda, a Jet Algo entrega o que voc\u00ea imagina ser a melhor viagem a\u00e9rea privada, mas com um desconto consider\u00e1vel. <\/p>\r\n\r\n\r\n\r\n<h2 class=\"wp-block-heading\"><span class=\"ez-toc-section\" id=\"Conclusion\"><\/span>Conclus\u00e3o<span class=\"ez-toc-section-end\"><\/span><\/h2>\r\n\r\n\r\n\r\n<p>A Jet Algo oferece um servi\u00e7o de fretamento sob medida para os passageiros, levando em conta todas as circunst\u00e2ncias ao calcular o pre\u00e7o final. Por exemplo, se voc\u00ea desejar viajar nos dias mais movimentados do ano, como feriados, provavelmente ter\u00e1 que pagar mais do que os pre\u00e7os padr\u00e3o.<\/p>\r\n\r\n\r\n\r\n<p>Voc\u00ea pode obter uma taxa fixa melhor se voc\u00ea for flex\u00edvel com suas datas. Basta habilitar a Jet Algo a recomendar dias de substitui\u00e7\u00e3o para receber melhores tarifas.\u00a0<\/p>\r\n\r\n\r\n\r\n<p>A personaliza\u00e7\u00e3o de seu v\u00f4o inclui o planejamento, a programa\u00e7\u00e3o e a busca do jato e da comida certos, comiss\u00e1rios de bordo e outros pedidos especiais, como voar com seu animal de estima\u00e7\u00e3o. Voc\u00ea receber\u00e1 uma tarifa personalizada com tudo inclu\u00eddo - exatamente como seu v\u00f4o personalizado.<\/p>","protected":false},"excerpt":{"rendered":"<p>Jet Algo \u00e9 uma empresa privada de fretamento sediada em Morristown, Nova Jersey. Uma maneira pela qual eles diferem de outras empresas \u00e9 o uso de algoritmos patenteados para calcular estimativas de pre\u00e7os adaptadas aos perfis dos clientes e itiner\u00e1rios de viagem. Com a ajuda de seus algoritmos, eles fazem um sistema de pagamento baseado em seu itiner\u00e1rio.  A empresa ...<\/p>","protected":false},"author":2,"featured_media":3229,"parent":0,"menu_order":0,"comment_status":"closed","ping_status":"closed","template":"","meta":{"_acf_changed":false,"_genesis_hide_title":false,"_genesis_hide_breadcrumbs":false,"_genesis_hide_singular_image":false,"_genesis_hide_footer_widgets":false,"_genesis_custom_body_class":"","_genesis_custom_post_class":"","_genesis_layout":"","footnotes":""},"class_list":{"1":"page","2":"type-page","6":"entry"},"acf":[],"_links":{"self":[{"href":"https:\/\/comparemyjet.com\/pt_br\/wp-json\/wp\/v2\/pages\/3228","targetHints":{"allow":["GET"]}}],"collection":[{"href":"https:\/\/comparemyjet.com\/pt_br\/wp-json\/wp\/v2\/pages"}],"about":[{"href":"https:\/\/comparemyjet.com\/pt_br\/wp-json\/wp\/v2\/types\/page"}],"author":[{"embeddable":true,"href":"https:\/\/comparemyjet.com\/pt_br\/wp-json\/wp\/v2\/users\/2"}],"replies":[{"embeddable":true,"href":"https:\/\/comparemyjet.com\/pt_br\/wp-json\/wp\/v2\/comments?post=3228"}],"version-history":[{"count":3,"href":"https:\/\/comparemyjet.com\/pt_br\/wp-json\/wp\/v2\/pages\/3228\/revisions"}],"predecessor-version":[{"id":3466,"href":"https:\/\/comparemyjet.com\/pt_br\/wp-json\/wp\/v2\/pages\/3228\/revisions\/3466"}],"wp:featuredmedia":[{"embeddable":true,"href":"https:\/\/comparemyjet.com\/pt_br\/wp-json\/wp\/v2\/media\/3229"}],"wp:attachment":[{"href":"https:\/\/comparemyjet.com\/pt_br\/wp-json\/wp\/v2\/media?parent=3228"}],"curies":[{"name":"wp","href":"https:\/\/api.w.org\/{rel}","templated":true}]}}