{"id":3482,"date":"2022-10-03T23:23:31","date_gmt":"2022-10-03T23:23:31","guid":{"rendered":"https:\/\/comparemyjet.com\/?page_id=3482"},"modified":"2025-09-04T10:00:52","modified_gmt":"2025-09-04T10:00:52","slug":"starflight-aviation","status":"publish","type":"page","link":"https:\/\/comparemyjet.com\/pt_br\/starflight-aviation\/","title":{"rendered":"Pre\u00e7os de v\u00f4os da avia\u00e7\u00e3o Starflight"},"content":{"rendered":"<p>A Starflite Aviation \u00e9 uma empresa veterana de fretamento privado que opera h\u00e1 mais de 30 anos. Esta empresa com sede nos EUA tem uma clientela global e freq\u00fcentemente fornece servi\u00e7os de transporte para m\u00fasicos, artistas, pol\u00edticos e outros clientes VIP.\u00a0<\/p>\r\n\r\n\r\n\r\n<p>Vamos ver o que eles s\u00e3o em mais detalhes.\u00a0<\/p>\r\n\r\n\r\n\r\n<div id=\"ez-toc-container\" class=\"ez-toc-v2_0_76 counter-hierarchy ez-toc-counter ez-toc-grey ez-toc-container-direction\">\n<p class=\"ez-toc-title\" style=\"cursor:inherit\">T\u00f3picos<\/p>\n<label for=\"ez-toc-cssicon-toggle-item-69f5ea1915b7c\" class=\"ez-toc-cssicon-toggle-label\"><span class=\"\"><span class=\"eztoc-hide\" style=\"display:none;\">Alternar<\/span><span class=\"ez-toc-icon-toggle-span\"><svg style=\"fill: #999;color:#999\" xmlns=\"http:\/\/www.w3.org\/2000\/svg\" class=\"list-377408\" width=\"20px\" height=\"20px\" viewbox=\"0 0 24 24\" fill=\"none\"><path d=\"M6 6H4v2h2V6zm14 0H8v2h12V6zM4 11h2v2H4v-2zm16 0H8v2h12v-2zM4 16h2v2H4v-2zm16 0H8v2h12v-2z\" fill=\"currentColor\"><\/path><\/svg><svg style=\"fill: #999;color:#999\" class=\"arrow-unsorted-368013\" xmlns=\"http:\/\/www.w3.org\/2000\/svg\" width=\"10px\" height=\"10px\" viewbox=\"0 0 24 24\" version=\"1.2\" baseprofile=\"tiny\"><path d=\"M18.2 9.3l-6.2-6.3-6.2 6.3c-.2.2-.3.4-.3.7s.1.5.3.7c.2.2.4.3.7.3h11c.3 0 .5-.1.7-.3.2-.2.3-.5.3-.7s-.1-.5-.3-.7zM5.8 14.7l6.2 6.3 6.2-6.3c.2-.2.3-.5.3-.7s-.1-.5-.3-.7c-.2-.2-.4-.3-.7-.3h-11c-.3 0-.5.1-.7.3-.2.2-.3.5-.3.7s.1.5.3.7z\"\/><\/svg><\/span><\/span><\/label><input type=\"checkbox\"  id=\"ez-toc-cssicon-toggle-item-69f5ea1915b7c\" checked aria-label=\"Alternar\" \/><nav><ul class='ez-toc-list ez-toc-list-level-1' ><li class='ez-toc-page-1 ez-toc-heading-level-2'><a class=\"ez-toc-link ez-toc-heading-1\" href=\"https:\/\/comparemyjet.com\/pt_br\/starflight-aviation\/#About_the_Company\" >Sobre a empresa<\/a><\/li><li class='ez-toc-page-1 ez-toc-heading-level-2'><a class=\"ez-toc-link ez-toc-heading-2\" href=\"https:\/\/comparemyjet.com\/pt_br\/starflight-aviation\/#On-Demand_Charter\" >Carta Sob Demanda<\/a><\/li><li class='ez-toc-page-1 ez-toc-heading-level-2'><a class=\"ez-toc-link ez-toc-heading-3\" href=\"https:\/\/comparemyjet.com\/pt_br\/starflight-aviation\/#Company_Jet_Card_Program\" >Programa de cart\u00f5es Jet Card da empresa<\/a><\/li><li class='ez-toc-page-1 ez-toc-heading-level-2'><a class=\"ez-toc-link ez-toc-heading-4\" href=\"https:\/\/comparemyjet.com\/pt_br\/starflight-aviation\/#The_Fleet\" >A Frota<\/a><\/li><li class='ez-toc-page-1 ez-toc-heading-level-2'><a class=\"ez-toc-link ez-toc-heading-5\" href=\"https:\/\/comparemyjet.com\/pt_br\/starflight-aviation\/#Starflight_Aviation_Carbon_Program\" >Programa Starflight Aviation Carbon\u00a0<\/a><\/li><li class='ez-toc-page-1 ez-toc-heading-level-2'><a class=\"ez-toc-link ez-toc-heading-6\" href=\"https:\/\/comparemyjet.com\/pt_br\/starflight-aviation\/#Conclusion\" >Conclus\u00e3o<\/a><\/li><\/ul><\/nav><\/div>\n<h2 class=\"wp-block-heading\"><span class=\"ez-toc-section\" id=\"About_the_Company\"><\/span>Sobre a empresa<span class=\"ez-toc-section-end\"><\/span><\/h2>\r\n\r\n\r\n\r\n<p>A Starflight Aviation \u00e9 uma companhia a\u00e9rea privada que fornece servi\u00e7os de courier e frete al\u00e9m de fretamentos privados. A empresa foi fundada em 13 de junho de 1989, e tem sede em Farnborough, Hampshire.<\/p>\r\n\r\n\r\n\r\n<p>A empresa organiza v\u00f4os charter para executivos e VIPs, contrata\u00e7\u00e3o de jatos, helic\u00f3pteros e turbo\u00e9lices de companhias a\u00e9reas de terceiros. A Starflight Aviation atende a clientes em todo o mundo, incluindo os EUA, o Reino Unido e a Europa. Eles fornecem uma garantia de disponibilidade de 100% com 24 horas de anteced\u00eancia.<\/p>\r\n\r\n\r\n\r\n<h2 class=\"wp-block-heading\"><span class=\"ez-toc-section\" id=\"On-Demand_Charter\"><\/span>Carta Sob Demanda<span class=\"ez-toc-section-end\"><\/span><\/h2>\r\n\r\n\r\n\r\n<figure class=\"wp-block-image size-full is-style-default\"><img loading=\"lazy\" decoding=\"async\" width=\"1000\" height=\"667\" class=\"wp-image-3137\" src=\"https:\/\/comparemyjet.com\/wp-content\/uploads\/2022\/07\/two.private.jet_.pilots.jpg\" alt=\"Avia\u00e7\u00e3o Starflight\" srcset=\"https:\/\/comparemyjet.com\/wp-content\/uploads\/2022\/07\/two.private.jet_.pilots-18x12.jpg 18w, https:\/\/comparemyjet.com\/wp-content\/uploads\/2022\/07\/two.private.jet_.pilots-300x200.jpg 300w, https:\/\/comparemyjet.com\/wp-content\/uploads\/2022\/07\/two.private.jet_.pilots-768x512.jpg 768w, https:\/\/comparemyjet.com\/wp-content\/uploads\/2022\/07\/two.private.jet_.pilots.jpg 1000w\" sizes=\"auto, (max-width: 1000px) 100vw, 1000px\" \/><\/figure>\r\n\r\n\r\n\r\n<p>A Starflight Aviation \u00e9 um dos mais conceituados corretores de fretamento por a\u00ed, estando no mercado h\u00e1 30 anos. Quer voc\u00ea esteja fazendo um passeio r\u00e1pido de helic\u00f3ptero ou um v\u00f4o de longo curso em um avi\u00e3o de luxo, voc\u00ea ter\u00e1 apenas o melhor servi\u00e7o, os interiores mais elegantes e muitas amenidades.\u00a0<\/p>\r\n\r\n\r\n\r\n<p>A empresa organizou e realizou turn\u00eas internacionais para alguns dos artistas e grupos mais famosos da hist\u00f3ria, desde bandas de uma pessoa at\u00e9 orquestras sinf\u00f4nicas inteiras. Sua dedica\u00e7\u00e3o em prestar um excelente servi\u00e7o e aten\u00e7\u00e3o inabal\u00e1vel aos detalhes os diferencia dos concorrentes.<\/p>\r\n\r\n\r\n\r\n<p>A equipe da Starflight Aviation considera cuidadosamente suas exig\u00eancias de viagem, incluindo suas restri\u00e7\u00f5es alimentares e h\u00e1bitos de leitura de jornais antes de organizar seu v\u00f4o.\u00a0<\/p>\r\n\r\n\r\n\r\n<h2 class=\"wp-block-heading\"><span class=\"ez-toc-section\" id=\"Company_Jet_Card_Program\"><\/span>Programa de cart\u00f5es Jet Card da empresa<span class=\"ez-toc-section-end\"><\/span><\/h2>\r\n\r\n\r\n\r\n<p>Os clientes que desejam uma combina\u00e7\u00e3o de disponibilidade garantida, termos totalmente personaliz\u00e1veis e pre\u00e7os com tudo inclu\u00eddo, encontrar\u00e3o o que procuram em \"Starflight Aviations\". <a href=\"https:\/\/flystarflight.com\/#jetcard\" target=\"_blank\" rel=\"noopener\">Solu\u00e7\u00e3o Jet Card<\/a>.\u00a0<\/p>\r\n\r\n\r\n\r\n<p>A Starflight criou um dos Jet Cards mais abertos e convenientes dispon\u00edveis, eliminando os custos p\u00f3s-voo e as limita\u00e7\u00f5es contratuais vistas nas ofertas de muitos rivais. O programa \u00e9 uma das op\u00e7\u00f5es mais bem pagas do mercado. N\u00e3o h\u00e1 limites de tempo para usar suas milhas, e h\u00e1 economia para viagens de ida e volta e uma garantia de devolu\u00e7\u00e3o do dinheiro.<\/p>\r\n\r\n\r\n\r\n<p>O compromisso com seu prop\u00f3sito \u00e9 demonstrado na habitual inclus\u00e3o de seu <a href=\"https:\/\/flystarflight.com\/#carbon-programme\" target=\"_blank\" rel=\"noopener\">Programa Positivo Cool Earth Planet<\/a>.<\/p>\r\n\r\n\r\n\r\n<h2 class=\"wp-block-heading\"><span class=\"ez-toc-section\" id=\"The_Fleet\"><\/span>A Frota<span class=\"ez-toc-section-end\"><\/span><\/h2>\r\n\r\n\r\n\r\n<p>A Starflight Aviation Limited \u00e9 uma corretora de servi\u00e7os de afretamento a\u00e9reo, o que significa que ela n\u00e3o possui uma frota de jatos. A empresa trabalha com uma grande rede de companhias a\u00e9reas diretas de terceiros e companhias a\u00e9reas internacionais diretas para encontrar o melhor jato para sua viagem.<\/p>\r\n\r\n\r\n\r\n<p>O Starflight tende sempre a fornecer um servi\u00e7o de primeira classe, quer seus passageiros estejam fazendo uma r\u00e1pida viagem de helic\u00f3ptero ou um v\u00f4o de longo curso em um avi\u00e3o de luxo, raz\u00e3o pela qual todas as companhias a\u00e9reas de terceiros possuem as licen\u00e7as apropriadas que s\u00e3o legalmente exigidas.<\/p>\r\n\r\n\r\n\r\n<h2 class=\"wp-block-heading\"><span class=\"ez-toc-section\" id=\"Starflight_Aviation_Carbon_Program\"><\/span>Programa Starflight Aviation Carbon\u00a0<span class=\"ez-toc-section-end\"><\/span><\/h2>\r\n\r\n\r\n\r\n<figure class=\"wp-block-image size-full is-style-default\"><img loading=\"lazy\" decoding=\"async\" width=\"1000\" height=\"644\" class=\"wp-image-2974\" src=\"https:\/\/comparemyjet.com\/wp-content\/uploads\/2022\/06\/plane.in_.the_.sky_.against.polution.jpg\" alt=\"\" srcset=\"https:\/\/comparemyjet.com\/wp-content\/uploads\/2022\/06\/plane.in_.the_.sky_.against.polution-18x12.jpg 18w, https:\/\/comparemyjet.com\/wp-content\/uploads\/2022\/06\/plane.in_.the_.sky_.against.polution-300x193.jpg 300w, https:\/\/comparemyjet.com\/wp-content\/uploads\/2022\/06\/plane.in_.the_.sky_.against.polution-768x495.jpg 768w, https:\/\/comparemyjet.com\/wp-content\/uploads\/2022\/06\/plane.in_.the_.sky_.against.polution.jpg 1000w\" sizes=\"auto, (max-width: 1000px) 100vw, 1000px\" \/><\/figure>\r\n\r\n\r\n\r\n<p>A Starlight Aviation tem trabalhado com ativistas ambientais e institui\u00e7\u00f5es de caridade ao redor do mundo para compensar os efeitos das emiss\u00f5es de carbono.\u00a0<\/p>\r\n\r\n\r\n\r\n<p>Enquanto outras companhias charter privadas tamb\u00e9m se concentram em compensar sua pegada de carbono, a Starflight Aviation d\u00e1 mais um passo adiante, expandindo seus esfor\u00e7os para evitar o desmatamento, ajudando os locais e dando aos clientes formas adicionais de controlar o efeito ambiental de suas viagens.\u00a0<\/p>\r\n\r\n\r\n\r\n<p>Para ajudar na luta contra o desmatamento e ajudar comunidades ind\u00edgenas como os Ash\u00e1ninka da Amaz\u00f4nia peruana, a Starflight Aviation se uniu \u00e0 inovadora institui\u00e7\u00e3o de caridade <a href=\"https:\/\/www.coolearth.org\/\" target=\"_blank\" rel=\"noopener\">Terra Fria<\/a> em 2009. Terra Fria e o <a href=\"https:\/\/www.survivalinternational.org\/galleries\/ashaninka\" target=\"_blank\" rel=\"noopener\">Ash\u00e1ninka<\/a> t\u00eam sido capazes de trabalhar juntos para preservar quase 10.000 acres de floresta tropical na Amaz\u00f4nia peruana, uma vez que as florestas tropicais desempenham um papel central na atenua\u00e7\u00e3o dos efeitos da crise clim\u00e1tica.\u00a0<\/p>\r\n\r\n\r\n\r\n<p>A Starflight Aviation estreou seu novo Programa Planet Positive em 2021, em colabora\u00e7\u00e3o com a Cool Earth. O programa visa criar recursos de renda sustent\u00e1vel na \u00c1frica para melhorar as condi\u00e7\u00f5es de vida das pessoas e para ajudar a preservar as florestas da regi\u00e3o.\u00a0<\/p>\r\n\r\n\r\n\r\n<p>A empresa tamb\u00e9m planeja implementar o Programa Climate Neutral, no qual os clientes podem compensar a totalidade das emiss\u00f5es de carbono de cada v\u00f4o atrav\u00e9s da coopera\u00e7\u00e3o com a organiza\u00e7\u00e3o sem fins lucrativos MyClimate.<\/p>\r\n\r\n\r\n\r\n<h2 class=\"wp-block-heading\"><span class=\"ez-toc-section\" id=\"Conclusion\"><\/span>Conclus\u00e3o<span class=\"ez-toc-section-end\"><\/span><\/h2>\r\n\r\n\r\n\r\n<p>A Starflight Aviation foi criada em 1989 como um corretor de fretamento para atender \u00e0s necessidades de celebridades, pol\u00edticos, m\u00fasicos e outras figuras p\u00fablicas. A aten\u00e7\u00e3o do pessoal aos detalhes faz dela uma das melhores corretoras de fretamento em todo o mundo.<\/p>\r\n\r\n\r\n\r\n<p>Uma parte dos lucros do programa Jet Card da empresa vai para o Programa Carbono Respons\u00e1vel que eles est\u00e3o implementando para preservar as florestas tropicais na Amaz\u00f4nia peruana. Este programa est\u00e1 em vigor desde 2009 e tem ajudado a manter 8.500 acres de floresta segura.<\/p>","protected":false},"excerpt":{"rendered":"<p>A Starflite Aviation \u00e9 uma empresa veterana de fretamento privado que opera h\u00e1 mais de 30 anos. Esta empresa com sede nos EUA tem uma clientela global e freq\u00fcentemente fornece servi\u00e7os de transporte para m\u00fasicos, artistas, pol\u00edticos e outros clientes VIP.  Vamos ver o que eles s\u00e3o em mais detalhes.  Sobre a empresa Starflight Aviation \u00e9 uma empresa privada ...<\/p>","protected":false},"author":2,"featured_media":3483,"parent":0,"menu_order":0,"comment_status":"closed","ping_status":"closed","template":"","meta":{"_acf_changed":false,"_genesis_hide_title":false,"_genesis_hide_breadcrumbs":false,"_genesis_hide_singular_image":false,"_genesis_hide_footer_widgets":false,"_genesis_custom_body_class":"","_genesis_custom_post_class":"","_genesis_layout":"","footnotes":""},"class_list":{"1":"page","2":"type-page","6":"entry"},"acf":[],"_links":{"self":[{"href":"https:\/\/comparemyjet.com\/pt_br\/wp-json\/wp\/v2\/pages\/3482","targetHints":{"allow":["GET"]}}],"collection":[{"href":"https:\/\/comparemyjet.com\/pt_br\/wp-json\/wp\/v2\/pages"}],"about":[{"href":"https:\/\/comparemyjet.com\/pt_br\/wp-json\/wp\/v2\/types\/page"}],"author":[{"embeddable":true,"href":"https:\/\/comparemyjet.com\/pt_br\/wp-json\/wp\/v2\/users\/2"}],"replies":[{"embeddable":true,"href":"https:\/\/comparemyjet.com\/pt_br\/wp-json\/wp\/v2\/comments?post=3482"}],"version-history":[{"count":6,"href":"https:\/\/comparemyjet.com\/pt_br\/wp-json\/wp\/v2\/pages\/3482\/revisions"}],"predecessor-version":[{"id":3513,"href":"https:\/\/comparemyjet.com\/pt_br\/wp-json\/wp\/v2\/pages\/3482\/revisions\/3513"}],"wp:featuredmedia":[{"embeddable":true,"href":"https:\/\/comparemyjet.com\/pt_br\/wp-json\/wp\/v2\/media\/3483"}],"wp:attachment":[{"href":"https:\/\/comparemyjet.com\/pt_br\/wp-json\/wp\/v2\/media?parent=3482"}],"curies":[{"name":"wp","href":"https:\/\/api.w.org\/{rel}","templated":true}]}}