{"id":3507,"date":"2022-10-07T01:01:16","date_gmt":"2022-10-07T01:01:16","guid":{"rendered":"https:\/\/comparemyjet.com\/?page_id=3507"},"modified":"2025-09-04T10:00:52","modified_gmt":"2025-09-04T10:00:52","slug":"linha-reta-ar-privado","status":"publish","type":"page","link":"https:\/\/comparemyjet.com\/pt_br\/linha-reta-ar-privado\/","title":{"rendered":"Pre\u00e7os de V\u00f4os A\u00e9reos Privados StraightLine"},"content":{"rendered":"<p>A StraightLine Private Air \u00e9 uma empresa de corretagem charter que ajuda os clientes a encontrar o jato privado mais adequado para sua viagem. O servi\u00e7o de fretamento tem parcerias com propriet\u00e1rios de jatos privados e operadores de terceiros em todos os EUA, o que lhes permite empregar uma estrat\u00e9gia din\u00e2mica de pre\u00e7os para ajudar seus clientes a desfrutar de viagens de luxo com boa rela\u00e7\u00e3o custo-benef\u00edcio.&nbsp;<\/p>\r\n\r\n\r\n\r\n<p>Vamos ver do que se trata.<\/p>\r\n\r\n\r\n\r\n<div id=\"ez-toc-container\" class=\"ez-toc-v2_0_76 counter-hierarchy ez-toc-counter ez-toc-grey ez-toc-container-direction\">\n<p class=\"ez-toc-title\" style=\"cursor:inherit\">T\u00f3picos<\/p>\n<label for=\"ez-toc-cssicon-toggle-item-69e9d29e9da42\" class=\"ez-toc-cssicon-toggle-label\"><span class=\"\"><span class=\"eztoc-hide\" style=\"display:none;\">Alternar<\/span><span class=\"ez-toc-icon-toggle-span\"><svg style=\"fill: #999;color:#999\" xmlns=\"http:\/\/www.w3.org\/2000\/svg\" class=\"list-377408\" width=\"20px\" height=\"20px\" viewbox=\"0 0 24 24\" fill=\"none\"><path d=\"M6 6H4v2h2V6zm14 0H8v2h12V6zM4 11h2v2H4v-2zm16 0H8v2h12v-2zM4 16h2v2H4v-2zm16 0H8v2h12v-2z\" fill=\"currentColor\"><\/path><\/svg><svg style=\"fill: #999;color:#999\" class=\"arrow-unsorted-368013\" xmlns=\"http:\/\/www.w3.org\/2000\/svg\" width=\"10px\" height=\"10px\" viewbox=\"0 0 24 24\" version=\"1.2\" baseprofile=\"tiny\"><path d=\"M18.2 9.3l-6.2-6.3-6.2 6.3c-.2.2-.3.4-.3.7s.1.5.3.7c.2.2.4.3.7.3h11c.3 0 .5-.1.7-.3.2-.2.3-.5.3-.7s-.1-.5-.3-.7zM5.8 14.7l6.2 6.3 6.2-6.3c.2-.2.3-.5.3-.7s-.1-.5-.3-.7c-.2-.2-.4-.3-.7-.3h-11c-.3 0-.5.1-.7.3-.2.2-.3.5-.3.7s.1.5.3.7z\"\/><\/svg><\/span><\/span><\/label><input type=\"checkbox\"  id=\"ez-toc-cssicon-toggle-item-69e9d29e9da42\" checked aria-label=\"Alternar\" \/><nav><ul class='ez-toc-list ez-toc-list-level-1' ><li class='ez-toc-page-1 ez-toc-heading-level-2'><a class=\"ez-toc-link ez-toc-heading-1\" href=\"https:\/\/comparemyjet.com\/pt_br\/linha-reta-ar-privado\/#About_the_Company\" >Sobre a empresa<\/a><\/li><li class='ez-toc-page-1 ez-toc-heading-level-2'><a class=\"ez-toc-link ez-toc-heading-2\" href=\"https:\/\/comparemyjet.com\/pt_br\/linha-reta-ar-privado\/#Membership_Programs\" >Programas de ades\u00e3o<\/a><\/li><li class='ez-toc-page-1 ez-toc-heading-level-2'><a class=\"ez-toc-link ez-toc-heading-3\" href=\"https:\/\/comparemyjet.com\/pt_br\/linha-reta-ar-privado\/#Company_Jet_Card_Programs\" >Programas de cart\u00f5es Jet Card da empresa<\/a><ul class='ez-toc-list-level-3' ><li class='ez-toc-heading-level-3'><a class=\"ez-toc-link ez-toc-heading-4\" href=\"https:\/\/comparemyjet.com\/pt_br\/linha-reta-ar-privado\/#1_StraightLines_Silver_Jet_Card\" >1. Cart\u00e3o de jato de prata do StraightLine<\/a><\/li><li class='ez-toc-page-1 ez-toc-heading-level-3'><a class=\"ez-toc-link ez-toc-heading-5\" href=\"https:\/\/comparemyjet.com\/pt_br\/linha-reta-ar-privado\/#2_StraightLines_Platinum_Card\" >2. Cart\u00e3o Platinum do StraightLine<\/a><\/li><li class='ez-toc-page-1 ez-toc-heading-level-3'><a class=\"ez-toc-link ez-toc-heading-6\" href=\"https:\/\/comparemyjet.com\/pt_br\/linha-reta-ar-privado\/#3_StraightLines_Black_Card\" >3. Cart\u00e3o Preto do StraightLine<\/a><\/li><\/ul><\/li><li class='ez-toc-page-1 ez-toc-heading-level-2'><a class=\"ez-toc-link ez-toc-heading-7\" href=\"https:\/\/comparemyjet.com\/pt_br\/linha-reta-ar-privado\/#The_Fleet\" >A Frota&nbsp;<\/a><ul class='ez-toc-list-level-3' ><li class='ez-toc-heading-level-3'><a class=\"ez-toc-link ez-toc-heading-8\" href=\"https:\/\/comparemyjet.com\/pt_br\/linha-reta-ar-privado\/#1_Piston_Propellers\" >1. H\u00e9lices de Pist\u00e3o&nbsp;<\/a><ul class='ez-toc-list-level-4' ><li class='ez-toc-heading-level-4'><a class=\"ez-toc-link ez-toc-heading-9\" href=\"https:\/\/comparemyjet.com\/pt_br\/linha-reta-ar-privado\/#Piston_Propellers_Specifications\" >Especifica\u00e7\u00f5es das H\u00e9lices de Pist\u00e3o<\/a><\/li><\/ul><\/li><li class='ez-toc-page-1 ez-toc-heading-level-3'><a class=\"ez-toc-link ez-toc-heading-10\" href=\"https:\/\/comparemyjet.com\/pt_br\/linha-reta-ar-privado\/#2_Turboprops\" >2. Turboprops<\/a><ul class='ez-toc-list-level-4' ><li class='ez-toc-heading-level-4'><a class=\"ez-toc-link ez-toc-heading-11\" href=\"https:\/\/comparemyjet.com\/pt_br\/linha-reta-ar-privado\/#Turboprops_Specifications\" >Especifica\u00e7\u00f5es dos Turboprops<\/a><\/li><\/ul><\/li><li class='ez-toc-page-1 ez-toc-heading-level-3'><a class=\"ez-toc-link ez-toc-heading-12\" href=\"https:\/\/comparemyjet.com\/pt_br\/linha-reta-ar-privado\/#3_Very_Light_and_Light_Private_Jets\" >3. Jatos Particulares muito leves e leves<\/a><ul class='ez-toc-list-level-4' ><li class='ez-toc-heading-level-4'><a class=\"ez-toc-link ez-toc-heading-13\" href=\"https:\/\/comparemyjet.com\/pt_br\/linha-reta-ar-privado\/#Light_and_Very_Light_Jets_Specifications\" >Especifica\u00e7\u00f5es de jatos leves e muito leves<\/a><\/li><\/ul><\/li><li class='ez-toc-page-1 ez-toc-heading-level-3'><a class=\"ez-toc-link ez-toc-heading-14\" href=\"https:\/\/comparemyjet.com\/pt_br\/linha-reta-ar-privado\/#4_Midsize_and_Super-Midsize_Private_Jets\" >4. Jatos particulares de m\u00e9dio e super-m\u00e9dio porte&nbsp;<\/a><ul class='ez-toc-list-level-4' ><li class='ez-toc-heading-level-4'><a class=\"ez-toc-link ez-toc-heading-15\" href=\"https:\/\/comparemyjet.com\/pt_br\/linha-reta-ar-privado\/#Midsize_and_Super-Midsize_Jets_Specifications\" >Especifica\u00e7\u00f5es de jatos de m\u00e9dio e superdimensionamento<\/a><\/li><\/ul><\/li><li class='ez-toc-page-1 ez-toc-heading-level-3'><a class=\"ez-toc-link ez-toc-heading-16\" href=\"https:\/\/comparemyjet.com\/pt_br\/linha-reta-ar-privado\/#5_Large_Private_Jets\" >5. Grandes Jatos Privados<\/a><ul class='ez-toc-list-level-4' ><li class='ez-toc-heading-level-4'><a class=\"ez-toc-link ez-toc-heading-17\" href=\"https:\/\/comparemyjet.com\/pt_br\/linha-reta-ar-privado\/#Large_Jets_Specifications\" >Especifica\u00e7\u00f5es dos grandes jatos<\/a><\/li><\/ul><\/li><\/ul><\/li><li class='ez-toc-page-1 ez-toc-heading-level-2'><a class=\"ez-toc-link ez-toc-heading-18\" href=\"https:\/\/comparemyjet.com\/pt_br\/linha-reta-ar-privado\/#Company_Safety_Policy_and_Standards\" >Pol\u00edtica e normas de seguran\u00e7a da empresa<\/a><\/li><li class='ez-toc-page-1 ez-toc-heading-level-2'><a class=\"ez-toc-link ez-toc-heading-19\" href=\"https:\/\/comparemyjet.com\/pt_br\/linha-reta-ar-privado\/#Conclusion\" >Conclus\u00e3o<\/a><\/li><\/ul><\/nav><\/div>\n<h2 class=\"wp-block-heading\"><span class=\"ez-toc-section\" id=\"About_the_Company\"><\/span>Sobre a empresa<span class=\"ez-toc-section-end\"><\/span><\/h2>\r\n\r\n\r\n\r\n<p>Um novo jogador inovador no mercado de cart\u00f5es a jato, o StraightLine foi criado em 2016 por Tom Filippini, co-fundador da Exclusive Resorts.&nbsp;<\/p>\r\n\r\n\r\n\r\n<p>As empresas que atendem aos ultra-ricos s\u00e3o conhecidas por suas abordagens de alto pre\u00e7o (como o envio de cestas de frutas). Elas criam p\u00e1ginas de desembarque espec\u00edficas para cada pessoa que falam diretamente a este p\u00fablico alvo, atendendo a suas exig\u00eancias \u00fanicas. O StraightLine Private Air tem como alvo essas pessoas on-line com base em seus interesses e as converte em pistas em uma fra\u00e7\u00e3o das despesas das t\u00e1ticas tradicionais.<\/p>\r\n\r\n\r\n\r\n<p>O escrit\u00f3rio principal da StraightLine Private Air est\u00e1 localizado em <a href=\"https:\/\/comparemyjet.com\/pt_br\/passeios-particulares\/denver-private-tours\/\" data-internallinksmanager029f6b8e52c=\"410\" title=\"11 melhores passeios particulares em Denver a partir de $49.00\">Denver<\/a>Colorado. A empresa de jatos particulares oferece servi\u00e7os em todos os Estados Unidos e emprega uma estrat\u00e9gia din\u00e2mica de pre\u00e7os com base nas condi\u00e7\u00f5es de mercado em constante mudan\u00e7a.<\/p>\r\n\r\n\r\n\r\n<h2 class=\"wp-block-heading\"><span class=\"ez-toc-section\" id=\"Membership_Programs\"><\/span>Programas de ades\u00e3o<span class=\"ez-toc-section-end\"><\/span><\/h2>\r\n\r\n\r\n\r\n<p>Para se tornar membro, os clientes precisam pagar uma taxa de $100.000, $200.000, ou $300.000. N\u00e3o h\u00e1 custos ocultos ou outras taxas; o valor total que os membros investem vai para sua tarifa a\u00e9rea. Os membros podem escolher qual aeronave usar para cada viagem e pagar por seus v\u00f4os individualmente.&nbsp;<\/p>\r\n\r\n\r\n\r\n<p>StraightLine Private Air esfor\u00e7a-se para encontrar o pre\u00e7o mais baixo para cada v\u00f4o. Em vez de pagar uma quantia fixa que pode ou n\u00e3o cobrir todos os custos, os membros pagam apenas pelos v\u00f4os que fazem.<\/p>\r\n\r\n\r\n\r\n<p>Os pre\u00e7os das viagens dependem de v\u00e1rios fatores, incluindo a tarifa hor\u00e1ria da aeronave, taxas aeroportu\u00e1rias, taxas de manuseio de carga e sal\u00e1rios para os pilotos e comiss\u00e1rios de bordo. Um dos fatores essenciais no custo total \u00e9 o custo operacional do avi\u00e3o por hora de v\u00f4o. Todos os impostos e sobretaxas est\u00e3o inclu\u00eddos no pre\u00e7o dos v\u00f4os privados StraightLine.<\/p>\r\n\r\n\r\n\r\n<p>O StraightLine Private Air debitar\u00e1 as contas dos membros por viagem, e os membros podem adicionar fundos a qualquer momento.<\/p>\r\n\r\n\r\n\r\n<h2 class=\"wp-block-heading\"><span class=\"ez-toc-section\" id=\"Company_Jet_Card_Programs\"><\/span>Programas de cart\u00f5es Jet Card da empresa<span class=\"ez-toc-section-end\"><\/span><\/h2>\r\n\r\n\r\n\r\n<p>H\u00e1 tr\u00eas tipos de cart\u00f5es a jato dispon\u00edveis pelo StraightLine Private Air. Vamos ver do que se trata.<\/p>\r\n\r\n\r\n\r\n<h3 class=\"wp-block-heading\"><span class=\"ez-toc-section\" id=\"1_StraightLines_Silver_Jet_Card\"><\/span>1. Cart\u00e3o de jato de prata do StraightLine<span class=\"ez-toc-section-end\"><\/span><\/h3>\r\n\r\n\r\n\r\n<p>A taxa de entrada do cart\u00e3o Silver Jet Card \u00e9 a mais baixa dos tr\u00eas a $100.000. Os membros ter\u00e3o um embaixador de v\u00f4o dedicado e acesso total a todas as categorias de aeronaves. N\u00e3o h\u00e1 datas de blackout e n\u00e3o h\u00e1 sobretaxas de dias de pico. O cart\u00e3o \u00e9 v\u00e1lido por 18 meses.<\/p>\r\n\r\n\r\n\r\n<h3 class=\"wp-block-heading\"><span class=\"ez-toc-section\" id=\"2_StraightLines_Platinum_Card\"><\/span>2. Cart\u00e3o Platinum do StraightLine<span class=\"ez-toc-section-end\"><\/span><\/h3>\r\n\r\n\r\n\r\n<p>O Cart\u00e3o Platinum custa $200.000 e \u00e9 ideal para fam\u00edlias que t\u00eam itiner\u00e1rios mais flex\u00edveis. Os membros e seus familiares imediatos obt\u00eam todos os benef\u00edcios do Cart\u00e3o a Jato de Prata, e um passageiro principal alternativo tamb\u00e9m pode usar o cart\u00e3o a jato. N\u00e3o h\u00e1 data de expira\u00e7\u00e3o e n\u00e3o h\u00e1 reembolso.<\/p>\r\n\r\n\r\n\r\n<h3 class=\"wp-block-heading\"><span class=\"ez-toc-section\" id=\"3_StraightLines_Black_Card\"><\/span>3. Cart\u00e3o Preto do StraightLine<span class=\"ez-toc-section-end\"><\/span><\/h3>\r\n\r\n\r\n\r\n<p>O Cart\u00e3o Preto custa $300.000 e \u00e9 a escolha mais popular entre os clientes. Os membros ter\u00e3o todos os benef\u00edcios do Cart\u00e3o a Jato de Platina e podem nomear cinco passageiros de chumbo alternativos para usar o cart\u00e3o a jato. N\u00e3o h\u00e1 data de expira\u00e7\u00e3o.<\/p>\r\n\r\n\r\n\r\n<h2 class=\"wp-block-heading\"><span class=\"ez-toc-section\" id=\"The_Fleet\"><\/span>A Frota&nbsp;<span class=\"ez-toc-section-end\"><\/span><\/h2>\r\n\r\n\r\n\r\n<figure class=\"wp-block-image size-full is-style-default\"><img loading=\"lazy\" decoding=\"async\" width=\"1000\" height=\"667\" src=\"https:\/\/comparemyjet.com\/wp-content\/uploads\/2022\/10\/plane.leaving.a.trace_.in_.the_.clouds-2.jpg\" alt=\"Ar privado StraightLine\" class=\"wp-image-3509\" srcset=\"https:\/\/comparemyjet.com\/wp-content\/uploads\/2022\/10\/plane.leaving.a.trace_.in_.the_.clouds-2-18x12.jpg 18w, https:\/\/comparemyjet.com\/wp-content\/uploads\/2022\/10\/plane.leaving.a.trace_.in_.the_.clouds-2-300x200.jpg 300w, https:\/\/comparemyjet.com\/wp-content\/uploads\/2022\/10\/plane.leaving.a.trace_.in_.the_.clouds-2-768x512.jpg 768w, https:\/\/comparemyjet.com\/wp-content\/uploads\/2022\/10\/plane.leaving.a.trace_.in_.the_.clouds-2.jpg 1000w\" sizes=\"auto, (max-width: 1000px) 100vw, 1000px\" \/><\/figure>\r\n\r\n\r\n\r\n<p>A StraightLine n\u00e3o possui uma frota e obt\u00e9m a aeronave de operadores de jatos privados de terceiros. A StraightLine \u00e9 parceira de propriet\u00e1rios de jatos privados em todos os Estados Unidos e aluga jatos para fornecer aos clientes um servi\u00e7o conveniente e econ\u00f4mico.<\/p>\r\n\r\n\r\n\r\n<h3 class=\"wp-block-heading\"><span class=\"ez-toc-section\" id=\"1_Piston_Propellers\"><\/span>1. H\u00e9lices de Pist\u00e3o&nbsp;<span class=\"ez-toc-section-end\"><\/span><\/h3>\r\n\r\n\r\n\r\n<p>Os passageiros podem voar em h\u00e9lices de pist\u00e3o contempor\u00e2neas para economizar dinheiro sem sacrificar o conforto. Uma h\u00e9lice de pist\u00e3o \u00e9 uma excelente escolha para viagens r\u00e1pidas, quer voc\u00ea esteja viajando sozinho ou com um pequeno grupo. As aeronaves de pist\u00e3o podem decolar e pousar em praticamente qualquer aer\u00f3dromo.<\/p>\r\n\r\n\r\n\r\n<h4 class=\"wp-block-heading\"><span class=\"ez-toc-section\" id=\"Piston_Propellers_Specifications\"><\/span>Especifica\u00e7\u00f5es das H\u00e9lices de Pist\u00e3o<span class=\"ez-toc-section-end\"><\/span><\/h4>\r\n\r\n\r\n\r\n<p>As h\u00e9lices de pist\u00e3o podem acomodar at\u00e9 quatro passageiros. Elas t\u00eam um alcance m\u00e1ximo de v\u00f4o de 500 milhas e uma velocidade de cruzeiro de 250 mph. O pre\u00e7o m\u00e9dio por hora dos membros do StraightLine Private Air varia de $950 a $1.950.<\/p>\r\n\r\n\r\n\r\n<h3 class=\"wp-block-heading\"><span class=\"ez-toc-section\" id=\"2_Turboprops\"><\/span>2. Turboprops<span class=\"ez-toc-section-end\"><\/span><\/h3>\r\n\r\n\r\n\r\n<p>Os passageiros podem voar a curtas e m\u00e9dias dist\u00e2ncias com aeronaves turbopropulsoras. Estas aeronaves econ\u00f4micas s\u00e3o perfeitas para v\u00e1rias viagens, pois podem fornecer acesso a aeroportos menores que avi\u00f5es maiores n\u00e3o podem utilizar.<\/p>\r\n\r\n\r\n\r\n<h4 class=\"wp-block-heading\"><span class=\"ez-toc-section\" id=\"Turboprops_Specifications\"><\/span>Especifica\u00e7\u00f5es dos Turboprops<span class=\"ez-toc-section-end\"><\/span><\/h4>\r\n\r\n\r\n\r\n<p>Os turboprops podem acomodar at\u00e9 oito passageiros. Eles t\u00eam um alcance m\u00e1ximo de v\u00f4o de 1.250 milhas e uma velocidade de cruzeiro de 350 mph. O pre\u00e7o m\u00e9dio por hora para membros do StraightLine Private Air varia de $3.450 a $4.950.<\/p>\r\n\r\n\r\n\r\n<h3 class=\"wp-block-heading\"><span class=\"ez-toc-section\" id=\"3_Very_Light_and_Light_Private_Jets\"><\/span>3. Jatos Particulares muito leves e leves<span class=\"ez-toc-section-end\"><\/span><\/h3>\r\n\r\n\r\n\r\n<p>Jatos muito leves s\u00e3o uma escolha popular para passageiros que voam dist\u00e2ncias curtas e intermedi\u00e1rias. Os jatos leves s\u00e3o freq\u00fcentemente selecionados para viagens com dura\u00e7\u00e3o entre tr\u00eas e quatro horas e podem percorrer 1.500 milhas sem fazer uma pausa na mina.&nbsp;<\/p>\r\n\r\n\r\n\r\n<h4 class=\"wp-block-heading\"><span class=\"ez-toc-section\" id=\"Light_and_Very_Light_Jets_Specifications\"><\/span>Especifica\u00e7\u00f5es de jatos leves e muito leves<span class=\"ez-toc-section-end\"><\/span><\/h4>\r\n\r\n\r\n\r\n<p>Jatos muito leves podem acomodar de quatro a cinco passageiros e voar com uma velocidade m\u00e1xima de cruzeiro de 450 mph e um alcance m\u00e1ximo de v\u00f4o de 750 milhas. O pre\u00e7o m\u00e9dio por hora para membros do StraightLine Private Air varia de $3.950 a $5.250.<\/p>\r\n\r\n\r\n\r\n<p>Os jatos leves podem acomodar at\u00e9 oito passageiros e voar com uma velocidade m\u00e1xima de cruzeiro de 500 mph e um alcance m\u00e1ximo de v\u00f4o de 1.500 milhas. O pre\u00e7o m\u00e9dio por hora dos membros do StraightLine Private Air varia de $4.250 a $5.950.<\/p>\r\n\r\n\r\n\r\n<h3 class=\"wp-block-heading\"><span class=\"ez-toc-section\" id=\"4_Midsize_and_Super-Midsize_Private_Jets\"><\/span>4. Jatos particulares de m\u00e9dio e super-m\u00e9dio porte&nbsp;<span class=\"ez-toc-section-end\"><\/span><\/h3>\r\n\r\n\r\n\r\n<p>Os jatos de m\u00e9dio porte oferecem um alcance de v\u00f4o mais longo e uma cabine mais espa\u00e7osa do que os jatos leves. Estes avi\u00f5es geralmente apresentam div\u00e3s espa\u00e7osas para o conforto dos passageiros e instala\u00e7\u00f5es de cozinha e lavat\u00f3rios estendidos.<\/p>\r\n\r\n\r\n\r\n<p>Os super jatos de m\u00e9dio porte t\u00eam um alcance mais longo do que os jatos de m\u00e9dio porte e cabines mais espa\u00e7osas. Estas aeronaves s\u00e3o uma alternativa econ\u00f4mica e eficiente em termos de combust\u00edvel para grandes jatos, uma vez que podem voar em longas dist\u00e2ncias.&nbsp;<\/p>\r\n\r\n\r\n\r\n<h4 class=\"wp-block-heading\"><span class=\"ez-toc-section\" id=\"Midsize_and_Super-Midsize_Jets_Specifications\"><\/span>Especifica\u00e7\u00f5es de jatos de m\u00e9dio e superdimensionamento<span class=\"ez-toc-section-end\"><\/span><\/h4>\r\n\r\n\r\n\r\n<p>Os jatos de m\u00e9dio porte podem acomodar at\u00e9 dez passageiros e voar com uma velocidade m\u00e1xima de cruzeiro de 550 mph e um alcance m\u00e1ximo de v\u00f4o de 3.000 milhas. O pre\u00e7o m\u00e9dio por hora para membros do StraightLine Private Air varia de $5,950 a $7,450.<\/p>\r\n\r\n\r\n\r\n<p>Os jatos de m\u00e9dio porte podem acomodar at\u00e9 12 passageiros e voar com uma velocidade m\u00e1xima de cruzeiro de 600 mph e um alcance m\u00e1ximo de v\u00f4o de 4.500 milhas. O pre\u00e7o m\u00e9dio por hora dos membros do StraightLine Private Air varia de $6.250 a $8.950.<\/p>\r\n\r\n\r\n\r\n<h3 class=\"wp-block-heading\"><span class=\"ez-toc-section\" id=\"5_Large_Private_Jets\"><\/span>5. Grandes Jatos Privados<span class=\"ez-toc-section-end\"><\/span><\/h3>\r\n\r\n\r\n\r\n<p>Os grandes avi\u00f5es privados, conhecidos como jatos pesados, se distinguem por seu imenso tamanho e alto conforto. As comodidades nesta classe s\u00e3o praticamente ilimitadas, e o alcance de v\u00f4o permite mais de 12 horas de v\u00f4o ininterrupto.&nbsp;<\/p>\r\n\r\n\r\n\r\n<p>Os avi\u00f5es v\u00eam equipados com sistemas Wi-Fi e de entretenimento, e o layout interior pode ser configurado para reuni\u00f5es de neg\u00f3cios ou op\u00e7\u00f5es de entretenimento.<\/p>\r\n\r\n\r\n\r\n<h4 class=\"wp-block-heading\"><span class=\"ez-toc-section\" id=\"Large_Jets_Specifications\"><\/span>Especifica\u00e7\u00f5es dos grandes jatos<span class=\"ez-toc-section-end\"><\/span><\/h4>\r\n\r\n\r\n\r\n<p>Grandes jatos podem acomodar at\u00e9 16 passageiros e voar com uma velocidade m\u00e1xima de cruzeiro de 650 mph e um alcance m\u00e1ximo de v\u00f4o de 6.500 milhas. O pre\u00e7o m\u00e9dio por hora dos membros do StraightLine Private Air varia de $7,950 a $12,950.<\/p>\r\n\r\n\r\n\r\n<h2 class=\"wp-block-heading\"><span class=\"ez-toc-section\" id=\"Company_Safety_Policy_and_Standards\"><\/span>Pol\u00edtica e normas de seguran\u00e7a da empresa<span class=\"ez-toc-section-end\"><\/span><\/h2>\r\n\r\n\r\n\r\n<figure class=\"wp-block-image size-full is-style-default\"><img loading=\"lazy\" decoding=\"async\" width=\"1000\" height=\"442\" src=\"https:\/\/comparemyjet.com\/wp-content\/uploads\/2022\/09\/little.plane_.in_.the_.hand_.of_.a.businessman.jpg\" alt=\"\" class=\"wp-image-3335\" srcset=\"https:\/\/comparemyjet.com\/wp-content\/uploads\/2022\/09\/little.plane_.in_.the_.hand_.of_.a.businessman-18x8.jpg 18w, https:\/\/comparemyjet.com\/wp-content\/uploads\/2022\/09\/little.plane_.in_.the_.hand_.of_.a.businessman-300x133.jpg 300w, https:\/\/comparemyjet.com\/wp-content\/uploads\/2022\/09\/little.plane_.in_.the_.hand_.of_.a.businessman-768x339.jpg 768w, https:\/\/comparemyjet.com\/wp-content\/uploads\/2022\/09\/little.plane_.in_.the_.hand_.of_.a.businessman.jpg 1000w\" sizes=\"auto, (max-width: 1000px) 100vw, 1000px\" \/><\/figure>\r\n\r\n\r\n\r\n<p>StraightLine encontra o <a href=\"https:\/\/www.faa.gov\/\" target=\"_blank\" rel=\"noopener\">FAA<\/a>s standards para opera\u00e7\u00f5es de afretamento. A empresa utiliza somente aeronaves aprovadas pela FAA, das FAR (Federal Aviation Regulations) Part 135 Charter Operators.&nbsp;<\/p>\r\n\r\n\r\n\r\n<p>Os v\u00f4os s\u00e3o conduzidos sob a autoridade operacional dos operadores de charter do StraightLine Private Air, que contratam os pilotos, cuidam da manuten\u00e7\u00e3o e operam os avi\u00f5es.&nbsp;<\/p>\r\n\r\n\r\n\r\n<p>A StraightLine trabalha em estreita colabora\u00e7\u00e3o com as melhores empresas de fretamento do ramo e s\u00f3 utiliza aeronaves que tenham passado por inspe\u00e7\u00f5es <a href=\"https:\/\/www.wyvernltd.com\/\" target=\"_blank\" rel=\"noopener\">Wyvern <\/a>ou <a href=\"https:\/\/www.argus.aero\/\" target=\"_blank\" rel=\"noopener\">ARGUS<\/a> para garantir a seguran\u00e7a dos passageiros.&nbsp;<\/p>\r\n\r\n\r\n\r\n<h2 class=\"wp-block-heading\"><span class=\"ez-toc-section\" id=\"Conclusion\"><\/span>Conclus\u00e3o<span class=\"ez-toc-section-end\"><\/span><\/h2>\r\n\r\n\r\n\r\n<p>Fundada em 2016, a StraightLine Private Air organiza v\u00f4os para clientes com aeronaves de operadores charter de terceiros. Os clientes podem fretar uma ampla gama de aeronaves, desde h\u00e9lices de pist\u00e3o a jatos pesados, a qualquer momento.&nbsp;<\/p>\r\n\r\n\r\n\r\n<p>Os membros do programa StraightLine Private Air baseado no dep\u00f3sito podem escolher o tipo de aeronave que melhor atenda \u00e0s suas necessidades para cada viagem. O programa \u00e9 ideal para passageiros frequentes que pretendem utilizar v\u00e1rios tipos de aeronaves.&nbsp;<\/p>","protected":false},"excerpt":{"rendered":"<p>A StraightLine Private Air \u00e9 uma empresa de corretagem de fretamento que ajuda os clientes a encontrar o jato particular mais adequado para sua viagem. O servi\u00e7o de fretamento tem parcerias com propriet\u00e1rios de jatos particulares e operadores terceirizados em todos os EUA, o que lhes permite empregar uma estrat\u00e9gia din\u00e2mica de pre\u00e7os para ajudar seus clientes a desfrutar de viagens de luxo com boa rela\u00e7\u00e3o custo-benef\u00edcio.  Vamos ver o que ...<\/p>","protected":false},"author":2,"featured_media":3508,"parent":0,"menu_order":0,"comment_status":"closed","ping_status":"closed","template":"","meta":{"_acf_changed":false,"_genesis_hide_title":false,"_genesis_hide_breadcrumbs":false,"_genesis_hide_singular_image":false,"_genesis_hide_footer_widgets":false,"_genesis_custom_body_class":"","_genesis_custom_post_class":"","_genesis_layout":"","footnotes":""},"class_list":{"1":"page","2":"type-page","6":"entry"},"acf":[],"_links":{"self":[{"href":"https:\/\/comparemyjet.com\/pt_br\/wp-json\/wp\/v2\/pages\/3507","targetHints":{"allow":["GET"]}}],"collection":[{"href":"https:\/\/comparemyjet.com\/pt_br\/wp-json\/wp\/v2\/pages"}],"about":[{"href":"https:\/\/comparemyjet.com\/pt_br\/wp-json\/wp\/v2\/types\/page"}],"author":[{"embeddable":true,"href":"https:\/\/comparemyjet.com\/pt_br\/wp-json\/wp\/v2\/users\/2"}],"replies":[{"embeddable":true,"href":"https:\/\/comparemyjet.com\/pt_br\/wp-json\/wp\/v2\/comments?post=3507"}],"version-history":[{"count":2,"href":"https:\/\/comparemyjet.com\/pt_br\/wp-json\/wp\/v2\/pages\/3507\/revisions"}],"predecessor-version":[{"id":3552,"href":"https:\/\/comparemyjet.com\/pt_br\/wp-json\/wp\/v2\/pages\/3507\/revisions\/3552"}],"wp:featuredmedia":[{"embeddable":true,"href":"https:\/\/comparemyjet.com\/pt_br\/wp-json\/wp\/v2\/media\/3508"}],"wp:attachment":[{"href":"https:\/\/comparemyjet.com\/pt_br\/wp-json\/wp\/v2\/media?parent=3507"}],"curies":[{"name":"wp","href":"https:\/\/api.w.org\/{rel}","templated":true}]}}