{"id":3697,"date":"2022-11-19T02:19:51","date_gmt":"2022-11-19T02:19:51","guid":{"rendered":"https:\/\/comparemyjet.com\/?page_id=3697"},"modified":"2025-09-04T10:03:16","modified_gmt":"2025-09-04T10:03:16","slug":"honda","status":"publish","type":"page","link":"https:\/\/comparemyjet.com\/pt_br\/honda\/","title":{"rendered":"Guia final para jatos particulares e aeronaves Honda"},"content":{"rendered":"<p>Honda Aircraft Company \u00e9 um fabricante de aeronaves que utiliza a mais recente tecnologia e inova\u00e7\u00e3o na avia\u00e7\u00e3o para produzir suas conhecidas aeronaves HondaJet. O que come\u00e7ou como um projeto de pesquisa em 1997 \u00e9 agora um bem estabelecido produtor de jatos e uma subsidi\u00e1ria completamente controlada pela Honda Motor.&nbsp;<\/p>\r\n\r\n\r\n\r\n<p>A sede da empresa fica no Aeroporto Internacional de Piedmont Triad, em Greensboro, Carolina do Norte. Foi neste aeroporto que foi montado o primeiro prot\u00f3tipo HondaJet, e onde foram realizados os testes de v\u00f4o.<\/p>\r\n\r\n\r\n\r\n<p>Vejamos como a empresa chegou a ser.<\/p>\r\n\r\n\r\n\r\n<div id=\"ez-toc-container\" class=\"ez-toc-v2_0_76 counter-hierarchy ez-toc-counter ez-toc-grey ez-toc-container-direction\">\n<p class=\"ez-toc-title\" style=\"cursor:inherit\">T\u00f3picos<\/p>\n<label for=\"ez-toc-cssicon-toggle-item-69d62c1c1dc62\" class=\"ez-toc-cssicon-toggle-label\"><span class=\"\"><span class=\"eztoc-hide\" style=\"display:none;\">Alternar<\/span><span class=\"ez-toc-icon-toggle-span\"><svg style=\"fill: #999;color:#999\" xmlns=\"http:\/\/www.w3.org\/2000\/svg\" class=\"list-377408\" width=\"20px\" height=\"20px\" viewbox=\"0 0 24 24\" fill=\"none\"><path d=\"M6 6H4v2h2V6zm14 0H8v2h12V6zM4 11h2v2H4v-2zm16 0H8v2h12v-2zM4 16h2v2H4v-2zm16 0H8v2h12v-2z\" fill=\"currentColor\"><\/path><\/svg><svg style=\"fill: #999;color:#999\" class=\"arrow-unsorted-368013\" xmlns=\"http:\/\/www.w3.org\/2000\/svg\" width=\"10px\" height=\"10px\" viewbox=\"0 0 24 24\" version=\"1.2\" baseprofile=\"tiny\"><path d=\"M18.2 9.3l-6.2-6.3-6.2 6.3c-.2.2-.3.4-.3.7s.1.5.3.7c.2.2.4.3.7.3h11c.3 0 .5-.1.7-.3.2-.2.3-.5.3-.7s-.1-.5-.3-.7zM5.8 14.7l6.2 6.3 6.2-6.3c.2-.2.3-.5.3-.7s-.1-.5-.3-.7c-.2-.2-.4-.3-.7-.3h-11c-.3 0-.5.1-.7.3-.2.2-.3.5-.3.7s.1.5.3.7z\"\/><\/svg><\/span><\/span><\/label><input type=\"checkbox\"  id=\"ez-toc-cssicon-toggle-item-69d62c1c1dc62\" checked aria-label=\"Alternar\" \/><nav><ul class='ez-toc-list ez-toc-list-level-1' ><li class='ez-toc-page-1 ez-toc-heading-level-2'><a class=\"ez-toc-link ez-toc-heading-1\" href=\"https:\/\/comparemyjet.com\/pt_br\/honda\/#About_the_Company\" >Sobre a empresa<\/a><\/li><li class='ez-toc-page-1 ez-toc-heading-level-2'><a class=\"ez-toc-link ez-toc-heading-2\" href=\"https:\/\/comparemyjet.com\/pt_br\/honda\/#Products_and_Services\" >Produtos e servi\u00e7os&nbsp;<\/a><\/li><li class='ez-toc-page-1 ez-toc-heading-level-2'><a class=\"ez-toc-link ez-toc-heading-3\" href=\"https:\/\/comparemyjet.com\/pt_br\/honda\/#Aircraft_Types\" >Tipos de aeronaves<\/a><ul class='ez-toc-list-level-3' ><li class='ez-toc-heading-level-3'><a class=\"ez-toc-link ez-toc-heading-4\" href=\"https:\/\/comparemyjet.com\/pt_br\/honda\/#Business_Aircraft\" >Aeronaves de neg\u00f3cios<\/a><ul class='ez-toc-list-level-4' ><li class='ez-toc-heading-level-4'><a class=\"ez-toc-link ez-toc-heading-5\" href=\"https:\/\/comparemyjet.com\/pt_br\/honda\/#HondaJet_Classic\" >HondaJet Classic<\/a><\/li><li class='ez-toc-page-1 ez-toc-heading-level-4'><a class=\"ez-toc-link ez-toc-heading-6\" href=\"https:\/\/comparemyjet.com\/pt_br\/honda\/#HondaJet_APMG\" >HondaJet APMG<\/a><\/li><li class='ez-toc-page-1 ez-toc-heading-level-4'><a class=\"ez-toc-link ez-toc-heading-7\" href=\"https:\/\/comparemyjet.com\/pt_br\/honda\/#HondaJet_Elite_S\" >HondaJet Elite S<\/a><\/li><li class='ez-toc-page-1 ez-toc-heading-level-4'><a class=\"ez-toc-link ez-toc-heading-8\" href=\"https:\/\/comparemyjet.com\/pt_br\/honda\/#Hondajet_2600_Concept\" >Conceito Hondajet 2600<\/a><\/li><\/ul><\/li><li class='ez-toc-page-1 ez-toc-heading-level-3'><a class=\"ez-toc-link ez-toc-heading-9\" href=\"https:\/\/comparemyjet.com\/pt_br\/honda\/#Most_Famous_Aircraft_by_the_Company\" >Aeronaves mais famosas da empresa<\/a><\/li><\/ul><\/li><li class='ez-toc-page-1 ez-toc-heading-level-2'><a class=\"ez-toc-link ez-toc-heading-10\" href=\"https:\/\/comparemyjet.com\/pt_br\/honda\/#Safety\" >Seguran\u00e7a&nbsp;<\/a><\/li><li class='ez-toc-page-1 ez-toc-heading-level-2'><a class=\"ez-toc-link ez-toc-heading-11\" href=\"https:\/\/comparemyjet.com\/pt_br\/honda\/#Sustainability\" >Sustentabilidade&nbsp;<\/a><\/li><li class='ez-toc-page-1 ez-toc-heading-level-2'><a class=\"ez-toc-link ez-toc-heading-12\" href=\"https:\/\/comparemyjet.com\/pt_br\/honda\/#Innovations\" >Inova\u00e7\u00f5es<\/a><\/li><li class='ez-toc-page-1 ez-toc-heading-level-2'><a class=\"ez-toc-link ez-toc-heading-13\" href=\"https:\/\/comparemyjet.com\/pt_br\/honda\/#Conclusion\" >Conclus\u00e3o<\/a><\/li><\/ul><\/nav><\/div>\n<h2 class=\"wp-block-heading\"><span class=\"ez-toc-section\" id=\"About_the_Company\"><\/span>Sobre a empresa<span class=\"ez-toc-section-end\"><\/span><\/h2>\r\n\r\n\r\n\r\n<figure class=\"wp-block-image size-full is-style-default\"><img loading=\"lazy\" decoding=\"async\" width=\"1000\" height=\"667\" src=\"https:\/\/comparemyjet.com\/wp-content\/uploads\/2022\/11\/honda.logo_.jpg\" alt=\"Honda\" class=\"wp-image-3700\" srcset=\"https:\/\/comparemyjet.com\/wp-content\/uploads\/2022\/11\/honda.logo_-18x12.jpg 18w, https:\/\/comparemyjet.com\/wp-content\/uploads\/2022\/11\/honda.logo_-300x200.jpg 300w, https:\/\/comparemyjet.com\/wp-content\/uploads\/2022\/11\/honda.logo_-768x512.jpg 768w, https:\/\/comparemyjet.com\/wp-content\/uploads\/2022\/11\/honda.logo_.jpg 1000w\" sizes=\"auto, (max-width: 1000px) 100vw, 1000px\" \/><\/figure>\r\n\r\n\r\n\r\n<p>Hideto Yamasaki, o novo presidente e CEO da Honda Aircraft, assumiu o cargo em 1\u00ba de abril de 2022, depois que Michimasa Fujino, o anterior presidente e presidente da Honda Aircraft, se aposentou em 31 de mar\u00e7o.&nbsp;<\/p>\r\n\r\n\r\n\r\n<p>No in\u00edcio do que mais tarde se tornaria a Honda Aircraft, o talentoso engenheiro aeroespacial Michimasa Fujino foi o respons\u00e1vel pelo projeto de pesquisa que come\u00e7ou em 1986 nos EUA e se concentrou em aeronaves leves e motores a jato, continuando em 1988 com o projeto de constru\u00e7\u00e3o. Em 1993 come\u00e7ou os testes de v\u00f4o do MH-02, o projeto Michimasa Fujino - um jato executivo inicial totalmente composto. A Honda acabou interrompendo o esfor\u00e7o em 1996 devido a uma crise monet\u00e1ria no Jap\u00e3o.<\/p>\r\n\r\n\r\n\r\n<p>O ano de 1997 marcou o in\u00edcio do desenvolvimento da HondaJet. Em 3 de dezembro de 2003, o prot\u00f3tipo da HondaJet ascendeu aos c\u00e9us pela primeira vez, movido por dois motores turbofan projetados e fabricados pela Honda. Em 9 de dezembro de 2015, a FAA concedeu a certifica\u00e7\u00e3o \u00e0 HondaJet ap\u00f3s muitos anos de desenvolvimento e tinha colaborado com a GE Aviation para criar o motor HF120.<\/p>\r\n\r\n\r\n\r\n<p>A HondaJet fez sua primeira apari\u00e7\u00e3o p\u00fablica na EAA AirVenture Oshkosh em 2005. No ano seguinte, a Honda Aircraft foi formalmente criada, com Fujino servindo como CEO da empresa. Durante a confer\u00eancia da National Business Aviation Association em 2006, a empresa come\u00e7ou a aceitar pedidos e rapidamente reservou mais de cem entregas. Este foi o ano em que a empresa foi estabelecida como uma subsidi\u00e1ria integral da Honda Motor.<\/p>\r\n\r\n\r\n\r\n<p>A fabrica\u00e7\u00e3o dos HondaJets HA-420 come\u00e7ou em 2012, na f\u00e1brica constru\u00edda especificamente para esse fim em Greensboro, Carolina do Norte. Depois disso, em 2013, o motor turbofan HF120 recebeu a certifica\u00e7\u00e3o da FAA e, em 2014, foi realizado o voo inaugural de uma vers\u00e3o de produ\u00e7\u00e3o. 2018 <a href=\"https:\/\/comparemyjet.com\/pt_br\/hotels\/saw-hotels\/\" data-internallinksmanager029f6b8e52c=\"513\" title=\"11 melhores hot\u00e9is pr\u00f3ximos ao Aeroporto Internacional Sabiha G\u00f6k\u00e7en\">serra<\/a> o lan\u00e7amento do HondaJet Elite, uma vers\u00e3o aprimorada do HA-420.<\/p>\r\n\r\n\r\n\r\n<p>Em 2017 e 2018, o Elite foi o jato leve que a Honda forneceu mais em todo o mundo.<\/p>\r\n\r\n\r\n\r\n<p>Desde ent\u00e3o, o jato passou por melhorias consistentes, aumentando o alcance entre outras melhorias. Al\u00e9m disso, a Honda Aircraft aumentou a capacidade de produ\u00e7\u00e3o em suas instala\u00e7\u00f5es em Greensboro, Carolina do Norte, e a empresa produz atualmente a maior parte da fuselagem e das asas. A HondaJet Elite S \u00e9 o modelo mais recente dispon\u00edvel.<\/p>\r\n\r\n\r\n\r\n<h2 class=\"wp-block-heading\"><span class=\"ez-toc-section\" id=\"Products_and_Services\"><\/span>Produtos e servi\u00e7os&nbsp;<span class=\"ez-toc-section-end\"><\/span><\/h2>\r\n\r\n\r\n\r\n<p>A Honda Aircraft confirmou recentemente a expans\u00e3o do sistema de atendimento ao cliente HondaJet com quatro novos locais localizados em:&nbsp;<\/p>\r\n\r\n\r\n\r\n<ul class=\"wp-block-list\">\r\n<li>Selangor, Mal\u00e1sia&nbsp;<\/li>\r\n\r\n\r\n\r\n<li>Bournemouth, Reino Unido&nbsp;<\/li>\r\n\r\n\r\n\r\n<li><a href=\"https:\/\/comparemyjet.com\/pt_br\/passeios-particulares\/portland-private-tours\/\" data-internallinksmanager029f6b8e52c=\"432\" title=\"11 melhores passeios particulares em Portland a partir de $48.00\">Portland<\/a>, Oregon&nbsp;<\/li>\r\n\r\n\r\n\r\n<li>e <a href=\"https:\/\/comparemyjet.com\/pt_br\/passeios-particulares\/sacramento-private-tours\/\" data-internallinksmanager029f6b8e52c=\"434\" title=\"11 melhores passeios particulares em Sacramento a partir de $7.99\">Sacramento<\/a>, Calif\u00f3rnia&nbsp;<\/li>\r\n<\/ul>\r\n\r\n\r\n\r\n<p>Isto eleva o n\u00famero total de locais na rede de atendimento ao cliente HondaJet para 21 no mundo inteiro e 12 na Am\u00e9rica do Norte. O primeiro escrit\u00f3rio da empresa no sudeste asi\u00e1tico est\u00e1 atualmente localizado na Mal\u00e1sia.&nbsp;<\/p>\r\n\r\n\r\n\r\n<h2 class=\"wp-block-heading\"><span class=\"ez-toc-section\" id=\"Aircraft_Types\"><\/span>Tipos de aeronaves<span class=\"ez-toc-section-end\"><\/span><\/h2>\r\n\r\n\r\n\r\n<figure class=\"wp-block-image size-full is-style-default\"><img loading=\"lazy\" decoding=\"async\" width=\"1000\" height=\"714\" src=\"https:\/\/comparemyjet.com\/wp-content\/uploads\/2022\/11\/honda.jet_.jpg\" alt=\"\" class=\"wp-image-3699\" srcset=\"https:\/\/comparemyjet.com\/wp-content\/uploads\/2022\/11\/honda.jet_-18x12.jpg 18w, https:\/\/comparemyjet.com\/wp-content\/uploads\/2022\/11\/honda.jet_-300x214.jpg 300w, https:\/\/comparemyjet.com\/wp-content\/uploads\/2022\/11\/honda.jet_-768x548.jpg 768w, https:\/\/comparemyjet.com\/wp-content\/uploads\/2022\/11\/honda.jet_.jpg 1000w\" sizes=\"auto, (max-width: 1000px) 100vw, 1000px\" \/><\/figure>\r\n\r\n\r\n\r\n<h3 class=\"wp-block-heading\"><span class=\"ez-toc-section\" id=\"Business_Aircraft\"><\/span>Aeronaves de neg\u00f3cios<span class=\"ez-toc-section-end\"><\/span><\/h3>\r\n\r\n\r\n\r\n<h4 class=\"wp-block-heading\"><span class=\"ez-toc-section\" id=\"HondaJet_Classic\"><\/span>HondaJet Classic<span class=\"ez-toc-section-end\"><\/span><\/h4>\r\n\r\n\r\n\r\n<p>O primeiro HondaJet \u00e9 um jato muito leve respons\u00e1vel por v\u00e1rios lan\u00e7amentos na ind\u00fastria da avia\u00e7\u00e3o.<\/p>\r\n\r\n\r\n\r\n<p>A montagem por cima da asa do motor resulta de pesquisa e desenvolvimento rigorosos por parte da Honda, o que levou ao seu projeto e valida\u00e7\u00e3o. Esta tecnologia de ponta permite avan\u00e7os l\u00edderes de categoria, tais como uma cabine mais silenciosa e espa\u00e7osa e maior economia de combust\u00edvel.<\/p>\r\n\r\n\r\n\r\n<p>Esta solu\u00e7\u00e3o t\u00e9cnica inovadora leva a uma r\u00e1pida velocidade de cruzeiro e maior efici\u00eancia no uso da gasolina. A fuselagem da HondaJet \u00e9 feita de material composto leve, em contraste com o alum\u00ednio usado na constru\u00e7\u00e3o da maioria dos jatos.&nbsp;<\/p>\r\n\r\n\r\n\r\n<p>Especifica\u00e7\u00f5es:<\/p>\r\n\r\n\r\n\r\n<ul class=\"wp-block-list\">\r\n<li>Comprimento total: 42 p\u00e9s e 6 polegadas;<\/li>\r\n\r\n\r\n\r\n<li>Altura exterior: 14 p\u00e9s 9 polegadas;<\/li>\r\n\r\n\r\n\r\n<li>V\u00e3o da asa: 39 p\u00e9s e 8 polegadas;<\/li>\r\n\r\n\r\n\r\n<li>Altura da cabine: 4 p\u00e9s e 8 polegadas;<\/li>\r\n\r\n\r\n\r\n<li>Comprimento da cabine: 12 p\u00e9s 1 pol;<\/li>\r\n\r\n\r\n\r\n<li>Largura da cabine: 5ft<\/li>\r\n\r\n\r\n\r\n<li>Alcance de v\u00f4o: 1.223 nm;<\/li>\r\n\r\n\r\n\r\n<li>Espa\u00e7o de bagagem: 66 cu ft;<\/li>\r\n\r\n\r\n\r\n<li>Velocidade m\u00e1xima de cruzeiro: 422 ktas.<\/li>\r\n<\/ul>\r\n\r\n\r\n\r\n<h4 class=\"wp-block-heading\"><span class=\"ez-toc-section\" id=\"HondaJet_APMG\"><\/span>HondaJet APMG<span class=\"ez-toc-section-end\"><\/span><\/h4>\r\n\r\n\r\n\r\n<p>Honda tem um foco intransigente na efic\u00e1cia e um esfor\u00e7o persistente para desvendar os avan\u00e7os atrav\u00e9s da estrutura, fabrica\u00e7\u00e3o e inova\u00e7\u00e3o. Esta \u00e9 uma das raz\u00f5es pelas quais ela \u00e9 t\u00e3o bem sucedida. A mais recente conquista trazida por este empreendimento \u00e9 a HondaJet APMG. Devido ao seu menor comprimento de campo de decolagem, a HondaJet APMG proporciona aos passageiros um melhor acesso ao aeroporto em v\u00e1rios ambientes.<\/p>\r\n\r\n\r\n\r\n<p>Especifica\u00e7\u00f5es:<\/p>\r\n\r\n\r\n\r\n<ul class=\"wp-block-list\">\r\n<li>Passageiros: 6;<\/li>\r\n\r\n\r\n\r\n<li>Comprimento total: 41 p\u00e9s;<\/li>\r\n\r\n\r\n\r\n<li>envergadura das asas: 40 p\u00e9s 1 polegada;<\/li>\r\n\r\n\r\n\r\n<li>Altura exterior: 13 p\u00e9s 1 in;<\/li>\r\n\r\n\r\n\r\n<li>Comprimento da cabine: 15 p\u00e9s 1 pol;<\/li>\r\n\r\n\r\n\r\n<li>Largura da cabine: 4 p\u00e9s e 11 polegadas;<\/li>\r\n\r\n\r\n\r\n<li>Altura da cabine: 4 p\u00e9s e 11 polegadas;<\/li>\r\n\r\n\r\n\r\n<li>Velocidade m\u00e1xima de cruzeiro: 485 milhas;<\/li>\r\n\r\n\r\n\r\n<li>Alcance de v\u00f4o: 1404 milhas;<\/li>\r\n\r\n\r\n\r\n<li>Tripula\u00e7\u00e3o: 1-2.<\/li>\r\n<\/ul>\r\n\r\n\r\n\r\n<h4 class=\"wp-block-heading\"><span class=\"ez-toc-section\" id=\"HondaJet_Elite_S\"><\/span>HondaJet Elite S<span class=\"ez-toc-section-end\"><\/span><\/h4>\r\n\r\n\r\n\r\n<p>A Elite S \u00e9 um membro da categoria de jatos leves e tem uma gama de cargas expandida e tecnologia aprimorada, que fortalece a capacidade operacional da aeronave.&nbsp;<\/p>\r\n\r\n\r\n\r\n<p>HondaJet Elite S estabelece a refer\u00eancia para o jato leve tecnologicamente mais sofisticado do mundo. Ela supera todas as outras aeronaves de sua categoria em termos de desempenho, devido \u00e0s inova\u00e7\u00f5es pioneiras na avia\u00e7\u00e3o que foram desenvolvidas e apresentadas pela Honda Aircraft.<\/p>\r\n\r\n\r\n\r\n<p>As melhorias proporcionadas pela Honda Aircraft permitem que a HondaJet Elite S tenha a cabine mais extensa em sua categoria, um banheiro privado e um ambiente que os passageiros podem controlar atrav\u00e9s de um smartphone.&nbsp;<\/p>\r\n\r\n\r\n\r\n<p>Especifica\u00e7\u00f5es:<\/p>\r\n\r\n\r\n\r\n<ul class=\"wp-block-list\">\r\n<li>Passageiros: 8 a 10;<\/li>\r\n\r\n\r\n\r\n<li>Altura exterior: 14 p\u00e9s 11 polegadas;<\/li>\r\n\r\n\r\n\r\n<li>Comprimento total: 42 p\u00e9s e 7 polegadas;<\/li>\r\n\r\n\r\n\r\n<li>V\u00e3o da asa: 39 p\u00e9s 9 polegadas;<\/li>\r\n\r\n\r\n\r\n<li>Largura da cabine: 5 p\u00e9s 1 pol;<\/li>\r\n\r\n\r\n\r\n<li>Altura da cabine: 4 p\u00e9s e 11 polegadas;<\/li>\r\n\r\n\r\n\r\n<li>Comprimento da cabine: 17 p\u00e9s e 10 polegadas;<\/li>\r\n\r\n\r\n\r\n<li>Espa\u00e7o externo de bagagem: 60 cu ft;<\/li>\r\n\r\n\r\n\r\n<li>Espa\u00e7o interno de bagagem: 10 cu ft;<\/li>\r\n\r\n\r\n\r\n<li>Alcance m\u00e1ximo de v\u00f4o: 1437 nm;<\/li>\r\n\r\n\r\n\r\n<li>Velocidade m\u00e1xima de cruzeiro: 422 kts;<\/li>\r\n\r\n\r\n\r\n<li>Tripula\u00e7\u00e3o: 1.<\/li>\r\n<\/ul>\r\n\r\n\r\n\r\n<h4 class=\"wp-block-heading\"><span class=\"ez-toc-section\" id=\"Hondajet_2600_Concept\"><\/span>Conceito Hondajet 2600<span class=\"ez-toc-section-end\"><\/span><\/h4>\r\n\r\n\r\n\r\n<p>A Honda Aircraft Company criou a <a href=\"https:\/\/www.hondajet.com\/en\/Products\/HondaJet-2600-Concept\" target=\"_blank\" rel=\"noopener\">HondaJet 2600 Concept<\/a> para enfrentar os desafios que se apresentam para a ind\u00fastria da avia\u00e7\u00e3o. A HondaJet 2600 pode fazer viagens transcontinentais ininterruptas atrav\u00e9s dos Estados Unidos, gra\u00e7as ao desenvolvimento de tecnologia inovadora de avia\u00e7\u00e3o. Al\u00e9m de oferecer acomoda\u00e7\u00f5es confort\u00e1veis e uma generosa quantidade de espa\u00e7o de armazenamento para equipamentos de viagem, a cabine tamb\u00e9m atinge um n\u00edvel incompar\u00e1vel de economia de combust\u00edvel.<\/p>\r\n\r\n\r\n\r\n<p>O interior da cabine \u00e9 modular e altamente adapt\u00e1vel, constru\u00eddo para acomodar as necessidades de v\u00e1rios clientes.&nbsp;<\/p>\r\n\r\n\r\n\r\n<p>Honda continua a inovar o HondaJet 2600, mostrado pela primeira vez em 2021 <a href=\"https:\/\/ebace.aero\/2022\/\" target=\"_blank\" rel=\"noopener\">Conven\u00e7\u00e3o e Exposi\u00e7\u00e3o da Avia\u00e7\u00e3o de Neg\u00f3cios<\/a> hospedado pelo <a href=\"https:\/\/nbaa.org\/\" target=\"_blank\" rel=\"noopener\">Associa\u00e7\u00e3o Nacional de Avia\u00e7\u00e3o de Neg\u00f3cios<\/a>. As melhorias no projeto ajudaram a simplificar os sistemas, resultando em uma aeronave de menor peso, maior confiabilidade e facilidade de manuten\u00e7\u00e3o ao longo de sua vida \u00fatil.<\/p>\r\n\r\n\r\n\r\n<p>Especifica\u00e7\u00f5es:<\/p>\r\n\r\n\r\n\r\n<ul class=\"wp-block-list\">\r\n<li>Passageiros: 9 a 10;<\/li>\r\n\r\n\r\n\r\n<li>Comprimento total 57 p\u00e9s e 8 polegadas;<\/li>\r\n\r\n\r\n\r\n<li>V\u00e3o de asa de 56 p\u00e9s 7 polegadas;<\/li>\r\n\r\n\r\n\r\n<li>Altura exterior 15 p\u00e9s 9 in;<\/li>\r\n\r\n\r\n\r\n<li>Comprimento da cabine 25 p\u00e9s 4 polegadas;<\/li>\r\n\r\n\r\n\r\n<li>Largura da cabine 5 p\u00e9s;<\/li>\r\n\r\n\r\n\r\n<li>Altura da cabine 5 p\u00e9s 2 polegadas;<\/li>\r\n\r\n\r\n\r\n<li>Velocidade m\u00e1xima de cruzeiro: 450 kts;<\/li>\r\n\r\n\r\n\r\n<li>Alcance m\u00e1ximo de v\u00f4o: 2625 nm;<\/li>\r\n\r\n\r\n\r\n<li>Espa\u00e7o para bagagem: 120 cu ft;<\/li>\r\n\r\n\r\n\r\n<li>Tripula\u00e7\u00e3o: 1.<\/li>\r\n<\/ul>\r\n\r\n\r\n\r\n<h3 class=\"wp-block-heading\"><span class=\"ez-toc-section\" id=\"Most_Famous_Aircraft_by_the_Company\"><\/span>Aeronaves mais famosas da empresa<span class=\"ez-toc-section-end\"><\/span><\/h3>\r\n\r\n\r\n\r\n<p>O HondaJet Elite S \u00e9 o jato comercial leve mais sofisticado do mundo devido a suas inova\u00e7\u00f5es de ponta, que lhe permitem superar todas as outras aeronaves de sua categoria. Ele sobe e mant\u00e9m a velocidade mais rapidamente, sobe mais alto, tem mais espa\u00e7o, produz menos ru\u00eddo e consome menos combust\u00edvel em geral.<\/p>\r\n\r\n\r\n\r\n<h2 class=\"wp-block-heading\"><span class=\"ez-toc-section\" id=\"Safety\"><\/span>Seguran\u00e7a&nbsp;<span class=\"ez-toc-section-end\"><\/span><\/h2>\r\n\r\n\r\n\r\n<p>Em junho de 2022, a Honda Aircraft Company e <a href=\"https:\/\/www.flightsafety.com\/\" target=\"_blank\" rel=\"noopener\">FlightSafety International<\/a> anunciaram uma renova\u00e7\u00e3o de 25 anos de seu atual acordo de 15 anos. Esta prorroga\u00e7\u00e3o garantir\u00e1 que as duas empresas retomar\u00e3o seus esfor\u00e7os colaborativos e criativos at\u00e9 2047. O acordo expande um esfor\u00e7o conjunto combinando ambas as empresas para oferecer treinamento aos operadores e propriet\u00e1rios da HondaJet do mais alto padr\u00e3o de seguran\u00e7a poss\u00edvel, estabelecendo simultaneamente um compromisso robusto e de longo prazo.<\/p>\r\n\r\n\r\n\r\n<h2 class=\"wp-block-heading\"><span class=\"ez-toc-section\" id=\"Sustainability\"><\/span>Sustentabilidade&nbsp;<span class=\"ez-toc-section-end\"><\/span><\/h2>\r\n\r\n\r\n\r\n<p>Preven\u00e7\u00e3o da polui\u00e7\u00e3o e equidade coletiva s\u00e3o duas \u00e1reas nas quais a Honda Aircraft Company estabelece uma nova refer\u00eancia na ind\u00fastria da avia\u00e7\u00e3o executiva. Eles utilizam tecnologias criadas por sua matriz para melhorar as caracter\u00edsticas da aeronave e, portanto, aumentar a efici\u00eancia do combust\u00edvel. Cada jato da Honda produz menos emiss\u00f5es de di\u00f3xido de carbono sem comprometer a funcionalidade. A Honda s\u00f3 teria conseguido estes avan\u00e7os com sua equipe global de colaboradores de mais de vinte na\u00e7\u00f5es juntas.<\/p>\r\n\r\n\r\n\r\n<p>A Honda fabrica mais do que apenas avi\u00f5es com baixo consumo de combust\u00edvel. Tanto o <a href=\"https:\/\/global.honda\/sustainability\/environment\/blue-skies-for-our-children.html\" target=\"_blank\" rel=\"noopener\">C\u00e9us azuis para nossas crian\u00e7as<\/a> projeto e seu <a href=\"https:\/\/hondanews.com\/en-US\/releases\/honda-leads-all-automakers-with-eleven-leed-certified-green-buildings-in-north-america\" target=\"_blank\" rel=\"noopener\">Sede corporativa com certifica\u00e7\u00e3o Gold LEED<\/a> s\u00e3o exemplos de como eles trabalham ativamente para reduzir o impacto ambiental da empresa.<\/p>\r\n\r\n\r\n\r\n<h2 class=\"wp-block-heading\"><span class=\"ez-toc-section\" id=\"Innovations\"><\/span>Inova\u00e7\u00f5es<span class=\"ez-toc-section-end\"><\/span><\/h2>\r\n\r\n\r\n\r\n<figure class=\"wp-block-image size-full is-style-default\"><img loading=\"lazy\" decoding=\"async\" width=\"1000\" height=\"667\" src=\"https:\/\/comparemyjet.com\/wp-content\/uploads\/2022\/11\/pilot.and_.honda_.jet_.jpg\" alt=\"\" class=\"wp-image-3701\" srcset=\"https:\/\/comparemyjet.com\/wp-content\/uploads\/2022\/11\/pilot.and_.honda_.jet_-18x12.jpg 18w, https:\/\/comparemyjet.com\/wp-content\/uploads\/2022\/11\/pilot.and_.honda_.jet_-300x200.jpg 300w, https:\/\/comparemyjet.com\/wp-content\/uploads\/2022\/11\/pilot.and_.honda_.jet_-768x512.jpg 768w, https:\/\/comparemyjet.com\/wp-content\/uploads\/2022\/11\/pilot.and_.honda_.jet_.jpg 1000w\" sizes=\"auto, (max-width: 1000px) 100vw, 1000px\" \/><\/figure>\r\n\r\n\r\n\r\n<p>Em 20 de outubro de 2022, a empresa apresentou o \"HondaJet Elite II\". Trata-se de uma aeronave recentemente aperfei\u00e7oada que ostenta uma variedade de melhorias essenciais tanto em conveni\u00eancia quanto em desempenho. Al\u00e9m disso, a corpora\u00e7\u00e3o anunciou o lan\u00e7amento de uma nova tecnologia de automa\u00e7\u00e3o.<\/p>\r\n\r\n\r\n\r\n<p>O HondaJet Elite II pretende ser o avi\u00e3o mais r\u00e1pido e mais distante em sua categoria de jatos leves, alcan\u00e7ando um n\u00edvel de resist\u00eancia totalmente novo. Esta conquista foi poss\u00edvel gra\u00e7as \u00e0 busca da Honda pela inova\u00e7\u00e3o. Como resultado do aumento do alcance de v\u00f4o do Elite II de 1.547 milhas n\u00e1uticas, a HondaJet pode agora cobrir um maior n\u00famero de locais. As melhorias de desempenho s\u00e3o conclu\u00eddas com a instala\u00e7\u00e3o de estabilizadores de solo, o que otimiza o desempenho da \u00e1rea de pouso e decolagem.<\/p>\r\n\r\n\r\n\r\n<p>A HondaJet est\u00e1 equipada com uma s\u00e9rie de avan\u00e7os tecnol\u00f3gicos que lhe permitem alcan\u00e7ar uma velocidade de cruzeiro significativamente maior, mais cabine e espa\u00e7o de bagagem, e uma efici\u00eancia de combust\u00edvel significativamente melhor do que as aeronaves convencionais em sua categoria.&nbsp;<\/p>\r\n\r\n\r\n\r\n<p>As principais tecnologias HondaJet incluem:<\/p>\r\n\r\n\r\n\r\n<ul class=\"wp-block-list\">\r\n<li>posi\u00e7\u00e3o patenteada de montagem do motor sobre a asa,&nbsp;<\/li>\r\n\r\n\r\n\r\n<li>uma asa de fluxo laminar natural (NLF) e um nariz de fuselagem,&nbsp;<\/li>\r\n\r\n\r\n\r\n<li>e uma constru\u00e7\u00e3o de fuselagem totalmente composta.&nbsp;<\/li>\r\n<\/ul>\r\n\r\n\r\n\r\n<p>Estes avan\u00e7os s\u00e3o o ponto culminante de 20 anos de pesquisa em avia\u00e7\u00e3o.<\/p>\r\n\r\n\r\n\r\n<p>Junto com a declara\u00e7\u00e3o de que embarcaria em uma estrada rumo \u00e0 automa\u00e7\u00e3o, a Honda Aircraft Company tamb\u00e9m planeja lan\u00e7ar a Autothrottle e a Emergency Autoland antes que o ano 2023 se aproxime. Esta dire\u00e7\u00e3o resume o esfor\u00e7o cont\u00ednuo para melhorar a HondaJet via automa\u00e7\u00e3o, atualiza\u00e7\u00e3o e avan\u00e7os relacionados \u00e0 seguran\u00e7a.&nbsp;<\/p>\r\n\r\n\r\n\r\n<h2 class=\"wp-block-heading\"><span class=\"ez-toc-section\" id=\"Conclusion\"><\/span>Conclus\u00e3o<span class=\"ez-toc-section-end\"><\/span><\/h2>\r\n\r\n\r\n\r\n<p>A empresa Honda cria aeronaves utilizando a mais avan\u00e7ada tecnologia de avia\u00e7\u00e3o com o objetivo de revolucionar as viagens. Cada HondaJet utiliza tecnologia moderna para cumprir v\u00e1rios requisitos para propriet\u00e1rios e empresas, evacua\u00e7\u00e3o m\u00e9dica e outras opera\u00e7\u00f5es cr\u00edticas. A Honda est\u00e1 tornando as vantagens do v\u00f4o particular mais acess\u00edveis a um p\u00fablico maior ao desenvolver aeronaves r\u00e1pidas, seguras e econ\u00f4micas.<\/p>","protected":false},"excerpt":{"rendered":"<p>A Honda Aircraft Company \u00e9 uma fabricante de aeronaves que utiliza a mais recente tecnologia e inova\u00e7\u00e3o na avia\u00e7\u00e3o para produzir sua conhecida aeronave HondaJet. O que come\u00e7ou como um projeto de pesquisa em 1997 \u00e9 agora um produtor de jatos bem estabelecido e uma subsidi\u00e1ria de propriedade total da Honda Motor.  A sede da empresa est\u00e1 localizada no Aeroporto Internacional Piedmont Triad, em Greensboro, Norte ...<\/p>","protected":false},"author":2,"featured_media":3698,"parent":0,"menu_order":0,"comment_status":"closed","ping_status":"closed","template":"","meta":{"_acf_changed":false,"_genesis_hide_title":false,"_genesis_hide_breadcrumbs":false,"_genesis_hide_singular_image":false,"_genesis_hide_footer_widgets":false,"_genesis_custom_body_class":"","_genesis_custom_post_class":"","_genesis_layout":"","footnotes":""},"class_list":{"1":"page","2":"type-page","6":"entry"},"acf":[],"_links":{"self":[{"href":"https:\/\/comparemyjet.com\/pt_br\/wp-json\/wp\/v2\/pages\/3697","targetHints":{"allow":["GET"]}}],"collection":[{"href":"https:\/\/comparemyjet.com\/pt_br\/wp-json\/wp\/v2\/pages"}],"about":[{"href":"https:\/\/comparemyjet.com\/pt_br\/wp-json\/wp\/v2\/types\/page"}],"author":[{"embeddable":true,"href":"https:\/\/comparemyjet.com\/pt_br\/wp-json\/wp\/v2\/users\/2"}],"replies":[{"embeddable":true,"href":"https:\/\/comparemyjet.com\/pt_br\/wp-json\/wp\/v2\/comments?post=3697"}],"version-history":[{"count":3,"href":"https:\/\/comparemyjet.com\/pt_br\/wp-json\/wp\/v2\/pages\/3697\/revisions"}],"predecessor-version":[{"id":3772,"href":"https:\/\/comparemyjet.com\/pt_br\/wp-json\/wp\/v2\/pages\/3697\/revisions\/3772"}],"wp:featuredmedia":[{"embeddable":true,"href":"https:\/\/comparemyjet.com\/pt_br\/wp-json\/wp\/v2\/media\/3698"}],"wp:attachment":[{"href":"https:\/\/comparemyjet.com\/pt_br\/wp-json\/wp\/v2\/media?parent=3697"}],"curies":[{"name":"wp","href":"https:\/\/api.w.org\/{rel}","templated":true}]}}