{"id":4399,"date":"2023-02-13T21:10:28","date_gmt":"2023-02-13T21:10:28","guid":{"rendered":"https:\/\/comparemyjet.com\/?page_id=4399"},"modified":"2025-09-04T09:58:16","modified_gmt":"2025-09-04T09:58:16","slug":"delta-private-jets","status":"publish","type":"page","link":"https:\/\/comparemyjet.com\/pt_br\/delta-private-jets\/","title":{"rendered":"Pre\u00e7os de ades\u00e3o Delta Private Jets"},"content":{"rendered":"<p>A Delta Air Lines \u00e9 a empresa a\u00e9rea l\u00edder mundial em termos de bens, servi\u00e7os, inova\u00e7\u00e3o, confiabilidade e experi\u00eancia do cliente nos Estados Unidos. A empresa oferece uma experi\u00eancia de viagem de classe mundial ao mesmo tempo em que ganha retornos l\u00edderes da ind\u00fastria para os acionistas.&nbsp;<\/p>\r\n\r\n\r\n\r\n<p>Os jatos privados Delta, o servi\u00e7o de fretamento da companhia a\u00e9rea, firmou uma parceria com a principal marca de avia\u00e7\u00e3o privada <a href=\"https:\/\/comparemyjet.com\/pt_br\/wheels-up\/\" data-internallinksmanager029f6b8e52c=\"73\" title=\"Pre\u00e7os de ades\u00e3o\">Rodas para cima<\/a> para proporcionar ainda mais aos viajantes a\u00e9reos particulares experi\u00eancias \u00fanicas e viagens de qualidade.&nbsp;&nbsp;<\/p>\r\n\r\n\r\n\r\n<p>Vejamos o que esta parceria entre duas grandes empresas de avia\u00e7\u00e3o oferece aos passageiros.<\/p>\r\n\r\n\r\n\r\n<div id=\"ez-toc-container\" class=\"ez-toc-v2_0_76 counter-hierarchy ez-toc-counter ez-toc-grey ez-toc-container-direction\">\n<p class=\"ez-toc-title\" style=\"cursor:inherit\">T\u00f3picos<\/p>\n<label for=\"ez-toc-cssicon-toggle-item-69d07bed7dbb7\" class=\"ez-toc-cssicon-toggle-label\"><span class=\"\"><span class=\"eztoc-hide\" style=\"display:none;\">Alternar<\/span><span class=\"ez-toc-icon-toggle-span\"><svg style=\"fill: #999;color:#999\" xmlns=\"http:\/\/www.w3.org\/2000\/svg\" class=\"list-377408\" width=\"20px\" height=\"20px\" viewbox=\"0 0 24 24\" fill=\"none\"><path d=\"M6 6H4v2h2V6zm14 0H8v2h12V6zM4 11h2v2H4v-2zm16 0H8v2h12v-2zM4 16h2v2H4v-2zm16 0H8v2h12v-2z\" fill=\"currentColor\"><\/path><\/svg><svg style=\"fill: #999;color:#999\" class=\"arrow-unsorted-368013\" xmlns=\"http:\/\/www.w3.org\/2000\/svg\" width=\"10px\" height=\"10px\" viewbox=\"0 0 24 24\" version=\"1.2\" baseprofile=\"tiny\"><path d=\"M18.2 9.3l-6.2-6.3-6.2 6.3c-.2.2-.3.4-.3.7s.1.5.3.7c.2.2.4.3.7.3h11c.3 0 .5-.1.7-.3.2-.2.3-.5.3-.7s-.1-.5-.3-.7zM5.8 14.7l6.2 6.3 6.2-6.3c.2-.2.3-.5.3-.7s-.1-.5-.3-.7c-.2-.2-.4-.3-.7-.3h-11c-.3 0-.5.1-.7.3-.2.2-.3.5-.3.7s.1.5.3.7z\"\/><\/svg><\/span><\/span><\/label><input type=\"checkbox\"  id=\"ez-toc-cssicon-toggle-item-69d07bed7dbb7\" checked aria-label=\"Alternar\" \/><nav><ul class='ez-toc-list ez-toc-list-level-1' ><li class='ez-toc-page-1 ez-toc-heading-level-2'><a class=\"ez-toc-link ez-toc-heading-1\" href=\"https:\/\/comparemyjet.com\/pt_br\/delta-private-jets\/#Company_History\" >Hist\u00f3ria da empresa<\/a><\/li><li class='ez-toc-page-1 ez-toc-heading-level-2'><a class=\"ez-toc-link ez-toc-heading-2\" href=\"https:\/\/comparemyjet.com\/pt_br\/delta-private-jets\/#Delta_Private_Jets_Wheels_Up\" >Delta Private Jets + Rodas para cima<\/a><\/li><li class='ez-toc-page-1 ez-toc-heading-level-2'><a class=\"ez-toc-link ez-toc-heading-3\" href=\"https:\/\/comparemyjet.com\/pt_br\/delta-private-jets\/#The_Fleet\" >A Frota<\/a><ul class='ez-toc-list-level-3' ><li class='ez-toc-heading-level-3'><a class=\"ez-toc-link ez-toc-heading-4\" href=\"https:\/\/comparemyjet.com\/pt_br\/delta-private-jets\/#1_Turboprop\" >1. Turboprop<\/a><ul class='ez-toc-list-level-4' ><li class='ez-toc-heading-level-4'><a class=\"ez-toc-link ez-toc-heading-5\" href=\"https:\/\/comparemyjet.com\/pt_br\/delta-private-jets\/#Our_recommendation_The_King_Air_350\" >Nossa recomenda\u00e7\u00e3o: O Rei Air 350<\/a><\/li><\/ul><\/li><li class='ez-toc-page-1 ez-toc-heading-level-3'><a class=\"ez-toc-link ez-toc-heading-6\" href=\"https:\/\/comparemyjet.com\/pt_br\/delta-private-jets\/#2_Light_Private_Jets\" >2. Jatos particulares leves<\/a><ul class='ez-toc-list-level-4' ><li class='ez-toc-heading-level-4'><a class=\"ez-toc-link ez-toc-heading-7\" href=\"https:\/\/comparemyjet.com\/pt_br\/delta-private-jets\/#Our_Recommendation_The_Hawker_400XP\" >Nossa recomenda\u00e7\u00e3o: O Hawker 400XP<\/a><\/li><\/ul><\/li><li class='ez-toc-page-1 ez-toc-heading-level-3'><a class=\"ez-toc-link ez-toc-heading-8\" href=\"https:\/\/comparemyjet.com\/pt_br\/delta-private-jets\/#3_Midsize_Private_Jets\" >3. Jatos particulares de m\u00e9dio porte<\/a><ul class='ez-toc-list-level-4' ><li class='ez-toc-heading-level-4'><a class=\"ez-toc-link ez-toc-heading-9\" href=\"https:\/\/comparemyjet.com\/pt_br\/delta-private-jets\/#Our_Recommendation_The_Citation_ExcelXLS\" >Nossa recomenda\u00e7\u00e3o: A Cita\u00e7\u00e3o Excel\/XLS<\/a><\/li><\/ul><\/li><li class='ez-toc-page-1 ez-toc-heading-level-3'><a class=\"ez-toc-link ez-toc-heading-10\" href=\"https:\/\/comparemyjet.com\/pt_br\/delta-private-jets\/#4_Super-Midsize_Private_Jets\" >4. Jatos Privados Super-M\u00e9dios&nbsp;<\/a><ul class='ez-toc-list-level-4' ><li class='ez-toc-heading-level-4'><a class=\"ez-toc-link ez-toc-heading-11\" href=\"https:\/\/comparemyjet.com\/pt_br\/delta-private-jets\/#Our_Recommendation_The_Citation_X\" >Nossa recomenda\u00e7\u00e3o: A Cita\u00e7\u00e3o X<\/a><\/li><\/ul><\/li><li class='ez-toc-page-1 ez-toc-heading-level-3'><a class=\"ez-toc-link ez-toc-heading-12\" href=\"https:\/\/comparemyjet.com\/pt_br\/delta-private-jets\/#5_Large_Private_Jets\" >5. Grandes Jatos Privados<\/a><ul class='ez-toc-list-level-4' ><li class='ez-toc-heading-level-4'><a class=\"ez-toc-link ez-toc-heading-13\" href=\"https:\/\/comparemyjet.com\/pt_br\/delta-private-jets\/#Our_Recommendation_The_Gulfstream_G450\" >Nossa recomenda\u00e7\u00e3o: O Gulfstream G450<\/a><\/li><\/ul><\/li><\/ul><\/li><li class='ez-toc-page-1 ez-toc-heading-level-2'><a class=\"ez-toc-link ez-toc-heading-14\" href=\"https:\/\/comparemyjet.com\/pt_br\/delta-private-jets\/#Conclusion\" >Conclus\u00e3o<\/a><\/li><\/ul><\/nav><\/div>\n<h2 class=\"wp-block-heading\"><span class=\"ez-toc-section\" id=\"Company_History\"><\/span>Hist\u00f3ria da empresa<span class=\"ez-toc-section-end\"><\/span><\/h2>\r\n\r\n\r\n\r\n<p>A Delta Private Jets foi fundada em 2001. As opera\u00e7\u00f5es da empresa cessaram em 31 de janeiro de 2020, ap\u00f3s sua fus\u00e3o com a Wheels Up.<\/p>\r\n\r\n\r\n\r\n<h2 class=\"wp-block-heading\"><span class=\"ez-toc-section\" id=\"Delta_Private_Jets_Wheels_Up\"><\/span>Delta Private Jets + Rodas para cima<span class=\"ez-toc-section-end\"><\/span><\/h2>\r\n\r\n\r\n\r\n<figure class=\"wp-block-image size-full is-style-default\"><img loading=\"lazy\" decoding=\"async\" width=\"1000\" height=\"667\" src=\"https:\/\/comparemyjet.com\/wp-content\/uploads\/Executives-from-Wheels-Up-congregate-outside-the-New-York-Stock-Exchange.jpg\" alt=\"Executivos de Wheels Up se re\u00fanem fora da Bolsa de Nova York \" class=\"wp-image-4401\" srcset=\"https:\/\/comparemyjet.com\/wp-content\/uploads\/Executives-from-Wheels-Up-congregate-outside-the-New-York-Stock-Exchange-18x12.jpg 18w, https:\/\/comparemyjet.com\/wp-content\/uploads\/Executives-from-Wheels-Up-congregate-outside-the-New-York-Stock-Exchange-300x200.jpg 300w, https:\/\/comparemyjet.com\/wp-content\/uploads\/Executives-from-Wheels-Up-congregate-outside-the-New-York-Stock-Exchange-768x512.jpg 768w, https:\/\/comparemyjet.com\/wp-content\/uploads\/Executives-from-Wheels-Up-congregate-outside-the-New-York-Stock-Exchange.jpg 1000w\" sizes=\"auto, (max-width: 1000px) 100vw, 1000px\" \/><\/figure>\r\n\r\n\r\n\r\n<p>Wheels Up e Delta completaram uma transa\u00e7\u00e3o pioneira, combinando Delta Private Jets e Wheels Up para oferecer aos clientes benef\u00edcios entre plataformas. As empresas fundidas oferecem benef\u00edcios entre plataformas para clientes atuais e futuros Wheels Up e Delta que s\u00e3o \u00fanicos no setor a\u00e9reo privado.<\/p>\r\n\r\n\r\n\r\n<p>Esta fus\u00e3o combina os programas de ades\u00e3o da Wheels Up, plataforma digital \u00fanica e experi\u00eancias internacionais com a reconhecida confiabilidade, seguran\u00e7a, qualidade e alcance da Delta Private Jets. Com cerca de 200 avi\u00f5es, do King Air 350i aos jatos pesados, a combina\u00e7\u00e3o forma uma das maiores frotas de aeronaves privadas de propriedade e operadas no mundo. Wheels Up est\u00e1 bem posicionada para atender \u00e0s necessidades de viagem de seus mais de 8.000 membros e clientes, gra\u00e7as a sua frota privada em expans\u00e3o e ao acesso \u00e0 rede mundial da Delta.<\/p>\r\n\r\n\r\n\r\n<p>Os membros do Wheels Up s\u00e3o capazes de alcan\u00e7ar o status Delta Medallion, coletar pontos de fidelidade SkyMiles\u00ae e utilizar suas contas do programa Wheels Up Fund para gastar em v\u00f4os de passageiros privados e Delta Wheels Up. Os clientes da Delta Private Jets tamb\u00e9m podem tirar proveito dos benef\u00edcios exclusivos de associa\u00e7\u00e3o ao Wheels Up, benef\u00edcios e acessibilidade \u00e0s aeronaves Wheels Up.<\/p>\r\n\r\n\r\n\r\n<p>Al\u00e9m disso, como parte deste acordo, Gil West, Diretor de Opera\u00e7\u00f5es da Delta, decidiu fazer parte do Conselho de Administra\u00e7\u00e3o da Wheels Up. As equipes Wheels Up e Delta Private Jets colaboram eficientemente para assegurar que todos os trabalhadores e clientes do DPJ tenham uma transi\u00e7\u00e3o suave. Os funcion\u00e1rios do DPJ continuar\u00e3o a trabalhar a partir de sua atual sede em Cincinnati, Ohio.<\/p>\r\n\r\n\r\n\r\n<h2 class=\"wp-block-heading\"><span class=\"ez-toc-section\" id=\"The_Fleet\"><\/span>A Frota<span class=\"ez-toc-section-end\"><\/span><\/h2>\r\n\r\n\r\n\r\n<figure class=\"wp-block-image size-full is-style-default\"><img loading=\"lazy\" decoding=\"async\" width=\"1000\" height=\"442\" src=\"https:\/\/comparemyjet.com\/wp-content\/uploads\/2022\/09\/little.plane_.in_.the_.hand_.of_.a.businessman.jpg\" alt=\"Empres\u00e1rio segurando um avi\u00e3o\" class=\"wp-image-3335\" srcset=\"https:\/\/comparemyjet.com\/wp-content\/uploads\/2022\/09\/little.plane_.in_.the_.hand_.of_.a.businessman-18x8.jpg 18w, https:\/\/comparemyjet.com\/wp-content\/uploads\/2022\/09\/little.plane_.in_.the_.hand_.of_.a.businessman-300x133.jpg 300w, https:\/\/comparemyjet.com\/wp-content\/uploads\/2022\/09\/little.plane_.in_.the_.hand_.of_.a.businessman-768x339.jpg 768w, https:\/\/comparemyjet.com\/wp-content\/uploads\/2022\/09\/little.plane_.in_.the_.hand_.of_.a.businessman.jpg 1000w\" sizes=\"auto, (max-width: 1000px) 100vw, 1000px\" \/><\/figure>\r\n\r\n\r\n\r\n<p>Como a Delta agora se fundiu com a Wheels Up, os usu\u00e1rios anteriores da Delta agora recebem ainda mais benef\u00edcios. Se voc\u00ea est\u00e1 procurando charter a\u00e9reo privado, Wheels Up oferece tanto suas pr\u00f3prias aeronaves quanto jatos privados de companhias de charter respeit\u00e1veis. H\u00e1 mais de 1.200 avi\u00f5es sob sua administra\u00e7\u00e3o e 350 aeronaves pr\u00f3prias e frota controlada de avi\u00f5es.<\/p>\r\n\r\n\r\n\r\n<p>Com algumas exclus\u00f5es baseadas no programa, a firma mant\u00e9m uma pol\u00edtica de disponibilidade garantida. Vamos dar uma olhada nas categorias de jatos.<\/p>\r\n\r\n\r\n\r\n<h3 class=\"wp-block-heading\"><span class=\"ez-toc-section\" id=\"1_Turboprop\"><\/span>1. Turboprop<span class=\"ez-toc-section-end\"><\/span><\/h3>\r\n\r\n\r\n\r\n<p>Turboprops s\u00e3o uma combina\u00e7\u00e3o de motores a jato e h\u00e9lices utilizadas por motores a pist\u00e3o em aeronaves menores. Embora os turbo\u00e9lices sejam mais altos, eles s\u00e3o mais seguros que os jatos para pousar em pistas curtas. Os turbopropulsores s\u00e3o menores e mais leves que os motores a jato, permitindo uma decolagem e pouso mais eficientes, particularmente em pistas mais curtas.&nbsp;<\/p>\r\n\r\n\r\n\r\n<h4 class=\"wp-block-heading\"><span class=\"ez-toc-section\" id=\"Our_recommendation_The_King_Air_350\"><\/span>Nossa recomenda\u00e7\u00e3o: O Rei Air 350<span class=\"ez-toc-section-end\"><\/span><\/h4>\r\n\r\n\r\n\r\n<p>O King Air tem visto um retorno nos \u00faltimos anos como o n\u00facleo da frota Wheels Up. Este turbo\u00e9lice recebeu um marketing inteligente e criativo e restaurou sua fama.<\/p>\r\n\r\n\r\n\r\n<p>Especifica\u00e7\u00f5es:<\/p>\r\n\r\n\r\n\r\n<ul class=\"wp-block-list\">\r\n<li>Passageiros: 11;<\/li>\r\n\r\n\r\n\r\n<li>Altura: 57 polegadas;<\/li>\r\n\r\n\r\n\r\n<li>Comprimento: 19 p\u00e9s e 6 polegadas;<\/li>\r\n\r\n\r\n\r\n<li>Largura: 54 polegadas;<\/li>\r\n\r\n\r\n\r\n<li>Alcance m\u00e1ximo: 1.806 milhas n\u00e1uticas;<\/li>\r\n\r\n\r\n\r\n<li>Velocidade m\u00e1xima de cruzeiro: 359 mph;<\/li>\r\n\r\n\r\n\r\n<li>Bagagem (interior): 55 cu ft;<\/li>\r\n\r\n\r\n\r\n<li>Bagagem (exterior): 16 cu ft.<\/li>\r\n<\/ul>\r\n\r\n\r\n\r\n<h3 class=\"wp-block-heading\"><span class=\"ez-toc-section\" id=\"2_Light_Private_Jets\"><\/span>2. Jatos particulares leves<span class=\"ez-toc-section-end\"><\/span><\/h3>\r\n\r\n\r\n\r\n<p>Se voc\u00ea viaja com oito ou menos pessoas e n\u00e3o tem muita bagagem, um jato particular leve \u00e9 uma boa op\u00e7\u00e3o. Voc\u00ea precisa de um transporte r\u00e1pido e f\u00e1cil at\u00e9 seu destino? Em viagens de menos de quatro horas, fretar um jato leve pode ser sua melhor op\u00e7\u00e3o. Estes jatos t\u00eam a capacidade de voar por quase 1500 quil\u00f4metros sem parar para abastecer. Os avi\u00f5es leves podem facilmente acomodar seis passageiros, com uma capacidade m\u00e1xima de 9.<\/p>\r\n\r\n\r\n\r\n<h4 class=\"wp-block-heading\"><span class=\"ez-toc-section\" id=\"Our_Recommendation_The_Hawker_400XP\"><\/span>Nossa recomenda\u00e7\u00e3o: O Hawker 400XP<span class=\"ez-toc-section-end\"><\/span><\/h4>\r\n\r\n\r\n\r\n<p>O Hawker 400 \u00e9 um jato leve bimotor. Ap\u00f3s ser constru\u00eddo e fabricado pela Mitsubishi, ele foi atualizado pela Beech Aircraft Company. \u00c9 um avi\u00e3o pequeno com oito assentos em uma cabine pressurizada pilotada por uma tripula\u00e7\u00e3o de duas pessoas.<\/p>\r\n\r\n\r\n\r\n<p>As especifica\u00e7\u00f5es do Hawker 400XP s\u00e3o:<\/p>\r\n\r\n\r\n\r\n<ul class=\"wp-block-list\">\r\n<li>Passageiros: 8;<\/li>\r\n\r\n\r\n\r\n<li>Altura da cabine: 4 p\u00e9s e 10 polegadas;<\/li>\r\n\r\n\r\n\r\n<li>Comprimento da cabine: 15 p\u00e9s e 7 polegadas;<\/li>\r\n\r\n\r\n\r\n<li>Largura da cabine: 4 p\u00e9s e 11 polegadas;<\/li>\r\n\r\n\r\n\r\n<li>Velocidade de cruzeiro: 450 n\u00f3s;&nbsp;<\/li>\r\n\r\n\r\n\r\n<li>Alcance de v\u00f4o: 1.180 milhas n\u00e1uticas.<\/li>\r\n<\/ul>\r\n\r\n\r\n\r\n<h3 class=\"wp-block-heading\"><span class=\"ez-toc-section\" id=\"3_Midsize_Private_Jets\"><\/span>3. Jatos particulares de m\u00e9dio porte<span class=\"ez-toc-section-end\"><\/span><\/h3>\r\n\r\n\r\n\r\n<p>Se voc\u00ea precisar de mais assentos, altura e espa\u00e7o do que um avi\u00e3o pequeno pode proporcionar, jatos particulares de m\u00e9dio porte s\u00e3o a maneira de voar. Eles s\u00e3o perfeitos para v\u00f4os de cerca de 4 a 5 horas e s\u00e3o um pouco mais r\u00e1pidos do que seus equivalentes leves.<\/p>\r\n\r\n\r\n\r\n<h4 class=\"wp-block-heading\"><span class=\"ez-toc-section\" id=\"Our_Recommendation_The_Citation_ExcelXLS\"><\/span>Nossa recomenda\u00e7\u00e3o: A Cita\u00e7\u00e3o Excel\/XLS<span class=\"ez-toc-section-end\"><\/span><\/h4>\r\n\r\n\r\n\r\n<p><a href=\"https:\/\/comparemyjet.com\/pt_br\/cessna\/\" data-internallinksmanager029f6b8e52c=\"145\" title=\"Guia final do Cessna Private Jets &amp; Aircraft\">Cessna Aircraft<\/a> A empresa produziu o Cessna Citation XLS como a primeira gera\u00e7\u00e3o do Citation Excel, que fez seu primeiro v\u00f4o em 2003. Faz parte da fam\u00edlia de jatos comerciais Citation, que inclui uma variedade de modelos.<\/p>\r\n\r\n\r\n\r\n<p>Especifica\u00e7\u00f5es:<\/p>\r\n\r\n\r\n\r\n<ul class=\"wp-block-list\">\r\n<li>Passageiros: 8;<\/li>\r\n\r\n\r\n\r\n<li>Alcance m\u00e1ximo: 1989 nm;<\/li>\r\n\r\n\r\n\r\n<li>Velocidade m\u00e1xima: 433 kts;<\/li>\r\n\r\n\r\n\r\n<li>Taxa de subida: 3500 fpm;<\/li>\r\n\r\n\r\n\r\n<li>Altura da cabine: 5 p\u00e9s 7 polegadas;<\/li>\r\n\r\n\r\n\r\n<li>Comprimento da cabine: 18 p\u00e9s 7 polegadas;<\/li>\r\n\r\n\r\n\r\n<li>Largura da cabine: 5 p\u00e9s e 5 polegadas.&nbsp;<\/li>\r\n<\/ul>\r\n\r\n\r\n\r\n<h3 class=\"wp-block-heading\"><span class=\"ez-toc-section\" id=\"4_Super-Midsize_Private_Jets\"><\/span>4. Jatos Privados Super-M\u00e9dios&nbsp;<span class=\"ez-toc-section-end\"><\/span><\/h3>\r\n\r\n\r\n\r\n<p>Os super jatos m\u00e9dios s\u00e3o menores e mais eficientes no consumo de combust\u00edvel do que os jatos pesados, com um alcance maior a um custo menor. Se voc\u00ea precisar de um avi\u00e3o particular com um longo alcance e boa capacidade de pista, voc\u00ea pode escolher um jato da categoria super-m\u00e9dio.<\/p>\r\n\r\n\r\n\r\n<h4 class=\"wp-block-heading\"><span class=\"ez-toc-section\" id=\"Our_Recommendation_The_Citation_X\"><\/span>Nossa recomenda\u00e7\u00e3o: A Cita\u00e7\u00e3o X<span class=\"ez-toc-section-end\"><\/span><\/h4>\r\n\r\n\r\n\r\n<p>O Cessna Citation X \u00e9 uma nova gera\u00e7\u00e3o de aeronaves executivas de m\u00e9dio porte com maior velocidade e um compartimento de bagagem selado. Esta aeronave \u00e9 o jato comercial mais r\u00e1pido atualmente em produ\u00e7\u00e3o, com uma s\u00e9rie de recordes de velocidade em seu nome.<\/p>\r\n\r\n\r\n\r\n<p>Especifica\u00e7\u00f5es:<\/p>\r\n\r\n\r\n\r\n<ul class=\"wp-block-list\">\r\n<li>Passageiros: 8;<\/li>\r\n\r\n\r\n\r\n<li>Velocidade m\u00e1xima: 525 n\u00f3s;<\/li>\r\n\r\n\r\n\r\n<li>Alcance m\u00e1ximo: 3125 nm;<\/li>\r\n\r\n\r\n\r\n<li>Altura da cabine: 5 p\u00e9s 7 polegadas;<\/li>\r\n\r\n\r\n\r\n<li>Comprimento da cabine: 23 p\u00e9s 9 pol.<\/li>\r\n\r\n\r\n\r\n<li>Largura da cabine: 5 p\u00e9s e 5 polegadas;<\/li>\r\n\r\n\r\n\r\n<li>Alcance de v\u00f4o: 3.111 milhas n\u00e1uticas.<\/li>\r\n<\/ul>\r\n\r\n\r\n\r\n<h3 class=\"wp-block-heading\"><span class=\"ez-toc-section\" id=\"5_Large_Private_Jets\"><\/span>5. Grandes Jatos Privados<span class=\"ez-toc-section-end\"><\/span><\/h3>\r\n\r\n\r\n\r\n<p>Tudo \u00e9 poss\u00edvel quando voc\u00ea tem acesso a estes avi\u00f5es privados gigantescos, extremamente adapt\u00e1veis e de \u00faltima gera\u00e7\u00e3o. Os jatos pesados podem acomodar cerca de 10 a 15 passageiros ou mais e oferecem espa\u00e7o adicional para as pernas e conforto.&nbsp;<\/p>\r\n\r\n\r\n\r\n<h4 class=\"wp-block-heading\"><span class=\"ez-toc-section\" id=\"Our_Recommendation_The_Gulfstream_G450\"><\/span>Nossa recomenda\u00e7\u00e3o: O Gulfstream G450<span class=\"ez-toc-section-end\"><\/span><\/h4>\r\n\r\n\r\n\r\n<p>O <a href=\"https:\/\/comparemyjet.com\/pt_br\/gulfstream\/\" data-internallinksmanager029f6b8e52c=\"175\" title=\"Guia final para jatos particulares e aeronaves Gulfstream\">Gulfstream<\/a> O G450 \u00e9 o jato de cabine grande mais fabuloso de sua classe.&nbsp;&nbsp;<\/p>\r\n\r\n\r\n\r\n<p>Especifica\u00e7\u00f5es:<\/p>\r\n\r\n\r\n\r\n<ul class=\"wp-block-list\">\r\n<li>Passageiros: 8-14;&nbsp;<\/li>\r\n\r\n\r\n\r\n<li>Alcance m\u00e1ximo: 4350 nm;<\/li>\r\n\r\n\r\n\r\n<li>Velocidade m\u00e1xima: 586 n\u00f3s;<\/li>\r\n\r\n\r\n\r\n<li>Altura da cabine: 6 p\u00e9s 2 polegadas;<\/li>\r\n\r\n\r\n\r\n<li>Comprimento da cabine: 40 p\u00e9s e 4 polegadas;<\/li>\r\n\r\n\r\n\r\n<li>Largura da cabine: 7 p\u00e9s 4 polegadas;<\/li>\r\n\r\n\r\n\r\n<li>Velocidade de cruzeiro: 533 n\u00f3s.<\/li>\r\n<\/ul>\r\n\r\n\r\n\r\n<h2 class=\"wp-block-heading\"><span class=\"ez-toc-section\" id=\"Conclusion\"><\/span>Conclus\u00e3o<span class=\"ez-toc-section-end\"><\/span><\/h2>\r\n\r\n\r\n\r\n<figure class=\"wp-block-image size-full is-style-default\"><img loading=\"lazy\" decoding=\"async\" width=\"1000\" height=\"391\" src=\"https:\/\/comparemyjet.com\/wp-content\/uploads\/A-Delta-Airlines-jet.jpg\" alt=\"Um jato da Delta Airlines\" class=\"wp-image-4402\" srcset=\"https:\/\/comparemyjet.com\/wp-content\/uploads\/A-Delta-Airlines-jet-18x7.jpg 18w, https:\/\/comparemyjet.com\/wp-content\/uploads\/A-Delta-Airlines-jet-300x117.jpg 300w, https:\/\/comparemyjet.com\/wp-content\/uploads\/A-Delta-Airlines-jet-768x300.jpg 768w, https:\/\/comparemyjet.com\/wp-content\/uploads\/A-Delta-Airlines-jet.jpg 1000w\" sizes=\"auto, (max-width: 1000px) 100vw, 1000px\" \/><\/figure>\r\n\r\n\r\n\r\n<p>Embora a Delta Private Jets estivesse funcionando bem e tivesse muitos clientes satisfeitos, com sua fus\u00e3o com Wheels Up, ela ficou ainda melhor. Confira nosso artigo sobre Wheels Up no seguinte <a href=\"https:\/\/comparemyjet.com\/pt_br\/wheels-up\/\">link<\/a> para ajud\u00e1-lo a avaliar e escolher sua empresa de jatos particulares.&nbsp;<\/p>","protected":false},"excerpt":{"rendered":"<p>A Delta Air Lines \u00e9 a companhia a\u00e9rea l\u00edder mundial em termos de bens, servi\u00e7os, inova\u00e7\u00e3o, confiabilidade e experi\u00eancia do cliente nos Estados Unidos. A empresa oferece uma experi\u00eancia de viagem de classe mundial e, ao mesmo tempo, obt\u00e9m retornos l\u00edderes do setor para os acionistas.  Os jatos particulares da Delta, o servi\u00e7o de fretamento da companhia a\u00e9rea, fez uma parceria com a principal marca de avia\u00e7\u00e3o particular Wheels Up para ...<\/p>","protected":false},"author":1,"featured_media":4400,"parent":0,"menu_order":0,"comment_status":"closed","ping_status":"closed","template":"","meta":{"_acf_changed":false,"_genesis_hide_title":false,"_genesis_hide_breadcrumbs":false,"_genesis_hide_singular_image":false,"_genesis_hide_footer_widgets":false,"_genesis_custom_body_class":"","_genesis_custom_post_class":"","_genesis_layout":"","footnotes":""},"class_list":{"1":"page","2":"type-page","6":"entry"},"acf":[],"_links":{"self":[{"href":"https:\/\/comparemyjet.com\/pt_br\/wp-json\/wp\/v2\/pages\/4399","targetHints":{"allow":["GET"]}}],"collection":[{"href":"https:\/\/comparemyjet.com\/pt_br\/wp-json\/wp\/v2\/pages"}],"about":[{"href":"https:\/\/comparemyjet.com\/pt_br\/wp-json\/wp\/v2\/types\/page"}],"author":[{"embeddable":true,"href":"https:\/\/comparemyjet.com\/pt_br\/wp-json\/wp\/v2\/users\/1"}],"replies":[{"embeddable":true,"href":"https:\/\/comparemyjet.com\/pt_br\/wp-json\/wp\/v2\/comments?post=4399"}],"version-history":[{"count":2,"href":"https:\/\/comparemyjet.com\/pt_br\/wp-json\/wp\/v2\/pages\/4399\/revisions"}],"predecessor-version":[{"id":4434,"href":"https:\/\/comparemyjet.com\/pt_br\/wp-json\/wp\/v2\/pages\/4399\/revisions\/4434"}],"wp:featuredmedia":[{"embeddable":true,"href":"https:\/\/comparemyjet.com\/pt_br\/wp-json\/wp\/v2\/media\/4400"}],"wp:attachment":[{"href":"https:\/\/comparemyjet.com\/pt_br\/wp-json\/wp\/v2\/media?parent=4399"}],"curies":[{"name":"wp","href":"https:\/\/api.w.org\/{rel}","templated":true}]}}