{"id":2682,"date":"2022-03-17T15:52:07","date_gmt":"2022-03-17T15:52:07","guid":{"rendered":"https:\/\/comparemyjet.com\/?page_id=2682"},"modified":"2025-09-04T09:58:11","modified_gmt":"2025-09-04T09:58:11","slug":"despre","status":"publish","type":"page","link":"https:\/\/comparemyjet.com\/ro\/despre\/","title":{"rendered":"Despre"},"content":{"rendered":"<p>Compare My Jet a fost \u00eenfiin\u021bat de antreprenorul \u00een serie Ian Wright ca o modalitate de a g\u0103si informa\u021bii corecte \u0219i impar\u021biale despre <a href=\"https:\/\/comparemyjet.com\/ro\/cum-inchiri-sau-inchiriezi-un-avion-privat\/\" data-internallinksmanager029f6b8e52c=\"15\" title=\"Cum \u00eenchiria\u021bi sau \u00eenchiria\u021bi un avion privat?\">charter cu jet privat<\/a> \u0219i op\u021biuni de \u00eenchiriere. <\/p>\n<p>Iubim lumea c\u0103l\u0103toriilor de lux de lux de \u00eenalt\u0103 clas\u0103. A\u0219a c\u0103 am vrut s\u0103 cre\u0103m cea mai bun\u0103 resurs\u0103 de pe internet pentru a v\u0103 prezenta op\u021biunile. <\/p>\n<p>Facem tot posibilul s\u0103 public\u0103m ghiduri detaliate \u0219i bine documentate pe o varietate de subiecte legate de avia\u021bia privat\u0103. Totul, de la <a href=\"https:\/\/comparemyjet.com\/ro\/cum-inchiri-sau-inchiriezi-un-avion-privat\/\">Cum \u00eenchiria\u021bi sau \u00eenchiria\u021bi un avion privat?<\/a> la <a href=\"https:\/\/comparemyjet.com\/ro\/cat-de-mult-costa-zborurile-medicale-ambulanta-aeriana-de-evacuare-medicala\/\">Costurile zborurilor medicale<\/a> la <a href=\"https:\/\/comparemyjet.com\/ro\/care-sunt-cele-mai-bune-site-uri-pentru-gasi-jeturi-private-de-vanzare\/\">Cele mai bune site-uri web pentru a g\u0103si jeturi private de v\u00e2nzare<\/a>.<\/p>\n<p>C\u0103l\u0103toriile cu jet privat nu sunt un lux ieftin. \u0218i de aceea trebuie s\u0103 facem \u0219i noi bani. \u00cen prezent, facem acest lucru prin intermediul ofertelor de afiliere. Practic, acestea func\u021bioneaz\u0103 prin plata unui comision dac\u0103 \u00eenchiria\u021bi un avion privat prin intermediul unuia dintre partenerii no\u0219tri. Nu exist\u0103 nici un cost pentru dvs., dar ajut\u0103 la men\u021binerea acestui site web gratuit. <\/p>\n<p>Dac\u0103 dori\u021bi s\u0103 acoperim altceva sau dac\u0103 crede\u021bi c\u0103 am f\u0103cut o gre\u0219eal\u0103, nu ezita\u021bi s\u0103 ne contacta\u021bi aici. <\/p>","protected":false},"excerpt":{"rendered":"<p>Compare My Jet a fost \u00eenfiin\u021bat de antreprenorul \u00een serie Ian Wright ca o modalitate de a g\u0103si informa\u021bii corecte \u0219i impar\u021biale despre op\u021biunile de \u00eenchiriere \u0219i \u00eenchiriere de avioane private. Iubim lumea c\u0103l\u0103toriilor de lux de \u00eenalt\u0103 clas\u0103. A\u0219a c\u0103 am vrut s\u0103 cre\u0103m cea mai bun\u0103 resurs\u0103 de pe internet pentru a v\u0103 prezenta op\u021biunile. Facem tot posibilul s\u0103 public\u0103m, bine documentat ...<\/p>","protected":false},"author":1,"featured_media":0,"parent":0,"menu_order":0,"comment_status":"closed","ping_status":"closed","template":"","meta":{"_acf_changed":false,"_genesis_hide_title":false,"_genesis_hide_breadcrumbs":false,"_genesis_hide_singular_image":false,"_genesis_hide_footer_widgets":false,"_genesis_custom_body_class":"","_genesis_custom_post_class":"","_genesis_layout":"","footnotes":""},"class_list":{"1":"page","2":"type-page","5":"entry"},"acf":[],"_links":{"self":[{"href":"https:\/\/comparemyjet.com\/ro\/wp-json\/wp\/v2\/pages\/2682","targetHints":{"allow":["GET"]}}],"collection":[{"href":"https:\/\/comparemyjet.com\/ro\/wp-json\/wp\/v2\/pages"}],"about":[{"href":"https:\/\/comparemyjet.com\/ro\/wp-json\/wp\/v2\/types\/page"}],"author":[{"embeddable":true,"href":"https:\/\/comparemyjet.com\/ro\/wp-json\/wp\/v2\/users\/1"}],"replies":[{"embeddable":true,"href":"https:\/\/comparemyjet.com\/ro\/wp-json\/wp\/v2\/comments?post=2682"}],"version-history":[{"count":3,"href":"https:\/\/comparemyjet.com\/ro\/wp-json\/wp\/v2\/pages\/2682\/revisions"}],"predecessor-version":[{"id":2685,"href":"https:\/\/comparemyjet.com\/ro\/wp-json\/wp\/v2\/pages\/2682\/revisions\/2685"}],"wp:attachment":[{"href":"https:\/\/comparemyjet.com\/ro\/wp-json\/wp\/v2\/media?parent=2682"}],"curies":[{"name":"wp","href":"https:\/\/api.w.org\/{rel}","templated":true}]}}