{"id":2829,"date":"2022-04-06T14:23:50","date_gmt":"2022-04-06T14:23:50","guid":{"rendered":"https:\/\/comparemyjet.com\/?page_id=2829"},"modified":"2025-09-04T10:00:53","modified_gmt":"2025-09-04T10:00:53","slug":"conditii-de-utilizare","status":"publish","type":"page","link":"https:\/\/comparemyjet.com\/ro\/conditii-de-utilizare\/","title":{"rendered":"Termeni de utilizare"},"content":{"rendered":"<p><strong>V\u0102 RUG\u0102M S\u0102 LE CITI\u021aI CU ATEN\u021aIE \u00ceNAINTE DE A UTILIZA ACEST SITE WEB.<\/strong><\/p>\n<p>Bine a\u021bi venit la CompareMyJet.com. Dac\u0103 continua\u021bi s\u0103 naviga\u021bi \u0219i s\u0103 utiliza\u021bi acest site web, sunte\u021bi de acord s\u0103 respecta\u021bi \u0219i s\u0103 v\u0103 supune\u021bi urm\u0103toarelor condi\u021bii de utilizare, care, \u00eempreun\u0103 cu <a href=\"https:\/\/CompareMyJet.com\/privacy-policy\/\" target=\"_blank\" rel=\"noopener\">politica de confiden\u021bialitate<\/a> reglementeaz\u0103 rela\u021bia dintre CompareMyJet.com \u0219i dumneavoastr\u0103 \u00een leg\u0103tur\u0103 cu acest site web. Dac\u0103 nu sunte\u021bi de acord cu orice parte a acestor termeni \u0219i condi\u021bii, v\u0103 rug\u0103m s\u0103 nu utiliza\u021bi site-ul nostru web.<\/p>\n<p>Ace\u0219ti Termeni de utilizare, \u00eempreun\u0103 cu celelalte documente men\u021bionate mai jos, stabilesc termenii \u0219i condi\u021biile \u00een care pute\u021bi utiliza https:\/\/CompareMyJet.com\/ (\"site-ul nostru\"). <\/p>\n<p>Alte documente importante <\/p>\n<p>Termenii de utilizare se refer\u0103 la <a href=\"https:\/\/CompareMyJet.com\/privacy-policy\/\" data-lasso-id=\"8845\" target=\"_blank\" rel=\"noopener\">Politica de confiden\u021bialitate<\/a> care stabilesc termenii \u00een care prelucr\u0103m orice date cu caracter personal pe care ni le furniza\u021bi sau pe care le colect\u0103m de la dumneavoastr\u0103. Prin utilizarea site-ului nostru, sunte\u021bi de acord cu aceast\u0103 prelucrare.<\/p>\n<p>Utilizarea acestui site web este supus\u0103 urm\u0103toarelor condi\u021bii de utilizare:<\/p>\n<ul>\n<li> Con\u021binutul paginilor acestui site web este destinat doar inform\u0103rii \u0219i utiliz\u0103rii dumneavoastr\u0103 generale. Acesta poate fi modificat f\u0103r\u0103 notificare prealabil\u0103.<\/li>\n<li> Acest site web utilizeaz\u0103 module cookie pentru a monitoriza preferin\u021bele de navigare. Dac\u0103 permite\u021bi utilizarea modulelor cookie, este posibil ca informa\u021biile personale s\u0103 fie stocate de noi pentru a fi utilizate de ter\u021be p\u0103r\u021bi.<\/li>\n<li> Nici noi, nici ter\u021be p\u0103r\u021bi nu oferim vreo garan\u021bie sau asigurare cu privire la acurate\u021bea, oportunitatea, performan\u021ba, caracterul complet sau adecvat al informa\u021biilor \u0219i materialelor g\u0103site sau oferite pe acest site web pentru un anumit scop. Recunoa\u0219te\u021bi c\u0103 aceste informa\u021bii \u0219i materiale pot con\u021bine inexactit\u0103\u021bi sau erori \u0219i excludem \u00een mod expres r\u0103spunderea pentru astfel de inexactit\u0103\u021bi sau erori \u00een cea mai mare m\u0103sur\u0103 permis\u0103 de lege.<\/li>\n<li> Utilizarea de c\u0103tre dvs. a oric\u0103ror informa\u021bii sau materiale de pe acest site web se face \u00een \u00eentregime pe propriul dvs. risc, pentru care noi nu vom fi r\u0103spunz\u0103tori. Este responsabilitatea dumneavoastr\u0103 s\u0103 v\u0103 asigura\u021bi c\u0103 orice produse, servicii sau informa\u021bii disponibile prin intermediul acestui site web \u00eendeplinesc cerin\u021bele dumneavoastr\u0103 specifice.<\/li>\n<li> Acest site web con\u021bine materiale care ne apar\u021bin sau ne sunt licen\u021biate. Acest material include, dar nu se limiteaz\u0103 la, designul, aspectul, \u00eenf\u0103\u021bi\u0219area, aspectul \u0219i grafica. Reproducerea este interzis\u0103, cu excep\u021bia cazului \u00een care este \u00een conformitate cu notificarea privind drepturile de autor, care face parte din ace\u0219ti termeni \u0219i condi\u021bii.<\/li>\n<li> Utilizarea neautorizat\u0103 a acestui site web poate da na\u0219tere la o cerere de desp\u0103gubiri \u0219i\/sau poate constitui o infrac\u021biune penal\u0103.<\/li>\n<li> Din c\u00e2nd \u00een c\u00e2nd, acest site web poate include, de asemenea, linkuri c\u0103tre alte site-uri web. Aceste linkuri sunt furnizate pentru confortul dumneavoastr\u0103, pentru a v\u0103 oferi informa\u021bii suplimentare. Ele nu \u00eenseamn\u0103 c\u0103 noi aprob\u0103m site-ul (site-urile) web respectiv(e). Nu avem nicio responsabilitate pentru con\u021binutul site-ului (site-urilor) legat(e).<\/li>\n<li> Utilizarea de c\u0103tre dvs. a acestui site web \u0219i orice litigiu care decurge din aceast\u0103 utilizare a site-ului web se supune legilor din Anglia, Irlanda de Nord, Sco\u021bia \u0219i \u021aara Galilor.<\/li>\n<\/ul>","protected":false},"excerpt":{"rendered":"<p>V\u0102 RUG\u0102M S\u0102 LE CITI\u021aI CU ATEN\u021aIE \u00ceNAINTE DE A UTILIZA ACEST SITE WEB. Bine a\u021bi venit la CompareMyJet.com. Dac\u0103 continua\u021bi s\u0103 naviga\u021bi \u0219i s\u0103 utiliza\u021bi acest site, sunte\u021bi de acord s\u0103 respecta\u021bi \u0219i s\u0103 v\u0103 supune\u021bi urm\u0103toarelor condi\u021bii de utilizare, care, \u00eempreun\u0103 cu politica noastr\u0103 de confiden\u021bialitate, reglementeaz\u0103 rela\u021bia dintre CompareMyJet.com \u0219i dumneavoastr\u0103 \u00een leg\u0103tur\u0103 cu acest site. \u00cen cazul \u00een care ...<\/p>","protected":false},"author":1,"featured_media":0,"parent":0,"menu_order":0,"comment_status":"closed","ping_status":"closed","template":"","meta":{"_acf_changed":false,"_genesis_hide_title":false,"_genesis_hide_breadcrumbs":false,"_genesis_hide_singular_image":false,"_genesis_hide_footer_widgets":false,"_genesis_custom_body_class":"","_genesis_custom_post_class":"","_genesis_layout":"","footnotes":""},"class_list":{"1":"page","2":"type-page","5":"entry"},"acf":[],"_links":{"self":[{"href":"https:\/\/comparemyjet.com\/ro\/wp-json\/wp\/v2\/pages\/2829","targetHints":{"allow":["GET"]}}],"collection":[{"href":"https:\/\/comparemyjet.com\/ro\/wp-json\/wp\/v2\/pages"}],"about":[{"href":"https:\/\/comparemyjet.com\/ro\/wp-json\/wp\/v2\/types\/page"}],"author":[{"embeddable":true,"href":"https:\/\/comparemyjet.com\/ro\/wp-json\/wp\/v2\/users\/1"}],"replies":[{"embeddable":true,"href":"https:\/\/comparemyjet.com\/ro\/wp-json\/wp\/v2\/comments?post=2829"}],"version-history":[{"count":2,"href":"https:\/\/comparemyjet.com\/ro\/wp-json\/wp\/v2\/pages\/2829\/revisions"}],"predecessor-version":[{"id":2831,"href":"https:\/\/comparemyjet.com\/ro\/wp-json\/wp\/v2\/pages\/2829\/revisions\/2831"}],"wp:attachment":[{"href":"https:\/\/comparemyjet.com\/ro\/wp-json\/wp\/v2\/media?parent=2829"}],"curies":[{"name":"wp","href":"https:\/\/api.w.org\/{rel}","templated":true}]}}