{"id":3061,"date":"2022-07-11T23:51:35","date_gmt":"2022-07-11T23:51:35","guid":{"rendered":"https:\/\/comparemyjet.com\/?page_id=3061"},"modified":"2025-09-04T09:58:14","modified_gmt":"2025-09-04T09:58:14","slug":"amalfi-jets","status":"publish","type":"page","link":"https:\/\/comparemyjet.com\/ro\/amalfi-jets\/","title":{"rendered":"Amalfi Jets Pre\u021buri de zbor"},"content":{"rendered":"<p>Nimic nu se compar\u0103 cu c\u0103l\u0103toriile prin lume \u00een timp ce zbura\u021bi cu un avion privat. Pentru a face experien\u021ba de a zbura cu un avion privat mai pl\u0103cut\u0103, Amalfi Jets trimite unul dintre reprezentan\u021bii s\u0103i la aeroport pentru a \u00eent\u00e2mpina fiecare client \u00eenainte de plecare \u0219i pentru a se asigura c\u0103 fiecare detaliu este luat \u00een considerare pentru un zbor c\u00e2t mai pl\u0103cut.&nbsp;<\/p>\r\n\r\n\r\n\r\n<p>Compania ofer\u0103 servicii precum programe de charter la cerere \u0219i programe de abonament cu carduri de avion. De asemenea, ace\u0219tia promit o disponibilitate asigurat\u0103 cu doar 18 ore de preaviz \u0219i pute\u021bi beneficia de upgrade-uri gratuite de avion \u0219i de multe alte beneficii. S\u0103 explor\u0103m mai \u00een detaliu avantajele zborului cu avioanele Amalfi.<\/p>\r\n\r\n\r\n\r\n<div id=\"ez-toc-container\" class=\"ez-toc-v2_0_76 counter-hierarchy ez-toc-counter ez-toc-grey ez-toc-container-direction\">\n<p class=\"ez-toc-title\" style=\"cursor:inherit\">Subiecte<\/p>\n<label for=\"ez-toc-cssicon-toggle-item-69f6affdf0038\" class=\"ez-toc-cssicon-toggle-label\"><span class=\"\"><span class=\"eztoc-hide\" style=\"display:none;\">Toggle<\/span><span class=\"ez-toc-icon-toggle-span\"><svg style=\"fill: #999;color:#999\" xmlns=\"http:\/\/www.w3.org\/2000\/svg\" class=\"list-377408\" width=\"20px\" height=\"20px\" viewbox=\"0 0 24 24\" fill=\"none\"><path d=\"M6 6H4v2h2V6zm14 0H8v2h12V6zM4 11h2v2H4v-2zm16 0H8v2h12v-2zM4 16h2v2H4v-2zm16 0H8v2h12v-2z\" fill=\"currentColor\"><\/path><\/svg><svg style=\"fill: #999;color:#999\" class=\"arrow-unsorted-368013\" xmlns=\"http:\/\/www.w3.org\/2000\/svg\" width=\"10px\" height=\"10px\" viewbox=\"0 0 24 24\" version=\"1.2\" baseprofile=\"tiny\"><path d=\"M18.2 9.3l-6.2-6.3-6.2 6.3c-.2.2-.3.4-.3.7s.1.5.3.7c.2.2.4.3.7.3h11c.3 0 .5-.1.7-.3.2-.2.3-.5.3-.7s-.1-.5-.3-.7zM5.8 14.7l6.2 6.3 6.2-6.3c.2-.2.3-.5.3-.7s-.1-.5-.3-.7c-.2-.2-.4-.3-.7-.3h-11c-.3 0-.5.1-.7.3-.2.2-.3.5-.3.7s.1.5.3.7z\"\/><\/svg><\/span><\/span><\/label><input type=\"checkbox\"  id=\"ez-toc-cssicon-toggle-item-69f6affdf0038\" checked aria-label=\"Toggle\" \/><nav><ul class='ez-toc-list ez-toc-list-level-1' ><li class='ez-toc-page-1 ez-toc-heading-level-2'><a class=\"ez-toc-link ez-toc-heading-1\" href=\"https:\/\/comparemyjet.com\/ro\/amalfi-jets\/#Company_History\" >Istoria companiei<\/a><ul class='ez-toc-list-level-3' ><li class='ez-toc-heading-level-3'><a class=\"ez-toc-link ez-toc-heading-2\" href=\"https:\/\/comparemyjet.com\/ro\/amalfi-jets\/#Why_Choose_Amalfi_Jets\" >De ce s\u0103 alege\u021bi Amalfi Jets?<\/a><\/li><\/ul><\/li><li class='ez-toc-page-1 ez-toc-heading-level-2'><a class=\"ez-toc-link ez-toc-heading-3\" href=\"https:\/\/comparemyjet.com\/ro\/amalfi-jets\/#Ways_to_Fly\" >Moduri de a zbura<\/a><\/li><li class='ez-toc-page-1 ez-toc-heading-level-2'><a class=\"ez-toc-link ez-toc-heading-4\" href=\"https:\/\/comparemyjet.com\/ro\/amalfi-jets\/#The_Company_Card_Program\" >Programul Cardul de companie<\/a><\/li><li class='ez-toc-page-1 ez-toc-heading-level-2'><a class=\"ez-toc-link ez-toc-heading-5\" href=\"https:\/\/comparemyjet.com\/ro\/amalfi-jets\/#Pricing\" >Stabilirea pre\u021burilor<\/a><\/li><li class='ez-toc-page-1 ez-toc-heading-level-2'><a class=\"ez-toc-link ez-toc-heading-6\" href=\"https:\/\/comparemyjet.com\/ro\/amalfi-jets\/#The_Fleet\" >Flota&nbsp;<\/a><ul class='ez-toc-list-level-3' ><li class='ez-toc-heading-level-3'><a class=\"ez-toc-link ez-toc-heading-7\" href=\"https:\/\/comparemyjet.com\/ro\/amalfi-jets\/#1_Light_Private_Jets\" >1. Avioane private u\u0219oare<\/a><\/li><li class='ez-toc-page-1 ez-toc-heading-level-3'><a class=\"ez-toc-link ez-toc-heading-8\" href=\"https:\/\/comparemyjet.com\/ro\/amalfi-jets\/#2_Midsize_and_Super-Midsize_Private_Jets\" >2. Avioane private de dimensiuni medii \u0219i supermediane&nbsp;<\/a><\/li><li class='ez-toc-page-1 ez-toc-heading-level-3'><a class=\"ez-toc-link ez-toc-heading-9\" href=\"https:\/\/comparemyjet.com\/ro\/amalfi-jets\/#3_Large_Private_Jets\" >3. Avioane private mari<\/a><\/li><li class='ez-toc-page-1 ez-toc-heading-level-3'><a class=\"ez-toc-link ez-toc-heading-10\" href=\"https:\/\/comparemyjet.com\/ro\/amalfi-jets\/#4_Ultra-Long-Range_Private_Jets\" >4. Avioane private cu raz\u0103 foarte lung\u0103 de ac\u021biune<\/a><\/li><\/ul><\/li><li class='ez-toc-page-1 ez-toc-heading-level-2'><a class=\"ez-toc-link ez-toc-heading-11\" href=\"https:\/\/comparemyjet.com\/ro\/amalfi-jets\/#Company_Safety_Policy_and_Standards\" >Politica \u0219i standardele de siguran\u021b\u0103 ale companiei<\/a><\/li><li class='ez-toc-page-1 ez-toc-heading-level-2'><a class=\"ez-toc-link ez-toc-heading-12\" href=\"https:\/\/comparemyjet.com\/ro\/amalfi-jets\/#Partnerships\" >Parteneriate<\/a><\/li><li class='ez-toc-page-1 ez-toc-heading-level-2'><a class=\"ez-toc-link ez-toc-heading-13\" href=\"https:\/\/comparemyjet.com\/ro\/amalfi-jets\/#Conclusion\" >Concluzie<\/a><\/li><\/ul><\/nav><\/div>\n<h2 class=\"wp-block-heading\"><span class=\"ez-toc-section\" id=\"Company_History\"><\/span>Istoria companiei<span class=\"ez-toc-section-end\"><\/span><\/h2>\r\n\r\n\r\n\r\n<p>Amalfi Jets este un <a href=\"https:\/\/comparemyjet.com\/ro\/cum-inchiri-sau-inchiriezi-un-avion-privat\/\" data-internallinksmanager029f6b8e52c=\"15\" title=\"Cum \u00eenchiria\u021bi sau \u00eenchiria\u021bi un avion privat?\">charter cu jet privat<\/a> agen\u021bie fondat\u0103 de Kolin Jones \u00een 2020. Cu sediul \u00een <a href=\"https:\/\/comparemyjet.com\/ro\/tururi-private\/los-angeles-private-tours\/\" data-internallinksmanager029f6b8e52c=\"421\" title=\"11 cele mai bune tururi private \u00een Los Angeles de la $55.00\">Los Angeles<\/a>, Amalfi ofer\u0103 c\u0103l\u0103torilor at\u00e2t leasing la cerere, c\u00e2t \u0219i o op\u021biune de membru pentru cei care zboar\u0103 frecvent. Persoanele fizice, corpora\u021biile \u0219i familiile au beneficiat de serviciile de zbor specializate ale companiei, cum ar fi cateringul personalizat \u0219i un serviciu complementar de ma\u0219in\u0103 neagr\u0103.&nbsp;<\/p>\r\n\r\n\r\n\r\n<p>Amalfi Jets, LLC este una dintre \u00eentreprinderile cu cea mai rapid\u0103 cre\u0219tere din sectorul avia\u021biei sub conducerea lui Kolin. De la promptitudinea pilo\u021bilor \u0219i a personalului lor p\u00e2n\u0103 la asigurarea siguran\u021bei clien\u021bilor, Amalfi Jets ia toate m\u0103surile de precau\u021bie pentru a se asigura c\u0103 c\u0103l\u0103toria dvs. se desf\u0103\u0219oar\u0103 f\u0103r\u0103 probleme, astfel \u00eenc\u00e2t nu ve\u021bi avea de ce s\u0103 v\u0103 face\u021bi griji \u00een afar\u0103 de a v\u0103 sim\u021bi bine la bordul unei aeronave private.<\/p>\r\n\r\n\r\n\r\n<p>Amalfi Jets are o re\u021bea extins\u0103 de aproximativ 2.000 de aeronave situate \u00een \u00eentreaga lume. Toate zborurile sunt efectuate de c\u0103tre <a href=\"https:\/\/www.faa.gov\/\" target=\"_blank\" rel=\"noopener\">FAA<\/a>-operatori de aeronave certifica\u021bi \u00een conformitate cu partea 135 sau echivalen\u021bi ai acestora din alte \u021b\u0103ri.&nbsp;<\/p>\r\n\r\n\r\n\r\n<h3 class=\"wp-block-heading\"><span class=\"ez-toc-section\" id=\"Why_Choose_Amalfi_Jets\"><\/span>De ce s\u0103 alege\u021bi Amalfi Jets?<span class=\"ez-toc-section-end\"><\/span><\/h3>\r\n\r\n\r\n\r\n<p>Amalfi Jets se str\u0103duie\u0219te s\u0103 ofere cea mai bun\u0103 calitate a serviciilor pentru clien\u021bi. Un lucru care \u00eei diferen\u021biaz\u0103 de alte companii private de charter este echipa lor global\u0103 de reprezentan\u021bi Amalfi, care zboar\u0103 pentru a \u00eent\u00e2mpina pasagerii la fiecare punct de plecare.&nbsp;<\/p>\r\n\r\n\r\n\r\n<p>De asemenea, compania asigur\u0103 preluarea gratuit\u0103 de la domiciliu sau de la punctul de plecare al c\u0103l\u0103toriei, oferind servicii de ma\u0219in\u0103 neagr\u0103 \u00een SUV-uri pentru to\u021bi c\u0103l\u0103torii. Ve\u021bi primi servicii de taxi de la punctul de plecare p\u00e2n\u0103 la aeroportul de sosire \u00een orice c\u0103l\u0103torie pe care o ve\u021bi planifica \u0219i executa cu Amalfi Jets. Ace\u0219tia v\u0103 vor \u00eenso\u021bi pe toat\u0103 durata c\u0103l\u0103toriei dumneavoastr\u0103.<\/p>\r\n\r\n\r\n\r\n<p>\u00cen ceea ce prive\u0219te cateringul la bord, Amalfi Jets este \u00eenc\u00e2ntat\u0103 s\u0103 colaboreze cu unii dintre cei mai renumi\u021bi buc\u0103tari din lume. \u00cenainte de fiecare c\u0103l\u0103torie, personalul de la serviciile pentru clien\u021bi aranjeaz\u0103 meniuri din care pute\u021bi alege, \u00een func\u021bie de preferin\u021bele \u0219i dieta dumneavoastr\u0103.<\/p>\r\n\r\n\r\n\r\n<p>\u00cen plus, consultan\u021bii lor \u00een domeniul avia\u021biei v\u0103 vor ajuta s\u0103 alege\u021bi avionul potrivit \u0219i cel mai accesibil pentru c\u0103l\u0103toria dvs. specific\u0103 din peste 2.000 de aeronave. Fiecare c\u0103l\u0103torie este supravegheat\u0103 de speciali\u0219ti \u00een avia\u021bie pentru a asigura servicii de calitate \u0219i satisfac\u021bia clien\u021bilor.<\/p>\r\n\r\n\r\n\r\n<h2 class=\"wp-block-heading\"><span class=\"ez-toc-section\" id=\"Ways_to_Fly\"><\/span>Moduri de a zbura<span class=\"ez-toc-section-end\"><\/span><\/h2>\r\n\r\n\r\n\r\n<p>Exist\u0103 dou\u0103 modalit\u0103\u021bi de a zbura cu Amalfi Jets:<\/p>\r\n\r\n\r\n\r\n<ol class=\"wp-block-list\"><li>Solicit\u0103 alternative de aeronave disponibile pentru fiecare c\u0103l\u0103torie \u00een parte prin intermediul <a href=\"https:\/\/amalfijets.com\/on-demand-charter\/\" target=\"_blank\" rel=\"noopener\">la cerere<\/a> aspectul charter.&nbsp;<\/li><li>Deveni\u021bi un <a href=\"https:\/\/amalfijets.com\/the-amalfi-one-jet-card-program\/\" target=\"_blank\" rel=\"noopener\">Cardul One Jet<\/a> membru dac\u0103 sunte\u021bi un c\u0103l\u0103tor frecvent care dore\u0219te s\u0103 de\u021bin\u0103 un avion f\u0103r\u0103 a pl\u0103ti taxele aferente.<\/li><\/ol>\r\n\r\n\r\n\r\n<p>S\u0103 analiz\u0103m programul de membru \u00een detaliu.<\/p>\r\n\r\n\r\n\r\n<h2 class=\"wp-block-heading\"><span class=\"ez-toc-section\" id=\"The_Company_Card_Program\"><\/span>Programul Cardul de companie<span class=\"ez-toc-section-end\"><\/span><\/h2>\r\n\r\n\r\n\r\n<p>Obiectivul programului Amalfi One Jet Card este de a v\u0103 oferi o re\u021bea de servicii prin care v\u0103 pute\u021bi bucura de tot ce are mai bun de oferit industria - o c\u0103l\u0103torie \u00een \u00eentreaga lume.<\/p>\r\n\r\n\r\n\r\n<p>Cardul Amalfi One Jet este singurul card pentru avioane cu reac\u021bie din domeniu care poate fi utilizat \u00een peste 30 de \u021b\u0103ri diferite. \u00cen calitate de de\u021bin\u0103tor al cardului, pute\u021bi zbura \u0219i pl\u0103ti pe or\u0103 at\u00e2t timp c\u00e2t c\u0103l\u0103tori\u021bi \u00een interiorul sau \u00eentre \u021b\u0103rile din zona de servicii principale ale companiei. Indiferent unde v\u0103 duce c\u0103l\u0103toria, pute\u021bi fi sigur c\u0103 o flot\u0103 de avioane v\u0103 va a\u0219tepta pentru a v\u0103 transporta la destina\u021bie.<\/p>\r\n\r\n\r\n\r\n<p>Un alt beneficiu al de\u021bin\u0103torului de card este c\u0103 pute\u021bi \u00eenchiria un avion doar cu un preaviz de 18 ore \u00een SUA sau de 72 de ore pentru restul loca\u021biilor din zona de servicii principale ale Amalfis.<\/p>\r\n\r\n\r\n\r\n<p>Nu \u00een ultimul r\u00e2nd, \u00een calitate de de\u021bin\u0103tor de card, ve\u021bi beneficia de un serviciu gratuit de black car, de catering personalizat la fiecare zbor, precum \u0219i de b\u0103uturile \u0219i alcoolul preferat. Un reprezentant Amalfi Jets v\u0103 va \u00eent\u00e2mpina la fiecare aeroport de plecare pentru a se asigura c\u0103 primi\u021bi cel mai bun nivel de servicii.<\/p>\r\n\r\n\r\n\r\n<h2 class=\"wp-block-heading\"><span class=\"ez-toc-section\" id=\"Pricing\"><\/span>Stabilirea pre\u021burilor<span class=\"ez-toc-section-end\"><\/span><\/h2>\r\n\r\n\r\n\r\n<p>Pentru Programul One este necesar un depozit ini\u021bial minim de $50.000 USD, iar \u00eentreaga sum\u0103 de $50.000 USD va fi depus\u0103 imediat \u00een contul dumneavoastr\u0103 de zbor pentru c\u0103l\u0103torii, f\u0103r\u0103 taxe de membru, taxe anuale, cotiza\u021bii sau costuri de ini\u021biere.<\/p>\r\n\r\n\r\n\r\n<p>\u00cen calitate de membru al programului One Jet Card, pl\u0103ti\u021bi urm\u0103toarele tarife orare:<\/p>\r\n\r\n\r\n\r\n<ul class=\"wp-block-list\"><li>$5,800 pentru jeturi u\u0219oare;&nbsp;<\/li><li>$7,800 pentru avioanele de dimensiuni medii;&nbsp;<\/li><li>$9.800 pentru avioanele de dimensiuni super-mici;&nbsp;<\/li><li>$10,800 pentru avioane cu cabin\u0103 mare;&nbsp;<\/li><li>$13.500 pentru avioanele cu raz\u0103 de ac\u021biune foarte lung\u0103.<\/li><\/ul>\r\n\r\n\r\n\r\n<h2 class=\"wp-block-heading\"><span class=\"ez-toc-section\" id=\"The_Fleet\"><\/span>Flota&nbsp;<span class=\"ez-toc-section-end\"><\/span><\/h2>\r\n\r\n\r\n\r\n<figure class=\"wp-block-image size-full is-style-default\"><img loading=\"lazy\" decoding=\"async\" width=\"1000\" height=\"667\" src=\"https:\/\/comparemyjet.com\/wp-content\/uploads\/2022\/07\/amalfi.jets_.white_.private.jet_.on_.the_.runway.jpg\" alt=\"amalfi.jets.avion.privat.alb.pe.pist\u0103.de.aterizare\" class=\"wp-image-3067\" srcset=\"https:\/\/comparemyjet.com\/wp-content\/uploads\/2022\/07\/amalfi.jets_.white_.private.jet_.on_.the_.runway-18x12.jpg 18w, https:\/\/comparemyjet.com\/wp-content\/uploads\/2022\/07\/amalfi.jets_.white_.private.jet_.on_.the_.runway-300x200.jpg 300w, https:\/\/comparemyjet.com\/wp-content\/uploads\/2022\/07\/amalfi.jets_.white_.private.jet_.on_.the_.runway-768x512.jpg 768w, https:\/\/comparemyjet.com\/wp-content\/uploads\/2022\/07\/amalfi.jets_.white_.private.jet_.on_.the_.runway.jpg 1000w\" sizes=\"auto, (max-width: 1000px) 100vw, 1000px\" \/><\/figure>\r\n\r\n\r\n\r\n<p>Arunca\u021bi o privire la urm\u0103toarele categorii de avioane \u0219i folosi\u021bi explica\u021biile noastre pentru a alege aeronava ideal\u0103 pentru viitoarea dumneavoastr\u0103 c\u0103l\u0103torie.<\/p>\r\n\r\n\r\n\r\n<h3 class=\"wp-block-heading\"><span class=\"ez-toc-section\" id=\"1_Light_Private_Jets\"><\/span>1. Avioane private u\u0219oare<span class=\"ez-toc-section-end\"><\/span><\/h3>\r\n\r\n\r\n\r\n<p>\u00cen cazul \u00een care c\u0103l\u0103toria dumneavoastr\u0103 dureaz\u0103 p\u00e2n\u0103 la trei ore, cu un grup mic de 4-6 pasageri, avioanele cu reac\u021bie din categoria avioanelor u\u0219oare sunt o alegere convenabil\u0103.&nbsp;<\/p>\r\n\r\n\r\n\r\n<p>Avioanele cu reac\u021bie u\u0219oare sunt o alegere obi\u0219nuit\u0103 datorit\u0103 costurilor de operare reduse \u0219i eficien\u021bei ridicate. Unele avioane u\u0219oare pot fi relativ mici, \u00een timp ce altele mai mari dec\u00e2t v-a\u021bi a\u0219tepta, a\u0219a c\u0103 totul depinde de modelul de aeronav\u0103. Este posibil s\u0103 nu existe mese sau toalete \u0219i, de obicei, nu exist\u0103 loc pentru a sta \u00een picioare, motiv pentru care \u00eenso\u021bitorii de bord nu \u00eenso\u021besc de obicei pasagerii \u00een aceste avioane. Cu toate acestea, ele ofer\u0103 zboruri mai lini\u0219tite dec\u00e2t turbopropulsoarele, la un cost redus, \u0219i sunt perfecte pentru pistele mai mici.&nbsp;<\/p>\r\n\r\n\r\n\r\n<h3 class=\"wp-block-heading\"><span class=\"ez-toc-section\" id=\"2_Midsize_and_Super-Midsize_Private_Jets\"><\/span>2. Avioane private de dimensiuni medii \u0219i supermediane&nbsp;<span class=\"ez-toc-section-end\"><\/span><\/h3>\r\n\r\n\r\n\r\n<p>Categoria de dimensiuni medii, care poate g\u0103zdui p\u00e2n\u0103 la 9 pasageri, este popular\u0103 pentru c\u0103l\u0103torii de p\u00e2n\u0103 la 4 ore \u0219i pentru pasagerii care doresc o capacitate suplimentar\u0103 pentru bagaje, o cabin\u0103 spa\u021bioas\u0103 \u0219i o cazare sofisticat\u0103. Spre deosebire de avioanele cu reac\u021bie u\u0219oare, aeronavele din categoria mijlocie dispun de compartimente de r\u0103coritoare mai mari, care permit aducerea la bord a unor alimente \u0219i gust\u0103ri suplimentare, precum \u0219i a unor b\u0103uturi. Categoria aeronavelor de dimensiuni super medii este o alt\u0103 categorie favorit\u0103 \u00een r\u00e2ndul clien\u021bilor. Aceste avioane private dispun de cabine de tip \"stand-up\", locuri pentru p\u00e2n\u0103 la 9 pasageri \u0219i posibilitatea de a c\u0103l\u0103tori pe mai multe continente.<\/p>\r\n\r\n\r\n\r\n<h3 class=\"wp-block-heading\"><span class=\"ez-toc-section\" id=\"3_Large_Private_Jets\"><\/span>3. Avioane private mari<span class=\"ez-toc-section-end\"><\/span><\/h3>\r\n\r\n\r\n\r\n<p>Clasa de avioane private mari este cea mai potrivit\u0103 pentru zboruri intercontinentale sau petreceri mari, datorit\u0103 cabinelor spa\u021bioase - indiferent de distan\u021ba c\u0103l\u0103toriei. Aceast\u0103 clas\u0103 de avioane private ofer\u0103, de asemenea, performan\u021be excelente la pista de aterizare, rata de ascensiune \u0219i viteza de urcare, o capacitate mai mare pentru pasageri \u0219i bagaje \u0219i o autonomie mai mare.&nbsp;<\/p>\r\n\r\n\r\n\r\n<p>Avioanele grele pot transporta \u00een jur de cincisprezece pasageri, cu spa\u021biu de dormit pentru \u0219ase persoane. Pe aproape toate avioanele grele sunt disponibile paturi de dormit, zone de depozitare a alimentelor, b\u0103i \u0219i sisteme moderne de divertisment, iar \u00een timpul zborului exist\u0103 cel pu\u021bin un \u00eenso\u021bitor de bord.&nbsp;<\/p>\r\n\r\n\r\n\r\n<p>La o vitez\u0103 de aproximativ 500 de mile pe or\u0103, avioanele grele au o raz\u0103 de ac\u021biune de aproximativ 6.000 de mile. Ele sunt mai mici dec\u00e2t avioanele comerciale \u0219i ofer\u0103 o gam\u0103 mai larg\u0103 de op\u021biuni de aterizare.&nbsp;<\/p>\r\n\r\n\r\n\r\n<h3 class=\"wp-block-heading\"><span class=\"ez-toc-section\" id=\"4_Ultra-Long-Range_Private_Jets\"><\/span>4. Avioane private cu raz\u0103 foarte lung\u0103 de ac\u021biune<span class=\"ez-toc-section-end\"><\/span><\/h3>\r\n\r\n\r\n\r\n<p>Dac\u0103 ave\u021bi nevoie s\u0103 ajunge\u021bi \u00een cealalt\u0103 parte a lumii \u00eentr-un timp foarte scurt, avioanele cu raz\u0103 de ac\u021biune foarte lung\u0103 de zbor sunt cele care v\u0103 sunt destinate. Aceast\u0103 categorie include avioanele capabile s\u0103 zboare \u00eentre 8.500 \u0219i 12.900 de kilometri f\u0103r\u0103 a se opri pentru combustibil. Aceste avioane private sunt spa\u021bioase \u0219i pl\u0103cute, cu trei zone desemnate pentru a lucra, a sta \u0219i a se odihni. \u00cen\u0103l\u021bimea cabinei variaz\u0103 \u00eentre 1,85 \u0219i 1,95 metri.&nbsp;<\/p>\r\n\r\n\r\n\r\n<h2 class=\"wp-block-heading\"><span class=\"ez-toc-section\" id=\"Company_Safety_Policy_and_Standards\"><\/span>Politica \u0219i standardele de siguran\u021b\u0103 ale companiei<span class=\"ez-toc-section-end\"><\/span><\/h2>\r\n\r\n\r\n\r\n<p>Toate zborurile sunt efectuate de transportatori aerieni FAA Part 135, care sunt certifica\u021bi pentru siguran\u021b\u0103. Toate aeronavele sunt dotate cu echipamente de ultim\u0103 genera\u021bie \u0219i pilo\u021bi cu o experien\u021b\u0103 vast\u0103. Doi pilo\u021bi controleaz\u0103 fiecare zbor Jet Card \u0219i sunt folosite numai aeronave \u0219i echipaje care au fost supuse unui audit cuprinz\u0103tor de siguran\u021b\u0103 al unei ter\u021be p\u0103r\u021bi de la ARG\/US, Wyvern sau IS-BAO.<\/p>\r\n\r\n\r\n\r\n<h2 class=\"wp-block-heading\"><span class=\"ez-toc-section\" id=\"Partnerships\"><\/span>Parteneriate<span class=\"ez-toc-section-end\"><\/span><\/h2>\r\n\r\n\r\n\r\n<figure class=\"wp-block-image size-full is-style-default\"><img loading=\"lazy\" decoding=\"async\" width=\"1000\" height=\"667\" src=\"https:\/\/comparemyjet.com\/wp-content\/uploads\/2022\/07\/white.plane_.flying.over_.buildings.jpg\" alt=\"\" class=\"wp-image-3064\" srcset=\"https:\/\/comparemyjet.com\/wp-content\/uploads\/2022\/07\/white.plane_.flying.over_.buildings-18x12.jpg 18w, https:\/\/comparemyjet.com\/wp-content\/uploads\/2022\/07\/white.plane_.flying.over_.buildings-300x200.jpg 300w, https:\/\/comparemyjet.com\/wp-content\/uploads\/2022\/07\/white.plane_.flying.over_.buildings-768x512.jpg 768w, https:\/\/comparemyjet.com\/wp-content\/uploads\/2022\/07\/white.plane_.flying.over_.buildings.jpg 1000w\" sizes=\"auto, (max-width: 1000px) 100vw, 1000px\" \/><\/figure>\r\n\r\n\r\n\r\n<p>\u00cen afar\u0103 de serviciile charter \u0219i de abonamentul Jet Card, Amalfi Jet are o re\u021bea global\u0103 de parteneri pe cinci continente. De\u021bin\u0103torii de carduri ale companiei au acces la loca\u021bii \u0219i beneficii unice, datorit\u0103 partenerilor lor, cum ar fi privilegii \u00een unele dintre cele mai bune <a href=\"https:\/\/comparemyjet.com\/ro\/hotels\/\" data-internallinksmanager029f6b8e52c=\"470\" title=\"100 cele mai bune hoteluri din apropierea aeroporturilor din \u00eentreaga lume\">hoteluri<\/a>, cluburi de gastronomie \u0219i alte locuri de cultur\u0103 \u0219i divertisment.&nbsp;<\/p>\r\n\r\n\r\n\r\n<p>Cardul Amalfi One Jet este acceptat \u00een 32 de \u021b\u0103ri, astfel \u00eenc\u00e2t pute\u021bi c\u0103l\u0103tori \u00een majoritatea p\u0103r\u021bilor lumii.&nbsp;<\/p>\r\n\r\n\r\n\r\n<p>Amalfi Jets este onorat\u0103 s\u0103 lucreze cu unele dintre cele mai prestigioase companii din lume, precum The Ritz - Carlton Residences, The Langham - <a href=\"https:\/\/comparemyjet.com\/ro\/tururi-private\/sydney-private-tours\/\" data-internallinksmanager029f6b8e52c=\"208\" title=\"11 cele mai bune tururi private la Sydney de la $31.99\">Sydney<\/a>, Palace Hotel - <a href=\"https:\/\/comparemyjet.com\/ro\/private-jet-charters-to-to-tokyo\/\" data-internallinksmanager029f6b8e52c=\"121\" title=\"Private Jet Charterele de la Tokyo\">Tokyo<\/a>, Castello di Amorosa - <a href=\"https:\/\/comparemyjet.com\/ro\/tururi-private\/napa-private-tours\/\" data-internallinksmanager029f6b8e52c=\"424\" title=\"11 cele mai bune tururi private \u00een Napa de la $99.00\">Napa<\/a> Valley, Stein Eriksen Lodge \u0219i multe altele.<\/p>\r\n\r\n\r\n\r\n<h2 class=\"wp-block-heading\"><span class=\"ez-toc-section\" id=\"Conclusion\"><\/span>Concluzie<span class=\"ez-toc-section-end\"><\/span><\/h2>\r\n\r\n\r\n\r\n<p>Este esen\u021bial s\u0103 v\u0103 baza\u021bi pe o companie charter de \u00eencredere pentru siguran\u021ba dumneavoastr\u0103 \u0219i a familiei dumneavoastr\u0103. Dac\u0103 v\u0103 \u00eentreba\u021bi \u00eencotro s\u0103 v\u0103 \u00eendrepta\u021bi atunci c\u00e2nd tarifele pentru charterul de aeronave \u0219i combustibilul pentru avioane cresc cu fiecare secund\u0103, apela\u021bi la Amalfi Jets. Aten\u021bia lor la detalii \u0219i serviciile pentru clien\u021bi garanteaz\u0103 o c\u0103l\u0103torie sigur\u0103 \u0219i satisf\u0103c\u0103toare. Programul One Jet Card v\u0103 ofer\u0103 tarife orare sc\u0103zute, acces la avionul preferat \u00een doar 18 ore, f\u0103r\u0103 taxe suplimentare sau date indisponibile.&nbsp;<\/p>","protected":false},"excerpt":{"rendered":"<p>Nimic nu se compar\u0103 cu c\u0103l\u0103toriile prin lume \u00een timp ce zbura\u021bi cu un avion privat. Pentru a face experien\u021ba de a zbura cu un avion privat mai pl\u0103cut\u0103, Amalfi Jets trimite unul dintre reprezentan\u021bii s\u0103i la aeroport pentru a \u00eent\u00e2mpina fiecare client \u00eenainte de plecare \u0219i pentru a se asigura c\u0103 fiecare detaliu este luat \u00een considerare pentru un zbor c\u00e2t mai pl\u0103cut.  Compania ofer\u0103 servicii precum ...<\/p>","protected":false},"author":2,"featured_media":3063,"parent":0,"menu_order":0,"comment_status":"closed","ping_status":"closed","template":"","meta":{"_acf_changed":false,"_genesis_hide_title":false,"_genesis_hide_breadcrumbs":false,"_genesis_hide_singular_image":false,"_genesis_hide_footer_widgets":false,"_genesis_custom_body_class":"","_genesis_custom_post_class":"","_genesis_layout":"","footnotes":""},"class_list":{"1":"page","2":"type-page","6":"entry"},"acf":[],"_links":{"self":[{"href":"https:\/\/comparemyjet.com\/ro\/wp-json\/wp\/v2\/pages\/3061","targetHints":{"allow":["GET"]}}],"collection":[{"href":"https:\/\/comparemyjet.com\/ro\/wp-json\/wp\/v2\/pages"}],"about":[{"href":"https:\/\/comparemyjet.com\/ro\/wp-json\/wp\/v2\/types\/page"}],"author":[{"embeddable":true,"href":"https:\/\/comparemyjet.com\/ro\/wp-json\/wp\/v2\/users\/2"}],"replies":[{"embeddable":true,"href":"https:\/\/comparemyjet.com\/ro\/wp-json\/wp\/v2\/comments?post=3061"}],"version-history":[{"count":3,"href":"https:\/\/comparemyjet.com\/ro\/wp-json\/wp\/v2\/pages\/3061\/revisions"}],"predecessor-version":[{"id":3437,"href":"https:\/\/comparemyjet.com\/ro\/wp-json\/wp\/v2\/pages\/3061\/revisions\/3437"}],"wp:featuredmedia":[{"embeddable":true,"href":"https:\/\/comparemyjet.com\/ro\/wp-json\/wp\/v2\/media\/3063"}],"wp:attachment":[{"href":"https:\/\/comparemyjet.com\/ro\/wp-json\/wp\/v2\/media?parent=3061"}],"curies":[{"name":"wp","href":"https:\/\/api.w.org\/{rel}","templated":true}]}}