{"id":3070,"date":"2022-07-11T23:51:45","date_gmt":"2022-07-11T23:51:45","guid":{"rendered":"https:\/\/comparemyjet.com\/?page_id=3070"},"modified":"2025-09-04T09:58:16","modified_gmt":"2025-09-04T09:58:16","slug":"concord-private-jet","status":"publish","type":"page","link":"https:\/\/comparemyjet.com\/ro\/concord-private-jet\/","title":{"rendered":"Concord Private Jet de zbor privat Pre\u021buri de zbor"},"content":{"rendered":"<p>Concord Private Jet a fost fondat\u0103 pe principiul de a oferi cele mai bune avioane la cele mai mici pre\u021buri posibile. Compania func\u021bioneaz\u0103 ca broker charter, \u00eenchiriind avioane charter private pentru clien\u021bii s\u0103i.<\/p>\r\n\r\n\r\n\r\n<p>Proprietarul, Neal Impellizzeri, supravegheaz\u0103 fiecare Fleet Access Card \u0219i se asigur\u0103 c\u0103 totul, de la programare la catering sau transfer, este perfect pentru dumneavoastr\u0103. Impellizzeri apreciaz\u0103 valoarea respect\u0103rii programului, iar el \u0219i echipa sa sunt accesibili 24 de ore pe zi, 7 zile pe s\u0103pt\u0103m\u00e2n\u0103, pentru a se asigura c\u0103 fiecare program este respectat cu stricte\u021be. Haide\u021bi s\u0103 vedem ce mai are de oferit Concord Private mai \u00een detaliu.<\/p>\r\n\r\n\r\n\r\n<div id=\"ez-toc-container\" class=\"ez-toc-v2_0_76 counter-hierarchy ez-toc-counter ez-toc-grey ez-toc-container-direction\">\n<p class=\"ez-toc-title\" style=\"cursor:inherit\">Subiecte<\/p>\n<label for=\"ez-toc-cssicon-toggle-item-69f1981931769\" class=\"ez-toc-cssicon-toggle-label\"><span class=\"\"><span class=\"eztoc-hide\" style=\"display:none;\">Toggle<\/span><span class=\"ez-toc-icon-toggle-span\"><svg style=\"fill: #999;color:#999\" xmlns=\"http:\/\/www.w3.org\/2000\/svg\" class=\"list-377408\" width=\"20px\" height=\"20px\" viewbox=\"0 0 24 24\" fill=\"none\"><path d=\"M6 6H4v2h2V6zm14 0H8v2h12V6zM4 11h2v2H4v-2zm16 0H8v2h12v-2zM4 16h2v2H4v-2zm16 0H8v2h12v-2z\" fill=\"currentColor\"><\/path><\/svg><svg style=\"fill: #999;color:#999\" class=\"arrow-unsorted-368013\" xmlns=\"http:\/\/www.w3.org\/2000\/svg\" width=\"10px\" height=\"10px\" viewbox=\"0 0 24 24\" version=\"1.2\" baseprofile=\"tiny\"><path d=\"M18.2 9.3l-6.2-6.3-6.2 6.3c-.2.2-.3.4-.3.7s.1.5.3.7c.2.2.4.3.7.3h11c.3 0 .5-.1.7-.3.2-.2.3-.5.3-.7s-.1-.5-.3-.7zM5.8 14.7l6.2 6.3 6.2-6.3c.2-.2.3-.5.3-.7s-.1-.5-.3-.7c-.2-.2-.4-.3-.7-.3h-11c-.3 0-.5.1-.7.3-.2.2-.3.5-.3.7s.1.5.3.7z\"\/><\/svg><\/span><\/span><\/label><input type=\"checkbox\"  id=\"ez-toc-cssicon-toggle-item-69f1981931769\" checked aria-label=\"Toggle\" \/><nav><ul class='ez-toc-list ez-toc-list-level-1' ><li class='ez-toc-page-1 ez-toc-heading-level-2'><a class=\"ez-toc-link ez-toc-heading-1\" href=\"https:\/\/comparemyjet.com\/ro\/concord-private-jet\/#Company_History\" >Istoria companiei<\/a><\/li><li class='ez-toc-page-1 ez-toc-heading-level-2'><a class=\"ez-toc-link ez-toc-heading-2\" href=\"https:\/\/comparemyjet.com\/ro\/concord-private-jet\/#Company_Jet_Card_Program\" >Programul de carduri Jet al companiei<\/a><\/li><li class='ez-toc-page-1 ez-toc-heading-level-2'><a class=\"ez-toc-link ez-toc-heading-3\" href=\"https:\/\/comparemyjet.com\/ro\/concord-private-jet\/#The_Fleet\" >Flota&nbsp;<\/a><ul class='ez-toc-list-level-3' ><li class='ez-toc-heading-level-3'><a class=\"ez-toc-link ez-toc-heading-4\" href=\"https:\/\/comparemyjet.com\/ro\/concord-private-jet\/#1_Light_Private_Jets\" >1. Avioane private u\u0219oare<\/a><ul class='ez-toc-list-level-4' ><li class='ez-toc-heading-level-4'><a class=\"ez-toc-link ez-toc-heading-5\" href=\"https:\/\/comparemyjet.com\/ro\/concord-private-jet\/#Our_Recommendation_Premier_I\" >Recomandarea noastr\u0103: Premier I<\/a><\/li><\/ul><\/li><li class='ez-toc-page-1 ez-toc-heading-level-3'><a class=\"ez-toc-link ez-toc-heading-6\" href=\"https:\/\/comparemyjet.com\/ro\/concord-private-jet\/#2_Midsize_Private_Jets\" >2. Avioane private de dimensiuni medii<\/a><ul class='ez-toc-list-level-4' ><li class='ez-toc-heading-level-4'><a class=\"ez-toc-link ez-toc-heading-7\" href=\"https:\/\/comparemyjet.com\/ro\/concord-private-jet\/#Our_Recommendation_Astra_SPX\" >Recomandarea noastr\u0103: Astra SPX<\/a><\/li><\/ul><\/li><li class='ez-toc-page-1 ez-toc-heading-level-3'><a class=\"ez-toc-link ez-toc-heading-8\" href=\"https:\/\/comparemyjet.com\/ro\/concord-private-jet\/#3_Super-Midsize_Private_Jets\" >3. Avioane private de dimensiuni medii&nbsp;<\/a><ul class='ez-toc-list-level-4' ><li class='ez-toc-heading-level-4'><a class=\"ez-toc-link ez-toc-heading-9\" href=\"https:\/\/comparemyjet.com\/ro\/concord-private-jet\/#Our_Recommendation_The_Citation_Sovereign\" >Recomandarea noastr\u0103: Citation Sovereign<\/a><\/li><\/ul><\/li><li class='ez-toc-page-1 ez-toc-heading-level-3'><a class=\"ez-toc-link ez-toc-heading-10\" href=\"https:\/\/comparemyjet.com\/ro\/concord-private-jet\/#4_Large_Private_Jets\" >4. Avioane private mari<\/a><ul class='ez-toc-list-level-4' ><li class='ez-toc-heading-level-4'><a class=\"ez-toc-link ez-toc-heading-11\" href=\"https:\/\/comparemyjet.com\/ro\/concord-private-jet\/#Our_Recommendation_The_Falcon_900EX\" >Recomandarea noastr\u0103: Falcon 900EX<\/a><\/li><\/ul><\/li><\/ul><\/li><li class='ez-toc-page-1 ez-toc-heading-level-2'><a class=\"ez-toc-link ez-toc-heading-12\" href=\"https:\/\/comparemyjet.com\/ro\/concord-private-jet\/#Company_Safety_Policy_and_Standards\" >Politica \u0219i standardele de siguran\u021b\u0103 ale companiei<\/a><\/li><li class='ez-toc-page-1 ez-toc-heading-level-2'><a class=\"ez-toc-link ez-toc-heading-13\" href=\"https:\/\/comparemyjet.com\/ro\/concord-private-jet\/#Conclusion\" >Concluzie<\/a><\/li><\/ul><\/nav><\/div>\n<h2 class=\"wp-block-heading\"><span class=\"ez-toc-section\" id=\"Company_History\"><\/span>Istoria companiei<span class=\"ez-toc-section-end\"><\/span><\/h2>\r\n\r\n\r\n\r\n<p>Concord Private Jet a fost \u00eenfiin\u021bat\u0103 \u00een 2008 ca o \u00eentreprindere de familie de c\u0103tre Neal Impellizzeri, so\u021bia sa Michelle Impellizzeri \u0219i fiul lor AJ, \u00een New York, <a href=\"https:\/\/comparemyjet.com\/ro\/tururi-private\/new-york-city-private-tours\/\" data-internallinksmanager029f6b8e52c=\"427\" title=\"11 cele mai bune tururi private \u00een New York City de la $48.00\">New York<\/a>.&nbsp;<\/p>\r\n\r\n\r\n\r\n<p>Concord este o companie mic\u0103, administrat\u0103 de o familie, c\u0103reia \u00eei lipse\u0219te o organiza\u021bie corporativ\u0103 solid\u0103, care vine odat\u0103 cu companiile mai mari. Iar motivul pentru care pot oferi pre\u021buri accesibile \u0219i sc\u0103zute este tocmai pentru c\u0103 nu cheltuiesc zeci de mii de dolari pe marketing \u0219i v\u00e2nz\u0103ri.<\/p>\r\n\r\n\r\n\r\n<p>Concord Private Jet opereaz\u0103 chartere de la ter\u021bi. Nu exist\u0103 taxe de ini\u021biere \u0219i de aderare, iar programul de baz\u0103 include 25 de ore de zbor pe un avion u\u0219or sau pe un turbopropulsor. Tariful orar este fix \u0219i garantat, iar de\u021bin\u0103torii de carduri pot utiliza numeroase avioane simultan.&nbsp;<\/p>\r\n\r\n\r\n\r\n<p>Impellizzeri a creat o schem\u0103 unic\u0103 \u00een felul ei, care v\u0103 permite s\u0103 zbura\u021bi din punctul A \u00een punctul B pentru un pre\u021b \u00eentre %0 \u0219i 40% mai mic dec\u00e2t cel practicat de alte companii charter private. Ei \u00eenchiriaz\u0103 numai avioane certificate Platinum Argus pentru a \u00eendeplini cele mai \u00eenalte criterii. Pentru a pune acest lucru \u00een perspectiv\u0103, din aproximativ 3.500 de operatori comerciali din \u00eentreaga \u021bar\u0103, exist\u0103 doar 31 de transportatori certifica\u021bi Platinum Argus.<\/p>\r\n\r\n\r\n\r\n<h2 class=\"wp-block-heading\"><span class=\"ez-toc-section\" id=\"Company_Jet_Card_Program\"><\/span>Programul de carduri Jet al companiei<span class=\"ez-toc-section-end\"><\/span><\/h2>\r\n\r\n\r\n\r\n<figure class=\"wp-block-image size-full is-style-default\"><img loading=\"lazy\" decoding=\"async\" width=\"1000\" height=\"667\" src=\"https:\/\/comparemyjet.com\/wp-content\/uploads\/2022\/07\/private.jet_.pilots.in_.cockpit.jpg\" alt=\"Concord,Privat,Jet,pilo\u021bi,\u00een,cabina,de,pilotaj,gata,de,zbor\" class=\"wp-image-3072\" srcset=\"https:\/\/comparemyjet.com\/wp-content\/uploads\/2022\/07\/private.jet_.pilots.in_.cockpit-18x12.jpg 18w, https:\/\/comparemyjet.com\/wp-content\/uploads\/2022\/07\/private.jet_.pilots.in_.cockpit-300x200.jpg 300w, https:\/\/comparemyjet.com\/wp-content\/uploads\/2022\/07\/private.jet_.pilots.in_.cockpit-768x512.jpg 768w, https:\/\/comparemyjet.com\/wp-content\/uploads\/2022\/07\/private.jet_.pilots.in_.cockpit.jpg 1000w\" sizes=\"auto, (max-width: 1000px) 100vw, 1000px\" \/><\/figure>\r\n\r\n\r\n\r\n<p>Cardul Concord Private Jet de 25 de ore v\u0103 permite s\u0103 selecta\u021bi modelul \u0219i categoria de avion care se potrive\u0219te cel mai bine cerin\u021belor dumneavoastr\u0103 specifice de c\u0103l\u0103torie. Concord ofer\u0103 cel mai \u00eenalt nivel de siguran\u021b\u0103 la cel mai accesibil tarif orar, care este garantat timp de 24 de luni. Fiecare card poate fi \u00eemp\u0103r\u021bit \u00een p\u00e2n\u0103 la patru pl\u0103\u021bi pe parcursul a patru luni.<\/p>\r\n\r\n\r\n\r\n<p>Dac\u0103 decide\u021bi s\u0103 deveni\u021bi titular de card \u00een cadrul programului de membru Concord Private Jet, v\u0103 ve\u021bi bucura de beneficii precum lipsa taxelor de cazare, a taxelor de aterizare, de repozi\u021bionare sau a suprataxelor de combustibil \u0219i a taxelor de administrare. Este gratuit s\u0103 face\u021bi upgrade (sau s\u0103 retrograda\u021bi) la clasa jetului dumneavoastr\u0103 \u0219i beneficia\u021bi de disponibilitate garantat\u0103 365 de zile pe an.<\/p>\r\n\r\n\r\n\r\n<p>De asemenea, membrii au acces la un concierge de c\u0103l\u0103torie personal, care este calificat s\u0103 r\u0103spund\u0103 la solicit\u0103ri \u0219i s\u0103 ofere informa\u021bii non-stop.<\/p>\r\n\r\n\r\n\r\n<p>Programul 25 Hour Jet Card are un pre\u021b pe or\u0103, cu toate taxele incluse. De exemplu, pentru a zbura cu un avion cu reac\u021bie de dimensiuni medii, ve\u021bi pl\u0103ti $5,750 pe or\u0103, \u00een timp ce zborul cu un avion cu reac\u021bie din categoria u\u0219oar\u0103 este de $4,750 pe or\u0103.<\/p>\r\n\r\n\r\n\r\n<p>Compania nu percepe nicio tax\u0103 de combustibil pentru proprietarii de carduri Jet \u0219i le ofer\u0103 clien\u021bilor un meniu de op\u021biuni pentru fiecare c\u0103l\u0103torie. \u00cen calitate de client, sunte\u021bi taxat doar pentru orele de zbor efectiv efectuate.<\/p>\r\n\r\n\r\n\r\n<h2 class=\"wp-block-heading\"><span class=\"ez-toc-section\" id=\"The_Fleet\"><\/span>Flota&nbsp;<span class=\"ez-toc-section-end\"><\/span><\/h2>\r\n\r\n\r\n\r\n<p>Concord are un avion privat pentru toat\u0103 lumea, indiferent dac\u0103 sunte\u021bi \u00een c\u0103utarea unui avion mic sau mare. \u00cen calitate de broker charter, au acces la o mul\u021bime de transportatori, ceea ce reprezint\u0103 o veste bun\u0103 pentru dumneavoastr\u0103 - ave\u021bi garan\u021bia c\u0103 ve\u021bi ob\u021bine modelul de avion dorit cu foarte pu\u021bin timp de preaviz.<\/p>\r\n\r\n\r\n\r\n<p>S\u0103 arunc\u0103m o privire asupra categoriilor \u0219i modelelor de avioane pe care Concord Private Jet le are de oferit.<\/p>\r\n\r\n\r\n\r\n<h3 class=\"wp-block-heading\"><span class=\"ez-toc-section\" id=\"1_Light_Private_Jets\"><\/span>1. Avioane private u\u0219oare<span class=\"ez-toc-section-end\"><\/span><\/h3>\r\n\r\n\r\n\r\n<p>Jeturile u\u0219oare sunt o alegere popular\u0103 datorit\u0103 pre\u021burilor lor sc\u0103zute \u0219i eficien\u021bei ridicate. Acestea ofer\u0103 acces la destina\u021bii greu accesibile, unde doar avioanele mici pot ateriza din cauza pistelor mai scurte. Autonomia unui avion u\u0219or este mai mic\u0103 de patru ore, ceea ce le face perfecte pentru c\u0103l\u0103torii interne scurte. Aceste avioane sunt destul de rapide \u0219i v\u0103 duc la destina\u021bie \u00een cel mai scurt timp.<\/p>\r\n\r\n\r\n\r\n<h4 class=\"wp-block-heading\"><span class=\"ez-toc-section\" id=\"Our_Recommendation_Premier_I\"><\/span>Recomandarea noastr\u0103: Premier I<span class=\"ez-toc-section-end\"><\/span><\/h4>\r\n\r\n\r\n\r\n<p>Beechcraft Premier I face parte din categoria avioanelor u\u0219oare cu reac\u021bie, produse de <a href=\"https:\/\/comparemyjet.com\/ro\/hawker-beechcraft\/\" data-internallinksmanager029f6b8e52c=\"153\" title=\"Ghidul suprem pentru Hawker Beechcraft Private Jets &amp; Aircraft\">Hawker Beechcraft<\/a>. Avionul a fost creat \u00een 1996, pentru a rivaliza cu <a href=\"https:\/\/comparemyjet.com\/ro\/cessna\/\" data-internallinksmanager029f6b8e52c=\"145\" title=\"Ghidul final pentru avioanele private Cessna \u0219i aeronavele private\">Cessna<\/a> Familie de citate.<\/p>\r\n\r\n\r\n\r\n<p>Specifica\u021bii:<\/p>\r\n\r\n\r\n\r\n<ul class=\"wp-block-list\"><li>Volumul cabinei este de 285 de metri cubi;<\/li><li>Spa\u021biu interior pentru bagaje de 23 de metri cubi;<\/li><li>Spa\u021biu exterior pentru bagaje de 55 de metri cubi;<\/li><li>O vitez\u0103 maxim\u0103 de croazier\u0103 de 461 de noduri;<\/li><li>O vitez\u0103 de croazier\u0103 normal\u0103 de 426 de noduri;<\/li><li>Poate fi operat de unul sau doi pilo\u021bi;<\/li><li>Poate g\u0103zdui \u0219ase pasageri;<\/li><li>O raz\u0103 normal\u0103 de zbor de 850 nm;<\/li><li>O raz\u0103 maxim\u0103 de zbor de 1430 nm.<\/li><\/ul>\r\n\r\n\r\n\r\n<p>Concord Private Jet ofer\u0103 o varietate de modele de avioane u\u0219oare, cum ar fi <em>Citation Jet \/CJ1\/CJ2\/CJ3, Nextant 400XT, Citation II\/V\/Bravo\/Encore\/Ultra, Beechjet 400\/400A, <a href=\"https:\/\/comparemyjet.com\/ro\/learjet\/\" data-internallinksmanager029f6b8e52c=\"149\" title=\"Ghidul suprem pentru Learjet Private Jets &amp; Aircraft\">Learjet<\/a> 40, Hawker 400XP, <\/em>\u0219i recomandarea noastr\u0103 <em>Premier<\/em>.<\/p>\r\n\r\n\r\n\r\n<h3 class=\"wp-block-heading\"><span class=\"ez-toc-section\" id=\"2_Midsize_Private_Jets\"><\/span>2. Avioane private de dimensiuni medii<span class=\"ez-toc-section-end\"><\/span><\/h3>\r\n\r\n\r\n\r\n<p>Autonomia unui avion de dimensiuni medii variaz\u0103, dar nu dep\u0103\u0219e\u0219te \u0219ase ore. Aceste avioane sunt mai spa\u021bioase dec\u00e2t avioanele u\u0219oare \u0219i ofer\u0103 mai mult confort. Acestea v\u0103 pot duce \u00een c\u0103l\u0103torii scurte \u0219i mai lungi, ceea ce le face destul de versatile \u0219i reprezint\u0103 \u00eentotdeauna o alegere bun\u0103 atunci c\u00e2nd v\u0103 \u00eendoi\u021bi ce clas\u0103 de avion s\u0103 \u00eenchiria\u021bi. De obicei, acestea vin cu o baie \u00eenchis\u0103, chicinet\u0103 \u0219i mai mult spa\u021biu pentru bagaje.<\/p>\r\n\r\n\r\n\r\n<h4 class=\"wp-block-heading\"><span class=\"ez-toc-section\" id=\"Our_Recommendation_Astra_SPX\"><\/span>Recomandarea noastr\u0103: Astra SPX<span class=\"ez-toc-section-end\"><\/span><\/h4>\r\n\r\n\r\n\r\n<p>Israel Aircraft Industries a dezvoltat Astra SPX \u00een anii '90. La \u00eenceputul anilor 2000, <a href=\"https:\/\/comparemyjet.com\/ro\/gulfstream\/\" data-internallinksmanager029f6b8e52c=\"175\" title=\"Ghidul final pentru Gulfstream Private Jets &amp; Aircraft\">Gulfstream<\/a> a cump\u0103rat proiectul \u0219i l-a numit G-100.&nbsp;<\/p>\r\n\r\n\r\n\r\n<p>Astra SPX ofer\u0103 cazare pentru \u0219apte c\u0103l\u0103tori. Cabina include un divan pentru trei persoane care v\u0103 permite s\u0103 v\u0103 \u00eentinde\u021bi \u0219i s\u0103 v\u0103 odihni\u021bi, precum \u0219i un scaun de toalet\u0103 cu centur\u0103.&nbsp;<\/p>\r\n\r\n\r\n\r\n<p>Specifica\u021bii \u0219i facilit\u0103\u021bi:<\/p>\r\n\r\n\r\n\r\n<ul class=\"wp-block-list\"><li>Poate g\u0103zdui \u0219apte pasageri;<\/li><li>Distan\u021ba maxim\u0103 de zbor este de 2790 nm;<\/li><li>O vitez\u0103 maxim\u0103 de 470 de noduri;<\/li><li>O toalet\u0103 \u00eenchis\u0103 de dimensiuni normale;&nbsp;<\/li><li>O buc\u0103t\u0103rie mare \u00een fa\u021b\u0103;<\/li><li>Internet de mare vitez\u0103 GoGo 5G;&nbsp;<\/li><li>Lumini LCD \u0219i telefon prin satelit;&nbsp;<\/li><li>Un sistem de divertisment la bordul aeronavei;<\/li><li>\u00cen\u0103l\u021bimea cabinei este de 1,65 m;<\/li><li>Lungimea cabinei este de 17' 1\";<\/li><li>Spa\u021biul intern pentru bagaje este de 9 picioare cubice;<\/li><li>Spa\u021biul exterior pentru bagaje este de 42 de metri cubi;<\/li><li>Poate fi operat de doi pilo\u021bi.<\/li><\/ul>\r\n\r\n\r\n\r\n<p>Concord Private Jet ofer\u0103 o varietate de modele de avioane \u00een aceast\u0103 clas\u0103 de aeronave private de dimensiuni medii, cum ar fi <em>Falcon 20\/200, Citation III\/VI\/VII, G150, Citation Excel\/XLS, Hawker 800\/800XP\/900, Learjet 45\/55\/60, <\/em>\u0219i recomandarea noastr\u0103 <em>Astra SPX<\/em>.<\/p>\r\n\r\n\r\n\r\n<h3 class=\"wp-block-heading\"><span class=\"ez-toc-section\" id=\"3_Super-Midsize_Private_Jets\"><\/span>3. Avioane private de dimensiuni medii&nbsp;<span class=\"ez-toc-section-end\"><\/span><\/h3>\r\n\r\n\r\n\r\n<p>Cu cabine largi \u00een care pute\u021bi sta confortabil \u00een picioare \u0219i capacitatea de a zbura \u00eentre continente, ve\u021bi descoperi de ce zborul cu un avion privat este cel mai bun mod de a c\u0103l\u0103tori. Avioanele de dimensiuni super-mici au o rezisten\u021b\u0103 mai mare dec\u00e2t cele de dimensiuni medii \u0219i pot zbura mai mult de 7 ore f\u0103r\u0103 a se opri pentru combustibil.&nbsp;<\/p>\r\n\r\n\r\n\r\n<h4 class=\"wp-block-heading\"><span class=\"ez-toc-section\" id=\"Our_Recommendation_The_Citation_Sovereign\"><\/span>Recomandarea noastr\u0103: Citation Sovereign<span class=\"ez-toc-section-end\"><\/span><\/h4>\r\n\r\n\r\n\r\n<p>Cessna Citation Sovereign combin\u0103 performan\u021ba excep\u021bional\u0103 cu luxul. Se m\u00e2ndre\u0219te cu o rezisten\u021b\u0103 mare pe teren scurt \u0219i o autonomie de zbor mare, ceea ce \u00eel face o op\u021biune versatil\u0103.&nbsp;<\/p>\r\n\r\n\r\n\r\n<p>Cabina spa\u021bioas\u0103 a avionului Citation Sovereign include o zon\u0103 complet\u0103 pentru b\u0103uturi, precum \u0219i o configura\u021bie de scaune cu dou\u0103 locuri \u00een club. C\u0103l\u0103tori\u021bi cu stil \u00eentr-unul dintre cele mai luxoase avioane private de dimensiuni medii din domeniu.<\/p>\r\n\r\n\r\n\r\n<p>Specifica\u021bii:<\/p>\r\n\r\n\r\n\r\n<ul class=\"wp-block-list\"><li>Poate g\u0103zdui nou\u0103 pasageri;<\/li><li>Poate zbura 7:15 ore f\u0103r\u0103 escal\u0103;<\/li><li>O raz\u0103 maxim\u0103 de zbor de 3010 nm;<\/li><li>\u00cen\u0103l\u021bimea cabinei este de 1,80 m;<\/li><li>L\u0103\u021bimea cabinei este de 5' 6\";<\/li><li>Lungimea cabinei este de 25' 3\";<\/li><li>Un spa\u021biu intern pentru bagaje de 35 de metri cubi;<\/li><li>O vitez\u0103 maxim\u0103 de croazier\u0103 de 459 kts.<\/li><\/ul>\r\n\r\n\r\n\r\n<p>Concord Private Jet ofer\u0103 o varietate de avioane private de dimensiuni medii, cum ar fi <em>Citation X, Gulfstream G200\/G280, Falcon 50 \/ 50EX, Challenger 300, <\/em>\u0219i recomandarea noastr\u0103 <em>Cita\u021bia Suveran\u0103.<\/em><\/p>\r\n\r\n\r\n\r\n<h3 class=\"wp-block-heading\"><span class=\"ez-toc-section\" id=\"4_Large_Private_Jets\"><\/span>4. Avioane private mari<span class=\"ez-toc-section-end\"><\/span><\/h3>\r\n\r\n\r\n\r\n<p>Dac\u0103 urm\u0103toarea dvs. c\u0103l\u0103torie implic\u0103 o c\u0103l\u0103torie intercontinental\u0103 sau interjude\u021bean\u0103, alegerea unui avion cu reac\u021bie din aceast\u0103 clas\u0103 de aeronave este cea mai potrivit\u0103. Ve\u021bi beneficia de un <a href=\"https:\/\/comparemyjet.com\/ro\/cel-mai-rapid-privat-jets\/\" data-internallinksmanager029f6b8e52c=\"183\" title=\"11 cele mai rapide avioane private din lume [Cu poze]\">jet rapid<\/a> care nu trebuie s\u0103 se opreasc\u0103 pentru combustibil \u00een majoritatea cazurilor. Cu un avion greu, beneficia\u021bi de cea mai bun\u0103 experien\u021b\u0103 de c\u0103l\u0103torie cu avionul privat \u0219i de un alt nivel de lux.<\/p>\r\n\r\n\r\n\r\n<h4 class=\"wp-block-heading\"><span class=\"ez-toc-section\" id=\"Our_Recommendation_The_Falcon_900EX\"><\/span>Recomandarea noastr\u0103: Falcon 900EX<span class=\"ez-toc-section-end\"><\/span><\/h4>\r\n\r\n\r\n\r\n<p>Cu o autonomie de 8.000 km, o cabin\u0103 extraordinar de pl\u0103cut\u0103 \u0219i un design revolu\u021bionar cu trei motoare, Falcon 900EX este perfect pentru zborurile transoceanice \u0219i ofer\u0103 o flexibilitate extraordinar\u0103.&nbsp;<\/p>\r\n\r\n\r\n\r\n<p>Specifica\u021bii \u0219i facilit\u0103\u021bi:<\/p>\r\n\r\n\r\n\r\n<ul class=\"wp-block-list\"><li>Operat de doi pilo\u021bi;<\/li><li>Poate g\u0103zdui 12 pasageri;<\/li><li>O vitez\u0103 maxim\u0103 de croazier\u0103 de 870 km\/or\u0103 (470 kt);<\/li><li>O raz\u0103 maxim\u0103 de zbor de 8.000 km;<\/li><li>\u00cen\u0103l\u021bimea cabinei este de 1,80 m;<\/li><li>Lungimea interioar\u0103 a cabinei este de 33 ft 2 in;<\/li><li>Volumul spa\u021biului pentru bagaje este de 127 de picioare cubice;<\/li><li>O buc\u0103t\u0103rie;<\/li><li>Telefon prin satelit, fax, sistem de divertisment;<\/li><li>Dou\u0103 toalete \u0219i o camer\u0103 de machiaj.<\/li><\/ul>\r\n\r\n\r\n\r\n<p>Concord Private Jet ofer\u0103 o varietate de aeronave private grele, cum ar fi<em> Seria Falcon 2000, Challenger 600\/601\/604, Global Express, seria Gulfstream, <\/em>\u0219i recomandarea noastr\u0103 <em>Falcon 900EX.<\/em><\/p>\r\n\r\n\r\n\r\n<h2 class=\"wp-block-heading\"><span class=\"ez-toc-section\" id=\"Company_Safety_Policy_and_Standards\"><\/span>Politica \u0219i standardele de siguran\u021b\u0103 ale companiei<span class=\"ez-toc-section-end\"><\/span><\/h2>\r\n\r\n\r\n\r\n<figure class=\"wp-block-image size-full is-style-default\"><img loading=\"lazy\" decoding=\"async\" width=\"1000\" height=\"707\" src=\"https:\/\/comparemyjet.com\/wp-content\/uploads\/2022\/07\/safejourney.jpg\" alt=\"\" class=\"wp-image-3073\" srcset=\"https:\/\/comparemyjet.com\/wp-content\/uploads\/2022\/07\/safejourney-18x12.jpg 18w, https:\/\/comparemyjet.com\/wp-content\/uploads\/2022\/07\/safejourney-300x212.jpg 300w, https:\/\/comparemyjet.com\/wp-content\/uploads\/2022\/07\/safejourney-768x543.jpg 768w, https:\/\/comparemyjet.com\/wp-content\/uploads\/2022\/07\/safejourney.jpg 1000w\" sizes=\"auto, (max-width: 1000px) 100vw, 1000px\" \/><\/figure>\r\n\r\n\r\n\r\n<p>Concord Private Jet pune siguran\u021ba clien\u021bilor lor pe primul loc \u0219i utilizeaz\u0103 doar Platinum <a href=\"https:\/\/www.argus.aero\/\" target=\"_blank\" rel=\"noopener\">Argus<\/a> Operatori cu certificat de siguran\u021b\u0103. Gradul Platinum necesit\u0103 trecerea unei evalu\u0103ri stricte la fa\u021ba locului, efectuat\u0103 de inspectori califica\u021bi, astfel \u00eenc\u00e2t zborul cu operatori certifica\u021bi este mult mai sigur dec\u00e2t zborul cu un avion comercial.<\/p>\r\n\r\n\r\n\r\n<p>\u00cen cazul \u00een care o aeronav\u0103 nu \u00eendepline\u0219te criteriile de siguran\u021b\u0103, compania v\u0103 desemneaz\u0103 imediat un nou avion pentru c\u0103l\u0103toria dumneavoastr\u0103.<\/p>\r\n\r\n\r\n\r\n<h2 class=\"wp-block-heading\"><span class=\"ez-toc-section\" id=\"Conclusion\"><\/span>Concluzie<span class=\"ez-toc-section-end\"><\/span><\/h2>\r\n\r\n\r\n\r\n<p>Serviciul individual distinge Concord Private Jet de concuren\u021bii s\u0103i corporativi. Compania lucreaz\u0103 pentru a se asigura c\u0103 toate \u00eentreb\u0103rile, preocup\u0103rile \u0219i nevoile dumneavoastr\u0103 sunt abordate. Proprietarul monitorizeaz\u0103 personal fiecare c\u0103l\u0103torie, asigur\u00e2ndu-se c\u0103 aceasta respect\u0103 programul, c\u0103 exist\u0103 catering \u0219i c\u0103 transportul la sol este disponibil la destina\u021bie. \u00cen timp ce alte firme percep o tax\u0103 pentru acest tip de servicii, Concord se m\u00e2ndre\u0219te cu Jet Cardul s\u0103u all-inclusive.&nbsp;<\/p>\r\n\r\n\r\n\r\n<p>Pute\u021bi deveni un client \u0219i le pute\u021bi testa serviciile cu un angajament mic sau f\u0103r\u0103 niciun angajament.&nbsp;<\/p>","protected":false},"excerpt":{"rendered":"<p>Concord Private Jet a fost fondat\u0103 pe principiul de a oferi cele mai bune avioane la cele mai mici pre\u021buri posibile. Compania func\u021bioneaz\u0103 ca broker charter, \u00eenchiriind avioane charter private pentru clien\u021bii s\u0103i. Proprietarul, Neal Impellizzeri, supravegheaz\u0103 fiecare card de acces la flot\u0103 \u0219i se asigur\u0103 c\u0103 totul, de la programare la catering sau transfer, este perfect ...<\/p>","protected":false},"author":2,"featured_media":3071,"parent":0,"menu_order":0,"comment_status":"closed","ping_status":"closed","template":"","meta":{"_acf_changed":false,"_genesis_hide_title":false,"_genesis_hide_breadcrumbs":false,"_genesis_hide_singular_image":false,"_genesis_hide_footer_widgets":false,"_genesis_custom_body_class":"","_genesis_custom_post_class":"","_genesis_layout":"","footnotes":""},"class_list":{"1":"page","2":"type-page","6":"entry"},"acf":[],"_links":{"self":[{"href":"https:\/\/comparemyjet.com\/ro\/wp-json\/wp\/v2\/pages\/3070","targetHints":{"allow":["GET"]}}],"collection":[{"href":"https:\/\/comparemyjet.com\/ro\/wp-json\/wp\/v2\/pages"}],"about":[{"href":"https:\/\/comparemyjet.com\/ro\/wp-json\/wp\/v2\/types\/page"}],"author":[{"embeddable":true,"href":"https:\/\/comparemyjet.com\/ro\/wp-json\/wp\/v2\/users\/2"}],"replies":[{"embeddable":true,"href":"https:\/\/comparemyjet.com\/ro\/wp-json\/wp\/v2\/comments?post=3070"}],"version-history":[{"count":2,"href":"https:\/\/comparemyjet.com\/ro\/wp-json\/wp\/v2\/pages\/3070\/revisions"}],"predecessor-version":[{"id":3438,"href":"https:\/\/comparemyjet.com\/ro\/wp-json\/wp\/v2\/pages\/3070\/revisions\/3438"}],"wp:featuredmedia":[{"embeddable":true,"href":"https:\/\/comparemyjet.com\/ro\/wp-json\/wp\/v2\/media\/3071"}],"wp:attachment":[{"href":"https:\/\/comparemyjet.com\/ro\/wp-json\/wp\/v2\/media?parent=3070"}],"curies":[{"name":"wp","href":"https:\/\/api.w.org\/{rel}","templated":true}]}}