{"id":3144,"date":"2022-07-23T00:30:19","date_gmt":"2022-07-23T00:30:19","guid":{"rendered":"https:\/\/comparemyjet.com\/?page_id=3144"},"modified":"2025-09-04T09:58:20","modified_gmt":"2025-09-04T09:58:20","slug":"musca-aeolus","status":"publish","type":"page","link":"https:\/\/comparemyjet.com\/ro\/musca-aeolus\/","title":{"rendered":"Fly Aeolus Pre\u021buri de zbor"},"content":{"rendered":"<p>Fly Aeolus este un belgian <a href=\"https:\/\/comparemyjet.com\/ro\/cat-costa-un-taxi-aerian\/\" data-internallinksmanager029f6b8e52c=\"23\" title=\"C\u00e2t cost\u0103 un taxi aerian?\">taxi aerian<\/a> (charter privat), care opereaz\u0103 \u00een Europa din 2009. Compania are sediul \u00een Anvers, cu birouri \u00een <a href=\"https:\/\/comparemyjet.com\/ro\/tururi-private\/berlin-private-tours\/\" data-internallinksmanager029f6b8e52c=\"254\" title=\"11 cele mai bune tururi private la Berlin de la $68.86\">Berlin<\/a> \u0219i Rotterdam.&nbsp;<\/p>\r\n\r\n\r\n\r\n<p>Pute\u021bi zbura de pe peste 1.500 de aeroporturi de pe continentul european cu unul dintre avioanele Cirrus SR-22, considerat unul dintre cele mai sigure avioane monomotor din industria aviatic\u0103. Haide\u021bi s\u0103 vedem ce mai are de oferit aceast\u0103 companie.<\/p>\r\n\r\n\r\n\r\n<div id=\"ez-toc-container\" class=\"ez-toc-v2_0_76 counter-hierarchy ez-toc-counter ez-toc-grey ez-toc-container-direction\">\n<p class=\"ez-toc-title\" style=\"cursor:inherit\">Subiecte<\/p>\n<label for=\"ez-toc-cssicon-toggle-item-69f22814741c9\" class=\"ez-toc-cssicon-toggle-label\"><span class=\"\"><span class=\"eztoc-hide\" style=\"display:none;\">Toggle<\/span><span class=\"ez-toc-icon-toggle-span\"><svg style=\"fill: #999;color:#999\" xmlns=\"http:\/\/www.w3.org\/2000\/svg\" class=\"list-377408\" width=\"20px\" height=\"20px\" viewbox=\"0 0 24 24\" fill=\"none\"><path d=\"M6 6H4v2h2V6zm14 0H8v2h12V6zM4 11h2v2H4v-2zm16 0H8v2h12v-2zM4 16h2v2H4v-2zm16 0H8v2h12v-2z\" fill=\"currentColor\"><\/path><\/svg><svg style=\"fill: #999;color:#999\" class=\"arrow-unsorted-368013\" xmlns=\"http:\/\/www.w3.org\/2000\/svg\" width=\"10px\" height=\"10px\" viewbox=\"0 0 24 24\" version=\"1.2\" baseprofile=\"tiny\"><path d=\"M18.2 9.3l-6.2-6.3-6.2 6.3c-.2.2-.3.4-.3.7s.1.5.3.7c.2.2.4.3.7.3h11c.3 0 .5-.1.7-.3.2-.2.3-.5.3-.7s-.1-.5-.3-.7zM5.8 14.7l6.2 6.3 6.2-6.3c.2-.2.3-.5.3-.7s-.1-.5-.3-.7c-.2-.2-.4-.3-.7-.3h-11c-.3 0-.5.1-.7.3-.2.2-.3.5-.3.7s.1.5.3.7z\"\/><\/svg><\/span><\/span><\/label><input type=\"checkbox\"  id=\"ez-toc-cssicon-toggle-item-69f22814741c9\" checked aria-label=\"Toggle\" \/><nav><ul class='ez-toc-list ez-toc-list-level-1' ><li class='ez-toc-page-1 ez-toc-heading-level-2'><a class=\"ez-toc-link ez-toc-heading-1\" href=\"https:\/\/comparemyjet.com\/ro\/musca-aeolus\/#Company_History\" >Istoria companiei<\/a><\/li><li class='ez-toc-page-1 ez-toc-heading-level-2'><a class=\"ez-toc-link ez-toc-heading-2\" href=\"https:\/\/comparemyjet.com\/ro\/musca-aeolus\/#Pricing\" >Stabilirea pre\u021burilor<\/a><\/li><li class='ez-toc-page-1 ez-toc-heading-level-2'><a class=\"ez-toc-link ez-toc-heading-3\" href=\"https:\/\/comparemyjet.com\/ro\/musca-aeolus\/#Membership_Programs\" >Programe de membru<\/a><ul class='ez-toc-list-level-3' ><li class='ez-toc-heading-level-3'><a class=\"ez-toc-link ez-toc-heading-4\" href=\"https:\/\/comparemyjet.com\/ro\/musca-aeolus\/#Pay_As_You_Fly\" >Pl\u0103ti\u021bi pe m\u0103sur\u0103 ce zbura\u021bi<\/a><\/li><li class='ez-toc-page-1 ez-toc-heading-level-3'><a class=\"ez-toc-link ez-toc-heading-5\" href=\"https:\/\/comparemyjet.com\/ro\/musca-aeolus\/#Personal_Membership\" >Membru personal<\/a><\/li><li class='ez-toc-page-1 ez-toc-heading-level-3'><a class=\"ez-toc-link ez-toc-heading-6\" href=\"https:\/\/comparemyjet.com\/ro\/musca-aeolus\/#Business_Membership\" >Abonament de afaceri<\/a><\/li><\/ul><\/li><li class='ez-toc-page-1 ez-toc-heading-level-2'><a class=\"ez-toc-link ez-toc-heading-7\" href=\"https:\/\/comparemyjet.com\/ro\/musca-aeolus\/#The_Fleet\" >Flota&nbsp;<\/a><ul class='ez-toc-list-level-3' ><li class='ez-toc-heading-level-3'><a class=\"ez-toc-link ez-toc-heading-8\" href=\"https:\/\/comparemyjet.com\/ro\/musca-aeolus\/#1_Light_Private_Jets\" >1. Avioane private u\u0219oare<\/a><ul class='ez-toc-list-level-4' ><li class='ez-toc-heading-level-4'><a class=\"ez-toc-link ez-toc-heading-9\" href=\"https:\/\/comparemyjet.com\/ro\/musca-aeolus\/#Our_Recommendation_The_Cirrus_SR22\" >Recomandarea noastr\u0103: Cirrus SR22<\/a><\/li><\/ul><\/li><\/ul><\/li><li class='ez-toc-page-1 ez-toc-heading-level-2'><a class=\"ez-toc-link ez-toc-heading-10\" href=\"https:\/\/comparemyjet.com\/ro\/musca-aeolus\/#Cancellation_Insurance\" >Asigurare de anulare<\/a><\/li><li class='ez-toc-page-1 ez-toc-heading-level-2'><a class=\"ez-toc-link ez-toc-heading-11\" href=\"https:\/\/comparemyjet.com\/ro\/musca-aeolus\/#De-icing_Insurance\" >Asigurare de degivrare<\/a><\/li><li class='ez-toc-page-1 ez-toc-heading-level-2'><a class=\"ez-toc-link ez-toc-heading-12\" href=\"https:\/\/comparemyjet.com\/ro\/musca-aeolus\/#Fly_Aeolus_Taxi_Service\" >Fly Aeolus Taxi Service<\/a><\/li><li class='ez-toc-page-1 ez-toc-heading-level-2'><a class=\"ez-toc-link ez-toc-heading-13\" href=\"https:\/\/comparemyjet.com\/ro\/musca-aeolus\/#Pet_Policy\" >Politica privind animalele de companie<\/a><\/li><li class='ez-toc-page-1 ez-toc-heading-level-2'><a class=\"ez-toc-link ez-toc-heading-14\" href=\"https:\/\/comparemyjet.com\/ro\/musca-aeolus\/#Company_Safety_Policy_and_Standards\" >Politica \u0219i standardele de siguran\u021b\u0103 ale companiei<\/a><\/li><li class='ez-toc-page-1 ez-toc-heading-level-2'><a class=\"ez-toc-link ez-toc-heading-15\" href=\"https:\/\/comparemyjet.com\/ro\/musca-aeolus\/#Company_Staff\" >Personalul companiei<\/a><\/li><li class='ez-toc-page-1 ez-toc-heading-level-2'><a class=\"ez-toc-link ez-toc-heading-16\" href=\"https:\/\/comparemyjet.com\/ro\/musca-aeolus\/#Conclusion\" >Concluzie<\/a><\/li><\/ul><\/nav><\/div>\n<h2 class=\"wp-block-heading\"><span class=\"ez-toc-section\" id=\"Company_History\"><\/span>Istoria companiei<span class=\"ez-toc-section-end\"><\/span><\/h2>\r\n\r\n\r\n\r\n<p>Fly Aeolus a fost \u00eenfiin\u021bat\u0103 \u00een 2009 de co-fondatorii \u0219i pasiona\u021bii de avia\u021bie Stefaan Ghijs \u0219i Vincent Wigmans. Ghijs are un masterat \u00een inginerie aeronautic\u0103, \u00een timp ce Wigmans avea experien\u021b\u0103 \u00een industria repara\u021biilor de aeronave private.&nbsp;<\/p>\r\n\r\n\r\n\r\n<p>Primul zbor al companiei a avut loc \u00eentre Anvers, Belgia, \u0219i Vichy, Fran\u021ba, \u00een 2011. \u00cen scurt timp, Fly Aeolus \u0219i-a extins aria de opera\u021biuni pentru a include \u00eentregul continent, \u00eencep\u00e2nd cu destina\u021bii din Germania \u0219i Olanda.&nbsp;<\/p>\r\n\r\n\r\n\r\n<p>\u00cen 2015, Fly Aeolus a \u00eencheiat un parteneriat cu firma belgian\u0103 de taxi aerian SkyCab, iar \u00een 2019 au fondat Fly Aeolus Aircraft Sales and Acquisitions, o nou\u0103 filial\u0103 a Fly Aeolus.<\/p>\r\n\r\n\r\n\r\n<p>Un aranjament de proprietate frac\u021bionat\u0103 reprezint\u0103 baza serviciilor oferite de companie. Proprietarii priva\u021bi \u00ee\u0219i pun avioanele la dispozi\u021bie pentru \u00eenchiriere \u0219i primesc un comision pentru fiecare or\u0103 de zbor.&nbsp;<\/p>\r\n\r\n\r\n\r\n<h2 class=\"wp-block-heading\"><span class=\"ez-toc-section\" id=\"Pricing\"><\/span>Stabilirea pre\u021burilor<span class=\"ez-toc-section-end\"><\/span><\/h2>\r\n\r\n\r\n\r\n<p>Fly Aeolus percepe un tarif fix pentru toate zborurile. Pre\u021bul este stabilit \u00een func\u021bie de itinerariul de c\u0103l\u0103torie - circumstan\u021bele c\u0103l\u0103toriei, orele de zbor \u0219i dac\u0103 este vorba de un zbor dus sau dus-\u00eentors. Dac\u0103 dori\u021bi s\u0103 cheltui\u021bi mai pu\u021bin, cel mai bine este s\u0103 rezerva\u021bi o c\u0103l\u0103torie dus-\u00eentors \u00een aceea\u0219i zi \u0219i pute\u021bi oric\u00e2nd s\u0103 \u00eemp\u0103r\u021bi\u021bi zborul \u0219i s\u0103 \u00eemp\u0103r\u021bi\u021bi\u021bi costurile aduc\u00e2nd \u00eenso\u021bitori de c\u0103l\u0103torie.<\/p>\r\n\r\n\r\n\r\n<p>Fly Aeolus este administrat \u00een regim de proprietate comun\u0103. Compania percepe un comision de intrare de 995,00 EUR (f\u0103r\u0103 TVA) pentru noii clien\u021bi, ceea ce \u00eei face pe ace\u0219tia ac\u021bionari ai unei aeronave din flota Fly Aeolus. Dac\u0103 decide\u021bi s\u0103 nu folosi\u021bi serviciile lor dup\u0103 \u00eenregistrare, Fly Aeolus v\u0103 va returna taxa minus o tax\u0103 de administrare de 150,00 \u20ac. Pute\u021bi efectua un zbor de prob\u0103 \u00eenainte de \u00eenregistrare pentru a experimenta avionul \u0219i a vedea dac\u0103 este ceea ce c\u0103uta\u021bi.<\/p>\r\n\r\n\r\n\r\n<h2 class=\"wp-block-heading\"><span class=\"ez-toc-section\" id=\"Membership_Programs\"><\/span>Programe de membru<span class=\"ez-toc-section-end\"><\/span><\/h2>\r\n\r\n\r\n\r\n<p>Programele de membru Fly Aeolus au ca scop economisirea de bani \u0219i timp pentru pasagerii zborurilor continentale, deoarece toate avioanele \u0219i pilo\u021bii sunt deja localiza\u021bi \u00een Europa, permi\u021b\u00e2nd membrilor s\u0103 economiseasc\u0103 5-10% la zboruri \u00een compara\u021bie cu costul cu am\u0103nuntul pentru cei care nu sunt membri. S\u0103 le explor\u0103m pe scurt.<\/p>\r\n\r\n\r\n\r\n<h3 class=\"wp-block-heading\"><span class=\"ez-toc-section\" id=\"Pay_As_You_Fly\"><\/span>Pl\u0103ti\u021bi pe m\u0103sur\u0103 ce zbura\u021bi<span class=\"ez-toc-section-end\"><\/span><\/h3>\r\n\r\n\r\n\r\n<p>Nu trebuie s\u0103 fi\u021bi membru pentru a zbura cu Cirrus SR-22; exist\u0103 o op\u021biune de a pl\u0103ti \u00een func\u021bie de zbor. Fly Aeolus are un calculator online care v\u0103 va ajuta s\u0103 v\u0103 planifica\u021bi \u0219i s\u0103 v\u0103 rezerva\u021bi urm\u0103toarea c\u0103l\u0103torie, pe care \u00eel pute\u021bi accesa urm\u00e2nd acest link <a href=\"https:\/\/flyaeolus.com\/plan-book\/\" target=\"_blank\" rel=\"noopener\">link<\/a> pentru informa\u021bii mai detaliate.<\/p>\r\n\r\n\r\n\r\n<h3 class=\"wp-block-heading\"><span class=\"ez-toc-section\" id=\"Personal_Membership\"><\/span>Membru personal<span class=\"ez-toc-section-end\"><\/span><\/h3>\r\n\r\n\r\n\r\n<p>Programul Personal Membership este destinat c\u0103l\u0103torilor obi\u0219nui\u021bi. Cu acest program, ve\u021bi beneficia de o reducere de 5% la fiecare zbor, plus o asigurare de anulare inclus\u0103 \u00een pre\u021b.&nbsp;<\/p>\r\n\r\n\r\n\r\n<h3 class=\"wp-block-heading\"><span class=\"ez-toc-section\" id=\"Business_Membership\"><\/span>Abonament de afaceri<span class=\"ez-toc-section-end\"><\/span><\/h3>\r\n\r\n\r\n\r\n<p>Fly Aeolus ofer\u0103 programul Business Membership pentru cei care c\u0103l\u0103toresc frecvent. Pentru a deveni membru este necesar\u0103 o tax\u0103 lunar\u0103 de 100,00 \u20ac. Ve\u021bi beneficia de o reducere de 10% la toate zborurile dumneavoastr\u0103, plus asigurare de anulare \u0219i asisten\u021b\u0103 pentru rezervarea de taxi, toate incluse \u00een pre\u021b.<\/p>\r\n\r\n\r\n\r\n<h2 class=\"wp-block-heading\"><span class=\"ez-toc-section\" id=\"The_Fleet\"><\/span>Flota&nbsp;<span class=\"ez-toc-section-end\"><\/span><\/h2>\r\n\r\n\r\n\r\n<figure class=\"wp-block-image size-full is-style-default\"><img loading=\"lazy\" decoding=\"async\" width=\"1000\" height=\"667\" src=\"https:\/\/comparemyjet.com\/wp-content\/uploads\/2022\/07\/The-Cirrus-SR22.jpg\" alt=\"Zborul Aeolus\" class=\"wp-image-3145\" srcset=\"https:\/\/comparemyjet.com\/wp-content\/uploads\/2022\/07\/The-Cirrus-SR22-18x12.jpg 18w, https:\/\/comparemyjet.com\/wp-content\/uploads\/2022\/07\/The-Cirrus-SR22-300x200.jpg 300w, https:\/\/comparemyjet.com\/wp-content\/uploads\/2022\/07\/The-Cirrus-SR22-768x512.jpg 768w, https:\/\/comparemyjet.com\/wp-content\/uploads\/2022\/07\/The-Cirrus-SR22.jpg 1000w\" sizes=\"auto, (max-width: 1000px) 100vw, 1000px\" \/><\/figure>\r\n\r\n\r\n\r\n<p>Fly Aeolus are o flot\u0103 format\u0103 numai din aeronave Cirrus SR-22. Iar acest lucru nu este o coinciden\u021b\u0103 - aceste avioane sunt considerate de c\u0103tre COPA (Cirrus Owners &amp; Pilots Association) \u0219i AOPA (Aircraft Owners &amp; Pilots Association) drept unul dintre cele mai sigure avioane monomotor din industria aviatic\u0103, datorit\u0103 sistemului de para\u0219utare Cirrus Airframe Parachute System. Fly Aeolus este cel mai mare furnizor Cirrus din Europa, cu 15 aeronave SR-22 \u00een serviciu, fiecare dintre acestea put\u00e2nd transporta p\u00e2n\u0103 la trei pasageri.&nbsp;<\/p>\r\n\r\n\r\n\r\n<h3 class=\"wp-block-heading\"><span class=\"ez-toc-section\" id=\"1_Light_Private_Jets\"><\/span>1. Avioane private u\u0219oare<span class=\"ez-toc-section-end\"><\/span><\/h3>\r\n\r\n\r\n\r\n<p>Avioanele private u\u0219oare sunt perfecte pentru a c\u0103l\u0103tori pe aeroporturi mici \u0219i \u00een loca\u021bii greu accesibile, permi\u021b\u00e2ndu-v\u0103 s\u0103 vizita\u021bi mun\u021bi inaccesibili \u0219i plaje frumoase.<\/p>\r\n\r\n\r\n\r\n<h4 class=\"wp-block-heading\"><span class=\"ez-toc-section\" id=\"Our_Recommendation_The_Cirrus_SR22\"><\/span>Recomandarea noastr\u0103: Cirrus SR22<span class=\"ez-toc-section-end\"><\/span><\/h4>\r\n\r\n\r\n\r\n<p>Un Cirrus SR22 este un avion cu reac\u021bie din materiale compozite fabricat de Cirrus Aircraft \u00een 2001. Este o variant\u0103 mai puternic\u0103 a modelului Cirrus CIRRUS SR-20, av\u00e2nd o arip\u0103 mai mare \u0219i o capacitate de combustibil mai mare, cu tren de aterizare fix.<\/p>\r\n\r\n\r\n\r\n<p>Aceasta este o aeronav\u0103 cu patru locuri (1 pilot \u0219i trei pasageri), proiectat\u0103 s\u0103 aterizeze pe aeroporturi locale. Cirrus SR22 ofer\u0103 acces la peste 1.500 de aeroporturi din Europa, permi\u021b\u00e2ndu-v\u0103 s\u0103 ateriza\u021bi pe aeroporturi locale pe care zborurile comerciale le viziteaz\u0103 rar.&nbsp;<\/p>\r\n\r\n\r\n\r\n<p>Avioanele Cirrus au o capacitate de bagaje de 10 kilograme pentru fiecare pasager \u0219i sunt singurele avioane care au ca dotare standard un sistem de para\u0219utare pentru opera\u021biuni de urgen\u021b\u0103 pentru \u00eentregul avion.<\/p>\r\n\r\n\r\n\r\n<p>Specifica\u021bii:<\/p>\r\n\r\n\r\n\r\n<ul class=\"wp-block-list\"><li>Pasageri: 3;<\/li><li>L\u0103\u021bimea cabinei: 4 ft 1 in;<\/li><li>Volumul cabinei: 137 cu ft;<\/li><li>\u00cen\u0103l\u021bimea cabinei: 4 ft 2 in;<\/li><li>Lungimea cabinei: 8 ft;<\/li><li>Bagaje interne: 32 cu ft;<\/li><li>Viteza maxim\u0103: 186 kts;<\/li><li>Gama maxim\u0103: 1100 nm;<\/li><li>Echipaj: 1;<\/li><li>F\u0103r\u0103 toalet\u0103;<\/li><li>Nu exist\u0103 WiFi.<\/li><\/ul>\r\n\r\n\r\n\r\n<h2 class=\"wp-block-heading\"><span class=\"ez-toc-section\" id=\"Cancellation_Insurance\"><\/span>Asigurare de anulare<span class=\"ez-toc-section-end\"><\/span><\/h2>\r\n\r\n\r\n\r\n<p>Fly Aeolus ofer\u0103 o asigurare de anulare, care cost\u0103 200 de euro (f\u0103r\u0103 TVA), care v\u0103 permite s\u0103 v\u0103 anula\u021bi sau s\u0103 v\u0103 am\u00e2na\u021bi zborul \u00een cazul \u00een care planurile dumneavoastr\u0103 sunt perturbate de un eveniment neprev\u0103zut.&nbsp;<\/p>\r\n\r\n\r\n\r\n<p>\u00cen cazul \u00een care nu dori\u021bi s\u0103 pl\u0103ti\u021bi costul asigur\u0103rii de anulare \u0219i zborul dumneavoastr\u0103 este anulat sau am\u00e2nat dup\u0103 confirmare, ve\u021bi pl\u0103ti taxe suplimentare. Dac\u0103 v\u0103 anula\u021bi zborul \u00eentre 7 zile \u0219i 24 de ore \u00eenainte de ora de plecare programat\u0103, Fly Aeolus va percepe o tax\u0103 de 25% din totalul cheltuielilor de zbor. \u00cen cazul \u00een care anularea are loc \u00eentre 24 \u0219i 5 ore \u00eenainte de zbor, compania va percepe o tax\u0103 de anulare de 50% din totalul cheltuielilor de zbor. \u00cen cazul \u00een care anularea se face cu mai pu\u021bin de 5 ore \u00eenainte de ora de plecare programat\u0103 sau dac\u0103 nu v\u0103 prezenta\u021bi, se va percepe o tax\u0103 de anulare de 100% din totalul cheltuielilor de zbor.<\/p>\r\n\r\n\r\n\r\n<h2 class=\"wp-block-heading\"><span class=\"ez-toc-section\" id=\"De-icing_Insurance\"><\/span>Asigurare de degivrare<span class=\"ez-toc-section-end\"><\/span><\/h2>\r\n\r\n\r\n\r\n<figure class=\"wp-block-image size-full is-style-default\"><img loading=\"lazy\" decoding=\"async\" width=\"1000\" height=\"667\" src=\"https:\/\/comparemyjet.com\/wp-content\/uploads\/2022\/07\/De-icing-Insurance.jpg\" alt=\"\" class=\"wp-image-3146\" srcset=\"https:\/\/comparemyjet.com\/wp-content\/uploads\/2022\/07\/De-icing-Insurance-18x12.jpg 18w, https:\/\/comparemyjet.com\/wp-content\/uploads\/2022\/07\/De-icing-Insurance-300x200.jpg 300w, https:\/\/comparemyjet.com\/wp-content\/uploads\/2022\/07\/De-icing-Insurance-768x512.jpg 768w, https:\/\/comparemyjet.com\/wp-content\/uploads\/2022\/07\/De-icing-Insurance.jpg 1000w\" sizes=\"auto, (max-width: 1000px) 100vw, 1000px\" \/><\/figure>\r\n\r\n\r\n\r\n<p>Acest tip de asigurare v\u0103 va fi de folos, mai ales \u00een lunile mai reci. Fly Aeolus v\u0103 sf\u0103tuie\u0219te s\u0103 v\u0103 lua\u021bi acest serviciu \u00eenainte de decolare.&nbsp;<\/p>\r\n\r\n\r\n\r\n<p>\u00cen timpul iernii, aerotraficul poate fi acoperit de ghea\u021b\u0103 sau z\u0103pad\u0103, iar ghea\u021ba \u0219i z\u0103pada trebuie cur\u0103\u021bate \u00eenainte de a putea decola. Costurile asociate sunt greu de prev\u0103zut, astfel \u00eenc\u00e2t compania ofer\u0103 c\u00e2teva op\u021biuni de asigurare pentru degivrare \u00een func\u021bie de pericolul de \u00eenghe\u021b pentru a v\u0103 lini\u0219ti.<\/p>\r\n\r\n\r\n\r\n<ul class=\"wp-block-list\"><li>P\u00e2n\u0103 cu cinci zile \u00eenainte de plecare, asigurarea de degivrare v\u0103 va costa 150,00 EUR (f\u0103r\u0103 TVA) pentru un zbor dus.<\/li><li>\u00centre 5 \u0219i 72 de ore \u00eenainte de plecare, aceast\u0103 asigurare v\u0103 va costa 250,00 EUR (f\u0103r\u0103 TVA) pentru o c\u0103l\u0103torie dus-\u00eentors.<\/li><li>\u00centre 72 \u0219i 24 de ore \u00eenainte de plecare, va trebui s\u0103 pl\u0103ti\u021bi p\u00e2n\u0103 la 350,00 EUR (f\u0103r\u0103 TVA) pentru o asigurare de degivrare pentru o singur\u0103 c\u0103l\u0103torie.<\/li><\/ul>\r\n\r\n\r\n\r\n<p>Dac\u0103 nu alege\u021bi una dintre op\u021biunile de mai sus, vi se vor factura toate taxele de degivrare necesare dup\u0103 c\u0103l\u0103torie.<\/p>\r\n\r\n\r\n\r\n<h2 class=\"wp-block-heading\"><span class=\"ez-toc-section\" id=\"Fly_Aeolus_Taxi_Service\"><\/span>Fly Aeolus Taxi Service<span class=\"ez-toc-section-end\"><\/span><\/h2>\r\n\r\n\r\n\r\n<p>Fly Aeolus v\u0103 poate face o rezervare de taxi la unul dintre partenerii s\u0103i de taxi frecvente. Spune\u021bi-le destina\u021bia dumneavoastr\u0103, iar ei se vor asigura c\u0103 taxiul v\u0103 a\u0219teapt\u0103 la sosirea la aeroport. \u00cen cazul \u00een care cineva vine s\u0103 v\u0103 ia de la aeroport, compania se ofer\u0103 s\u0103 trimit\u0103 datele specifice ale zborului, astfel \u00eenc\u00e2t prietenii sau familia dvs. s\u0103 poat\u0103 urm\u0103ri taxiul aerian \u00een timp real.<\/p>\r\n\r\n\r\n\r\n<h2 class=\"wp-block-heading\"><span class=\"ez-toc-section\" id=\"Pet_Policy\"><\/span>Politica privind animalele de companie<span class=\"ez-toc-section-end\"><\/span><\/h2>\r\n\r\n\r\n\r\n<p>\u00cen cazul zborurilor comerciale, v\u0103 pute\u021bi aduce animalul de companie \u00een aeronav\u0103 dac\u0103 lungimea transportatorului este mai mic\u0103 de 47 cm, l\u0103\u021bimea mai mic\u0103 de 30 cm \u0219i \u00een\u0103l\u021bimea mai mic\u0103 de 27 cm. De asemenea, animalul de companie trebuie s\u0103 se afle sub scaunul dvs. \u00eentr-un transportor desemnat \u0219i s\u0103 nu c\u00e2nt\u0103reasc\u0103 mai mult de 10 kilograme. Din motive de siguran\u021b\u0103, nu pute\u021bi deschide transportatorul sau s\u0103-l muta\u021bi. Acesta pare s\u0103 fie cel mai mare dezavantaj pe care \u00eel au \u00een compara\u021bie cu al\u021bi transportatori charter priva\u021bi, dar este totu\u0219i preferabil dec\u00e2t s\u0103 \u00eei transpor\u021bi \u00een departamentul de marf\u0103 pe un zbor comercial.<\/p>\r\n\r\n\r\n\r\n<p>S\u0103 v\u0103 lua\u021bi animalul de companie \u00een zborul privat este o cu totul alt\u0103 poveste. Fly Aeolus trateaz\u0103 orice animal de companie care zboar\u0103 cu ei ca pe un oaspete, asigur\u00e2ndu-se c\u0103 animalul dvs. de companie se bucur\u0103 de o c\u0103l\u0103torie calm\u0103 \u0219i pl\u0103cut\u0103.<\/p>\r\n\r\n\r\n\r\n<p>Animalul dvs. de companie nu va fi \u00eenchis \u00een compartimentul pentru bagaje; se poate cuib\u0103ri l\u00e2ng\u0103 dvs. pe o p\u0103tur\u0103, iar dvs. pute\u021bi fi sigur c\u0103 animalul dvs. de companie este confortabil \u0219i \u00een siguran\u021b\u0103.&nbsp;<\/p>\r\n\r\n\r\n\r\n<p>De\u0219i pute\u021bi c\u0103l\u0103tori cu animalul dumneavoastr\u0103 de companie, c\u0103l\u0103toriile cu animale de companie implic\u0103 o planificare prealabil\u0103.Pute\u021bi urma acest <a href=\"https:\/\/flyaeolus.com\/blog\/pet-travel-private-jet-air-taxi\/\" target=\"_blank\" rel=\"noopener\">link<\/a> pentru informa\u021bii suplimentare privind transportul animalului dvs. de companie cu Aeolus.<\/p>\r\n\r\n\r\n\r\n<h2 class=\"wp-block-heading\"><span class=\"ez-toc-section\" id=\"Company_Safety_Policy_and_Standards\"><\/span>Politica \u0219i standardele de siguran\u021b\u0103 ale companiei<span class=\"ez-toc-section-end\"><\/span><\/h2>\r\n\r\n\r\n\r\n<p>Toate avioanele lor sunt examinate \u00een mod regulat, iar pilo\u021bii sunt supu\u0219i anual unui control medical. \u00cen afar\u0103 de aceasta, toate aeronavele sunt echipate cu un CAPS (Cirrus Airframe Parachute System), care este un sistem de recuperare cu para\u0219ut\u0103 balistic\u0103 a \u00eentregului avion, construit exclusiv pentru aeronavele Cirrus.<\/p>\r\n\r\n\r\n\r\n<h2 class=\"wp-block-heading\"><span class=\"ez-toc-section\" id=\"Company_Staff\"><\/span>Personalul companiei<span class=\"ez-toc-section-end\"><\/span><\/h2>\r\n\r\n\r\n\r\n<p>Personalul Aeolus include exper\u021bi dintr-o varietate de domenii ale avia\u021biei de afaceri \u0219i pilo\u021bi \u0219i instructori califica\u021bi Cirrus. To\u021bi pilo\u021bii Fly Aeolus sunt titulari ai unei licen\u021be de pilot comercial (CPL) sau ai unei licen\u021be de pilot de zbor (ATPL), au cel pu\u021bin 500 de ore de zbor \u0219i au urmat programul de preg\u0103tire Cirrus SR22.&nbsp;<\/p>\r\n\r\n\r\n\r\n<h2 class=\"wp-block-heading\"><span class=\"ez-toc-section\" id=\"Conclusion\"><\/span>Concluzie<span class=\"ez-toc-section-end\"><\/span><\/h2>\r\n\r\n\r\n\r\n<figure class=\"wp-block-image size-full is-style-default\"><img loading=\"lazy\" decoding=\"async\" width=\"1000\" height=\"667\" src=\"https:\/\/comparemyjet.com\/wp-content\/uploads\/2022\/07\/cute.dog_.dressed.as_.a.pilot_.standing.infront.of_.a.jet_.jpg\" alt=\"\" class=\"wp-image-3147\" srcset=\"https:\/\/comparemyjet.com\/wp-content\/uploads\/2022\/07\/cute.dog_.dressed.as_.a.pilot_.standing.infront.of_.a.jet_-18x12.jpg 18w, https:\/\/comparemyjet.com\/wp-content\/uploads\/2022\/07\/cute.dog_.dressed.as_.a.pilot_.standing.infront.of_.a.jet_-300x200.jpg 300w, https:\/\/comparemyjet.com\/wp-content\/uploads\/2022\/07\/cute.dog_.dressed.as_.a.pilot_.standing.infront.of_.a.jet_-768x512.jpg 768w, https:\/\/comparemyjet.com\/wp-content\/uploads\/2022\/07\/cute.dog_.dressed.as_.a.pilot_.standing.infront.of_.a.jet_.jpg 1000w\" sizes=\"auto, (max-width: 1000px) 100vw, 1000px\" \/><\/figure>\r\n\r\n\r\n\r\n<p>Fly Aeolus este prima firm\u0103 din Europa care utilizeaz\u0103 un model de proprietate frac\u021bionat\u0103 pentru a furniza servicii de taxi aerian utiliz\u00e2nd aeronave cu un singur piston. Firma ofer\u0103, de asemenea, trei programe distincte de carduri pentru avioane \u0219i ofer\u0103 acces la peste 1.000 de aeroporturi mici din Europa, folosind flota sa de Cirrus SR22. Dac\u0103 vre\u021bi s\u0103 vizita\u021bi obiectivele turistice sau c\u0103l\u0103tori\u021bi doar cu c\u00e2\u021biva \u00eenso\u021bitori, Fly Aeolus este serviciul dumneavoastr\u0103 de taxi aerian.&nbsp;<\/p>","protected":false},"excerpt":{"rendered":"<p>Fly Aeolus este un serviciu belgian de taxi aerian (charter privat) care opereaz\u0103 \u00een Europa din 2009. Compania are sediul \u00een Anvers, cu birouri \u00een Berlin \u0219i Rotterdam.  Pute\u021bi zbura de pe peste 1.500 de aeroporturi de pe continentul european cu unul dintre avioanele lor Cirrus SR-22, care este considerat unul dintre cele mai sigure avioane monomotor din ...<\/p>","protected":false},"author":2,"featured_media":3098,"parent":0,"menu_order":0,"comment_status":"closed","ping_status":"closed","template":"","meta":{"_acf_changed":false,"_genesis_hide_title":false,"_genesis_hide_breadcrumbs":false,"_genesis_hide_singular_image":false,"_genesis_hide_footer_widgets":false,"_genesis_custom_body_class":"","_genesis_custom_post_class":"","_genesis_layout":"","footnotes":""},"class_list":{"1":"page","2":"type-page","6":"entry"},"acf":[],"_links":{"self":[{"href":"https:\/\/comparemyjet.com\/ro\/wp-json\/wp\/v2\/pages\/3144","targetHints":{"allow":["GET"]}}],"collection":[{"href":"https:\/\/comparemyjet.com\/ro\/wp-json\/wp\/v2\/pages"}],"about":[{"href":"https:\/\/comparemyjet.com\/ro\/wp-json\/wp\/v2\/types\/page"}],"author":[{"embeddable":true,"href":"https:\/\/comparemyjet.com\/ro\/wp-json\/wp\/v2\/users\/2"}],"replies":[{"embeddable":true,"href":"https:\/\/comparemyjet.com\/ro\/wp-json\/wp\/v2\/comments?post=3144"}],"version-history":[{"count":2,"href":"https:\/\/comparemyjet.com\/ro\/wp-json\/wp\/v2\/pages\/3144\/revisions"}],"predecessor-version":[{"id":3444,"href":"https:\/\/comparemyjet.com\/ro\/wp-json\/wp\/v2\/pages\/3144\/revisions\/3444"}],"wp:featuredmedia":[{"embeddable":true,"href":"https:\/\/comparemyjet.com\/ro\/wp-json\/wp\/v2\/media\/3098"}],"wp:attachment":[{"href":"https:\/\/comparemyjet.com\/ro\/wp-json\/wp\/v2\/media?parent=3144"}],"curies":[{"name":"wp","href":"https:\/\/api.w.org\/{rel}","templated":true}]}}