{"id":3172,"date":"2022-08-10T21:51:12","date_gmt":"2022-08-10T21:51:12","guid":{"rendered":"https:\/\/comparemyjet.com\/?page_id=3172"},"modified":"2025-09-04T09:58:21","modified_gmt":"2025-09-04T09:58:21","slug":"hopscotch-air","status":"publish","type":"page","link":"https:\/\/comparemyjet.com\/ro\/hopscotch-air\/","title":{"rendered":"Hopscotch Air Pre\u021buri de zbor"},"content":{"rendered":"<p>Hopscotch Air este o companie de ultim\u0103 genera\u021bie. <a href=\"https:\/\/comparemyjet.com\/ro\/cat-costa-un-taxi-aerian\/\" data-internallinksmanager029f6b8e52c=\"23\" title=\"C\u00e2t cost\u0103 un taxi aerian?\">taxi aerian<\/a> companie care transport\u0103 pasageri \u00een nord-est, \u00een zona de mijloc a Atlanticului \u0219i \u00een Canada cu avioane Cirrus mici, dar sofisticate din punct de vedere tehnologic. Compania a fost certificat\u0103 \u00een 2009 \u0219i \u00een prezent efectueaz\u0103 aproximativ 1400 de zboruri \u00een fiecare an, la o frac\u021biune din costul zborurilor charter obi\u0219nuite, \u00een principal datorit\u0103 costurilor mai mici ale aeronavelor.<\/p>\r\n\r\n\r\n\r\n<p>Hopscotch Air este un pionier al serviciilor de taxi aerian cu avioane mici \u00een nord-est \u0219i pl\u0103nuie\u0219te s\u0103 ofere noi servicii de transport aerian regional c\u0103tre loca\u021bii populare din nord-est p\u00e2n\u0103 la sf\u00e2r\u0219itul anului 2022.&nbsp;<\/p>\r\n\r\n\r\n\r\n<div id=\"ez-toc-container\" class=\"ez-toc-v2_0_76 counter-hierarchy ez-toc-counter ez-toc-grey ez-toc-container-direction\">\n<p class=\"ez-toc-title\" style=\"cursor:inherit\">Subiecte<\/p>\n<label for=\"ez-toc-cssicon-toggle-item-69f168f3ae7b4\" class=\"ez-toc-cssicon-toggle-label\"><span class=\"\"><span class=\"eztoc-hide\" style=\"display:none;\">Toggle<\/span><span class=\"ez-toc-icon-toggle-span\"><svg style=\"fill: #999;color:#999\" xmlns=\"http:\/\/www.w3.org\/2000\/svg\" class=\"list-377408\" width=\"20px\" height=\"20px\" viewbox=\"0 0 24 24\" fill=\"none\"><path d=\"M6 6H4v2h2V6zm14 0H8v2h12V6zM4 11h2v2H4v-2zm16 0H8v2h12v-2zM4 16h2v2H4v-2zm16 0H8v2h12v-2z\" fill=\"currentColor\"><\/path><\/svg><svg style=\"fill: #999;color:#999\" class=\"arrow-unsorted-368013\" xmlns=\"http:\/\/www.w3.org\/2000\/svg\" width=\"10px\" height=\"10px\" viewbox=\"0 0 24 24\" version=\"1.2\" baseprofile=\"tiny\"><path d=\"M18.2 9.3l-6.2-6.3-6.2 6.3c-.2.2-.3.4-.3.7s.1.5.3.7c.2.2.4.3.7.3h11c.3 0 .5-.1.7-.3.2-.2.3-.5.3-.7s-.1-.5-.3-.7zM5.8 14.7l6.2 6.3 6.2-6.3c.2-.2.3-.5.3-.7s-.1-.5-.3-.7c-.2-.2-.4-.3-.7-.3h-11c-.3 0-.5.1-.7.3-.2.2-.3.5-.3.7s.1.5.3.7z\"\/><\/svg><\/span><\/span><\/label><input type=\"checkbox\"  id=\"ez-toc-cssicon-toggle-item-69f168f3ae7b4\" checked aria-label=\"Toggle\" \/><nav><ul class='ez-toc-list ez-toc-list-level-1' ><li class='ez-toc-page-1 ez-toc-heading-level-2'><a class=\"ez-toc-link ez-toc-heading-1\" href=\"https:\/\/comparemyjet.com\/ro\/hopscotch-air\/#About_the_Company\" >Despre companie<\/a><\/li><li class='ez-toc-page-1 ez-toc-heading-level-2'><a class=\"ez-toc-link ez-toc-heading-2\" href=\"https:\/\/comparemyjet.com\/ro\/hopscotch-air\/#Membership_Programs\" >Programe de membru<\/a><ul class='ez-toc-list-level-3' ><li class='ez-toc-heading-level-3'><a class=\"ez-toc-link ez-toc-heading-3\" href=\"https:\/\/comparemyjet.com\/ro\/hopscotch-air\/#ClubScotch\" >ClubScotch<\/a><\/li><\/ul><\/li><li class='ez-toc-page-1 ez-toc-heading-level-2'><a class=\"ez-toc-link ez-toc-heading-4\" href=\"https:\/\/comparemyjet.com\/ro\/hopscotch-air\/#Destinations_and_Pricing\" >Destina\u021bii \u0219i pre\u021buri<\/a><\/li><li class='ez-toc-page-1 ez-toc-heading-level-2'><a class=\"ez-toc-link ez-toc-heading-5\" href=\"https:\/\/comparemyjet.com\/ro\/hopscotch-air\/#The_Fleet\" >Flota&nbsp;<\/a><ul class='ez-toc-list-level-3' ><li class='ez-toc-heading-level-3'><a class=\"ez-toc-link ez-toc-heading-6\" href=\"https:\/\/comparemyjet.com\/ro\/hopscotch-air\/#1_Very_Light_Jets\" >1. Jeturi foarte u\u0219oare<\/a><ul class='ez-toc-list-level-4' ><li class='ez-toc-heading-level-4'><a class=\"ez-toc-link ez-toc-heading-7\" href=\"https:\/\/comparemyjet.com\/ro\/hopscotch-air\/#Our_Recommendation_The_Cirrus_SR20\" >Recomandarea noastr\u0103: Cirrus SR20&nbsp;<\/a><\/li><li class='ez-toc-page-1 ez-toc-heading-level-4'><a class=\"ez-toc-link ez-toc-heading-8\" href=\"https:\/\/comparemyjet.com\/ro\/hopscotch-air\/#Our_Recommendation_The_Cirrus_SR22\" >Recomandarea noastr\u0103: Cirrus SR22<\/a><\/li><\/ul><\/li><\/ul><\/li><li class='ez-toc-page-1 ez-toc-heading-level-2'><a class=\"ez-toc-link ez-toc-heading-9\" href=\"https:\/\/comparemyjet.com\/ro\/hopscotch-air\/#Company_Safety_Policy_and_Standards\" >Politica \u0219i standardele de siguran\u021b\u0103 ale companiei&nbsp;<\/a><\/li><li class='ez-toc-page-1 ez-toc-heading-level-2'><a class=\"ez-toc-link ez-toc-heading-10\" href=\"https:\/\/comparemyjet.com\/ro\/hopscotch-air\/#Partnerships\" >Parteneriate<\/a><\/li><li class='ez-toc-page-1 ez-toc-heading-level-2'><a class=\"ez-toc-link ez-toc-heading-11\" href=\"https:\/\/comparemyjet.com\/ro\/hopscotch-air\/#Conclusion\" >Concluzie<\/a><\/li><\/ul><\/nav><\/div>\n<h2 class=\"wp-block-heading\"><span class=\"ez-toc-section\" id=\"About_the_Company\"><\/span>Despre companie<span class=\"ez-toc-section-end\"><\/span><\/h2>\r\n\r\n\r\n\r\n<p>Hopscotch Air este un <a href=\"https:\/\/www.faa.gov\/\" target=\"_blank\" rel=\"noopener\">FAA<\/a>-transportator aerian certificat, cu sediul \u00een <a href=\"https:\/\/comparemyjet.com\/ro\/tururi-private\/new-york-city-private-tours\/\" data-internallinksmanager029f6b8e52c=\"427\" title=\"11 cele mai bune tururi private \u00een New York City de la $48.00\">New York<\/a>, cu hub-uri situate la aeroporturile Republic Farmingdale, Westchester County \u0219i Teterboro.&nbsp;<\/p>\r\n\r\n\r\n\r\n<p>Compania are propria flot\u0103 de aeronave \u0219i ofer\u0103 un program de abonament, cu taxe de intrare \u0219i de membru care \u00eencep de la $3.900. Programul de baz\u0103 este The Jet Card, un serviciu de tip \"pay-as-you-go\", cu pre\u021buri fixe \u0219i fixe \u00een func\u021bie de rut\u0103.&nbsp;<\/p>\r\n\r\n\r\n\r\n<p>S\u0103 analiz\u0103m mai \u00een detaliu aceste programe de membru.<\/p>\r\n\r\n\r\n\r\n<h2 class=\"wp-block-heading\"><span class=\"ez-toc-section\" id=\"Membership_Programs\"><\/span>Programe de membru<span class=\"ez-toc-section-end\"><\/span><\/h2>\r\n\r\n\r\n\r\n<figure class=\"wp-block-image size-full is-style-default\"><img loading=\"lazy\" decoding=\"async\" width=\"1000\" height=\"667\" src=\"https:\/\/comparemyjet.com\/wp-content\/uploads\/2022\/07\/cirrus.sr_.22.jpg\" alt=\"\" class=\"wp-image-3174\" srcset=\"https:\/\/comparemyjet.com\/wp-content\/uploads\/2022\/07\/cirrus.sr_.22-18x12.jpg 18w, https:\/\/comparemyjet.com\/wp-content\/uploads\/2022\/07\/cirrus.sr_.22-300x200.jpg 300w, https:\/\/comparemyjet.com\/wp-content\/uploads\/2022\/07\/cirrus.sr_.22-768x512.jpg 768w, https:\/\/comparemyjet.com\/wp-content\/uploads\/2022\/07\/cirrus.sr_.22.jpg 1000w\" sizes=\"auto, (max-width: 1000px) 100vw, 1000px\" \/><\/figure>\r\n\r\n\r\n\r\n<p>Compania \u0219i-a \u00eenceput programul de aderare \u00een 2019. Membrii pl\u0103tesc $325 pe lun\u0103 \u0219i se bucur\u0103 de reduceri exclusive \u0219i alte beneficii.&nbsp;<\/p>\r\n\r\n\r\n\r\n<p>Pute\u021bi deveni membru contact\u00e2ndu-i pe site-ul lor <a href=\"https:\/\/flyhopscotch.com\/join-clubscotch\/\" target=\"_blank\" rel=\"noopener\">site<\/a>.<\/p>\r\n\r\n\r\n\r\n<h3 class=\"wp-block-heading\"><span class=\"ez-toc-section\" id=\"ClubScotch\"><\/span>ClubScotch<span class=\"ez-toc-section-end\"><\/span><\/h3>\r\n\r\n\r\n\r\n<p>\u00cen tot nord-estul, \u00een zona de mijloc a Atlanticului \u0219i \u00een Canada, Hopscotch v\u0103 va duce la sute de aeroporturi, de la cele mai mici la cele mai mari. Avioanele lor v\u0103 pot transporta c\u0103tre aeroporturi mai mici, mai pu\u021bin aglomerate \u0219i mai aproape de destina\u021bia final\u0103. Toate zborurile pleac\u0103 \u00een func\u021bie de programul dumneavoastr\u0103.<\/p>\r\n\r\n\r\n\r\n<p>Pentru a deveni membru al ClubScoth, trebuie s\u0103 v\u0103 lua\u021bi un angajament pe un an. Pute\u021bi alege s\u0103 pl\u0103ti\u021bi $325 pe lun\u0103 sau $3.250 pe an.<\/p>\r\n\r\n\r\n\r\n<p>Membrii au la dispozi\u021bie o programare prioritar\u0103, precum \u0219i acces rapid la echipa lor de experien\u021b\u0103 a clien\u021bilor. \u00cen calitate de membru ClubScotch, sunte\u021bi eligibil pentru program\u0103ri de ultim moment \u0219i timp de a\u0219teptare gratuit de p\u00e2n\u0103 la 15 ore. Pute\u021bi utiliza aceste 15 ore de \u00eent\u00e2rziere gratuit\u0103 de propagare pe parcursul \u00eentregului an. Aceasta reprezint\u0103 o reducere anual\u0103 de peste $1.000 de euro.<\/p>\r\n\r\n\r\n\r\n<p>Poate dori\u021bi s\u0103 petrece\u021bi noaptea la destina\u021bie? O noapte gratuit\u0103 este oferit\u0103 o dat\u0103 pe an (<a href=\"https:\/\/comparemyjet.com\/ro\/hotels\/\" data-internallinksmanager029f6b8e52c=\"470\" title=\"100 cele mai bune hoteluri din apropierea aeroporturilor din \u00eentreaga lume\">hotel<\/a> \u0219i m\u00e2ncare nu sunt incluse). Avionul v\u0103 va a\u0219tepta a doua zi pentru a finaliza c\u0103l\u0103toria dus-\u00eentors.&nbsp;<\/p>\r\n\r\n\r\n\r\n<p>Politica de anulare a companiei v\u0103 permite s\u0103 v\u0103 schimba\u021bi data\/ruta \u0219i este destul de flexibil\u0103 pentru membri. Nu ve\u021bi fi taxat pentru nicio modificare pe care o face\u021bi \u00een timpul c\u0103l\u0103toriei. Cei care nu sunt membri au la dispozi\u021bie 48 de ore pentru a anula zborurile pentru o rambursare, \u00een timp ce membrii au la dispozi\u021bie 24 de ore.<\/p>\r\n\r\n\r\n\r\n<p>Cele mai mari avantaje de care beneficiaz\u0103 membrii ClubScotch sunt c\u0103, \u00een general, pl\u0103tesc adesea cu aproximativ 25% mai pu\u021bin dec\u00e2t cei care nu sunt membri la pre\u021bul de v\u00e2nzare cu am\u0103nuntul \u0219i au acces la site-ul ClubScotch pentru a-\u0219i verifica online istoricul zborurilor \u0219i soldul contului.<\/p>\r\n\r\n\r\n\r\n<h2 class=\"wp-block-heading\"><span class=\"ez-toc-section\" id=\"Destinations_and_Pricing\"><\/span>Destina\u021bii \u0219i pre\u021buri<span class=\"ez-toc-section-end\"><\/span><\/h2>\r\n\r\n\r\n\r\n<p>De obicei, SR22-urile iau pasagerii de pe aeroporturile din New York, iar destina\u021biile cele mai \u00eendep\u0103rtate sunt la vest, spre <a href=\"https:\/\/comparemyjet.com\/ro\/private-jet-charters-to-chicago\/\" data-internallinksmanager029f6b8e52c=\"170\" title=\"Private Jet Charterele de la Chicago\">Chicago<\/a> sau la sud, \u00een Carolina de Sud.&nbsp;<\/p>\r\n\r\n\r\n\r\n<p>Tabelul urm\u0103tor include pre\u021burile pentru o c\u0103l\u0103torie \u00eentr-o singur\u0103 direc\u021bie \u00een aceea\u0219i zi cu plecare din White Plains, Farmingdale \u0219i Teterboro.&nbsp;<\/p>\r\n\r\n\r\n\r\n<figure class=\"wp-block-table\"><table><tbody><tr><td>Destina\u021bii<\/td><td>Pre\u021buri dus-\u00eentors<\/td><\/tr><tr><td><a href=\"https:\/\/comparemyjet.com\/ro\/tururi-private\/philadelphia-private-tours\/\" data-internallinksmanager029f6b8e52c=\"430\" title=\"11 cele mai bune tururi private \u00een Philadelphia de la $245.00\">Philadelphia<\/a>&nbsp;<\/td><td>$1,956<\/td><\/tr><tr><td>Atlantic City&nbsp;<\/td><td>$2,019<\/td><\/tr><tr><td>Newport&nbsp;<\/td><td>$2,144<\/td><\/tr><tr><td><a href=\"https:\/\/comparemyjet.com\/ro\/private-jet-charters-to-boston\/\" data-internallinksmanager029f6b8e52c=\"177\" title=\"Private Jet Charterele Private la Boston\">Boston<\/a> - Bedford&nbsp;<\/td><td>$2,426<\/td><\/tr><tr><td>Martha's Vineyard&nbsp;<\/td><td>$2,489<\/td><\/tr><tr><td>Nantucket&nbsp;<\/td><td>$2,802<\/td><\/tr><tr><td>Provincetown&nbsp;<\/td><td>$2,834<\/td><\/tr><tr><td>Boston - Logan&nbsp;<\/td><td>$2,888<\/td><\/tr><tr><td>Burlington&nbsp;<\/td><td>$3,335<\/td><\/tr><\/tbody><\/table><\/figure>\r\n\r\n\r\n\r\n<p>Hopscotch deserve\u0219te nord-estul Statelor Unite, regiunea Mid-Atlantic \u0219i p\u0103r\u021bi din Ontario \u0219i Quebec. Cele mai populare escapade de prim\u0103var\u0103 \u0219i var\u0103 sunt:<\/p>\r\n\r\n\r\n\r\n<ul class=\"wp-block-list\"><li>Cape Cod,&nbsp;<\/li><li>Provincetown, Provincetown,&nbsp;<\/li><li>Martha's Vineyard,&nbsp;<\/li><li>East Hampton,&nbsp;<\/li><li>Burlington,&nbsp;<\/li><li><a href=\"https:\/\/comparemyjet.com\/ro\/tururi-private\/portland-private-tours\/\" data-internallinksmanager029f6b8e52c=\"432\" title=\"11 cele mai bune tururi private \u00een Portland de la $48.00\">Portland<\/a>,&nbsp;<\/li><li>Block Island,&nbsp;<\/li><li>Great Barrington,&nbsp;<\/li><li>\u0219i Stowe.&nbsp;<\/li><\/ul>\r\n\r\n\r\n\r\n<p>Cu toate acestea, ei zboar\u0103, de asemenea, \u00een loca\u021bii \u00eendep\u0103rtate din nordul statului New York, Massachusetts, Pennsylvania \u0219i New York. <a href=\"https:\/\/comparemyjet.com\/ro\/private-jet-charters-to-jersey\/\" data-internallinksmanager029f6b8e52c=\"176\" title=\"Private Jet Charterele de la Jersey\">Jersey<\/a>. Destina\u021biile din New England se num\u0103r\u0103 printre cele mai populare rute ale Hopscotch Air.<\/p>\r\n\r\n\r\n\r\n<p>Nu exist\u0103 nicio garan\u021bie a disponibilit\u0103\u021bii aeronavelor, iar tarifele sunt stabilite \u00een func\u021bie de rut\u0103.<\/p>\r\n\r\n\r\n\r\n<h2 class=\"wp-block-heading\"><span class=\"ez-toc-section\" id=\"The_Fleet\"><\/span>Flota&nbsp;<span class=\"ez-toc-section-end\"><\/span><\/h2>\r\n\r\n\r\n\r\n<figure class=\"wp-block-image size-full is-style-default\"><img loading=\"lazy\" decoding=\"async\" width=\"1000\" height=\"606\" src=\"https:\/\/comparemyjet.com\/wp-content\/uploads\/2022\/07\/cirrus.fleet_.jpg\" alt=\"\" class=\"wp-image-3173\" srcset=\"https:\/\/comparemyjet.com\/wp-content\/uploads\/2022\/07\/cirrus.fleet_-18x12.jpg 18w, https:\/\/comparemyjet.com\/wp-content\/uploads\/2022\/07\/cirrus.fleet_-300x182.jpg 300w, https:\/\/comparemyjet.com\/wp-content\/uploads\/2022\/07\/cirrus.fleet_-768x465.jpg 768w, https:\/\/comparemyjet.com\/wp-content\/uploads\/2022\/07\/cirrus.fleet_.jpg 1000w\" sizes=\"auto, (max-width: 1000px) 100vw, 1000px\" \/><\/figure>\r\n\r\n\r\n\r\n<p>Hopscotch Air este o companie de taxi aerian care opereaz\u0103 o flot\u0103 de aeronave Cirrus SR-20\/22. Aceste avioane pot zbura p\u00e2n\u0103 la 800 de mile f\u0103r\u0103 a se opri pentru realimentare.&nbsp;<\/p>\r\n\r\n\r\n\r\n<p>Chiar dac\u0103 zborurile cu un avion monomotor cu piston dureaz\u0103 mai mult dec\u00e2t cele cu un avion cu reac\u021bie, acestea pot ateriza pe aeroporturi mai mici, cu piste mai scurte, \u0219i sunt perfecte pentru un grup de trei persoane. Avioanele Cirrus pot accesa mii de aeroporturi publice din regiunea Nord-Est.<\/p>\r\n\r\n\r\n\r\n<h3 class=\"wp-block-heading\"><span class=\"ez-toc-section\" id=\"1_Very_Light_Jets\"><\/span>1. Jeturi foarte u\u0219oare<span class=\"ez-toc-section-end\"><\/span><\/h3>\r\n\r\n\r\n\r\n<p>Avionul foarte u\u0219or este cea mai mic\u0103 \u0219i cea mai economic\u0103 form\u0103 de avion privat. Acestea sunt ideale pentru c\u0103l\u0103torii scurte pe distan\u021be mici, cu o autonomie de aproximativ 3.000 de kilometri \u0219i o vitez\u0103 orar\u0103 de peste 600 mph. Aceste avioane sunt ideale pentru c\u0103l\u0103torii regionale \u0219i, de obicei, pot g\u0103zdui \u00eentre 3 \u0219i 6 persoane.<\/p>\r\n\r\n\r\n\r\n<h4 class=\"wp-block-heading\"><span class=\"ez-toc-section\" id=\"Our_Recommendation_The_Cirrus_SR20\"><\/span>Recomandarea noastr\u0103: Cirrus SR20&nbsp;<span class=\"ez-toc-section-end\"><\/span><\/h4>\r\n\r\n\r\n\r\n<p>Cirrus Aircraft din Duluth, Minnesota, produce Cirrus SR20, un monoplan compozit cu patru locuri propulsat de un motor cu piston.<\/p>\r\n\r\n\r\n\r\n<p>SR20 a fost primul avion de avia\u021bie general\u0103 echipat cu o para\u0219ut\u0103 pentru a ateriza \u00een siguran\u021b\u0103 \u00een caz de urgen\u021b\u0103. Este, de asemenea, primul avion u\u0219or construit \u00een \u00eentregime din materiale compozite.<\/p>\r\n\r\n\r\n\r\n<p>Specifica\u021biile \u0219i performan\u021bele modelului Cirrus SR20:<\/p>\r\n\r\n\r\n\r\n<ul class=\"wp-block-list\"><li>Pasageri: 3;<\/li><li>\u00cen\u0103l\u021bimea exterioar\u0103: 8 ft 11 in;<\/li><li>Lungime exterioar\u0103: 26 ft;<\/li><li>L\u0103\u021bimea cabinei: 4 ft 1 in;<\/li><li>\u00cen\u0103l\u021bimea cabinei: 4 ft 2 in;<\/li><li>Lungimea cabinei: 10 ft 10 in;<\/li><li>Rata de urcare: 920 fpm;<\/li><li>Croazier\u0103 normal\u0103: 155 kts;<\/li><li>Viteza maxim\u0103: 155 kts;<\/li><li>Gama maxim\u0103: 785 nm;<\/li><li>Capacitate de combustibil: 336 lbs lb;<\/li><li>Sarcina util\u0103 maxim\u0103: 720 lb;<\/li><li>Echipaj: 1.<\/li><\/ul>\r\n\r\n\r\n\r\n<h4 class=\"wp-block-heading\"><span class=\"ez-toc-section\" id=\"Our_Recommendation_The_Cirrus_SR22\"><\/span>Recomandarea noastr\u0103: Cirrus SR22<span class=\"ez-toc-section-end\"><\/span><\/h4>\r\n\r\n\r\n\r\n<p>Cirrus SR22 a fost proiectat cu meticulozitate pentru a v\u0103 oferi cea mai bun\u0103 experien\u021b\u0103 de zbor. Ofer\u0103 inova\u021bii tehnice sofisticate, performan\u021be antrenante \u0219i un fler de neegalat. Interiorul spa\u021bios al modelului SR22, care ofer\u0103 mult spa\u021biu pentru picioare pentru pasageri, este una dintre cele mai puternice caracteristici ale sale.<\/p>\r\n\r\n\r\n\r\n<p>Specifica\u021biile \u0219i performan\u021bele modelului Cirrus SR22:<\/p>\r\n\r\n\r\n\r\n<ul class=\"wp-block-list\"><li>Pasageri: 4;<\/li><li>\u00cen\u0103l\u021bimea exterioar\u0103: 8 ft 11 in;<\/li><li>Anvergura aripilor: 38 ft 4 in;<\/li><li>Lungime exterioar\u0103: 26 ft;<\/li><li>Volumul cabinei: 137 cu ft;<\/li><li>L\u0103\u021bimea cabinei: 4 ft 1 in;<\/li><li>\u00cen\u0103l\u021bimea cabinei: 4 ft 2 in;<\/li><li>Lungimea cabinei: 8 ft;<\/li><li>Bagaje interne: 32 cu ft;<\/li><li>Capacitate de combustibil: 486 lbs lb;<\/li><li>Sarcina util\u0103 maxim\u0103: 950 lb;<\/li><li>Viteza maxim\u0103: 186 kts;<\/li><li>Distan\u021ba de zbor: 659 nm - 1100 nm;<\/li><li>Distan\u021ba de aterizare: 4005 ft;<\/li><li>Rata de urcare: 1400 fpm;<\/li><li>Echipaj: 1.<\/li><\/ul>\r\n\r\n\r\n\r\n<h2 class=\"wp-block-heading\"><span class=\"ez-toc-section\" id=\"Company_Safety_Policy_and_Standards\"><\/span>Politica \u0219i standardele de siguran\u021b\u0103 ale companiei&nbsp;<span class=\"ez-toc-section-end\"><\/span><\/h2>\r\n\r\n\r\n\r\n<figure class=\"wp-block-image size-full is-style-default\"><img loading=\"lazy\" decoding=\"async\" width=\"1000\" height=\"662\" src=\"https:\/\/comparemyjet.com\/wp-content\/uploads\/2022\/07\/pilot.greeting.young_.couple-1.jpg\" alt=\"Hopscotch Air\" class=\"wp-image-3176\" srcset=\"https:\/\/comparemyjet.com\/wp-content\/uploads\/2022\/07\/pilot.greeting.young_.couple-1-18x12.jpg 18w, https:\/\/comparemyjet.com\/wp-content\/uploads\/2022\/07\/pilot.greeting.young_.couple-1-300x199.jpg 300w, https:\/\/comparemyjet.com\/wp-content\/uploads\/2022\/07\/pilot.greeting.young_.couple-1-768x508.jpg 768w, https:\/\/comparemyjet.com\/wp-content\/uploads\/2022\/07\/pilot.greeting.young_.couple-1.jpg 1000w\" sizes=\"auto, (max-width: 1000px) 100vw, 1000px\" \/><\/figure>\r\n\r\n\r\n\r\n<p>Puntea de lupt\u0103 sofisticat\u0103 \u0219i pilotul automat al SR 22\/20 permit zborul cu un singur pilot, dar avioanele sunt dotate cu o para\u0219ut\u0103 de urgen\u021b\u0103 pe tot parcursul zborului, ceea ce, potrivit companiei, reprezint\u0103 un punct de v\u00e2nzare cheie pentru consumatori.<\/p>\r\n\r\n\r\n\r\n<p>SR 20\/22 sunt, de asemenea <a href=\"https:\/\/www.faa.gov\/about\/office_org\/headquarters_offices\/ato\/service_units\/techops\/navservices\/gnss\/waas\" target=\"_blank\" rel=\"noopener\">WAAS (Sistem de augmentare a zonei extinse)<\/a>) capabile \u0219i certificate s\u0103 zboare \u00een situa\u021bii dificile de givraj. \u00cen plus, avioanele sunt dotate cu WAAS, un sistem combinat sol\/GPS care permite aeronavelor s\u0103 aterizeze cu precizie pe aeroporturile unde un sistem <a href=\"https:\/\/skybrary.aero\/articles\/instrument-landing-system-ils\" target=\"_blank\" rel=\"noopener\">ILS<\/a> nu este prezent sau opera\u021bional.<\/p>\r\n\r\n\r\n\r\n<p>Nassau Flyers, un atelier de repara\u021bii autorizat de fabrica Cirrus din apropiere, efectueaz\u0103 toate modific\u0103rile \u0219i alte lucr\u0103ri de \u00eentre\u021binere structural\u0103 \u0219i a motorului la sol.<\/p>\r\n\r\n\r\n\r\n<h2 class=\"wp-block-heading\"><span class=\"ez-toc-section\" id=\"Partnerships\"><\/span>Parteneriate<span class=\"ez-toc-section-end\"><\/span><\/h2>\r\n\r\n\r\n\r\n<p>Hopscotch \u0219i Linear Air s-au asociat pentru a opera singurul serviciu de zbor regulat f\u0103r\u0103 escal\u0103 care leag\u0103 White Plains de zona metropolitan\u0103 Boston.<\/p>\r\n\r\n\r\n\r\n<p>La fel ca Hopscotch, Linear Air opereaz\u0103, de asemenea, avioane Eclipse VLJ (avioane foarte u\u0219oare). \u00cempreun\u0103, cele dou\u0103 companii ofer\u0103 consumatorilor o varietate de op\u021biuni de vitez\u0103 \u0219i autonomie pentru taxiurile aeriene la cerere.<\/p>\r\n\r\n\r\n\r\n<h2 class=\"wp-block-heading\"><span class=\"ez-toc-section\" id=\"Conclusion\"><\/span>Concluzie<span class=\"ez-toc-section-end\"><\/span><\/h2>\r\n\r\n\r\n\r\n<p>Sub marca ClubScotch, Hopscotch Air ofer\u0103 un program de abonament pentru Cirrus SR22 \u0219i SR20 cu un singur motor cu piston \u00een nord-estul \u0219i \u00een zona Mid-Atlantic, cu pre\u021buri fixe. Fiecare avion poate g\u0103zdui p\u00e2n\u0103 la patru c\u0103l\u0103tori.<\/p>\r\n\r\n\r\n\r\n<p>Din cauza num\u0103rului tot mai mare de clien\u021bi, compania inten\u021bioneaz\u0103 s\u0103 lanseze o nou\u0103 flot\u0103 de aeronave cu turbopropulsie de opt locuri pentru a cre\u0219te capacitatea, \u00een timp ce a semnat deja cu Transcend Air Corporation pentru a achizi\u021biona aeronava premiat\u0103 Vy 400 cu decolare \u0219i aterizare vertical\u0103. Aceste avioane vor fi folosite pentru a extinde rutele din afara aeroporturilor.&nbsp;<\/p>\r\n\r\n\r\n\r\n<p>Spre deosebire de un charter tipic, Hopscotch nu percepe taxe pe or\u0103 \u0219i nici nu adaug\u0103 taxe pentru combustibil. \u00cen momentul rezerv\u0103rii, ace\u0219tia ofer\u0103 un pre\u021b unic \u0219i fix.&nbsp;<\/p>","protected":false},"excerpt":{"rendered":"<p>Hopscotch Air este o companie de taxi aerian de ultim\u0103 genera\u021bie, care transport\u0103 pasageri \u00een nord-estul \u021b\u0103rii, \u00een partea de mijloc a Atlanticului \u0219i \u00een Canada cu aeronave Cirrus mici, dar sofisticate din punct de vedere tehnologic. Compania a fost certificat\u0103 \u00een 2009 \u0219i acum efectueaz\u0103 aproximativ 1400 de curse \u00een fiecare an, la o frac\u021biune din costul zborurilor charter obi\u0219nuite, \u00een principal datorit\u0103 economiei mai ieftine ...<\/p>","protected":false},"author":2,"featured_media":3175,"parent":0,"menu_order":0,"comment_status":"closed","ping_status":"closed","template":"","meta":{"_acf_changed":false,"_genesis_hide_title":false,"_genesis_hide_breadcrumbs":false,"_genesis_hide_singular_image":false,"_genesis_hide_footer_widgets":false,"_genesis_custom_body_class":"","_genesis_custom_post_class":"","_genesis_layout":"","footnotes":""},"class_list":{"1":"page","2":"type-page","6":"entry"},"acf":[],"_links":{"self":[{"href":"https:\/\/comparemyjet.com\/ro\/wp-json\/wp\/v2\/pages\/3172","targetHints":{"allow":["GET"]}}],"collection":[{"href":"https:\/\/comparemyjet.com\/ro\/wp-json\/wp\/v2\/pages"}],"about":[{"href":"https:\/\/comparemyjet.com\/ro\/wp-json\/wp\/v2\/types\/page"}],"author":[{"embeddable":true,"href":"https:\/\/comparemyjet.com\/ro\/wp-json\/wp\/v2\/users\/2"}],"replies":[{"embeddable":true,"href":"https:\/\/comparemyjet.com\/ro\/wp-json\/wp\/v2\/comments?post=3172"}],"version-history":[{"count":2,"href":"https:\/\/comparemyjet.com\/ro\/wp-json\/wp\/v2\/pages\/3172\/revisions"}],"predecessor-version":[{"id":3451,"href":"https:\/\/comparemyjet.com\/ro\/wp-json\/wp\/v2\/pages\/3172\/revisions\/3451"}],"wp:featuredmedia":[{"embeddable":true,"href":"https:\/\/comparemyjet.com\/ro\/wp-json\/wp\/v2\/media\/3175"}],"wp:attachment":[{"href":"https:\/\/comparemyjet.com\/ro\/wp-json\/wp\/v2\/media?parent=3172"}],"curies":[{"name":"wp","href":"https:\/\/api.w.org\/{rel}","templated":true}]}}