{"id":3182,"date":"2022-08-04T21:07:59","date_gmt":"2022-08-04T21:07:59","guid":{"rendered":"https:\/\/comparemyjet.com\/?page_id=3182"},"modified":"2025-09-04T09:58:20","modified_gmt":"2025-09-04T09:58:20","slug":"fxair","status":"publish","type":"page","link":"https:\/\/comparemyjet.com\/ro\/fxair\/","title":{"rendered":"Pre\u021burile de zbor FXAIR"},"content":{"rendered":"<p>FXAIR este o companie charter privat\u0103 relativ nou\u0103, care \u0219i-a \u00eenceput activitatea \u00een 2020. Compania a crescut exponen\u021bial de atunci, par\u021bial datorit\u0103 popularit\u0103\u021bii tot mai mari a c\u0103l\u0103toriilor aeriene private odat\u0103 cu pandemia COVID-19.<\/p>\r\n\r\n\r\n\r\n<p>FXAIR face parte din familia de companii Directional Aviation, fondat\u0103 de Ken Ricci, care include <a href=\"https:\/\/comparemyjet.com\/ro\/flexjet\/\" data-internallinksmanager029f6b8e52c=\"187\" title=\"Proprietatea frac\u021bionat\u0103 Flexjet Jet\">Flexjet<\/a>, <a href=\"https:\/\/comparemyjet.com\/ro\/sentient-jet\/\" data-internallinksmanager029f6b8e52c=\"106\" title=\"Sentient Jet Pre\u021buri de zbor\">Jet sim\u021bitor<\/a>, <a href=\"https:\/\/comparemyjet.com\/ro\/privatefly\/\" data-internallinksmanager029f6b8e52c=\"115\" title=\"Pre\u021buri de zbor PrivateFly\">PrivateFly<\/a>, Tivoli \u0219i FXAIR, precum \u0219i Nextant Aerospace (produc\u0103tor de avioane cu reac\u021bie) \u0219i Sojourn Aviation (firm\u0103 de v\u00e2nz\u0103ri de avioane cu reac\u021bie). Ofer\u0103 un program de afiliere charter \u0219i leasing de avioane private la cerere. S\u0103 arunc\u0103m o privire mai detaliat\u0103 asupra acestor servicii, dar mai \u00eent\u00e2i, c\u00e2teva cuvinte despre compania \u00een sine.<\/p>\r\n\r\n\r\n\r\n<div id=\"ez-toc-container\" class=\"ez-toc-v2_0_76 counter-hierarchy ez-toc-counter ez-toc-grey ez-toc-container-direction\">\n<p class=\"ez-toc-title\" style=\"cursor:inherit\">Subiecte<\/p>\n<label for=\"ez-toc-cssicon-toggle-item-69de7d39eb5d4\" class=\"ez-toc-cssicon-toggle-label\"><span class=\"\"><span class=\"eztoc-hide\" style=\"display:none;\">Toggle<\/span><span class=\"ez-toc-icon-toggle-span\"><svg style=\"fill: #999;color:#999\" xmlns=\"http:\/\/www.w3.org\/2000\/svg\" class=\"list-377408\" width=\"20px\" height=\"20px\" viewbox=\"0 0 24 24\" fill=\"none\"><path d=\"M6 6H4v2h2V6zm14 0H8v2h12V6zM4 11h2v2H4v-2zm16 0H8v2h12v-2zM4 16h2v2H4v-2zm16 0H8v2h12v-2z\" fill=\"currentColor\"><\/path><\/svg><svg style=\"fill: #999;color:#999\" class=\"arrow-unsorted-368013\" xmlns=\"http:\/\/www.w3.org\/2000\/svg\" width=\"10px\" height=\"10px\" viewbox=\"0 0 24 24\" version=\"1.2\" baseprofile=\"tiny\"><path d=\"M18.2 9.3l-6.2-6.3-6.2 6.3c-.2.2-.3.4-.3.7s.1.5.3.7c.2.2.4.3.7.3h11c.3 0 .5-.1.7-.3.2-.2.3-.5.3-.7s-.1-.5-.3-.7zM5.8 14.7l6.2 6.3 6.2-6.3c.2-.2.3-.5.3-.7s-.1-.5-.3-.7c-.2-.2-.4-.3-.7-.3h-11c-.3 0-.5.1-.7.3-.2.2-.3.5-.3.7s.1.5.3.7z\"\/><\/svg><\/span><\/span><\/label><input type=\"checkbox\"  id=\"ez-toc-cssicon-toggle-item-69de7d39eb5d4\" checked aria-label=\"Toggle\" \/><nav><ul class='ez-toc-list ez-toc-list-level-1' ><li class='ez-toc-page-1 ez-toc-heading-level-2'><a class=\"ez-toc-link ez-toc-heading-1\" href=\"https:\/\/comparemyjet.com\/ro\/fxair\/#About_the_Company\" >Despre companie<\/a><\/li><li class='ez-toc-page-1 ez-toc-heading-level-2'><a class=\"ez-toc-link ez-toc-heading-2\" href=\"https:\/\/comparemyjet.com\/ro\/fxair\/#Company_Membership_Program\" >Programul de membru al companiei<\/a><\/li><li class='ez-toc-page-1 ez-toc-heading-level-2'><a class=\"ez-toc-link ez-toc-heading-3\" href=\"https:\/\/comparemyjet.com\/ro\/fxair\/#On-Demand_Charter_Flight\" >Zbor charter la cerere<\/a><\/li><li class='ez-toc-page-1 ez-toc-heading-level-2'><a class=\"ez-toc-link ez-toc-heading-4\" href=\"https:\/\/comparemyjet.com\/ro\/fxair\/#The_Fleet\" >Flota&nbsp;<\/a><ul class='ez-toc-list-level-3' ><li class='ez-toc-heading-level-3'><a class=\"ez-toc-link ez-toc-heading-5\" href=\"https:\/\/comparemyjet.com\/ro\/fxair\/#1_Light_Private_Jets\" >1. Avioane private u\u0219oare<\/a><ul class='ez-toc-list-level-4' ><li class='ez-toc-heading-level-4'><a class=\"ez-toc-link ez-toc-heading-6\" href=\"https:\/\/comparemyjet.com\/ro\/fxair\/#Our_Recommendation_The_Nextant_400XT\" >Recomandarea noastr\u0103: Nextant 400XT<\/a><\/li><\/ul><\/li><li class='ez-toc-page-1 ez-toc-heading-level-3'><a class=\"ez-toc-link ez-toc-heading-7\" href=\"https:\/\/comparemyjet.com\/ro\/fxair\/#2_Midsize_Private_Jets\" >2. Avioane private de dimensiuni medii<\/a><ul class='ez-toc-list-level-4' ><li class='ez-toc-heading-level-4'><a class=\"ez-toc-link ez-toc-heading-8\" href=\"https:\/\/comparemyjet.com\/ro\/fxair\/#Our_Recommendation_The_Citation_Excel\" >Recomandarea noastr\u0103: Citation Excel<\/a><\/li><\/ul><\/li><li class='ez-toc-page-1 ez-toc-heading-level-3'><a class=\"ez-toc-link ez-toc-heading-9\" href=\"https:\/\/comparemyjet.com\/ro\/fxair\/#3_Super-Midsize_Private_Jets\" >3. Avioane private de dimensiuni medii&nbsp;<\/a><ul class='ez-toc-list-level-4' ><li class='ez-toc-heading-level-4'><a class=\"ez-toc-link ez-toc-heading-10\" href=\"https:\/\/comparemyjet.com\/ro\/fxair\/#Our_Recommendation_The_Falcon_50\" >Recomandarea noastr\u0103: Falcon 50&nbsp;<\/a><\/li><\/ul><\/li><li class='ez-toc-page-1 ez-toc-heading-level-3'><a class=\"ez-toc-link ez-toc-heading-11\" href=\"https:\/\/comparemyjet.com\/ro\/fxair\/#4_Large_Private_Jets\" >4. Avioane private mari<\/a><ul class='ez-toc-list-level-4' ><li class='ez-toc-heading-level-4'><a class=\"ez-toc-link ez-toc-heading-12\" href=\"https:\/\/comparemyjet.com\/ro\/fxair\/#Our_Recommendation_The_Gulfstream_GIV\" >Recomandarea noastr\u0103: Gulfstream GIV<\/a><\/li><\/ul><\/li><li class='ez-toc-page-1 ez-toc-heading-level-3'><a class=\"ez-toc-link ez-toc-heading-13\" href=\"https:\/\/comparemyjet.com\/ro\/fxair\/#5_Ultra-Long-Range_Private_Jets\" >5. Avioane private cu raz\u0103 foarte lung\u0103 de ac\u021biune<\/a><ul class='ez-toc-list-level-4' ><li class='ez-toc-heading-level-4'><a class=\"ez-toc-link ez-toc-heading-14\" href=\"https:\/\/comparemyjet.com\/ro\/fxair\/#Our_Recommendation_Gulfstream_GV\" >Recomandarea noastr\u0103: Gulfstream GV<\/a><\/li><\/ul><\/li><\/ul><\/li><li class='ez-toc-page-1 ez-toc-heading-level-2'><a class=\"ez-toc-link ez-toc-heading-15\" href=\"https:\/\/comparemyjet.com\/ro\/fxair\/#Company_Safety_Policy_and_Standards\" >Politica \u0219i standardele de siguran\u021b\u0103 ale companiei<\/a><\/li><li class='ez-toc-page-1 ez-toc-heading-level-2'><a class=\"ez-toc-link ez-toc-heading-16\" href=\"https:\/\/comparemyjet.com\/ro\/fxair\/#Conclusion\" >Concluzie<\/a><\/li><\/ul><\/nav><\/div>\n<h2 class=\"wp-block-heading\"><span class=\"ez-toc-section\" id=\"About_the_Company\"><\/span>Despre companie<span class=\"ez-toc-section-end\"><\/span><\/h2>\r\n\r\n\r\n\r\n<p>FXAIR este o firm\u0103 nou \u00eenfiin\u021bat\u0103, de\u021binut\u0103 de Directional Aviation, cu Andrew Collins ca CEO \u0219i Gregg Slow ca pre\u0219edinte, cu sediul \u00een <a href=\"https:\/\/comparemyjet.com\/ro\/tururi-private\/new-york-city-private-tours\/\" data-internallinksmanager029f6b8e52c=\"427\" title=\"11 cele mai bune tururi private \u00een New York City de la $48.00\">Ora\u0219ul New York<\/a>.&nbsp;<\/p>\r\n\r\n\r\n\r\n<p>FXAIR nu are o flot\u0103 proprie, ci utilizeaz\u0103 flota Flexjet \u0219i a altor operatori ter\u021bi. Prin intermediul programului Aviator, FXAIR ofer\u0103 clien\u021bilor s\u0103i acces prioritar la avioanele dorite, chiar \u0219i \u00een zilele \u00een care cererea este mare. Aeronavele din sistemul FXAIR sunt puse la dispozi\u021bie de companii care respect\u0103 cele mai \u00eenalte cerin\u021be de siguran\u021b\u0103, care adesea dep\u0103\u0219esc <a href=\"https:\/\/www.faa.gov\/\" target=\"_blank\" rel=\"noopener\">FAA<\/a> orient\u0103ri.<\/p>\r\n\r\n\r\n\r\n<h2 class=\"wp-block-heading\"><span class=\"ez-toc-section\" id=\"Company_Membership_Program\"><\/span>Programul de membru al companiei<span class=\"ez-toc-section-end\"><\/span><\/h2>\r\n\r\n\r\n\r\n<p>Programul de membru de baz\u0103 al FXAIR, Aviator Account, v\u0103 permite accesul prioritar la aeronavele Flexjet de a doua genera\u021bie. De asemenea, pute\u021bi profita de unele stimulente \u0219i oferte speciale dezvoltate exclusiv pentru pasagerii obi\u0219nui\u021bi, cum ar fi rezervarea prioritar\u0103 \u00een zilele aglomerate de c\u0103l\u0103torie.&nbsp;<\/p>\r\n\r\n\r\n\r\n<p>Este necesar\u0103 o investi\u021bie minim\u0103 de $100.000 pentru a activa acest program de membru. \u00cen calitate de membru, ve\u021bi beneficia de catering gratuit \u0219i Wi-Fi local gratuit, precum \u0219i de degivrare gratuit\u0103 \u0219i upgrade-uri gratuite, atunci c\u00e2nd sunt disponibile. Dac\u0103 v\u0103 rezerva\u021bi cu cel pu\u021bin o s\u0103pt\u0103m\u00e2n\u0103 \u00eenainte, pute\u021bi zbura prin Statele Unite cu un avion cu cabin\u0103 super-mid pentru o tax\u0103 fix\u0103 de $32.000. Soldul contului dvs. nu are o dat\u0103 de expirare \u0219i pute\u021bi ob\u021bine o rambursare a taxelor de membru.<\/p>\r\n\r\n\r\n\r\n<h2 class=\"wp-block-heading\"><span class=\"ez-toc-section\" id=\"On-Demand_Charter_Flight\"><\/span>Zbor charter la cerere<span class=\"ez-toc-section-end\"><\/span><\/h2>\r\n\r\n\r\n\r\n<p>Serviciile lor de charter la cerere ofer\u0103 o gam\u0103 larg\u0103 de avioane private, inclusiv avioane u\u0219oare, medii, supermijlocii, grele \u0219i cu raz\u0103 de ac\u021biune foarte lung\u0103. FXAIR v\u0103 ofer\u0103 acces la aeronave Flexjet de a doua genera\u021bie (pensionate), disponibile pentru \u00eenchiriere doar prin intermediul FXAIR, dar deservite \u0219i operate de Flexjet.&nbsp;<\/p>\r\n\r\n\r\n\r\n<p>FXAIR ofer\u0103, de asemenea, acces la peste 1.200 de aeronave de la operatori de zbor respecta\u021bi \u0219i de \u00eencredere.&nbsp;<\/p>\r\n\r\n\r\n\r\n<h2 class=\"wp-block-heading\"><span class=\"ez-toc-section\" id=\"The_Fleet\"><\/span>Flota&nbsp;<span class=\"ez-toc-section-end\"><\/span><\/h2>\r\n\r\n\r\n\r\n<figure class=\"wp-block-image size-full is-style-default\"><img loading=\"lazy\" decoding=\"async\" width=\"1000\" height=\"664\" src=\"https:\/\/comparemyjet.com\/wp-content\/uploads\/2022\/08\/airplane.in_.clouds.jpg\" alt=\"\" class=\"wp-image-3185\" srcset=\"https:\/\/comparemyjet.com\/wp-content\/uploads\/2022\/08\/airplane.in_.clouds-18x12.jpg 18w, https:\/\/comparemyjet.com\/wp-content\/uploads\/2022\/08\/airplane.in_.clouds-300x199.jpg 300w, https:\/\/comparemyjet.com\/wp-content\/uploads\/2022\/08\/airplane.in_.clouds-768x510.jpg 768w, https:\/\/comparemyjet.com\/wp-content\/uploads\/2022\/08\/airplane.in_.clouds.jpg 1000w\" sizes=\"auto, (max-width: 1000px) 100vw, 1000px\" \/><\/figure>\r\n\r\n\r\n\r\n<p>Flota lor este format\u0103 din avioane Flexjet scoase din uz \u0219i include Nextant 400XTi, recondi\u021bionat de Nextant Aerospace, o alt\u0103 firm\u0103 direc\u021bional\u0103, dou\u0103sprezece <a href=\"https:\/\/comparemyjet.com\/ro\/bombardier\/\" data-internallinksmanager029f6b8e52c=\"159\" title=\"Ghidul suprem pentru avioanele private Bombardier \u0219i avioanele de zbor\">Bombardier<\/a> Challenger 300 \u0219i cinci aeronave Global Express.&nbsp;<\/p>\r\n\r\n\r\n\r\n<h3 class=\"wp-block-heading\"><span class=\"ez-toc-section\" id=\"1_Light_Private_Jets\"><\/span>1. Avioane private u\u0219oare<span class=\"ez-toc-section-end\"><\/span><\/h3>\r\n\r\n\r\n\r\n<p>Acest tip de aeronav\u0103 este ideal pentru c\u0103l\u0103torii interne scurte cu cel mult \u0219apte pasageri. Avioanele cu reac\u021bie u\u0219oare sunt rapide \u0219i eficiente atunci c\u00e2nd c\u0103l\u0103tori\u021bi c\u0103tre aeroporturi locale. \u00cen plus, acestea pot ateriza cu u\u0219urin\u021b\u0103 \u00een locuri greu accesibile, cum ar fi v\u00e2rfurile mun\u021bilor sau pistele mici.<\/p>\r\n\r\n\r\n\r\n<h4 class=\"wp-block-heading\"><span class=\"ez-toc-section\" id=\"Our_Recommendation_The_Nextant_400XT\"><\/span>Recomandarea noastr\u0103: Nextant 400XT<span class=\"ez-toc-section-end\"><\/span><\/h4>\r\n\r\n\r\n\r\n<p>Nextant 400XT este unul dintre cele mai rapide avioane cu reac\u021bie, mai rapid dec\u00e2t orice alt avion cu reac\u021bie din clasa sa. Designul ergonomic al cabinei maximizeaz\u0103 spa\u021biul \u0219i performan\u021ba pentru a cre\u0219te confortul pasagerilor, iar avionul \u00een sine este bine echipat \u0219i u\u0219or de manevrat.<\/p>\r\n\r\n\r\n\r\n<p>Specifica\u021bii:<\/p>\r\n\r\n\r\n\r\n<ul class=\"wp-block-list\"><li>Pasageri: 6-7;<\/li><li>\u00cen\u0103l\u021bimea cabinei: 4 ft 9 in;<\/li><li>Lungimea cabinei: 15 ft 6 in;<\/li><li>L\u0103\u021bimea cabinei: 4 ft 11 in;<\/li><li>Intervalul maxim: 2005 nm;<\/li><li>Viteza maxim\u0103: 471 kts;<\/li><li>Bagaje interne: 31 cu ft;<\/li><li>Bagaje externe: 25 cu ft.<\/li><\/ul>\r\n\r\n\r\n\r\n<p>FXAIR ofer\u0103, de asemenea, urm\u0103toarele <em>Citation CJ3, Citation V, Hawker 400XP, <a href=\"https:\/\/comparemyjet.com\/ro\/learjet\/\" data-internallinksmanager029f6b8e52c=\"149\" title=\"Ghidul suprem pentru Learjet Private Jets &amp; Aircraft\">Learjet<\/a> 45, \u0219i Phenom 300 <\/em>\u00een categoria jeturilor u\u0219oare.<\/p>\r\n\r\n\r\n\r\n<h3 class=\"wp-block-heading\"><span class=\"ez-toc-section\" id=\"2_Midsize_Private_Jets\"><\/span>2. Avioane private de dimensiuni medii<span class=\"ez-toc-section-end\"><\/span><\/h3>\r\n\r\n\r\n\r\n<p>Aeronavele de dimensiuni medii sunt ideale pentru c\u0103l\u0103torii personale sau de afaceri mai lungi, deoarece ofer\u0103 mai mult\u0103 autonomie \u0219i confort. Cu caracteristici precum spa\u021biul extins pentru bagaje \u0219i \u00een\u0103l\u021bimea \u00eembun\u0103t\u0103\u021bit\u0103 a cabinei, aceste avioane cu reac\u021bie sunt ideale pentru c\u0103l\u0103toriile care necesit\u0103 mai mult\u0103 anduran\u021b\u0103.&nbsp;<\/p>\r\n\r\n\r\n\r\n<h4 class=\"wp-block-heading\"><span class=\"ez-toc-section\" id=\"Our_Recommendation_The_Citation_Excel\"><\/span>Recomandarea noastr\u0103: Citation Excel<span class=\"ez-toc-section-end\"><\/span><\/h4>\r\n\r\n\r\n\r\n<p>Citation Excel serve\u0219te drept model standard pentru toate celelalte aeronave de dimensiuni medii. Are o cabin\u0103 mare, cu mult spa\u021biu pentru bagaje. Datorit\u0103 confortului, eficien\u021bei \u0219i durabilit\u0103\u021bii sale, este avionul preferat pentru c\u0103l\u0103toriile pe distan\u021be medii. Este o alegere excelent\u0103 pentru c\u0103l\u0103torii de afaceri, deoarece func\u021bioneaz\u0103 ca o zon\u0103 de conferin\u021be la \u00een\u0103l\u021bimea cerului.<\/p>\r\n\r\n\r\n\r\n<p>Specifica\u021bii:<\/p>\r\n\r\n\r\n\r\n<ul class=\"wp-block-list\"><li>Pasageri: 8;<\/li><li>Capacitate bagaje: 90 cu ft;<\/li><li>L\u0103\u021bimea cabinei: 5 ft 5 in;<\/li><li>\u00cen\u0103l\u021bimea cabinei: 1,70 m;<\/li><li>Lungimea cabinei: 18 ft 6 in;<\/li><li>Autonomie de zbor: p\u00e2n\u0103 la 4,5 ore;<\/li><li>Viteza de croazier\u0103: 487 mph.<\/li><\/ul>\r\n\r\n\r\n\r\n<p>\u00cen flota FXAIR, pute\u021bi g\u0103si, de asemenea, urm\u0103toarele <em>Hawker 800\/850\/900XP \u0219i Learjet 55\/60 <\/em>ca f\u0103c\u00e2nd parte din categoria avioanelor cu reac\u021bie de dimensiuni medii.<\/p>\r\n\r\n\r\n\r\n<h3 class=\"wp-block-heading\"><span class=\"ez-toc-section\" id=\"3_Super-Midsize_Private_Jets\"><\/span>3. Avioane private de dimensiuni medii&nbsp;<span class=\"ez-toc-section-end\"><\/span><\/h3>\r\n\r\n\r\n\r\n<p>Jeturile de dimensiuni medii combin\u0103 confortul \u0219i estetica. Dac\u0103 zbura\u021bi cu un grup mai mare sau c\u0103l\u0103tori\u021bi prin \u021bar\u0103, aceasta este clasa de aeronave perfect\u0103.<\/p>\r\n\r\n\r\n\r\n<h4 class=\"wp-block-heading\"><span class=\"ez-toc-section\" id=\"Our_Recommendation_The_Falcon_50\"><\/span>Recomandarea noastr\u0103: Falcon 50&nbsp;<span class=\"ez-toc-section-end\"><\/span><\/h4>\r\n\r\n\r\n\r\n<p>Cu o cabin\u0103 spa\u021bioas\u0103, tapi\u021berie sofisticat\u0103 din piele \u0219i o microcucin\u0103 complet\u0103, Falcon 50 are autonomia \u0219i elegan\u021ba unui avion cu reac\u021bie mult mai mare \u0219i ofer\u0103 satisfac\u021bie \u0219i lux \u00een timpul c\u0103l\u0103toriei. Falcon50EX este o aeronav\u0103 de mari dimensiuni potrivit\u0103 pentru c\u0103l\u0103toriile de raz\u0103 medie, atunci c\u00e2nd trebuie s\u0103 transporta\u021bi mai multe bagaje.<\/p>\r\n\r\n\r\n\r\n<p>Specifica\u021bii:<\/p>\r\n\r\n\r\n\r\n<ul class=\"wp-block-list\"><li>Pasageri: 9;<\/li><li>Capacitatea bagajelor: 115 mc;<\/li><li>Lungimea cabinei: 23 ft 5 in;<\/li><li>L\u0103\u021bimea cabinei: 6 ft 1 in;<\/li><li>\u00cen\u0103l\u021bimea cabinei: 1,5 m 9 in;<\/li><li>Viteza maxim\u0103 de croazier\u0103: 478 mph;<\/li><li>Distan\u021ba de zbor: 5+ ore.<\/li><\/ul>\r\n\r\n\r\n\r\n<p>\u00cen flota FXAIR de avioane de dimensiuni super-mici, pute\u021bi g\u0103si, de asemenea, urm\u0103toarele <em>Challenger 300\/350, Citation Sovereign, Citation X \u0219i <a href=\"https:\/\/comparemyjet.com\/ro\/gulfstream\/\" data-internallinksmanager029f6b8e52c=\"175\" title=\"Ghidul final pentru Gulfstream Private Jets &amp; Aircraft\">Gulfstream<\/a> G200<\/em>.<\/p>\r\n\r\n\r\n\r\n<h3 class=\"wp-block-heading\"><span class=\"ez-toc-section\" id=\"4_Large_Private_Jets\"><\/span>4. Avioane private mari<span class=\"ez-toc-section-end\"><\/span><\/h3>\r\n\r\n\r\n\r\n<p>Avioanele mari ofer\u0103 cea mai bun\u0103 experien\u021b\u0103 de zbor cu avionul privat pentru zboruri intercontinentale. Acestea pot transporta grupuri mai mari, deoarece ofer\u0103 suficient spa\u021biu \u0219i confort pentru p\u00e2n\u0103 la 15 persoane.<\/p>\r\n\r\n\r\n\r\n<h4 class=\"wp-block-heading\"><span class=\"ez-toc-section\" id=\"Our_Recommendation_The_Gulfstream_GIV\"><\/span>Recomandarea noastr\u0103: Gulfstream GIV<span class=\"ez-toc-section-end\"><\/span><\/h4>\r\n\r\n\r\n\r\n<p>Sofisticarea, luxul \u0219i siguran\u021ba avioanelor Gulfstream sunt bine cunoscute, a\u0219a c\u0103 nu este surprinz\u0103tor faptul c\u0103 GIV \u0219i-a c\u00e2\u0219tigat reputa\u021bia de avion de afaceri na\u021bional \u0219i interna\u021bional de prim\u0103 clas\u0103. Scaunele cu \u00eenclinare individual\u0103, o mas\u0103 de \u0219edin\u021b\u0103 pentru patru persoane \u0219i o canapea confortabil\u0103 sunt toate incluse. \u00cen cabin\u0103 exist\u0103 paturi confortabile pentru p\u00e2n\u0103 la \u0219ase persoane.&nbsp;<\/p>\r\n\r\n\r\n\r\n<p>Specifica\u021bii:<\/p>\r\n\r\n\r\n\r\n<ul class=\"wp-block-list\"><li>Pasageri: 14 locuri\/6 paturi;<\/li><li>Distan\u021ba de zbor: 3.880 nm;<\/li><li>Spa\u021biu pentru bagaje: 169 cu ft;<\/li><li>L\u0103\u021bimea cabinei: 7 ft 3 in;<\/li><li>Lungimea cabinei: 45 ft 1 in;<\/li><li>\u00cen\u0103l\u021bimea cabinei: 6 ft 2 in;<\/li><li>Viteza de croazier\u0103: 548 mph.<\/li><\/ul>\r\n\r\n\r\n\r\n<p>\u00cen flota FXAIR de aeronave mari, pute\u021bi g\u0103si, de asemenea, urm\u0103toarele <em>Challenger 601\/604, Falcon 900EX, Falcon 2000EX \u0219i Gulfstream G450.<\/em>.<\/p>\r\n\r\n\r\n\r\n<h3 class=\"wp-block-heading\"><span class=\"ez-toc-section\" id=\"5_Ultra-Long-Range_Private_Jets\"><\/span>5. Avioane private cu raz\u0103 foarte lung\u0103 de ac\u021biune<span class=\"ez-toc-section-end\"><\/span><\/h3>\r\n\r\n\r\n\r\n<p>O aeronav\u0103 cu raz\u0103 de ac\u021biune foarte lung\u0103 este cea mai bun\u0103 alternativ\u0103 atunci c\u00e2nd dori\u021bi s\u0103 c\u0103l\u0103tori\u021bi pe distan\u021be lungi \u00een lux. Nimic nu se compar\u0103 cu o aeronav\u0103 cu raz\u0103 de ac\u021biune extrem de lung\u0103 pentru zboruri mondiale. Acesta este modul \u00een care trebuie s\u0103 zbura\u021bi dac\u0103 planifica\u021bi o c\u0103l\u0103torie peste hotare care necesit\u0103 autonomie, putere \u0219i confort, mai ales dac\u0103 este cu un grup mai mare, deoarece acestea pot g\u0103zdui cu u\u0219urin\u021b\u0103 13 sau mai mul\u021bi pasageri. Aceste avioane includ facilit\u0103\u021bi precum o buc\u0103t\u0103rie complet\u0103, televizoare, paturi kingsize, toalete \u0219i locuri separate pentru dormit, luat masa, lucrat \u0219i divertisment.<\/p>\r\n\r\n\r\n\r\n<h4 class=\"wp-block-heading\"><span class=\"ez-toc-section\" id=\"Our_Recommendation_Gulfstream_GV\"><\/span>Recomandarea noastr\u0103: Gulfstream GV<span class=\"ez-toc-section-end\"><\/span><\/h4>\r\n\r\n\r\n\r\n<p>Gulfstream GV a fost primul avion de afaceri cu raz\u0103 de ac\u021biune foarte lung\u0103 al companiei, fabricat de Gulfstream Aerospace \u00een 1995 \u0219i lansat \u00een 1998. Produc\u021bia s-a \u00eencheiat \u00een 2002. Cea mai notabil\u0103 caracteristic\u0103 a GV este autonomia mare de zbor \u0219i performan\u021bele \u00eembun\u0103t\u0103\u021bite.&nbsp;<\/p>\r\n\r\n\r\n\r\n<p>Specifica\u021bii:<\/p>\r\n\r\n\r\n\r\n<ul class=\"wp-block-list\"><li>Pasageri: 12-16;<\/li><li>Lungimea cabinei: 50 ft 1 in;<\/li><li>L\u0103\u021bimea cabinei: 7 ft 3 in;<\/li><li>\u00cen\u0103l\u021bimea cabinei: 6 ft 1 in;<\/li><li>Volumul cabinei: 1669 cu ft;<\/li><li>Viteza maxim\u0103: 585 mph;<\/li><li>Distan\u021ba de zbor: 7389 mile;<\/li><li>Volumul bagajelor: 226 cu ft;<\/li><li>Echipaj: p\u00e2n\u0103 la 5 persoane.<\/li><\/ul>\r\n\r\n\r\n\r\n<p>\u00cen flota FXAIR de avioane cu raz\u0103 de ac\u021biune foarte lung\u0103, pute\u021bi g\u0103si, de asemenea, urm\u0103toarele<em> Global Express, Falcon 7X, Global 6000 \u0219i Gulfstream G550\/G650<\/em>.<\/p>\r\n\r\n\r\n\r\n<h2 class=\"wp-block-heading\"><span class=\"ez-toc-section\" id=\"Company_Safety_Policy_and_Standards\"><\/span>Politica \u0219i standardele de siguran\u021b\u0103 ale companiei<span class=\"ez-toc-section-end\"><\/span><\/h2>\r\n\r\n\r\n\r\n<p>To\u021bi operatorii care transport\u0103 pentru FXAIR - inclusiv fiecare pilot \u0219i avion - sunt verifica\u021bi cu aten\u021bie pentru a v\u0103 asigura siguran\u021ba \u0219i satisfac\u021bia deplin\u0103. Ace\u0219tia trebuie s\u0103 \u00eendeplineasc\u0103 cerin\u021bele companiei pentru a fi aproba\u021bi de FXAIR.<\/p>\r\n\r\n\r\n\r\n<p>Ce \u00eenseamn\u0103 s\u0103 fii aprobat de FXAIR? \u00cenainte de zborul dumneavoastr\u0103, echipa specializat\u0103 de siguran\u021b\u0103 inspecteaz\u0103 am\u0103nun\u021bit \u0219i autorizeaz\u0103 operatorul, echipajul \u0219i avionul. <a href=\"https:\/\/www.faa.gov\/\" target=\"_blank\" rel=\"noopener\">FAA<\/a> \u0219i <a href=\"https:\/\/www.ntsb.gov\/Pages\/home.aspx\" target=\"_blank\" rel=\"noopener\">NTSB<\/a> Rapoartele de zbor, \u00eenregistr\u0103rile \u0219i certificatele pilo\u021bilor, experien\u021ba de zbor, certificarea medical\u0103, statutul licen\u021bei aeronavei \u0219i asigurarea aeronavei sunt toate verificate \u00eenainte de fiecare zbor.<\/p>\r\n\r\n\r\n\r\n<p>Fiecare zbor este revizuit cu cel pu\u021bin 24 de ore \u00eenainte de decolare pentru a se verifica dac\u0103 exist\u0103 probleme probabile de serviciu sau de siguran\u021b\u0103. Centrul de comand\u0103 este \u00eens\u0103rcinat cu supravegherea \u00eentregii activit\u0103\u021bi. \u00cen cazul \u00een care un criteriu nu este \u00eendeplinit, zborul este anulat \u0219i vi se ofer\u0103 un alt operator care \u00eendepline\u0219te toate criteriile.<\/p>\r\n\r\n\r\n\r\n<p>\u00cen plus, pentru a garanta siguran\u021ba pasagerilor, to\u021bi operatorii de aeronave din re\u021beaua FXAIR trebuie s\u0103 respecte liniile directoare riguroase COVID-19.<\/p>\r\n\r\n\r\n\r\n<h2 class=\"wp-block-heading\"><span class=\"ez-toc-section\" id=\"Conclusion\"><\/span>Concluzie<span class=\"ez-toc-section-end\"><\/span><\/h2>\r\n\r\n\r\n\r\n<figure class=\"wp-block-image size-full is-style-default\"><img loading=\"lazy\" decoding=\"async\" width=\"1000\" height=\"667\" src=\"https:\/\/comparemyjet.com\/wp-content\/uploads\/2022\/07\/happy.woman_.listening.to_.music_.on_.a.private.jet_.jpg\" alt=\"FXAIR\" class=\"wp-image-3183\" srcset=\"https:\/\/comparemyjet.com\/wp-content\/uploads\/2022\/07\/happy.woman_.listening.to_.music_.on_.a.private.jet_-18x12.jpg 18w, https:\/\/comparemyjet.com\/wp-content\/uploads\/2022\/07\/happy.woman_.listening.to_.music_.on_.a.private.jet_-300x200.jpg 300w, https:\/\/comparemyjet.com\/wp-content\/uploads\/2022\/07\/happy.woman_.listening.to_.music_.on_.a.private.jet_-768x512.jpg 768w, https:\/\/comparemyjet.com\/wp-content\/uploads\/2022\/07\/happy.woman_.listening.to_.music_.on_.a.private.jet_.jpg 1000w\" sizes=\"auto, (max-width: 1000px) 100vw, 1000px\" \/><\/figure>\r\n\r\n\r\n\r\n<p>De\u0219i nou \u00eenfiin\u021bat\u0103, FXAIR provine din familia Directional Aviation, care a fost \u00eenfiin\u021bat\u0103 de mult timp, astfel \u00eenc\u00e2t oamenii care o conduc au mai mult dec\u00e2t suficient\u0103 experien\u021b\u0103 \u00een industria aviatic\u0103. Specializat\u0103 \u00een zboruri charter la cerere, compania ofer\u0103 aeronave Flexjet de a doua genera\u021bie, care sunt aprobate de FXAIR. Pute\u021bi alege din flota lor mare de avioane u\u0219oare, medii \u0219i supermijlocii, mari \u0219i cu raz\u0103 de ac\u021biune foarte lung\u0103, ceea ce face din FXAIR o alegere demn\u0103 de luat \u00een considerare ca \u0219i companie de charter la cerere.<\/p>","protected":false},"excerpt":{"rendered":"<p>FXAIR este o companie charter privat\u0103 relativ nou\u0103, care \u0219i-a \u00eenceput activitatea \u00een 2020. Compania a crescut exponen\u021bial de atunci, par\u021bial datorit\u0103 popularit\u0103\u021bii tot mai mari a c\u0103l\u0103toriilor aeriene private odat\u0103 cu pandemia COVID-19. FXAIR face parte din familia de companii Directional Aviation, fondat\u0103 de Ken Ricci, care include Flexjet, Sentient Jet, PrivateFly, ...<\/p>","protected":false},"author":2,"featured_media":3184,"parent":0,"menu_order":0,"comment_status":"closed","ping_status":"closed","template":"","meta":{"_acf_changed":false,"_genesis_hide_title":false,"_genesis_hide_breadcrumbs":false,"_genesis_hide_singular_image":false,"_genesis_hide_footer_widgets":false,"_genesis_custom_body_class":"","_genesis_custom_post_class":"","_genesis_layout":"","footnotes":""},"class_list":{"1":"page","2":"type-page","6":"entry"},"acf":[],"_links":{"self":[{"href":"https:\/\/comparemyjet.com\/ro\/wp-json\/wp\/v2\/pages\/3182","targetHints":{"allow":["GET"]}}],"collection":[{"href":"https:\/\/comparemyjet.com\/ro\/wp-json\/wp\/v2\/pages"}],"about":[{"href":"https:\/\/comparemyjet.com\/ro\/wp-json\/wp\/v2\/types\/page"}],"author":[{"embeddable":true,"href":"https:\/\/comparemyjet.com\/ro\/wp-json\/wp\/v2\/users\/2"}],"replies":[{"embeddable":true,"href":"https:\/\/comparemyjet.com\/ro\/wp-json\/wp\/v2\/comments?post=3182"}],"version-history":[{"count":2,"href":"https:\/\/comparemyjet.com\/ro\/wp-json\/wp\/v2\/pages\/3182\/revisions"}],"predecessor-version":[{"id":3448,"href":"https:\/\/comparemyjet.com\/ro\/wp-json\/wp\/v2\/pages\/3182\/revisions\/3448"}],"wp:featuredmedia":[{"embeddable":true,"href":"https:\/\/comparemyjet.com\/ro\/wp-json\/wp\/v2\/media\/3184"}],"wp:attachment":[{"href":"https:\/\/comparemyjet.com\/ro\/wp-json\/wp\/v2\/media?parent=3182"}],"curies":[{"name":"wp","href":"https:\/\/api.w.org\/{rel}","templated":true}]}}