{"id":3187,"date":"2022-08-04T21:07:44","date_gmt":"2022-08-04T21:07:44","guid":{"rendered":"https:\/\/comparemyjet.com\/?page_id=3187"},"modified":"2025-09-04T09:59:34","modified_gmt":"2025-09-04T09:59:34","slug":"northern-jet-management","status":"publish","type":"page","link":"https:\/\/comparemyjet.com\/ro\/northern-jet-management\/","title":{"rendered":"Northern Jet Management"},"content":{"rendered":"<p>Furnizorul de turism cu jet de elit\u0103 Northern Jet Management ofer\u0103 servicii complete <a href=\"https:\/\/comparemyjet.com\/ro\/care-sunt-cateva-companii-de-gestiune-aeriene\/\" data-internallinksmanager029f6b8e52c=\"21\" title=\"Servicii \u0219i companii de gestionare a aeronavelor\">gestionarea aeronavelor<\/a>, un program de proprietate partajat\u0103, chartere la cerere, precum \u0219i achizi\u021bionarea \u0219i v\u00e2nzarea de avioane at\u00e2t pentru corpora\u021bii, c\u00e2t \u0219i pentru persoane fizice. Zboar\u0103 c\u0103tre peste 3.400 de destina\u021bii din SUA, Caraibe, Mexic \u0219i Canada.<\/p>\r\n\r\n\r\n\r\n<p>S\u0103 explor\u0103m mai \u00een detaliu ceea ce ofer\u0103, dar mai \u00eent\u00e2i, o scurt\u0103 prezentare general\u0103 a modului \u00een care a luat na\u0219tere compania.<\/p>\r\n\r\n\r\n\r\n<div id=\"ez-toc-container\" class=\"ez-toc-v2_0_76 counter-hierarchy ez-toc-counter ez-toc-grey ez-toc-container-direction\">\n<p class=\"ez-toc-title\" style=\"cursor:inherit\">Subiecte<\/p>\n<label for=\"ez-toc-cssicon-toggle-item-69dba0f906ba1\" class=\"ez-toc-cssicon-toggle-label\"><span class=\"\"><span class=\"eztoc-hide\" style=\"display:none;\">Toggle<\/span><span class=\"ez-toc-icon-toggle-span\"><svg style=\"fill: #999;color:#999\" xmlns=\"http:\/\/www.w3.org\/2000\/svg\" class=\"list-377408\" width=\"20px\" height=\"20px\" viewbox=\"0 0 24 24\" fill=\"none\"><path d=\"M6 6H4v2h2V6zm14 0H8v2h12V6zM4 11h2v2H4v-2zm16 0H8v2h12v-2zM4 16h2v2H4v-2zm16 0H8v2h12v-2z\" fill=\"currentColor\"><\/path><\/svg><svg style=\"fill: #999;color:#999\" class=\"arrow-unsorted-368013\" xmlns=\"http:\/\/www.w3.org\/2000\/svg\" width=\"10px\" height=\"10px\" viewbox=\"0 0 24 24\" version=\"1.2\" baseprofile=\"tiny\"><path d=\"M18.2 9.3l-6.2-6.3-6.2 6.3c-.2.2-.3.4-.3.7s.1.5.3.7c.2.2.4.3.7.3h11c.3 0 .5-.1.7-.3.2-.2.3-.5.3-.7s-.1-.5-.3-.7zM5.8 14.7l6.2 6.3 6.2-6.3c.2-.2.3-.5.3-.7s-.1-.5-.3-.7c-.2-.2-.4-.3-.7-.3h-11c-.3 0-.5.1-.7.3-.2.2-.3.5-.3.7s.1.5.3.7z\"\/><\/svg><\/span><\/span><\/label><input type=\"checkbox\"  id=\"ez-toc-cssicon-toggle-item-69dba0f906ba1\" checked aria-label=\"Toggle\" \/><nav><ul class='ez-toc-list ez-toc-list-level-1' ><li class='ez-toc-page-1 ez-toc-heading-level-2'><a class=\"ez-toc-link ez-toc-heading-1\" href=\"https:\/\/comparemyjet.com\/ro\/northern-jet-management\/#About_the_Company\" >Despre companie&nbsp;<\/a><\/li><li class='ez-toc-page-1 ez-toc-heading-level-2'><a class=\"ez-toc-link ez-toc-heading-2\" href=\"https:\/\/comparemyjet.com\/ro\/northern-jet-management\/#Ways_to_Fly\" >Moduri de a zbura<\/a><ul class='ez-toc-list-level-3' ><li class='ez-toc-heading-level-3'><a class=\"ez-toc-link ez-toc-heading-3\" href=\"https:\/\/comparemyjet.com\/ro\/northern-jet-management\/#Jet_Management\" >Managementul jeturilor<\/a><\/li><li class='ez-toc-page-1 ez-toc-heading-level-3'><a class=\"ez-toc-link ez-toc-heading-4\" href=\"https:\/\/comparemyjet.com\/ro\/northern-jet-management\/#Company_Card_Program\" >Program de carduri de companie<\/a><\/li><li class='ez-toc-page-1 ez-toc-heading-level-3'><a class=\"ez-toc-link ez-toc-heading-5\" href=\"https:\/\/comparemyjet.com\/ro\/northern-jet-management\/#Fractional_Jet_Ownership_Program\" >Programul de proprietate frac\u021bionat\u0103 a jeturilor<\/a><\/li><li class='ez-toc-page-1 ez-toc-heading-level-3'><a class=\"ez-toc-link ez-toc-heading-6\" href=\"https:\/\/comparemyjet.com\/ro\/northern-jet-management\/#Empty_Leg_Flights\" >Zboruri cu piciorul gol<\/a><\/li><li class='ez-toc-page-1 ez-toc-heading-level-3'><a class=\"ez-toc-link ez-toc-heading-7\" href=\"https:\/\/comparemyjet.com\/ro\/northern-jet-management\/#Acquiring_or_Selling_an_Aircraft\" >Achizi\u021bionarea sau v\u00e2nzarea unei aeronave<\/a><\/li><\/ul><\/li><li class='ez-toc-page-1 ez-toc-heading-level-2'><a class=\"ez-toc-link ez-toc-heading-8\" href=\"https:\/\/comparemyjet.com\/ro\/northern-jet-management\/#Pricing\" >Stabilirea pre\u021burilor<\/a><\/li><li class='ez-toc-page-1 ez-toc-heading-level-2'><a class=\"ez-toc-link ez-toc-heading-9\" href=\"https:\/\/comparemyjet.com\/ro\/northern-jet-management\/#The_Fleet\" >Flota&nbsp;<\/a><ul class='ez-toc-list-level-3' ><li class='ez-toc-heading-level-3'><a class=\"ez-toc-link ez-toc-heading-10\" href=\"https:\/\/comparemyjet.com\/ro\/northern-jet-management\/#1_Midsize_Private_Jets\" >1. Avioane private de dimensiuni medii<\/a><ul class='ez-toc-list-level-4' ><li class='ez-toc-heading-level-4'><a class=\"ez-toc-link ez-toc-heading-11\" href=\"https:\/\/comparemyjet.com\/ro\/northern-jet-management\/#Our_Recommendation_Learjet_40\" >Recomandarea noastr\u0103: Learjet 40<\/a><\/li><\/ul><\/li><li class='ez-toc-page-1 ez-toc-heading-level-3'><a class=\"ez-toc-link ez-toc-heading-12\" href=\"https:\/\/comparemyjet.com\/ro\/northern-jet-management\/#2_Super-Midsize_Private_Jets\" >2. Avioane private de dimensiuni medii&nbsp;<\/a><ul class='ez-toc-list-level-4' ><li class='ez-toc-heading-level-4'><a class=\"ez-toc-link ez-toc-heading-13\" href=\"https:\/\/comparemyjet.com\/ro\/northern-jet-management\/#Our_Recommendation_Cessna_Citation_Sovereign\" >Recomandarea noastr\u0103: Cessna Citation Sovereign<\/a><\/li><\/ul><\/li><\/ul><\/li><li class='ez-toc-page-1 ez-toc-heading-level-2'><a class=\"ez-toc-link ez-toc-heading-14\" href=\"https:\/\/comparemyjet.com\/ro\/northern-jet-management\/#Company_Safety_Policy_and_Standards\" >Politica \u0219i standardele de siguran\u021b\u0103 ale companiei<\/a><\/li><li class='ez-toc-page-1 ez-toc-heading-level-2'><a class=\"ez-toc-link ez-toc-heading-15\" href=\"https:\/\/comparemyjet.com\/ro\/northern-jet-management\/#The_Staff\" >Personalul<\/a><\/li><li class='ez-toc-page-1 ez-toc-heading-level-2'><a class=\"ez-toc-link ez-toc-heading-16\" href=\"https:\/\/comparemyjet.com\/ro\/northern-jet-management\/#Conclusion\" >Concluzie<\/a><\/li><\/ul><\/nav><\/div>\n<h2 class=\"wp-block-heading\"><span class=\"ez-toc-section\" id=\"About_the_Company\"><\/span>Despre companie&nbsp;<span class=\"ez-toc-section-end\"><\/span><\/h2>\r\n\r\n\r\n\r\n<p>Northern Jet Management este o companie privat\u0103 \u00eenfiin\u021bat\u0103 \u00een 1995, cu Charles Cox \u00een calitate de director executiv.&nbsp;<\/p>\r\n\r\n\r\n\r\n<p>Sediul lor principal este \u00een Michigan, Grand Rapids, \u0219i au o baz\u0103 pe deplin opera\u021bional\u0103 \u00een <a href=\"https:\/\/comparemyjet.com\/ro\/tururi-private\/naples-private-tours\/\" data-internallinksmanager029f6b8e52c=\"299\" title=\"11 cele mai bune tururi private la Napoli de la $90.53\">Napoli<\/a>, Florida.&nbsp;<\/p>\r\n\r\n\r\n\r\n<h2 class=\"wp-block-heading\"><span class=\"ez-toc-section\" id=\"Ways_to_Fly\"><\/span>Moduri de a zbura<span class=\"ez-toc-section-end\"><\/span><\/h2>\r\n\r\n\r\n\r\n<p>Pentru a v\u0103 satisface cerin\u021bele \u00een materie de avia\u021bie, Northern Jet Management ofer\u0103 o gam\u0103 de solu\u021bii specializate - de la programul complet de carduri pentru avioane private cunoscut sub numele de Private Advantage Card, p\u00e2n\u0103 la managementul \u0219i achizi\u021bia complet\u0103 de avioane, leasing \u0219i consultan\u021b\u0103.<\/p>\r\n\r\n\r\n\r\n<h3 class=\"wp-block-heading\"><span class=\"ez-toc-section\" id=\"Jet_Management\"><\/span>Managementul jeturilor<span class=\"ez-toc-section-end\"><\/span><\/h3>\r\n\r\n\r\n\r\n<p>Cu Northern Jets <a href=\"https:\/\/northernjet.net\/programs\/aircraft-management\/\" target=\"_blank\" rel=\"noopener\">solu\u021bii de management<\/a>, ve\u021bi beneficia de transport terestru, cereri speciale \u0219i personal de programare disponibil 365 de zile pe an, \u00een func\u021bie de cerin\u021bele dumneavoastr\u0103. Personalul de contabilitate monitorizeaz\u0103 cu aten\u021bie cheltuielile \u0219i creeaz\u0103 rapoarte lunare privind activitatea, costurile, \u00eentre\u021binerea \u0219i alte cheltuieli, astfel \u00eenc\u00e2t s\u0103 fi\u021bi mereu la curent cu orice activitate legat\u0103 de aeronava dumneavoastr\u0103.<\/p>\r\n\r\n\r\n\r\n<p>Fiecare aeronav\u0103 din flota Northern Jet are la bord un echipaj de zbor cu \u00eenalt\u0103 calificare, iar fiecare pilot are o calificare de tip pentru aeronava pe care o piloteaz\u0103. \u00cen plus, to\u021bi angaja\u021bii sunt supu\u0219i unui program de 10 ani de <a href=\"https:\/\/www.fbi.gov\/about\" target=\"_blank\" rel=\"noopener\">FBI<\/a> verificarea antecedentelor ca parte a procesului de angajare.<\/p>\r\n\r\n\r\n\r\n<h3 class=\"wp-block-heading\"><span class=\"ez-toc-section\" id=\"Company_Card_Program\"><\/span>Program de carduri de companie<span class=\"ez-toc-section-end\"><\/span><\/h3>\r\n\r\n\r\n\r\n<p>The <a href=\"https:\/\/northernjet.net\/programs\/jet-card\/\" target=\"_blank\" rel=\"noopener\"><strong>Cardul Private Advantage<\/strong><\/a> de la Northern Jet Management este un card de 25 de ore destinat c\u0103l\u0103torilor de agrement care efectueaz\u0103 zboruri dus-\u00eentors \u00eentre Midwest \u0219i Florida. Cardul administrat de companie <a href=\"https:\/\/comparemyjet.com\/ro\/learjet\/\" data-internallinksmanager029f6b8e52c=\"149\" title=\"Ghidul suprem pentru Learjet Private Jets &amp; Aircraft\">Learjet<\/a> Programul include 40XR, iar de\u021bin\u0103torii de carduri au, de asemenea, op\u021biunea de a alege Learjet 70.&nbsp;<\/p>\r\n\r\n\r\n\r\n<p>Nu exist\u0103 costuri de repozi\u021bionare pe o raz\u0103 de 180 de mile de la&nbsp;<\/p>\r\n\r\n\r\n\r\n<ul class=\"wp-block-list\"><li>Grand Rapids;<\/li><li>Naples, Florida;<\/li><li><a href=\"https:\/\/comparemyjet.com\/ro\/private-jet-charters-to-chicago\/\" data-internallinksmanager029f6b8e52c=\"170\" title=\"Private Jet Charterele de la Chicago\">Chicago<\/a>, Illinois;<\/li><li>\u0219i Michigan.&nbsp;<\/li><\/ul>\r\n\r\n\r\n\r\n<p>Un pre\u021b orar all-inclusive \u0219i un preaviz de cel pu\u021bin 24 de ore sunt c\u00e2teva dintre celelalte avantaje care vin cu acest card, \u00een timp ce pentru de\u021bin\u0103torii de carduri din Midwest nu exist\u0103 date indisponibile \u0219i nici costuri de relocare.<\/p>\r\n\r\n\r\n\r\n<h3 class=\"wp-block-heading\"><span class=\"ez-toc-section\" id=\"Fractional_Jet_Ownership_Program\"><\/span>Programul de proprietate frac\u021bionat\u0103 a jeturilor<span class=\"ez-toc-section-end\"><\/span><\/h3>\r\n\r\n\r\n\r\n<p>The <a href=\"https:\/\/northernjet.net\/programs\/fractional-jet-ownership\/\" target=\"_blank\" rel=\"noopener\"><strong>Compania Jet<\/strong><\/a> este un <a href=\"https:\/\/comparemyjet.com\/ro\/cum-functioneaza-proprietatea-fractionata-de-avioane\/\" data-internallinksmanager029f6b8e52c=\"20\" title=\"Cum func\u021bioneaz\u0103 proprietatea frac\u021bionat\u0103 a unui avion cu reac\u021bie?\">proprietate frac\u021bionat\u0103 cu jet<\/a> program creat special pentru nevoile c\u0103l\u0103torilor de afaceri. C\u0103l\u0103torii de afaceri \u0219i corpora\u021biile sunt singurul public \u021bint\u0103 pentru conceptul de proprietate partajat\u0103 Company Jet.<\/p>\r\n\r\n\r\n\r\n<p>Membrii au parte de o mostr\u0103 din ceea ce \u00eenseamn\u0103 s\u0103 de\u021bii o aeronav\u0103 privat\u0103, f\u0103r\u0103 grijile legate de management \u0219i opera\u021biuni, plus sprijinul complet al unei echipe de exper\u021bi. Semnarea unui contract vine cu un angajament pe cinci ani \u0219i accesibilitate asigurat\u0103 cu un preaviz de minimum 12 ore. Serviciile de concierge sunt disponibile 24 de ore din 24, iar o echip\u0103 de speciali\u0219ti \u00een domeniu va facilita \u0219i va oferi sprijin \u00een materie de finan\u021be, contabilitate \u0219i legisla\u021bie aeronautic\u0103.<\/p>\r\n\r\n\r\n\r\n<h3 class=\"wp-block-heading\"><span class=\"ez-toc-section\" id=\"Empty_Leg_Flights\"><\/span>Zboruri cu piciorul gol<span class=\"ez-toc-section-end\"><\/span><\/h3>\r\n\r\n\r\n\r\n<p>Compania se refer\u0103 la <a href=\"https:\/\/comparemyjet.com\/ro\/cum-si-care-care-si-pierde-picioarele-vii\/\" data-internallinksmanager029f6b8e52c=\"24\" title=\"Cum s\u0103 rezerva\u021bi zboruri de picior gol\">zboruri cu piciorul gol<\/a> ca \"<a href=\"https:\/\/northernjet.net\/flight-opportunities\/\" target=\"_blank\" rel=\"noopener\">oportunit\u0103\u021bi de zbor<\/a>\". Un nume destul de potrivit, av\u00e2nd \u00een vedere c\u0103 aceste zboruri sunt o adev\u0103rat\u0103 captur\u0103. Oricine se poate abona pentru a primi \u0219i urm\u0103ri zborurile disponibile cu picioare goale pe contul s\u0103u de e-mail \u0219i poate profita de oportunitatea de a zbura spre una dintre destina\u021bii pentru o frac\u021biune din cost.&nbsp;<\/p>\r\n\r\n\r\n\r\n<h3 class=\"wp-block-heading\"><span class=\"ez-toc-section\" id=\"Acquiring_or_Selling_an_Aircraft\"><\/span>Achizi\u021bionarea sau v\u00e2nzarea unei aeronave<span class=\"ez-toc-section-end\"><\/span><\/h3>\r\n\r\n\r\n\r\n<p>Aderarea la Northern Jet \u00eenseamn\u0103 s\u0103 ai acces deplin la echipa de profesioni\u0219ti, care au zeci de ani de experien\u021b\u0103 \u0219i contacte pentru a identifica cele mai bune op\u021biuni de aeronave adaptate la nevoile clien\u021bilor lor \u00een ceea ce prive\u0219te <a href=\"https:\/\/northernjet.net\/programs\/aircraft-acquisition-sales-brokerage\/\" target=\"_blank\" rel=\"noopener\">cump\u0103rarea sau v\u00e2nzarea unei aeronave noi sau folosite<\/a>.<\/p>\r\n\r\n\r\n\r\n<h2 class=\"wp-block-heading\"><span class=\"ez-toc-section\" id=\"Pricing\"><\/span>Stabilirea pre\u021burilor<span class=\"ez-toc-section-end\"><\/span><\/h2>\r\n\r\n\r\n\r\n<figure class=\"wp-block-image size-full is-style-default\"><img loading=\"lazy\" decoding=\"async\" width=\"1000\" height=\"667\" src=\"https:\/\/comparemyjet.com\/wp-content\/uploads\/2022\/06\/woman.in_.blue_.dress_.enjoying.view_.from_.private.jet_.jpg\" alt=\"\" class=\"wp-image-2997\" srcset=\"https:\/\/comparemyjet.com\/wp-content\/uploads\/2022\/06\/woman.in_.blue_.dress_.enjoying.view_.from_.private.jet_-18x12.jpg 18w, https:\/\/comparemyjet.com\/wp-content\/uploads\/2022\/06\/woman.in_.blue_.dress_.enjoying.view_.from_.private.jet_-300x200.jpg 300w, https:\/\/comparemyjet.com\/wp-content\/uploads\/2022\/06\/woman.in_.blue_.dress_.enjoying.view_.from_.private.jet_-768x512.jpg 768w, https:\/\/comparemyjet.com\/wp-content\/uploads\/2022\/06\/woman.in_.blue_.dress_.enjoying.view_.from_.private.jet_.jpg 1000w\" sizes=\"auto, (max-width: 1000px) 100vw, 1000px\" \/><\/figure>\r\n\r\n\r\n\r\n<p>Northern Jet Management este renumit pentru pre\u021burile sale accesibile, pentru dedicarea la cele mai \u00eenalte standarde de siguran\u021b\u0103 \u0219i pentru aten\u021bia acordat\u0103 nevoilor clien\u021bilor s\u0103i.<\/p>\r\n\r\n\r\n\r\n<p>Pentru a deveni de\u021bin\u0103tor al cardului Private Advantage Card de la Northern Jet Management, trebuie pl\u0103tit\u0103 o tax\u0103 de ini\u021biere de pu\u021bin mai pu\u021bin de $165.000.&nbsp;<\/p>\r\n\r\n\r\n\r\n<p>Zbur\u0103torii care urm\u0103resc \u0219i ob\u021bin avantajul zborurilor companiei cu picioare goale listate pe site-ul companiei economisesc $1.000 de euro fa\u021b\u0103 de pre\u021bul standard pe or\u0103.<\/p>\r\n\r\n\r\n\r\n<h2 class=\"wp-block-heading\"><span class=\"ez-toc-section\" id=\"The_Fleet\"><\/span>Flota&nbsp;<span class=\"ez-toc-section-end\"><\/span><\/h2>\r\n\r\n\r\n\r\n<p>Fiecare avion din flota Northern Jet Management de 20 de aeronave este gestionat de profesioni\u0219ti \u00een domeniul avia\u021biei cu experien\u021b\u0103. Toate modelele sunt noi \u0219i moderne, avioanele de dimensiuni medii \u0219i supermijlocii fiind categoria principal\u0103 \u0219i dominant\u0103 de aeronave.&nbsp;<\/p>\r\n\r\n\r\n\r\n<h3 class=\"wp-block-heading\"><span class=\"ez-toc-section\" id=\"1_Midsize_Private_Jets\"><\/span>1. Avioane private de dimensiuni medii<span class=\"ez-toc-section-end\"><\/span><\/h3>\r\n\r\n\r\n\r\n<p>At\u00e2t pentru c\u0103l\u0103toriile personale, c\u00e2t \u0219i pentru cele corporative, \u00eenchirierea unei aeronave de dimensiuni medii v\u0103 va oferi un zbor confortabil, pe distan\u021be lungi. Aeronava de dimensiuni medii este popular\u0103 \u00een r\u00e2ndul pasagerilor de afaceri \u0219i de agrement datorit\u0103 cabinelor spa\u021bioase, spa\u021biului adecvat pentru bagaje \u0219i dot\u0103rilor premium.<\/p>\r\n\r\n\r\n\r\n<h4 class=\"wp-block-heading\"><span class=\"ez-toc-section\" id=\"Our_Recommendation_Learjet_40\"><\/span>Recomandarea noastr\u0103: Learjet 40<span class=\"ez-toc-section-end\"><\/span><\/h4>\r\n\r\n\r\n\r\n<p>Learjet 40 este un avion de afaceri de mici dimensiuni fabricat de <a href=\"https:\/\/comparemyjet.com\/ro\/bombardier\/\" data-internallinksmanager029f6b8e52c=\"159\" title=\"Ghidul suprem pentru avioanele private Bombardier \u0219i avioanele de zbor\">Bombardier<\/a> Learjet. Este propulsat de dou\u0103 motoare, interiorul s\u0103u este mai mare dec\u00e2t al rivalilor s\u0103i, iar designul s\u0103u este sursa de inspira\u021bie pentru viitoarele modele. Cu toate acestea, corpul este mai scurt, iar rezervorul de combustibil este mai mic dec\u00e2t cel al Learjet 45.&nbsp;<\/p>\r\n\r\n\r\n\r\n<p>Specifica\u021bii:<\/p>\r\n\r\n\r\n\r\n<ul class=\"wp-block-list\"><li>Pasageri: 7;<\/li><li>\u00cen\u0103l\u021bimea exterioar\u0103: 14 ft 2 in;<\/li><li>Lungime total\u0103: 55 ft 5 in;<\/li><li>Anvergura aripilor: 47 ft 9 in;<\/li><li>L\u0103\u021bimea cabinei: 5 ft 1 in;<\/li><li>\u00cen\u0103l\u021bimea cabinei: 4 ft 11 in;<\/li><li>Lungimea cabinei: 17 ft 8 in;<\/li><li>Distan\u021ba maxim\u0103 de zbor: 1707 nm;<\/li><li>Viteza maxim\u0103 de croazier\u0103: 465 kts;<\/li><li>Spa\u021biu exterior pentru bagaje: 50 mc;<\/li><li>Spa\u021biu intern pentru bagaje: 15 mc;<\/li><li>Echipaj: 2.<\/li><\/ul>\r\n\r\n\r\n\r\n<p>Northern Jet Management ofer\u0103 aeronave eficiente \u0219i accesibile \u00een catalogul lor de avioane private de dimensiuni medii, inclusiv <em>Bombardier Seria 45<\/em>, <em><a href=\"https:\/\/comparemyjet.com\/ro\/gulfstream\/\" data-internallinksmanager029f6b8e52c=\"175\" title=\"Ghidul final pentru Gulfstream Private Jets &amp; Aircraft\">Gulfstream<\/a> G150<\/em>, <em>Learjet 70\/75<\/em>, <em>Learjet 45XR<\/em>, \u0219i modelul nostru recomandat, <em>Learjet 40<\/em>.<\/p>\r\n\r\n\r\n\r\n<h3 class=\"wp-block-heading\"><span class=\"ez-toc-section\" id=\"2_Super-Midsize_Private_Jets\"><\/span>2. Avioane private de dimensiuni medii&nbsp;<span class=\"ez-toc-section-end\"><\/span><\/h3>\r\n\r\n\r\n\r\n<p>Avioanele cu reac\u021bie din categoria super-mid-size pot zbura p\u00e2n\u0103 la 6 ore, cu 2 ore mai mult dec\u00e2t cele din categoria precedent\u0103, ceea ce le face ideale pentru zboruri interjude\u021bene. Zbur\u0103torii au acces la cabine spa\u021bioase \u0219i facilit\u0103\u021bi de prim\u0103 clas\u0103, inclusiv mai mult spa\u021biu pentru bagaje.<\/p>\r\n\r\n\r\n\r\n<h4 class=\"wp-block-heading\"><span class=\"ez-toc-section\" id=\"Our_Recommendation_Cessna_Citation_Sovereign\"><\/span>Recomandarea noastr\u0103: Cessna Citation Sovereign<span class=\"ez-toc-section-end\"><\/span><\/h4>\r\n\r\n\r\n\r\n<p>Sovereign, produs de un produc\u0103tor american - <a href=\"https:\/\/comparemyjet.com\/ro\/cessna\/\" data-internallinksmanager029f6b8e52c=\"145\" title=\"Ghidul final pentru avioanele private Cessna \u0219i aeronavele private\">Cessna<\/a>, este o aeronav\u0103 transcontinental\u0103. Caracteristicile de design ale Citation Sovereign includ o caroserie lung\u0103, aripi reproiectate, un cockpit echipat cu sticl\u0103 cu patru panouri LCD \u0219i dou\u0103 motoare.&nbsp;<\/p>\r\n\r\n\r\n\r\n<p>Specifica\u021bii:&nbsp;<\/p>\r\n\r\n\r\n\r\n<ul class=\"wp-block-list\"><li>Pasageri: 9;<\/li><li>\u00cen\u0103l\u021bime exterioar\u0103: 20 ft 4 in;<\/li><li>Lungime total\u0103: 63 ft 6 in;<\/li><li>Anvergura aripilor: 63 ft 4 in;<\/li><li>L\u0103\u021bimea cabinei: 5 ft 6 in;<\/li><li>\u00cen\u0103l\u021bimea cabinei: 1,5 m 8 in;<\/li><li>Lungimea cabinei: 25 ft 3 in;<\/li><li>Distan\u021ba maxim\u0103 de zbor: 3010 nm;<\/li><li>Viteza maxim\u0103 de croazier\u0103: 459 kts;<\/li><li>Echipaj: 2;<\/li><li>Spa\u021biu intern pentru bagaje: 35 cu ft;<\/li><li>Spa\u021biu exterior pentru bagaje: 100 mc.<\/li><\/ul>\r\n\r\n\r\n\r\n<p>Northern Jet Management ofer\u0103 dou\u0103 aeronave sigure \u0219i eficiente \u00een catalogul lor de avioane private de dimensiuni super-medii, respectiv <em>Challenger 300<\/em> \u0219i modelul nostru recomandat <em>Cessna Citation Sovereign<\/em>.<\/p>\r\n\r\n\r\n\r\n<h2 class=\"wp-block-heading\"><span class=\"ez-toc-section\" id=\"Company_Safety_Policy_and_Standards\"><\/span>Politica \u0219i standardele de siguran\u021b\u0103 ale companiei<span class=\"ez-toc-section-end\"><\/span><\/h2>\r\n\r\n\r\n\r\n<p>Echipa Northern Jet Management efectueaz\u0103 \u00een mod regulat audituri interne \u0219i evalu\u0103ri ale proceselor, practicilor, opera\u021biunilor \u0219i serviciilor \u00een peste 40 de domenii opera\u021bionale.<\/p>\r\n\r\n\r\n\r\n<p>\u00cen plus, Northern Jet Management a <a href=\"https:\/\/www.argus.aero\/\" target=\"_blank\" rel=\"noopener\">ARGUS<\/a> Platin\u0103 \u0219i <a href=\"https:\/\/www.acsf.aero\/\" target=\"_blank\" rel=\"noopener\">ACSF<\/a> acreditare \u0219i utilizeaz\u0103 exclusiv mecanici cu <a href=\"https:\/\/www.faa.gov\/\" target=\"_blank\" rel=\"noopener\">FAA<\/a> licen\u021be. \u00cen plus, Northern Jet Management are aprobarea de etap\u0103 3 din partea <a href=\"https:\/\/ibac.org\/is-bao\" target=\"_blank\" rel=\"noopener\">Standardul interna\u021bional pentru opera\u021biunile cu aeronave de afaceri<\/a> (IS-BAO).<\/p>\r\n\r\n\r\n\r\n<h2 class=\"wp-block-heading\"><span class=\"ez-toc-section\" id=\"The_Staff\"><\/span>Personalul<span class=\"ez-toc-section-end\"><\/span><\/h2>\r\n\r\n\r\n\r\n<figure class=\"wp-block-image size-full is-style-default\"><img loading=\"lazy\" decoding=\"async\" width=\"1000\" height=\"667\" src=\"https:\/\/comparemyjet.com\/wp-content\/uploads\/2022\/07\/private.jet_.pilots.in_.cockpit.jpg\" alt=\"\" class=\"wp-image-3072\" srcset=\"https:\/\/comparemyjet.com\/wp-content\/uploads\/2022\/07\/private.jet_.pilots.in_.cockpit-18x12.jpg 18w, https:\/\/comparemyjet.com\/wp-content\/uploads\/2022\/07\/private.jet_.pilots.in_.cockpit-300x200.jpg 300w, https:\/\/comparemyjet.com\/wp-content\/uploads\/2022\/07\/private.jet_.pilots.in_.cockpit-768x512.jpg 768w, https:\/\/comparemyjet.com\/wp-content\/uploads\/2022\/07\/private.jet_.pilots.in_.cockpit.jpg 1000w\" sizes=\"auto, (max-width: 1000px) 100vw, 1000px\" \/><\/figure>\r\n\r\n\r\n\r\n<p>Northern Jet Management \u00eembun\u0103t\u0103\u021be\u0219te \u0219i modific\u0103 \u00een mod constant opera\u021biunile companiei pentru a asigura cele mai \u00eenalte standarde de siguran\u021b\u0103.<\/p>\r\n\r\n\r\n\r\n<p>Personalul lor este \u00een permanen\u021b\u0103 instruit \u00een zbor de c\u0103tre <a href=\"https:\/\/www.cae.com\/\" target=\"_blank\" rel=\"noopener\">CAE<\/a> sau <a href=\"https:\/\/www.flightsafety.com\/\" target=\"_blank\" rel=\"noopener\">FlightSafety International<\/a>. Fiecare segment de zbor \u00eencepe cu o analiz\u0103 a riscurilor de siguran\u021b\u0103 efectuat\u0103 de echipajul de zbor. \u00cen plus, echipajul prime\u0219te instruire intern\u0103 prin intermediul <a href=\"https:\/\/www.nata.aero\/education-and-training\/safety-1st\" target=\"_blank\" rel=\"noopener\">Programul na\u021bional de formare \u00een domeniul siguran\u021bei transportului aerian<\/a>.<\/p>\r\n\r\n\r\n\r\n<p>Pentru a veni \u00een sprijinul pilo\u021bilor noi \u0219i actuali, pilo\u021bii seniori certifica\u021bi ac\u021bioneaz\u0103 ca speciali\u0219ti interni care \u00ee\u0219i ofer\u0103 expertiza echipei de management \u00een ceea ce prive\u0219te procedurile opera\u021bionale.<\/p>\r\n\r\n\r\n\r\n<h2 class=\"wp-block-heading\"><span class=\"ez-toc-section\" id=\"Conclusion\"><\/span>Concluzie<span class=\"ez-toc-section-end\"><\/span><\/h2>\r\n\r\n\r\n\r\n<p>Pasagerii care doresc libertatea \u0219i confortul pe care le garanteaz\u0103 c\u0103l\u0103toria cu avionul privat sunt mai mult dec\u00e2t bineveni\u021bi s\u0103 zboare cu Northern Jet Management. Prin dedicarea companiei de a oferi servicii de calitate, ace\u0219tia v\u0103 vor economisi o mul\u021bime de timp necesar pentru rezervare \u0219i planificare. Northern Jet Management este cea mai important\u0103 companie de avioane private din Midwest, datorit\u0103 solu\u021biilor de proprietate frac\u021bionat\u0103 \u0219i de gestionare a aeronavelor.<\/p>","protected":false},"excerpt":{"rendered":"<p>Furnizorul de servicii de c\u0103l\u0103torie cu jet de elit\u0103 Northern Jet Management ofer\u0103 servicii complete de gestionare a aeronavelor, un program de proprietate partajat\u0103, chartere la cerere, precum \u0219i achizi\u021bionarea \u0219i v\u00e2nzarea de avioane at\u00e2t pentru corpora\u021bii, c\u00e2t \u0219i pentru persoane fizice. Ace\u0219tia zboar\u0103 c\u0103tre peste 3.400 de destina\u021bii din SUA, Caraibe, Mexic \u0219i Canada. S\u0103 explor\u0103m mai \u00een detaliu ceea ce ofer\u0103, dar mai \u00eent\u00e2i, o scurt\u0103 prezentare general\u0103 ...<\/p>","protected":false},"author":2,"featured_media":3188,"parent":0,"menu_order":0,"comment_status":"closed","ping_status":"closed","template":"","meta":{"_acf_changed":false,"_genesis_hide_title":false,"_genesis_hide_breadcrumbs":false,"_genesis_hide_singular_image":false,"_genesis_hide_footer_widgets":false,"_genesis_custom_body_class":"","_genesis_custom_post_class":"","_genesis_layout":"","footnotes":""},"class_list":{"1":"page","2":"type-page","6":"entry"},"acf":[],"_links":{"self":[{"href":"https:\/\/comparemyjet.com\/ro\/wp-json\/wp\/v2\/pages\/3187","targetHints":{"allow":["GET"]}}],"collection":[{"href":"https:\/\/comparemyjet.com\/ro\/wp-json\/wp\/v2\/pages"}],"about":[{"href":"https:\/\/comparemyjet.com\/ro\/wp-json\/wp\/v2\/types\/page"}],"author":[{"embeddable":true,"href":"https:\/\/comparemyjet.com\/ro\/wp-json\/wp\/v2\/users\/2"}],"replies":[{"embeddable":true,"href":"https:\/\/comparemyjet.com\/ro\/wp-json\/wp\/v2\/comments?post=3187"}],"version-history":[{"count":1,"href":"https:\/\/comparemyjet.com\/ro\/wp-json\/wp\/v2\/pages\/3187\/revisions"}],"predecessor-version":[{"id":3191,"href":"https:\/\/comparemyjet.com\/ro\/wp-json\/wp\/v2\/pages\/3187\/revisions\/3191"}],"wp:featuredmedia":[{"embeddable":true,"href":"https:\/\/comparemyjet.com\/ro\/wp-json\/wp\/v2\/media\/3188"}],"wp:attachment":[{"href":"https:\/\/comparemyjet.com\/ro\/wp-json\/wp\/v2\/media?parent=3187"}],"curies":[{"name":"wp","href":"https:\/\/api.w.org\/{rel}","templated":true}]}}