{"id":3223,"date":"2022-08-23T00:45:05","date_gmt":"2022-08-23T00:45:05","guid":{"rendered":"https:\/\/comparemyjet.com\/?page_id=3223"},"modified":"2025-09-04T09:58:21","modified_gmt":"2025-09-04T09:58:21","slug":"grandview-aviation","status":"publish","type":"page","link":"https:\/\/comparemyjet.com\/ro\/grandview-aviation\/","title":{"rendered":"GrandView Aviation Pre\u021buri de zbor"},"content":{"rendered":"<p>GrandView Aviation este o companie cu sediul \u00een Baltimore <a href=\"https:\/\/comparemyjet.com\/ro\/cum-inchiri-sau-inchiriezi-un-avion-privat\/\" data-internallinksmanager029f6b8e52c=\"15\" title=\"Cum \u00eenchiria\u021bi sau \u00eenchiria\u021bi un avion privat?\">charter cu jet privat<\/a> firm\u0103 care \u00ee\u0219i desf\u0103\u0219oar\u0103 activitatea \u00een Statele Unite. Pute\u021bi zbura \u00een toat\u0103 \u021bara cu avionul lor cu reac\u021bie Phenom 300 \u0219i pute\u021bi \u00eenchiria aeronavele lor <a href=\"https:\/\/comparemyjet.com\/ro\/sikorsky\/\" data-internallinksmanager029f6b8e52c=\"160\" title=\"Ghidul suprem pentru avioanele \u0219i elicopterele private Sikorsky\">Sikorsky<\/a> elicopterele S-76D \u0219i Bell 407GXI \u00een Baltimore \u0219i Washington, D.C.<\/p>\r\n\r\n\r\n\r\n<p>Deoarece compania este certificat\u0103 de Wyvern Wingman, pilo\u021bii lor urmeaz\u0103 cele mai recente \u0219i cele mai bune practici de siguran\u021b\u0103, \u00een timp ce echipajul se angajeaz\u0103 s\u0103 ofere servicii de neegalat. Departamentul de charter este preg\u0103tit pentru itinerarii \u0219i zboruri personalizate 24 de ore pe zi, \u0219apte zile pe s\u0103pt\u0103m\u00e2n\u0103.<\/p>\r\n\r\n\r\n\r\n<p>Haide\u021bi s\u0103 vedem despre ce este vorba.<\/p>\r\n\r\n\r\n\r\n<div id=\"ez-toc-container\" class=\"ez-toc-v2_0_76 counter-hierarchy ez-toc-counter ez-toc-grey ez-toc-container-direction\">\n<p class=\"ez-toc-title\" style=\"cursor:inherit\">Subiecte<\/p>\n<label for=\"ez-toc-cssicon-toggle-item-69ecf3c6578b8\" class=\"ez-toc-cssicon-toggle-label\"><span class=\"\"><span class=\"eztoc-hide\" style=\"display:none;\">Toggle<\/span><span class=\"ez-toc-icon-toggle-span\"><svg style=\"fill: #999;color:#999\" xmlns=\"http:\/\/www.w3.org\/2000\/svg\" class=\"list-377408\" width=\"20px\" height=\"20px\" viewbox=\"0 0 24 24\" fill=\"none\"><path d=\"M6 6H4v2h2V6zm14 0H8v2h12V6zM4 11h2v2H4v-2zm16 0H8v2h12v-2zM4 16h2v2H4v-2zm16 0H8v2h12v-2z\" fill=\"currentColor\"><\/path><\/svg><svg style=\"fill: #999;color:#999\" class=\"arrow-unsorted-368013\" xmlns=\"http:\/\/www.w3.org\/2000\/svg\" width=\"10px\" height=\"10px\" viewbox=\"0 0 24 24\" version=\"1.2\" baseprofile=\"tiny\"><path d=\"M18.2 9.3l-6.2-6.3-6.2 6.3c-.2.2-.3.4-.3.7s.1.5.3.7c.2.2.4.3.7.3h11c.3 0 .5-.1.7-.3.2-.2.3-.5.3-.7s-.1-.5-.3-.7zM5.8 14.7l6.2 6.3 6.2-6.3c.2-.2.3-.5.3-.7s-.1-.5-.3-.7c-.2-.2-.4-.3-.7-.3h-11c-.3 0-.5.1-.7.3-.2.2-.3.5-.3.7s.1.5.3.7z\"\/><\/svg><\/span><\/span><\/label><input type=\"checkbox\"  id=\"ez-toc-cssicon-toggle-item-69ecf3c6578b8\" checked aria-label=\"Toggle\" \/><nav><ul class='ez-toc-list ez-toc-list-level-1' ><li class='ez-toc-page-1 ez-toc-heading-level-2'><a class=\"ez-toc-link ez-toc-heading-1\" href=\"https:\/\/comparemyjet.com\/ro\/grandview-aviation\/#About_the_Company\" >Despre companie<\/a><\/li><li class='ez-toc-page-1 ez-toc-heading-level-2'><a class=\"ez-toc-link ez-toc-heading-2\" href=\"https:\/\/comparemyjet.com\/ro\/grandview-aviation\/#Empty_Leg_Flight\" >Zbor cu piciorul gol<\/a><\/li><li class='ez-toc-page-1 ez-toc-heading-level-2'><a class=\"ez-toc-link ez-toc-heading-3\" href=\"https:\/\/comparemyjet.com\/ro\/grandview-aviation\/#Company_Card_Programs\" >Programe de carduri de companie<\/a><\/li><li class='ez-toc-page-1 ez-toc-heading-level-2'><a class=\"ez-toc-link ez-toc-heading-4\" href=\"https:\/\/comparemyjet.com\/ro\/grandview-aviation\/#Pricing\" >Stabilirea pre\u021burilor<\/a><\/li><li class='ez-toc-page-1 ez-toc-heading-level-2'><a class=\"ez-toc-link ez-toc-heading-5\" href=\"https:\/\/comparemyjet.com\/ro\/grandview-aviation\/#The_Fleet\" >Flota&nbsp;<\/a><ul class='ez-toc-list-level-3' ><li class='ez-toc-heading-level-3'><a class=\"ez-toc-link ez-toc-heading-6\" href=\"https:\/\/comparemyjet.com\/ro\/grandview-aviation\/#1_Light_Private_Jets\" >1. Avioane private u\u0219oare<\/a><ul class='ez-toc-list-level-4' ><li class='ez-toc-heading-level-4'><a class=\"ez-toc-link ez-toc-heading-7\" href=\"https:\/\/comparemyjet.com\/ro\/grandview-aviation\/#Our_Recommendation_Embraer_Phenom_300\" >Recomandarea noastr\u0103: Embraer Phenom 300<\/a><\/li><\/ul><\/li><li class='ez-toc-page-1 ez-toc-heading-level-3'><a class=\"ez-toc-link ez-toc-heading-8\" href=\"https:\/\/comparemyjet.com\/ro\/grandview-aviation\/#2_Helicopters\" >2. Elicoptere<\/a><ul class='ez-toc-list-level-4' ><li class='ez-toc-heading-level-4'><a class=\"ez-toc-link ez-toc-heading-9\" href=\"https:\/\/comparemyjet.com\/ro\/grandview-aviation\/#Our_Recommendation_Bell_407GXI\" >Recomandarea noastr\u0103: Bell 407GXI<\/a><\/li><\/ul><\/li><\/ul><\/li><li class='ez-toc-page-1 ez-toc-heading-level-2'><a class=\"ez-toc-link ez-toc-heading-10\" href=\"https:\/\/comparemyjet.com\/ro\/grandview-aviation\/#Company_Safety_Policy_and_Standards\" >Politica \u0219i standardele de siguran\u021b\u0103 ale companiei<\/a><\/li><li class='ez-toc-page-1 ez-toc-heading-level-2'><a class=\"ez-toc-link ez-toc-heading-11\" href=\"https:\/\/comparemyjet.com\/ro\/grandview-aviation\/#The_Staff\" >Personalul<\/a><\/li><li class='ez-toc-page-1 ez-toc-heading-level-2'><a class=\"ez-toc-link ez-toc-heading-12\" href=\"https:\/\/comparemyjet.com\/ro\/grandview-aviation\/#Conclusion\" >Concluzie<\/a><\/li><\/ul><\/nav><\/div>\n<h2 class=\"wp-block-heading\"><span class=\"ez-toc-section\" id=\"About_the_Company\"><\/span>Despre companie<span class=\"ez-toc-section-end\"><\/span><\/h2>\r\n\r\n\r\n\r\n<p>GrandView Aviation este o companie privat\u0103 fondat\u0103 \u00een 2004, cu Jerry Edwards \u00een calitate de director executiv. Compania de\u021bine o flot\u0103 de <a href=\"https:\/\/comparemyjet.com\/ro\/embraer\/\" data-internallinksmanager029f6b8e52c=\"151\" title=\"Ghidul suprem pentru Embraer Private Jets &amp; Aircraft\">Embraer<\/a> Phenom 300 \u0219i are aproximativ 130 de angaja\u021bi.<\/p>\r\n\r\n\r\n\r\n<p>Programul entry-level de la GrandView Aviation presupune un depozit de $150.000, f\u0103r\u0103 disponibilitate asigurat\u0103.<\/p>\r\n\r\n\r\n\r\n<p>Pe l\u00e2ng\u0103 \u00eenchirierea de avioane private, firma este un pionier \u00een transportul de transplanturi de organe, transport\u00e2nd peste 250 de echipe de interven\u021bie chirurgical\u0103 pentru salvarea de vie\u021bi \u00een 2021 \u0219i peste 2.200 de la \u00eenceputurile sale.<\/p>\r\n\r\n\r\n\r\n<p>Cea mai recent\u0103 veste pe care o avem despre GrandView Aviation este c\u0103 Global Medical Response (GMR) a anun\u021bat achizi\u021bionarea companiei \u00een 2022. Global Medical Response ofer\u0103 asisten\u021b\u0103 medical\u0103 de \u00eenalt\u0103 calitate, \u00een principal \u00een domeniul serviciilor de urgen\u021b\u0103 \u0219i de relocare a pacien\u021bilor \u00een Statele Unite \u0219i \u00een \u00eentreaga lume, motiv pentru care aceast\u0103 mutare are mult sens.&nbsp;<\/p>\r\n\r\n\r\n\r\n<p>Datorit\u0103 cre\u0219terii sale recente, compania are hub-uri \u00een <a href=\"https:\/\/comparemyjet.com\/ro\/tururi-private\/atlanta-private-tours\/\" data-internallinksmanager029f6b8e52c=\"403\" title=\"11 cele mai bune tururi private \u00een Atlanta de la $89.99\">Atlanta<\/a>, <a href=\"https:\/\/comparemyjet.com\/ro\/tururi-private\/austin-private-tours\/\" data-internallinksmanager029f6b8e52c=\"404\" title=\"11 cele mai bune tururi private \u00een Austin de la $25.00\">Austin<\/a>, Baltimore, <a href=\"https:\/\/comparemyjet.com\/ro\/private-jet-charters-to-boston\/\" data-internallinksmanager029f6b8e52c=\"177\" title=\"Private Jet Charterele Private la Boston\">Boston<\/a>, <a href=\"https:\/\/comparemyjet.com\/ro\/private-jet-charters-to-chicago\/\" data-internallinksmanager029f6b8e52c=\"170\" title=\"Private Jet Charterele de la Chicago\">Chicago<\/a>, <a href=\"https:\/\/comparemyjet.com\/ro\/tururi-private\/denver-private-tours\/\" data-internallinksmanager029f6b8e52c=\"410\" title=\"11 cele mai bune tururi private \u00een Denver de la $49.00\">Denver<\/a>, <a href=\"https:\/\/comparemyjet.com\/ro\/tururi-private\/los-angeles-private-tours\/\" data-internallinksmanager029f6b8e52c=\"421\" title=\"11 cele mai bune tururi private \u00een Los Angeles de la $55.00\">Los Angeles<\/a>, \u0219i Scottsdale.<\/p>\r\n\r\n\r\n\r\n<h2 class=\"wp-block-heading\"><span class=\"ez-toc-section\" id=\"Empty_Leg_Flight\"><\/span>Zbor cu piciorul gol<span class=\"ez-toc-section-end\"><\/span><\/h2>\r\n\r\n\r\n\r\n<p>\u00cen plus fa\u021b\u0103 de cursele charter regulate, GrandView Aviation v\u0103 poate ajuta s\u0103 <a href=\"https:\/\/comparemyjet.com\/ro\/cum-si-care-care-si-pierde-picioarele-vii\/\" data-internallinksmanager029f6b8e52c=\"24\" title=\"Cum s\u0103 rezerva\u021bi zboruri de picior gol\">rezerva\u021bi zboruri cu piciorul gol<\/a>. O etap\u0103 goal\u0103 este un zbor care este deja programat s\u0103 zboare spre o anumit\u0103 destina\u021bie f\u0103r\u0103 pasageri. Zborurile cu etapa goal\u0103 sunt, \u00een general, disponibile atunci c\u00e2nd un avion trebuie mutat sau returnat pentru o alt\u0103 rut\u0103.&nbsp;<\/p>\r\n\r\n\r\n\r\n<p>Dac\u0103 pute\u021bi face aranjamente de ultim moment pentru unele c\u0103l\u0103torii, o <a href=\"https:\/\/flygv.com\/empty-legs\/\" target=\"_blank\" rel=\"noopener\">zbor cu piciorul gol<\/a> este \u00eentotdeauna o op\u021biune ideal\u0103, deoarece sunt mult mai ieftine dec\u00e2t tariful standard.&nbsp;<\/p>\r\n\r\n\r\n\r\n<h2 class=\"wp-block-heading\"><span class=\"ez-toc-section\" id=\"Company_Card_Programs\"><\/span>Programe de carduri de companie<span class=\"ez-toc-section-end\"><\/span><\/h2>\r\n\r\n\r\n\r\n<p>GrandView Aviation ofer\u0103 dou\u0103 tipuri de pachete de abonament pentru pasagerii frecven\u021bi: <strong><em>Altitudine Mile<\/em><\/strong> \u0219i <strong><em>Mile Altitudine Plus<\/em><\/strong>.&nbsp;<\/p>\r\n\r\n\r\n\r\n<p>Pentru a deveni membru al programului de carduri de avion GrandView Aviations <strong>Altitudine Plus<\/strong>, vi se cere s\u0103 face\u021bi un depozit de $150.000. Ob\u021bine\u021bi instantaneu o blocare a tarifului pentru 24 de luni atunci c\u00e2nd face\u021bi depozitul \u0219i pute\u021bi beneficia de pre\u021buri plate fixe pentru mai mult de 65 de destina\u021bii, inclusiv o reducere de 10% la fiecare zbor. Atunci c\u00e2nd c\u0103l\u0103tori\u021bi mai des, ve\u021bi c\u00e2\u0219tiga mai multe avantaje \u0219i privilegii, cum ar fi:<\/p>\r\n\r\n\r\n\r\n<ul class=\"wp-block-list\"><li>Catering la bord&nbsp;<\/li><li>Credite de zbor&nbsp;<\/li><li>Anul\u0103ri flexibile - GrandView va rambursa costul biletului \u00een contul dvs.<\/li><li>$200 credit de catering pentru fiecare zi de zbor pe care o zbura\u021bi<\/li><li>Oferte de zbor cu picior gol<\/li><\/ul>\r\n\r\n\r\n\r\n<p>Spre deosebire de Altitude Plus, este gratuit s\u0103 devii un <strong>Altitudine Mile <\/strong>membru, dar nu ve\u021bi beneficia de reduceri la zboruri sau de pre\u021buri fixe. C\u0103l\u0103torii frecven\u021bi pot c\u00e2\u0219tiga avantaje \u0219i privilegii, cum ar fi:<\/p>\r\n\r\n\r\n\r\n<ul class=\"wp-block-list\"><li>Catering la bord&nbsp;<\/li><li>Credite de zbor&nbsp;<\/li><li>Anul\u0103ri flexibile - GrandView va rambursa costul biletului \u00een contul dvs.<\/li><li>$200 credit de catering pentru fiecare zi \u00een care zbura\u021bi<\/li><li>Oferte de zbor cu picior gol<\/li><\/ul>\r\n\r\n\r\n\r\n<h2 class=\"wp-block-heading\"><span class=\"ez-toc-section\" id=\"Pricing\"><\/span>Stabilirea pre\u021burilor<span class=\"ez-toc-section-end\"><\/span><\/h2>\r\n\r\n\r\n\r\n<p>Tariful orar este garantat pentru membri, iar costurile sunt calculate \u00een func\u021bie de num\u0103rul total de ore de zbor. Pre\u021bul include repozi\u021bionarea din Atlanta, Austin, Baltimore, Boston, Boston, Chicago, Denver, Los Angeles \u0219i Scottsdale. Exist\u0103 tarife de transport stabilite pentru peste 65 de destina\u021bii importante.&nbsp;<\/p>\r\n\r\n\r\n\r\n<p>Costul orar al zborului cu flota lor de Phenom 300 \u00eencepe de la aproximativ $3.100, inclusiv FET (Federal Excise Tax), dar f\u0103r\u0103 taxe de repozi\u021bionare.<\/p>\r\n\r\n\r\n\r\n<h2 class=\"wp-block-heading\"><span class=\"ez-toc-section\" id=\"The_Fleet\"><\/span>Flota&nbsp;<span class=\"ez-toc-section-end\"><\/span><\/h2>\r\n\r\n\r\n\r\n<figure class=\"wp-block-image size-full is-style-default\"><img loading=\"lazy\" decoding=\"async\" width=\"1000\" height=\"667\" src=\"https:\/\/comparemyjet.com\/wp-content\/uploads\/2022\/08\/phenom300.jet_.jpg\" alt=\"\" class=\"wp-image-3224\" srcset=\"https:\/\/comparemyjet.com\/wp-content\/uploads\/2022\/08\/phenom300.jet_-18x12.jpg 18w, https:\/\/comparemyjet.com\/wp-content\/uploads\/2022\/08\/phenom300.jet_-300x200.jpg 300w, https:\/\/comparemyjet.com\/wp-content\/uploads\/2022\/08\/phenom300.jet_-768x512.jpg 768w, https:\/\/comparemyjet.com\/wp-content\/uploads\/2022\/08\/phenom300.jet_.jpg 1000w\" sizes=\"auto, (max-width: 1000px) 100vw, 1000px\" \/><\/figure>\r\n\r\n\r\n\r\n<p>GrandView Aviation \u00ee\u0219i \u00eentre\u021bine flota de avioane private Phenom 300 \u0219i c\u00e2teva elicoptere \u00een hub-urile sale din Boston, Baltimore\/DC, Los Angeles, Chicago, Atlanta, Austin, <a href=\"https:\/\/comparemyjet.com\/ro\/private-jet-charters-to-phoenix\/\" data-internallinksmanager029f6b8e52c=\"199\" title=\"Private Jet Charterele de la Phoenix\">Phoenix<\/a>, \u0219i Denver.<\/p>\r\n\r\n\r\n\r\n<h3 class=\"wp-block-heading\"><span class=\"ez-toc-section\" id=\"1_Light_Private_Jets\"><\/span>1. Avioane private u\u0219oare<span class=\"ez-toc-section-end\"><\/span><\/h3>\r\n\r\n\r\n\r\n<p>\u00cen compara\u021bie cu elicopterele, avioanele cu reac\u021bie u\u0219oare sunt mai mari \u0219i au o raz\u0103 de ac\u021biune mai mare. Acestea pot transporta p\u00e2n\u0103 la opt pasageri \u00eentr-un confort asigurat, datorit\u0103 cabinei mai mari \u0219i a spa\u021biului de depozitare a bagajelor.<\/p>\r\n\r\n\r\n\r\n<p>De asemenea, avioanele u\u0219oare pot ateriza \u0219i se pot ridica de pe piste mici \u0219i aeroporturi locale, ceea ce v\u0103 permite s\u0103 vizita\u021bi zone greu accesibile \u0219i aeroporturi cu piste mai scurte.<\/p>\r\n\r\n\r\n\r\n<h4 class=\"wp-block-heading\"><span class=\"ez-toc-section\" id=\"Our_Recommendation_Embraer_Phenom_300\"><\/span>Recomandarea noastr\u0103: Embraer Phenom 300<span class=\"ez-toc-section-end\"><\/span><\/h4>\r\n\r\n\r\n\r\n<p>Phenom 300 poate g\u0103zdui p\u00e2n\u0103 la 8 c\u0103l\u0103tori, iar cabina spa\u021bioas\u0103 ofer\u0103 suficient spa\u021biu pentru bagaje. Exist\u0103 suficient spa\u021biu pentru echipamentul de golf, gen\u021bi \u0219i alte articole de care a\u021bi putea avea nevoie pentru c\u0103l\u0103torie. Interiorul ofer\u0103 spa\u021biu confortabil pentru picioare \u0219i dispune de mobilier de \u00eenalt\u0103 calitate, cum ar fi fotolii din piele, mese din lemn \u0219i mochet\u0103 de plu\u0219, inclusiv o toalet\u0103. \u00cen plus fa\u021b\u0103 de gust\u0103rile \u0219i vinul gratuit, pot oferi catering la bordul aeronavei, la cerere.&nbsp;<\/p>\r\n\r\n\r\n\r\n<p>\u00centre 2013 \u0219i 2015, Phenom 300 a fost cel mai popular avion de afaceri. Autonomia acestei aeronave dep\u0103\u0219e\u0219te majoritatea celorlalte avioane u\u0219oare, oferindu-v\u0103 performan\u021ba unui avion de dimensiuni medii la costuri mai mici.&nbsp;<\/p>\r\n\r\n\r\n\r\n<p>Specifica\u021biile \u0219i dot\u0103rile modelului Phenom 300:<\/p>\r\n\r\n\r\n\r\n<ul class=\"wp-block-list\"><li>Pasageri: 8;<\/li><li>\u00cen\u0103l\u021bimea cabinei: 4 ft 11 in;<\/li><li>L\u0103\u021bimea cabinei: 5 ft 1 in;<\/li><li>Lungimea cabinei: 17 ft 2 in;<\/li><li>\u00cen\u0103l\u021bime exterioar\u0103: 16 ft 5 in;<\/li><li>Bagaje externe: 66 cu ft;<\/li><li>Bagaje interne: 19 picioare cubi;<\/li><li>Viteza maxim\u0103: 453 kts;<\/li><li>Intervalul maxim: 2077 nm;<\/li><li>Rata de urcare: 3335 fpm;<\/li><li>Echipaj: 2;<\/li><li>Internet wireless;<\/li><li>Lavoar;<\/li><li>prize de curent \u0219i servicii de telefonie prin satelit.<\/li><\/ul>\r\n\r\n\r\n\r\n<p><em>Phenom 300<\/em> avioanele charter sunt sta\u021bionate \u00een Baltimore\/DC, Chicago, Austin, Atlanta \u0219i Scottsdale, permi\u021b\u00e2ndu-v\u0103 s\u0103 zbura\u021bi din zona Mid-Atlantic, nord-est \u0219i central\u0103 a Statelor Unite.&nbsp;<\/p>\r\n\r\n\r\n\r\n<h3 class=\"wp-block-heading\"><span class=\"ez-toc-section\" id=\"2_Helicopters\"><\/span>2. Elicoptere<span class=\"ez-toc-section-end\"><\/span><\/h3>\r\n\r\n\r\n\r\n<p>\u00cenchirierea de elicoptere v\u0103 permite s\u0103 decola\u021bi \u0219i s\u0103 ateriza\u021bi \u00een orice loca\u021bie precis\u0103, inclusiv heliporturi, sta\u021biuni \u0219i chiar case particulare. Acestea pot ateriza aproape oriunde \u00een caz de urgen\u021b\u0103 \u0219i prezint\u0103 mai pu\u021bine pericole pentru pasageri. Cu toate acestea, sunt mai u\u0219or afectate de condi\u021biile meteorologice, iar zborul dvs. poate fi anulat dac\u0103 circumstan\u021bele meteorologice nu sunt ideale.&nbsp;<\/p>\r\n\r\n\r\n\r\n<p>GrandView Aviation ofer\u0103 elicoptere VIP cu sisteme de divertisment \u00een timpul zborului \u0219i spa\u021biu pentru p\u00e2n\u0103 la 12 pasageri. Toate cursele charter cu elicopterul sunt operate de doi pilo\u021bi califica\u021bi pentru siguran\u021ba \u0219i securitatea optim\u0103 a clien\u021bilor.<\/p>\r\n\r\n\r\n\r\n<h4 class=\"wp-block-heading\"><span class=\"ez-toc-section\" id=\"Our_Recommendation_Bell_407GXI\"><\/span>Recomandarea noastr\u0103: Bell 407GXI<span class=\"ez-toc-section-end\"><\/span><\/h4>\r\n\r\n\r\n\r\n<p>Bell 407GXI este un elicopter monomotor multifunc\u021bional cu patru palele, lansat pentru prima dat\u0103 \u00een 1995. Materialul compozit utilizat pentru pale \u0219i butuc spore\u0219te performan\u021ba \u0219i ofer\u0103 un zbor mai confortabil. Este utilizat frecvent \u00een aplicarea legii, colectarea electronic\u0103 de \u0219tiri \u0219i crearea de filme, precum \u0219i pentru comer\u021b \u0219i transport maritim offshore. Cabina poate fi configurat\u0103 pentru a acomoda o varietate de sarcini \u0219i \u00eenc\u0103rc\u0103turi utile, inclusiv locuri pentru pasageri de tip club pentru p\u00e2n\u0103 la \u0219ase persoane.&nbsp;<\/p>\r\n\r\n\r\n\r\n<p>Specifica\u021bii:<\/p>\r\n\r\n\r\n\r\n<ul class=\"wp-block-list\"><li>Pasageri: 5;<\/li><li>\u00cen\u0103l\u021bimea exterioar\u0103: 11 ft 8 in;<\/li><li>Bagaje externe: 20 mc;<\/li><li>Lungime: 41 ft 8 in;<\/li><li>Bagaje interne: 3 picioare cubi;<\/li><li>Viteza maxim\u0103: 140 kts;<\/li><li>Scaunele sunt plu\u0219ate \u0219i supraaglomerate;<\/li><li>Tapi\u021berie din piele.<\/li><\/ul>\r\n\r\n\r\n\r\n<p>\u00cen afar\u0103 de elicopterul nostru recomandat <em>Bell 407<\/em>, GrandView Aviation ofer\u0103 \u00eenc\u0103 unul \u00een catalogul s\u0103u - t<em>Sikorsky S-76D<\/em>.<\/p>\r\n\r\n\r\n\r\n<h2 class=\"wp-block-heading\"><span class=\"ez-toc-section\" id=\"Company_Safety_Policy_and_Standards\"><\/span>Politica \u0219i standardele de siguran\u021b\u0103 ale companiei<span class=\"ez-toc-section-end\"><\/span><\/h2>\r\n\r\n\r\n\r\n<p><a href=\"https:\/\/nbaa.org\/flight-department-administration\/sms\/is-bao\/\" target=\"_blank\" rel=\"noopener\">Standardul interna\u021bional pentru opera\u021biunile cu aeronave de afaceri<\/a> (IS-BAO) a fost creat pentru a ajuta departamentele de zbor din \u00eentreaga lume s\u0103 ating\u0103 standarde \u00eenalte de siguran\u021b\u0103 \u0219i profesionalism. \u00cen calitate de client al GrandView Aviation, pute\u021bi fi siguri c\u0103 un nivel acceptabil de <a href=\"https:\/\/www.faa.gov\/about\/initiatives\/sms\" target=\"_blank\" rel=\"noopener\">Sistemul de management al siguran\u021bei<\/a> (SMS) a fost implementat pentru toate zborurile charter cu elicopterul, datorit\u0103 acestui rating de siguran\u021b\u0103.<\/p>\r\n\r\n\r\n\r\n<p>\u00cen plus, <a href=\"https:\/\/nbaa.org\/\" target=\"_blank\" rel=\"noopener\">Asocia\u021bia Na\u021bional\u0103 a Avia\u021biei de Afaceri<\/a> a onorat GrandView Aviation cu un certificat de siguran\u021b\u0103 de 10 ani f\u0103r\u0103 accidente \u0219i incidente, iar pilo\u021bii companiei sunt <a href=\"https:\/\/www.wyvernltd.com\/\" target=\"_blank\" rel=\"noopener\">Wyvern Wingman<\/a> cu grad de siguran\u021b\u0103 \u0219i <a href=\"https:\/\/www.argus.aero\/\" target=\"_blank\" rel=\"noopener\">ARGUS<\/a> Operatori cu rating de aur.<\/p>\r\n\r\n\r\n\r\n<p>GrandView de\u021bine o poli\u021b\u0103 de asigurare de r\u0103spundere civil\u0103 \u00een valoare de $150 de milioane, iar toate zborurile sunt operate de doi pilo\u021bi.<\/p>\r\n\r\n\r\n\r\n<h2 class=\"wp-block-heading\"><span class=\"ez-toc-section\" id=\"The_Staff\"><\/span>Personalul<span class=\"ez-toc-section-end\"><\/span><\/h2>\r\n\r\n\r\n\r\n<figure class=\"wp-block-image size-full is-style-default\"><img loading=\"lazy\" decoding=\"async\" width=\"1000\" height=\"667\" src=\"https:\/\/comparemyjet.com\/wp-content\/uploads\/2022\/07\/two.private.jet_.pilots.jpg\" alt=\"GrandView Aviation\" class=\"wp-image-3137\" srcset=\"https:\/\/comparemyjet.com\/wp-content\/uploads\/2022\/07\/two.private.jet_.pilots-18x12.jpg 18w, https:\/\/comparemyjet.com\/wp-content\/uploads\/2022\/07\/two.private.jet_.pilots-300x200.jpg 300w, https:\/\/comparemyjet.com\/wp-content\/uploads\/2022\/07\/two.private.jet_.pilots-768x512.jpg 768w, https:\/\/comparemyjet.com\/wp-content\/uploads\/2022\/07\/two.private.jet_.pilots.jpg 1000w\" sizes=\"auto, (max-width: 1000px) 100vw, 1000px\" \/><\/figure>\r\n\r\n\r\n\r\n<p>GrandView a crescut de la o companie de 65 de persoane la peste 120 de angaja\u021bi, printre care pilo\u021bi, dispeceri de zbor \u0219i tehnicieni. \u00cen 2022, firma a generat v\u00e2nz\u0103ri de peste $50 milioane de euro \u0219i a fost numit\u0103 pe lista <a href=\"https:\/\/thedailyrecord.com\/2022\/01\/21\/grandview-aviation-moves-to-new-hq-in-middle-river\/\" target=\"_blank\" rel=\"noopener\">Lista Inc 5000 a companiilor cu cea mai rapid\u0103 cre\u0219tere din America<\/a>. Compania are cel mai mare num\u0103r de angaja\u021bi din domeniul avia\u021biei private din Maryland.&nbsp;<\/p>\r\n\r\n\r\n\r\n<h2 class=\"wp-block-heading\"><span class=\"ez-toc-section\" id=\"Conclusion\"><\/span>Concluzie<span class=\"ez-toc-section-end\"><\/span><\/h2>\r\n\r\n\r\n\r\n<p>GrandView este o firm\u0103 nord-american\u0103 proeminent\u0103 de avia\u021bie charter privat\u0103 \u0219i de transport de transplant de organe, cu 130 de angaja\u021bi \u0219i o flot\u0103 Phenom 300 cu sediul \u00een Baltimore, Maryland.&nbsp;<\/p>\r\n\r\n\r\n\r\n<p>Pute\u021bi s\u0103 v\u0103 \u00eenscrie\u021bi \u00een programele de carduri Altitude Plus \u0219i Altitude Miles pentru a deveni membru \u0219i a beneficia de unele dintre avantajele oferite. \u00cen calitate de posesor al unui card pentru avioane cu reac\u021bie, c\u00e2\u0219tiga\u021bi mile pe m\u0103sur\u0103 ce zbura\u021bi, iar milele de recompens\u0103 pot fi folosite pentru credite de avion, catering \u0219i alte servicii. De asemenea, membrii programului Altitude Plus beneficiaz\u0103 de reduceri la zboruri. \u00cen plus, ace\u0219tia ofer\u0103 o politic\u0103 de anulare flexibil\u0103, astfel \u00eenc\u00e2t v\u0103 pute\u021bi face planuri flexibile f\u0103r\u0103 griji.&nbsp;<\/p>","protected":false},"excerpt":{"rendered":"<p>GrandView Aviation este o firm\u0103 de charter de avioane private cu sediul \u00een Baltimore, care opereaz\u0103 \u00een Statele Unite. Pute\u021bi zbura \u00een \u00eentreaga \u021bar\u0103 cu avioanele lor cu reac\u021bie Phenom 300 \u0219i pute\u021bi \u00eenchiria elicopterele Sikorsky S-76D \u0219i Bell 407GXI \u00een Baltimore \u0219i Washington, D.C. Deoarece compania este certificat\u0103 Wyvern Wingman, pilo\u021bii lor urmeaz\u0103 cele mai recente \u0219i cele mai bune ...<\/p>","protected":false},"author":2,"featured_media":3225,"parent":0,"menu_order":0,"comment_status":"closed","ping_status":"closed","template":"","meta":{"_acf_changed":false,"_genesis_hide_title":false,"_genesis_hide_breadcrumbs":false,"_genesis_hide_singular_image":false,"_genesis_hide_footer_widgets":false,"_genesis_custom_body_class":"","_genesis_custom_post_class":"","_genesis_layout":"","footnotes":""},"class_list":{"1":"page","2":"type-page","6":"entry"},"acf":[],"_links":{"self":[{"href":"https:\/\/comparemyjet.com\/ro\/wp-json\/wp\/v2\/pages\/3223","targetHints":{"allow":["GET"]}}],"collection":[{"href":"https:\/\/comparemyjet.com\/ro\/wp-json\/wp\/v2\/pages"}],"about":[{"href":"https:\/\/comparemyjet.com\/ro\/wp-json\/wp\/v2\/types\/page"}],"author":[{"embeddable":true,"href":"https:\/\/comparemyjet.com\/ro\/wp-json\/wp\/v2\/users\/2"}],"replies":[{"embeddable":true,"href":"https:\/\/comparemyjet.com\/ro\/wp-json\/wp\/v2\/comments?post=3223"}],"version-history":[{"count":2,"href":"https:\/\/comparemyjet.com\/ro\/wp-json\/wp\/v2\/pages\/3223\/revisions"}],"predecessor-version":[{"id":3460,"href":"https:\/\/comparemyjet.com\/ro\/wp-json\/wp\/v2\/pages\/3223\/revisions\/3460"}],"wp:featuredmedia":[{"embeddable":true,"href":"https:\/\/comparemyjet.com\/ro\/wp-json\/wp\/v2\/media\/3225"}],"wp:attachment":[{"href":"https:\/\/comparemyjet.com\/ro\/wp-json\/wp\/v2\/media?parent=3223"}],"curies":[{"name":"wp","href":"https:\/\/api.w.org\/{rel}","templated":true}]}}