{"id":3228,"date":"2022-09-20T20:27:21","date_gmt":"2022-09-20T20:27:21","guid":{"rendered":"https:\/\/comparemyjet.com\/?page_id=3228"},"modified":"2025-09-04T09:58:24","modified_gmt":"2025-09-04T09:58:24","slug":"jet-algo","status":"publish","type":"page","link":"https:\/\/comparemyjet.com\/ro\/jet-algo\/","title":{"rendered":"Jet Algo Pre\u021buri de zbor"},"content":{"rendered":"<p>Jet Algo este o firm\u0103 charter privat\u0103 cu sediul \u00een Morristown, New <a href=\"https:\/\/comparemyjet.com\/ro\/private-jet-charters-to-jersey\/\" data-internallinksmanager029f6b8e52c=\"176\" title=\"Private Jet Charterele de la Jersey\">Jersey<\/a>. Un mod \u00een care se diferen\u021biaz\u0103 de alte companii este utilizarea unor algoritmi breveta\u021bi pentru a calcula estim\u0103rile de pre\u021b adaptate la profilul \u0219i itinerariile de c\u0103l\u0103torie ale clien\u021bilor. Cu ajutorul algoritmilor lor, ace\u0219tia realizeaz\u0103 un sistem de plat\u0103 bazat pe itinerariul dumneavoastr\u0103.&nbsp;<\/p>\r\n\r\n\r\n\r\n<p>Compania ofer\u0103 un program de carduri pentru avioane cu reac\u021bie f\u0103r\u0103 taxe de administrare \u0219i nu trebuie s\u0103 fi\u021bi proprietar sau s\u0103 de\u021bine\u021bi o cot\u0103 pentru a zbura. S\u0103 vedem ce au de oferit mai \u00een detaliu.&nbsp;<\/p>\r\n\r\n\r\n\r\n<div id=\"ez-toc-container\" class=\"ez-toc-v2_0_76 counter-hierarchy ez-toc-counter ez-toc-grey ez-toc-container-direction\">\n<p class=\"ez-toc-title\" style=\"cursor:inherit\">Subiecte<\/p>\n<label for=\"ez-toc-cssicon-toggle-item-69f0297785253\" class=\"ez-toc-cssicon-toggle-label\"><span class=\"\"><span class=\"eztoc-hide\" style=\"display:none;\">Toggle<\/span><span class=\"ez-toc-icon-toggle-span\"><svg style=\"fill: #999;color:#999\" xmlns=\"http:\/\/www.w3.org\/2000\/svg\" class=\"list-377408\" width=\"20px\" height=\"20px\" viewbox=\"0 0 24 24\" fill=\"none\"><path d=\"M6 6H4v2h2V6zm14 0H8v2h12V6zM4 11h2v2H4v-2zm16 0H8v2h12v-2zM4 16h2v2H4v-2zm16 0H8v2h12v-2z\" fill=\"currentColor\"><\/path><\/svg><svg style=\"fill: #999;color:#999\" class=\"arrow-unsorted-368013\" xmlns=\"http:\/\/www.w3.org\/2000\/svg\" width=\"10px\" height=\"10px\" viewbox=\"0 0 24 24\" version=\"1.2\" baseprofile=\"tiny\"><path d=\"M18.2 9.3l-6.2-6.3-6.2 6.3c-.2.2-.3.4-.3.7s.1.5.3.7c.2.2.4.3.7.3h11c.3 0 .5-.1.7-.3.2-.2.3-.5.3-.7s-.1-.5-.3-.7zM5.8 14.7l6.2 6.3 6.2-6.3c.2-.2.3-.5.3-.7s-.1-.5-.3-.7c-.2-.2-.4-.3-.7-.3h-11c-.3 0-.5.1-.7.3-.2.2-.3.5-.3.7s.1.5.3.7z\"\/><\/svg><\/span><\/span><\/label><input type=\"checkbox\"  id=\"ez-toc-cssicon-toggle-item-69f0297785253\" checked aria-label=\"Toggle\" \/><nav><ul class='ez-toc-list ez-toc-list-level-1' ><li class='ez-toc-page-1 ez-toc-heading-level-2'><a class=\"ez-toc-link ez-toc-heading-1\" href=\"https:\/\/comparemyjet.com\/ro\/jet-algo\/#Company_History\" >Istoria companiei<\/a><\/li><li class='ez-toc-page-1 ez-toc-heading-level-2'><a class=\"ez-toc-link ez-toc-heading-2\" href=\"https:\/\/comparemyjet.com\/ro\/jet-algo\/#Pricing\" >Stabilirea pre\u021burilor<\/a><\/li><li class='ez-toc-page-1 ez-toc-heading-level-2'><a class=\"ez-toc-link ez-toc-heading-3\" href=\"https:\/\/comparemyjet.com\/ro\/jet-algo\/#Company_Card_Program\" >Program de carduri de companie<\/a><\/li><li class='ez-toc-page-1 ez-toc-heading-level-2'><a class=\"ez-toc-link ez-toc-heading-4\" href=\"https:\/\/comparemyjet.com\/ro\/jet-algo\/#The_Fleet\" >Flota&nbsp;<\/a><ul class='ez-toc-list-level-3' ><li class='ez-toc-heading-level-3'><a class=\"ez-toc-link ez-toc-heading-5\" href=\"https:\/\/comparemyjet.com\/ro\/jet-algo\/#1_Light_Private_Jets\" >1. Avioane private u\u0219oare<\/a><ul class='ez-toc-list-level-4' ><li class='ez-toc-heading-level-4'><a class=\"ez-toc-link ez-toc-heading-6\" href=\"https:\/\/comparemyjet.com\/ro\/jet-algo\/#Our_Recommendation_Eclipse_500\" >Recomandarea noastr\u0103: Eclipse 500<\/a><\/li><\/ul><\/li><li class='ez-toc-page-1 ez-toc-heading-level-3'><a class=\"ez-toc-link ez-toc-heading-7\" href=\"https:\/\/comparemyjet.com\/ro\/jet-algo\/#2_Midsize_Private_Jets\" >2. Avioane private de dimensiuni medii<\/a><ul class='ez-toc-list-level-4' ><li class='ez-toc-heading-level-4'><a class=\"ez-toc-link ez-toc-heading-8\" href=\"https:\/\/comparemyjet.com\/ro\/jet-algo\/#Our_Recommendation_The_Hawker_800XP\" >Recomandarea noastr\u0103: Hawker 800XP<\/a><\/li><\/ul><\/li><li class='ez-toc-page-1 ez-toc-heading-level-3'><a class=\"ez-toc-link ez-toc-heading-9\" href=\"https:\/\/comparemyjet.com\/ro\/jet-algo\/#3_Super-Midsize_Private_Jets\" >3. Avioane private de dimensiuni medii&nbsp;<\/a><ul class='ez-toc-list-level-4' ><li class='ez-toc-heading-level-4'><a class=\"ez-toc-link ez-toc-heading-10\" href=\"https:\/\/comparemyjet.com\/ro\/jet-algo\/#Our_Recommendation_Citation_X\" >Recomandarea noastr\u0103: Men\u021biune X<\/a><\/li><\/ul><\/li><li class='ez-toc-page-1 ez-toc-heading-level-3'><a class=\"ez-toc-link ez-toc-heading-11\" href=\"https:\/\/comparemyjet.com\/ro\/jet-algo\/#4_Large_Private_Jets\" >4. Avioane private mari<\/a><ul class='ez-toc-list-level-4' ><li class='ez-toc-heading-level-4'><a class=\"ez-toc-link ez-toc-heading-12\" href=\"https:\/\/comparemyjet.com\/ro\/jet-algo\/#Our_Recommendation_Bombardier_Challenger_650\" >Recomandarea noastr\u0103:  Bombardier Challenger 650&nbsp;<\/a><\/li><\/ul><\/li><li class='ez-toc-page-1 ez-toc-heading-level-3'><a class=\"ez-toc-link ez-toc-heading-13\" href=\"https:\/\/comparemyjet.com\/ro\/jet-algo\/#5_Long-Range_Private_Jets\" >5. Avioane private cu raz\u0103 lung\u0103 de ac\u021biune<\/a><ul class='ez-toc-list-level-4' ><li class='ez-toc-heading-level-4'><a class=\"ez-toc-link ez-toc-heading-14\" href=\"https:\/\/comparemyjet.com\/ro\/jet-algo\/#Our_Recommendation_The_Gulfstream_G450\" >Recomandarea noastr\u0103: Gulfstream G450&nbsp;<\/a><\/li><\/ul><\/li><\/ul><\/li><li class='ez-toc-page-1 ez-toc-heading-level-2'><a class=\"ez-toc-link ez-toc-heading-15\" href=\"https:\/\/comparemyjet.com\/ro\/jet-algo\/#Company_Safety_Policy_and_Standards\" >Politica \u0219i standardele de siguran\u021b\u0103 ale companiei<\/a><\/li><li class='ez-toc-page-1 ez-toc-heading-level-2'><a class=\"ez-toc-link ez-toc-heading-16\" href=\"https:\/\/comparemyjet.com\/ro\/jet-algo\/#Conclusion\" >Concluzie<\/a><\/li><\/ul><\/nav><\/div>\n<h2 class=\"wp-block-heading\"><span class=\"ez-toc-section\" id=\"Company_History\"><\/span>Istoria companiei<span class=\"ez-toc-section-end\"><\/span><\/h2>\r\n\r\n\r\n\r\n<p>Jet Algo a \u00eenceput \u00een 1995 ca <em>Skywaves<\/em>. Strategia de afaceri a companiei, care const\u0103 \u00een utilizarea algoritmilor pentru a estima pre\u021burile, a fost inventat\u0103 de fostul <a href=\"https:\/\/comparemyjet.com\/ro\/delta-private-jets\/\" data-internallinksmanager029f6b8e52c=\"184\" title=\"Pre\u021burile de membru Delta Private Jets\">Delta Private Jets<\/a> vicepre\u0219edintele Jon Mende, CEO al Jet Algo. Mende sus\u021bine c\u0103 firma ofer\u0103 pre\u021buri fixe pentru dus \u0219i dus-\u00eentors, bazate pe disponibilitatea asigurat\u0103 \u00een func\u021bie de timpul de a\u0219teptare \u0219i de bugetul estimat. \u00ce\u0219i propune s\u0103 ofere clien\u021bilor tarife fixe alternative bazate pe perechi de destina\u021bii specifice, cu tarife mai ieftine pentru cei care c\u0103l\u0103toresc \u00eentre locuri dens populate f\u0103r\u0103 a necesita zboruri cu feribotul.&nbsp;<\/p>\r\n\r\n\r\n\r\n<h2 class=\"wp-block-heading\"><span class=\"ez-toc-section\" id=\"Pricing\"><\/span>Stabilirea pre\u021burilor<span class=\"ez-toc-section-end\"><\/span><\/h2>\r\n\r\n\r\n\r\n<p>Cheltuielile de ini\u021biere \u0219i de aderare la Jet Algo sunt de aproximativ $1.000 pe lun\u0103, iar banii sunt folosi\u021bi pentru a acoperi cheltuielile de zbor. Valoarea depozitului dumneavoastr\u0103 este determinat\u0103 de programul personalizat, iar pre\u021burile sunt fixe pentru urm\u0103toarele 24 de luni.<\/p>\r\n\r\n\r\n\r\n<p>Odat\u0103 ce deveni\u021bi membru, pute\u021bi beneficia de o garan\u021bie de disponibilitate, de un tarif orar fix \u0219i de pre\u021buri personalizate, stabilite \u00een func\u021bie de traseul dumneavoastr\u0103.<\/p>\r\n\r\n\r\n\r\n<p>A\u0219tepta\u021bi-v\u0103 s\u0103 cheltui\u021bi mai mult dac\u0103 dori\u021bi operatori IS-BAO Stage 3, Argus Platinum sau Wyvern Wingman, mai degrab\u0103 dec\u00e2t flota standard Part 135 de aproximativ 7.000 de aeronave. Pre\u021burile variaz\u0103 \u00een func\u021bie de cerin\u021bele \u0219i preferin\u021bele dumneavoastr\u0103.<\/p>\r\n\r\n\r\n\r\n<h2 class=\"wp-block-heading\"><span class=\"ez-toc-section\" id=\"Company_Card_Program\"><\/span>Program de carduri de companie<span class=\"ez-toc-section-end\"><\/span><\/h2>\r\n\r\n\r\n\r\n<p>Cele mai multe firme de carduri de avion v\u0103 percep acela\u0219i comision, indiferent unde merge\u021bi, ce aeroporturi folosi\u021bi, c\u00e2t de mult timp v\u0103 anun\u021ba\u021bi zborul sau c\u00e2t timp r\u0103m\u00e2ne\u021bi la destina\u021bie. Astfel, dac\u0103 pl\u0103nui\u021bi o evadare de weekend \u0219i rezerva\u021bi un bilet cu trei zile \u00eenainte, s-ar putea s\u0103 pl\u0103ti\u021bi acela\u0219i pre\u021b ca cineva care \u00ee\u0219i ia o vacan\u021b\u0103 de 10 zile \u00eentr-o alt\u0103 loca\u021bie \u0219i rezerv\u0103 cu doar 10 ore \u00eenainte. Prin urmare, tarifele trebuie s\u0103 fie compensate pentru persoanele care rezerv\u0103 zboruri \u00een ultimul moment sau c\u0103l\u0103toresc \u00eentr-o loca\u021bie \u00eendep\u0103rtat\u0103. Jet Algo creeaz\u0103 un model de pre\u021b bazat pe profilul dumneavoastr\u0103 cu ajutorul unor algoritmi sofistica\u021bi.&nbsp;<\/p>\r\n\r\n\r\n\r\n<h2 class=\"wp-block-heading\"><span class=\"ez-toc-section\" id=\"The_Fleet\"><\/span>Flota&nbsp;<span class=\"ez-toc-section-end\"><\/span><\/h2>\r\n\r\n\r\n\r\n<figure class=\"wp-block-image size-full is-style-default\"><img loading=\"lazy\" decoding=\"async\" width=\"1000\" height=\"565\" src=\"https:\/\/comparemyjet.com\/wp-content\/uploads\/2022\/09\/businessman.infront.of_.a.plane_.jpg\" alt=\"Jet Algo\" class=\"wp-image-3230\" srcset=\"https:\/\/comparemyjet.com\/wp-content\/uploads\/2022\/09\/businessman.infront.of_.a.plane_-18x10.jpg 18w, https:\/\/comparemyjet.com\/wp-content\/uploads\/2022\/09\/businessman.infront.of_.a.plane_-300x170.jpg 300w, https:\/\/comparemyjet.com\/wp-content\/uploads\/2022\/09\/businessman.infront.of_.a.plane_-768x434.jpg 768w, https:\/\/comparemyjet.com\/wp-content\/uploads\/2022\/09\/businessman.infront.of_.a.plane_.jpg 1000w\" sizes=\"auto, (max-width: 1000px) 100vw, 1000px\" \/><\/figure>\r\n\r\n\r\n\r\n<p>\u00cen calitate de companie de brokeraj, Jet Algo nu are o flot\u0103 de aeronave. \u00cen schimb, compania serve\u0219te drept punte de leg\u0103tur\u0103 \u00eentre dumneavoastr\u0103 \u0219i transportator, ajut\u00e2ndu-v\u0103 s\u0103 decide\u021bi ce tip de avion s\u0103 folosi\u021bi pentru urm\u0103torul zbor \u0219i oferindu-v\u0103 numeroase alternative personalizate.&nbsp;<\/p>\r\n\r\n\r\n\r\n<h3 class=\"wp-block-heading\"><span class=\"ez-toc-section\" id=\"1_Light_Private_Jets\"><\/span>1. Avioane private u\u0219oare<span class=\"ez-toc-section-end\"><\/span><\/h3>\r\n\r\n\r\n\r\n<p>Avioanele cu reac\u021bie u\u0219oare sunt mai mari \u0219i au o raz\u0103 de ac\u021biune mai mare dec\u00e2t turbopropulsoarele sau avioanele cu reac\u021bie foarte u\u0219oare. Cabina este spa\u021bioas\u0103, iar capacitatea bagajelor este suficient\u0103 pentru a transporta ceva mai mult dec\u00e2t strictul necesar. Acestea pot transporta confortabil o medie de opt persoane, pot zbura pe piste scurte \u0219i pot ateriza pe aeroporturi mici.&nbsp;<\/p>\r\n\r\n\r\n\r\n<p>Cel mai important beneficiu al unui avion u\u0219or este accesul f\u0103r\u0103 egal la insule \u0219i regiuni muntoase greu accesibile.<\/p>\r\n\r\n\r\n\r\n<h4 class=\"wp-block-heading\"><span class=\"ez-toc-section\" id=\"Our_Recommendation_Eclipse_500\"><\/span>Recomandarea noastr\u0103: Eclipse 500<span class=\"ez-toc-section-end\"><\/span><\/h4>\r\n\r\n\r\n\r\n<p>Eclipse 500 este un motor biturbin\u0103 fabricat de Eclipse Aerospace \u00een New Mexico. Eclipse este at\u00e2t eficient, c\u00e2t \u0219i atractiv din punct de vedere estetic, fiind unul dintre preferatele publicului din aceast\u0103 categorie de aeronave.<\/p>\r\n\r\n\r\n\r\n<p>Specifica\u021bii:<\/p>\r\n\r\n\r\n\r\n<ul class=\"wp-block-list\"><li>Pasageri: 3 sau 4;<\/li><li>Viteza de croazier\u0103: 370 de noduri;<\/li><li>Distan\u021ba de zbor: 1.290 mile;<\/li><li>\u00cen\u0103l\u021bimea cabinei: 4 ft 2 in;<\/li><li>L\u0103\u021bimea cabinei: 4 ft 7 in;<\/li><li>Lungimea cabinei: 7 ft 6 in;<\/li><li>Spa\u021biu pentru bagaje: 16 picioare cubi.<\/li><\/ul>\r\n\r\n\r\n\r\n<h3 class=\"wp-block-heading\"><span class=\"ez-toc-section\" id=\"2_Midsize_Private_Jets\"><\/span>2. Avioane private de dimensiuni medii<span class=\"ez-toc-section-end\"><\/span><\/h3>\r\n\r\n\r\n\r\n<p>Avioanele de dimensiuni medii au \u00eentre 6 \u0219i 8 locuri \u0219i o autonomie maxim\u0103 de zbor de 4-5 ore. Este ideal pentru c\u0103l\u0103toriile personale \u0219i de afaceri, deoarece ofer\u0103 mai mult\u0103 flexibilitate \u0219i confort pe distan\u021be mai lungi.<\/p>\r\n\r\n\r\n\r\n<h4 class=\"wp-block-heading\"><span class=\"ez-toc-section\" id=\"Our_Recommendation_The_Hawker_800XP\"><\/span>Recomandarea noastr\u0103: Hawker 800XP<span class=\"ez-toc-section-end\"><\/span><\/h4>\r\n\r\n\r\n\r\n<p><a href=\"https:\/\/comparemyjet.com\/ro\/hawker-beechcraft\/\" data-internallinksmanager029f6b8e52c=\"153\" title=\"Ghidul suprem pentru Hawker Beechcraft Private Jets &amp; Aircraft\">Hawker Beechcraft<\/a> a fabricat Hawker 800XP din 1997 p\u00e2n\u0103 \u00een 2005. Chiar \u0219i atunci c\u00e2nd func\u021bioneaz\u0103 la capacitate maxim\u0103, exist\u0103 suficient spa\u021biu pentru a v\u0103 face zborul confortabil.<\/p>\r\n\r\n\r\n\r\n<p>Specifica\u021bii:<\/p>\r\n\r\n\r\n\r\n<ul class=\"wp-block-list\"><li>Pasageri: 8;<\/li><li>Volumul cabinei: 723 cu ft;<\/li><li>Lungimea cabinei: 21 ft 3 in;&nbsp;<\/li><li>L\u0103\u021bimea cabinei: 6 ft;<\/li><li>\u00cen\u0103l\u021bimea cabinei: 1,5 m 8 in;<\/li><li>Capacitate bagaje: 48 cu ft;<\/li><li>Gama de aeronave: 3.038 nm;<\/li><li>Viteza de croazier\u0103: 488 mph.<\/li><\/ul>\r\n\r\n\r\n\r\n<h3 class=\"wp-block-heading\"><span class=\"ez-toc-section\" id=\"3_Super-Midsize_Private_Jets\"><\/span>3. Avioane private de dimensiuni medii&nbsp;<span class=\"ez-toc-section-end\"><\/span><\/h3>\r\n\r\n\r\n\r\n<p>O aeronav\u0103 de dimensiuni medii este o op\u021biune excelent\u0103 pentru grupuri mai mari sau pentru urm\u0103toarea ta c\u0103l\u0103torie \u00een afara \u021b\u0103rii. Aceste aeronave combin\u0103 agilitatea \u0219i autonomia unui avion de dimensiuni medii cu confortul unui avion mare, oferind spa\u021biu \u00een picioare, buc\u0103t\u0103rii, acces la bagaje, scaune din piele \u0219i sta\u021bii de lucru pliabile.<\/p>\r\n\r\n\r\n\r\n<h4 class=\"wp-block-heading\"><span class=\"ez-toc-section\" id=\"Our_Recommendation_Citation_X\"><\/span>Recomandarea noastr\u0103: Men\u021biune X<span class=\"ez-toc-section-end\"><\/span><\/h4>\r\n\r\n\r\n\r\n<p>The <a href=\"https:\/\/comparemyjet.com\/ro\/cessna\/\" data-internallinksmanager029f6b8e52c=\"145\" title=\"Ghidul final pentru avioanele private Cessna \u0219i aeronavele private\">Cessna<\/a> Citation X este o aeronav\u0103 cu raz\u0103 lung\u0103 de ac\u021biune proiectat\u0103 \u00een principal pentru zboruri transcontinentale. A fost produs de Cessna \u00een 1996 \u0219i este \u00eenc\u0103 \u00een produc\u021bie. Este al treilea cel mai rapid avion de pasageri din lume produs \u00een prezent \u0219i este cel mai mare avion din seria Citation.<\/p>\r\n\r\n\r\n\r\n<p>Prin producerea Citation X, Cessna a reu\u0219it s\u0103 \u00eencorporeze o autonomie transatlantic\u0103 \u00eentr-un avion de dimensiuni medii.&nbsp;<\/p>\r\n\r\n\r\n\r\n<p>Specifica\u021bii:<\/p>\r\n\r\n\r\n\r\n<ul class=\"wp-block-list\"><li>Pasageri: 9;<\/li><li>Gama maxim\u0103: 3.300 nm;<\/li><li>Viteza de croazier\u0103: 605 mph;<\/li><li>Volumul cabinei: 725 cu ft;<\/li><li>Lungimea cabinei: 23 ft 7 in;&nbsp;<\/li><li>\u00cen\u0103l\u021bimea cabinei: 1,5 m 6 in;&nbsp;<\/li><li>L\u0103\u021bimea cabinei: 5 ft 7in;<\/li><li>Capacitate bagaje: 82 cu ft;<\/li><li>O toalet\u0103 privat\u0103 \u0219i o buc\u0103t\u0103rie complet\u0103.<\/li><\/ul>\r\n\r\n\r\n\r\n<h3 class=\"wp-block-heading\"><span class=\"ez-toc-section\" id=\"4_Large_Private_Jets\"><\/span>4. Avioane private mari<span class=\"ez-toc-section-end\"><\/span><\/h3>\r\n\r\n\r\n\r\n<p>Jeturile mari v\u0103 ofer\u0103 luxul \u0219i spa\u021biul de care ave\u021bi nevoie atunci c\u00e2nd c\u0103l\u0103tori\u021bi la nivel interna\u021bional. De asemenea, acestea dispun de interioare spa\u021bioase, cu camere de dormit potrivite pentru grupuri mici.<\/p>\r\n\r\n\r\n\r\n<p>De obicei, acestea dispun de o buc\u0103t\u0103rie complet echipat\u0103, cu o zon\u0103 de buc\u0103t\u0103rie \u0219i de servire.<\/p>\r\n\r\n\r\n\r\n<h4 class=\"wp-block-heading\"><span class=\"ez-toc-section\" id=\"Our_Recommendation_Bombardier_Challenger_650\"><\/span>Recomandarea noastr\u0103:  Bombardier Challenger 650&nbsp;<span class=\"ez-toc-section-end\"><\/span><\/h4>\r\n\r\n\r\n\r\n<p>Gama \u0219i performan\u021bele <a href=\"https:\/\/comparemyjet.com\/ro\/bombardier\/\" data-internallinksmanager029f6b8e52c=\"159\" title=\"Ghidul suprem pentru avioanele private Bombardier \u0219i avioanele de zbor\">Bombardier<\/a> Challenger 650 sunt excep\u021bionale. Cabina sa spa\u021bioas\u0103 ofer\u0103 facilit\u0103\u021bi la bord pentru un confort maxim \u00een timpul zborurilor transcontinentale de lung\u0103 durat\u0103 cu avionul privat. Pute\u021bi folosi masa de conferin\u021b\u0103 pentru lucru \u0219i v\u0103 pute\u021bi relaxa \u0219i bucura de cele mai moderne selec\u021bii de divertisment HD \u0219i Wi-Fi.&nbsp;<\/p>\r\n\r\n\r\n\r\n<p>Specifica\u021bii:<\/p>\r\n\r\n\r\n\r\n<ul class=\"wp-block-list\"><li>Pasageri: 11;<\/li><li>L\u0103\u021bimea cabinei: 7 ft 92 in;<\/li><li>Lungimea cabinei: 28 ft 4 in;<\/li><li>Intervalul de zbor: 8:45 ore;<\/li><li>Viteza maxim\u0103 de croazier\u0103: 540 mph;<\/li><li>Buc\u0103t\u0103rie cu servicii complete;<\/li><li>O \u00eenso\u021bitoare de bord.<\/li><\/ul>\r\n\r\n\r\n\r\n<h3 class=\"wp-block-heading\"><span class=\"ez-toc-section\" id=\"5_Long-Range_Private_Jets\"><\/span>5. Avioane private cu raz\u0103 lung\u0103 de ac\u021biune<span class=\"ez-toc-section-end\"><\/span><\/h3>\r\n\r\n\r\n\r\n<p>Datorit\u0103 dimensiunilor lor, aceste aeronave ofer\u0103 zone de lucru, de luat masa \u0219i de relaxare separate, precum \u0219i facilit\u0103\u021bi de ultim\u0103 genera\u021bie.<\/p>\r\n\r\n\r\n\r\n<p>Avioanele cu raz\u0103 lung\u0103 de ac\u021biune sunt ideale pentru c\u0103l\u0103torii priva\u021bi care doresc s\u0103 ajung\u0103 la destina\u021bie f\u0103r\u0103 a fi nevoi\u021bi s\u0103 se opreasc\u0103 pentru realimentare. Acestea sunt concepute pentru zboruri intercontinentale f\u0103r\u0103 escal\u0103.<\/p>\r\n\r\n\r\n\r\n<h4 class=\"wp-block-heading\"><span class=\"ez-toc-section\" id=\"Our_Recommendation_The_Gulfstream_G450\"><\/span>Recomandarea noastr\u0103: Gulfstream G450&nbsp;<span class=\"ez-toc-section-end\"><\/span><\/h4>\r\n\r\n\r\n\r\n<p>The <a href=\"https:\/\/comparemyjet.com\/ro\/gulfstream\/\" data-internallinksmanager029f6b8e52c=\"175\" title=\"Ghidul final pentru Gulfstream Private Jets &amp; Aircraft\">Gulfstream<\/a> G450 este conceput \u00een primul r\u00e2nd pentru c\u0103l\u0103torii pe distan\u021be lungi, oferind confort \u0219i siguran\u021b\u0103 garantate. Acestea pot zbura timp de 5.000 de mile sau aproape 10 ore f\u0103r\u0103 a fi nevoie s\u0103 se opreasc\u0103 pentru realimentare.<\/p>\r\n\r\n\r\n\r\n<p>Acest avion dispune de o cabin\u0103 spa\u021bioas\u0103, cu o buc\u0103t\u0103rie cu servicii complete \u0219i un spa\u021biu considerabil pentru bagaje, permi\u021b\u00e2nd tuturor pasagerilor s\u0103 ia cu ei tot ce au nevoie pentru c\u0103l\u0103torie.<\/p>\r\n\r\n\r\n\r\n<p>Specifica\u021bii:<\/p>\r\n\r\n\r\n\r\n<ul class=\"wp-block-list\"><li>Pasageri: 14;<\/li><li>L\u0103\u021bimea cabinei: 7 ft;<\/li><li>Lungimea cabinei: 45 ft 1 in;<\/li><li>Spa\u021biu pentru bagaje: 169 cu ft;<\/li><li>Distan\u021ba de zbor: 5.000 de mile statutare;<\/li><li>Rezisten\u021b\u0103: p\u00e2n\u0103 la 9:45 ore;&nbsp;<\/li><li>Viteza maxim\u0103 de croazier\u0103: 547 mph;<\/li><li>Wi-Fi;<\/li><li>Prize de curent universale;<\/li><li>DVD player \u0219i monitoare video;<\/li><li>O \u00eenso\u021bitoare de bord.<\/li><\/ul>\r\n\r\n\r\n\r\n<h2 class=\"wp-block-heading\"><span class=\"ez-toc-section\" id=\"Company_Safety_Policy_and_Standards\"><\/span>Politica \u0219i standardele de siguran\u021b\u0103 ale companiei<span class=\"ez-toc-section-end\"><\/span><\/h2>\r\n\r\n\r\n\r\n<figure class=\"wp-block-image size-full is-style-default\"><img loading=\"lazy\" decoding=\"async\" width=\"1000\" height=\"667\" src=\"https:\/\/comparemyjet.com\/wp-content\/uploads\/2022\/09\/pilot.boarding.on_.a.private.jet_.jpg\" alt=\"\" class=\"wp-image-3231\" srcset=\"https:\/\/comparemyjet.com\/wp-content\/uploads\/2022\/09\/pilot.boarding.on_.a.private.jet_-18x12.jpg 18w, https:\/\/comparemyjet.com\/wp-content\/uploads\/2022\/09\/pilot.boarding.on_.a.private.jet_-300x200.jpg 300w, https:\/\/comparemyjet.com\/wp-content\/uploads\/2022\/09\/pilot.boarding.on_.a.private.jet_-768x512.jpg 768w, https:\/\/comparemyjet.com\/wp-content\/uploads\/2022\/09\/pilot.boarding.on_.a.private.jet_.jpg 1000w\" sizes=\"auto, (max-width: 1000px) 100vw, 1000px\" \/><\/figure>\r\n\r\n\r\n\r\n<p>Jet Algo utilizeaz\u0103 ARGUS Gold sau Platinum acreditat ARGUS Gold sau Platinum <a href=\"https:\/\/www.faa.gov\/licenses_certificates\/airline_certification\/135_certification\/general_info\" target=\"_blank\" rel=\"noopener\">Partea 135<\/a> operatori. Cu ajutorul acestora, Jet Algo ofer\u0103 ceea ce v\u0103 imagina\u021bi ca fiind cele mai bune c\u0103l\u0103torii de avia\u021bie privat\u0103, dar la o reducere considerabil\u0103. <\/p>\r\n\r\n\r\n\r\n<h2 class=\"wp-block-heading\"><span class=\"ez-toc-section\" id=\"Conclusion\"><\/span>Concluzie<span class=\"ez-toc-section-end\"><\/span><\/h2>\r\n\r\n\r\n\r\n<p>Jet Algo ofer\u0103 servicii charter personalizate, lu\u00e2nd \u00een considerare toate circumstan\u021bele la calcularea pre\u021bului final. De exemplu, dac\u0103 dori\u021bi s\u0103 c\u0103l\u0103tori\u021bi \u00een cele mai aglomerate zile ale anului, cum ar fi s\u0103rb\u0103torile legale, probabil c\u0103 va trebui s\u0103 pl\u0103ti\u021bi mai mult dec\u00e2t pre\u021burile standard.<\/p>\r\n\r\n\r\n\r\n<p>Pute\u021bi ob\u021bine o rat\u0103 fix\u0103 mai bun\u0103 dac\u0103 sunte\u021bi flexibil \u00een ceea ce prive\u0219te datele. Doar permite\u021bi-i lui Jet Algo s\u0103 v\u0103 recomande zile de \u00eenlocuire pentru a primi tarife mai bune.\u00a0<\/p>\r\n\r\n\r\n\r\n<p>Personalizarea zborului include planificarea, programarea \u0219i g\u0103sirea avionului \u0219i a m\u00e2nc\u0103rii potrivite, a \u00eenso\u021bitorilor de bord \u0219i a altor cereri speciale, cum ar fi zborul cu animalul de companie. Ve\u021bi primi un tarif personalizat all-inclusive - la fel ca \u0219i zborul dvs. personalizat.<\/p>","protected":false},"excerpt":{"rendered":"<p>Jet Algo este o firm\u0103 privat\u0103 de charter cu sediul \u00een Morristown, New Jersey. Un mod \u00een care se diferen\u021biaz\u0103 de alte companii este utilizarea algoritmilor breveta\u021bi pentru a calcula estim\u0103ri de pre\u021b adaptate la profilul \u0219i itinerariile de c\u0103l\u0103torie ale clien\u021bilor. Cu ajutorul algoritmilor lor, ei realizeaz\u0103 un sistem de plat\u0103 bazat pe itinerariul dumneavoastr\u0103.  Compania ...<\/p>","protected":false},"author":2,"featured_media":3229,"parent":0,"menu_order":0,"comment_status":"closed","ping_status":"closed","template":"","meta":{"_acf_changed":false,"_genesis_hide_title":false,"_genesis_hide_breadcrumbs":false,"_genesis_hide_singular_image":false,"_genesis_hide_footer_widgets":false,"_genesis_custom_body_class":"","_genesis_custom_post_class":"","_genesis_layout":"","footnotes":""},"class_list":{"1":"page","2":"type-page","6":"entry"},"acf":[],"_links":{"self":[{"href":"https:\/\/comparemyjet.com\/ro\/wp-json\/wp\/v2\/pages\/3228","targetHints":{"allow":["GET"]}}],"collection":[{"href":"https:\/\/comparemyjet.com\/ro\/wp-json\/wp\/v2\/pages"}],"about":[{"href":"https:\/\/comparemyjet.com\/ro\/wp-json\/wp\/v2\/types\/page"}],"author":[{"embeddable":true,"href":"https:\/\/comparemyjet.com\/ro\/wp-json\/wp\/v2\/users\/2"}],"replies":[{"embeddable":true,"href":"https:\/\/comparemyjet.com\/ro\/wp-json\/wp\/v2\/comments?post=3228"}],"version-history":[{"count":3,"href":"https:\/\/comparemyjet.com\/ro\/wp-json\/wp\/v2\/pages\/3228\/revisions"}],"predecessor-version":[{"id":3466,"href":"https:\/\/comparemyjet.com\/ro\/wp-json\/wp\/v2\/pages\/3228\/revisions\/3466"}],"wp:featuredmedia":[{"embeddable":true,"href":"https:\/\/comparemyjet.com\/ro\/wp-json\/wp\/v2\/media\/3229"}],"wp:attachment":[{"href":"https:\/\/comparemyjet.com\/ro\/wp-json\/wp\/v2\/media?parent=3228"}],"curies":[{"name":"wp","href":"https:\/\/api.w.org\/{rel}","templated":true}]}}