{"id":3248,"date":"2022-09-20T00:02:25","date_gmt":"2022-09-20T00:02:25","guid":{"rendered":"https:\/\/comparemyjet.com\/?page_id=3248"},"modified":"2025-09-04T10:00:03","modified_gmt":"2025-09-04T10:00:03","slug":"qatar-executive","status":"publish","type":"page","link":"https:\/\/comparemyjet.com\/ro\/qatar-executive\/","title":{"rendered":"Qatar Executive Flight Pre\u021buri de zbor"},"content":{"rendered":"<p><a href=\"https:\/\/comparemyjet.com\/ro\/tururi-private\/doha-private-tours\/\" data-internallinksmanager029f6b8e52c=\"346\" title=\"11 cele mai bune tururi private \u00een Doha de la $77.00\">Doha<\/a>-Qatar Executive, cu sediul \u00een Qatar, cunoscut\u0103 pentru flota sa cu raz\u0103 lung\u0103 de ac\u021biune \u0219i pentru facilit\u0103\u021bile oferite de avioanele de lux la bordul fiec\u0103rui zbor, opereaz\u0103 <a href=\"https:\/\/comparemyjet.com\/ro\/cum-inchiri-sau-inchiriezi-un-avion-privat\/\" data-internallinksmanager029f6b8e52c=\"15\" title=\"Cum \u00eenchiria\u021bi sau \u00eenchiria\u021bi un avion privat?\">charter cu jet privat<\/a> servicii \u00een \u00eentreaga lume. Cele mai populare loca\u021bii pentru sosiri \u0219i plec\u0103ri de zboruri charter includ:<\/p>\r\n\r\n\r\n\r\n<ul class=\"wp-block-list\"><li>Din Qatar p\u00e2n\u0103 \u00een SUA \u0219i Europa;<\/li><li>Din Rusia \u00een Asia de Est \u0219i de Sud-Est;<\/li><li>Din Europa p\u00e2n\u0103 pe coastele de est \u0219i de vest ale SUA.<\/li><\/ul>\r\n\r\n\r\n\r\n<p>S\u0103 vedem mai \u00een detaliu ce ofer\u0103 Qatar Executive.<\/p>\r\n\r\n\r\n\r\n<div id=\"ez-toc-container\" class=\"ez-toc-v2_0_76 counter-hierarchy ez-toc-counter ez-toc-grey ez-toc-container-direction\">\n<p class=\"ez-toc-title\" style=\"cursor:inherit\">Subiecte<\/p>\n<label for=\"ez-toc-cssicon-toggle-item-69e2a31e1a75f\" class=\"ez-toc-cssicon-toggle-label\"><span class=\"\"><span class=\"eztoc-hide\" style=\"display:none;\">Toggle<\/span><span class=\"ez-toc-icon-toggle-span\"><svg style=\"fill: #999;color:#999\" xmlns=\"http:\/\/www.w3.org\/2000\/svg\" class=\"list-377408\" width=\"20px\" height=\"20px\" viewbox=\"0 0 24 24\" fill=\"none\"><path d=\"M6 6H4v2h2V6zm14 0H8v2h12V6zM4 11h2v2H4v-2zm16 0H8v2h12v-2zM4 16h2v2H4v-2zm16 0H8v2h12v-2z\" fill=\"currentColor\"><\/path><\/svg><svg style=\"fill: #999;color:#999\" class=\"arrow-unsorted-368013\" xmlns=\"http:\/\/www.w3.org\/2000\/svg\" width=\"10px\" height=\"10px\" viewbox=\"0 0 24 24\" version=\"1.2\" baseprofile=\"tiny\"><path d=\"M18.2 9.3l-6.2-6.3-6.2 6.3c-.2.2-.3.4-.3.7s.1.5.3.7c.2.2.4.3.7.3h11c.3 0 .5-.1.7-.3.2-.2.3-.5.3-.7s-.1-.5-.3-.7zM5.8 14.7l6.2 6.3 6.2-6.3c.2-.2.3-.5.3-.7s-.1-.5-.3-.7c-.2-.2-.4-.3-.7-.3h-11c-.3 0-.5.1-.7.3-.2.2-.3.5-.3.7s.1.5.3.7z\"\/><\/svg><\/span><\/span><\/label><input type=\"checkbox\"  id=\"ez-toc-cssicon-toggle-item-69e2a31e1a75f\" checked aria-label=\"Toggle\" \/><nav><ul class='ez-toc-list ez-toc-list-level-1' ><li class='ez-toc-page-1 ez-toc-heading-level-2'><a class=\"ez-toc-link ez-toc-heading-1\" href=\"https:\/\/comparemyjet.com\/ro\/qatar-executive\/#About_the_Company\" >Despre companie<\/a><\/li><li class='ez-toc-page-1 ez-toc-heading-level-2'><a class=\"ez-toc-link ez-toc-heading-2\" href=\"https:\/\/comparemyjet.com\/ro\/qatar-executive\/#Membership_Programs\" >Programe de membru<\/a><\/li><li class='ez-toc-page-1 ez-toc-heading-level-2'><a class=\"ez-toc-link ez-toc-heading-3\" href=\"https:\/\/comparemyjet.com\/ro\/qatar-executive\/#Pricing\" >Stabilirea pre\u021burilor<\/a><\/li><li class='ez-toc-page-1 ez-toc-heading-level-2'><a class=\"ez-toc-link ez-toc-heading-4\" href=\"https:\/\/comparemyjet.com\/ro\/qatar-executive\/#Additional_Services\" >Servicii suplimentare<\/a><ul class='ez-toc-list-level-3' ><li class='ez-toc-heading-level-3'><a class=\"ez-toc-link ez-toc-heading-5\" href=\"https:\/\/comparemyjet.com\/ro\/qatar-executive\/#Aircraft_Management\" >Managementul aeronavelor<\/a><\/li><li class='ez-toc-page-1 ez-toc-heading-level-3'><a class=\"ez-toc-link ez-toc-heading-6\" href=\"https:\/\/comparemyjet.com\/ro\/qatar-executive\/#Aircraft_Servicing_and_Maintenance\" >Service \u0219i \u00eentre\u021binere a aeronavelor&nbsp;<\/a><\/li><\/ul><\/li><li class='ez-toc-page-1 ez-toc-heading-level-2'><a class=\"ez-toc-link ez-toc-heading-7\" href=\"https:\/\/comparemyjet.com\/ro\/qatar-executive\/#The_Fleet\" >Flota&nbsp;<\/a><ul class='ez-toc-list-level-3' ><li class='ez-toc-heading-level-3'><a class=\"ez-toc-link ez-toc-heading-8\" href=\"https:\/\/comparemyjet.com\/ro\/qatar-executive\/#1_The_Gulfstream_G650ER\" >1. Gulfstream G650ER&nbsp;<\/a><\/li><li class='ez-toc-page-1 ez-toc-heading-level-3'><a class=\"ez-toc-link ez-toc-heading-9\" href=\"https:\/\/comparemyjet.com\/ro\/qatar-executive\/#2_Bombardier_Global_Express_XRS\" >2. Bombardier Global Express XRS<\/a><\/li><li class='ez-toc-page-1 ez-toc-heading-level-3'><a class=\"ez-toc-link ez-toc-heading-10\" href=\"https:\/\/comparemyjet.com\/ro\/qatar-executive\/#3_The_Gulfstream_G5000\" >3. Gulfstream G5000<\/a><\/li><\/ul><\/li><li class='ez-toc-page-1 ez-toc-heading-level-2'><a class=\"ez-toc-link ez-toc-heading-11\" href=\"https:\/\/comparemyjet.com\/ro\/qatar-executive\/#Company_Safety_Policy_and_Standards\" >Politica \u0219i standardele de siguran\u021b\u0103 ale companiei<\/a><\/li><li class='ez-toc-page-1 ez-toc-heading-level-2'><a class=\"ez-toc-link ez-toc-heading-12\" href=\"https:\/\/comparemyjet.com\/ro\/qatar-executive\/#Pilots\" >Pilo\u021bi<\/a><\/li><li class='ez-toc-page-1 ez-toc-heading-level-2'><a class=\"ez-toc-link ez-toc-heading-13\" href=\"https:\/\/comparemyjet.com\/ro\/qatar-executive\/#Qatar_Executive_FBO\" >Qatar Executive FBO<\/a><\/li><li class='ez-toc-page-1 ez-toc-heading-level-2'><a class=\"ez-toc-link ez-toc-heading-14\" href=\"https:\/\/comparemyjet.com\/ro\/qatar-executive\/#Conclusion\" >Concluzie<\/a><\/li><\/ul><\/nav><\/div>\n<h2 class=\"wp-block-heading\"><span class=\"ez-toc-section\" id=\"About_the_Company\"><\/span>Despre companie<span class=\"ez-toc-section-end\"><\/span><\/h2>\r\n\r\n\r\n\r\n<p>Fondat\u0103 de o familie regal\u0103 din Qatar, Qatar Airways a intrat \u00een industria aviatic\u0103 \u00een 1994. Spre deosebire de alte companii aeriene, Qatar Airways are propria flot\u0103 de avioane private, pe l\u00e2ng\u0103 flota sa comercial\u0103. Filiala companiei aeriene, Qatar Executive, a fost \u00eenfiin\u021bat\u0103 \u00een 2009 \u0219i zboar\u0103 \u00een principal <a href=\"https:\/\/comparemyjet.com\/ro\/gulfstream\/\" data-internallinksmanager029f6b8e52c=\"175\" title=\"Ghidul final pentru Gulfstream Private Jets &amp; Aircraft\">Gulfstream<\/a> aeronave de lux.&nbsp;<\/p>\r\n\r\n\r\n\r\n<p>Flota de avioane de afaceri de\u021binut\u0103 integral de Qatar Executive ofer\u0103 servicii de avioane cu reac\u021bie uimitoare pentru zboruri charter interna\u021bionale de la sediul s\u0103u central de la Aeroportul Interna\u021bional Doha. Clien\u021bii au acces la Block Hour Agreement, un program pe baz\u0103 de contract care le permite pasagerilor s\u0103 rezerve zboruri la pre\u021buri orare.<\/p>\r\n\r\n\r\n\r\n<p>Sprijinul sus\u021binut al companiei aeriene pentru Orientul Mijlociu, pentru comunitatea interna\u021bional\u0103 de c\u0103l\u0103torii de afaceri \u0219i planul s\u0103u puternic de extindere la nivel mondial se reflect\u0103 \u00een Qatar Executive.<\/p>\r\n\r\n\r\n\r\n<p>\u00cen plus, Qatar Executive lucreaz\u0103 cu personal \u00eenalt calificat din peste 52 de na\u021biuni \u0219i culturi diferite pentru a oferi servicii de handling la sol companiilor aeriene str\u0103ine, oficialilor guvernamentali de rang \u00eenalt, aeronavelor private \u0219i transportatorilor aerieni de marf\u0103.&nbsp;<\/p>\r\n\r\n\r\n\r\n<p>S\u0103 explor\u0103m programele lor de membru \u0219i s\u0103 continu\u0103m cu celelalte servicii.<\/p>\r\n\r\n\r\n\r\n<h2 class=\"wp-block-heading\"><span class=\"ez-toc-section\" id=\"Membership_Programs\"><\/span>Programe de membru<span class=\"ez-toc-section-end\"><\/span><\/h2>\r\n\r\n\r\n\r\n<p>Clien\u021bii pot achizi\u021biona \u00een avans timp de zbor pe avioane private de ultim\u0103 genera\u021bie, mari \u0219i cu raz\u0103 de ac\u021biune foarte lung\u0103, la tarife orare stabilite prin intermediul programului unic \u0219i exclusivist Qatar Executive. <a href=\"https:\/\/www.qatarexec.com.qa\/en\/Services\/Agreement\" target=\"_blank\" rel=\"noopener\">Acord de ore \u00een bloc<\/a>.<\/p>\r\n\r\n\r\n\r\n<p>Acordul-cadru ofer\u0103 o experien\u021b\u0103 de zbor excep\u021bional\u0103, adaptat\u0103 \u00een mod specific gusturilor \u0219i a\u0219tept\u0103rilor fiec\u0103rui pasager.<\/p>\r\n\r\n\r\n\r\n<p>Pentru a se \u00eenscrie \u00een acest program, clien\u021bii trebuie s\u0103 achizi\u021bioneze minimum 50 de ore de zbor, f\u0103r\u0103 costuri suplimentare. At\u00e2t orele de zbor, c\u00e2t \u0219i timpul de rulare sunt incluse \u00een pre\u021bul orar fix. \u00cen plus, clien\u021bii beneficiaz\u0103 de disponibilitatea asigurat\u0103 pentru rezerv\u0103rile f\u0103cute cu 72 de ore \u00eenainte de zbor.<\/p>\r\n\r\n\r\n\r\n<h2 class=\"wp-block-heading\"><span class=\"ez-toc-section\" id=\"Pricing\"><\/span>Stabilirea pre\u021burilor<span class=\"ez-toc-section-end\"><\/span><\/h2>\r\n\r\n\r\n\r\n<p>Av\u00e2nd \u00een vedere c\u0103 clien\u021bii primesc pre\u021bul dup\u0103 ce l-au trimis, Qatar Airways nu dezv\u0103luie niciun interval de pre\u021buri sau alternative specifice pentru Qatar Executive.<\/p>\r\n\r\n\r\n\r\n<p>Pute\u021bi s\u0103 v\u0103 face\u021bi o idee general\u0103 despre ce v-ar putea a\u0219tepta din Qatar Executive's <a href=\"https:\/\/www.qatarexec.com.qa\/CommonMediaFiles\/PDF\/QEFBOflyer.pdf\" target=\"_blank\" rel=\"noopener\">lista \u00een format pdf a tuturor pre\u021burilor \u0219i serviciilor<\/a>.<\/p>\r\n\r\n\r\n\r\n<h2 class=\"wp-block-heading\"><span class=\"ez-toc-section\" id=\"Additional_Services\"><\/span>Servicii suplimentare<span class=\"ez-toc-section-end\"><\/span><\/h2>\r\n\r\n\r\n\r\n<p>Qatar Executive ofer\u0103 \u0219i alte servicii suplimentare \u00een afar\u0103 de leasingul de aeronave.<\/p>\r\n\r\n\r\n\r\n<h3 class=\"wp-block-heading\"><span class=\"ez-toc-section\" id=\"Aircraft_Management\"><\/span>Managementul aeronavelor<span class=\"ez-toc-section-end\"><\/span><\/h3>\r\n\r\n\r\n\r\n<p>\u00cen acest rol, Qatar Executive are rolul de consilier, oferind \u00eendrumare atunci c\u00e2nd este necesar \u0219i oferind sfaturi cu privire la cea mai economic\u0103 modalitate de a satisface cerin\u021bele clien\u021bilor. Clien\u021bii pot alege o solu\u021bie de management privat - utilizare exclusiv\u0103, sau o solu\u021bie de management comercial, \u00een care aeronava este \u00eenchiriat\u0103 altor clien\u021bi \u00een schimbul unor economii considerabile la pre\u021bul total.<\/p>\r\n\r\n\r\n\r\n<h3 class=\"wp-block-heading\"><span class=\"ez-toc-section\" id=\"Aircraft_Servicing_and_Maintenance\"><\/span>Service \u0219i \u00eentre\u021binere a aeronavelor&nbsp;<span class=\"ez-toc-section-end\"><\/span><\/h3>\r\n\r\n\r\n\r\n<p>Qatar Executive ofer\u0103 servicii de handling la sol \u0219i opera\u021biuni de baz\u0103 fix\u0103 companiilor aeriene interna\u021bionale, oficialilor guvernamentali, avioanelor private \u0219i transportului aerian de m\u0103rfuri. Datorit\u0103 personalului Qatar Executive format din exper\u021bi tehnici califica\u021bi \u0219i instrui\u021bi \u00een fabric\u0103, toate sarcinile de \u00eentre\u021binere a aeronavelor sunt efectuate la cele mai \u00eenalte standarde. Challenger 604\/605, Global XRS, 5000 \u0219i Gulfstream G650\/G500 se num\u0103r\u0103 printre aeronavele pe care Qatar Executives poate efectua lucr\u0103ri de \u00eentre\u021binere de baz\u0103 \u0219i de linie.&nbsp;<\/p>\r\n\r\n\r\n\r\n<h2 class=\"wp-block-heading\"><span class=\"ez-toc-section\" id=\"The_Fleet\"><\/span>Flota&nbsp;<span class=\"ez-toc-section-end\"><\/span><\/h2>\r\n\r\n\r\n\r\n<figure class=\"wp-block-image size-full is-style-default\"><img loading=\"lazy\" decoding=\"async\" width=\"1000\" height=\"665\" src=\"https:\/\/comparemyjet.com\/wp-content\/uploads\/2022\/09\/Qatar-Executive.jpg\" alt=\"Qatar Executive\" class=\"wp-image-3249\" srcset=\"https:\/\/comparemyjet.com\/wp-content\/uploads\/2022\/09\/Qatar-Executive-18x12.jpg 18w, https:\/\/comparemyjet.com\/wp-content\/uploads\/2022\/09\/Qatar-Executive-300x200.jpg 300w, https:\/\/comparemyjet.com\/wp-content\/uploads\/2022\/09\/Qatar-Executive-768x511.jpg 768w, https:\/\/comparemyjet.com\/wp-content\/uploads\/2022\/09\/Qatar-Executive.jpg 1000w\" sizes=\"auto, (max-width: 1000px) 100vw, 1000px\" \/><\/figure>\r\n\r\n\r\n\r\n<p>Atunci c\u00e2nd \u00eenchiria\u021bi un avion privat cu Qatar Executive, ve\u021bi avea acces direct la flota lor \u0219i la cele mai moderne Gulfstream \u0219i <a href=\"https:\/\/comparemyjet.com\/ro\/bombardier\/\" data-internallinksmanager029f6b8e52c=\"159\" title=\"Ghidul suprem pentru avioanele private Bombardier \u0219i avioanele de zbor\">Bombardier<\/a> avioane gestionate conform celor mai recente standarde de siguran\u021b\u0103. Aceste avioane sunt destinate exclusiv \u00eenchirierii private \u0219i nu sunt folosite de Qatar Airways pentru zboruri comerciale programate \u00een mod regulat.&nbsp;<\/p>\r\n\r\n\r\n\r\n<p>Gulfstream G650ER, Bombardier Global Express XRS \u0219i Gulfstream G500 sunt aeronavele actuale ale companiei aeriene, care num\u0103r\u0103 aproximativ 20 de aeronave.&nbsp;<\/p>\r\n\r\n\r\n\r\n<p>Toate aceste avioane au \u00een comun caracteristici precum interioare opulente, cu configura\u021bii spa\u021bioase de scaune, spa\u021bii de luat masa \u0219i alte spa\u021bii func\u021bionale \u0219i mobilier, la fel ca avioanele private ale altor companii. Interiorul lor este proiectat cu g\u00e2ndul la un grup mic \u0219i selec\u021bionat de pasageri care c\u0103l\u0103toresc \u00eempreun\u0103, a\u0219a c\u0103 este foarte func\u021bional \u0219i pl\u0103cut din punct de vedere estetic.<\/p>\r\n\r\n\r\n\r\n<p>Haide\u021bi s\u0103 arunc\u0103m o privire \u00een interiorul celor mai importante trei modele de aeronave din flota Qatar Executive \u0219i s\u0103 vedem performan\u021bele, dimensiunile \u0219i dot\u0103rile acestora.&nbsp;<\/p>\r\n\r\n\r\n\r\n<h3 class=\"wp-block-heading\"><span class=\"ez-toc-section\" id=\"1_The_Gulfstream_G650ER\"><\/span>1. Gulfstream G650ER&nbsp;<span class=\"ez-toc-section-end\"><\/span><\/h3>\r\n\r\n\r\n\r\n<p>Gulfstream G650ER face parte din categoria avioanelor de afaceri cu raz\u0103 de ac\u021biune foarte lung\u0103 \u0219i este unul dintre cele mai rapide avioane de pe pia\u021b\u0103, datorit\u0103 motorului s\u0103u excep\u021bional.&nbsp;<\/p>\r\n\r\n\r\n\r\n<p><a href=\"https:\/\/www.onemoreorbit.com\/\" target=\"_blank\" rel=\"noopener\">\u00cenc\u0103 o orbit\u0103<\/a> este o \u00eencercare interna\u021bional\u0103 de succes de a dobor\u00ee recordul Guinness pentru cea mai rapid\u0103 \u00eentoarcere \u00een jurul planetei prin ambii poli. Pentru aceast\u0103 misiune, au folosit un avion de\u021binut de Qatar Executive pentru a dobor\u00ee recordul anterior pentru cea mai rapid\u0103 c\u0103l\u0103torie de la un pol la altul \u00een jurul globului. \u00cen 2019, au dep\u0103\u0219it recordul anterior de 52 de ore \u0219i 32 de minute, stabilind un nou record de 46 de ore \u0219i 40 de minute zbur\u00e2nd cu un G50ER.&nbsp;<\/p>\r\n\r\n\r\n\r\n<p>Gulfstream G650ER de elit\u0103 are o lungime a cabinei de pu\u021bin peste 45 de picioare \u0219i poate g\u0103zdui 13 pasageri care zboar\u0103 direct \u00eentre Asia \u0219i Africa sau \u00eentre Orientul Mijlociu \u0219i America de Nord. Este cea mai bun\u0103 aeronav\u0103 pentru persoanele care trebuie s\u0103 traverseze jum\u0103tate de lume, deoarece poate c\u0103l\u0103tori mai departe \u0219i mai repede dec\u00e2t aproape orice avion cu reac\u021bie de dimensiunea sa.<\/p>\r\n\r\n\r\n\r\n<p>Capacit\u0103\u021bile opera\u021bionale ale aeronavei, tehnologia de interior, consumul de combustibil \u0219i siguran\u021ba pasagerilor fac din aceasta un avion foarte c\u0103utat. Cu o raz\u0103 de ac\u021biune de 7.500 nm, Qatar Executive Gulfstream G650ER are capacitatea de a zbura mai repede \u0219i mai departe dec\u00e2t orice alt\u0103 aeronav\u0103 din clasa sa.<\/p>\r\n\r\n\r\n\r\n<p>Specifica\u021bii \u0219i facilit\u0103\u021bi:<\/p>\r\n\r\n\r\n\r\n<ul class=\"wp-block-list\"><li>Pasageri: 13;<\/li><li>\u00cen\u0103l\u021bimea cabinei: 6 ft 5 in;<\/li><li>L\u0103\u021bimea cabinei: 8 ft 6 in;<\/li><li>Lungimea cabinei: 46 ft 10 in;<\/li><li>Altitudinea maxim\u0103: 51.000 ft;<\/li><li>Viteza maxim\u0103: 1.132 km\/h;<\/li><li>Distan\u021ba de zbor: 7.500 nm;<\/li><li>Echipaj: 2 pilo\u021bi, 1 \u00eenso\u021bitor de bord;<\/li><li>20 de pungi permise;<\/li><li>WiFi;<\/li><li>Camera de dormit;<\/li><li>Fumatul este permis.&nbsp;<\/li><\/ul>\r\n\r\n\r\n\r\n<h3 class=\"wp-block-heading\"><span class=\"ez-toc-section\" id=\"2_Bombardier_Global_Express_XRS\"><\/span>2. Bombardier Global Express XRS<span class=\"ez-toc-section-end\"><\/span><\/h3>\r\n\r\n\r\n\r\n<p>Bombardier Global Express XRS este avionul de afaceri ideal, care dispune de cele mai bune performan\u021be necesare pentru un zbor interna\u021bional, cum ar fi o configura\u021bie de ultim\u0103 genera\u021bie a pun\u021bii de zbor \u0219i o cabin\u0103 silen\u021bioas\u0103.<\/p>\r\n\r\n\r\n\r\n<p>Specifica\u021bii \u0219i facilit\u0103\u021bi:<\/p>\r\n\r\n\r\n\r\n<ul class=\"wp-block-list\"><li>Pasageri: 13;<\/li><li>\u00cen\u0103l\u021bimea cabinei: 6 ft 25 in;<\/li><li>L\u0103\u021bimea cabinei: 8 ft 17 in;<\/li><li>Lungimea cabinei: 48 ft 35 in;<\/li><li>Distan\u021ba de zbor: 6,150nm;<\/li><li>Altitudine maxim\u0103: 49.000 de picioare;<\/li><li>Viteza maxim\u0103: 950 km\/h;<\/li><li>Echipaj: 2 pilo\u021bi, un echipaj de cabin\u0103;<\/li><li>Sunt permise 15 pungi;<\/li><li>WiFi;<\/li><li>Camera de dormit;<\/li><li>Fumatul este permis.<\/li><\/ul>\r\n\r\n\r\n\r\n<h3 class=\"wp-block-heading\"><span class=\"ez-toc-section\" id=\"3_The_Gulfstream_G5000\"><\/span>3. Gulfstream G5000<span class=\"ez-toc-section-end\"><\/span><\/h3>\r\n\r\n\r\n\r\n<p>Avionul G5000 este unul dintre cele mai rapide \u0219i mai sofisticate din punct de vedere tehnologic tipuri de avioane din flota Qatar Executive. Avionul de ultim\u0103 genera\u021bie stabile\u0219te un nou standard pentru industrie, oferind una dintre cele mai silen\u021bioase cabine \u0219i oferind o presiune corect\u0103 a altitudinii cabinei pentru o mai mare satisfac\u021bie a pasagerilor.<\/p>\r\n\r\n\r\n\r\n<p>Specifica\u021bii:<\/p>\r\n\r\n\r\n\r\n<ul class=\"wp-block-list\"><li>Pasageri: 13;<\/li><li>Lungimea cabinei: 42 ft 50 in;<\/li><li>\u00cen\u0103l\u021bimea cabinei: 6 ft 25 in;<\/li><li>L\u0103\u021bimea cabinei: 8 ft 17 in;<\/li><li>Viteza maxim\u0103: 950 km\/h;<\/li><li>Distan\u021ba de zbor: 5.000nm;<\/li><li>Altitudine maxim\u0103: 49.000 de picioare<\/li><li>Echipaj: 2 pilo\u021bi, un echipaj de cabin\u0103;<\/li><li>Sunt permise 15 pungi;<\/li><li>WiFi;<\/li><li>Camera de dormit;&nbsp;<\/li><li>Fumatul este permis.<\/li><\/ul>\r\n\r\n\r\n\r\n<h2 class=\"wp-block-heading\"><span class=\"ez-toc-section\" id=\"Company_Safety_Policy_and_Standards\"><\/span>Politica \u0219i standardele de siguran\u021b\u0103 ale companiei<span class=\"ez-toc-section-end\"><\/span><\/h2>\r\n\r\n\r\n\r\n<p>Qatar Executive a primit multe <a href=\"https:\/\/www.qatarexec.com.qa\/en\/About\/Awards\" target=\"_blank\" rel=\"noopener\">premii<\/a>, oferind garan\u021bia c\u0103 aeronava \u0219i echipajul respect\u0103 standarde stricte de siguran\u021b\u0103 \u0219i ofer\u0103 servicii personalizate, de \u00eenalt\u0103 calitate.<\/p>\r\n\r\n\r\n\r\n<p>Fiecare dintre aeronavele lor este \u00eentre\u021binut\u0103 la niveluri care dep\u0103\u0219esc cerin\u021bele produc\u0103torului, datorit\u0103 departamentului de \u00eentre\u021binere intern, aprobat \u00een conformitate cu partea 145.<\/p>\r\n\r\n\r\n\r\n<p>\u00cen plus, Qatar Executive este membru al <a href=\"https:\/\/nbaa.org\/\" target=\"_blank\" rel=\"noopener\">Asocia\u021bia Na\u021bional\u0103 a Avia\u021biei de Afaceri<\/a> \u0219i <a href=\"https:\/\/www.theaircharterassociation.aero\/\" target=\"_blank\" rel=\"noopener\">Asocia\u021bia Air Charter<\/a>, \u0219i este <a href=\"https:\/\/www.wyvernltd.com\/\" target=\"_blank\" rel=\"noopener\">Wyvern<\/a> &amp; <a href=\"https:\/\/ibac.org\/is-bao\" target=\"_blank\" rel=\"noopener\">Certificat ISBAO<\/a>.<\/p>\r\n\r\n\r\n\r\n<h2 class=\"wp-block-heading\"><span class=\"ez-toc-section\" id=\"Pilots\"><\/span>Pilo\u021bi<span class=\"ez-toc-section-end\"><\/span><\/h2>\r\n\r\n\r\n\r\n<p>Echipajul de zbor al Qatar Executive trece prin acela\u0219i curs de recrutare ca \u0219i echipajul Qatar Airways. Fiecare dintre pilo\u021bi are o experien\u021b\u0103 vast\u0103 \u00een zborul avioanelor de afaceri din \u00eentreaga lume, iar \u00eenso\u021bitorii de bord beneficiaz\u0103 de formare continu\u0103 pentru a garanta cele mai bune servicii \u0219i fiabilitate la bord.&nbsp;<\/p>\r\n\r\n\r\n\r\n<h2 class=\"wp-block-heading\"><span class=\"ez-toc-section\" id=\"Qatar_Executive_FBO\"><\/span>Qatar Executive FBO<span class=\"ez-toc-section-end\"><\/span><\/h2>\r\n\r\n\r\n\r\n<p>\u00cen 2011, Qatar Executive a lansat primul lor <a href=\"https:\/\/comparemyjet.com\/ro\/what-is-a-private-jet-fixed-base-operator-fbo\/\" data-internallinksmanager029f6b8e52c=\"19\" title=\"Ce este un operator de baz\u0103 fix\u0103 (FBO) pentru avioane private?\">FBO<\/a> (fixed base operator) \u0219i servicii de \u00eentre\u021binere pentru avioanele private care sosesc la Doha.&nbsp;<\/p>\r\n\r\n\r\n\r\n<p>Exist\u0103 o echip\u0103 serviabil\u0103 care r\u0103spunde nevoilor fiec\u0103rui client cu cea mai mare aten\u021bie, iar salonul FBO ofer\u0103 o varietate de facilit\u0103\u021bi, cum ar fi WiFi, b\u0103uturi, ziare \u0219i un mediu relaxant pentru a v\u0103 relaxa.<\/p>\r\n\r\n\r\n\r\n<p>Personalul FBO poate organiza servicii cum ar fi realimentarea cu combustibil, prognoze meteo, m\u00e2ncare, <a href=\"https:\/\/comparemyjet.com\/ro\/hotels\/\" data-internallinksmanager029f6b8e52c=\"470\" title=\"100 cele mai bune hoteluri din apropierea aeroporturilor din \u00eentreaga lume\">hotel<\/a> cazare \u0219i transport.<\/p>\r\n\r\n\r\n\r\n<p>Pute\u021bi vedea serviciile \u0219i pre\u021burile FBO pe urm\u0103toarele linkuri <a href=\"https:\/\/www.qatarexec.com.qa\/en\/Services\/VIPServiceDoha\" target=\"_blank\" rel=\"noopener\">link<\/a>.<\/p>\r\n\r\n\r\n\r\n<h2 class=\"wp-block-heading\"><span class=\"ez-toc-section\" id=\"Conclusion\"><\/span>Concluzie<span class=\"ez-toc-section-end\"><\/span><\/h2>\r\n\r\n\r\n\r\n<figure class=\"wp-block-image size-full is-style-default\"><img loading=\"lazy\" decoding=\"async\" width=\"1000\" height=\"667\" src=\"https:\/\/comparemyjet.com\/wp-content\/uploads\/2022\/09\/Qatar.Executive.jpg\" alt=\"\" class=\"wp-image-3250\" srcset=\"https:\/\/comparemyjet.com\/wp-content\/uploads\/2022\/09\/Qatar.Executive-18x12.jpg 18w, https:\/\/comparemyjet.com\/wp-content\/uploads\/2022\/09\/Qatar.Executive-300x200.jpg 300w, https:\/\/comparemyjet.com\/wp-content\/uploads\/2022\/09\/Qatar.Executive-768x512.jpg 768w, https:\/\/comparemyjet.com\/wp-content\/uploads\/2022\/09\/Qatar.Executive.jpg 1000w\" sizes=\"auto, (max-width: 1000px) 100vw, 1000px\" \/><\/figure>\r\n\r\n\r\n\r\n<p>De la \u00eenfiin\u021barea sa \u00een 2009, Qatar Executive a crescut rapid \u0219i a preluat conducerea \u00een furnizarea de servicii de transport aerian charter pentru persoane, organiza\u021bii \u0219i guverne. Ace\u0219tia ofer\u0103 zboruri charter c\u0103tre aproape orice loc de pe glob cu flota sa de \u0219ase avioane Bombardier Challenger 605 \u0219i Global noi, echipate impecabil, \u0219i ofer\u0103 clien\u021bilor s\u0103i servicii de \u00eenalt\u0103 calitate. Oferind at\u00e2t avioane comerciale, c\u00e2t \u0219i private, nu este de mirare c\u0103 Qatar Executive este una dintre companiile aeriene de top din lume.&nbsp;<\/p>","protected":false},"excerpt":{"rendered":"<p>Qatar Executive, cu sediul la Doha, cunoscut\u0103 pentru flota sa cu raz\u0103 lung\u0103 de ac\u021biune \u0219i pentru facilit\u0103\u021bile de lux de la bordul fiec\u0103rui zbor, opereaz\u0103 servicii de charter cu jet privat \u00een \u00eentreaga lume. Printre cele mai populare loca\u021bii pentru sosiri \u0219i plec\u0103ri de charter se num\u0103r\u0103: Din Qatar c\u0103tre SUA \u0219i Europa; Din Rusia c\u0103tre Asia de Est \u0219i de Sud-Est; Din Europa c\u0103tre Est \u0219i Vest ...<\/p>","protected":false},"author":2,"featured_media":3251,"parent":0,"menu_order":0,"comment_status":"closed","ping_status":"closed","template":"","meta":{"_acf_changed":false,"_genesis_hide_title":false,"_genesis_hide_breadcrumbs":false,"_genesis_hide_singular_image":false,"_genesis_hide_footer_widgets":false,"_genesis_custom_body_class":"","_genesis_custom_post_class":"","_genesis_layout":"","footnotes":""},"class_list":{"1":"page","2":"type-page","6":"entry"},"acf":[],"_links":{"self":[{"href":"https:\/\/comparemyjet.com\/ro\/wp-json\/wp\/v2\/pages\/3248","targetHints":{"allow":["GET"]}}],"collection":[{"href":"https:\/\/comparemyjet.com\/ro\/wp-json\/wp\/v2\/pages"}],"about":[{"href":"https:\/\/comparemyjet.com\/ro\/wp-json\/wp\/v2\/types\/page"}],"author":[{"embeddable":true,"href":"https:\/\/comparemyjet.com\/ro\/wp-json\/wp\/v2\/users\/2"}],"replies":[{"embeddable":true,"href":"https:\/\/comparemyjet.com\/ro\/wp-json\/wp\/v2\/comments?post=3248"}],"version-history":[{"count":2,"href":"https:\/\/comparemyjet.com\/ro\/wp-json\/wp\/v2\/pages\/3248\/revisions"}],"predecessor-version":[{"id":3462,"href":"https:\/\/comparemyjet.com\/ro\/wp-json\/wp\/v2\/pages\/3248\/revisions\/3462"}],"wp:featuredmedia":[{"embeddable":true,"href":"https:\/\/comparemyjet.com\/ro\/wp-json\/wp\/v2\/media\/3251"}],"wp:attachment":[{"href":"https:\/\/comparemyjet.com\/ro\/wp-json\/wp\/v2\/media?parent=3248"}],"curies":[{"name":"wp","href":"https:\/\/api.w.org\/{rel}","templated":true}]}}