{"id":3482,"date":"2022-10-03T23:23:31","date_gmt":"2022-10-03T23:23:31","guid":{"rendered":"https:\/\/comparemyjet.com\/?page_id=3482"},"modified":"2025-09-04T10:00:52","modified_gmt":"2025-09-04T10:00:52","slug":"starflight-aviation","status":"publish","type":"page","link":"https:\/\/comparemyjet.com\/ro\/starflight-aviation\/","title":{"rendered":"Starflight Aviation Pre\u021buri de zbor"},"content":{"rendered":"<p>Starflite Aviation este o companie charter privat\u0103 veteran\u0103 care opereaz\u0103 de peste 30 de ani. Aceast\u0103 companie cu sediul \u00een SUA are o clientel\u0103 global\u0103 \u0219i ofer\u0103 frecvent servicii de transport pentru muzicieni, arti\u0219ti, politicieni \u0219i alte categorii de clien\u021bi VIP.\u00a0<\/p>\r\n\r\n\r\n\r\n<p>S\u0103 vedem mai \u00een detaliu despre ce este vorba.\u00a0<\/p>\r\n\r\n\r\n\r\n<div id=\"ez-toc-container\" class=\"ez-toc-v2_0_76 counter-hierarchy ez-toc-counter ez-toc-grey ez-toc-container-direction\">\n<p class=\"ez-toc-title\" style=\"cursor:inherit\">Subiecte<\/p>\n<label for=\"ez-toc-cssicon-toggle-item-69ef753944669\" class=\"ez-toc-cssicon-toggle-label\"><span class=\"\"><span class=\"eztoc-hide\" style=\"display:none;\">Toggle<\/span><span class=\"ez-toc-icon-toggle-span\"><svg style=\"fill: #999;color:#999\" xmlns=\"http:\/\/www.w3.org\/2000\/svg\" class=\"list-377408\" width=\"20px\" height=\"20px\" viewbox=\"0 0 24 24\" fill=\"none\"><path d=\"M6 6H4v2h2V6zm14 0H8v2h12V6zM4 11h2v2H4v-2zm16 0H8v2h12v-2zM4 16h2v2H4v-2zm16 0H8v2h12v-2z\" fill=\"currentColor\"><\/path><\/svg><svg style=\"fill: #999;color:#999\" class=\"arrow-unsorted-368013\" xmlns=\"http:\/\/www.w3.org\/2000\/svg\" width=\"10px\" height=\"10px\" viewbox=\"0 0 24 24\" version=\"1.2\" baseprofile=\"tiny\"><path d=\"M18.2 9.3l-6.2-6.3-6.2 6.3c-.2.2-.3.4-.3.7s.1.5.3.7c.2.2.4.3.7.3h11c.3 0 .5-.1.7-.3.2-.2.3-.5.3-.7s-.1-.5-.3-.7zM5.8 14.7l6.2 6.3 6.2-6.3c.2-.2.3-.5.3-.7s-.1-.5-.3-.7c-.2-.2-.4-.3-.7-.3h-11c-.3 0-.5.1-.7.3-.2.2-.3.5-.3.7s.1.5.3.7z\"\/><\/svg><\/span><\/span><\/label><input type=\"checkbox\"  id=\"ez-toc-cssicon-toggle-item-69ef753944669\" checked aria-label=\"Toggle\" \/><nav><ul class='ez-toc-list ez-toc-list-level-1' ><li class='ez-toc-page-1 ez-toc-heading-level-2'><a class=\"ez-toc-link ez-toc-heading-1\" href=\"https:\/\/comparemyjet.com\/ro\/starflight-aviation\/#About_the_Company\" >Despre companie<\/a><\/li><li class='ez-toc-page-1 ez-toc-heading-level-2'><a class=\"ez-toc-link ez-toc-heading-2\" href=\"https:\/\/comparemyjet.com\/ro\/starflight-aviation\/#On-Demand_Charter\" >Carta la cerere<\/a><\/li><li class='ez-toc-page-1 ez-toc-heading-level-2'><a class=\"ez-toc-link ez-toc-heading-3\" href=\"https:\/\/comparemyjet.com\/ro\/starflight-aviation\/#Company_Jet_Card_Program\" >Programul de carduri Jet al companiei<\/a><\/li><li class='ez-toc-page-1 ez-toc-heading-level-2'><a class=\"ez-toc-link ez-toc-heading-4\" href=\"https:\/\/comparemyjet.com\/ro\/starflight-aviation\/#The_Fleet\" >Flota<\/a><\/li><li class='ez-toc-page-1 ez-toc-heading-level-2'><a class=\"ez-toc-link ez-toc-heading-5\" href=\"https:\/\/comparemyjet.com\/ro\/starflight-aviation\/#Starflight_Aviation_Carbon_Program\" >Programul Starflight Aviation Carbon\u00a0<\/a><\/li><li class='ez-toc-page-1 ez-toc-heading-level-2'><a class=\"ez-toc-link ez-toc-heading-6\" href=\"https:\/\/comparemyjet.com\/ro\/starflight-aviation\/#Conclusion\" >Concluzie<\/a><\/li><\/ul><\/nav><\/div>\n<h2 class=\"wp-block-heading\"><span class=\"ez-toc-section\" id=\"About_the_Company\"><\/span>Despre companie<span class=\"ez-toc-section-end\"><\/span><\/h2>\r\n\r\n\r\n\r\n<p>Starflight Aviation este o companie aerian\u0103 privat\u0103 care ofer\u0103 servicii de curierat \u0219i de transport de marf\u0103, precum \u0219i servicii charter private. Compania a fost \u00eenfiin\u021bat\u0103 la 13 iunie 1989 \u0219i are sediul central \u00een Farnborough, Hampshire.<\/p>\r\n\r\n\r\n\r\n<p>\u00centreprinderea organizeaz\u0103 zboruri charter pentru directori \u0219i VIP-uri, contract\u00e2nd avioane cu reac\u021bie, elicoptere \u0219i turbopropulsoare de la companii aeriene ter\u021be. Starflight Aviation deserve\u0219te clien\u021bi din \u00eentreaga lume, inclusiv din SUA, Marea Britanie \u0219i Europa. Ace\u0219tia ofer\u0103 o garan\u021bie de disponibilitate 100% cu o notificare de 24 de ore.<\/p>\r\n\r\n\r\n\r\n<h2 class=\"wp-block-heading\"><span class=\"ez-toc-section\" id=\"On-Demand_Charter\"><\/span>Carta la cerere<span class=\"ez-toc-section-end\"><\/span><\/h2>\r\n\r\n\r\n\r\n<figure class=\"wp-block-image size-full is-style-default\"><img loading=\"lazy\" decoding=\"async\" width=\"1000\" height=\"667\" class=\"wp-image-3137\" src=\"https:\/\/comparemyjet.com\/wp-content\/uploads\/2022\/07\/two.private.jet_.pilots.jpg\" alt=\"Starflight Aviation\" srcset=\"https:\/\/comparemyjet.com\/wp-content\/uploads\/2022\/07\/two.private.jet_.pilots-18x12.jpg 18w, https:\/\/comparemyjet.com\/wp-content\/uploads\/2022\/07\/two.private.jet_.pilots-300x200.jpg 300w, https:\/\/comparemyjet.com\/wp-content\/uploads\/2022\/07\/two.private.jet_.pilots-768x512.jpg 768w, https:\/\/comparemyjet.com\/wp-content\/uploads\/2022\/07\/two.private.jet_.pilots.jpg 1000w\" sizes=\"auto, (max-width: 1000px) 100vw, 1000px\" \/><\/figure>\r\n\r\n\r\n\r\n<p>Starflight Aviation este unul dintre cei mai renumi\u021bi brokeri de zboruri charter din zon\u0103, fiind \u00een activitate de 30 de ani. Indiferent dac\u0103 face\u021bi o plimbare rapid\u0103 cu elicopterul sau un zbor pe distan\u021be lungi cu un avion de lux, ve\u021bi avea parte doar de cele mai bune servicii, cele mai elegante interioare \u0219i o mul\u021bime de facilit\u0103\u021bi.\u00a0<\/p>\r\n\r\n\r\n\r\n<p>Compania a organizat \u0219i desf\u0103\u0219urat turnee interna\u021bionale pentru unii dintre cei mai faimo\u0219i arti\u0219ti \u0219i grupuri din istorie, de la forma\u021bii de o singur\u0103 persoan\u0103 la orchestre simfonice \u00eentregi. Dedicarea lor de a oferi servicii excelente \u0219i aten\u021bia neobosit\u0103 la detalii \u00eei diferen\u021biaz\u0103 de concuren\u021bi.<\/p>\r\n\r\n\r\n\r\n<p>Personalul Starflight Aviation ia \u00een considerare cu aten\u021bie cerin\u021bele dumneavoastr\u0103 de c\u0103l\u0103torie, inclusiv restric\u021biile alimentare \u0219i obiceiurile de citire a ziarelor, \u00eenainte de a v\u0103 aranja zborul.\u00a0<\/p>\r\n\r\n\r\n\r\n<h2 class=\"wp-block-heading\"><span class=\"ez-toc-section\" id=\"Company_Jet_Card_Program\"><\/span>Programul de carduri Jet al companiei<span class=\"ez-toc-section-end\"><\/span><\/h2>\r\n\r\n\r\n\r\n<p>Clien\u021bii care doresc o combina\u021bie de disponibilitate asigurat\u0103, condi\u021bii complet personalizabile \u0219i pre\u021buri all-inclusive, vor g\u0103si ceea ce caut\u0103 la Starflight Aviations'. <a href=\"https:\/\/flystarflight.com\/#jetcard\" target=\"_blank\" rel=\"noopener\">Solu\u021bia Jet Card<\/a>.\u00a0<\/p>\r\n\r\n\r\n\r\n<p>Starflight a creat unul dintre cele mai deschise \u0219i mai convenabile carduri Jet disponibile, elimin\u00e2nd costurile ulterioare zborului \u0219i limit\u0103rile contractuale \u00eent\u00e2lnite \u00een multe dintre ofertele rivalilor. Programul este una dintre cele mai bune op\u021biuni prepl\u0103tite de pe pia\u021b\u0103. Nu exist\u0103 limite de timp pentru utilizarea milelor \u0219i exist\u0103 economii pentru c\u0103l\u0103torii dus-\u00eentors \u0219i o garan\u021bie de returnare a banilor.<\/p>\r\n\r\n\r\n\r\n<p>Angajamentul fa\u021b\u0103 de scopul lor este demonstrat de includerea obi\u0219nuit\u0103 a lui <a href=\"https:\/\/flystarflight.com\/#carbon-programme\" target=\"_blank\" rel=\"noopener\">Programul Cool Earth Planet Positive<\/a>.<\/p>\r\n\r\n\r\n\r\n<h2 class=\"wp-block-heading\"><span class=\"ez-toc-section\" id=\"The_Fleet\"><\/span>Flota<span class=\"ez-toc-section-end\"><\/span><\/h2>\r\n\r\n\r\n\r\n<p>Starflight Aviation Limited este un broker pentru servicii de navlosire aerian\u0103, ceea ce \u00eenseamn\u0103 c\u0103 nu de\u021bine o flot\u0103 de avioane cu reac\u021bie. Compania colaboreaz\u0103 cu o re\u021bea mare de transportatori aerieni direc\u021bi ter\u021bi \u0219i transportatori aerieni interna\u021bionali direc\u021bi pentru a v\u0103 g\u0103si cel mai bun avion pentru c\u0103l\u0103toria dumneavoastr\u0103.<\/p>\r\n\r\n\r\n\r\n<p>Starflight tinde \u00eentotdeauna s\u0103 ofere servicii de prim\u0103 clas\u0103, indiferent dac\u0103 pasagerii s\u0103i fac o plimbare rapid\u0103 cu elicopterul sau un zbor pe distan\u021be lungi cu un avion de lux, motiv pentru care toate companiile aeriene ter\u021be de\u021bin licen\u021bele corespunz\u0103toare, care sunt necesare din punct de vedere legal.<\/p>\r\n\r\n\r\n\r\n<h2 class=\"wp-block-heading\"><span class=\"ez-toc-section\" id=\"Starflight_Aviation_Carbon_Program\"><\/span>Programul Starflight Aviation Carbon\u00a0<span class=\"ez-toc-section-end\"><\/span><\/h2>\r\n\r\n\r\n\r\n<figure class=\"wp-block-image size-full is-style-default\"><img loading=\"lazy\" decoding=\"async\" width=\"1000\" height=\"644\" class=\"wp-image-2974\" src=\"https:\/\/comparemyjet.com\/wp-content\/uploads\/2022\/06\/plane.in_.the_.sky_.against.polution.jpg\" alt=\"\" srcset=\"https:\/\/comparemyjet.com\/wp-content\/uploads\/2022\/06\/plane.in_.the_.sky_.against.polution-18x12.jpg 18w, https:\/\/comparemyjet.com\/wp-content\/uploads\/2022\/06\/plane.in_.the_.sky_.against.polution-300x193.jpg 300w, https:\/\/comparemyjet.com\/wp-content\/uploads\/2022\/06\/plane.in_.the_.sky_.against.polution-768x495.jpg 768w, https:\/\/comparemyjet.com\/wp-content\/uploads\/2022\/06\/plane.in_.the_.sky_.against.polution.jpg 1000w\" sizes=\"auto, (max-width: 1000px) 100vw, 1000px\" \/><\/figure>\r\n\r\n\r\n\r\n<p>Starlight Aviation a colaborat cu activi\u0219ti de mediu \u0219i organiza\u021bii caritabile din \u00eentreaga lume pentru a compensa efectele emisiilor de carbon.\u00a0<\/p>\r\n\r\n\r\n\r\n<p>\u00cen timp ce alte companii private de zboruri charter se concentreaz\u0103, de asemenea, pe compensarea amprentei de carbon, Starflight Aviation face un pas mai departe, extinz\u00e2ndu-\u0219i eforturile pentru a preveni defri\u0219\u0103rile, ajut\u00e2nd localnicii \u0219i oferind clien\u021bilor modalit\u0103\u021bi suplimentare de a controla efectul de mediu al c\u0103l\u0103toriilor lor.\u00a0<\/p>\r\n\r\n\r\n\r\n<p>Pentru a contribui la lupta \u00eempotriva defri\u0219\u0103rilor \u0219i pentru a ajuta comunit\u0103\u021bile indigene precum Ash\u00e1ninka din Amazonul peruan, Starflight Aviation a f\u0103cut echip\u0103 cu organiza\u021bia caritabil\u0103 inovatoare <a href=\"https:\/\/www.coolearth.org\/\" target=\"_blank\" rel=\"noopener\">P\u0103m\u00e2nt rece<\/a> \u00een 2009. Cool Earth \u0219i <a href=\"https:\/\/www.survivalinternational.org\/galleries\/ashaninka\" target=\"_blank\" rel=\"noopener\">Ash\u00e1ninka<\/a> au reu\u0219it s\u0103 colaboreze pentru a conserva aproape 10.000 de hectare de p\u0103dure tropical\u0103 \u00een Amazonul peruvian, deoarece p\u0103durile tropicale joac\u0103 un rol esen\u021bial \u00een temperarea efectelor crizei climatice.\u00a0<\/p>\r\n\r\n\r\n\r\n<p>Starflight Aviation a debutat cu noul program Planet Positive \u00een 2021, \u00een colaborare cu Cool Earth. Programul \u00ee\u0219i propune s\u0103 creeze resurse de venit sustenabile \u00een Africa pentru a \u00eembun\u0103t\u0103\u021bi condi\u021biile de via\u021b\u0103 ale oamenilor \u0219i pentru a contribui la conservarea p\u0103durilor din regiune.\u00a0<\/p>\r\n\r\n\r\n\r\n<p>Compania inten\u021bioneaz\u0103, de asemenea, s\u0103 implementeze programul Climate Neutral, \u00een cadrul c\u0103ruia clien\u021bii pot compensa toate emisiile de dioxid de carbon ale fiec\u0103rui zbor prin intermediul cooper\u0103rii cu organiza\u021bia non-profit MyClimate.<\/p>\r\n\r\n\r\n\r\n<h2 class=\"wp-block-heading\"><span class=\"ez-toc-section\" id=\"Conclusion\"><\/span>Concluzie<span class=\"ez-toc-section-end\"><\/span><\/h2>\r\n\r\n\r\n\r\n<p>Starflight Aviation a fost \u00eenfiin\u021bat\u0103 \u00een 1989 ca broker de zboruri charter pentru a satisface nevoile celebrit\u0103\u021bilor, politicienilor, muzicienilor \u0219i altor personalit\u0103\u021bi publice. Aten\u021bia la detalii a personalului \u00eel face unul dintre cei mai buni brokeri de chartere din \u00eentreaga lume.<\/p>\r\n\r\n\r\n\r\n<p>O parte din profiturile ob\u021binute din programul Jet Card al companiei este direc\u021bionat\u0103 c\u0103tre programul Carbon Responsible, pe care \u00eel implementeaz\u0103 pentru a conserva p\u0103durile tropicale din Amazonul peruan. Acest program este \u00een vigoare din 2009 \u0219i a ajutat la men\u021binerea \u00een siguran\u021b\u0103 a 8.500 de acri de p\u0103dure.<\/p>","protected":false},"excerpt":{"rendered":"<p>Starflite Aviation este o companie charter privat\u0103 veteran\u0103 care opereaz\u0103 de peste 30 de ani. Aceast\u0103 companie cu sediul \u00een SUA are o clientel\u0103 global\u0103 \u0219i ofer\u0103 frecvent servicii de transport pentru muzicieni, arti\u0219ti, politicieni \u0219i alte categorii de clien\u021bi VIP.  Haide\u021bi s\u0103 vedem mai \u00een detaliu despre ce este vorba.  Despre companie Starflight Aviation este o companie privat\u0103 ...<\/p>","protected":false},"author":2,"featured_media":3483,"parent":0,"menu_order":0,"comment_status":"closed","ping_status":"closed","template":"","meta":{"_acf_changed":false,"_genesis_hide_title":false,"_genesis_hide_breadcrumbs":false,"_genesis_hide_singular_image":false,"_genesis_hide_footer_widgets":false,"_genesis_custom_body_class":"","_genesis_custom_post_class":"","_genesis_layout":"","footnotes":""},"class_list":{"1":"page","2":"type-page","6":"entry"},"acf":[],"_links":{"self":[{"href":"https:\/\/comparemyjet.com\/ro\/wp-json\/wp\/v2\/pages\/3482","targetHints":{"allow":["GET"]}}],"collection":[{"href":"https:\/\/comparemyjet.com\/ro\/wp-json\/wp\/v2\/pages"}],"about":[{"href":"https:\/\/comparemyjet.com\/ro\/wp-json\/wp\/v2\/types\/page"}],"author":[{"embeddable":true,"href":"https:\/\/comparemyjet.com\/ro\/wp-json\/wp\/v2\/users\/2"}],"replies":[{"embeddable":true,"href":"https:\/\/comparemyjet.com\/ro\/wp-json\/wp\/v2\/comments?post=3482"}],"version-history":[{"count":6,"href":"https:\/\/comparemyjet.com\/ro\/wp-json\/wp\/v2\/pages\/3482\/revisions"}],"predecessor-version":[{"id":3513,"href":"https:\/\/comparemyjet.com\/ro\/wp-json\/wp\/v2\/pages\/3482\/revisions\/3513"}],"wp:featuredmedia":[{"embeddable":true,"href":"https:\/\/comparemyjet.com\/ro\/wp-json\/wp\/v2\/media\/3483"}],"wp:attachment":[{"href":"https:\/\/comparemyjet.com\/ro\/wp-json\/wp\/v2\/media?parent=3482"}],"curies":[{"name":"wp","href":"https:\/\/api.w.org\/{rel}","templated":true}]}}