{"id":3507,"date":"2022-10-07T01:01:16","date_gmt":"2022-10-07T01:01:16","guid":{"rendered":"https:\/\/comparemyjet.com\/?page_id=3507"},"modified":"2025-09-04T10:00:52","modified_gmt":"2025-09-04T10:00:52","slug":"linie-dreapta-privata-aer","status":"publish","type":"page","link":"https:\/\/comparemyjet.com\/ro\/linie-dreapta-privata-aer\/","title":{"rendered":"StraightLine Private Air Private Air Pre\u021buri de zbor"},"content":{"rendered":"<p>StraightLine Private Air este o companie de brokeraj charter care ajut\u0103 clien\u021bii s\u0103 g\u0103seasc\u0103 cel mai potrivit avion privat pentru c\u0103l\u0103toria lor. Serviciul de charter are parteneriate cu proprietari de avioane private \u0219i operatori ter\u021biari din SUA, ceea ce le permite s\u0103 foloseasc\u0103 o strategie dinamic\u0103 de stabilire a pre\u021burilor pentru a-\u0219i ajuta clien\u021bii s\u0103 se bucure de c\u0103l\u0103torii de lux rentabile.&nbsp;<\/p>\r\n\r\n\r\n\r\n<p>Haide\u021bi s\u0103 vedem despre ce este vorba.<\/p>\r\n\r\n\r\n\r\n<div id=\"ez-toc-container\" class=\"ez-toc-v2_0_76 counter-hierarchy ez-toc-counter ez-toc-grey ez-toc-container-direction\">\n<p class=\"ez-toc-title\" style=\"cursor:inherit\">Subiecte<\/p>\n<label for=\"ez-toc-cssicon-toggle-item-69e9d29127a36\" class=\"ez-toc-cssicon-toggle-label\"><span class=\"\"><span class=\"eztoc-hide\" style=\"display:none;\">Toggle<\/span><span class=\"ez-toc-icon-toggle-span\"><svg style=\"fill: #999;color:#999\" xmlns=\"http:\/\/www.w3.org\/2000\/svg\" class=\"list-377408\" width=\"20px\" height=\"20px\" viewbox=\"0 0 24 24\" fill=\"none\"><path d=\"M6 6H4v2h2V6zm14 0H8v2h12V6zM4 11h2v2H4v-2zm16 0H8v2h12v-2zM4 16h2v2H4v-2zm16 0H8v2h12v-2z\" fill=\"currentColor\"><\/path><\/svg><svg style=\"fill: #999;color:#999\" class=\"arrow-unsorted-368013\" xmlns=\"http:\/\/www.w3.org\/2000\/svg\" width=\"10px\" height=\"10px\" viewbox=\"0 0 24 24\" version=\"1.2\" baseprofile=\"tiny\"><path d=\"M18.2 9.3l-6.2-6.3-6.2 6.3c-.2.2-.3.4-.3.7s.1.5.3.7c.2.2.4.3.7.3h11c.3 0 .5-.1.7-.3.2-.2.3-.5.3-.7s-.1-.5-.3-.7zM5.8 14.7l6.2 6.3 6.2-6.3c.2-.2.3-.5.3-.7s-.1-.5-.3-.7c-.2-.2-.4-.3-.7-.3h-11c-.3 0-.5.1-.7.3-.2.2-.3.5-.3.7s.1.5.3.7z\"\/><\/svg><\/span><\/span><\/label><input type=\"checkbox\"  id=\"ez-toc-cssicon-toggle-item-69e9d29127a36\" checked aria-label=\"Toggle\" \/><nav><ul class='ez-toc-list ez-toc-list-level-1' ><li class='ez-toc-page-1 ez-toc-heading-level-2'><a class=\"ez-toc-link ez-toc-heading-1\" href=\"https:\/\/comparemyjet.com\/ro\/linie-dreapta-privata-aer\/#About_the_Company\" >Despre companie<\/a><\/li><li class='ez-toc-page-1 ez-toc-heading-level-2'><a class=\"ez-toc-link ez-toc-heading-2\" href=\"https:\/\/comparemyjet.com\/ro\/linie-dreapta-privata-aer\/#Membership_Programs\" >Programe de membru<\/a><\/li><li class='ez-toc-page-1 ez-toc-heading-level-2'><a class=\"ez-toc-link ez-toc-heading-3\" href=\"https:\/\/comparemyjet.com\/ro\/linie-dreapta-privata-aer\/#Company_Jet_Card_Programs\" >Programe de carduri Jet pentru companii<\/a><ul class='ez-toc-list-level-3' ><li class='ez-toc-heading-level-3'><a class=\"ez-toc-link ez-toc-heading-4\" href=\"https:\/\/comparemyjet.com\/ro\/linie-dreapta-privata-aer\/#1_StraightLines_Silver_Jet_Card\" >1. Cardul Silver Jet StraightLine<\/a><\/li><li class='ez-toc-page-1 ez-toc-heading-level-3'><a class=\"ez-toc-link ez-toc-heading-5\" href=\"https:\/\/comparemyjet.com\/ro\/linie-dreapta-privata-aer\/#2_StraightLines_Platinum_Card\" >2. Cardul Platinum StraightLine's Platinum Card<\/a><\/li><li class='ez-toc-page-1 ez-toc-heading-level-3'><a class=\"ez-toc-link ez-toc-heading-6\" href=\"https:\/\/comparemyjet.com\/ro\/linie-dreapta-privata-aer\/#3_StraightLines_Black_Card\" >3. Cartea neagr\u0103 a lui StraightLine<\/a><\/li><\/ul><\/li><li class='ez-toc-page-1 ez-toc-heading-level-2'><a class=\"ez-toc-link ez-toc-heading-7\" href=\"https:\/\/comparemyjet.com\/ro\/linie-dreapta-privata-aer\/#The_Fleet\" >Flota&nbsp;<\/a><ul class='ez-toc-list-level-3' ><li class='ez-toc-heading-level-3'><a class=\"ez-toc-link ez-toc-heading-8\" href=\"https:\/\/comparemyjet.com\/ro\/linie-dreapta-privata-aer\/#1_Piston_Propellers\" >1. Elicele cu piston&nbsp;<\/a><ul class='ez-toc-list-level-4' ><li class='ez-toc-heading-level-4'><a class=\"ez-toc-link ez-toc-heading-9\" href=\"https:\/\/comparemyjet.com\/ro\/linie-dreapta-privata-aer\/#Piston_Propellers_Specifications\" >Specifica\u021bii pentru elicele cu piston<\/a><\/li><\/ul><\/li><li class='ez-toc-page-1 ez-toc-heading-level-3'><a class=\"ez-toc-link ez-toc-heading-10\" href=\"https:\/\/comparemyjet.com\/ro\/linie-dreapta-privata-aer\/#2_Turboprops\" >2. Turbopropulsoare<\/a><ul class='ez-toc-list-level-4' ><li class='ez-toc-heading-level-4'><a class=\"ez-toc-link ez-toc-heading-11\" href=\"https:\/\/comparemyjet.com\/ro\/linie-dreapta-privata-aer\/#Turboprops_Specifications\" >Specifica\u021bii Turboprops<\/a><\/li><\/ul><\/li><li class='ez-toc-page-1 ez-toc-heading-level-3'><a class=\"ez-toc-link ez-toc-heading-12\" href=\"https:\/\/comparemyjet.com\/ro\/linie-dreapta-privata-aer\/#3_Very_Light_and_Light_Private_Jets\" >3. Avioane private foarte u\u0219oare \u0219i u\u0219oare<\/a><ul class='ez-toc-list-level-4' ><li class='ez-toc-heading-level-4'><a class=\"ez-toc-link ez-toc-heading-13\" href=\"https:\/\/comparemyjet.com\/ro\/linie-dreapta-privata-aer\/#Light_and_Very_Light_Jets_Specifications\" >Specifica\u021bii pentru jeturi u\u0219oare \u0219i foarte u\u0219oare<\/a><\/li><\/ul><\/li><li class='ez-toc-page-1 ez-toc-heading-level-3'><a class=\"ez-toc-link ez-toc-heading-14\" href=\"https:\/\/comparemyjet.com\/ro\/linie-dreapta-privata-aer\/#4_Midsize_and_Super-Midsize_Private_Jets\" >4. Avioane private de dimensiuni medii \u0219i supermediane&nbsp;<\/a><ul class='ez-toc-list-level-4' ><li class='ez-toc-heading-level-4'><a class=\"ez-toc-link ez-toc-heading-15\" href=\"https:\/\/comparemyjet.com\/ro\/linie-dreapta-privata-aer\/#Midsize_and_Super-Midsize_Jets_Specifications\" >Specifica\u021bii pentru avioanele de dimensiuni medii \u0219i supermijlocii<\/a><\/li><\/ul><\/li><li class='ez-toc-page-1 ez-toc-heading-level-3'><a class=\"ez-toc-link ez-toc-heading-16\" href=\"https:\/\/comparemyjet.com\/ro\/linie-dreapta-privata-aer\/#5_Large_Private_Jets\" >5. Avioane private mari<\/a><ul class='ez-toc-list-level-4' ><li class='ez-toc-heading-level-4'><a class=\"ez-toc-link ez-toc-heading-17\" href=\"https:\/\/comparemyjet.com\/ro\/linie-dreapta-privata-aer\/#Large_Jets_Specifications\" >Specifica\u021bii pentru jeturi mari<\/a><\/li><\/ul><\/li><\/ul><\/li><li class='ez-toc-page-1 ez-toc-heading-level-2'><a class=\"ez-toc-link ez-toc-heading-18\" href=\"https:\/\/comparemyjet.com\/ro\/linie-dreapta-privata-aer\/#Company_Safety_Policy_and_Standards\" >Politica \u0219i standardele de siguran\u021b\u0103 ale companiei<\/a><\/li><li class='ez-toc-page-1 ez-toc-heading-level-2'><a class=\"ez-toc-link ez-toc-heading-19\" href=\"https:\/\/comparemyjet.com\/ro\/linie-dreapta-privata-aer\/#Conclusion\" >Concluzie<\/a><\/li><\/ul><\/nav><\/div>\n<h2 class=\"wp-block-heading\"><span class=\"ez-toc-section\" id=\"About_the_Company\"><\/span>Despre companie<span class=\"ez-toc-section-end\"><\/span><\/h2>\r\n\r\n\r\n\r\n<p>Un nou juc\u0103tor inovator pe pia\u021ba cardurilor de avion, StraightLine a fost creat \u00een 2016 de Tom Filippini, cofondator al Exclusive Resorts.&nbsp;<\/p>\r\n\r\n\r\n\r\n<p>Companiile care se adreseaz\u0103 celor ultra-boga\u021bi sunt cunoscute pentru abord\u0103rile lor cu pre\u021buri ridicate (cum ar fi trimiterea de co\u0219uri de fructe). Acestea creeaz\u0103 pagini de destina\u021bie specifice fiec\u0103rei persoane care se adreseaz\u0103 direct acestui public \u021bint\u0103, r\u0103spunz\u00e2nd cerin\u021belor lor unice. StraightLine Private Air \u021binte\u0219te ace\u0219ti oameni online pe baza intereselor lor \u0219i \u00eei transform\u0103 \u00een clien\u021bi poten\u021biali la o frac\u021biune din costul tacticilor tradi\u021bionale.<\/p>\r\n\r\n\r\n\r\n<p>Biroul principal al StraightLine Private Air este \u00een <a href=\"https:\/\/comparemyjet.com\/ro\/tururi-private\/denver-private-tours\/\" data-internallinksmanager029f6b8e52c=\"410\" title=\"11 cele mai bune tururi private \u00een Denver de la $49.00\">Denver<\/a>, Colorado. Compania de avioane private ofer\u0103 servicii pe \u00eentreg teritoriul Statelor Unite \u0219i folose\u0219te o strategie dinamic\u0103 de stabilire a pre\u021burilor, bazat\u0103 pe condi\u021biile de pia\u021b\u0103 \u00een continu\u0103 schimbare.<\/p>\r\n\r\n\r\n\r\n<h2 class=\"wp-block-heading\"><span class=\"ez-toc-section\" id=\"Membership_Programs\"><\/span>Programe de membru<span class=\"ez-toc-section-end\"><\/span><\/h2>\r\n\r\n\r\n\r\n<p>Pentru a deveni membru, clien\u021bii trebuie s\u0103 pl\u0103teasc\u0103 o tax\u0103 de $100.000, $200.000 sau $300.000. Nu exist\u0103 costuri ascunse sau alte comisioane; \u00eentreaga sum\u0103 pe care membrii o investesc este destinat\u0103 biletelor de avion. Membrii pot alege ce aeronav\u0103 s\u0103 foloseasc\u0103 pentru fiecare c\u0103l\u0103torie \u0219i pot pl\u0103ti pentru zborurile lor \u00een mod individual.&nbsp;<\/p>\r\n\r\n\r\n\r\n<p>StraightLine Private Air se str\u0103duie\u0219te s\u0103 g\u0103seasc\u0103 cel mai mic pre\u021b pentru fiecare zbor. \u00cen loc s\u0103 pl\u0103teasc\u0103 o sum\u0103 fix\u0103 care poate sau nu s\u0103 acopere toate costurile, membrii pl\u0103tesc doar pentru zborurile pe care le efectueaz\u0103.<\/p>\r\n\r\n\r\n\r\n<p>Pre\u021burile c\u0103l\u0103toriilor depind de diver\u0219i factori, inclusiv tariful orar al aeronavei, taxele de aeroport, taxele de manipulare a m\u0103rfurilor \u0219i salariile pilo\u021bilor \u0219i \u00eenso\u021bitorilor de bord. Unul dintre factorii esen\u021biali \u00een costul total este costul de operare al avionului pe or\u0103 de zbor. Toate taxele \u0219i suprataxele sunt incluse \u00een pre\u021burile StraightLine Private Flights.<\/p>\r\n\r\n\r\n\r\n<p>StraightLine Private Air va debita conturile membrilor \u00een func\u021bie de fiecare c\u0103l\u0103torie, iar membrii pot ad\u0103uga fonduri \u00een orice moment.<\/p>\r\n\r\n\r\n\r\n<h2 class=\"wp-block-heading\"><span class=\"ez-toc-section\" id=\"Company_Jet_Card_Programs\"><\/span>Programe de carduri Jet pentru companii<span class=\"ez-toc-section-end\"><\/span><\/h2>\r\n\r\n\r\n\r\n<p>Exist\u0103 trei tipuri de carduri de avion disponibile de c\u0103tre StraightLine Private Air. S\u0103 vedem despre ce este vorba.<\/p>\r\n\r\n\r\n\r\n<h3 class=\"wp-block-heading\"><span class=\"ez-toc-section\" id=\"1_StraightLines_Silver_Jet_Card\"><\/span>1. Cardul Silver Jet StraightLine<span class=\"ez-toc-section-end\"><\/span><\/h3>\r\n\r\n\r\n\r\n<p>Taxa de participare la Silver Jet Card este cea mai mic\u0103 dintre cele trei, de $100.000. Membrii vor primi un ambasador de zbor dedicat \u0219i acces deplin la toate categoriile de aeronave. Nu exist\u0103 date de interdic\u021bie \u0219i nu exist\u0103 suprataxe pentru zilele de v\u00e2rf. Cardul este valabil timp de 18 luni.<\/p>\r\n\r\n\r\n\r\n<h3 class=\"wp-block-heading\"><span class=\"ez-toc-section\" id=\"2_StraightLines_Platinum_Card\"><\/span>2. Cardul Platinum StraightLine's Platinum Card<span class=\"ez-toc-section-end\"><\/span><\/h3>\r\n\r\n\r\n\r\n<p>Cardul Platinum cost\u0103 $200.000 \u0219i este ideal pentru familiile care au itinerarii mai flexibile. Membrii \u0219i membrii apropia\u021bi ai familiei lor beneficiaz\u0103 de toate avantajele cardului Silver Jet Card, iar un pasager principal alternativ poate folosi, de asemenea, cardul de avion. Nu exist\u0103 o dat\u0103 de expirare \u0219i nu se fac ramburs\u0103ri.<\/p>\r\n\r\n\r\n\r\n<h3 class=\"wp-block-heading\"><span class=\"ez-toc-section\" id=\"3_StraightLines_Black_Card\"><\/span>3. Cartea neagr\u0103 a lui StraightLine<span class=\"ez-toc-section-end\"><\/span><\/h3>\r\n\r\n\r\n\r\n<p>Cardul negru cost\u0103 $300.000 \u0219i este cea mai popular\u0103 alegere \u00een r\u00e2ndul clien\u021bilor. Membrii vor beneficia de toate avantajele cardului Platinum Jet Card \u0219i pot numi cinci pasageri principali alternativi care s\u0103 foloseasc\u0103 cardul de avion. Nu exist\u0103 o dat\u0103 de expirare.<\/p>\r\n\r\n\r\n\r\n<h2 class=\"wp-block-heading\"><span class=\"ez-toc-section\" id=\"The_Fleet\"><\/span>Flota&nbsp;<span class=\"ez-toc-section-end\"><\/span><\/h2>\r\n\r\n\r\n\r\n<figure class=\"wp-block-image size-full is-style-default\"><img loading=\"lazy\" decoding=\"async\" width=\"1000\" height=\"667\" src=\"https:\/\/comparemyjet.com\/wp-content\/uploads\/2022\/10\/plane.leaving.a.trace_.in_.the_.clouds-2.jpg\" alt=\"StraightLine Private Air\" class=\"wp-image-3509\" srcset=\"https:\/\/comparemyjet.com\/wp-content\/uploads\/2022\/10\/plane.leaving.a.trace_.in_.the_.clouds-2-18x12.jpg 18w, https:\/\/comparemyjet.com\/wp-content\/uploads\/2022\/10\/plane.leaving.a.trace_.in_.the_.clouds-2-300x200.jpg 300w, https:\/\/comparemyjet.com\/wp-content\/uploads\/2022\/10\/plane.leaving.a.trace_.in_.the_.clouds-2-768x512.jpg 768w, https:\/\/comparemyjet.com\/wp-content\/uploads\/2022\/10\/plane.leaving.a.trace_.in_.the_.clouds-2.jpg 1000w\" sizes=\"auto, (max-width: 1000px) 100vw, 1000px\" \/><\/figure>\r\n\r\n\r\n\r\n<p>StraightLine nu de\u021bine o flot\u0103 \u0219i ob\u021bine aeronavele de la operatori ter\u021bi de avioane private. StraightLine are parteneriate cu proprietari de avioane private din Statele Unite \u0219i \u00eenchiriaz\u0103 avioane pentru a oferi clien\u021bilor servicii convenabile \u0219i rentabile.<\/p>\r\n\r\n\r\n\r\n<h3 class=\"wp-block-heading\"><span class=\"ez-toc-section\" id=\"1_Piston_Propellers\"><\/span>1. Elicele cu piston&nbsp;<span class=\"ez-toc-section-end\"><\/span><\/h3>\r\n\r\n\r\n\r\n<p>Pasagerii pot zbura cu elice cu piston contemporane pentru a economisi bani f\u0103r\u0103 a sacrifica confortul. O elice cu piston este o alegere excelent\u0103 pentru c\u0103l\u0103torii rapide, indiferent dac\u0103 c\u0103l\u0103tori\u021bi singur sau cu un grup mic. Avioanele cu piston pot decola \u0219i ateriza pe aproape orice aerodrom.<\/p>\r\n\r\n\r\n\r\n<h4 class=\"wp-block-heading\"><span class=\"ez-toc-section\" id=\"Piston_Propellers_Specifications\"><\/span>Specifica\u021bii pentru elicele cu piston<span class=\"ez-toc-section-end\"><\/span><\/h4>\r\n\r\n\r\n\r\n<p>Elicele cu piston pot g\u0103zdui p\u00e2n\u0103 la patru pasageri. Acestea au o autonomie maxim\u0103 de zbor de 500 de mile \u0219i o vitez\u0103 de croazier\u0103 de 250 mph. Pre\u021bul mediu orar pentru membrii StraightLine Private Air variaz\u0103 \u00eentre $950 \u0219i $1.950.<\/p>\r\n\r\n\r\n\r\n<h3 class=\"wp-block-heading\"><span class=\"ez-toc-section\" id=\"2_Turboprops\"><\/span>2. Turbopropulsoare<span class=\"ez-toc-section-end\"><\/span><\/h3>\r\n\r\n\r\n\r\n<p>Pasagerii pot zbura pe distan\u021be scurte \u0219i medii cu aeronave cu turbopropulsie. Aceste aeronave rentabile sunt perfecte pentru diverse c\u0103l\u0103torii, deoarece pot oferi acces la aeroporturi mai mici pe care avioanele mai mari nu le pot utiliza.<\/p>\r\n\r\n\r\n\r\n<h4 class=\"wp-block-heading\"><span class=\"ez-toc-section\" id=\"Turboprops_Specifications\"><\/span>Specifica\u021bii Turboprops<span class=\"ez-toc-section-end\"><\/span><\/h4>\r\n\r\n\r\n\r\n<p>Turbopropulsoarele pot g\u0103zdui p\u00e2n\u0103 la opt pasageri. Acestea au o autonomie maxim\u0103 de zbor de 1.250 de mile \u0219i o vitez\u0103 de croazier\u0103 de 350 mph. Pre\u021bul mediu pe or\u0103 pentru membrii StraightLine Private Air variaz\u0103 \u00eentre $3.450 \u0219i $4.950.<\/p>\r\n\r\n\r\n\r\n<h3 class=\"wp-block-heading\"><span class=\"ez-toc-section\" id=\"3_Very_Light_and_Light_Private_Jets\"><\/span>3. Avioane private foarte u\u0219oare \u0219i u\u0219oare<span class=\"ez-toc-section-end\"><\/span><\/h3>\r\n\r\n\r\n\r\n<p>Avioanele cu reac\u021bie foarte u\u0219oare sunt o alegere popular\u0103 pentru pasagerii care zboar\u0103 pe distan\u021be scurte \u0219i intermediare. Avioanele cu reac\u021bie u\u0219oare sunt frecvent alese pentru c\u0103l\u0103torii care dureaz\u0103 \u00eentre trei \u0219i patru ore \u0219i pot parcurge 1.500 de mile f\u0103r\u0103 a face o pauz\u0103 la boxe.&nbsp;<\/p>\r\n\r\n\r\n\r\n<h4 class=\"wp-block-heading\"><span class=\"ez-toc-section\" id=\"Light_and_Very_Light_Jets_Specifications\"><\/span>Specifica\u021bii pentru jeturi u\u0219oare \u0219i foarte u\u0219oare<span class=\"ez-toc-section-end\"><\/span><\/h4>\r\n\r\n\r\n\r\n<p>Avioanele foarte u\u0219oare pot g\u0103zdui patru sau cinci pasageri \u0219i pot zbura cu o vitez\u0103 maxim\u0103 de croazier\u0103 de 450 mph \u0219i o autonomie maxim\u0103 de zbor de 750 de mile. Pre\u021bul mediu pe or\u0103 pentru membrii StraightLine Private Air variaz\u0103 \u00eentre $3.950 \u0219i $5.250.<\/p>\r\n\r\n\r\n\r\n<p>Avioanele u\u0219oare pot g\u0103zdui p\u00e2n\u0103 la opt pasageri \u0219i pot zbura cu o vitez\u0103 maxim\u0103 de croazier\u0103 de 500 mph \u0219i o autonomie maxim\u0103 de zbor de 1.500 de mile. Pre\u021bul mediu pe or\u0103 pentru membrii StraightLine Private Air variaz\u0103 \u00eentre $4.250 \u0219i $5.950.<\/p>\r\n\r\n\r\n\r\n<h3 class=\"wp-block-heading\"><span class=\"ez-toc-section\" id=\"4_Midsize_and_Super-Midsize_Private_Jets\"><\/span>4. Avioane private de dimensiuni medii \u0219i supermediane&nbsp;<span class=\"ez-toc-section-end\"><\/span><\/h3>\r\n\r\n\r\n\r\n<p>Avioanele de dimensiuni medii ofer\u0103 o autonomie de zbor mai mare \u0219i o cabin\u0103 mai spa\u021bioas\u0103 dec\u00e2t avioanele u\u0219oare. Aceste avioane dispun, de obicei, de divane spa\u021bioase pentru confortul pasagerilor, precum \u0219i de buc\u0103t\u0103rii \u0219i toalete extinse.<\/p>\r\n\r\n\r\n\r\n<p>Avioanele cu reac\u021bie de dimensiuni medii au o raz\u0103 de ac\u021biune mai mare dec\u00e2t cele de dimensiuni medii \u0219i cabine mai spa\u021bioase. Aceste aeronave reprezint\u0103 o alternativ\u0103 rentabil\u0103 \u0219i eficient\u0103 din punct de vedere al consumului de combustibil la avioanele mari, deoarece pot zbura pe distan\u021be lungi.&nbsp;<\/p>\r\n\r\n\r\n\r\n<h4 class=\"wp-block-heading\"><span class=\"ez-toc-section\" id=\"Midsize_and_Super-Midsize_Jets_Specifications\"><\/span>Specifica\u021bii pentru avioanele de dimensiuni medii \u0219i supermijlocii<span class=\"ez-toc-section-end\"><\/span><\/h4>\r\n\r\n\r\n\r\n<p>Avioanele de dimensiuni medii pot g\u0103zdui p\u00e2n\u0103 la zece pasageri \u0219i pot zbura cu o vitez\u0103 maxim\u0103 de croazier\u0103 de 550 mph \u0219i o autonomie maxim\u0103 de zbor de 3.000 de mile. Pre\u021bul mediu pe or\u0103 pentru membrii StraightLine Private Air variaz\u0103 \u00eentre $5.950 \u0219i $7.450.<\/p>\r\n\r\n\r\n\r\n<p>Avioanele cu reac\u021bie de dimensiuni medii pot g\u0103zdui p\u00e2n\u0103 la 12 pasageri \u0219i pot zbura cu o vitez\u0103 maxim\u0103 de croazier\u0103 de 600 mph \u0219i o autonomie maxim\u0103 de zbor de 4.500 mile. Pre\u021bul mediu pe or\u0103 pentru membrii StraightLine Private Air variaz\u0103 \u00eentre $6.250 \u0219i $8.950.<\/p>\r\n\r\n\r\n\r\n<h3 class=\"wp-block-heading\"><span class=\"ez-toc-section\" id=\"5_Large_Private_Jets\"><\/span>5. Avioane private mari<span class=\"ez-toc-section-end\"><\/span><\/h3>\r\n\r\n\r\n\r\n<p>Avioanele private mari, cunoscute sub numele de avioane grele, se disting prin dimensiunile lor imense \u0219i confortul ridicat. Facilit\u0103\u021bile din aceast\u0103 clas\u0103 sunt practic nelimitate, iar autonomia de zbor permite mai mult de 12 ore de zbor f\u0103r\u0103 escal\u0103.&nbsp;<\/p>\r\n\r\n\r\n\r\n<p>Avioanele sunt dotate cu Wi-Fi \u0219i sisteme de divertisment, iar amenajarea interioar\u0103 poate fi configurat\u0103 pentru \u00eent\u00e2lniri de afaceri sau pentru op\u021biuni de divertisment.<\/p>\r\n\r\n\r\n\r\n<h4 class=\"wp-block-heading\"><span class=\"ez-toc-section\" id=\"Large_Jets_Specifications\"><\/span>Specifica\u021bii pentru jeturi mari<span class=\"ez-toc-section-end\"><\/span><\/h4>\r\n\r\n\r\n\r\n<p>Avioanele mari pot g\u0103zdui p\u00e2n\u0103 la 16 pasageri \u0219i pot zbura cu o vitez\u0103 maxim\u0103 de croazier\u0103 de 650 mph \u0219i o autonomie maxim\u0103 de zbor de 6.500 mile. Pre\u021bul mediu pe or\u0103 pentru membrii StraightLine Private Air variaz\u0103 \u00eentre $7.950 \u0219i $12.950.<\/p>\r\n\r\n\r\n\r\n<h2 class=\"wp-block-heading\"><span class=\"ez-toc-section\" id=\"Company_Safety_Policy_and_Standards\"><\/span>Politica \u0219i standardele de siguran\u021b\u0103 ale companiei<span class=\"ez-toc-section-end\"><\/span><\/h2>\r\n\r\n\r\n\r\n<figure class=\"wp-block-image size-full is-style-default\"><img loading=\"lazy\" decoding=\"async\" width=\"1000\" height=\"442\" src=\"https:\/\/comparemyjet.com\/wp-content\/uploads\/2022\/09\/little.plane_.in_.the_.hand_.of_.a.businessman.jpg\" alt=\"\" class=\"wp-image-3335\" srcset=\"https:\/\/comparemyjet.com\/wp-content\/uploads\/2022\/09\/little.plane_.in_.the_.hand_.of_.a.businessman-18x8.jpg 18w, https:\/\/comparemyjet.com\/wp-content\/uploads\/2022\/09\/little.plane_.in_.the_.hand_.of_.a.businessman-300x133.jpg 300w, https:\/\/comparemyjet.com\/wp-content\/uploads\/2022\/09\/little.plane_.in_.the_.hand_.of_.a.businessman-768x339.jpg 768w, https:\/\/comparemyjet.com\/wp-content\/uploads\/2022\/09\/little.plane_.in_.the_.hand_.of_.a.businessman.jpg 1000w\" sizes=\"auto, (max-width: 1000px) 100vw, 1000px\" \/><\/figure>\r\n\r\n\r\n\r\n<p>StraightLine \u00eendepline\u0219te cerin\u021bele <a href=\"https:\/\/www.faa.gov\/\" target=\"_blank\" rel=\"noopener\">FAA<\/a>pentru opera\u021biunile charter. Compania utilizeaz\u0103 numai aeronave aprobate de FAA, din FAR (Federal Aviation Regulations) Part 135 Charter Operators.&nbsp;<\/p>\r\n\r\n\r\n\r\n<p>Zborurile sunt efectuate sub autoritatea opera\u021bional\u0103 a operatorilor charter StraightLine Private Air, care angajeaz\u0103 pilo\u021bii, se ocup\u0103 de \u00eentre\u021binere \u0219i opereaz\u0103 avioanele.&nbsp;<\/p>\r\n\r\n\r\n\r\n<p>StraightLine lucreaz\u0103 \u00eendeaproape cu cele mai bune companii charter din domeniu \u0219i utilizeaz\u0103 numai aeronave care au trecut inspec\u021biile fie de c\u0103tre <a href=\"https:\/\/www.wyvernltd.com\/\" target=\"_blank\" rel=\"noopener\">Wyvern <\/a>sau <a href=\"https:\/\/www.argus.aero\/\" target=\"_blank\" rel=\"noopener\">ARGUS<\/a> pentru a garanta siguran\u021ba pasagerilor.&nbsp;<\/p>\r\n\r\n\r\n\r\n<h2 class=\"wp-block-heading\"><span class=\"ez-toc-section\" id=\"Conclusion\"><\/span>Concluzie<span class=\"ez-toc-section-end\"><\/span><\/h2>\r\n\r\n\r\n\r\n<p>\u00cenfiin\u021bat\u0103 \u00een 2016, StraightLine Private Air organizeaz\u0103 zboruri pentru clien\u021bi cu aeronave de la operatori charter ter\u021bi. Clien\u021bii pot \u00eenchiria oric\u00e2nd o gam\u0103 larg\u0103 de aeronave, de la cele cu elice cu piston la avioane grele.&nbsp;<\/p>\r\n\r\n\r\n\r\n<p>Membrii programului StraightLine Private Air, bazat pe depozite, pot alege tipul de aeronav\u0103 care le satisface cel mai bine nevoile pentru fiecare c\u0103l\u0103torie. Programul este ideal pentru c\u0103l\u0103torii frecven\u021bi care inten\u021bioneaz\u0103 s\u0103 utilizeze mai multe tipuri de aeronave.&nbsp;<\/p>","protected":false},"excerpt":{"rendered":"<p>StraightLine Private Air este o companie de brokeraj charter care ajut\u0103 clien\u021bii s\u0103 g\u0103seasc\u0103 cel mai potrivit avion privat pentru c\u0103l\u0103toria lor. Serviciul de charter are parteneriate cu proprietari de avioane private \u0219i operatori ter\u021biari din SUA, ceea ce le permite s\u0103 foloseasc\u0103 o strategie dinamic\u0103 de stabilire a pre\u021burilor pentru a-\u0219i ajuta clien\u021bii s\u0103 se bucure de c\u0103l\u0103torii de lux rentabile.  S\u0103 vedem ce ...<\/p>","protected":false},"author":2,"featured_media":3508,"parent":0,"menu_order":0,"comment_status":"closed","ping_status":"closed","template":"","meta":{"_acf_changed":false,"_genesis_hide_title":false,"_genesis_hide_breadcrumbs":false,"_genesis_hide_singular_image":false,"_genesis_hide_footer_widgets":false,"_genesis_custom_body_class":"","_genesis_custom_post_class":"","_genesis_layout":"","footnotes":""},"class_list":{"1":"page","2":"type-page","6":"entry"},"acf":[],"_links":{"self":[{"href":"https:\/\/comparemyjet.com\/ro\/wp-json\/wp\/v2\/pages\/3507","targetHints":{"allow":["GET"]}}],"collection":[{"href":"https:\/\/comparemyjet.com\/ro\/wp-json\/wp\/v2\/pages"}],"about":[{"href":"https:\/\/comparemyjet.com\/ro\/wp-json\/wp\/v2\/types\/page"}],"author":[{"embeddable":true,"href":"https:\/\/comparemyjet.com\/ro\/wp-json\/wp\/v2\/users\/2"}],"replies":[{"embeddable":true,"href":"https:\/\/comparemyjet.com\/ro\/wp-json\/wp\/v2\/comments?post=3507"}],"version-history":[{"count":2,"href":"https:\/\/comparemyjet.com\/ro\/wp-json\/wp\/v2\/pages\/3507\/revisions"}],"predecessor-version":[{"id":3552,"href":"https:\/\/comparemyjet.com\/ro\/wp-json\/wp\/v2\/pages\/3507\/revisions\/3552"}],"wp:featuredmedia":[{"embeddable":true,"href":"https:\/\/comparemyjet.com\/ro\/wp-json\/wp\/v2\/media\/3508"}],"wp:attachment":[{"href":"https:\/\/comparemyjet.com\/ro\/wp-json\/wp\/v2\/media?parent=3507"}],"curies":[{"name":"wp","href":"https:\/\/api.w.org\/{rel}","templated":true}]}}